{"id":9298,"date":"2026-04-27T15:08:15","date_gmt":"2026-04-27T15:08:15","guid":{"rendered":""},"modified":"2026-04-27T15:08:15","modified_gmt":"2026-04-27T15:08:15","slug":"mexen-s-lunar-l-sprchovy-kout-ctvrtkruh-kridlovy-100-x-100-transparent-zlato-kartacovana-833l-100l-100p-55-00-kup-ted-9298","status":"publish","type":"product","link":"https:\/\/www.domstavpro.com\/index.php\/produkt\/mexen-s-lunar-l-sprchovy-kout-ctvrtkruh-kridlovy-100-x-100-transparent-zlato-kartacovana-833l-100l-100p-55-00-kup-ted-9298\/","title":{"rendered":"MEXEN\/S &#8211; Lunar L sprchov\u00fd kout \u010dtvrtkruh k\u0159\u00eddlov\u00fd 100 x 100, transparent, zlato kart\u00e1\u010dovan\u00e1 833L-100L-100P-55-00 Kup Te\u010f"},"content":{"rendered":"<div class=\"basic-description\">\n<h3>Detailn\u00ed popis produktu<\/h3>\n<p>                                    Specifikace produktu:<\/p>\n<p> Rozm\u011br: 100&#215;100 cm<\/p>\n<p> V\u00fd\u0161ka: 200 cm<\/p>\n<p> Polom\u011br zaoblen\u00ed R55<\/p>\n<p> Strana mont\u00e1\u017ee: Univerz\u00e1ln\u00ed<\/p>\n<p> Vchod: K\u0159\u00eddlov\u00e9 dve\u0159e<\/p>\n<p> Barva skla: Pr\u016fhledn\u00e1<\/p>\n<p> Povrchov\u00e1 \u00faprava: Kart\u00e1\u010dovan\u00e9 zlato<\/p>\n<p> Profil: Hlin\u00edk<\/p>\n<p> L-\u00fahlov\u00fd stabiliz\u00e1tor: nerezov\u00e1 ocel<\/p>\n<p> Typ skla: Tvrzen\u00e9<\/p>\n<p> Tlou\u0161\u0165ka skla: 8 mm<\/p>\n<p> Snadno \u010distiteln\u00fd povlak<\/p>\n<p> Mo\u017enost nastaven\u00ed \u0161\u00ed\u0159ky<\/p>\n<p> Dva mont\u00e1\u017en\u00ed syst\u00e9my:<\/p>\n<p> &#8211; S profilem, kter\u00fd umo\u017e\u0148uje vyrovn\u00e1n\u00ed nerovnost\u00ed st\u011bn<\/p>\n<p> &#8211; Bez profilu pro dokonale rovn\u00e9 st\u011bny<\/p>\n<p> Lze namontovat na sprchovou vani\u010dku nebo dla\u017edice<\/p>\n<p> Mechanismus zved\u00e1n\u00ed a spou\u0161t\u011bn\u00ed dve\u0159\u00ed<\/p>\n<p> Mosazn\u00e9 spony a panty v jedn\u00e9 rovin\u011b se sklen\u011bnou tabul\u00ed<\/p>\n<p> Magnetick\u00fd prou\u017eek a elastomerov\u00e1 t\u011bsn\u011bn\u00ed pro odvod vody<\/p>\n<p> Hlin\u00edkov\u00fd pr\u00e1h t\u011bsn\u011bn\u00ed dve\u0159\u00ed<\/p>\n<\/p><\/div>\n<div class=\"extended-description\">\n<h3>Dopl\u0148kov\u00e9 parametry<\/h3>\n<table class=\"detail-parameters\">\n<tbody>\n<tr>\n<th>        <span class=\"row-header-label\">            Kategorie<span class=\"row-header-label-colon\">:<\/span>        <\/span>    <\/th>\n<td>            <\/td>\n<\/tr>\n<tr>\n<th>            <span class=\"row-header-label\">                Z\u00e1ruka<span class=\"row-header-label-colon\">:<\/span>            <\/span>        <\/th>\n<td>            2 roky        <\/td>\n<\/tr>\n<tr>\n<th>            <span class=\"row-header-label\">                Hmotnost<span class=\"row-header-label-colon\">:<\/span>            <\/span>        <\/th>\n<td>            30 kg        <\/td>\n<\/tr>\n<tr class=\"productEan\">\n<th>          <span class=\"row-header-label productEan__label\">              EAN<span class=\"row-header-label-colon\">:<\/span>          <\/span>      <\/th>\n<td>          <span class=\"productEan__value\">5905315412591<\/span>      <\/td>\n<\/tr>\n<tr>\n<th>                <span class=\"row-header-label\">                                            Dostupnost<span class=\"row-header-label-colon\">:<\/span>                                    <\/span>            <\/th>\n<td>                                                            Dod\u00e1n\u00ed do 14ti dn\u016f                                                <\/td>\n<\/tr>\n<\/tbody>\n<\/table><\/div>\n<\/p><\/div>\n<\/p><\/div>\n","protected":false},"excerpt":{"rendered":"<p>Detailn\u00ed popis produktu Specifikace produktu: Rozm\u011br: 100&#215;100 cm V\u00fd\u0161ka: 200 cm Polom\u011br zaoblen\u00ed R55 Strana mont\u00e1\u017ee: Univerz\u00e1ln\u00ed Vchod: K\u0159\u00eddlov\u00e9 dve\u0159e Barva skla: Pr\u016fhledn\u00e1 Povrchov\u00e1 \u00faprava: Kart\u00e1\u010dovan\u00e9 zlato Profil: Hlin\u00edk L-\u00fahlov\u00fd stabiliz\u00e1tor: nerezov\u00e1 ocel Typ skla: Tvrzen\u00e9 Tlou\u0161\u0165ka skla: 8 mm Snadno \u010distiteln\u00fd povlak Mo\u017enost nastaven\u00ed \u0161\u00ed\u0159ky Dva mont\u00e1\u017en\u00ed syst\u00e9my: &#8211; S profilem, kter\u00fd umo\u017e\u0148uje vyrovn\u00e1n\u00ed [&hellip;]<\/p>\n","protected":false},"featured_media":9398,"comment_status":"open","ping_status":"open","template":"","meta":[],"product_brand":[],"product_cat":[54],"product_tag":[],"class_list":{"0":"post-9298","1":"product","2":"type-product","3":"status-publish","4":"has-post-thumbnail","6":"product_cat-sprchove-kouty","8":"first","9":"instock","10":"sale","11":"shipping-taxable","12":"purchasable","13":"product-type-simple"},"yoast_head":"<!-- This site is optimized with the Yoast SEO plugin v26.8 - https:\/\/yoast.com\/product\/yoast-seo-wordpress\/ -->\n<title>MEXEN\/S - Lunar L sprchov\u00fd kout \u010dtvrtkruh k\u0159\u00eddlov\u00fd 100 x 100, transparent, zlato kart\u00e1\u010dovan\u00e1 833L-100L-100P-55-00 Kup Te\u010f -<\/title>\n<meta name=\"robots\" content=\"index, follow, max-snippet:-1, max-image-preview:large, max-video-preview:-1\" \/>\n<link rel=\"canonical\" href=\"https:\/\/www.domstavpro.com\/index.php\/produkt\/mexen-s-lunar-l-sprchovy-kout-ctvrtkruh-kridlovy-100-x-100-transparent-zlato-kartacovana-833l-100l-100p-55-00-kup-ted-9298\/\" \/>\n<meta property=\"og:locale\" content=\"cs_CZ\" \/>\n<meta property=\"og:type\" content=\"article\" \/>\n<meta property=\"og:title\" content=\"MEXEN\/S - Lunar L sprchov\u00fd kout \u010dtvrtkruh k\u0159\u00eddlov\u00fd 100 x 100, transparent, zlato kart\u00e1\u010dovan\u00e1 833L-100L-100P-55-00 Kup Te\u010f -\" \/>\n<meta property=\"og:description\" content=\"Detailn\u00ed popis produktu Specifikace produktu: Rozm\u011br: 100&#215;100 cm V\u00fd\u0161ka: 200 cm Polom\u011br zaoblen\u00ed R55 Strana mont\u00e1\u017ee: Univerz\u00e1ln\u00ed Vchod: K\u0159\u00eddlov\u00e9 dve\u0159e Barva skla: Pr\u016fhledn\u00e1 Povrchov\u00e1 \u00faprava: Kart\u00e1\u010dovan\u00e9 zlato Profil: Hlin\u00edk L-\u00fahlov\u00fd stabiliz\u00e1tor: nerezov\u00e1 ocel Typ skla: Tvrzen\u00e9 Tlou\u0161\u0165ka skla: 8 mm Snadno \u010distiteln\u00fd povlak Mo\u017enost nastaven\u00ed \u0161\u00ed\u0159ky Dva mont\u00e1\u017en\u00ed syst\u00e9my: &#8211; S profilem, kter\u00fd umo\u017e\u0148uje vyrovn\u00e1n\u00ed [&hellip;]\" \/>\n<meta property=\"og:url\" content=\"https:\/\/www.domstavpro.com\/index.php\/produkt\/mexen-s-lunar-l-sprchovy-kout-ctvrtkruh-kridlovy-100-x-100-transparent-zlato-kartacovana-833l-100l-100p-55-00-kup-ted-9298\/\" \/>\n<meta property=\"og:image\" content=\"https:\/\/www.domstavpro.com\/wp-content\/uploads\/2026\/SK0029077-CZ20260425-092556-0-1777080363-1944574-9_mexen-s-lunar-l-sprchovy-kout-ctvrtkruh-kridlovy-.webp\" \/>\n\t<meta property=\"og:image:width\" content=\"1000\" \/>\n\t<meta property=\"og:image:height\" content=\"750\" \/>\n\t<meta property=\"og:image:type\" content=\"image\/webp\" \/>\n<meta name=\"twitter:card\" content=\"summary_large_image\" \/>\n<meta name=\"twitter:label1\" content=\"Odhadovan\u00e1 doba \u010dten\u00ed\" \/>\n\t<meta name=\"twitter:data1\" content=\"1 minuta\" \/>\n<script type=\"application\/ld+json\" class=\"yoast-schema-graph\">{\"@context\":\"https:\/\/schema.org\",\"@graph\":[{\"@type\":\"WebPage\",\"@id\":\"https:\/\/www.domstavpro.com\/index.php\/produkt\/mexen-s-lunar-l-sprchovy-kout-ctvrtkruh-kridlovy-100-x-100-transparent-zlato-kartacovana-833l-100l-100p-55-00-kup-ted-9298\/\",\"url\":\"https:\/\/www.domstavpro.com\/index.php\/produkt\/mexen-s-lunar-l-sprchovy-kout-ctvrtkruh-kridlovy-100-x-100-transparent-zlato-kartacovana-833l-100l-100p-55-00-kup-ted-9298\/\",\"name\":\"MEXEN\/S - Lunar L sprchov\u00fd kout \u010dtvrtkruh k\u0159\u00eddlov\u00fd 100 x 100, transparent, zlato kart\u00e1\u010dovan\u00e1 833L-100L-100P-55-00 Kup Te\u010f -\",\"isPartOf\":{\"@id\":\"https:\/\/www.domstavpro.com\/#website\"},\"primaryImageOfPage\":{\"@id\":\"https:\/\/www.domstavpro.com\/index.php\/produkt\/mexen-s-lunar-l-sprchovy-kout-ctvrtkruh-kridlovy-100-x-100-transparent-zlato-kartacovana-833l-100l-100p-55-00-kup-ted-9298\/#primaryimage\"},\"image\":{\"@id\":\"https:\/\/www.domstavpro.com\/index.php\/produkt\/mexen-s-lunar-l-sprchovy-kout-ctvrtkruh-kridlovy-100-x-100-transparent-zlato-kartacovana-833l-100l-100p-55-00-kup-ted-9298\/#primaryimage\"},\"thumbnailUrl\":\"https:\/\/www.domstavpro.com\/wp-content\/uploads\/2026\/SK0029077-CZ20260425-092556-0-1777080363-1944574-9_mexen-s-lunar-l-sprchovy-kout-ctvrtkruh-kridlovy-.webp\",\"datePublished\":\"2026-04-27T15:08:15+00:00\",\"breadcrumb\":{\"@id\":\"https:\/\/www.domstavpro.com\/index.php\/produkt\/mexen-s-lunar-l-sprchovy-kout-ctvrtkruh-kridlovy-100-x-100-transparent-zlato-kartacovana-833l-100l-100p-55-00-kup-ted-9298\/#breadcrumb\"},\"inLanguage\":\"cs\",\"potentialAction\":[{\"@type\":\"ReadAction\",\"target\":[\"https:\/\/www.domstavpro.com\/index.php\/produkt\/mexen-s-lunar-l-sprchovy-kout-ctvrtkruh-kridlovy-100-x-100-transparent-zlato-kartacovana-833l-100l-100p-55-00-kup-ted-9298\/\"]}]},{\"@type\":\"ImageObject\",\"inLanguage\":\"cs\",\"@id\":\"https:\/\/www.domstavpro.com\/index.php\/produkt\/mexen-s-lunar-l-sprchovy-kout-ctvrtkruh-kridlovy-100-x-100-transparent-zlato-kartacovana-833l-100l-100p-55-00-kup-ted-9298\/#primaryimage\",\"url\":\"https:\/\/www.domstavpro.com\/wp-content\/uploads\/2026\/SK0029077-CZ20260425-092556-0-1777080363-1944574-9_mexen-s-lunar-l-sprchovy-kout-ctvrtkruh-kridlovy-.webp\",\"contentUrl\":\"https:\/\/www.domstavpro.com\/wp-content\/uploads\/2026\/SK0029077-CZ20260425-092556-0-1777080363-1944574-9_mexen-s-lunar-l-sprchovy-kout-ctvrtkruh-kridlovy-.webp\",\"width\":1000,\"height\":750},{\"@type\":\"BreadcrumbList\",\"@id\":\"https:\/\/www.domstavpro.com\/index.php\/produkt\/mexen-s-lunar-l-sprchovy-kout-ctvrtkruh-kridlovy-100-x-100-transparent-zlato-kartacovana-833l-100l-100p-55-00-kup-ted-9298\/#breadcrumb\",\"itemListElement\":[{\"@type\":\"ListItem\",\"position\":1,\"name\":\"Home\",\"item\":\"https:\/\/www.domstavpro.com\/\"},{\"@type\":\"ListItem\",\"position\":2,\"name\":\"Products\",\"item\":\"https:\/\/www.domstavpro.com\/index.php\/products\/\"},{\"@type\":\"ListItem\",\"position\":3,\"name\":\"MEXEN\/S &#8211; Lunar L sprchov\u00fd kout \u010dtvrtkruh k\u0159\u00eddlov\u00fd 100 x 100, transparent, zlato kart\u00e1\u010dovan\u00e1 833L-100L-100P-55-00 Kup Te\u010f\"}]},{\"@type\":\"WebSite\",\"@id\":\"https:\/\/www.domstavpro.com\/#website\",\"url\":\"https:\/\/www.domstavpro.com\/\",\"name\":\"\",\"description\":\"\",\"potentialAction\":[{\"@type\":\"SearchAction\",\"target\":{\"@type\":\"EntryPoint\",\"urlTemplate\":\"https:\/\/www.domstavpro.com\/?s={search_term_string}\"},\"query-input\":{\"@type\":\"PropertyValueSpecification\",\"valueRequired\":true,\"valueName\":\"search_term_string\"}}],\"inLanguage\":\"cs\"}]}<\/script>\n<!-- \/ Yoast SEO plugin. -->","yoast_head_json":{"title":"MEXEN\/S - Lunar L sprchov\u00fd kout \u010dtvrtkruh k\u0159\u00eddlov\u00fd 100 x 100, transparent, zlato kart\u00e1\u010dovan\u00e1 833L-100L-100P-55-00 Kup Te\u010f -","robots":{"index":"index","follow":"follow","max-snippet":"max-snippet:-1","max-image-preview":"max-image-preview:large","max-video-preview":"max-video-preview:-1"},"canonical":"https:\/\/www.domstavpro.com\/index.php\/produkt\/mexen-s-lunar-l-sprchovy-kout-ctvrtkruh-kridlovy-100-x-100-transparent-zlato-kartacovana-833l-100l-100p-55-00-kup-ted-9298\/","og_locale":"cs_CZ","og_type":"article","og_title":"MEXEN\/S - Lunar L sprchov\u00fd kout \u010dtvrtkruh k\u0159\u00eddlov\u00fd 100 x 100, transparent, zlato kart\u00e1\u010dovan\u00e1 833L-100L-100P-55-00 Kup Te\u010f -","og_description":"Detailn\u00ed popis produktu Specifikace produktu: Rozm\u011br: 100&#215;100 cm V\u00fd\u0161ka: 200 cm Polom\u011br zaoblen\u00ed R55 Strana mont\u00e1\u017ee: Univerz\u00e1ln\u00ed Vchod: K\u0159\u00eddlov\u00e9 dve\u0159e Barva skla: Pr\u016fhledn\u00e1 Povrchov\u00e1 \u00faprava: Kart\u00e1\u010dovan\u00e9 zlato Profil: Hlin\u00edk L-\u00fahlov\u00fd stabiliz\u00e1tor: nerezov\u00e1 ocel Typ skla: Tvrzen\u00e9 Tlou\u0161\u0165ka skla: 8 mm Snadno \u010distiteln\u00fd povlak Mo\u017enost nastaven\u00ed \u0161\u00ed\u0159ky Dva mont\u00e1\u017en\u00ed syst\u00e9my: &#8211; S profilem, kter\u00fd umo\u017e\u0148uje vyrovn\u00e1n\u00ed [&hellip;]","og_url":"https:\/\/www.domstavpro.com\/index.php\/produkt\/mexen-s-lunar-l-sprchovy-kout-ctvrtkruh-kridlovy-100-x-100-transparent-zlato-kartacovana-833l-100l-100p-55-00-kup-ted-9298\/","og_image":[{"width":1000,"height":750,"url":"https:\/\/www.domstavpro.com\/wp-content\/uploads\/2026\/SK0029077-CZ20260425-092556-0-1777080363-1944574-9_mexen-s-lunar-l-sprchovy-kout-ctvrtkruh-kridlovy-.webp","type":"image\/webp"}],"twitter_card":"summary_large_image","twitter_misc":{"Odhadovan\u00e1 doba \u010dten\u00ed":"1 minuta"},"schema":{"@context":"https:\/\/schema.org","@graph":[{"@type":"WebPage","@id":"https:\/\/www.domstavpro.com\/index.php\/produkt\/mexen-s-lunar-l-sprchovy-kout-ctvrtkruh-kridlovy-100-x-100-transparent-zlato-kartacovana-833l-100l-100p-55-00-kup-ted-9298\/","url":"https:\/\/www.domstavpro.com\/index.php\/produkt\/mexen-s-lunar-l-sprchovy-kout-ctvrtkruh-kridlovy-100-x-100-transparent-zlato-kartacovana-833l-100l-100p-55-00-kup-ted-9298\/","name":"MEXEN\/S - Lunar L sprchov\u00fd kout \u010dtvrtkruh k\u0159\u00eddlov\u00fd 100 x 100, transparent, zlato kart\u00e1\u010dovan\u00e1 833L-100L-100P-55-00 Kup Te\u010f -","isPartOf":{"@id":"https:\/\/www.domstavpro.com\/#website"},"primaryImageOfPage":{"@id":"https:\/\/www.domstavpro.com\/index.php\/produkt\/mexen-s-lunar-l-sprchovy-kout-ctvrtkruh-kridlovy-100-x-100-transparent-zlato-kartacovana-833l-100l-100p-55-00-kup-ted-9298\/#primaryimage"},"image":{"@id":"https:\/\/www.domstavpro.com\/index.php\/produkt\/mexen-s-lunar-l-sprchovy-kout-ctvrtkruh-kridlovy-100-x-100-transparent-zlato-kartacovana-833l-100l-100p-55-00-kup-ted-9298\/#primaryimage"},"thumbnailUrl":"https:\/\/www.domstavpro.com\/wp-content\/uploads\/2026\/SK0029077-CZ20260425-092556-0-1777080363-1944574-9_mexen-s-lunar-l-sprchovy-kout-ctvrtkruh-kridlovy-.webp","datePublished":"2026-04-27T15:08:15+00:00","breadcrumb":{"@id":"https:\/\/www.domstavpro.com\/index.php\/produkt\/mexen-s-lunar-l-sprchovy-kout-ctvrtkruh-kridlovy-100-x-100-transparent-zlato-kartacovana-833l-100l-100p-55-00-kup-ted-9298\/#breadcrumb"},"inLanguage":"cs","potentialAction":[{"@type":"ReadAction","target":["https:\/\/www.domstavpro.com\/index.php\/produkt\/mexen-s-lunar-l-sprchovy-kout-ctvrtkruh-kridlovy-100-x-100-transparent-zlato-kartacovana-833l-100l-100p-55-00-kup-ted-9298\/"]}]},{"@type":"ImageObject","inLanguage":"cs","@id":"https:\/\/www.domstavpro.com\/index.php\/produkt\/mexen-s-lunar-l-sprchovy-kout-ctvrtkruh-kridlovy-100-x-100-transparent-zlato-kartacovana-833l-100l-100p-55-00-kup-ted-9298\/#primaryimage","url":"https:\/\/www.domstavpro.com\/wp-content\/uploads\/2026\/SK0029077-CZ20260425-092556-0-1777080363-1944574-9_mexen-s-lunar-l-sprchovy-kout-ctvrtkruh-kridlovy-.webp","contentUrl":"https:\/\/www.domstavpro.com\/wp-content\/uploads\/2026\/SK0029077-CZ20260425-092556-0-1777080363-1944574-9_mexen-s-lunar-l-sprchovy-kout-ctvrtkruh-kridlovy-.webp","width":1000,"height":750},{"@type":"BreadcrumbList","@id":"https:\/\/www.domstavpro.com\/index.php\/produkt\/mexen-s-lunar-l-sprchovy-kout-ctvrtkruh-kridlovy-100-x-100-transparent-zlato-kartacovana-833l-100l-100p-55-00-kup-ted-9298\/#breadcrumb","itemListElement":[{"@type":"ListItem","position":1,"name":"Home","item":"https:\/\/www.domstavpro.com\/"},{"@type":"ListItem","position":2,"name":"Products","item":"https:\/\/www.domstavpro.com\/index.php\/products\/"},{"@type":"ListItem","position":3,"name":"MEXEN\/S &#8211; Lunar L sprchov\u00fd kout \u010dtvrtkruh k\u0159\u00eddlov\u00fd 100 x 100, transparent, zlato kart\u00e1\u010dovan\u00e1 833L-100L-100P-55-00 Kup Te\u010f"}]},{"@type":"WebSite","@id":"https:\/\/www.domstavpro.com\/#website","url":"https:\/\/www.domstavpro.com\/","name":"","description":"","potentialAction":[{"@type":"SearchAction","target":{"@type":"EntryPoint","urlTemplate":"https:\/\/www.domstavpro.com\/?s={search_term_string}"},"query-input":{"@type":"PropertyValueSpecification","valueRequired":true,"valueName":"search_term_string"}}],"inLanguage":"cs"}]}},"_links":{"self":[{"href":"https:\/\/www.domstavpro.com\/index.php\/wp-json\/wp\/v2\/product\/9298","targetHints":{"allow":["GET"]}}],"collection":[{"href":"https:\/\/www.domstavpro.com\/index.php\/wp-json\/wp\/v2\/product"}],"about":[{"href":"https:\/\/www.domstavpro.com\/index.php\/wp-json\/wp\/v2\/types\/product"}],"replies":[{"embeddable":true,"href":"https:\/\/www.domstavpro.com\/index.php\/wp-json\/wp\/v2\/comments?post=9298"}],"wp:featuredmedia":[{"embeddable":true,"href":"https:\/\/www.domstavpro.com\/index.php\/wp-json\/wp\/v2\/media\/9398"}],"wp:attachment":[{"href":"https:\/\/www.domstavpro.com\/index.php\/wp-json\/wp\/v2\/media?parent=9298"}],"wp:term":[{"taxonomy":"product_brand","embeddable":true,"href":"https:\/\/www.domstavpro.com\/index.php\/wp-json\/wp\/v2\/product_brand?post=9298"},{"taxonomy":"product_cat","embeddable":true,"href":"https:\/\/www.domstavpro.com\/index.php\/wp-json\/wp\/v2\/product_cat?post=9298"},{"taxonomy":"product_tag","embeddable":true,"href":"https:\/\/www.domstavpro.com\/index.php\/wp-json\/wp\/v2\/product_tag?post=9298"}],"curies":[{"name":"wp","href":"https:\/\/api.w.org\/{rel}","templated":true}]}}