{"id":8943,"date":"2026-04-27T15:08:14","date_gmt":"2026-04-27T15:08:14","guid":{"rendered":""},"modified":"2026-04-27T15:08:14","modified_gmt":"2026-04-27T15:08:14","slug":"akce-fartools-110873-kartac-ze-syntetickych-vlaken-8943","status":"publish","type":"product","link":"https:\/\/www.domstavpro.com\/index.php\/produkt\/akce-fartools-110873-kartac-ze-syntetickych-vlaken-8943\/","title":{"rendered":"Akce Fartools 110873 kart\u00e1\u010d ze syntetick\u00fdch vl\u00e1ken"},"content":{"rendered":"<table>\n<div class=\"tab-pane active product-description\" id=\"popis\" role=\"tabpanel\">\n<div class=\"short-description\" itemprop=\"description\"><\/div>\n<div class=\"description\">\n<p><span class=\"bullet-line\">Kart\u00e1\u010d ze syntetick\u00fdch vl\u00e1ken \u2013 Doporu\u010den\u00ed pro metalickou nebo sat\u00e9novou \u00fapravu povrchu (pr\u016fm\u011br 120 mm, \u0161\u00ed\u0159ka 100 mm)<\/span><\/p>\n<\/div>\n<div class=\"parameters\">\n<tr>\n<td>Hmotnost<\/td>\n<td>0.45 kg<\/td>\n<\/tr>\n<tr>\n<td>Rozm\u011bry<\/td>\n<td>12.5 \u00d7 12.5 \u00d7 11.4 cm<\/td>\n<\/tr><\/div>\n<\/table>\n","protected":false},"excerpt":{"rendered":"<p>Kart\u00e1\u010d ze syntetick\u00fdch vl\u00e1ken \u2013 Doporu\u010den\u00ed pro metalickou nebo sat\u00e9novou \u00fapravu povrchu (pr\u016fm\u011br 120 mm, \u0161\u00ed\u0159ka 100 mm) Hmotnost 0.45 kg Rozm\u011bry 12.5 \u00d7 12.5 \u00d7 11.4 cm<\/p>\n","protected":false},"featured_media":9043,"comment_status":"open","ping_status":"open","template":"","meta":[],"product_brand":[],"product_cat":[38],"product_tag":[],"class_list":{"0":"post-8943","1":"product","2":"type-product","3":"status-publish","4":"has-post-thumbnail","6":"product_cat-naradi","8":"first","9":"instock","10":"sale","11":"shipping-taxable","12":"purchasable","13":"product-type-simple"},"yoast_head":"<!-- This site is optimized with the Yoast SEO plugin v26.8 - https:\/\/yoast.com\/product\/yoast-seo-wordpress\/ -->\n<title>Akce Fartools 110873 kart\u00e1\u010d ze syntetick\u00fdch vl\u00e1ken -<\/title>\n<meta name=\"robots\" content=\"index, follow, max-snippet:-1, max-image-preview:large, max-video-preview:-1\" \/>\n<link rel=\"canonical\" href=\"https:\/\/www.domstavpro.com\/index.php\/produkt\/akce-fartools-110873-kartac-ze-syntetickych-vlaken-8943\/\" \/>\n<meta property=\"og:locale\" content=\"cs_CZ\" \/>\n<meta property=\"og:type\" content=\"article\" \/>\n<meta property=\"og:title\" content=\"Akce Fartools 110873 kart\u00e1\u010d ze syntetick\u00fdch vl\u00e1ken -\" \/>\n<meta property=\"og:description\" content=\"Kart\u00e1\u010d ze syntetick\u00fdch vl\u00e1ken \u2013 Doporu\u010den\u00ed pro metalickou nebo sat\u00e9novou \u00fapravu povrchu (pr\u016fm\u011br 120 mm, \u0161\u00ed\u0159ka 100 mm) Hmotnost 0.45 kg Rozm\u011bry 12.5 \u00d7 12.5 \u00d7 11.4 cm\" \/>\n<meta property=\"og:url\" content=\"https:\/\/www.domstavpro.com\/index.php\/produkt\/akce-fartools-110873-kartac-ze-syntetickych-vlaken-8943\/\" \/>\n<meta property=\"og:image\" content=\"https:\/\/www.domstavpro.com\/wp-content\/uploads\/2026\/SK0030391-CZ20260425-092328-0-1777080210-snimek-obrazovky-2023-09-07-141127.webp\" \/>\n\t<meta property=\"og:image:width\" content=\"700\" \/>\n\t<meta property=\"og:image:height\" content=\"688\" \/>\n\t<meta property=\"og:image:type\" content=\"image\/webp\" \/>\n<meta name=\"twitter:card\" content=\"summary_large_image\" \/>\n<script type=\"application\/ld+json\" class=\"yoast-schema-graph\">{\"@context\":\"https:\/\/schema.org\",\"@graph\":[{\"@type\":\"WebPage\",\"@id\":\"https:\/\/www.domstavpro.com\/index.php\/produkt\/akce-fartools-110873-kartac-ze-syntetickych-vlaken-8943\/\",\"url\":\"https:\/\/www.domstavpro.com\/index.php\/produkt\/akce-fartools-110873-kartac-ze-syntetickych-vlaken-8943\/\",\"name\":\"Akce Fartools 110873 kart\u00e1\u010d ze syntetick\u00fdch vl\u00e1ken -\",\"isPartOf\":{\"@id\":\"https:\/\/www.domstavpro.com\/#website\"},\"primaryImageOfPage\":{\"@id\":\"https:\/\/www.domstavpro.com\/index.php\/produkt\/akce-fartools-110873-kartac-ze-syntetickych-vlaken-8943\/#primaryimage\"},\"image\":{\"@id\":\"https:\/\/www.domstavpro.com\/index.php\/produkt\/akce-fartools-110873-kartac-ze-syntetickych-vlaken-8943\/#primaryimage\"},\"thumbnailUrl\":\"https:\/\/www.domstavpro.com\/wp-content\/uploads\/2026\/SK0030391-CZ20260425-092328-0-1777080210-snimek-obrazovky-2023-09-07-141127.webp\",\"datePublished\":\"2026-04-27T15:08:14+00:00\",\"breadcrumb\":{\"@id\":\"https:\/\/www.domstavpro.com\/index.php\/produkt\/akce-fartools-110873-kartac-ze-syntetickych-vlaken-8943\/#breadcrumb\"},\"inLanguage\":\"cs\",\"potentialAction\":[{\"@type\":\"ReadAction\",\"target\":[\"https:\/\/www.domstavpro.com\/index.php\/produkt\/akce-fartools-110873-kartac-ze-syntetickych-vlaken-8943\/\"]}]},{\"@type\":\"ImageObject\",\"inLanguage\":\"cs\",\"@id\":\"https:\/\/www.domstavpro.com\/index.php\/produkt\/akce-fartools-110873-kartac-ze-syntetickych-vlaken-8943\/#primaryimage\",\"url\":\"https:\/\/www.domstavpro.com\/wp-content\/uploads\/2026\/SK0030391-CZ20260425-092328-0-1777080210-snimek-obrazovky-2023-09-07-141127.webp\",\"contentUrl\":\"https:\/\/www.domstavpro.com\/wp-content\/uploads\/2026\/SK0030391-CZ20260425-092328-0-1777080210-snimek-obrazovky-2023-09-07-141127.webp\",\"width\":700,\"height\":688},{\"@type\":\"BreadcrumbList\",\"@id\":\"https:\/\/www.domstavpro.com\/index.php\/produkt\/akce-fartools-110873-kartac-ze-syntetickych-vlaken-8943\/#breadcrumb\",\"itemListElement\":[{\"@type\":\"ListItem\",\"position\":1,\"name\":\"Home\",\"item\":\"https:\/\/www.domstavpro.com\/\"},{\"@type\":\"ListItem\",\"position\":2,\"name\":\"Products\",\"item\":\"https:\/\/www.domstavpro.com\/index.php\/products\/\"},{\"@type\":\"ListItem\",\"position\":3,\"name\":\"Akce Fartools 110873 kart\u00e1\u010d ze syntetick\u00fdch vl\u00e1ken\"}]},{\"@type\":\"WebSite\",\"@id\":\"https:\/\/www.domstavpro.com\/#website\",\"url\":\"https:\/\/www.domstavpro.com\/\",\"name\":\"\",\"description\":\"\",\"potentialAction\":[{\"@type\":\"SearchAction\",\"target\":{\"@type\":\"EntryPoint\",\"urlTemplate\":\"https:\/\/www.domstavpro.com\/?s={search_term_string}\"},\"query-input\":{\"@type\":\"PropertyValueSpecification\",\"valueRequired\":true,\"valueName\":\"search_term_string\"}}],\"inLanguage\":\"cs\"}]}<\/script>\n<!-- \/ Yoast SEO plugin. -->","yoast_head_json":{"title":"Akce Fartools 110873 kart\u00e1\u010d ze syntetick\u00fdch vl\u00e1ken -","robots":{"index":"index","follow":"follow","max-snippet":"max-snippet:-1","max-image-preview":"max-image-preview:large","max-video-preview":"max-video-preview:-1"},"canonical":"https:\/\/www.domstavpro.com\/index.php\/produkt\/akce-fartools-110873-kartac-ze-syntetickych-vlaken-8943\/","og_locale":"cs_CZ","og_type":"article","og_title":"Akce Fartools 110873 kart\u00e1\u010d ze syntetick\u00fdch vl\u00e1ken -","og_description":"Kart\u00e1\u010d ze syntetick\u00fdch vl\u00e1ken \u2013 Doporu\u010den\u00ed pro metalickou nebo sat\u00e9novou \u00fapravu povrchu (pr\u016fm\u011br 120 mm, \u0161\u00ed\u0159ka 100 mm) Hmotnost 0.45 kg Rozm\u011bry 12.5 \u00d7 12.5 \u00d7 11.4 cm","og_url":"https:\/\/www.domstavpro.com\/index.php\/produkt\/akce-fartools-110873-kartac-ze-syntetickych-vlaken-8943\/","og_image":[{"width":700,"height":688,"url":"https:\/\/www.domstavpro.com\/wp-content\/uploads\/2026\/SK0030391-CZ20260425-092328-0-1777080210-snimek-obrazovky-2023-09-07-141127.webp","type":"image\/webp"}],"twitter_card":"summary_large_image","schema":{"@context":"https:\/\/schema.org","@graph":[{"@type":"WebPage","@id":"https:\/\/www.domstavpro.com\/index.php\/produkt\/akce-fartools-110873-kartac-ze-syntetickych-vlaken-8943\/","url":"https:\/\/www.domstavpro.com\/index.php\/produkt\/akce-fartools-110873-kartac-ze-syntetickych-vlaken-8943\/","name":"Akce Fartools 110873 kart\u00e1\u010d ze syntetick\u00fdch vl\u00e1ken -","isPartOf":{"@id":"https:\/\/www.domstavpro.com\/#website"},"primaryImageOfPage":{"@id":"https:\/\/www.domstavpro.com\/index.php\/produkt\/akce-fartools-110873-kartac-ze-syntetickych-vlaken-8943\/#primaryimage"},"image":{"@id":"https:\/\/www.domstavpro.com\/index.php\/produkt\/akce-fartools-110873-kartac-ze-syntetickych-vlaken-8943\/#primaryimage"},"thumbnailUrl":"https:\/\/www.domstavpro.com\/wp-content\/uploads\/2026\/SK0030391-CZ20260425-092328-0-1777080210-snimek-obrazovky-2023-09-07-141127.webp","datePublished":"2026-04-27T15:08:14+00:00","breadcrumb":{"@id":"https:\/\/www.domstavpro.com\/index.php\/produkt\/akce-fartools-110873-kartac-ze-syntetickych-vlaken-8943\/#breadcrumb"},"inLanguage":"cs","potentialAction":[{"@type":"ReadAction","target":["https:\/\/www.domstavpro.com\/index.php\/produkt\/akce-fartools-110873-kartac-ze-syntetickych-vlaken-8943\/"]}]},{"@type":"ImageObject","inLanguage":"cs","@id":"https:\/\/www.domstavpro.com\/index.php\/produkt\/akce-fartools-110873-kartac-ze-syntetickych-vlaken-8943\/#primaryimage","url":"https:\/\/www.domstavpro.com\/wp-content\/uploads\/2026\/SK0030391-CZ20260425-092328-0-1777080210-snimek-obrazovky-2023-09-07-141127.webp","contentUrl":"https:\/\/www.domstavpro.com\/wp-content\/uploads\/2026\/SK0030391-CZ20260425-092328-0-1777080210-snimek-obrazovky-2023-09-07-141127.webp","width":700,"height":688},{"@type":"BreadcrumbList","@id":"https:\/\/www.domstavpro.com\/index.php\/produkt\/akce-fartools-110873-kartac-ze-syntetickych-vlaken-8943\/#breadcrumb","itemListElement":[{"@type":"ListItem","position":1,"name":"Home","item":"https:\/\/www.domstavpro.com\/"},{"@type":"ListItem","position":2,"name":"Products","item":"https:\/\/www.domstavpro.com\/index.php\/products\/"},{"@type":"ListItem","position":3,"name":"Akce Fartools 110873 kart\u00e1\u010d ze syntetick\u00fdch vl\u00e1ken"}]},{"@type":"WebSite","@id":"https:\/\/www.domstavpro.com\/#website","url":"https:\/\/www.domstavpro.com\/","name":"","description":"","potentialAction":[{"@type":"SearchAction","target":{"@type":"EntryPoint","urlTemplate":"https:\/\/www.domstavpro.com\/?s={search_term_string}"},"query-input":{"@type":"PropertyValueSpecification","valueRequired":true,"valueName":"search_term_string"}}],"inLanguage":"cs"}]}},"_links":{"self":[{"href":"https:\/\/www.domstavpro.com\/index.php\/wp-json\/wp\/v2\/product\/8943","targetHints":{"allow":["GET"]}}],"collection":[{"href":"https:\/\/www.domstavpro.com\/index.php\/wp-json\/wp\/v2\/product"}],"about":[{"href":"https:\/\/www.domstavpro.com\/index.php\/wp-json\/wp\/v2\/types\/product"}],"replies":[{"embeddable":true,"href":"https:\/\/www.domstavpro.com\/index.php\/wp-json\/wp\/v2\/comments?post=8943"}],"wp:featuredmedia":[{"embeddable":true,"href":"https:\/\/www.domstavpro.com\/index.php\/wp-json\/wp\/v2\/media\/9043"}],"wp:attachment":[{"href":"https:\/\/www.domstavpro.com\/index.php\/wp-json\/wp\/v2\/media?parent=8943"}],"wp:term":[{"taxonomy":"product_brand","embeddable":true,"href":"https:\/\/www.domstavpro.com\/index.php\/wp-json\/wp\/v2\/product_brand?post=8943"},{"taxonomy":"product_cat","embeddable":true,"href":"https:\/\/www.domstavpro.com\/index.php\/wp-json\/wp\/v2\/product_cat?post=8943"},{"taxonomy":"product_tag","embeddable":true,"href":"https:\/\/www.domstavpro.com\/index.php\/wp-json\/wp\/v2\/product_tag?post=8943"}],"curies":[{"name":"wp","href":"https:\/\/api.w.org\/{rel}","templated":true}]}}