{"id":8927,"date":"2026-04-27T15:08:14","date_gmt":"2026-04-27T15:08:14","guid":{"rendered":""},"modified":"2026-04-27T15:08:14","modified_gmt":"2026-04-27T15:08:14","slug":"zlevneny-kennedy-ken5838617k-75mm-hlavice-kovana-1-8927","status":"publish","type":"product","link":"https:\/\/www.domstavpro.com\/index.php\/produkt\/zlevneny-kennedy-ken5838617k-75mm-hlavice-kovana-1-8927\/","title":{"rendered":"Zlevn\u011bn\u00fd Kennedy KEN5838617K 75mm hlavice kovan\u00e1 1&#8220;"},"content":{"rendered":"<table>\n<div class=\"tab-pane active product-description\" id=\"popis\" role=\"tabpanel\">\n<div class=\"short-description\" itemprop=\"description\"><\/div>\n<div class=\"description\"><span class='bullet-line'>1&#8220; \u010dtvercov\u00e9 r\u00e1zov\u00e9 n\u00e1stavce, metrick\u00e9<br \/><\/span><span class='bullet-line'>1 palcov\u00e1 \u010dtvercov\u00e1 r\u00e1zov\u00e1 obj\u00edmka od Kennedy\u00ae je vyrobena z chrom-molybdenov\u00e9 legovan\u00e9 oceli s \u010dern\u00fdm oxidovan\u00fdm povrchem. <br \/><\/span><span class='bullet-line'>Z\u00e1suvka je jasn\u011b ozna\u010dena laserov\u00fdm lept\u00e1n\u00edm, d\u00edky \u010demu\u017e lze snadno identifikovat spr\u00e1vnou velikost pro rychlej\u0161\u00ed v\u00fdb\u011br.<br \/><\/span>\u27a4 Vlastnosti a v\u00fdhody<span class='bullet-line'>Vyrobeno z chrom-molybdenov\u00e9 legovan\u00e9 oceli pro zv\u00fd\u0161enou pevnost<br \/><\/span><span class='bullet-line'>\u010cern\u00fd oxidov\u00fd povlak pro del\u0161\u00ed \u017eivotnost n\u00e1stroje<br \/><\/span><span class='bullet-line'>Laserem leptan\u00e9 dimenzov\u00e1n\u00ed pro snadnou identifikaci n\u00e1stroje<br \/><\/span><span class='bullet-line'>Standard odpov\u00edd\u00e1 DIN 3129<\/span><\/div>\n<\/table>\n","protected":false},"excerpt":{"rendered":"<p>1&#8220; \u010dtvercov\u00e9 r\u00e1zov\u00e9 n\u00e1stavce, metrick\u00e91 palcov\u00e1 \u010dtvercov\u00e1 r\u00e1zov\u00e1 obj\u00edmka od Kennedy\u00ae je vyrobena z chrom-molybdenov\u00e9 legovan\u00e9 oceli s \u010dern\u00fdm oxidovan\u00fdm povrchem. Z\u00e1suvka je jasn\u011b ozna\u010dena laserov\u00fdm lept\u00e1n\u00edm, d\u00edky \u010demu\u017e lze snadno identifikovat spr\u00e1vnou velikost pro rychlej\u0161\u00ed v\u00fdb\u011br.\u27a4 Vlastnosti a v\u00fdhodyVyrobeno z chrom-molybdenov\u00e9 legovan\u00e9 oceli pro zv\u00fd\u0161enou pevnost\u010cern\u00fd oxidov\u00fd povlak pro del\u0161\u00ed \u017eivotnost n\u00e1strojeLaserem leptan\u00e9 dimenzov\u00e1n\u00ed [&hellip;]<\/p>\n","protected":false},"featured_media":9027,"comment_status":"open","ping_status":"open","template":"","meta":[],"product_brand":[],"product_cat":[38],"product_tag":[],"class_list":{"0":"post-8927","1":"product","2":"type-product","3":"status-publish","4":"has-post-thumbnail","6":"product_cat-naradi","8":"first","9":"instock","10":"sale","11":"shipping-taxable","12":"purchasable","13":"product-type-simple"},"yoast_head":"<!-- This site is optimized with the Yoast SEO plugin v26.8 - https:\/\/yoast.com\/product\/yoast-seo-wordpress\/ -->\n<title>Zlevn\u011bn\u00fd Kennedy KEN5838617K 75mm hlavice kovan\u00e1 1&#039;&#039; -<\/title>\n<meta name=\"robots\" content=\"index, follow, max-snippet:-1, max-image-preview:large, max-video-preview:-1\" \/>\n<link rel=\"canonical\" href=\"https:\/\/www.domstavpro.com\/index.php\/produkt\/zlevneny-kennedy-ken5838617k-75mm-hlavice-kovana-1-8927\/\" \/>\n<meta property=\"og:locale\" content=\"cs_CZ\" \/>\n<meta property=\"og:type\" content=\"article\" \/>\n<meta property=\"og:title\" content=\"Zlevn\u011bn\u00fd Kennedy KEN5838617K 75mm hlavice kovan\u00e1 1&#039;&#039; -\" \/>\n<meta property=\"og:description\" content=\"1&#8220; \u010dtvercov\u00e9 r\u00e1zov\u00e9 n\u00e1stavce, metrick\u00e91 palcov\u00e1 \u010dtvercov\u00e1 r\u00e1zov\u00e1 obj\u00edmka od Kennedy\u00ae je vyrobena z chrom-molybdenov\u00e9 legovan\u00e9 oceli s \u010dern\u00fdm oxidovan\u00fdm povrchem. Z\u00e1suvka je jasn\u011b ozna\u010dena laserov\u00fdm lept\u00e1n\u00edm, d\u00edky \u010demu\u017e lze snadno identifikovat spr\u00e1vnou velikost pro rychlej\u0161\u00ed v\u00fdb\u011br.\u27a4 Vlastnosti a v\u00fdhodyVyrobeno z chrom-molybdenov\u00e9 legovan\u00e9 oceli pro zv\u00fd\u0161enou pevnost\u010cern\u00fd oxidov\u00fd povlak pro del\u0161\u00ed \u017eivotnost n\u00e1strojeLaserem leptan\u00e9 dimenzov\u00e1n\u00ed [&hellip;]\" \/>\n<meta property=\"og:url\" content=\"https:\/\/www.domstavpro.com\/index.php\/produkt\/zlevneny-kennedy-ken5838617k-75mm-hlavice-kovana-1-8927\/\" \/>\n<meta property=\"og:image\" content=\"https:\/\/www.domstavpro.com\/wp-content\/uploads\/2026\/SK0030375-CZ20260425-092328-0-1777080210-ken5838455k.webp\" \/>\n\t<meta property=\"og:image:width\" content=\"427\" \/>\n\t<meta property=\"og:image:height\" content=\"427\" \/>\n\t<meta property=\"og:image:type\" content=\"image\/webp\" \/>\n<meta name=\"twitter:card\" content=\"summary_large_image\" \/>\n<script type=\"application\/ld+json\" class=\"yoast-schema-graph\">{\"@context\":\"https:\/\/schema.org\",\"@graph\":[{\"@type\":\"WebPage\",\"@id\":\"https:\/\/www.domstavpro.com\/index.php\/produkt\/zlevneny-kennedy-ken5838617k-75mm-hlavice-kovana-1-8927\/\",\"url\":\"https:\/\/www.domstavpro.com\/index.php\/produkt\/zlevneny-kennedy-ken5838617k-75mm-hlavice-kovana-1-8927\/\",\"name\":\"Zlevn\u011bn\u00fd Kennedy KEN5838617K 75mm hlavice kovan\u00e1 1'' -\",\"isPartOf\":{\"@id\":\"https:\/\/www.domstavpro.com\/#website\"},\"primaryImageOfPage\":{\"@id\":\"https:\/\/www.domstavpro.com\/index.php\/produkt\/zlevneny-kennedy-ken5838617k-75mm-hlavice-kovana-1-8927\/#primaryimage\"},\"image\":{\"@id\":\"https:\/\/www.domstavpro.com\/index.php\/produkt\/zlevneny-kennedy-ken5838617k-75mm-hlavice-kovana-1-8927\/#primaryimage\"},\"thumbnailUrl\":\"https:\/\/www.domstavpro.com\/wp-content\/uploads\/2026\/SK0030375-CZ20260425-092328-0-1777080210-ken5838455k.webp\",\"datePublished\":\"2026-04-27T15:08:14+00:00\",\"breadcrumb\":{\"@id\":\"https:\/\/www.domstavpro.com\/index.php\/produkt\/zlevneny-kennedy-ken5838617k-75mm-hlavice-kovana-1-8927\/#breadcrumb\"},\"inLanguage\":\"cs\",\"potentialAction\":[{\"@type\":\"ReadAction\",\"target\":[\"https:\/\/www.domstavpro.com\/index.php\/produkt\/zlevneny-kennedy-ken5838617k-75mm-hlavice-kovana-1-8927\/\"]}]},{\"@type\":\"ImageObject\",\"inLanguage\":\"cs\",\"@id\":\"https:\/\/www.domstavpro.com\/index.php\/produkt\/zlevneny-kennedy-ken5838617k-75mm-hlavice-kovana-1-8927\/#primaryimage\",\"url\":\"https:\/\/www.domstavpro.com\/wp-content\/uploads\/2026\/SK0030375-CZ20260425-092328-0-1777080210-ken5838455k.webp\",\"contentUrl\":\"https:\/\/www.domstavpro.com\/wp-content\/uploads\/2026\/SK0030375-CZ20260425-092328-0-1777080210-ken5838455k.webp\",\"width\":427,\"height\":427},{\"@type\":\"BreadcrumbList\",\"@id\":\"https:\/\/www.domstavpro.com\/index.php\/produkt\/zlevneny-kennedy-ken5838617k-75mm-hlavice-kovana-1-8927\/#breadcrumb\",\"itemListElement\":[{\"@type\":\"ListItem\",\"position\":1,\"name\":\"Home\",\"item\":\"https:\/\/www.domstavpro.com\/\"},{\"@type\":\"ListItem\",\"position\":2,\"name\":\"Products\",\"item\":\"https:\/\/www.domstavpro.com\/index.php\/products\/\"},{\"@type\":\"ListItem\",\"position\":3,\"name\":\"Zlevn\u011bn\u00fd Kennedy KEN5838617K 75mm hlavice kovan\u00e1 1&#8220;\"}]},{\"@type\":\"WebSite\",\"@id\":\"https:\/\/www.domstavpro.com\/#website\",\"url\":\"https:\/\/www.domstavpro.com\/\",\"name\":\"\",\"description\":\"\",\"potentialAction\":[{\"@type\":\"SearchAction\",\"target\":{\"@type\":\"EntryPoint\",\"urlTemplate\":\"https:\/\/www.domstavpro.com\/?s={search_term_string}\"},\"query-input\":{\"@type\":\"PropertyValueSpecification\",\"valueRequired\":true,\"valueName\":\"search_term_string\"}}],\"inLanguage\":\"cs\"}]}<\/script>\n<!-- \/ Yoast SEO plugin. -->","yoast_head_json":{"title":"Zlevn\u011bn\u00fd Kennedy KEN5838617K 75mm hlavice kovan\u00e1 1'' -","robots":{"index":"index","follow":"follow","max-snippet":"max-snippet:-1","max-image-preview":"max-image-preview:large","max-video-preview":"max-video-preview:-1"},"canonical":"https:\/\/www.domstavpro.com\/index.php\/produkt\/zlevneny-kennedy-ken5838617k-75mm-hlavice-kovana-1-8927\/","og_locale":"cs_CZ","og_type":"article","og_title":"Zlevn\u011bn\u00fd Kennedy KEN5838617K 75mm hlavice kovan\u00e1 1'' -","og_description":"1&#8220; \u010dtvercov\u00e9 r\u00e1zov\u00e9 n\u00e1stavce, metrick\u00e91 palcov\u00e1 \u010dtvercov\u00e1 r\u00e1zov\u00e1 obj\u00edmka od Kennedy\u00ae je vyrobena z chrom-molybdenov\u00e9 legovan\u00e9 oceli s \u010dern\u00fdm oxidovan\u00fdm povrchem. Z\u00e1suvka je jasn\u011b ozna\u010dena laserov\u00fdm lept\u00e1n\u00edm, d\u00edky \u010demu\u017e lze snadno identifikovat spr\u00e1vnou velikost pro rychlej\u0161\u00ed v\u00fdb\u011br.\u27a4 Vlastnosti a v\u00fdhodyVyrobeno z chrom-molybdenov\u00e9 legovan\u00e9 oceli pro zv\u00fd\u0161enou pevnost\u010cern\u00fd oxidov\u00fd povlak pro del\u0161\u00ed \u017eivotnost n\u00e1strojeLaserem leptan\u00e9 dimenzov\u00e1n\u00ed [&hellip;]","og_url":"https:\/\/www.domstavpro.com\/index.php\/produkt\/zlevneny-kennedy-ken5838617k-75mm-hlavice-kovana-1-8927\/","og_image":[{"width":427,"height":427,"url":"https:\/\/www.domstavpro.com\/wp-content\/uploads\/2026\/SK0030375-CZ20260425-092328-0-1777080210-ken5838455k.webp","type":"image\/webp"}],"twitter_card":"summary_large_image","schema":{"@context":"https:\/\/schema.org","@graph":[{"@type":"WebPage","@id":"https:\/\/www.domstavpro.com\/index.php\/produkt\/zlevneny-kennedy-ken5838617k-75mm-hlavice-kovana-1-8927\/","url":"https:\/\/www.domstavpro.com\/index.php\/produkt\/zlevneny-kennedy-ken5838617k-75mm-hlavice-kovana-1-8927\/","name":"Zlevn\u011bn\u00fd Kennedy KEN5838617K 75mm hlavice kovan\u00e1 1'' -","isPartOf":{"@id":"https:\/\/www.domstavpro.com\/#website"},"primaryImageOfPage":{"@id":"https:\/\/www.domstavpro.com\/index.php\/produkt\/zlevneny-kennedy-ken5838617k-75mm-hlavice-kovana-1-8927\/#primaryimage"},"image":{"@id":"https:\/\/www.domstavpro.com\/index.php\/produkt\/zlevneny-kennedy-ken5838617k-75mm-hlavice-kovana-1-8927\/#primaryimage"},"thumbnailUrl":"https:\/\/www.domstavpro.com\/wp-content\/uploads\/2026\/SK0030375-CZ20260425-092328-0-1777080210-ken5838455k.webp","datePublished":"2026-04-27T15:08:14+00:00","breadcrumb":{"@id":"https:\/\/www.domstavpro.com\/index.php\/produkt\/zlevneny-kennedy-ken5838617k-75mm-hlavice-kovana-1-8927\/#breadcrumb"},"inLanguage":"cs","potentialAction":[{"@type":"ReadAction","target":["https:\/\/www.domstavpro.com\/index.php\/produkt\/zlevneny-kennedy-ken5838617k-75mm-hlavice-kovana-1-8927\/"]}]},{"@type":"ImageObject","inLanguage":"cs","@id":"https:\/\/www.domstavpro.com\/index.php\/produkt\/zlevneny-kennedy-ken5838617k-75mm-hlavice-kovana-1-8927\/#primaryimage","url":"https:\/\/www.domstavpro.com\/wp-content\/uploads\/2026\/SK0030375-CZ20260425-092328-0-1777080210-ken5838455k.webp","contentUrl":"https:\/\/www.domstavpro.com\/wp-content\/uploads\/2026\/SK0030375-CZ20260425-092328-0-1777080210-ken5838455k.webp","width":427,"height":427},{"@type":"BreadcrumbList","@id":"https:\/\/www.domstavpro.com\/index.php\/produkt\/zlevneny-kennedy-ken5838617k-75mm-hlavice-kovana-1-8927\/#breadcrumb","itemListElement":[{"@type":"ListItem","position":1,"name":"Home","item":"https:\/\/www.domstavpro.com\/"},{"@type":"ListItem","position":2,"name":"Products","item":"https:\/\/www.domstavpro.com\/index.php\/products\/"},{"@type":"ListItem","position":3,"name":"Zlevn\u011bn\u00fd Kennedy KEN5838617K 75mm hlavice kovan\u00e1 1&#8220;"}]},{"@type":"WebSite","@id":"https:\/\/www.domstavpro.com\/#website","url":"https:\/\/www.domstavpro.com\/","name":"","description":"","potentialAction":[{"@type":"SearchAction","target":{"@type":"EntryPoint","urlTemplate":"https:\/\/www.domstavpro.com\/?s={search_term_string}"},"query-input":{"@type":"PropertyValueSpecification","valueRequired":true,"valueName":"search_term_string"}}],"inLanguage":"cs"}]}},"_links":{"self":[{"href":"https:\/\/www.domstavpro.com\/index.php\/wp-json\/wp\/v2\/product\/8927","targetHints":{"allow":["GET"]}}],"collection":[{"href":"https:\/\/www.domstavpro.com\/index.php\/wp-json\/wp\/v2\/product"}],"about":[{"href":"https:\/\/www.domstavpro.com\/index.php\/wp-json\/wp\/v2\/types\/product"}],"replies":[{"embeddable":true,"href":"https:\/\/www.domstavpro.com\/index.php\/wp-json\/wp\/v2\/comments?post=8927"}],"wp:featuredmedia":[{"embeddable":true,"href":"https:\/\/www.domstavpro.com\/index.php\/wp-json\/wp\/v2\/media\/9027"}],"wp:attachment":[{"href":"https:\/\/www.domstavpro.com\/index.php\/wp-json\/wp\/v2\/media?parent=8927"}],"wp:term":[{"taxonomy":"product_brand","embeddable":true,"href":"https:\/\/www.domstavpro.com\/index.php\/wp-json\/wp\/v2\/product_brand?post=8927"},{"taxonomy":"product_cat","embeddable":true,"href":"https:\/\/www.domstavpro.com\/index.php\/wp-json\/wp\/v2\/product_cat?post=8927"},{"taxonomy":"product_tag","embeddable":true,"href":"https:\/\/www.domstavpro.com\/index.php\/wp-json\/wp\/v2\/product_tag?post=8927"}],"curies":[{"name":"wp","href":"https:\/\/api.w.org\/{rel}","templated":true}]}}