{"id":8779,"date":"2026-04-27T15:08:13","date_gmt":"2026-04-27T15:08:13","guid":{"rendered":""},"modified":"2026-04-27T15:08:13","modified_gmt":"2026-04-27T15:08:13","slug":"znackovy-makita-jv001gz-aku-bezuhlikova-primocara-pila-li-ion-xgt-40v-bez-aku-z-8779","status":"publish","type":"product","link":"https:\/\/www.domstavpro.com\/index.php\/produkt\/znackovy-makita-jv001gz-aku-bezuhlikova-primocara-pila-li-ion-xgt-40v-bez-aku-z-8779\/","title":{"rendered":"Zna\u010dkov\u00fd Makita JV001GZ aku bezuhl\u00edkov\u00e1 p\u0159\u00edmo\u010dar\u00e1 pila Li-ion XGT 40V,bez aku   Z"},"content":{"rendered":"<table>\n<div class=\"tab-pane active product-description\" id=\"popis\" role=\"tabpanel\">\n<div class=\"short-description\" itemprop=\"description\"><\/div>\n<div class=\"description\"><span class='bullet-line'>Siln\u00e1 a spolehliv\u00e1 aku p\u0159\u00edmo\u010dar\u00e1 pila<br \/><\/span><span class='bullet-line'>Technologie Li-ion XGT 40V umo\u017e\u0148uj\u00edc\u00ed extr\u00e9mn\u00ed zat\u00ed\u017een\u00ed stroje a dlouhou v\u00fddr\u017e na jedno nabit\u00ed akumul\u00e1toru<br \/><\/span><span class='bullet-line'>Pro tento model jsou pou\u017eiteln\u00e9 akumul\u00e1tory XGT s kapacitou 2, 2,5 a 4 Ah<br \/><\/span><span class='bullet-line'>Technologie XPT umo\u017e\u0148uj\u00edc\u00ed pou\u017eit\u00ed v prost\u0159ed\u00ed se zv\u00fd\u0161enou pra\u0161nost\u00ed nebo vlhkost\u00ed<br \/><\/span><span class='bullet-line'>Spolehliv\u00fd bezuhl\u00edkov\u00fd motor<br \/><\/span><span class='bullet-line'>Pozvoln\u00fd start umo\u017e\u0148uje velmi p\u0159esnou pr\u00e1ci<br \/><\/span><span class='bullet-line'>Mo\u017enost pou\u017eit\u00ed vyp\u00edna\u010de z obou stran<br \/><\/span><span class='bullet-line'>Mo\u017enost elektronick\u00e9 regulace rychlosti<br \/><\/span><span class='bullet-line'>Bezn\u00e1strojov\u00e1 v\u00fdm\u011bna pilov\u00e9ho listu<br \/><\/span><span class='bullet-line'>Elektrick\u00e1 brzda a bezpe\u010dnostn\u00ed vyp\u00edna\u010d<br \/><\/span><span class='bullet-line'>Mo\u017enost nastaven\u00ed 4 stup\u0148\u016f p\u0159edkyvu<br \/><\/span><span class='bullet-line'>LED osv\u011btlen\u00ed pracovn\u00ed plochy<br \/><\/span><span class='bullet-line'>Ofukov\u00e1n\u00ed linie \u0159ezu<br \/><\/span><span class='bullet-line'>Mo\u017enost p\u0159ipojen\u00ed k vysava\u010di<br \/><\/span><span class='bullet-line'>P\u0159ipojen\u00ed vod\u00edc\u00ed li\u0161ty je mo\u017en\u00e9 pomoc\u00ed adapt\u00e9ru 193517-1<br \/><\/span><span class='bullet-line'>Dod\u00e1vka bez akumul\u00e1toru a nab\u00edje\u010dky<br \/><\/span>\u27a4 P\u0159\u00edslu\u0161enstv\u00ed<span class='bullet-line'>Pr\u016fhledn\u00e1 deska (415524-7)<br \/><\/span><span class='bullet-line'>Adapt\u00e9r ods\u00e1v\u00e1n\u00ed (122C71-6)<br \/><\/span><span class='bullet-line'>Kryt z\u00e1kladny (413J99-0)<br \/><\/span><span class='bullet-line'>Pilov\u00e9 listy<\/span><\/div>\n<div class=\"parameters\">\n<tr>\n<td>Akumul\u00e1tor<\/td>\n<td>Li-ion 40V<\/td>\n<\/tr>\n<tr>\n<td>V\u00fdkon<\/td>\n<td>700 W<\/td>\n<\/tr>\n<tr>\n<td>Po\u010det zdvih\u016f<\/td>\n<td>800-3.500 min-1<\/td>\n<\/tr>\n<tr>\n<td>V\u00fd\u0161ka zdvihu<\/td>\n<td>26 mm<\/td>\n<\/tr>\n<tr>\n<td>P\u0159edkyv<\/td>\n<td>4 stupn\u011b<\/td>\n<\/tr>\n<tr>\n<td>\u0158ezn\u00fd v\u00fdkon (d\u0159evo)<\/td>\n<td>135 mm<\/td>\n<\/tr>\n<tr>\n<td>\u0158ezn\u00fd v\u00fdkon (ocel\/hlin\u00edk)<\/td>\n<td>10\/20 mm<\/td>\n<\/tr>\n<tr>\n<td>Hmotnost<\/td>\n<td>1,9 \/ 2,9 kg<\/td>\n<\/tr>\n<tr>\n<td>Rozm\u011bry (Dx\u0160xV)<\/td>\n<td>269 x 84 x 189 mm<\/td>\n<\/tr><\/div>\n<\/table>\n","protected":false},"excerpt":{"rendered":"<p>Siln\u00e1 a spolehliv\u00e1 aku p\u0159\u00edmo\u010dar\u00e1 pilaTechnologie Li-ion XGT 40V umo\u017e\u0148uj\u00edc\u00ed extr\u00e9mn\u00ed zat\u00ed\u017een\u00ed stroje a dlouhou v\u00fddr\u017e na jedno nabit\u00ed akumul\u00e1toruPro tento model jsou pou\u017eiteln\u00e9 akumul\u00e1tory XGT s kapacitou 2, 2,5 a 4 AhTechnologie XPT umo\u017e\u0148uj\u00edc\u00ed pou\u017eit\u00ed v prost\u0159ed\u00ed se zv\u00fd\u0161enou pra\u0161nost\u00ed nebo vlhkost\u00edSpolehliv\u00fd bezuhl\u00edkov\u00fd motorPozvoln\u00fd start umo\u017e\u0148uje velmi p\u0159esnou pr\u00e1ciMo\u017enost pou\u017eit\u00ed vyp\u00edna\u010de z obou stranMo\u017enost [&hellip;]<\/p>\n","protected":false},"featured_media":8879,"comment_status":"open","ping_status":"open","template":"","meta":[],"product_brand":[],"product_cat":[38],"product_tag":[],"class_list":{"0":"post-8779","1":"product","2":"type-product","3":"status-publish","4":"has-post-thumbnail","6":"product_cat-naradi","8":"first","9":"instock","10":"sale","11":"shipping-taxable","12":"purchasable","13":"product-type-simple"},"yoast_head":"<!-- This site is optimized with the Yoast SEO plugin v26.8 - https:\/\/yoast.com\/product\/yoast-seo-wordpress\/ -->\n<title>Zna\u010dkov\u00fd Makita JV001GZ aku bezuhl\u00edkov\u00e1 p\u0159\u00edmo\u010dar\u00e1 pila Li-ion XGT 40V,bez aku  Z -<\/title>\n<meta name=\"robots\" content=\"index, follow, max-snippet:-1, max-image-preview:large, max-video-preview:-1\" \/>\n<link rel=\"canonical\" href=\"https:\/\/www.domstavpro.com\/index.php\/produkt\/znackovy-makita-jv001gz-aku-bezuhlikova-primocara-pila-li-ion-xgt-40v-bez-aku-z-8779\/\" \/>\n<meta property=\"og:locale\" content=\"cs_CZ\" \/>\n<meta property=\"og:type\" content=\"article\" \/>\n<meta property=\"og:title\" content=\"Zna\u010dkov\u00fd Makita JV001GZ aku bezuhl\u00edkov\u00e1 p\u0159\u00edmo\u010dar\u00e1 pila Li-ion XGT 40V,bez aku  Z -\" \/>\n<meta property=\"og:description\" content=\"Siln\u00e1 a spolehliv\u00e1 aku p\u0159\u00edmo\u010dar\u00e1 pilaTechnologie Li-ion XGT 40V umo\u017e\u0148uj\u00edc\u00ed extr\u00e9mn\u00ed zat\u00ed\u017een\u00ed stroje a dlouhou v\u00fddr\u017e na jedno nabit\u00ed akumul\u00e1toruPro tento model jsou pou\u017eiteln\u00e9 akumul\u00e1tory XGT s kapacitou 2, 2,5 a 4 AhTechnologie XPT umo\u017e\u0148uj\u00edc\u00ed pou\u017eit\u00ed v prost\u0159ed\u00ed se zv\u00fd\u0161enou pra\u0161nost\u00ed nebo vlhkost\u00edSpolehliv\u00fd bezuhl\u00edkov\u00fd motorPozvoln\u00fd start umo\u017e\u0148uje velmi p\u0159esnou pr\u00e1ciMo\u017enost pou\u017eit\u00ed vyp\u00edna\u010de z obou stranMo\u017enost [&hellip;]\" \/>\n<meta property=\"og:url\" content=\"https:\/\/www.domstavpro.com\/index.php\/produkt\/znackovy-makita-jv001gz-aku-bezuhlikova-primocara-pila-li-ion-xgt-40v-bez-aku-z-8779\/\" \/>\n<meta property=\"og:image\" content=\"https:\/\/www.domstavpro.com\/wp-content\/uploads\/2026\/SK0030327-CZ20260425-092328-0-1777080210-1258489-1_101936.webp\" \/>\n\t<meta property=\"og:image:width\" content=\"1000\" \/>\n\t<meta property=\"og:image:height\" content=\"757\" \/>\n\t<meta property=\"og:image:type\" content=\"image\/webp\" \/>\n<meta name=\"twitter:card\" content=\"summary_large_image\" \/>\n<meta name=\"twitter:label1\" content=\"Odhadovan\u00e1 doba \u010dten\u00ed\" \/>\n\t<meta name=\"twitter:data1\" content=\"1 minuta\" \/>\n<script type=\"application\/ld+json\" class=\"yoast-schema-graph\">{\"@context\":\"https:\/\/schema.org\",\"@graph\":[{\"@type\":\"WebPage\",\"@id\":\"https:\/\/www.domstavpro.com\/index.php\/produkt\/znackovy-makita-jv001gz-aku-bezuhlikova-primocara-pila-li-ion-xgt-40v-bez-aku-z-8779\/\",\"url\":\"https:\/\/www.domstavpro.com\/index.php\/produkt\/znackovy-makita-jv001gz-aku-bezuhlikova-primocara-pila-li-ion-xgt-40v-bez-aku-z-8779\/\",\"name\":\"Zna\u010dkov\u00fd Makita JV001GZ aku bezuhl\u00edkov\u00e1 p\u0159\u00edmo\u010dar\u00e1 pila Li-ion XGT 40V,bez aku Z -\",\"isPartOf\":{\"@id\":\"https:\/\/www.domstavpro.com\/#website\"},\"primaryImageOfPage\":{\"@id\":\"https:\/\/www.domstavpro.com\/index.php\/produkt\/znackovy-makita-jv001gz-aku-bezuhlikova-primocara-pila-li-ion-xgt-40v-bez-aku-z-8779\/#primaryimage\"},\"image\":{\"@id\":\"https:\/\/www.domstavpro.com\/index.php\/produkt\/znackovy-makita-jv001gz-aku-bezuhlikova-primocara-pila-li-ion-xgt-40v-bez-aku-z-8779\/#primaryimage\"},\"thumbnailUrl\":\"https:\/\/www.domstavpro.com\/wp-content\/uploads\/2026\/SK0030327-CZ20260425-092328-0-1777080210-1258489-1_101936.webp\",\"datePublished\":\"2026-04-27T15:08:13+00:00\",\"breadcrumb\":{\"@id\":\"https:\/\/www.domstavpro.com\/index.php\/produkt\/znackovy-makita-jv001gz-aku-bezuhlikova-primocara-pila-li-ion-xgt-40v-bez-aku-z-8779\/#breadcrumb\"},\"inLanguage\":\"cs\",\"potentialAction\":[{\"@type\":\"ReadAction\",\"target\":[\"https:\/\/www.domstavpro.com\/index.php\/produkt\/znackovy-makita-jv001gz-aku-bezuhlikova-primocara-pila-li-ion-xgt-40v-bez-aku-z-8779\/\"]}]},{\"@type\":\"ImageObject\",\"inLanguage\":\"cs\",\"@id\":\"https:\/\/www.domstavpro.com\/index.php\/produkt\/znackovy-makita-jv001gz-aku-bezuhlikova-primocara-pila-li-ion-xgt-40v-bez-aku-z-8779\/#primaryimage\",\"url\":\"https:\/\/www.domstavpro.com\/wp-content\/uploads\/2026\/SK0030327-CZ20260425-092328-0-1777080210-1258489-1_101936.webp\",\"contentUrl\":\"https:\/\/www.domstavpro.com\/wp-content\/uploads\/2026\/SK0030327-CZ20260425-092328-0-1777080210-1258489-1_101936.webp\",\"width\":1000,\"height\":757},{\"@type\":\"BreadcrumbList\",\"@id\":\"https:\/\/www.domstavpro.com\/index.php\/produkt\/znackovy-makita-jv001gz-aku-bezuhlikova-primocara-pila-li-ion-xgt-40v-bez-aku-z-8779\/#breadcrumb\",\"itemListElement\":[{\"@type\":\"ListItem\",\"position\":1,\"name\":\"Home\",\"item\":\"https:\/\/www.domstavpro.com\/\"},{\"@type\":\"ListItem\",\"position\":2,\"name\":\"Products\",\"item\":\"https:\/\/www.domstavpro.com\/index.php\/products\/\"},{\"@type\":\"ListItem\",\"position\":3,\"name\":\"Zna\u010dkov\u00fd Makita JV001GZ aku bezuhl\u00edkov\u00e1 p\u0159\u00edmo\u010dar\u00e1 pila Li-ion XGT 40V,bez aku Z\"}]},{\"@type\":\"WebSite\",\"@id\":\"https:\/\/www.domstavpro.com\/#website\",\"url\":\"https:\/\/www.domstavpro.com\/\",\"name\":\"\",\"description\":\"\",\"potentialAction\":[{\"@type\":\"SearchAction\",\"target\":{\"@type\":\"EntryPoint\",\"urlTemplate\":\"https:\/\/www.domstavpro.com\/?s={search_term_string}\"},\"query-input\":{\"@type\":\"PropertyValueSpecification\",\"valueRequired\":true,\"valueName\":\"search_term_string\"}}],\"inLanguage\":\"cs\"}]}<\/script>\n<!-- \/ Yoast SEO plugin. -->","yoast_head_json":{"title":"Zna\u010dkov\u00fd Makita JV001GZ aku bezuhl\u00edkov\u00e1 p\u0159\u00edmo\u010dar\u00e1 pila Li-ion XGT 40V,bez aku  Z -","robots":{"index":"index","follow":"follow","max-snippet":"max-snippet:-1","max-image-preview":"max-image-preview:large","max-video-preview":"max-video-preview:-1"},"canonical":"https:\/\/www.domstavpro.com\/index.php\/produkt\/znackovy-makita-jv001gz-aku-bezuhlikova-primocara-pila-li-ion-xgt-40v-bez-aku-z-8779\/","og_locale":"cs_CZ","og_type":"article","og_title":"Zna\u010dkov\u00fd Makita JV001GZ aku bezuhl\u00edkov\u00e1 p\u0159\u00edmo\u010dar\u00e1 pila Li-ion XGT 40V,bez aku  Z -","og_description":"Siln\u00e1 a spolehliv\u00e1 aku p\u0159\u00edmo\u010dar\u00e1 pilaTechnologie Li-ion XGT 40V umo\u017e\u0148uj\u00edc\u00ed extr\u00e9mn\u00ed zat\u00ed\u017een\u00ed stroje a dlouhou v\u00fddr\u017e na jedno nabit\u00ed akumul\u00e1toruPro tento model jsou pou\u017eiteln\u00e9 akumul\u00e1tory XGT s kapacitou 2, 2,5 a 4 AhTechnologie XPT umo\u017e\u0148uj\u00edc\u00ed pou\u017eit\u00ed v prost\u0159ed\u00ed se zv\u00fd\u0161enou pra\u0161nost\u00ed nebo vlhkost\u00edSpolehliv\u00fd bezuhl\u00edkov\u00fd motorPozvoln\u00fd start umo\u017e\u0148uje velmi p\u0159esnou pr\u00e1ciMo\u017enost pou\u017eit\u00ed vyp\u00edna\u010de z obou stranMo\u017enost [&hellip;]","og_url":"https:\/\/www.domstavpro.com\/index.php\/produkt\/znackovy-makita-jv001gz-aku-bezuhlikova-primocara-pila-li-ion-xgt-40v-bez-aku-z-8779\/","og_image":[{"width":1000,"height":757,"url":"https:\/\/www.domstavpro.com\/wp-content\/uploads\/2026\/SK0030327-CZ20260425-092328-0-1777080210-1258489-1_101936.webp","type":"image\/webp"}],"twitter_card":"summary_large_image","twitter_misc":{"Odhadovan\u00e1 doba \u010dten\u00ed":"1 minuta"},"schema":{"@context":"https:\/\/schema.org","@graph":[{"@type":"WebPage","@id":"https:\/\/www.domstavpro.com\/index.php\/produkt\/znackovy-makita-jv001gz-aku-bezuhlikova-primocara-pila-li-ion-xgt-40v-bez-aku-z-8779\/","url":"https:\/\/www.domstavpro.com\/index.php\/produkt\/znackovy-makita-jv001gz-aku-bezuhlikova-primocara-pila-li-ion-xgt-40v-bez-aku-z-8779\/","name":"Zna\u010dkov\u00fd Makita JV001GZ aku bezuhl\u00edkov\u00e1 p\u0159\u00edmo\u010dar\u00e1 pila Li-ion XGT 40V,bez aku Z -","isPartOf":{"@id":"https:\/\/www.domstavpro.com\/#website"},"primaryImageOfPage":{"@id":"https:\/\/www.domstavpro.com\/index.php\/produkt\/znackovy-makita-jv001gz-aku-bezuhlikova-primocara-pila-li-ion-xgt-40v-bez-aku-z-8779\/#primaryimage"},"image":{"@id":"https:\/\/www.domstavpro.com\/index.php\/produkt\/znackovy-makita-jv001gz-aku-bezuhlikova-primocara-pila-li-ion-xgt-40v-bez-aku-z-8779\/#primaryimage"},"thumbnailUrl":"https:\/\/www.domstavpro.com\/wp-content\/uploads\/2026\/SK0030327-CZ20260425-092328-0-1777080210-1258489-1_101936.webp","datePublished":"2026-04-27T15:08:13+00:00","breadcrumb":{"@id":"https:\/\/www.domstavpro.com\/index.php\/produkt\/znackovy-makita-jv001gz-aku-bezuhlikova-primocara-pila-li-ion-xgt-40v-bez-aku-z-8779\/#breadcrumb"},"inLanguage":"cs","potentialAction":[{"@type":"ReadAction","target":["https:\/\/www.domstavpro.com\/index.php\/produkt\/znackovy-makita-jv001gz-aku-bezuhlikova-primocara-pila-li-ion-xgt-40v-bez-aku-z-8779\/"]}]},{"@type":"ImageObject","inLanguage":"cs","@id":"https:\/\/www.domstavpro.com\/index.php\/produkt\/znackovy-makita-jv001gz-aku-bezuhlikova-primocara-pila-li-ion-xgt-40v-bez-aku-z-8779\/#primaryimage","url":"https:\/\/www.domstavpro.com\/wp-content\/uploads\/2026\/SK0030327-CZ20260425-092328-0-1777080210-1258489-1_101936.webp","contentUrl":"https:\/\/www.domstavpro.com\/wp-content\/uploads\/2026\/SK0030327-CZ20260425-092328-0-1777080210-1258489-1_101936.webp","width":1000,"height":757},{"@type":"BreadcrumbList","@id":"https:\/\/www.domstavpro.com\/index.php\/produkt\/znackovy-makita-jv001gz-aku-bezuhlikova-primocara-pila-li-ion-xgt-40v-bez-aku-z-8779\/#breadcrumb","itemListElement":[{"@type":"ListItem","position":1,"name":"Home","item":"https:\/\/www.domstavpro.com\/"},{"@type":"ListItem","position":2,"name":"Products","item":"https:\/\/www.domstavpro.com\/index.php\/products\/"},{"@type":"ListItem","position":3,"name":"Zna\u010dkov\u00fd Makita JV001GZ aku bezuhl\u00edkov\u00e1 p\u0159\u00edmo\u010dar\u00e1 pila Li-ion XGT 40V,bez aku Z"}]},{"@type":"WebSite","@id":"https:\/\/www.domstavpro.com\/#website","url":"https:\/\/www.domstavpro.com\/","name":"","description":"","potentialAction":[{"@type":"SearchAction","target":{"@type":"EntryPoint","urlTemplate":"https:\/\/www.domstavpro.com\/?s={search_term_string}"},"query-input":{"@type":"PropertyValueSpecification","valueRequired":true,"valueName":"search_term_string"}}],"inLanguage":"cs"}]}},"_links":{"self":[{"href":"https:\/\/www.domstavpro.com\/index.php\/wp-json\/wp\/v2\/product\/8779","targetHints":{"allow":["GET"]}}],"collection":[{"href":"https:\/\/www.domstavpro.com\/index.php\/wp-json\/wp\/v2\/product"}],"about":[{"href":"https:\/\/www.domstavpro.com\/index.php\/wp-json\/wp\/v2\/types\/product"}],"replies":[{"embeddable":true,"href":"https:\/\/www.domstavpro.com\/index.php\/wp-json\/wp\/v2\/comments?post=8779"}],"wp:featuredmedia":[{"embeddable":true,"href":"https:\/\/www.domstavpro.com\/index.php\/wp-json\/wp\/v2\/media\/8879"}],"wp:attachment":[{"href":"https:\/\/www.domstavpro.com\/index.php\/wp-json\/wp\/v2\/media?parent=8779"}],"wp:term":[{"taxonomy":"product_brand","embeddable":true,"href":"https:\/\/www.domstavpro.com\/index.php\/wp-json\/wp\/v2\/product_brand?post=8779"},{"taxonomy":"product_cat","embeddable":true,"href":"https:\/\/www.domstavpro.com\/index.php\/wp-json\/wp\/v2\/product_cat?post=8779"},{"taxonomy":"product_tag","embeddable":true,"href":"https:\/\/www.domstavpro.com\/index.php\/wp-json\/wp\/v2\/product_tag?post=8779"}],"curies":[{"name":"wp","href":"https:\/\/api.w.org\/{rel}","templated":true}]}}