{"id":8770,"date":"2026-04-27T15:08:13","date_gmt":"2026-04-27T15:08:13","guid":{"rendered":""},"modified":"2026-04-27T15:08:13","modified_gmt":"2026-04-27T15:08:13","slug":"levny-makita-dg002gz-aku-pudni-vrtak-li-ion-xgt-40v-bez-aku-z-8770","status":"publish","type":"product","link":"https:\/\/www.domstavpro.com\/index.php\/produkt\/levny-makita-dg002gz-aku-pudni-vrtak-li-ion-xgt-40v-bez-aku-z-8770\/","title":{"rendered":"Levn\u00fd Makita DG002GZ aku p\u016fdn\u00ed vrt\u00e1k Li-ion XGT 40V, bez aku Z"},"content":{"rendered":"<table>\n<div class=\"tab-pane active product-description\" id=\"popis\" role=\"tabpanel\">\n<div class=\"short-description\" itemprop=\"description\">V\u00ddPRODEJ cena na 1 ks !<\/div>\n<div class=\"description\">\n<p><span class=\"bullet-line\">Velmi siln\u00fd p\u016fdn\u00ed vrt\u00e1k technologie XGT s v\u00fdkonem 1,35kW<\/span><br \/><span class=\"bullet-line\">V\u011bt\u0161\u00ed mno\u017estv\u00ed pr\u00e1ce na jedno nabit\u00ed d\u00edky na\u0161emu nov\u00e9mu akumul\u00e1toru 40 V<\/span><br \/><span class=\"bullet-line\">Pro tento model jsou pou\u017eiteln\u00e9 akumul\u00e1tory XGT s kapacitou 2, 2,5, 4, 5 a 8 Ah + extern\u00ed akumul\u00e1tor PDC1200A<\/span><br \/><span class=\"bullet-line\">Proveden\u00ed bez skl\u00ed\u010didla &#8211; adapt\u00e9r vrt\u00e1ku je sou\u010d\u00e1st\u00ed stroje<\/span><br \/><span class=\"bullet-line\">Mo\u017enost volby ze dvou rychlost\u00ed + zp\u011btn\u00fd chod<\/span><br \/><span class=\"bullet-line\">Velmi siln\u00fd a spolehliv\u00fd bezuhl\u00edkov\u00fd motor<\/span><br \/><span class=\"bullet-line\">Technologie ADT &#8211; automatick\u00e1 elektronick\u00e1 regulace ot\u00e1\u010dek podle zat\u00ed\u017een\u00ed<\/span><br \/><span class=\"bullet-line\">Technologie XPT &#8211; v\u00fdrazn\u011b zv\u00fd\u0161en\u00e1 odolnost stroje proti prachu a st\u0159\u00edkaj\u00edc\u00ed vod\u011b<\/span><br \/><span class=\"bullet-line\">Prokluzov\u00e1 spojka<\/span><br \/><span class=\"bullet-line\">Maxim\u00e1ln\u00ed pr\u016fm\u011br vrt\u00e1ku 200 mm (hl\u00edna), 150 mm (hl\u00edna s kameny)<\/span><br \/><span class=\"bullet-line\">Optim\u00e1ln\u00ed vyv\u00e1\u017een\u00ed pro pohodlnou a bezpe\u010dnou pr\u00e1ci<\/span><br \/><span class=\"bullet-line\">Mo\u017enost nastaven\u00ed \u00fahlu rukojeti<\/span><br \/><span class=\"bullet-line\">Dlouh\u00e1 p\u0159\u00eddavn\u00e1 rukoje\u0165 pro poholdn\u00e9 dr\u017een\u00ed stroje<\/span><br \/><span class=\"bullet-line\">LED osv\u011btlen\u00ed pracovn\u00ed plochy<\/span><br \/><span class=\"bullet-line\">Dod\u00e1vka bez akumul\u00e1tor\u016f a nab\u00edje\u010dky<\/span><br \/>\u27a4 P\u0159\u00edslu\u0161enstv\u00ed<span class=\"bullet-line\">Kl\u00ed\u010d 5 (783232-1)<\/span><br \/><span class=\"bullet-line\">Kl\u00ed\u010d 6 (783204-6)<\/span><br \/><span class=\"bullet-line\">Kl\u00ed\u010d 12 (783207-0)<\/span><br \/><span class=\"bullet-line\">2 ks \u0161roubu M8x30 (922453-2)<\/span><\/p>\n<\/div>\n<div class=\"parameters\">\n<tr>\n<td>Akumul\u00e1tor<\/td>\n<td>Li-ion 40 V<\/td>\n<\/tr>\n<tr>\n<td>V\u00fdkon<\/td>\n<td>1.350 W<\/td>\n<\/tr>\n<tr>\n<td>Ot\u00e1\u010dky napr\u00e1zdno na 1. p\u0159evod<\/td>\n<td>0 &#8211; 400 min-1<\/td>\n<\/tr>\n<tr>\n<td>Ot\u00e1\u010dky napr\u00e1zdno na 2. p\u0159evod<\/td>\n<td>0 &#8211; 1.500 min-1<\/td>\n<\/tr>\n<tr>\n<td>Max. utahovac\u00ed moment<\/td>\n<td>136 \/ 55 Nm<\/td>\n<\/tr>\n<tr>\n<td>Max pr\u016fm\u011br vrt\u00e1ku<\/td>\n<td>200 mm<\/td>\n<\/tr>\n<tr>\n<td>Hmotnost<\/td>\n<td>6 \/ 7 kg<\/td>\n<\/tr>\n<tr>\n<td>Rozm\u011bry (Dx\u0160xV)<\/td>\n<td>842 x 605 x 194 mm<\/td>\n<\/tr><\/div>\n<\/table>\n","protected":false},"excerpt":{"rendered":"<p>V\u00ddPRODEJ cena na 1 ks ! Velmi siln\u00fd p\u016fdn\u00ed vrt\u00e1k technologie XGT s v\u00fdkonem 1,35kWV\u011bt\u0161\u00ed mno\u017estv\u00ed pr\u00e1ce na jedno nabit\u00ed d\u00edky na\u0161emu nov\u00e9mu akumul\u00e1toru 40 VPro tento model jsou pou\u017eiteln\u00e9 akumul\u00e1tory XGT s kapacitou 2, 2,5, 4, 5 a 8 Ah + extern\u00ed akumul\u00e1tor PDC1200AProveden\u00ed bez skl\u00ed\u010didla &#8211; adapt\u00e9r vrt\u00e1ku je sou\u010d\u00e1st\u00ed strojeMo\u017enost volby ze [&hellip;]<\/p>\n","protected":false},"featured_media":8870,"comment_status":"open","ping_status":"open","template":"","meta":[],"product_brand":[],"product_cat":[42],"product_tag":[],"class_list":{"0":"post-8770","1":"product","2":"type-product","3":"status-publish","4":"has-post-thumbnail","6":"product_cat-novinky","8":"first","9":"instock","10":"sale","11":"shipping-taxable","12":"purchasable","13":"product-type-simple"},"yoast_head":"<!-- This site is optimized with the Yoast SEO plugin v26.8 - https:\/\/yoast.com\/product\/yoast-seo-wordpress\/ -->\n<title>Levn\u00fd Makita DG002GZ aku p\u016fdn\u00ed vrt\u00e1k Li-ion XGT 40V, bez aku Z -<\/title>\n<meta name=\"robots\" content=\"index, follow, max-snippet:-1, max-image-preview:large, max-video-preview:-1\" \/>\n<link rel=\"canonical\" href=\"https:\/\/www.domstavpro.com\/index.php\/produkt\/levny-makita-dg002gz-aku-pudni-vrtak-li-ion-xgt-40v-bez-aku-z-8770\/\" \/>\n<meta property=\"og:locale\" content=\"cs_CZ\" \/>\n<meta property=\"og:type\" content=\"article\" \/>\n<meta property=\"og:title\" content=\"Levn\u00fd Makita DG002GZ aku p\u016fdn\u00ed vrt\u00e1k Li-ion XGT 40V, bez aku Z -\" \/>\n<meta property=\"og:description\" content=\"V\u00ddPRODEJ cena na 1 ks ! Velmi siln\u00fd p\u016fdn\u00ed vrt\u00e1k technologie XGT s v\u00fdkonem 1,35kWV\u011bt\u0161\u00ed mno\u017estv\u00ed pr\u00e1ce na jedno nabit\u00ed d\u00edky na\u0161emu nov\u00e9mu akumul\u00e1toru 40 VPro tento model jsou pou\u017eiteln\u00e9 akumul\u00e1tory XGT s kapacitou 2, 2,5, 4, 5 a 8 Ah + extern\u00ed akumul\u00e1tor PDC1200AProveden\u00ed bez skl\u00ed\u010didla &#8211; adapt\u00e9r vrt\u00e1ku je sou\u010d\u00e1st\u00ed strojeMo\u017enost volby ze [&hellip;]\" \/>\n<meta property=\"og:url\" content=\"https:\/\/www.domstavpro.com\/index.php\/produkt\/levny-makita-dg002gz-aku-pudni-vrtak-li-ion-xgt-40v-bez-aku-z-8770\/\" \/>\n<meta property=\"og:image\" content=\"https:\/\/www.domstavpro.com\/wp-content\/uploads\/2026\/SK0030318-CZ20260425-092328-0-1777080210-1258480-1_105310.webp\" \/>\n\t<meta property=\"og:image:width\" content=\"1000\" \/>\n\t<meta property=\"og:image:height\" content=\"419\" \/>\n\t<meta property=\"og:image:type\" content=\"image\/webp\" \/>\n<meta name=\"twitter:card\" content=\"summary_large_image\" \/>\n<meta name=\"twitter:label1\" content=\"Odhadovan\u00e1 doba \u010dten\u00ed\" \/>\n\t<meta name=\"twitter:data1\" content=\"1 minuta\" \/>\n<script type=\"application\/ld+json\" class=\"yoast-schema-graph\">{\"@context\":\"https:\/\/schema.org\",\"@graph\":[{\"@type\":\"WebPage\",\"@id\":\"https:\/\/www.domstavpro.com\/index.php\/produkt\/levny-makita-dg002gz-aku-pudni-vrtak-li-ion-xgt-40v-bez-aku-z-8770\/\",\"url\":\"https:\/\/www.domstavpro.com\/index.php\/produkt\/levny-makita-dg002gz-aku-pudni-vrtak-li-ion-xgt-40v-bez-aku-z-8770\/\",\"name\":\"Levn\u00fd Makita DG002GZ aku p\u016fdn\u00ed vrt\u00e1k Li-ion XGT 40V, bez aku Z -\",\"isPartOf\":{\"@id\":\"https:\/\/www.domstavpro.com\/#website\"},\"primaryImageOfPage\":{\"@id\":\"https:\/\/www.domstavpro.com\/index.php\/produkt\/levny-makita-dg002gz-aku-pudni-vrtak-li-ion-xgt-40v-bez-aku-z-8770\/#primaryimage\"},\"image\":{\"@id\":\"https:\/\/www.domstavpro.com\/index.php\/produkt\/levny-makita-dg002gz-aku-pudni-vrtak-li-ion-xgt-40v-bez-aku-z-8770\/#primaryimage\"},\"thumbnailUrl\":\"https:\/\/www.domstavpro.com\/wp-content\/uploads\/2026\/SK0030318-CZ20260425-092328-0-1777080210-1258480-1_105310.webp\",\"datePublished\":\"2026-04-27T15:08:13+00:00\",\"breadcrumb\":{\"@id\":\"https:\/\/www.domstavpro.com\/index.php\/produkt\/levny-makita-dg002gz-aku-pudni-vrtak-li-ion-xgt-40v-bez-aku-z-8770\/#breadcrumb\"},\"inLanguage\":\"cs\",\"potentialAction\":[{\"@type\":\"ReadAction\",\"target\":[\"https:\/\/www.domstavpro.com\/index.php\/produkt\/levny-makita-dg002gz-aku-pudni-vrtak-li-ion-xgt-40v-bez-aku-z-8770\/\"]}]},{\"@type\":\"ImageObject\",\"inLanguage\":\"cs\",\"@id\":\"https:\/\/www.domstavpro.com\/index.php\/produkt\/levny-makita-dg002gz-aku-pudni-vrtak-li-ion-xgt-40v-bez-aku-z-8770\/#primaryimage\",\"url\":\"https:\/\/www.domstavpro.com\/wp-content\/uploads\/2026\/SK0030318-CZ20260425-092328-0-1777080210-1258480-1_105310.webp\",\"contentUrl\":\"https:\/\/www.domstavpro.com\/wp-content\/uploads\/2026\/SK0030318-CZ20260425-092328-0-1777080210-1258480-1_105310.webp\",\"width\":1000,\"height\":419},{\"@type\":\"BreadcrumbList\",\"@id\":\"https:\/\/www.domstavpro.com\/index.php\/produkt\/levny-makita-dg002gz-aku-pudni-vrtak-li-ion-xgt-40v-bez-aku-z-8770\/#breadcrumb\",\"itemListElement\":[{\"@type\":\"ListItem\",\"position\":1,\"name\":\"Home\",\"item\":\"https:\/\/www.domstavpro.com\/\"},{\"@type\":\"ListItem\",\"position\":2,\"name\":\"Products\",\"item\":\"https:\/\/www.domstavpro.com\/index.php\/products\/\"},{\"@type\":\"ListItem\",\"position\":3,\"name\":\"Levn\u00fd Makita DG002GZ aku p\u016fdn\u00ed vrt\u00e1k Li-ion XGT 40V, bez aku Z\"}]},{\"@type\":\"WebSite\",\"@id\":\"https:\/\/www.domstavpro.com\/#website\",\"url\":\"https:\/\/www.domstavpro.com\/\",\"name\":\"\",\"description\":\"\",\"potentialAction\":[{\"@type\":\"SearchAction\",\"target\":{\"@type\":\"EntryPoint\",\"urlTemplate\":\"https:\/\/www.domstavpro.com\/?s={search_term_string}\"},\"query-input\":{\"@type\":\"PropertyValueSpecification\",\"valueRequired\":true,\"valueName\":\"search_term_string\"}}],\"inLanguage\":\"cs\"}]}<\/script>\n<!-- \/ Yoast SEO plugin. -->","yoast_head_json":{"title":"Levn\u00fd Makita DG002GZ aku p\u016fdn\u00ed vrt\u00e1k Li-ion XGT 40V, bez aku Z -","robots":{"index":"index","follow":"follow","max-snippet":"max-snippet:-1","max-image-preview":"max-image-preview:large","max-video-preview":"max-video-preview:-1"},"canonical":"https:\/\/www.domstavpro.com\/index.php\/produkt\/levny-makita-dg002gz-aku-pudni-vrtak-li-ion-xgt-40v-bez-aku-z-8770\/","og_locale":"cs_CZ","og_type":"article","og_title":"Levn\u00fd Makita DG002GZ aku p\u016fdn\u00ed vrt\u00e1k Li-ion XGT 40V, bez aku Z -","og_description":"V\u00ddPRODEJ cena na 1 ks ! Velmi siln\u00fd p\u016fdn\u00ed vrt\u00e1k technologie XGT s v\u00fdkonem 1,35kWV\u011bt\u0161\u00ed mno\u017estv\u00ed pr\u00e1ce na jedno nabit\u00ed d\u00edky na\u0161emu nov\u00e9mu akumul\u00e1toru 40 VPro tento model jsou pou\u017eiteln\u00e9 akumul\u00e1tory XGT s kapacitou 2, 2,5, 4, 5 a 8 Ah + extern\u00ed akumul\u00e1tor PDC1200AProveden\u00ed bez skl\u00ed\u010didla &#8211; adapt\u00e9r vrt\u00e1ku je sou\u010d\u00e1st\u00ed strojeMo\u017enost volby ze [&hellip;]","og_url":"https:\/\/www.domstavpro.com\/index.php\/produkt\/levny-makita-dg002gz-aku-pudni-vrtak-li-ion-xgt-40v-bez-aku-z-8770\/","og_image":[{"width":1000,"height":419,"url":"https:\/\/www.domstavpro.com\/wp-content\/uploads\/2026\/SK0030318-CZ20260425-092328-0-1777080210-1258480-1_105310.webp","type":"image\/webp"}],"twitter_card":"summary_large_image","twitter_misc":{"Odhadovan\u00e1 doba \u010dten\u00ed":"1 minuta"},"schema":{"@context":"https:\/\/schema.org","@graph":[{"@type":"WebPage","@id":"https:\/\/www.domstavpro.com\/index.php\/produkt\/levny-makita-dg002gz-aku-pudni-vrtak-li-ion-xgt-40v-bez-aku-z-8770\/","url":"https:\/\/www.domstavpro.com\/index.php\/produkt\/levny-makita-dg002gz-aku-pudni-vrtak-li-ion-xgt-40v-bez-aku-z-8770\/","name":"Levn\u00fd Makita DG002GZ aku p\u016fdn\u00ed vrt\u00e1k Li-ion XGT 40V, bez aku Z -","isPartOf":{"@id":"https:\/\/www.domstavpro.com\/#website"},"primaryImageOfPage":{"@id":"https:\/\/www.domstavpro.com\/index.php\/produkt\/levny-makita-dg002gz-aku-pudni-vrtak-li-ion-xgt-40v-bez-aku-z-8770\/#primaryimage"},"image":{"@id":"https:\/\/www.domstavpro.com\/index.php\/produkt\/levny-makita-dg002gz-aku-pudni-vrtak-li-ion-xgt-40v-bez-aku-z-8770\/#primaryimage"},"thumbnailUrl":"https:\/\/www.domstavpro.com\/wp-content\/uploads\/2026\/SK0030318-CZ20260425-092328-0-1777080210-1258480-1_105310.webp","datePublished":"2026-04-27T15:08:13+00:00","breadcrumb":{"@id":"https:\/\/www.domstavpro.com\/index.php\/produkt\/levny-makita-dg002gz-aku-pudni-vrtak-li-ion-xgt-40v-bez-aku-z-8770\/#breadcrumb"},"inLanguage":"cs","potentialAction":[{"@type":"ReadAction","target":["https:\/\/www.domstavpro.com\/index.php\/produkt\/levny-makita-dg002gz-aku-pudni-vrtak-li-ion-xgt-40v-bez-aku-z-8770\/"]}]},{"@type":"ImageObject","inLanguage":"cs","@id":"https:\/\/www.domstavpro.com\/index.php\/produkt\/levny-makita-dg002gz-aku-pudni-vrtak-li-ion-xgt-40v-bez-aku-z-8770\/#primaryimage","url":"https:\/\/www.domstavpro.com\/wp-content\/uploads\/2026\/SK0030318-CZ20260425-092328-0-1777080210-1258480-1_105310.webp","contentUrl":"https:\/\/www.domstavpro.com\/wp-content\/uploads\/2026\/SK0030318-CZ20260425-092328-0-1777080210-1258480-1_105310.webp","width":1000,"height":419},{"@type":"BreadcrumbList","@id":"https:\/\/www.domstavpro.com\/index.php\/produkt\/levny-makita-dg002gz-aku-pudni-vrtak-li-ion-xgt-40v-bez-aku-z-8770\/#breadcrumb","itemListElement":[{"@type":"ListItem","position":1,"name":"Home","item":"https:\/\/www.domstavpro.com\/"},{"@type":"ListItem","position":2,"name":"Products","item":"https:\/\/www.domstavpro.com\/index.php\/products\/"},{"@type":"ListItem","position":3,"name":"Levn\u00fd Makita DG002GZ aku p\u016fdn\u00ed vrt\u00e1k Li-ion XGT 40V, bez aku Z"}]},{"@type":"WebSite","@id":"https:\/\/www.domstavpro.com\/#website","url":"https:\/\/www.domstavpro.com\/","name":"","description":"","potentialAction":[{"@type":"SearchAction","target":{"@type":"EntryPoint","urlTemplate":"https:\/\/www.domstavpro.com\/?s={search_term_string}"},"query-input":{"@type":"PropertyValueSpecification","valueRequired":true,"valueName":"search_term_string"}}],"inLanguage":"cs"}]}},"_links":{"self":[{"href":"https:\/\/www.domstavpro.com\/index.php\/wp-json\/wp\/v2\/product\/8770","targetHints":{"allow":["GET"]}}],"collection":[{"href":"https:\/\/www.domstavpro.com\/index.php\/wp-json\/wp\/v2\/product"}],"about":[{"href":"https:\/\/www.domstavpro.com\/index.php\/wp-json\/wp\/v2\/types\/product"}],"replies":[{"embeddable":true,"href":"https:\/\/www.domstavpro.com\/index.php\/wp-json\/wp\/v2\/comments?post=8770"}],"wp:featuredmedia":[{"embeddable":true,"href":"https:\/\/www.domstavpro.com\/index.php\/wp-json\/wp\/v2\/media\/8870"}],"wp:attachment":[{"href":"https:\/\/www.domstavpro.com\/index.php\/wp-json\/wp\/v2\/media?parent=8770"}],"wp:term":[{"taxonomy":"product_brand","embeddable":true,"href":"https:\/\/www.domstavpro.com\/index.php\/wp-json\/wp\/v2\/product_brand?post=8770"},{"taxonomy":"product_cat","embeddable":true,"href":"https:\/\/www.domstavpro.com\/index.php\/wp-json\/wp\/v2\/product_cat?post=8770"},{"taxonomy":"product_tag","embeddable":true,"href":"https:\/\/www.domstavpro.com\/index.php\/wp-json\/wp\/v2\/product_tag?post=8770"}],"curies":[{"name":"wp","href":"https:\/\/api.w.org\/{rel}","templated":true}]}}