{"id":8547,"date":"2026-04-27T15:08:13","date_gmt":"2026-04-27T15:08:13","guid":{"rendered":""},"modified":"2026-04-27T15:08:13","modified_gmt":"2026-04-27T15:08:13","slug":"akce-schneider-ml10-bg-180x50-siroky-sekac-rovny-8547","status":"publish","type":"product","link":"https:\/\/www.domstavpro.com\/index.php\/produkt\/akce-schneider-ml10-bg-180x50-siroky-sekac-rovny-8547\/","title":{"rendered":"Akce Schneider ML10-BG 180&#215;50 \u0161irok\u00fd sek\u00e1\u010d rovn\u00fd"},"content":{"rendered":"<table>\n<div class=\"tab-pane active product-description\" id=\"popis\" role=\"tabpanel\">\n<div class=\"short-description\" itemprop=\"description\"><\/div>\n<div class=\"description\">\u27a4 Spole\u010dn\u00e9 znaky<span class='bullet-line'>Vhodn\u00e9 pro sekac\u00ed kladiva s up\u00edn\u00e1n\u00edm 10 mm<\/span><\/div>\n<div class=\"parameters\">\n<tr>\n<td>proveden\u00ed<\/td>\n<td>\u0160irok\u00fd n\u016f\u017e p\u0159\u00edm\u00fd<\/td>\n<\/tr>\n<tr>\n<td>rozm\u011bry (d\u00e9lka \u00d7 \u0161\u00ed\u0159ka)<\/td>\n<td>180 x 50mm<\/td>\n<\/tr><\/div>\n<\/table>\n","protected":false},"excerpt":{"rendered":"<p>\u27a4 Spole\u010dn\u00e9 znakyVhodn\u00e9 pro sekac\u00ed kladiva s up\u00edn\u00e1n\u00edm 10 mm proveden\u00ed \u0160irok\u00fd n\u016f\u017e p\u0159\u00edm\u00fd rozm\u011bry (d\u00e9lka \u00d7 \u0161\u00ed\u0159ka) 180 x 50mm<\/p>\n","protected":false},"featured_media":8647,"comment_status":"open","ping_status":"open","template":"","meta":[],"product_brand":[],"product_cat":[38],"product_tag":[],"class_list":{"0":"post-8547","1":"product","2":"type-product","3":"status-publish","4":"has-post-thumbnail","6":"product_cat-naradi","8":"first","9":"instock","10":"sale","11":"shipping-taxable","12":"purchasable","13":"product-type-simple"},"yoast_head":"<!-- This site is optimized with the Yoast SEO plugin v26.8 - https:\/\/yoast.com\/product\/yoast-seo-wordpress\/ -->\n<title>Akce Schneider ML10-BG 180x50 \u0161irok\u00fd sek\u00e1\u010d rovn\u00fd -<\/title>\n<meta name=\"robots\" content=\"index, follow, max-snippet:-1, max-image-preview:large, max-video-preview:-1\" \/>\n<link rel=\"canonical\" href=\"https:\/\/www.domstavpro.com\/index.php\/produkt\/akce-schneider-ml10-bg-180x50-siroky-sekac-rovny-8547\/\" \/>\n<meta property=\"og:locale\" content=\"cs_CZ\" \/>\n<meta property=\"og:type\" content=\"article\" \/>\n<meta property=\"og:title\" content=\"Akce Schneider ML10-BG 180x50 \u0161irok\u00fd sek\u00e1\u010d rovn\u00fd -\" \/>\n<meta property=\"og:description\" content=\"\u27a4 Spole\u010dn\u00e9 znakyVhodn\u00e9 pro sekac\u00ed kladiva s up\u00edn\u00e1n\u00edm 10 mm proveden\u00ed \u0160irok\u00fd n\u016f\u017e p\u0159\u00edm\u00fd rozm\u011bry (d\u00e9lka \u00d7 \u0161\u00ed\u0159ka) 180 x 50mm\" \/>\n<meta property=\"og:url\" content=\"https:\/\/www.domstavpro.com\/index.php\/produkt\/akce-schneider-ml10-bg-180x50-siroky-sekac-rovny-8547\/\" \/>\n<meta property=\"og:image\" content=\"https:\/\/www.domstavpro.com\/wp-content\/uploads\/2026\/SK0030184-CZ20260425-092328-0-1777080210-31ocp0kar-l-_sr600-2c315_piwhitestrip-2cbottomleft-2c0-2c35.webp\" \/>\n\t<meta property=\"og:image:width\" content=\"600\" \/>\n\t<meta property=\"og:image:height\" content=\"350\" \/>\n\t<meta property=\"og:image:type\" content=\"image\/webp\" \/>\n<meta name=\"twitter:card\" content=\"summary_large_image\" \/>\n<script type=\"application\/ld+json\" class=\"yoast-schema-graph\">{\"@context\":\"https:\/\/schema.org\",\"@graph\":[{\"@type\":\"WebPage\",\"@id\":\"https:\/\/www.domstavpro.com\/index.php\/produkt\/akce-schneider-ml10-bg-180x50-siroky-sekac-rovny-8547\/\",\"url\":\"https:\/\/www.domstavpro.com\/index.php\/produkt\/akce-schneider-ml10-bg-180x50-siroky-sekac-rovny-8547\/\",\"name\":\"Akce Schneider ML10-BG 180x50 \u0161irok\u00fd sek\u00e1\u010d rovn\u00fd -\",\"isPartOf\":{\"@id\":\"https:\/\/www.domstavpro.com\/#website\"},\"primaryImageOfPage\":{\"@id\":\"https:\/\/www.domstavpro.com\/index.php\/produkt\/akce-schneider-ml10-bg-180x50-siroky-sekac-rovny-8547\/#primaryimage\"},\"image\":{\"@id\":\"https:\/\/www.domstavpro.com\/index.php\/produkt\/akce-schneider-ml10-bg-180x50-siroky-sekac-rovny-8547\/#primaryimage\"},\"thumbnailUrl\":\"https:\/\/www.domstavpro.com\/wp-content\/uploads\/2026\/SK0030184-CZ20260425-092328-0-1777080210-31ocp0kar-l-_sr600-2c315_piwhitestrip-2cbottomleft-2c0-2c35.webp\",\"datePublished\":\"2026-04-27T15:08:13+00:00\",\"breadcrumb\":{\"@id\":\"https:\/\/www.domstavpro.com\/index.php\/produkt\/akce-schneider-ml10-bg-180x50-siroky-sekac-rovny-8547\/#breadcrumb\"},\"inLanguage\":\"cs\",\"potentialAction\":[{\"@type\":\"ReadAction\",\"target\":[\"https:\/\/www.domstavpro.com\/index.php\/produkt\/akce-schneider-ml10-bg-180x50-siroky-sekac-rovny-8547\/\"]}]},{\"@type\":\"ImageObject\",\"inLanguage\":\"cs\",\"@id\":\"https:\/\/www.domstavpro.com\/index.php\/produkt\/akce-schneider-ml10-bg-180x50-siroky-sekac-rovny-8547\/#primaryimage\",\"url\":\"https:\/\/www.domstavpro.com\/wp-content\/uploads\/2026\/SK0030184-CZ20260425-092328-0-1777080210-31ocp0kar-l-_sr600-2c315_piwhitestrip-2cbottomleft-2c0-2c35.webp\",\"contentUrl\":\"https:\/\/www.domstavpro.com\/wp-content\/uploads\/2026\/SK0030184-CZ20260425-092328-0-1777080210-31ocp0kar-l-_sr600-2c315_piwhitestrip-2cbottomleft-2c0-2c35.webp\",\"width\":600,\"height\":350},{\"@type\":\"BreadcrumbList\",\"@id\":\"https:\/\/www.domstavpro.com\/index.php\/produkt\/akce-schneider-ml10-bg-180x50-siroky-sekac-rovny-8547\/#breadcrumb\",\"itemListElement\":[{\"@type\":\"ListItem\",\"position\":1,\"name\":\"Home\",\"item\":\"https:\/\/www.domstavpro.com\/\"},{\"@type\":\"ListItem\",\"position\":2,\"name\":\"Products\",\"item\":\"https:\/\/www.domstavpro.com\/index.php\/products\/\"},{\"@type\":\"ListItem\",\"position\":3,\"name\":\"Akce Schneider ML10-BG 180&#215;50 \u0161irok\u00fd sek\u00e1\u010d rovn\u00fd\"}]},{\"@type\":\"WebSite\",\"@id\":\"https:\/\/www.domstavpro.com\/#website\",\"url\":\"https:\/\/www.domstavpro.com\/\",\"name\":\"\",\"description\":\"\",\"potentialAction\":[{\"@type\":\"SearchAction\",\"target\":{\"@type\":\"EntryPoint\",\"urlTemplate\":\"https:\/\/www.domstavpro.com\/?s={search_term_string}\"},\"query-input\":{\"@type\":\"PropertyValueSpecification\",\"valueRequired\":true,\"valueName\":\"search_term_string\"}}],\"inLanguage\":\"cs\"}]}<\/script>\n<!-- \/ Yoast SEO plugin. -->","yoast_head_json":{"title":"Akce Schneider ML10-BG 180x50 \u0161irok\u00fd sek\u00e1\u010d rovn\u00fd -","robots":{"index":"index","follow":"follow","max-snippet":"max-snippet:-1","max-image-preview":"max-image-preview:large","max-video-preview":"max-video-preview:-1"},"canonical":"https:\/\/www.domstavpro.com\/index.php\/produkt\/akce-schneider-ml10-bg-180x50-siroky-sekac-rovny-8547\/","og_locale":"cs_CZ","og_type":"article","og_title":"Akce Schneider ML10-BG 180x50 \u0161irok\u00fd sek\u00e1\u010d rovn\u00fd -","og_description":"\u27a4 Spole\u010dn\u00e9 znakyVhodn\u00e9 pro sekac\u00ed kladiva s up\u00edn\u00e1n\u00edm 10 mm proveden\u00ed \u0160irok\u00fd n\u016f\u017e p\u0159\u00edm\u00fd rozm\u011bry (d\u00e9lka \u00d7 \u0161\u00ed\u0159ka) 180 x 50mm","og_url":"https:\/\/www.domstavpro.com\/index.php\/produkt\/akce-schneider-ml10-bg-180x50-siroky-sekac-rovny-8547\/","og_image":[{"width":600,"height":350,"url":"https:\/\/www.domstavpro.com\/wp-content\/uploads\/2026\/SK0030184-CZ20260425-092328-0-1777080210-31ocp0kar-l-_sr600-2c315_piwhitestrip-2cbottomleft-2c0-2c35.webp","type":"image\/webp"}],"twitter_card":"summary_large_image","schema":{"@context":"https:\/\/schema.org","@graph":[{"@type":"WebPage","@id":"https:\/\/www.domstavpro.com\/index.php\/produkt\/akce-schneider-ml10-bg-180x50-siroky-sekac-rovny-8547\/","url":"https:\/\/www.domstavpro.com\/index.php\/produkt\/akce-schneider-ml10-bg-180x50-siroky-sekac-rovny-8547\/","name":"Akce Schneider ML10-BG 180x50 \u0161irok\u00fd sek\u00e1\u010d rovn\u00fd -","isPartOf":{"@id":"https:\/\/www.domstavpro.com\/#website"},"primaryImageOfPage":{"@id":"https:\/\/www.domstavpro.com\/index.php\/produkt\/akce-schneider-ml10-bg-180x50-siroky-sekac-rovny-8547\/#primaryimage"},"image":{"@id":"https:\/\/www.domstavpro.com\/index.php\/produkt\/akce-schneider-ml10-bg-180x50-siroky-sekac-rovny-8547\/#primaryimage"},"thumbnailUrl":"https:\/\/www.domstavpro.com\/wp-content\/uploads\/2026\/SK0030184-CZ20260425-092328-0-1777080210-31ocp0kar-l-_sr600-2c315_piwhitestrip-2cbottomleft-2c0-2c35.webp","datePublished":"2026-04-27T15:08:13+00:00","breadcrumb":{"@id":"https:\/\/www.domstavpro.com\/index.php\/produkt\/akce-schneider-ml10-bg-180x50-siroky-sekac-rovny-8547\/#breadcrumb"},"inLanguage":"cs","potentialAction":[{"@type":"ReadAction","target":["https:\/\/www.domstavpro.com\/index.php\/produkt\/akce-schneider-ml10-bg-180x50-siroky-sekac-rovny-8547\/"]}]},{"@type":"ImageObject","inLanguage":"cs","@id":"https:\/\/www.domstavpro.com\/index.php\/produkt\/akce-schneider-ml10-bg-180x50-siroky-sekac-rovny-8547\/#primaryimage","url":"https:\/\/www.domstavpro.com\/wp-content\/uploads\/2026\/SK0030184-CZ20260425-092328-0-1777080210-31ocp0kar-l-_sr600-2c315_piwhitestrip-2cbottomleft-2c0-2c35.webp","contentUrl":"https:\/\/www.domstavpro.com\/wp-content\/uploads\/2026\/SK0030184-CZ20260425-092328-0-1777080210-31ocp0kar-l-_sr600-2c315_piwhitestrip-2cbottomleft-2c0-2c35.webp","width":600,"height":350},{"@type":"BreadcrumbList","@id":"https:\/\/www.domstavpro.com\/index.php\/produkt\/akce-schneider-ml10-bg-180x50-siroky-sekac-rovny-8547\/#breadcrumb","itemListElement":[{"@type":"ListItem","position":1,"name":"Home","item":"https:\/\/www.domstavpro.com\/"},{"@type":"ListItem","position":2,"name":"Products","item":"https:\/\/www.domstavpro.com\/index.php\/products\/"},{"@type":"ListItem","position":3,"name":"Akce Schneider ML10-BG 180&#215;50 \u0161irok\u00fd sek\u00e1\u010d rovn\u00fd"}]},{"@type":"WebSite","@id":"https:\/\/www.domstavpro.com\/#website","url":"https:\/\/www.domstavpro.com\/","name":"","description":"","potentialAction":[{"@type":"SearchAction","target":{"@type":"EntryPoint","urlTemplate":"https:\/\/www.domstavpro.com\/?s={search_term_string}"},"query-input":{"@type":"PropertyValueSpecification","valueRequired":true,"valueName":"search_term_string"}}],"inLanguage":"cs"}]}},"_links":{"self":[{"href":"https:\/\/www.domstavpro.com\/index.php\/wp-json\/wp\/v2\/product\/8547","targetHints":{"allow":["GET"]}}],"collection":[{"href":"https:\/\/www.domstavpro.com\/index.php\/wp-json\/wp\/v2\/product"}],"about":[{"href":"https:\/\/www.domstavpro.com\/index.php\/wp-json\/wp\/v2\/types\/product"}],"replies":[{"embeddable":true,"href":"https:\/\/www.domstavpro.com\/index.php\/wp-json\/wp\/v2\/comments?post=8547"}],"wp:featuredmedia":[{"embeddable":true,"href":"https:\/\/www.domstavpro.com\/index.php\/wp-json\/wp\/v2\/media\/8647"}],"wp:attachment":[{"href":"https:\/\/www.domstavpro.com\/index.php\/wp-json\/wp\/v2\/media?parent=8547"}],"wp:term":[{"taxonomy":"product_brand","embeddable":true,"href":"https:\/\/www.domstavpro.com\/index.php\/wp-json\/wp\/v2\/product_brand?post=8547"},{"taxonomy":"product_cat","embeddable":true,"href":"https:\/\/www.domstavpro.com\/index.php\/wp-json\/wp\/v2\/product_cat?post=8547"},{"taxonomy":"product_tag","embeddable":true,"href":"https:\/\/www.domstavpro.com\/index.php\/wp-json\/wp\/v2\/product_tag?post=8547"}],"curies":[{"name":"wp","href":"https:\/\/api.w.org\/{rel}","templated":true}]}}