{"id":8494,"date":"2026-04-27T15:08:13","date_gmt":"2026-04-27T15:08:13","guid":{"rendered":""},"modified":"2026-04-27T15:08:13","modified_gmt":"2026-04-27T15:08:13","slug":"zlevneny-schneider-pn-18-0-6-nk-10000-hrebiky-8494","status":"publish","type":"product","link":"https:\/\/www.domstavpro.com\/index.php\/produkt\/zlevneny-schneider-pn-18-0-6-nk-10000-hrebiky-8494\/","title":{"rendered":"Zlevn\u011bn\u00fd Schneider PN 18-0,6 NK\/10000 h\u0159eb\u00edky"},"content":{"rendered":"<table>\n<div class=\"tab-pane active product-description\" id=\"popis\" role=\"tabpanel\">\n<div class=\"short-description\" itemprop=\"description\"><\/div>\n<div class=\"description\">K tomuto produktu nen\u00ed zad\u00e1n popis.<\/div>\n<div class=\"parameters\">\n<tr>\n<td>tlou\u0161\u0165ka dr\u00e1tu<\/td>\n<td>0.64mm<\/td>\n<\/tr>\n<tr>\n<td>d\u00e9lka<\/td>\n<td>18mm<\/td>\n<\/tr>\n<tr>\n<td>jednotka balen\u00ed<\/td>\n<td>10000ks<\/td>\n<\/tr><\/div>\n<\/table>\n","protected":false},"excerpt":{"rendered":"<p>K tomuto produktu nen\u00ed zad\u00e1n popis. tlou\u0161\u0165ka dr\u00e1tu 0.64mm d\u00e9lka 18mm jednotka balen\u00ed 10000ks<\/p>\n","protected":false},"featured_media":8594,"comment_status":"open","ping_status":"open","template":"","meta":[],"product_brand":[],"product_cat":[38],"product_tag":[],"class_list":{"0":"post-8494","1":"product","2":"type-product","3":"status-publish","4":"has-post-thumbnail","6":"product_cat-naradi","8":"first","9":"instock","10":"sale","11":"shipping-taxable","12":"purchasable","13":"product-type-simple"},"yoast_head":"<!-- This site is optimized with the Yoast SEO plugin v26.8 - https:\/\/yoast.com\/product\/yoast-seo-wordpress\/ -->\n<title>Zlevn\u011bn\u00fd Schneider PN 18-0,6 NK\/10000 h\u0159eb\u00edky -<\/title>\n<meta name=\"robots\" content=\"index, follow, max-snippet:-1, max-image-preview:large, max-video-preview:-1\" \/>\n<link rel=\"canonical\" href=\"https:\/\/www.domstavpro.com\/index.php\/produkt\/zlevneny-schneider-pn-18-0-6-nk-10000-hrebiky-8494\/\" \/>\n<meta property=\"og:locale\" content=\"cs_CZ\" \/>\n<meta property=\"og:type\" content=\"article\" \/>\n<meta property=\"og:title\" content=\"Zlevn\u011bn\u00fd Schneider PN 18-0,6 NK\/10000 h\u0159eb\u00edky -\" \/>\n<meta property=\"og:description\" content=\"K tomuto produktu nen\u00ed zad\u00e1n popis. tlou\u0161\u0165ka dr\u00e1tu 0.64mm d\u00e9lka 18mm jednotka balen\u00ed 10000ks\" \/>\n<meta property=\"og:url\" content=\"https:\/\/www.domstavpro.com\/index.php\/produkt\/zlevneny-schneider-pn-18-0-6-nk-10000-hrebiky-8494\/\" \/>\n<meta property=\"og:image\" content=\"https:\/\/www.domstavpro.com\/wp-content\/uploads\/2026\/SK0030126-CZ20260425-092328-0-1777080210-1258211-1_132224.webp\" \/>\n\t<meta property=\"og:image:width\" content=\"171\" \/>\n\t<meta property=\"og:image:height\" content=\"800\" \/>\n\t<meta property=\"og:image:type\" content=\"image\/webp\" \/>\n<meta name=\"twitter:card\" content=\"summary_large_image\" \/>\n<script type=\"application\/ld+json\" class=\"yoast-schema-graph\">{\"@context\":\"https:\/\/schema.org\",\"@graph\":[{\"@type\":\"WebPage\",\"@id\":\"https:\/\/www.domstavpro.com\/index.php\/produkt\/zlevneny-schneider-pn-18-0-6-nk-10000-hrebiky-8494\/\",\"url\":\"https:\/\/www.domstavpro.com\/index.php\/produkt\/zlevneny-schneider-pn-18-0-6-nk-10000-hrebiky-8494\/\",\"name\":\"Zlevn\u011bn\u00fd Schneider PN 18-0,6 NK\/10000 h\u0159eb\u00edky -\",\"isPartOf\":{\"@id\":\"https:\/\/www.domstavpro.com\/#website\"},\"primaryImageOfPage\":{\"@id\":\"https:\/\/www.domstavpro.com\/index.php\/produkt\/zlevneny-schneider-pn-18-0-6-nk-10000-hrebiky-8494\/#primaryimage\"},\"image\":{\"@id\":\"https:\/\/www.domstavpro.com\/index.php\/produkt\/zlevneny-schneider-pn-18-0-6-nk-10000-hrebiky-8494\/#primaryimage\"},\"thumbnailUrl\":\"https:\/\/www.domstavpro.com\/wp-content\/uploads\/2026\/SK0030126-CZ20260425-092328-0-1777080210-1258211-1_132224.webp\",\"datePublished\":\"2026-04-27T15:08:13+00:00\",\"breadcrumb\":{\"@id\":\"https:\/\/www.domstavpro.com\/index.php\/produkt\/zlevneny-schneider-pn-18-0-6-nk-10000-hrebiky-8494\/#breadcrumb\"},\"inLanguage\":\"cs\",\"potentialAction\":[{\"@type\":\"ReadAction\",\"target\":[\"https:\/\/www.domstavpro.com\/index.php\/produkt\/zlevneny-schneider-pn-18-0-6-nk-10000-hrebiky-8494\/\"]}]},{\"@type\":\"ImageObject\",\"inLanguage\":\"cs\",\"@id\":\"https:\/\/www.domstavpro.com\/index.php\/produkt\/zlevneny-schneider-pn-18-0-6-nk-10000-hrebiky-8494\/#primaryimage\",\"url\":\"https:\/\/www.domstavpro.com\/wp-content\/uploads\/2026\/SK0030126-CZ20260425-092328-0-1777080210-1258211-1_132224.webp\",\"contentUrl\":\"https:\/\/www.domstavpro.com\/wp-content\/uploads\/2026\/SK0030126-CZ20260425-092328-0-1777080210-1258211-1_132224.webp\",\"width\":171,\"height\":800},{\"@type\":\"BreadcrumbList\",\"@id\":\"https:\/\/www.domstavpro.com\/index.php\/produkt\/zlevneny-schneider-pn-18-0-6-nk-10000-hrebiky-8494\/#breadcrumb\",\"itemListElement\":[{\"@type\":\"ListItem\",\"position\":1,\"name\":\"Home\",\"item\":\"https:\/\/www.domstavpro.com\/\"},{\"@type\":\"ListItem\",\"position\":2,\"name\":\"Products\",\"item\":\"https:\/\/www.domstavpro.com\/index.php\/products\/\"},{\"@type\":\"ListItem\",\"position\":3,\"name\":\"Zlevn\u011bn\u00fd Schneider PN 18-0,6 NK\/10000 h\u0159eb\u00edky\"}]},{\"@type\":\"WebSite\",\"@id\":\"https:\/\/www.domstavpro.com\/#website\",\"url\":\"https:\/\/www.domstavpro.com\/\",\"name\":\"\",\"description\":\"\",\"potentialAction\":[{\"@type\":\"SearchAction\",\"target\":{\"@type\":\"EntryPoint\",\"urlTemplate\":\"https:\/\/www.domstavpro.com\/?s={search_term_string}\"},\"query-input\":{\"@type\":\"PropertyValueSpecification\",\"valueRequired\":true,\"valueName\":\"search_term_string\"}}],\"inLanguage\":\"cs\"}]}<\/script>\n<!-- \/ Yoast SEO plugin. -->","yoast_head_json":{"title":"Zlevn\u011bn\u00fd Schneider PN 18-0,6 NK\/10000 h\u0159eb\u00edky -","robots":{"index":"index","follow":"follow","max-snippet":"max-snippet:-1","max-image-preview":"max-image-preview:large","max-video-preview":"max-video-preview:-1"},"canonical":"https:\/\/www.domstavpro.com\/index.php\/produkt\/zlevneny-schneider-pn-18-0-6-nk-10000-hrebiky-8494\/","og_locale":"cs_CZ","og_type":"article","og_title":"Zlevn\u011bn\u00fd Schneider PN 18-0,6 NK\/10000 h\u0159eb\u00edky -","og_description":"K tomuto produktu nen\u00ed zad\u00e1n popis. tlou\u0161\u0165ka dr\u00e1tu 0.64mm d\u00e9lka 18mm jednotka balen\u00ed 10000ks","og_url":"https:\/\/www.domstavpro.com\/index.php\/produkt\/zlevneny-schneider-pn-18-0-6-nk-10000-hrebiky-8494\/","og_image":[{"width":171,"height":800,"url":"https:\/\/www.domstavpro.com\/wp-content\/uploads\/2026\/SK0030126-CZ20260425-092328-0-1777080210-1258211-1_132224.webp","type":"image\/webp"}],"twitter_card":"summary_large_image","schema":{"@context":"https:\/\/schema.org","@graph":[{"@type":"WebPage","@id":"https:\/\/www.domstavpro.com\/index.php\/produkt\/zlevneny-schneider-pn-18-0-6-nk-10000-hrebiky-8494\/","url":"https:\/\/www.domstavpro.com\/index.php\/produkt\/zlevneny-schneider-pn-18-0-6-nk-10000-hrebiky-8494\/","name":"Zlevn\u011bn\u00fd Schneider PN 18-0,6 NK\/10000 h\u0159eb\u00edky -","isPartOf":{"@id":"https:\/\/www.domstavpro.com\/#website"},"primaryImageOfPage":{"@id":"https:\/\/www.domstavpro.com\/index.php\/produkt\/zlevneny-schneider-pn-18-0-6-nk-10000-hrebiky-8494\/#primaryimage"},"image":{"@id":"https:\/\/www.domstavpro.com\/index.php\/produkt\/zlevneny-schneider-pn-18-0-6-nk-10000-hrebiky-8494\/#primaryimage"},"thumbnailUrl":"https:\/\/www.domstavpro.com\/wp-content\/uploads\/2026\/SK0030126-CZ20260425-092328-0-1777080210-1258211-1_132224.webp","datePublished":"2026-04-27T15:08:13+00:00","breadcrumb":{"@id":"https:\/\/www.domstavpro.com\/index.php\/produkt\/zlevneny-schneider-pn-18-0-6-nk-10000-hrebiky-8494\/#breadcrumb"},"inLanguage":"cs","potentialAction":[{"@type":"ReadAction","target":["https:\/\/www.domstavpro.com\/index.php\/produkt\/zlevneny-schneider-pn-18-0-6-nk-10000-hrebiky-8494\/"]}]},{"@type":"ImageObject","inLanguage":"cs","@id":"https:\/\/www.domstavpro.com\/index.php\/produkt\/zlevneny-schneider-pn-18-0-6-nk-10000-hrebiky-8494\/#primaryimage","url":"https:\/\/www.domstavpro.com\/wp-content\/uploads\/2026\/SK0030126-CZ20260425-092328-0-1777080210-1258211-1_132224.webp","contentUrl":"https:\/\/www.domstavpro.com\/wp-content\/uploads\/2026\/SK0030126-CZ20260425-092328-0-1777080210-1258211-1_132224.webp","width":171,"height":800},{"@type":"BreadcrumbList","@id":"https:\/\/www.domstavpro.com\/index.php\/produkt\/zlevneny-schneider-pn-18-0-6-nk-10000-hrebiky-8494\/#breadcrumb","itemListElement":[{"@type":"ListItem","position":1,"name":"Home","item":"https:\/\/www.domstavpro.com\/"},{"@type":"ListItem","position":2,"name":"Products","item":"https:\/\/www.domstavpro.com\/index.php\/products\/"},{"@type":"ListItem","position":3,"name":"Zlevn\u011bn\u00fd Schneider PN 18-0,6 NK\/10000 h\u0159eb\u00edky"}]},{"@type":"WebSite","@id":"https:\/\/www.domstavpro.com\/#website","url":"https:\/\/www.domstavpro.com\/","name":"","description":"","potentialAction":[{"@type":"SearchAction","target":{"@type":"EntryPoint","urlTemplate":"https:\/\/www.domstavpro.com\/?s={search_term_string}"},"query-input":{"@type":"PropertyValueSpecification","valueRequired":true,"valueName":"search_term_string"}}],"inLanguage":"cs"}]}},"_links":{"self":[{"href":"https:\/\/www.domstavpro.com\/index.php\/wp-json\/wp\/v2\/product\/8494","targetHints":{"allow":["GET"]}}],"collection":[{"href":"https:\/\/www.domstavpro.com\/index.php\/wp-json\/wp\/v2\/product"}],"about":[{"href":"https:\/\/www.domstavpro.com\/index.php\/wp-json\/wp\/v2\/types\/product"}],"replies":[{"embeddable":true,"href":"https:\/\/www.domstavpro.com\/index.php\/wp-json\/wp\/v2\/comments?post=8494"}],"wp:featuredmedia":[{"embeddable":true,"href":"https:\/\/www.domstavpro.com\/index.php\/wp-json\/wp\/v2\/media\/8594"}],"wp:attachment":[{"href":"https:\/\/www.domstavpro.com\/index.php\/wp-json\/wp\/v2\/media?parent=8494"}],"wp:term":[{"taxonomy":"product_brand","embeddable":true,"href":"https:\/\/www.domstavpro.com\/index.php\/wp-json\/wp\/v2\/product_brand?post=8494"},{"taxonomy":"product_cat","embeddable":true,"href":"https:\/\/www.domstavpro.com\/index.php\/wp-json\/wp\/v2\/product_cat?post=8494"},{"taxonomy":"product_tag","embeddable":true,"href":"https:\/\/www.domstavpro.com\/index.php\/wp-json\/wp\/v2\/product_tag?post=8494"}],"curies":[{"name":"wp","href":"https:\/\/api.w.org\/{rel}","templated":true}]}}