{"id":8350,"date":"2026-04-27T15:08:12","date_gmt":"2026-04-27T15:08:12","guid":{"rendered":""},"modified":"2026-04-27T15:08:12","modified_gmt":"2026-04-27T15:08:12","slug":"hit-sezony-detecha-superkov-satin-0-8kg-sedy-pastelovy-ral-7040-8350","status":"publish","type":"product","link":"https:\/\/www.domstavpro.com\/index.php\/produkt\/hit-sezony-detecha-superkov-satin-0-8kg-sedy-pastelovy-ral-7040-8350\/","title":{"rendered":"Hit Sez\u00f3ny Detecha SUPERKOV SATIN 0,8kg \u0161ed\u00fd (pastelov\u00fd) RAL 7040"},"content":{"rendered":"<table>\n<div class=\"tab-pane active product-description\" id=\"popis\" role=\"tabpanel\">\n<div class=\"short-description\" itemprop=\"description\"><\/div>\n<div class=\"description\"><span class='bullet-line'>Antikorozn\u00ed pololeskl\u00e1 syntetick\u00e1 n\u00e1t\u011brov\u00e1 hmota na kovov\u00e9 materi\u00e1ly. <br \/><\/span><span class='bullet-line'>Z\u00e1kladn\u00ed a vrchn\u00ed alkyduretanov\u00e1 barva. <br \/><\/span><span class='bullet-line'>Odol\u00e1v\u00e1 pov\u011btrnostn\u00edm vliv\u016fm a UV z\u00e1\u0159en\u00ed. <br \/><\/span><span class='bullet-line'>K dlouhodob\u00e9 ochran\u011b posta\u010d\u00ed 2\u20133 vrstvy n\u00e1t\u011bru.<br \/><\/span><br \/>\u25ba P\u0159ednosti:<span class='bullet-line'>Antikorozn\u00ed z\u00e1kladn\u00ed a vrchn\u00ed n\u00e1t\u011br v jednom.<br \/><\/span><span class='bullet-line'>Vysoce pru\u017en\u00fd, zvl\u00e1d\u00e1 i v\u00fdrazn\u00e9 teplotn\u00ed v\u00fdkyvy.<br \/><\/span><span class='bullet-line'>Na nov\u00e9 i star\u00e9 povrchy.<br \/><\/span><span class='bullet-line'>Na kovov\u00e9, pozinkovan\u00e9 a hlin\u00edkov\u00e9 podklady.<br \/><\/span><span class='bullet-line'>Vysok\u00e1 kryc\u00ed schopnost.<br \/><\/span><span class='bullet-line'>Velk\u00e1 vydatnost n\u00e1t\u011brov\u00e9 hmoty.<br \/><\/span><span class='bullet-line'>Vytv\u00e1\u0159\u00ed vysoce kvalitn\u00ed pololeskl\u00fd povrch.<br \/><\/span><span class='bullet-line'>Dlouhodob\u00e1 \u017eivotnost n\u00e1t\u011bru.<\/span><\/div>\n<div class=\"parameters\">\n<tr>\n<td>Pou\u017eit\u00ed<\/td>\n<td>Venkovn\u00ed i vnit\u0159n\u00ed n\u00e1t\u011bry kov\u016f.<\/td>\n<\/tr>\n<tr>\n<td><\/td>\n<td>Plechov\u00e9 st\u0159e\u0161n\u00ed krytiny, vrata, okapy, parapety, z\u00e1rubn\u011b, ocelov\u00e9 konstrukce, ploty a jin\u00e9 kovov\u00e9 materi\u00e1ly.<\/td>\n<\/tr>\n<tr>\n<td><\/td>\n<td>Zkorodovan\u00fd podklad doporu\u010dujeme mechanicky o\u010distit a o\u0161et\u0159it p\u0159\u00edpravkem Fest Primer.<\/td>\n<\/tr>\n<tr>\n<td>Spot\u0159eba<\/td>\n<td>1 kg na 9\u201311 m\u00b2 v jedn\u00e9 vrstv\u011b<\/td>\n<\/tr>\n<tr>\n<td>\u0158edidlo<\/td>\n<td>S 6005 nebo S 6006<\/td>\n<\/tr>\n<tr>\n<td>Balen\u00ed<\/td>\n<td>0,8\u2008kg, 2,5\u2008kg, 5\u2008kg, 20 kg<\/td>\n<\/tr>\n<tr>\n<td>Odst\u00edny<\/td>\n<td>pololesk<\/td>\n<\/tr>\n<tr>\n<td>N\u00e1t\u011brov\u00e1 hmota je vhodn\u00e1 k nan\u00e1\u0161en\u00ed pomoc\u00ed :<\/td>\n<td>I. \u0160tetky<\/td>\n<\/tr>\n<tr>\n<td><\/td>\n<td>II. V\u00e1le\u010dku<\/td>\n<\/tr>\n<tr>\n<td><\/td>\n<td>III. St\u0159\u00edk\u00e1n\u00ed<\/td>\n<\/tr><\/div>\n<\/table>\n","protected":false},"excerpt":{"rendered":"<p>Antikorozn\u00ed pololeskl\u00e1 syntetick\u00e1 n\u00e1t\u011brov\u00e1 hmota na kovov\u00e9 materi\u00e1ly. Z\u00e1kladn\u00ed a vrchn\u00ed alkyduretanov\u00e1 barva. Odol\u00e1v\u00e1 pov\u011btrnostn\u00edm vliv\u016fm a UV z\u00e1\u0159en\u00ed. K dlouhodob\u00e9 ochran\u011b posta\u010d\u00ed 2\u20133 vrstvy n\u00e1t\u011bru.\u25ba P\u0159ednosti:Antikorozn\u00ed z\u00e1kladn\u00ed a vrchn\u00ed n\u00e1t\u011br v jednom.Vysoce pru\u017en\u00fd, zvl\u00e1d\u00e1 i v\u00fdrazn\u00e9 teplotn\u00ed v\u00fdkyvy.Na nov\u00e9 i star\u00e9 povrchy.Na kovov\u00e9, pozinkovan\u00e9 a hlin\u00edkov\u00e9 podklady.Vysok\u00e1 kryc\u00ed schopnost.Velk\u00e1 vydatnost n\u00e1t\u011brov\u00e9 hmoty.Vytv\u00e1\u0159\u00ed vysoce kvalitn\u00ed [&hellip;]<\/p>\n","protected":false},"featured_media":8450,"comment_status":"open","ping_status":"open","template":"","meta":[],"product_brand":[],"product_cat":[46,48,47],"product_tag":[],"class_list":{"0":"post-8350","1":"product","2":"type-product","3":"status-publish","4":"has-post-thumbnail","6":"product_cat-barvy","7":"product_cat-chemie","8":"product_cat-laky","10":"first","11":"instock","12":"sale","13":"shipping-taxable","14":"purchasable","15":"product-type-simple"},"yoast_head":"<!-- This site is optimized with the Yoast SEO plugin v26.8 - https:\/\/yoast.com\/product\/yoast-seo-wordpress\/ -->\n<title>Hit Sez\u00f3ny Detecha SUPERKOV SATIN 0,8kg \u0161ed\u00fd (pastelov\u00fd) RAL 7040 -<\/title>\n<meta name=\"robots\" content=\"index, follow, max-snippet:-1, max-image-preview:large, max-video-preview:-1\" \/>\n<link rel=\"canonical\" href=\"https:\/\/www.domstavpro.com\/index.php\/produkt\/hit-sezony-detecha-superkov-satin-0-8kg-sedy-pastelovy-ral-7040-8350\/\" \/>\n<meta property=\"og:locale\" content=\"cs_CZ\" \/>\n<meta property=\"og:type\" content=\"article\" \/>\n<meta property=\"og:title\" content=\"Hit Sez\u00f3ny Detecha SUPERKOV SATIN 0,8kg \u0161ed\u00fd (pastelov\u00fd) RAL 7040 -\" \/>\n<meta property=\"og:description\" content=\"Antikorozn\u00ed pololeskl\u00e1 syntetick\u00e1 n\u00e1t\u011brov\u00e1 hmota na kovov\u00e9 materi\u00e1ly. Z\u00e1kladn\u00ed a vrchn\u00ed alkyduretanov\u00e1 barva. Odol\u00e1v\u00e1 pov\u011btrnostn\u00edm vliv\u016fm a UV z\u00e1\u0159en\u00ed. K dlouhodob\u00e9 ochran\u011b posta\u010d\u00ed 2\u20133 vrstvy n\u00e1t\u011bru.\u25ba P\u0159ednosti:Antikorozn\u00ed z\u00e1kladn\u00ed a vrchn\u00ed n\u00e1t\u011br v jednom.Vysoce pru\u017en\u00fd, zvl\u00e1d\u00e1 i v\u00fdrazn\u00e9 teplotn\u00ed v\u00fdkyvy.Na nov\u00e9 i star\u00e9 povrchy.Na kovov\u00e9, pozinkovan\u00e9 a hlin\u00edkov\u00e9 podklady.Vysok\u00e1 kryc\u00ed schopnost.Velk\u00e1 vydatnost n\u00e1t\u011brov\u00e9 hmoty.Vytv\u00e1\u0159\u00ed vysoce kvalitn\u00ed [&hellip;]\" \/>\n<meta property=\"og:url\" content=\"https:\/\/www.domstavpro.com\/index.php\/produkt\/hit-sezony-detecha-superkov-satin-0-8kg-sedy-pastelovy-ral-7040-8350\/\" \/>\n<meta property=\"og:image\" content=\"https:\/\/www.domstavpro.com\/wp-content\/uploads\/2026\/SK0030081-CZ20260425-092328-0-1777080210-detecha-superkov-satin-0-8kg-sedy-pastelovy-ral-7040.webp\" \/>\n\t<meta property=\"og:image:width\" content=\"700\" \/>\n\t<meta property=\"og:image:height\" content=\"560\" \/>\n\t<meta property=\"og:image:type\" content=\"image\/webp\" \/>\n<meta name=\"twitter:card\" content=\"summary_large_image\" \/>\n<meta name=\"twitter:label1\" content=\"Odhadovan\u00e1 doba \u010dten\u00ed\" \/>\n\t<meta name=\"twitter:data1\" content=\"1 minuta\" \/>\n<script type=\"application\/ld+json\" class=\"yoast-schema-graph\">{\"@context\":\"https:\/\/schema.org\",\"@graph\":[{\"@type\":\"WebPage\",\"@id\":\"https:\/\/www.domstavpro.com\/index.php\/produkt\/hit-sezony-detecha-superkov-satin-0-8kg-sedy-pastelovy-ral-7040-8350\/\",\"url\":\"https:\/\/www.domstavpro.com\/index.php\/produkt\/hit-sezony-detecha-superkov-satin-0-8kg-sedy-pastelovy-ral-7040-8350\/\",\"name\":\"Hit Sez\u00f3ny Detecha SUPERKOV SATIN 0,8kg \u0161ed\u00fd (pastelov\u00fd) RAL 7040 -\",\"isPartOf\":{\"@id\":\"https:\/\/www.domstavpro.com\/#website\"},\"primaryImageOfPage\":{\"@id\":\"https:\/\/www.domstavpro.com\/index.php\/produkt\/hit-sezony-detecha-superkov-satin-0-8kg-sedy-pastelovy-ral-7040-8350\/#primaryimage\"},\"image\":{\"@id\":\"https:\/\/www.domstavpro.com\/index.php\/produkt\/hit-sezony-detecha-superkov-satin-0-8kg-sedy-pastelovy-ral-7040-8350\/#primaryimage\"},\"thumbnailUrl\":\"https:\/\/www.domstavpro.com\/wp-content\/uploads\/2026\/SK0030081-CZ20260425-092328-0-1777080210-detecha-superkov-satin-0-8kg-sedy-pastelovy-ral-7040.webp\",\"datePublished\":\"2026-04-27T15:08:12+00:00\",\"breadcrumb\":{\"@id\":\"https:\/\/www.domstavpro.com\/index.php\/produkt\/hit-sezony-detecha-superkov-satin-0-8kg-sedy-pastelovy-ral-7040-8350\/#breadcrumb\"},\"inLanguage\":\"cs\",\"potentialAction\":[{\"@type\":\"ReadAction\",\"target\":[\"https:\/\/www.domstavpro.com\/index.php\/produkt\/hit-sezony-detecha-superkov-satin-0-8kg-sedy-pastelovy-ral-7040-8350\/\"]}]},{\"@type\":\"ImageObject\",\"inLanguage\":\"cs\",\"@id\":\"https:\/\/www.domstavpro.com\/index.php\/produkt\/hit-sezony-detecha-superkov-satin-0-8kg-sedy-pastelovy-ral-7040-8350\/#primaryimage\",\"url\":\"https:\/\/www.domstavpro.com\/wp-content\/uploads\/2026\/SK0030081-CZ20260425-092328-0-1777080210-detecha-superkov-satin-0-8kg-sedy-pastelovy-ral-7040.webp\",\"contentUrl\":\"https:\/\/www.domstavpro.com\/wp-content\/uploads\/2026\/SK0030081-CZ20260425-092328-0-1777080210-detecha-superkov-satin-0-8kg-sedy-pastelovy-ral-7040.webp\",\"width\":700,\"height\":560},{\"@type\":\"BreadcrumbList\",\"@id\":\"https:\/\/www.domstavpro.com\/index.php\/produkt\/hit-sezony-detecha-superkov-satin-0-8kg-sedy-pastelovy-ral-7040-8350\/#breadcrumb\",\"itemListElement\":[{\"@type\":\"ListItem\",\"position\":1,\"name\":\"Home\",\"item\":\"https:\/\/www.domstavpro.com\/\"},{\"@type\":\"ListItem\",\"position\":2,\"name\":\"Products\",\"item\":\"https:\/\/www.domstavpro.com\/index.php\/products\/\"},{\"@type\":\"ListItem\",\"position\":3,\"name\":\"Hit Sez\u00f3ny Detecha SUPERKOV SATIN 0,8kg \u0161ed\u00fd (pastelov\u00fd) RAL 7040\"}]},{\"@type\":\"WebSite\",\"@id\":\"https:\/\/www.domstavpro.com\/#website\",\"url\":\"https:\/\/www.domstavpro.com\/\",\"name\":\"\",\"description\":\"\",\"potentialAction\":[{\"@type\":\"SearchAction\",\"target\":{\"@type\":\"EntryPoint\",\"urlTemplate\":\"https:\/\/www.domstavpro.com\/?s={search_term_string}\"},\"query-input\":{\"@type\":\"PropertyValueSpecification\",\"valueRequired\":true,\"valueName\":\"search_term_string\"}}],\"inLanguage\":\"cs\"}]}<\/script>\n<!-- \/ Yoast SEO plugin. -->","yoast_head_json":{"title":"Hit Sez\u00f3ny Detecha SUPERKOV SATIN 0,8kg \u0161ed\u00fd (pastelov\u00fd) RAL 7040 -","robots":{"index":"index","follow":"follow","max-snippet":"max-snippet:-1","max-image-preview":"max-image-preview:large","max-video-preview":"max-video-preview:-1"},"canonical":"https:\/\/www.domstavpro.com\/index.php\/produkt\/hit-sezony-detecha-superkov-satin-0-8kg-sedy-pastelovy-ral-7040-8350\/","og_locale":"cs_CZ","og_type":"article","og_title":"Hit Sez\u00f3ny Detecha SUPERKOV SATIN 0,8kg \u0161ed\u00fd (pastelov\u00fd) RAL 7040 -","og_description":"Antikorozn\u00ed pololeskl\u00e1 syntetick\u00e1 n\u00e1t\u011brov\u00e1 hmota na kovov\u00e9 materi\u00e1ly. Z\u00e1kladn\u00ed a vrchn\u00ed alkyduretanov\u00e1 barva. Odol\u00e1v\u00e1 pov\u011btrnostn\u00edm vliv\u016fm a UV z\u00e1\u0159en\u00ed. K dlouhodob\u00e9 ochran\u011b posta\u010d\u00ed 2\u20133 vrstvy n\u00e1t\u011bru.\u25ba P\u0159ednosti:Antikorozn\u00ed z\u00e1kladn\u00ed a vrchn\u00ed n\u00e1t\u011br v jednom.Vysoce pru\u017en\u00fd, zvl\u00e1d\u00e1 i v\u00fdrazn\u00e9 teplotn\u00ed v\u00fdkyvy.Na nov\u00e9 i star\u00e9 povrchy.Na kovov\u00e9, pozinkovan\u00e9 a hlin\u00edkov\u00e9 podklady.Vysok\u00e1 kryc\u00ed schopnost.Velk\u00e1 vydatnost n\u00e1t\u011brov\u00e9 hmoty.Vytv\u00e1\u0159\u00ed vysoce kvalitn\u00ed [&hellip;]","og_url":"https:\/\/www.domstavpro.com\/index.php\/produkt\/hit-sezony-detecha-superkov-satin-0-8kg-sedy-pastelovy-ral-7040-8350\/","og_image":[{"width":700,"height":560,"url":"https:\/\/www.domstavpro.com\/wp-content\/uploads\/2026\/SK0030081-CZ20260425-092328-0-1777080210-detecha-superkov-satin-0-8kg-sedy-pastelovy-ral-7040.webp","type":"image\/webp"}],"twitter_card":"summary_large_image","twitter_misc":{"Odhadovan\u00e1 doba \u010dten\u00ed":"1 minuta"},"schema":{"@context":"https:\/\/schema.org","@graph":[{"@type":"WebPage","@id":"https:\/\/www.domstavpro.com\/index.php\/produkt\/hit-sezony-detecha-superkov-satin-0-8kg-sedy-pastelovy-ral-7040-8350\/","url":"https:\/\/www.domstavpro.com\/index.php\/produkt\/hit-sezony-detecha-superkov-satin-0-8kg-sedy-pastelovy-ral-7040-8350\/","name":"Hit Sez\u00f3ny Detecha SUPERKOV SATIN 0,8kg \u0161ed\u00fd (pastelov\u00fd) RAL 7040 -","isPartOf":{"@id":"https:\/\/www.domstavpro.com\/#website"},"primaryImageOfPage":{"@id":"https:\/\/www.domstavpro.com\/index.php\/produkt\/hit-sezony-detecha-superkov-satin-0-8kg-sedy-pastelovy-ral-7040-8350\/#primaryimage"},"image":{"@id":"https:\/\/www.domstavpro.com\/index.php\/produkt\/hit-sezony-detecha-superkov-satin-0-8kg-sedy-pastelovy-ral-7040-8350\/#primaryimage"},"thumbnailUrl":"https:\/\/www.domstavpro.com\/wp-content\/uploads\/2026\/SK0030081-CZ20260425-092328-0-1777080210-detecha-superkov-satin-0-8kg-sedy-pastelovy-ral-7040.webp","datePublished":"2026-04-27T15:08:12+00:00","breadcrumb":{"@id":"https:\/\/www.domstavpro.com\/index.php\/produkt\/hit-sezony-detecha-superkov-satin-0-8kg-sedy-pastelovy-ral-7040-8350\/#breadcrumb"},"inLanguage":"cs","potentialAction":[{"@type":"ReadAction","target":["https:\/\/www.domstavpro.com\/index.php\/produkt\/hit-sezony-detecha-superkov-satin-0-8kg-sedy-pastelovy-ral-7040-8350\/"]}]},{"@type":"ImageObject","inLanguage":"cs","@id":"https:\/\/www.domstavpro.com\/index.php\/produkt\/hit-sezony-detecha-superkov-satin-0-8kg-sedy-pastelovy-ral-7040-8350\/#primaryimage","url":"https:\/\/www.domstavpro.com\/wp-content\/uploads\/2026\/SK0030081-CZ20260425-092328-0-1777080210-detecha-superkov-satin-0-8kg-sedy-pastelovy-ral-7040.webp","contentUrl":"https:\/\/www.domstavpro.com\/wp-content\/uploads\/2026\/SK0030081-CZ20260425-092328-0-1777080210-detecha-superkov-satin-0-8kg-sedy-pastelovy-ral-7040.webp","width":700,"height":560},{"@type":"BreadcrumbList","@id":"https:\/\/www.domstavpro.com\/index.php\/produkt\/hit-sezony-detecha-superkov-satin-0-8kg-sedy-pastelovy-ral-7040-8350\/#breadcrumb","itemListElement":[{"@type":"ListItem","position":1,"name":"Home","item":"https:\/\/www.domstavpro.com\/"},{"@type":"ListItem","position":2,"name":"Products","item":"https:\/\/www.domstavpro.com\/index.php\/products\/"},{"@type":"ListItem","position":3,"name":"Hit Sez\u00f3ny Detecha SUPERKOV SATIN 0,8kg \u0161ed\u00fd (pastelov\u00fd) RAL 7040"}]},{"@type":"WebSite","@id":"https:\/\/www.domstavpro.com\/#website","url":"https:\/\/www.domstavpro.com\/","name":"","description":"","potentialAction":[{"@type":"SearchAction","target":{"@type":"EntryPoint","urlTemplate":"https:\/\/www.domstavpro.com\/?s={search_term_string}"},"query-input":{"@type":"PropertyValueSpecification","valueRequired":true,"valueName":"search_term_string"}}],"inLanguage":"cs"}]}},"_links":{"self":[{"href":"https:\/\/www.domstavpro.com\/index.php\/wp-json\/wp\/v2\/product\/8350","targetHints":{"allow":["GET"]}}],"collection":[{"href":"https:\/\/www.domstavpro.com\/index.php\/wp-json\/wp\/v2\/product"}],"about":[{"href":"https:\/\/www.domstavpro.com\/index.php\/wp-json\/wp\/v2\/types\/product"}],"replies":[{"embeddable":true,"href":"https:\/\/www.domstavpro.com\/index.php\/wp-json\/wp\/v2\/comments?post=8350"}],"wp:featuredmedia":[{"embeddable":true,"href":"https:\/\/www.domstavpro.com\/index.php\/wp-json\/wp\/v2\/media\/8450"}],"wp:attachment":[{"href":"https:\/\/www.domstavpro.com\/index.php\/wp-json\/wp\/v2\/media?parent=8350"}],"wp:term":[{"taxonomy":"product_brand","embeddable":true,"href":"https:\/\/www.domstavpro.com\/index.php\/wp-json\/wp\/v2\/product_brand?post=8350"},{"taxonomy":"product_cat","embeddable":true,"href":"https:\/\/www.domstavpro.com\/index.php\/wp-json\/wp\/v2\/product_cat?post=8350"},{"taxonomy":"product_tag","embeddable":true,"href":"https:\/\/www.domstavpro.com\/index.php\/wp-json\/wp\/v2\/product_tag?post=8350"}],"curies":[{"name":"wp","href":"https:\/\/api.w.org\/{rel}","templated":true}]}}