{"id":8143,"date":"2026-04-27T15:08:12","date_gmt":"2026-04-27T15:08:12","guid":{"rendered":""},"modified":"2026-04-27T15:08:12","modified_gmt":"2026-04-27T15:08:12","slug":"akce-bosch-gcm-18v-254-d-akumulatorova-pokosova-pila-8143","status":"publish","type":"product","link":"https:\/\/www.domstavpro.com\/index.php\/produkt\/akce-bosch-gcm-18v-254-d-akumulatorova-pokosova-pila-8143\/","title":{"rendered":"Akce Bosch GCM 18V-254 D Akumul\u00e1torov\u00e1 pokosov\u00e1 pila"},"content":{"rendered":"<table>\n<div class=\"tab-pane active product-description\" id=\"popis\" role=\"tabpanel\">\n<div class=\"short-description\" itemprop=\"description\"><\/div>\n<div class=\"description\"><span class='bullet-line'>\u0158ezy a\u017e do 90\u00a0\u00d7\u00a0305\u00a0mm: mobiln\u00ed a\u00a0lehk\u00e1 akumul\u00e1torov\u00e1 pokosov\u00e1 pila s\u00a0vysokou ergonomi\u00ed<br \/><\/span><span class='bullet-line'>Siln\u00fd \u0159ezn\u00fd v\u00fdkon jako u\u00a0s\u00ed\u0165ov\u00e9ho n\u00e1\u0159ad\u00ed d\u00edky pohonu BITURBO Brushless<br \/><\/span><span class='bullet-line'>Snadn\u00e1 kontrola i\u00a0nad dlouh\u00fdmi materi\u00e1ly b\u011bhem \u0159ez\u00e1n\u00ed<br \/><\/span><span class='bullet-line'>V\u011bt\u0161\u00ed pohodl\u00ed a\u00a0flexibilita p\u0159i n\u00e1ro\u010dn\u00e9m \u0159ez\u00e1n\u00ed d\u00edky funkci du\u00e1ln\u00edho n\u00e1klonu<\/span><\/div>\n<div class=\"parameters\">\n<tr>\n<td>\u00darove\u0148 hluku<\/td>\n<td>\u00darove\u0148 hluku elektrick\u00e9ho n\u00e1\u0159ad\u00ed s hodnocen\u00edm A \u010din\u00ed typicky: hladina akustick\u00e9ho tlaku 97 dB(A), hladina akustick\u00e9ho v\u00fdkonu 106 dB(A). Nejistota K= 3 dB.<\/td>\n<\/tr>\n<tr>\n<td>Nap\u011bt\u00ed akumul\u00e1toru<\/td>\n<td>18,0 V<\/td>\n<\/tr>\n<tr>\n<td>Pr\u016fm\u011br pilov\u00e9ho kotou\u010de<\/td>\n<td>254 mm<\/td>\n<\/tr>\n<tr>\n<td>Hmotnost<\/td>\n<td>17,7 kg<\/td>\n<\/tr>\n<tr>\n<td>\u00darove\u0148 akustick\u00e9ho tlaku<\/td>\n<td>97 dB(A)<\/td>\n<\/tr>\n<tr>\n<td>\u00darove\u0148 akustick\u00e9ho v\u00fdkonu<\/td>\n<td>106 dB(A)<\/td>\n<\/tr>\n<tr>\n<td>Nep\u0159esnost K<\/td>\n<td>3 dB<\/td>\n<\/tr>\n<tr>\n<td>\u0158ezn\u00e1 kapacita 0\u00b0<\/td>\n<td>90 x 305 mm<\/td>\n<\/tr>\n<tr>\n<td>\u0158ezn\u00e1 kapacita 45\u00b0 pokos<\/td>\n<td>90 x 215 mm<\/td>\n<\/tr>\n<tr>\n<td>\u0158ezn\u00e1 kapacita 45\u00b0 sklon<\/td>\n<td>55 x 305 mm<\/td>\n<\/tr>\n<tr>\n<td>Nastaven\u00ed pokosov\u00e9ho \u00fahlu<\/td>\n<td>48 \u00b0 L \/ 48 \u00b0 P<\/td>\n<\/tr>\n<tr>\n<td>Nastaven\u00ed \u00fahlu sklonu<\/td>\n<td>47 \u00b0 L \/ 47 \u00b0 P<\/td>\n<\/tr>\n<tr>\n<td>Rozm\u011bry n\u00e1\u0159ad\u00ed (\u0161\u00ed\u0159ka \u00d7 d\u00e9lka \u00d7 v\u00fd\u0161ka)<\/td>\n<td>500 x 787 x 632 mm<\/td>\n<\/tr>\n<tr>\n<td>Volnob\u011b\u017en\u00e9 ot\u00e1\u010dky<\/td>\n<td>4.500 ot\/min<\/td>\n<\/tr>\n<tr>\n<td>\u00d8 otvoru pilov\u00e9ho kotou\u010de<\/td>\n<td>30 mm<\/td>\n<\/tr>\n<tr>\n<td>Podsekce kategorie produkt\u016f<\/td>\n<td>Akumul\u00e1torov\u00e1 pokosov\u00e1 pila BITURBO<\/td>\n<\/tr><\/div>\n<\/table>\n","protected":false},"excerpt":{"rendered":"<p>\u0158ezy a\u017e do 90\u00a0\u00d7\u00a0305\u00a0mm: mobiln\u00ed a\u00a0lehk\u00e1 akumul\u00e1torov\u00e1 pokosov\u00e1 pila s\u00a0vysokou ergonomi\u00edSiln\u00fd \u0159ezn\u00fd v\u00fdkon jako u\u00a0s\u00ed\u0165ov\u00e9ho n\u00e1\u0159ad\u00ed d\u00edky pohonu BITURBO BrushlessSnadn\u00e1 kontrola i\u00a0nad dlouh\u00fdmi materi\u00e1ly b\u011bhem \u0159ez\u00e1n\u00edV\u011bt\u0161\u00ed pohodl\u00ed a\u00a0flexibilita p\u0159i n\u00e1ro\u010dn\u00e9m \u0159ez\u00e1n\u00ed d\u00edky funkci du\u00e1ln\u00edho n\u00e1klonu \u00darove\u0148 hluku \u00darove\u0148 hluku elektrick\u00e9ho n\u00e1\u0159ad\u00ed s hodnocen\u00edm A \u010din\u00ed typicky: hladina akustick\u00e9ho tlaku 97 dB(A), hladina akustick\u00e9ho v\u00fdkonu 106 [&hellip;]<\/p>\n","protected":false},"featured_media":8243,"comment_status":"open","ping_status":"open","template":"","meta":[],"product_brand":[],"product_cat":[38],"product_tag":[],"class_list":{"0":"post-8143","1":"product","2":"type-product","3":"status-publish","4":"has-post-thumbnail","6":"product_cat-naradi","8":"first","9":"instock","10":"sale","11":"shipping-taxable","12":"purchasable","13":"product-type-simple"},"yoast_head":"<!-- This site is optimized with the Yoast SEO plugin v26.8 - https:\/\/yoast.com\/product\/yoast-seo-wordpress\/ -->\n<title>Akce Bosch GCM 18V-254 D Akumul\u00e1torov\u00e1 pokosov\u00e1 pila -<\/title>\n<meta name=\"robots\" content=\"index, follow, max-snippet:-1, max-image-preview:large, max-video-preview:-1\" \/>\n<link rel=\"canonical\" href=\"https:\/\/www.domstavpro.com\/index.php\/produkt\/akce-bosch-gcm-18v-254-d-akumulatorova-pokosova-pila-8143\/\" \/>\n<meta property=\"og:locale\" content=\"cs_CZ\" \/>\n<meta property=\"og:type\" content=\"article\" \/>\n<meta property=\"og:title\" content=\"Akce Bosch GCM 18V-254 D Akumul\u00e1torov\u00e1 pokosov\u00e1 pila -\" \/>\n<meta property=\"og:description\" content=\"\u0158ezy a\u017e do 90\u00a0\u00d7\u00a0305\u00a0mm: mobiln\u00ed a\u00a0lehk\u00e1 akumul\u00e1torov\u00e1 pokosov\u00e1 pila s\u00a0vysokou ergonomi\u00edSiln\u00fd \u0159ezn\u00fd v\u00fdkon jako u\u00a0s\u00ed\u0165ov\u00e9ho n\u00e1\u0159ad\u00ed d\u00edky pohonu BITURBO BrushlessSnadn\u00e1 kontrola i\u00a0nad dlouh\u00fdmi materi\u00e1ly b\u011bhem \u0159ez\u00e1n\u00edV\u011bt\u0161\u00ed pohodl\u00ed a\u00a0flexibilita p\u0159i n\u00e1ro\u010dn\u00e9m \u0159ez\u00e1n\u00ed d\u00edky funkci du\u00e1ln\u00edho n\u00e1klonu \u00darove\u0148 hluku \u00darove\u0148 hluku elektrick\u00e9ho n\u00e1\u0159ad\u00ed s hodnocen\u00edm A \u010din\u00ed typicky: hladina akustick\u00e9ho tlaku 97 dB(A), hladina akustick\u00e9ho v\u00fdkonu 106 [&hellip;]\" \/>\n<meta property=\"og:url\" content=\"https:\/\/www.domstavpro.com\/index.php\/produkt\/akce-bosch-gcm-18v-254-d-akumulatorova-pokosova-pila-8143\/\" \/>\n<meta property=\"og:image\" content=\"https:\/\/www.domstavpro.com\/wp-content\/uploads\/2026\/SK0029974-CZ20260425-092328-0-1777080210-snimek-obrazovky-2023-08-17-084111.webp\" \/>\n\t<meta property=\"og:image:width\" content=\"527\" \/>\n\t<meta property=\"og:image:height\" content=\"473\" \/>\n\t<meta property=\"og:image:type\" content=\"image\/webp\" \/>\n<meta name=\"twitter:card\" content=\"summary_large_image\" \/>\n<meta name=\"twitter:label1\" content=\"Odhadovan\u00e1 doba \u010dten\u00ed\" \/>\n\t<meta name=\"twitter:data1\" content=\"1 minuta\" \/>\n<script type=\"application\/ld+json\" class=\"yoast-schema-graph\">{\"@context\":\"https:\/\/schema.org\",\"@graph\":[{\"@type\":\"WebPage\",\"@id\":\"https:\/\/www.domstavpro.com\/index.php\/produkt\/akce-bosch-gcm-18v-254-d-akumulatorova-pokosova-pila-8143\/\",\"url\":\"https:\/\/www.domstavpro.com\/index.php\/produkt\/akce-bosch-gcm-18v-254-d-akumulatorova-pokosova-pila-8143\/\",\"name\":\"Akce Bosch GCM 18V-254 D Akumul\u00e1torov\u00e1 pokosov\u00e1 pila -\",\"isPartOf\":{\"@id\":\"https:\/\/www.domstavpro.com\/#website\"},\"primaryImageOfPage\":{\"@id\":\"https:\/\/www.domstavpro.com\/index.php\/produkt\/akce-bosch-gcm-18v-254-d-akumulatorova-pokosova-pila-8143\/#primaryimage\"},\"image\":{\"@id\":\"https:\/\/www.domstavpro.com\/index.php\/produkt\/akce-bosch-gcm-18v-254-d-akumulatorova-pokosova-pila-8143\/#primaryimage\"},\"thumbnailUrl\":\"https:\/\/www.domstavpro.com\/wp-content\/uploads\/2026\/SK0029974-CZ20260425-092328-0-1777080210-snimek-obrazovky-2023-08-17-084111.webp\",\"datePublished\":\"2026-04-27T15:08:12+00:00\",\"breadcrumb\":{\"@id\":\"https:\/\/www.domstavpro.com\/index.php\/produkt\/akce-bosch-gcm-18v-254-d-akumulatorova-pokosova-pila-8143\/#breadcrumb\"},\"inLanguage\":\"cs\",\"potentialAction\":[{\"@type\":\"ReadAction\",\"target\":[\"https:\/\/www.domstavpro.com\/index.php\/produkt\/akce-bosch-gcm-18v-254-d-akumulatorova-pokosova-pila-8143\/\"]}]},{\"@type\":\"ImageObject\",\"inLanguage\":\"cs\",\"@id\":\"https:\/\/www.domstavpro.com\/index.php\/produkt\/akce-bosch-gcm-18v-254-d-akumulatorova-pokosova-pila-8143\/#primaryimage\",\"url\":\"https:\/\/www.domstavpro.com\/wp-content\/uploads\/2026\/SK0029974-CZ20260425-092328-0-1777080210-snimek-obrazovky-2023-08-17-084111.webp\",\"contentUrl\":\"https:\/\/www.domstavpro.com\/wp-content\/uploads\/2026\/SK0029974-CZ20260425-092328-0-1777080210-snimek-obrazovky-2023-08-17-084111.webp\",\"width\":527,\"height\":473},{\"@type\":\"BreadcrumbList\",\"@id\":\"https:\/\/www.domstavpro.com\/index.php\/produkt\/akce-bosch-gcm-18v-254-d-akumulatorova-pokosova-pila-8143\/#breadcrumb\",\"itemListElement\":[{\"@type\":\"ListItem\",\"position\":1,\"name\":\"Home\",\"item\":\"https:\/\/www.domstavpro.com\/\"},{\"@type\":\"ListItem\",\"position\":2,\"name\":\"Products\",\"item\":\"https:\/\/www.domstavpro.com\/index.php\/products\/\"},{\"@type\":\"ListItem\",\"position\":3,\"name\":\"Akce Bosch GCM 18V-254 D Akumul\u00e1torov\u00e1 pokosov\u00e1 pila\"}]},{\"@type\":\"WebSite\",\"@id\":\"https:\/\/www.domstavpro.com\/#website\",\"url\":\"https:\/\/www.domstavpro.com\/\",\"name\":\"\",\"description\":\"\",\"potentialAction\":[{\"@type\":\"SearchAction\",\"target\":{\"@type\":\"EntryPoint\",\"urlTemplate\":\"https:\/\/www.domstavpro.com\/?s={search_term_string}\"},\"query-input\":{\"@type\":\"PropertyValueSpecification\",\"valueRequired\":true,\"valueName\":\"search_term_string\"}}],\"inLanguage\":\"cs\"}]}<\/script>\n<!-- \/ Yoast SEO plugin. -->","yoast_head_json":{"title":"Akce Bosch GCM 18V-254 D Akumul\u00e1torov\u00e1 pokosov\u00e1 pila -","robots":{"index":"index","follow":"follow","max-snippet":"max-snippet:-1","max-image-preview":"max-image-preview:large","max-video-preview":"max-video-preview:-1"},"canonical":"https:\/\/www.domstavpro.com\/index.php\/produkt\/akce-bosch-gcm-18v-254-d-akumulatorova-pokosova-pila-8143\/","og_locale":"cs_CZ","og_type":"article","og_title":"Akce Bosch GCM 18V-254 D Akumul\u00e1torov\u00e1 pokosov\u00e1 pila -","og_description":"\u0158ezy a\u017e do 90\u00a0\u00d7\u00a0305\u00a0mm: mobiln\u00ed a\u00a0lehk\u00e1 akumul\u00e1torov\u00e1 pokosov\u00e1 pila s\u00a0vysokou ergonomi\u00edSiln\u00fd \u0159ezn\u00fd v\u00fdkon jako u\u00a0s\u00ed\u0165ov\u00e9ho n\u00e1\u0159ad\u00ed d\u00edky pohonu BITURBO BrushlessSnadn\u00e1 kontrola i\u00a0nad dlouh\u00fdmi materi\u00e1ly b\u011bhem \u0159ez\u00e1n\u00edV\u011bt\u0161\u00ed pohodl\u00ed a\u00a0flexibilita p\u0159i n\u00e1ro\u010dn\u00e9m \u0159ez\u00e1n\u00ed d\u00edky funkci du\u00e1ln\u00edho n\u00e1klonu \u00darove\u0148 hluku \u00darove\u0148 hluku elektrick\u00e9ho n\u00e1\u0159ad\u00ed s hodnocen\u00edm A \u010din\u00ed typicky: hladina akustick\u00e9ho tlaku 97 dB(A), hladina akustick\u00e9ho v\u00fdkonu 106 [&hellip;]","og_url":"https:\/\/www.domstavpro.com\/index.php\/produkt\/akce-bosch-gcm-18v-254-d-akumulatorova-pokosova-pila-8143\/","og_image":[{"width":527,"height":473,"url":"https:\/\/www.domstavpro.com\/wp-content\/uploads\/2026\/SK0029974-CZ20260425-092328-0-1777080210-snimek-obrazovky-2023-08-17-084111.webp","type":"image\/webp"}],"twitter_card":"summary_large_image","twitter_misc":{"Odhadovan\u00e1 doba \u010dten\u00ed":"1 minuta"},"schema":{"@context":"https:\/\/schema.org","@graph":[{"@type":"WebPage","@id":"https:\/\/www.domstavpro.com\/index.php\/produkt\/akce-bosch-gcm-18v-254-d-akumulatorova-pokosova-pila-8143\/","url":"https:\/\/www.domstavpro.com\/index.php\/produkt\/akce-bosch-gcm-18v-254-d-akumulatorova-pokosova-pila-8143\/","name":"Akce Bosch GCM 18V-254 D Akumul\u00e1torov\u00e1 pokosov\u00e1 pila -","isPartOf":{"@id":"https:\/\/www.domstavpro.com\/#website"},"primaryImageOfPage":{"@id":"https:\/\/www.domstavpro.com\/index.php\/produkt\/akce-bosch-gcm-18v-254-d-akumulatorova-pokosova-pila-8143\/#primaryimage"},"image":{"@id":"https:\/\/www.domstavpro.com\/index.php\/produkt\/akce-bosch-gcm-18v-254-d-akumulatorova-pokosova-pila-8143\/#primaryimage"},"thumbnailUrl":"https:\/\/www.domstavpro.com\/wp-content\/uploads\/2026\/SK0029974-CZ20260425-092328-0-1777080210-snimek-obrazovky-2023-08-17-084111.webp","datePublished":"2026-04-27T15:08:12+00:00","breadcrumb":{"@id":"https:\/\/www.domstavpro.com\/index.php\/produkt\/akce-bosch-gcm-18v-254-d-akumulatorova-pokosova-pila-8143\/#breadcrumb"},"inLanguage":"cs","potentialAction":[{"@type":"ReadAction","target":["https:\/\/www.domstavpro.com\/index.php\/produkt\/akce-bosch-gcm-18v-254-d-akumulatorova-pokosova-pila-8143\/"]}]},{"@type":"ImageObject","inLanguage":"cs","@id":"https:\/\/www.domstavpro.com\/index.php\/produkt\/akce-bosch-gcm-18v-254-d-akumulatorova-pokosova-pila-8143\/#primaryimage","url":"https:\/\/www.domstavpro.com\/wp-content\/uploads\/2026\/SK0029974-CZ20260425-092328-0-1777080210-snimek-obrazovky-2023-08-17-084111.webp","contentUrl":"https:\/\/www.domstavpro.com\/wp-content\/uploads\/2026\/SK0029974-CZ20260425-092328-0-1777080210-snimek-obrazovky-2023-08-17-084111.webp","width":527,"height":473},{"@type":"BreadcrumbList","@id":"https:\/\/www.domstavpro.com\/index.php\/produkt\/akce-bosch-gcm-18v-254-d-akumulatorova-pokosova-pila-8143\/#breadcrumb","itemListElement":[{"@type":"ListItem","position":1,"name":"Home","item":"https:\/\/www.domstavpro.com\/"},{"@type":"ListItem","position":2,"name":"Products","item":"https:\/\/www.domstavpro.com\/index.php\/products\/"},{"@type":"ListItem","position":3,"name":"Akce Bosch GCM 18V-254 D Akumul\u00e1torov\u00e1 pokosov\u00e1 pila"}]},{"@type":"WebSite","@id":"https:\/\/www.domstavpro.com\/#website","url":"https:\/\/www.domstavpro.com\/","name":"","description":"","potentialAction":[{"@type":"SearchAction","target":{"@type":"EntryPoint","urlTemplate":"https:\/\/www.domstavpro.com\/?s={search_term_string}"},"query-input":{"@type":"PropertyValueSpecification","valueRequired":true,"valueName":"search_term_string"}}],"inLanguage":"cs"}]}},"_links":{"self":[{"href":"https:\/\/www.domstavpro.com\/index.php\/wp-json\/wp\/v2\/product\/8143","targetHints":{"allow":["GET"]}}],"collection":[{"href":"https:\/\/www.domstavpro.com\/index.php\/wp-json\/wp\/v2\/product"}],"about":[{"href":"https:\/\/www.domstavpro.com\/index.php\/wp-json\/wp\/v2\/types\/product"}],"replies":[{"embeddable":true,"href":"https:\/\/www.domstavpro.com\/index.php\/wp-json\/wp\/v2\/comments?post=8143"}],"wp:featuredmedia":[{"embeddable":true,"href":"https:\/\/www.domstavpro.com\/index.php\/wp-json\/wp\/v2\/media\/8243"}],"wp:attachment":[{"href":"https:\/\/www.domstavpro.com\/index.php\/wp-json\/wp\/v2\/media?parent=8143"}],"wp:term":[{"taxonomy":"product_brand","embeddable":true,"href":"https:\/\/www.domstavpro.com\/index.php\/wp-json\/wp\/v2\/product_brand?post=8143"},{"taxonomy":"product_cat","embeddable":true,"href":"https:\/\/www.domstavpro.com\/index.php\/wp-json\/wp\/v2\/product_cat?post=8143"},{"taxonomy":"product_tag","embeddable":true,"href":"https:\/\/www.domstavpro.com\/index.php\/wp-json\/wp\/v2\/product_tag?post=8143"}],"curies":[{"name":"wp","href":"https:\/\/api.w.org\/{rel}","templated":true}]}}