{"id":8127,"date":"2026-04-27T15:08:12","date_gmt":"2026-04-27T15:08:12","guid":{"rendered":""},"modified":"2026-04-27T15:08:12","modified_gmt":"2026-04-27T15:08:12","slug":"kup-ted-dewalt-dxpw001dts-vysokotlaky-cistic-160-bar-8127","status":"publish","type":"product","link":"https:\/\/www.domstavpro.com\/index.php\/produkt\/kup-ted-dewalt-dxpw001dts-vysokotlaky-cistic-160-bar-8127\/","title":{"rendered":"Kup Te\u010f DeWalt DXPW001DTS Vysokotlak\u00fd \u010disti\u010d 160 Bar"},"content":{"rendered":"<table>\n<div class=\"tab-pane active product-description\" id=\"popis\" role=\"tabpanel\">\n<div class=\"short-description\" itemprop=\"description\"><\/div>\n<div class=\"description\">\n<p>\u27a4 Univerz\u00e1ln\u00ed \u010disti\u010d vhodn\u00fd pro r\u016fzn\u00e9 aplikace a prost\u0159ed\u00ed. Perfektn\u00ed n\u00e1stroj pro profesion\u00e1ln\u00ed \u0159emesln\u00edky se schopnost\u00ed pracovat p\u0159i trval\u00e9m pracovn\u00edm zat\u00ed\u017een\u00ed na nerovn\u00fdch ter\u00e9nech, jako jsou nap\u0159\u00edklad stavby.<span class=\"bullet-line\">Extra velk\u00e1 pry\u017eov\u00e1 kole\u010dka (\u00f8200mm) udr\u017euj\u00ed \u010disti\u010d dokonale vyv\u00e1\u017een\u00fd.<\/span><br \/><span class=\"bullet-line\">Pevn\u00fd ochrann\u00fd kryt vyroben\u00fd z pr\u00e9miov\u00e9ho plastu BASF odoln\u00e9ho v\u016f\u010di n\u00e1raz\u016fm.<\/span><br \/><span class=\"bullet-line\">Dv\u011b vysoce kvalitn\u00ed motorov\u00e1 \u010derpadla zkonstruovan\u00e1 tak, aby vydr\u017eela a fungovala spolehliv\u011b. Nab\u00edzej\u00ed zv\u00fd\u0161en\u00ed v\u00fdkonu: dosah vodn\u00edho paprsku a\u017e 5 m s pr\u016ftokem vody 850 l\/h.<\/span><br \/><span class=\"bullet-line\">Robustn\u00ed teleskopick\u00e1 rukoje\u0165.<\/span><br \/><span class=\"bullet-line\">Navij\u00e1k hadice.<\/span><br \/><span class=\"bullet-line\">Vestav\u011bn\u00fd dr\u017e\u00e1k p\u0159\u00edslu\u0161enstv\u00ed.<\/span><br \/><span class=\"bullet-line\">Ergonomick\u00fd sp\u00edna\u010d \u2013 umo\u017e\u0148uje vybrat vhodn\u00fd pr\u016ftok, kter\u00fd vyhovuje aplikaci \u2013 norm\u00e1ln\u00ed nebo zv\u00fd\u0161en\u00fd.<\/span><br \/><span class=\"bullet-line\">Kovov\u00fd ochrann\u00fd r\u00e1m s V.STOP antivibra\u010dn\u00edm syst\u00e9mem.<\/span><br \/><span class=\"bullet-line\">Snadno dosa\u017eiteln\u00fd p\u0159edn\u00ed p\u0159\u00edvod vody s rychloup\u00ednac\u00edm syst\u00e9mem.<\/span><br \/><span class=\"bullet-line\">Adapt\u00e9r s dvojitou tryskou.<\/span><\/p>\n<p>&nbsp;<\/p>\n<p><span class=\"bullet-line\">P\u0158\u00cdSLU\u0160ENSTV\u00cd<\/span><br \/><span class=\"bullet-line\">Pistole (47064)<\/span><br \/><span class=\"bullet-line\">Prodlou\u017een\u00ed pistole (47067)<\/span><br \/><span class=\"bullet-line\">Rota\u010dn\u00ed tryskov\u00e1 hlava 2x (46670)<\/span><br \/><span class=\"bullet-line\">Tryska na \u010dist\u00edc\u00ed prost\u0159edek (47070)<\/span><br \/><span class=\"bullet-line\">Vysoce flexibiln\u00ed hadice 10 m (46668)<\/span><br \/><span class=\"bullet-line\">5 IN 1 tryska (47068)<\/span><br \/><span class=\"bullet-line\">Adapt\u00e9r s dvojitou tryskou (47069)<\/span><\/p>\n<\/div>\n<div class=\"parameters\">\n<tr>\n<td>AR k\u00f3d<\/td>\n<td>15274<\/td>\n<\/tr>\n<tr>\n<td>EAN k\u00f3d<\/td>\n<td>8016287152747<\/td>\n<\/tr>\n<tr>\n<td>Model \u010derpadla<\/td>\n<td>DOUBLE<\/td>\n<\/tr>\n<tr>\n<td>Materi\u00e1l hlavy \u010derpadla<\/td>\n<td>hlin\u00edk<\/td>\n<\/tr>\n<tr>\n<td>Max. tlak (bar)<\/td>\n<td>160<\/td>\n<\/tr>\n<tr>\n<td>Pr\u016ftok l\/h (vysok\u00fd tlak)<\/td>\n<td>850<\/td>\n<\/tr>\n<tr>\n<td>V\u00fdkon motoru (kW)<\/td>\n<td>2,8<\/td>\n<\/tr>\n<tr>\n<td>Typ motoru (f\u00e1zov\u00fd)<\/td>\n<td>1 ~<\/td>\n<\/tr>\n<tr>\n<td>Ot.\/min (\u010derpadlo)<\/td>\n<td>2800<\/td>\n<\/tr>\n<tr>\n<td>Nap\u011bt\u00ed (V) \/ Frekvence (Hz)<\/td>\n<td>230 \/ 50<\/td>\n<\/tr>\n<tr>\n<td>Maxim\u00e1ln\u00ed teplota vody (C\u00b0)<\/td>\n<td>50<\/td>\n<\/tr>\n<tr>\n<td>Hmotnost stroje (kg)<\/td>\n<td>18,0<\/td>\n<\/tr>\n<tr>\n<td>Total Stop System<\/td>\n<td>ano<\/td>\n<\/tr>\n<tr>\n<td>Samonas\u00e1v\u00e1n\u00ed<\/td>\n<td>ano<\/td>\n<\/tr><\/div>\n<\/table>\n","protected":false},"excerpt":{"rendered":"<p>\u27a4 Univerz\u00e1ln\u00ed \u010disti\u010d vhodn\u00fd pro r\u016fzn\u00e9 aplikace a prost\u0159ed\u00ed. Perfektn\u00ed n\u00e1stroj pro profesion\u00e1ln\u00ed \u0159emesln\u00edky se schopnost\u00ed pracovat p\u0159i trval\u00e9m pracovn\u00edm zat\u00ed\u017een\u00ed na nerovn\u00fdch ter\u00e9nech, jako jsou nap\u0159\u00edklad stavby.Extra velk\u00e1 pry\u017eov\u00e1 kole\u010dka (\u00f8200mm) udr\u017euj\u00ed \u010disti\u010d dokonale vyv\u00e1\u017een\u00fd.Pevn\u00fd ochrann\u00fd kryt vyroben\u00fd z pr\u00e9miov\u00e9ho plastu BASF odoln\u00e9ho v\u016f\u010di n\u00e1raz\u016fm.Dv\u011b vysoce kvalitn\u00ed motorov\u00e1 \u010derpadla zkonstruovan\u00e1 tak, aby vydr\u017eela a [&hellip;]<\/p>\n","protected":false},"featured_media":8227,"comment_status":"open","ping_status":"open","template":"","meta":[],"product_brand":[],"product_cat":[44],"product_tag":[],"class_list":{"0":"post-8127","1":"product","2":"type-product","3":"status-publish","4":"has-post-thumbnail","6":"product_cat-cistici-technika","8":"first","9":"instock","10":"sale","11":"shipping-taxable","12":"purchasable","13":"product-type-simple"},"yoast_head":"<!-- This site is optimized with the Yoast SEO plugin v26.8 - https:\/\/yoast.com\/product\/yoast-seo-wordpress\/ -->\n<title>Kup Te\u010f DeWalt DXPW001DTS Vysokotlak\u00fd \u010disti\u010d 160 Bar -<\/title>\n<meta name=\"robots\" content=\"index, follow, max-snippet:-1, max-image-preview:large, max-video-preview:-1\" \/>\n<link rel=\"canonical\" href=\"https:\/\/www.domstavpro.com\/index.php\/produkt\/kup-ted-dewalt-dxpw001dts-vysokotlaky-cistic-160-bar-8127\/\" \/>\n<meta property=\"og:locale\" content=\"cs_CZ\" \/>\n<meta property=\"og:type\" content=\"article\" \/>\n<meta property=\"og:title\" content=\"Kup Te\u010f DeWalt DXPW001DTS Vysokotlak\u00fd \u010disti\u010d 160 Bar -\" \/>\n<meta property=\"og:description\" content=\"\u27a4 Univerz\u00e1ln\u00ed \u010disti\u010d vhodn\u00fd pro r\u016fzn\u00e9 aplikace a prost\u0159ed\u00ed. Perfektn\u00ed n\u00e1stroj pro profesion\u00e1ln\u00ed \u0159emesln\u00edky se schopnost\u00ed pracovat p\u0159i trval\u00e9m pracovn\u00edm zat\u00ed\u017een\u00ed na nerovn\u00fdch ter\u00e9nech, jako jsou nap\u0159\u00edklad stavby.Extra velk\u00e1 pry\u017eov\u00e1 kole\u010dka (\u00f8200mm) udr\u017euj\u00ed \u010disti\u010d dokonale vyv\u00e1\u017een\u00fd.Pevn\u00fd ochrann\u00fd kryt vyroben\u00fd z pr\u00e9miov\u00e9ho plastu BASF odoln\u00e9ho v\u016f\u010di n\u00e1raz\u016fm.Dv\u011b vysoce kvalitn\u00ed motorov\u00e1 \u010derpadla zkonstruovan\u00e1 tak, aby vydr\u017eela a [&hellip;]\" \/>\n<meta property=\"og:url\" content=\"https:\/\/www.domstavpro.com\/index.php\/produkt\/kup-ted-dewalt-dxpw001dts-vysokotlaky-cistic-160-bar-8127\/\" \/>\n<meta property=\"og:image\" content=\"https:\/\/www.domstavpro.com\/wp-content\/uploads\/2026\/SK0029958-CZ20260425-092328-0-1777080210-vystrizek_21.webp\" \/>\n\t<meta property=\"og:image:width\" content=\"700\" \/>\n\t<meta property=\"og:image:height\" content=\"650\" \/>\n\t<meta property=\"og:image:type\" content=\"image\/webp\" \/>\n<meta name=\"twitter:card\" content=\"summary_large_image\" \/>\n<meta name=\"twitter:label1\" content=\"Odhadovan\u00e1 doba \u010dten\u00ed\" \/>\n\t<meta name=\"twitter:data1\" content=\"1 minuta\" \/>\n<script type=\"application\/ld+json\" class=\"yoast-schema-graph\">{\"@context\":\"https:\/\/schema.org\",\"@graph\":[{\"@type\":\"WebPage\",\"@id\":\"https:\/\/www.domstavpro.com\/index.php\/produkt\/kup-ted-dewalt-dxpw001dts-vysokotlaky-cistic-160-bar-8127\/\",\"url\":\"https:\/\/www.domstavpro.com\/index.php\/produkt\/kup-ted-dewalt-dxpw001dts-vysokotlaky-cistic-160-bar-8127\/\",\"name\":\"Kup Te\u010f DeWalt DXPW001DTS Vysokotlak\u00fd \u010disti\u010d 160 Bar -\",\"isPartOf\":{\"@id\":\"https:\/\/www.domstavpro.com\/#website\"},\"primaryImageOfPage\":{\"@id\":\"https:\/\/www.domstavpro.com\/index.php\/produkt\/kup-ted-dewalt-dxpw001dts-vysokotlaky-cistic-160-bar-8127\/#primaryimage\"},\"image\":{\"@id\":\"https:\/\/www.domstavpro.com\/index.php\/produkt\/kup-ted-dewalt-dxpw001dts-vysokotlaky-cistic-160-bar-8127\/#primaryimage\"},\"thumbnailUrl\":\"https:\/\/www.domstavpro.com\/wp-content\/uploads\/2026\/SK0029958-CZ20260425-092328-0-1777080210-vystrizek_21.webp\",\"datePublished\":\"2026-04-27T15:08:12+00:00\",\"breadcrumb\":{\"@id\":\"https:\/\/www.domstavpro.com\/index.php\/produkt\/kup-ted-dewalt-dxpw001dts-vysokotlaky-cistic-160-bar-8127\/#breadcrumb\"},\"inLanguage\":\"cs\",\"potentialAction\":[{\"@type\":\"ReadAction\",\"target\":[\"https:\/\/www.domstavpro.com\/index.php\/produkt\/kup-ted-dewalt-dxpw001dts-vysokotlaky-cistic-160-bar-8127\/\"]}]},{\"@type\":\"ImageObject\",\"inLanguage\":\"cs\",\"@id\":\"https:\/\/www.domstavpro.com\/index.php\/produkt\/kup-ted-dewalt-dxpw001dts-vysokotlaky-cistic-160-bar-8127\/#primaryimage\",\"url\":\"https:\/\/www.domstavpro.com\/wp-content\/uploads\/2026\/SK0029958-CZ20260425-092328-0-1777080210-vystrizek_21.webp\",\"contentUrl\":\"https:\/\/www.domstavpro.com\/wp-content\/uploads\/2026\/SK0029958-CZ20260425-092328-0-1777080210-vystrizek_21.webp\",\"width\":700,\"height\":650},{\"@type\":\"BreadcrumbList\",\"@id\":\"https:\/\/www.domstavpro.com\/index.php\/produkt\/kup-ted-dewalt-dxpw001dts-vysokotlaky-cistic-160-bar-8127\/#breadcrumb\",\"itemListElement\":[{\"@type\":\"ListItem\",\"position\":1,\"name\":\"Home\",\"item\":\"https:\/\/www.domstavpro.com\/\"},{\"@type\":\"ListItem\",\"position\":2,\"name\":\"Products\",\"item\":\"https:\/\/www.domstavpro.com\/index.php\/products\/\"},{\"@type\":\"ListItem\",\"position\":3,\"name\":\"Kup Te\u010f DeWalt DXPW001DTS Vysokotlak\u00fd \u010disti\u010d 160 Bar\"}]},{\"@type\":\"WebSite\",\"@id\":\"https:\/\/www.domstavpro.com\/#website\",\"url\":\"https:\/\/www.domstavpro.com\/\",\"name\":\"\",\"description\":\"\",\"potentialAction\":[{\"@type\":\"SearchAction\",\"target\":{\"@type\":\"EntryPoint\",\"urlTemplate\":\"https:\/\/www.domstavpro.com\/?s={search_term_string}\"},\"query-input\":{\"@type\":\"PropertyValueSpecification\",\"valueRequired\":true,\"valueName\":\"search_term_string\"}}],\"inLanguage\":\"cs\"}]}<\/script>\n<!-- \/ Yoast SEO plugin. -->","yoast_head_json":{"title":"Kup Te\u010f DeWalt DXPW001DTS Vysokotlak\u00fd \u010disti\u010d 160 Bar -","robots":{"index":"index","follow":"follow","max-snippet":"max-snippet:-1","max-image-preview":"max-image-preview:large","max-video-preview":"max-video-preview:-1"},"canonical":"https:\/\/www.domstavpro.com\/index.php\/produkt\/kup-ted-dewalt-dxpw001dts-vysokotlaky-cistic-160-bar-8127\/","og_locale":"cs_CZ","og_type":"article","og_title":"Kup Te\u010f DeWalt DXPW001DTS Vysokotlak\u00fd \u010disti\u010d 160 Bar -","og_description":"\u27a4 Univerz\u00e1ln\u00ed \u010disti\u010d vhodn\u00fd pro r\u016fzn\u00e9 aplikace a prost\u0159ed\u00ed. Perfektn\u00ed n\u00e1stroj pro profesion\u00e1ln\u00ed \u0159emesln\u00edky se schopnost\u00ed pracovat p\u0159i trval\u00e9m pracovn\u00edm zat\u00ed\u017een\u00ed na nerovn\u00fdch ter\u00e9nech, jako jsou nap\u0159\u00edklad stavby.Extra velk\u00e1 pry\u017eov\u00e1 kole\u010dka (\u00f8200mm) udr\u017euj\u00ed \u010disti\u010d dokonale vyv\u00e1\u017een\u00fd.Pevn\u00fd ochrann\u00fd kryt vyroben\u00fd z pr\u00e9miov\u00e9ho plastu BASF odoln\u00e9ho v\u016f\u010di n\u00e1raz\u016fm.Dv\u011b vysoce kvalitn\u00ed motorov\u00e1 \u010derpadla zkonstruovan\u00e1 tak, aby vydr\u017eela a [&hellip;]","og_url":"https:\/\/www.domstavpro.com\/index.php\/produkt\/kup-ted-dewalt-dxpw001dts-vysokotlaky-cistic-160-bar-8127\/","og_image":[{"width":700,"height":650,"url":"https:\/\/www.domstavpro.com\/wp-content\/uploads\/2026\/SK0029958-CZ20260425-092328-0-1777080210-vystrizek_21.webp","type":"image\/webp"}],"twitter_card":"summary_large_image","twitter_misc":{"Odhadovan\u00e1 doba \u010dten\u00ed":"1 minuta"},"schema":{"@context":"https:\/\/schema.org","@graph":[{"@type":"WebPage","@id":"https:\/\/www.domstavpro.com\/index.php\/produkt\/kup-ted-dewalt-dxpw001dts-vysokotlaky-cistic-160-bar-8127\/","url":"https:\/\/www.domstavpro.com\/index.php\/produkt\/kup-ted-dewalt-dxpw001dts-vysokotlaky-cistic-160-bar-8127\/","name":"Kup Te\u010f DeWalt DXPW001DTS Vysokotlak\u00fd \u010disti\u010d 160 Bar -","isPartOf":{"@id":"https:\/\/www.domstavpro.com\/#website"},"primaryImageOfPage":{"@id":"https:\/\/www.domstavpro.com\/index.php\/produkt\/kup-ted-dewalt-dxpw001dts-vysokotlaky-cistic-160-bar-8127\/#primaryimage"},"image":{"@id":"https:\/\/www.domstavpro.com\/index.php\/produkt\/kup-ted-dewalt-dxpw001dts-vysokotlaky-cistic-160-bar-8127\/#primaryimage"},"thumbnailUrl":"https:\/\/www.domstavpro.com\/wp-content\/uploads\/2026\/SK0029958-CZ20260425-092328-0-1777080210-vystrizek_21.webp","datePublished":"2026-04-27T15:08:12+00:00","breadcrumb":{"@id":"https:\/\/www.domstavpro.com\/index.php\/produkt\/kup-ted-dewalt-dxpw001dts-vysokotlaky-cistic-160-bar-8127\/#breadcrumb"},"inLanguage":"cs","potentialAction":[{"@type":"ReadAction","target":["https:\/\/www.domstavpro.com\/index.php\/produkt\/kup-ted-dewalt-dxpw001dts-vysokotlaky-cistic-160-bar-8127\/"]}]},{"@type":"ImageObject","inLanguage":"cs","@id":"https:\/\/www.domstavpro.com\/index.php\/produkt\/kup-ted-dewalt-dxpw001dts-vysokotlaky-cistic-160-bar-8127\/#primaryimage","url":"https:\/\/www.domstavpro.com\/wp-content\/uploads\/2026\/SK0029958-CZ20260425-092328-0-1777080210-vystrizek_21.webp","contentUrl":"https:\/\/www.domstavpro.com\/wp-content\/uploads\/2026\/SK0029958-CZ20260425-092328-0-1777080210-vystrizek_21.webp","width":700,"height":650},{"@type":"BreadcrumbList","@id":"https:\/\/www.domstavpro.com\/index.php\/produkt\/kup-ted-dewalt-dxpw001dts-vysokotlaky-cistic-160-bar-8127\/#breadcrumb","itemListElement":[{"@type":"ListItem","position":1,"name":"Home","item":"https:\/\/www.domstavpro.com\/"},{"@type":"ListItem","position":2,"name":"Products","item":"https:\/\/www.domstavpro.com\/index.php\/products\/"},{"@type":"ListItem","position":3,"name":"Kup Te\u010f DeWalt DXPW001DTS Vysokotlak\u00fd \u010disti\u010d 160 Bar"}]},{"@type":"WebSite","@id":"https:\/\/www.domstavpro.com\/#website","url":"https:\/\/www.domstavpro.com\/","name":"","description":"","potentialAction":[{"@type":"SearchAction","target":{"@type":"EntryPoint","urlTemplate":"https:\/\/www.domstavpro.com\/?s={search_term_string}"},"query-input":{"@type":"PropertyValueSpecification","valueRequired":true,"valueName":"search_term_string"}}],"inLanguage":"cs"}]}},"_links":{"self":[{"href":"https:\/\/www.domstavpro.com\/index.php\/wp-json\/wp\/v2\/product\/8127","targetHints":{"allow":["GET"]}}],"collection":[{"href":"https:\/\/www.domstavpro.com\/index.php\/wp-json\/wp\/v2\/product"}],"about":[{"href":"https:\/\/www.domstavpro.com\/index.php\/wp-json\/wp\/v2\/types\/product"}],"replies":[{"embeddable":true,"href":"https:\/\/www.domstavpro.com\/index.php\/wp-json\/wp\/v2\/comments?post=8127"}],"wp:featuredmedia":[{"embeddable":true,"href":"https:\/\/www.domstavpro.com\/index.php\/wp-json\/wp\/v2\/media\/8227"}],"wp:attachment":[{"href":"https:\/\/www.domstavpro.com\/index.php\/wp-json\/wp\/v2\/media?parent=8127"}],"wp:term":[{"taxonomy":"product_brand","embeddable":true,"href":"https:\/\/www.domstavpro.com\/index.php\/wp-json\/wp\/v2\/product_brand?post=8127"},{"taxonomy":"product_cat","embeddable":true,"href":"https:\/\/www.domstavpro.com\/index.php\/wp-json\/wp\/v2\/product_cat?post=8127"},{"taxonomy":"product_tag","embeddable":true,"href":"https:\/\/www.domstavpro.com\/index.php\/wp-json\/wp\/v2\/product_tag?post=8127"}],"curies":[{"name":"wp","href":"https:\/\/api.w.org\/{rel}","templated":true}]}}