{"id":7985,"date":"2026-04-27T15:08:11","date_gmt":"2026-04-27T15:08:11","guid":{"rendered":""},"modified":"2026-04-27T15:08:11","modified_gmt":"2026-04-27T15:08:11","slug":"3e-jyz3002fn2-sada-palermo-4-ks-cerny-stul-2-zidle-1-2mistna-lavice-akcni-cena-7985","status":"publish","type":"product","link":"https:\/\/www.domstavpro.com\/index.php\/produkt\/3e-jyz3002fn2-sada-palermo-4-ks-cerny-stul-2-zidle-1-2mistna-lavice-akcni-cena-7985\/","title":{"rendered":"3e JYZ3002FN2 sada Palermo 4 ks \u010dern\u00fd st\u016fl, 2 \u017eidle, 1 2m\u00edstn\u00e1 lavice Ak\u010dn\u00ed Cena"},"content":{"rendered":"<table>\n<div class=\"tab-pane active product-description\" id=\"popis\" role=\"tabpanel\">\n<div class=\"short-description\" itemprop=\"description\"><\/div>\n<div class=\"description\">&#8211;<\/div>\n<\/table>\n","protected":false},"excerpt":{"rendered":"<p>&#8211;<\/p>\n","protected":false},"featured_media":8085,"comment_status":"open","ping_status":"open","template":"","meta":[],"product_brand":[],"product_cat":[39],"product_tag":[],"class_list":{"0":"post-7985","1":"product","2":"type-product","3":"status-publish","4":"has-post-thumbnail","6":"product_cat-zahrada","8":"first","9":"instock","10":"sale","11":"shipping-taxable","12":"purchasable","13":"product-type-simple"},"yoast_head":"<!-- This site is optimized with the Yoast SEO plugin v26.8 - https:\/\/yoast.com\/product\/yoast-seo-wordpress\/ -->\n<title>3e JYZ3002FN2 sada Palermo 4 ks \u010dern\u00fd st\u016fl, 2 \u017eidle, 1 2m\u00edstn\u00e1 lavice Ak\u010dn\u00ed Cena -<\/title>\n<meta name=\"robots\" content=\"index, follow, max-snippet:-1, max-image-preview:large, max-video-preview:-1\" \/>\n<link rel=\"canonical\" href=\"https:\/\/www.domstavpro.com\/index.php\/produkt\/3e-jyz3002fn2-sada-palermo-4-ks-cerny-stul-2-zidle-1-2mistna-lavice-akcni-cena-7985\/\" \/>\n<meta property=\"og:locale\" content=\"cs_CZ\" \/>\n<meta property=\"og:type\" content=\"article\" \/>\n<meta property=\"og:title\" content=\"3e JYZ3002FN2 sada Palermo 4 ks \u010dern\u00fd st\u016fl, 2 \u017eidle, 1 2m\u00edstn\u00e1 lavice Ak\u010dn\u00ed Cena -\" \/>\n<meta property=\"og:description\" content=\"&#8211;\" \/>\n<meta property=\"og:url\" content=\"https:\/\/www.domstavpro.com\/index.php\/produkt\/3e-jyz3002fn2-sada-palermo-4-ks-cerny-stul-2-zidle-1-2mistna-lavice-akcni-cena-7985\/\" \/>\n<meta property=\"og:image\" content=\"https:\/\/www.domstavpro.com\/wp-content\/uploads\/2026\/SK0029903-CZ20260425-092328-0-1777080210-snimek-obrazovky-2023-08-21-111836.webp\" \/>\n\t<meta property=\"og:image:width\" content=\"700\" \/>\n\t<meta property=\"og:image:height\" content=\"319\" \/>\n\t<meta property=\"og:image:type\" content=\"image\/webp\" \/>\n<meta name=\"twitter:card\" content=\"summary_large_image\" \/>\n<script type=\"application\/ld+json\" class=\"yoast-schema-graph\">{\"@context\":\"https:\/\/schema.org\",\"@graph\":[{\"@type\":\"WebPage\",\"@id\":\"https:\/\/www.domstavpro.com\/index.php\/produkt\/3e-jyz3002fn2-sada-palermo-4-ks-cerny-stul-2-zidle-1-2mistna-lavice-akcni-cena-7985\/\",\"url\":\"https:\/\/www.domstavpro.com\/index.php\/produkt\/3e-jyz3002fn2-sada-palermo-4-ks-cerny-stul-2-zidle-1-2mistna-lavice-akcni-cena-7985\/\",\"name\":\"3e JYZ3002FN2 sada Palermo 4 ks \u010dern\u00fd st\u016fl, 2 \u017eidle, 1 2m\u00edstn\u00e1 lavice Ak\u010dn\u00ed Cena -\",\"isPartOf\":{\"@id\":\"https:\/\/www.domstavpro.com\/#website\"},\"primaryImageOfPage\":{\"@id\":\"https:\/\/www.domstavpro.com\/index.php\/produkt\/3e-jyz3002fn2-sada-palermo-4-ks-cerny-stul-2-zidle-1-2mistna-lavice-akcni-cena-7985\/#primaryimage\"},\"image\":{\"@id\":\"https:\/\/www.domstavpro.com\/index.php\/produkt\/3e-jyz3002fn2-sada-palermo-4-ks-cerny-stul-2-zidle-1-2mistna-lavice-akcni-cena-7985\/#primaryimage\"},\"thumbnailUrl\":\"https:\/\/www.domstavpro.com\/wp-content\/uploads\/2026\/SK0029903-CZ20260425-092328-0-1777080210-snimek-obrazovky-2023-08-21-111836.webp\",\"datePublished\":\"2026-04-27T15:08:11+00:00\",\"breadcrumb\":{\"@id\":\"https:\/\/www.domstavpro.com\/index.php\/produkt\/3e-jyz3002fn2-sada-palermo-4-ks-cerny-stul-2-zidle-1-2mistna-lavice-akcni-cena-7985\/#breadcrumb\"},\"inLanguage\":\"cs\",\"potentialAction\":[{\"@type\":\"ReadAction\",\"target\":[\"https:\/\/www.domstavpro.com\/index.php\/produkt\/3e-jyz3002fn2-sada-palermo-4-ks-cerny-stul-2-zidle-1-2mistna-lavice-akcni-cena-7985\/\"]}]},{\"@type\":\"ImageObject\",\"inLanguage\":\"cs\",\"@id\":\"https:\/\/www.domstavpro.com\/index.php\/produkt\/3e-jyz3002fn2-sada-palermo-4-ks-cerny-stul-2-zidle-1-2mistna-lavice-akcni-cena-7985\/#primaryimage\",\"url\":\"https:\/\/www.domstavpro.com\/wp-content\/uploads\/2026\/SK0029903-CZ20260425-092328-0-1777080210-snimek-obrazovky-2023-08-21-111836.webp\",\"contentUrl\":\"https:\/\/www.domstavpro.com\/wp-content\/uploads\/2026\/SK0029903-CZ20260425-092328-0-1777080210-snimek-obrazovky-2023-08-21-111836.webp\",\"width\":700,\"height\":319},{\"@type\":\"BreadcrumbList\",\"@id\":\"https:\/\/www.domstavpro.com\/index.php\/produkt\/3e-jyz3002fn2-sada-palermo-4-ks-cerny-stul-2-zidle-1-2mistna-lavice-akcni-cena-7985\/#breadcrumb\",\"itemListElement\":[{\"@type\":\"ListItem\",\"position\":1,\"name\":\"Home\",\"item\":\"https:\/\/www.domstavpro.com\/\"},{\"@type\":\"ListItem\",\"position\":2,\"name\":\"Products\",\"item\":\"https:\/\/www.domstavpro.com\/index.php\/products\/\"},{\"@type\":\"ListItem\",\"position\":3,\"name\":\"3e JYZ3002FN2 sada Palermo 4 ks \u010dern\u00fd st\u016fl, 2 \u017eidle, 1 2m\u00edstn\u00e1 lavice Ak\u010dn\u00ed Cena\"}]},{\"@type\":\"WebSite\",\"@id\":\"https:\/\/www.domstavpro.com\/#website\",\"url\":\"https:\/\/www.domstavpro.com\/\",\"name\":\"\",\"description\":\"\",\"potentialAction\":[{\"@type\":\"SearchAction\",\"target\":{\"@type\":\"EntryPoint\",\"urlTemplate\":\"https:\/\/www.domstavpro.com\/?s={search_term_string}\"},\"query-input\":{\"@type\":\"PropertyValueSpecification\",\"valueRequired\":true,\"valueName\":\"search_term_string\"}}],\"inLanguage\":\"cs\"}]}<\/script>\n<!-- \/ Yoast SEO plugin. -->","yoast_head_json":{"title":"3e JYZ3002FN2 sada Palermo 4 ks \u010dern\u00fd st\u016fl, 2 \u017eidle, 1 2m\u00edstn\u00e1 lavice Ak\u010dn\u00ed Cena -","robots":{"index":"index","follow":"follow","max-snippet":"max-snippet:-1","max-image-preview":"max-image-preview:large","max-video-preview":"max-video-preview:-1"},"canonical":"https:\/\/www.domstavpro.com\/index.php\/produkt\/3e-jyz3002fn2-sada-palermo-4-ks-cerny-stul-2-zidle-1-2mistna-lavice-akcni-cena-7985\/","og_locale":"cs_CZ","og_type":"article","og_title":"3e JYZ3002FN2 sada Palermo 4 ks \u010dern\u00fd st\u016fl, 2 \u017eidle, 1 2m\u00edstn\u00e1 lavice Ak\u010dn\u00ed Cena -","og_description":"&#8211;","og_url":"https:\/\/www.domstavpro.com\/index.php\/produkt\/3e-jyz3002fn2-sada-palermo-4-ks-cerny-stul-2-zidle-1-2mistna-lavice-akcni-cena-7985\/","og_image":[{"width":700,"height":319,"url":"https:\/\/www.domstavpro.com\/wp-content\/uploads\/2026\/SK0029903-CZ20260425-092328-0-1777080210-snimek-obrazovky-2023-08-21-111836.webp","type":"image\/webp"}],"twitter_card":"summary_large_image","schema":{"@context":"https:\/\/schema.org","@graph":[{"@type":"WebPage","@id":"https:\/\/www.domstavpro.com\/index.php\/produkt\/3e-jyz3002fn2-sada-palermo-4-ks-cerny-stul-2-zidle-1-2mistna-lavice-akcni-cena-7985\/","url":"https:\/\/www.domstavpro.com\/index.php\/produkt\/3e-jyz3002fn2-sada-palermo-4-ks-cerny-stul-2-zidle-1-2mistna-lavice-akcni-cena-7985\/","name":"3e JYZ3002FN2 sada Palermo 4 ks \u010dern\u00fd st\u016fl, 2 \u017eidle, 1 2m\u00edstn\u00e1 lavice Ak\u010dn\u00ed Cena -","isPartOf":{"@id":"https:\/\/www.domstavpro.com\/#website"},"primaryImageOfPage":{"@id":"https:\/\/www.domstavpro.com\/index.php\/produkt\/3e-jyz3002fn2-sada-palermo-4-ks-cerny-stul-2-zidle-1-2mistna-lavice-akcni-cena-7985\/#primaryimage"},"image":{"@id":"https:\/\/www.domstavpro.com\/index.php\/produkt\/3e-jyz3002fn2-sada-palermo-4-ks-cerny-stul-2-zidle-1-2mistna-lavice-akcni-cena-7985\/#primaryimage"},"thumbnailUrl":"https:\/\/www.domstavpro.com\/wp-content\/uploads\/2026\/SK0029903-CZ20260425-092328-0-1777080210-snimek-obrazovky-2023-08-21-111836.webp","datePublished":"2026-04-27T15:08:11+00:00","breadcrumb":{"@id":"https:\/\/www.domstavpro.com\/index.php\/produkt\/3e-jyz3002fn2-sada-palermo-4-ks-cerny-stul-2-zidle-1-2mistna-lavice-akcni-cena-7985\/#breadcrumb"},"inLanguage":"cs","potentialAction":[{"@type":"ReadAction","target":["https:\/\/www.domstavpro.com\/index.php\/produkt\/3e-jyz3002fn2-sada-palermo-4-ks-cerny-stul-2-zidle-1-2mistna-lavice-akcni-cena-7985\/"]}]},{"@type":"ImageObject","inLanguage":"cs","@id":"https:\/\/www.domstavpro.com\/index.php\/produkt\/3e-jyz3002fn2-sada-palermo-4-ks-cerny-stul-2-zidle-1-2mistna-lavice-akcni-cena-7985\/#primaryimage","url":"https:\/\/www.domstavpro.com\/wp-content\/uploads\/2026\/SK0029903-CZ20260425-092328-0-1777080210-snimek-obrazovky-2023-08-21-111836.webp","contentUrl":"https:\/\/www.domstavpro.com\/wp-content\/uploads\/2026\/SK0029903-CZ20260425-092328-0-1777080210-snimek-obrazovky-2023-08-21-111836.webp","width":700,"height":319},{"@type":"BreadcrumbList","@id":"https:\/\/www.domstavpro.com\/index.php\/produkt\/3e-jyz3002fn2-sada-palermo-4-ks-cerny-stul-2-zidle-1-2mistna-lavice-akcni-cena-7985\/#breadcrumb","itemListElement":[{"@type":"ListItem","position":1,"name":"Home","item":"https:\/\/www.domstavpro.com\/"},{"@type":"ListItem","position":2,"name":"Products","item":"https:\/\/www.domstavpro.com\/index.php\/products\/"},{"@type":"ListItem","position":3,"name":"3e JYZ3002FN2 sada Palermo 4 ks \u010dern\u00fd st\u016fl, 2 \u017eidle, 1 2m\u00edstn\u00e1 lavice Ak\u010dn\u00ed Cena"}]},{"@type":"WebSite","@id":"https:\/\/www.domstavpro.com\/#website","url":"https:\/\/www.domstavpro.com\/","name":"","description":"","potentialAction":[{"@type":"SearchAction","target":{"@type":"EntryPoint","urlTemplate":"https:\/\/www.domstavpro.com\/?s={search_term_string}"},"query-input":{"@type":"PropertyValueSpecification","valueRequired":true,"valueName":"search_term_string"}}],"inLanguage":"cs"}]}},"_links":{"self":[{"href":"https:\/\/www.domstavpro.com\/index.php\/wp-json\/wp\/v2\/product\/7985","targetHints":{"allow":["GET"]}}],"collection":[{"href":"https:\/\/www.domstavpro.com\/index.php\/wp-json\/wp\/v2\/product"}],"about":[{"href":"https:\/\/www.domstavpro.com\/index.php\/wp-json\/wp\/v2\/types\/product"}],"replies":[{"embeddable":true,"href":"https:\/\/www.domstavpro.com\/index.php\/wp-json\/wp\/v2\/comments?post=7985"}],"wp:featuredmedia":[{"embeddable":true,"href":"https:\/\/www.domstavpro.com\/index.php\/wp-json\/wp\/v2\/media\/8085"}],"wp:attachment":[{"href":"https:\/\/www.domstavpro.com\/index.php\/wp-json\/wp\/v2\/media?parent=7985"}],"wp:term":[{"taxonomy":"product_brand","embeddable":true,"href":"https:\/\/www.domstavpro.com\/index.php\/wp-json\/wp\/v2\/product_brand?post=7985"},{"taxonomy":"product_cat","embeddable":true,"href":"https:\/\/www.domstavpro.com\/index.php\/wp-json\/wp\/v2\/product_cat?post=7985"},{"taxonomy":"product_tag","embeddable":true,"href":"https:\/\/www.domstavpro.com\/index.php\/wp-json\/wp\/v2\/product_tag?post=7985"}],"curies":[{"name":"wp","href":"https:\/\/api.w.org\/{rel}","templated":true}]}}