{"id":7933,"date":"2026-04-27T15:08:11","date_gmt":"2026-04-27T15:08:11","guid":{"rendered":""},"modified":"2026-04-27T15:08:11","modified_gmt":"2026-04-27T15:08:11","slug":"metabo-lf-724-s-fms-200-set-sitove-pristroje-v-sade-prisl-zlevneny-7933","status":"publish","type":"product","link":"https:\/\/www.domstavpro.com\/index.php\/produkt\/metabo-lf-724-s-fms-200-set-sitove-pristroje-v-sade-prisl-zlevneny-7933\/","title":{"rendered":"Metabo LF 724 S + FMS 200 SET s\u00ed\u0165ov\u00e9 p\u0159\u00edstroje v sad\u011b, p\u0159\u00edsl. Zlevn\u011bn\u00fd"},"content":{"rendered":"<table>\n<div class=\"tab-pane active product-description\" id=\"popis\" role=\"tabpanel\">\n<div class=\"short-description\" itemprop=\"description\"><\/div>\n<div class=\"description\"><span class='bullet-line'>Fr\u00e9za na laky LF 724 S jen od Metaba:\u00a0 K odstran\u011bn\u00ed probl\u00e9m\u016f p\u0159i renovaci. A\u017e 70 % \u00faspora \u010dasu v porovn\u00e1n\u00ed s b\u011b\u017en\u00fdmi technikami pr\u00e1ce. K ekologick\u00e9mu odstra\u0148ov\u00e1n\u00ed barev a lak\u016f z rovn\u00fdch d\u0159ev\u011bn\u00fdch povrch\u016f, nap\u0159. schody, dve\u0159e a okna<br \/><\/span><span class='bullet-line'>Multifunk\u010dn\u00ed bruska FMS 200 s troj\u00faheln\u00edkovou brusnou deskou k brou\u0161en\u00ed hran, roh\u016f a ploch. Lehk\u00fd a snadno ovladateln\u00fd stroj pro pohodlnou jednoru\u010dn\u00ed obsluhu<br \/><\/span><br \/>\u25ba Rozsah dod\u00e1vky<span class='bullet-line'>Fr\u00e9za na laky LF 724 S, 14 oboustrann\u00fdch no\u017e\u016f HW, ods\u00e1vac\u00ed spojka, pr\u016fbojn\u00edk s rukojet\u00ed, kombinovan\u00fd kl\u00ed\u010d, multifunk\u010dn\u00ed bruska FMS 200, 10 brusn\u00fdch kotou\u010d\u016f se such\u00fdm zipem, kazeta na prach, 1 skl\u00e1dan\u00fd filtr, 2 plastov\u00e9 kufry<\/span><\/div>\n<div class=\"parameters\">\n<tr>\n<td>Charakteristick\u00e9 parametry LF 724 S (600724000) Fr\u00e9za na laky<\/td>\n<td><\/td>\n<\/tr>\n<tr>\n<td>To\u010div\u00fd moment<\/td>\n<td>2 Nm<\/td>\n<\/tr>\n<tr>\n<td>\u0158ezn\u00e1 kru\u017enice<\/td>\n<td>80 mm<\/td>\n<\/tr>\n<tr>\n<td>Maxim\u00e1ln\u00ed hloubka dr\u00e1\u017eky<\/td>\n<td>neomezen\u00e1<\/td>\n<\/tr>\n<tr>\n<td>Bo\u010dn\u00ed v\u00fd\u0161ka fr\u00e9zov\u00e1n\u00ed<\/td>\n<td>28 mm<\/td>\n<\/tr>\n<tr>\n<td>Axi\u00e1ln\u00ed fr\u00e9zovac\u00ed hloubka<\/td>\n<td>0 &#8211; 0.3 mm<\/td>\n<\/tr>\n<tr>\n<td>Radi\u00e1ln\u00ed fr\u00e9zovac\u00ed hloubka<\/td>\n<td>0.15 mm<\/td>\n<\/tr>\n<tr>\n<td>Jmenovit\u00fd p\u0159\u00edkon<\/td>\n<td>710 W<\/td>\n<\/tr>\n<tr>\n<td>Odevzdan\u00fd v\u00fdkon<\/td>\n<td>430 W<\/td>\n<\/tr>\n<tr>\n<td>Po\u010det ot\u00e1\u010dek p\u0159i volnob\u011bhu<\/td>\n<td>10000 \/min<\/td>\n<\/tr>\n<tr>\n<td>Ot\u00e1\u010dky p\u0159i jmenovit\u00e9m zat\u00ed\u017een\u00ed<\/td>\n<td>6700 \/min<\/td>\n<\/tr>\n<tr>\n<td>Hmotnost bez s\u00ed\u0165ov\u00e9ho kabelu<\/td>\n<td>2.4 kg<\/td>\n<\/tr>\n<tr>\n<td>D\u00e9lka kabelu<\/td>\n<td>4 m<\/td>\n<\/tr>\n<tr>\n<td>Charakteristick\u00e9 parametry FMS 200 Intec (600065500) Multifunk\u010dn\u00e1 bruska<\/td>\n<td><\/td>\n<\/tr>\n<tr>\n<td>Brusn\u00e1 deska<\/td>\n<td>100 x 147 mm<\/td>\n<\/tr>\n<tr>\n<td>Jmenovit\u00fd p\u0159\u00edkon<\/td>\n<td>200 W<\/td>\n<\/tr>\n<tr>\n<td>Po\u010det ot\u00e1\u010dek p\u0159i volnob\u011bhu<\/td>\n<td>13000 \/min<\/td>\n<\/tr>\n<tr>\n<td>Po\u010det kmit\u016f p\u0159i volnob\u011bhu<\/td>\n<td>26000 \/min<\/td>\n<\/tr>\n<tr>\n<td>Kmitav\u00fd obvod<\/td>\n<td>1.4 mm<\/td>\n<\/tr>\n<tr>\n<td>Hmotnost bez s\u00ed\u0165ov\u00e9ho kabelu<\/td>\n<td>1.2 kg<\/td>\n<\/tr>\n<tr>\n<td>D\u00e9lka kabelu<\/td>\n<td>2.8 m<\/td>\n<\/tr>\n<tr>\n<td>Vibrace LF 724 S (600724000) Fr\u00e9za na laky<\/td>\n<td><\/td>\n<\/tr>\n<tr>\n<td>Hoblov\u00e1n\u00ed m\u011bkk\u00e9ho d\u0159eva<\/td>\n<td>6.4 m\/s\u00b2<\/td>\n<\/tr>\n<tr>\n<td>Nejistota m\u011b\u0159en\u00ed K<\/td>\n<td>1.5 m\/s\u00b2<\/td>\n<\/tr>\n<tr>\n<td>Vibrace FMS 200 Intec (600065500) Multifunk\u010dn\u00e1 bruska<\/td>\n<td><\/td>\n<\/tr>\n<tr>\n<td>Brou\u0161en\u00ed povrchu<\/td>\n<td>5.5 m\/s\u00b2<\/td>\n<\/tr>\n<tr>\n<td>Nejistota m\u011b\u0159en\u00ed K<\/td>\n<td>1.5 m\/s\u00b2<\/td>\n<\/tr>\n<tr>\n<td>Hlukov\u00e9 emise LF 724 S (600724000) Fr\u00e9za na laky<\/td>\n<td><\/td>\n<\/tr>\n<tr>\n<td>Hladina akustick\u00e9ho tlaku<\/td>\n<td>86 dB(A)<\/td>\n<\/tr>\n<tr>\n<td>Hladina akustick\u00e9ho v\u00fdkonu (LwA)<\/td>\n<td>97 dB(A)<\/td>\n<\/tr>\n<tr>\n<td>Nejistota m\u011b\u0159en\u00ed K<\/td>\n<td>3 dB(A)<\/td>\n<\/tr>\n<tr>\n<td>Hlukov\u00e9 emise FMS 200 Intec (600065500) Multifunk\u010dn\u00e1 bruska<\/td>\n<td><\/td>\n<\/tr>\n<tr>\n<td>Hladina akustick\u00e9ho tlaku<\/td>\n<td>78 dB(A)<\/td>\n<\/tr>\n<tr>\n<td>Hladina akustick\u00e9ho v\u00fdkonu (LwA)<\/td>\n<td>89 dB(A)<\/td>\n<\/tr>\n<tr>\n<td>Nejistota m\u011b\u0159en\u00ed K<\/td>\n<td>3 dB(A)<\/td>\n<\/tr><\/div>\n<\/table>\n","protected":false},"excerpt":{"rendered":"<p>Fr\u00e9za na laky LF 724 S jen od Metaba:\u00a0 K odstran\u011bn\u00ed probl\u00e9m\u016f p\u0159i renovaci. A\u017e 70 % \u00faspora \u010dasu v porovn\u00e1n\u00ed s b\u011b\u017en\u00fdmi technikami pr\u00e1ce. K ekologick\u00e9mu odstra\u0148ov\u00e1n\u00ed barev a lak\u016f z rovn\u00fdch d\u0159ev\u011bn\u00fdch povrch\u016f, nap\u0159. schody, dve\u0159e a oknaMultifunk\u010dn\u00ed bruska FMS 200 s troj\u00faheln\u00edkovou brusnou deskou k brou\u0161en\u00ed hran, roh\u016f a ploch. Lehk\u00fd a [&hellip;]<\/p>\n","protected":false},"featured_media":8033,"comment_status":"open","ping_status":"open","template":"","meta":[],"product_brand":[],"product_cat":[41],"product_tag":[],"class_list":{"0":"post-7933","1":"product","2":"type-product","3":"status-publish","4":"has-post-thumbnail","6":"product_cat-stroje","8":"first","9":"instock","10":"sale","11":"shipping-taxable","12":"purchasable","13":"product-type-simple"},"yoast_head":"<!-- This site is optimized with the Yoast SEO plugin v26.8 - https:\/\/yoast.com\/product\/yoast-seo-wordpress\/ -->\n<title>Metabo LF 724 S + FMS 200 SET s\u00ed\u0165ov\u00e9 p\u0159\u00edstroje v sad\u011b, p\u0159\u00edsl. Zlevn\u011bn\u00fd -<\/title>\n<meta name=\"robots\" content=\"index, follow, max-snippet:-1, max-image-preview:large, max-video-preview:-1\" \/>\n<link rel=\"canonical\" href=\"https:\/\/www.domstavpro.com\/index.php\/produkt\/metabo-lf-724-s-fms-200-set-sitove-pristroje-v-sade-prisl-zlevneny-7933\/\" \/>\n<meta property=\"og:locale\" content=\"cs_CZ\" \/>\n<meta property=\"og:type\" content=\"article\" \/>\n<meta property=\"og:title\" content=\"Metabo LF 724 S + FMS 200 SET s\u00ed\u0165ov\u00e9 p\u0159\u00edstroje v sad\u011b, p\u0159\u00edsl. Zlevn\u011bn\u00fd -\" \/>\n<meta property=\"og:description\" content=\"Fr\u00e9za na laky LF 724 S jen od Metaba:\u00a0 K odstran\u011bn\u00ed probl\u00e9m\u016f p\u0159i renovaci. A\u017e 70 % \u00faspora \u010dasu v porovn\u00e1n\u00ed s b\u011b\u017en\u00fdmi technikami pr\u00e1ce. K ekologick\u00e9mu odstra\u0148ov\u00e1n\u00ed barev a lak\u016f z rovn\u00fdch d\u0159ev\u011bn\u00fdch povrch\u016f, nap\u0159. schody, dve\u0159e a oknaMultifunk\u010dn\u00ed bruska FMS 200 s troj\u00faheln\u00edkovou brusnou deskou k brou\u0161en\u00ed hran, roh\u016f a ploch. Lehk\u00fd a [&hellip;]\" \/>\n<meta property=\"og:url\" content=\"https:\/\/www.domstavpro.com\/index.php\/produkt\/metabo-lf-724-s-fms-200-set-sitove-pristroje-v-sade-prisl-zlevneny-7933\/\" \/>\n<meta property=\"og:image\" content=\"https:\/\/www.domstavpro.com\/wp-content\/uploads\/2026\/SK0029851-CZ20260425-092328-0-1777080210-snimek-obrazovky-2023-08-18-153710.webp\" \/>\n\t<meta property=\"og:image:width\" content=\"661\" \/>\n\t<meta property=\"og:image:height\" content=\"658\" \/>\n\t<meta property=\"og:image:type\" content=\"image\/webp\" \/>\n<meta name=\"twitter:card\" content=\"summary_large_image\" \/>\n<meta name=\"twitter:label1\" content=\"Odhadovan\u00e1 doba \u010dten\u00ed\" \/>\n\t<meta name=\"twitter:data1\" content=\"2 minuty\" \/>\n<script type=\"application\/ld+json\" class=\"yoast-schema-graph\">{\"@context\":\"https:\/\/schema.org\",\"@graph\":[{\"@type\":\"WebPage\",\"@id\":\"https:\/\/www.domstavpro.com\/index.php\/produkt\/metabo-lf-724-s-fms-200-set-sitove-pristroje-v-sade-prisl-zlevneny-7933\/\",\"url\":\"https:\/\/www.domstavpro.com\/index.php\/produkt\/metabo-lf-724-s-fms-200-set-sitove-pristroje-v-sade-prisl-zlevneny-7933\/\",\"name\":\"Metabo LF 724 S + FMS 200 SET s\u00ed\u0165ov\u00e9 p\u0159\u00edstroje v sad\u011b, p\u0159\u00edsl. Zlevn\u011bn\u00fd -\",\"isPartOf\":{\"@id\":\"https:\/\/www.domstavpro.com\/#website\"},\"primaryImageOfPage\":{\"@id\":\"https:\/\/www.domstavpro.com\/index.php\/produkt\/metabo-lf-724-s-fms-200-set-sitove-pristroje-v-sade-prisl-zlevneny-7933\/#primaryimage\"},\"image\":{\"@id\":\"https:\/\/www.domstavpro.com\/index.php\/produkt\/metabo-lf-724-s-fms-200-set-sitove-pristroje-v-sade-prisl-zlevneny-7933\/#primaryimage\"},\"thumbnailUrl\":\"https:\/\/www.domstavpro.com\/wp-content\/uploads\/2026\/SK0029851-CZ20260425-092328-0-1777080210-snimek-obrazovky-2023-08-18-153710.webp\",\"datePublished\":\"2026-04-27T15:08:11+00:00\",\"breadcrumb\":{\"@id\":\"https:\/\/www.domstavpro.com\/index.php\/produkt\/metabo-lf-724-s-fms-200-set-sitove-pristroje-v-sade-prisl-zlevneny-7933\/#breadcrumb\"},\"inLanguage\":\"cs\",\"potentialAction\":[{\"@type\":\"ReadAction\",\"target\":[\"https:\/\/www.domstavpro.com\/index.php\/produkt\/metabo-lf-724-s-fms-200-set-sitove-pristroje-v-sade-prisl-zlevneny-7933\/\"]}]},{\"@type\":\"ImageObject\",\"inLanguage\":\"cs\",\"@id\":\"https:\/\/www.domstavpro.com\/index.php\/produkt\/metabo-lf-724-s-fms-200-set-sitove-pristroje-v-sade-prisl-zlevneny-7933\/#primaryimage\",\"url\":\"https:\/\/www.domstavpro.com\/wp-content\/uploads\/2026\/SK0029851-CZ20260425-092328-0-1777080210-snimek-obrazovky-2023-08-18-153710.webp\",\"contentUrl\":\"https:\/\/www.domstavpro.com\/wp-content\/uploads\/2026\/SK0029851-CZ20260425-092328-0-1777080210-snimek-obrazovky-2023-08-18-153710.webp\",\"width\":661,\"height\":658},{\"@type\":\"BreadcrumbList\",\"@id\":\"https:\/\/www.domstavpro.com\/index.php\/produkt\/metabo-lf-724-s-fms-200-set-sitove-pristroje-v-sade-prisl-zlevneny-7933\/#breadcrumb\",\"itemListElement\":[{\"@type\":\"ListItem\",\"position\":1,\"name\":\"Home\",\"item\":\"https:\/\/www.domstavpro.com\/\"},{\"@type\":\"ListItem\",\"position\":2,\"name\":\"Products\",\"item\":\"https:\/\/www.domstavpro.com\/index.php\/products\/\"},{\"@type\":\"ListItem\",\"position\":3,\"name\":\"Metabo LF 724 S + FMS 200 SET s\u00ed\u0165ov\u00e9 p\u0159\u00edstroje v sad\u011b, p\u0159\u00edsl. Zlevn\u011bn\u00fd\"}]},{\"@type\":\"WebSite\",\"@id\":\"https:\/\/www.domstavpro.com\/#website\",\"url\":\"https:\/\/www.domstavpro.com\/\",\"name\":\"\",\"description\":\"\",\"potentialAction\":[{\"@type\":\"SearchAction\",\"target\":{\"@type\":\"EntryPoint\",\"urlTemplate\":\"https:\/\/www.domstavpro.com\/?s={search_term_string}\"},\"query-input\":{\"@type\":\"PropertyValueSpecification\",\"valueRequired\":true,\"valueName\":\"search_term_string\"}}],\"inLanguage\":\"cs\"}]}<\/script>\n<!-- \/ Yoast SEO plugin. -->","yoast_head_json":{"title":"Metabo LF 724 S + FMS 200 SET s\u00ed\u0165ov\u00e9 p\u0159\u00edstroje v sad\u011b, p\u0159\u00edsl. Zlevn\u011bn\u00fd -","robots":{"index":"index","follow":"follow","max-snippet":"max-snippet:-1","max-image-preview":"max-image-preview:large","max-video-preview":"max-video-preview:-1"},"canonical":"https:\/\/www.domstavpro.com\/index.php\/produkt\/metabo-lf-724-s-fms-200-set-sitove-pristroje-v-sade-prisl-zlevneny-7933\/","og_locale":"cs_CZ","og_type":"article","og_title":"Metabo LF 724 S + FMS 200 SET s\u00ed\u0165ov\u00e9 p\u0159\u00edstroje v sad\u011b, p\u0159\u00edsl. Zlevn\u011bn\u00fd -","og_description":"Fr\u00e9za na laky LF 724 S jen od Metaba:\u00a0 K odstran\u011bn\u00ed probl\u00e9m\u016f p\u0159i renovaci. A\u017e 70 % \u00faspora \u010dasu v porovn\u00e1n\u00ed s b\u011b\u017en\u00fdmi technikami pr\u00e1ce. K ekologick\u00e9mu odstra\u0148ov\u00e1n\u00ed barev a lak\u016f z rovn\u00fdch d\u0159ev\u011bn\u00fdch povrch\u016f, nap\u0159. schody, dve\u0159e a oknaMultifunk\u010dn\u00ed bruska FMS 200 s troj\u00faheln\u00edkovou brusnou deskou k brou\u0161en\u00ed hran, roh\u016f a ploch. Lehk\u00fd a [&hellip;]","og_url":"https:\/\/www.domstavpro.com\/index.php\/produkt\/metabo-lf-724-s-fms-200-set-sitove-pristroje-v-sade-prisl-zlevneny-7933\/","og_image":[{"width":661,"height":658,"url":"https:\/\/www.domstavpro.com\/wp-content\/uploads\/2026\/SK0029851-CZ20260425-092328-0-1777080210-snimek-obrazovky-2023-08-18-153710.webp","type":"image\/webp"}],"twitter_card":"summary_large_image","twitter_misc":{"Odhadovan\u00e1 doba \u010dten\u00ed":"2 minuty"},"schema":{"@context":"https:\/\/schema.org","@graph":[{"@type":"WebPage","@id":"https:\/\/www.domstavpro.com\/index.php\/produkt\/metabo-lf-724-s-fms-200-set-sitove-pristroje-v-sade-prisl-zlevneny-7933\/","url":"https:\/\/www.domstavpro.com\/index.php\/produkt\/metabo-lf-724-s-fms-200-set-sitove-pristroje-v-sade-prisl-zlevneny-7933\/","name":"Metabo LF 724 S + FMS 200 SET s\u00ed\u0165ov\u00e9 p\u0159\u00edstroje v sad\u011b, p\u0159\u00edsl. Zlevn\u011bn\u00fd -","isPartOf":{"@id":"https:\/\/www.domstavpro.com\/#website"},"primaryImageOfPage":{"@id":"https:\/\/www.domstavpro.com\/index.php\/produkt\/metabo-lf-724-s-fms-200-set-sitove-pristroje-v-sade-prisl-zlevneny-7933\/#primaryimage"},"image":{"@id":"https:\/\/www.domstavpro.com\/index.php\/produkt\/metabo-lf-724-s-fms-200-set-sitove-pristroje-v-sade-prisl-zlevneny-7933\/#primaryimage"},"thumbnailUrl":"https:\/\/www.domstavpro.com\/wp-content\/uploads\/2026\/SK0029851-CZ20260425-092328-0-1777080210-snimek-obrazovky-2023-08-18-153710.webp","datePublished":"2026-04-27T15:08:11+00:00","breadcrumb":{"@id":"https:\/\/www.domstavpro.com\/index.php\/produkt\/metabo-lf-724-s-fms-200-set-sitove-pristroje-v-sade-prisl-zlevneny-7933\/#breadcrumb"},"inLanguage":"cs","potentialAction":[{"@type":"ReadAction","target":["https:\/\/www.domstavpro.com\/index.php\/produkt\/metabo-lf-724-s-fms-200-set-sitove-pristroje-v-sade-prisl-zlevneny-7933\/"]}]},{"@type":"ImageObject","inLanguage":"cs","@id":"https:\/\/www.domstavpro.com\/index.php\/produkt\/metabo-lf-724-s-fms-200-set-sitove-pristroje-v-sade-prisl-zlevneny-7933\/#primaryimage","url":"https:\/\/www.domstavpro.com\/wp-content\/uploads\/2026\/SK0029851-CZ20260425-092328-0-1777080210-snimek-obrazovky-2023-08-18-153710.webp","contentUrl":"https:\/\/www.domstavpro.com\/wp-content\/uploads\/2026\/SK0029851-CZ20260425-092328-0-1777080210-snimek-obrazovky-2023-08-18-153710.webp","width":661,"height":658},{"@type":"BreadcrumbList","@id":"https:\/\/www.domstavpro.com\/index.php\/produkt\/metabo-lf-724-s-fms-200-set-sitove-pristroje-v-sade-prisl-zlevneny-7933\/#breadcrumb","itemListElement":[{"@type":"ListItem","position":1,"name":"Home","item":"https:\/\/www.domstavpro.com\/"},{"@type":"ListItem","position":2,"name":"Products","item":"https:\/\/www.domstavpro.com\/index.php\/products\/"},{"@type":"ListItem","position":3,"name":"Metabo LF 724 S + FMS 200 SET s\u00ed\u0165ov\u00e9 p\u0159\u00edstroje v sad\u011b, p\u0159\u00edsl. Zlevn\u011bn\u00fd"}]},{"@type":"WebSite","@id":"https:\/\/www.domstavpro.com\/#website","url":"https:\/\/www.domstavpro.com\/","name":"","description":"","potentialAction":[{"@type":"SearchAction","target":{"@type":"EntryPoint","urlTemplate":"https:\/\/www.domstavpro.com\/?s={search_term_string}"},"query-input":{"@type":"PropertyValueSpecification","valueRequired":true,"valueName":"search_term_string"}}],"inLanguage":"cs"}]}},"_links":{"self":[{"href":"https:\/\/www.domstavpro.com\/index.php\/wp-json\/wp\/v2\/product\/7933","targetHints":{"allow":["GET"]}}],"collection":[{"href":"https:\/\/www.domstavpro.com\/index.php\/wp-json\/wp\/v2\/product"}],"about":[{"href":"https:\/\/www.domstavpro.com\/index.php\/wp-json\/wp\/v2\/types\/product"}],"replies":[{"embeddable":true,"href":"https:\/\/www.domstavpro.com\/index.php\/wp-json\/wp\/v2\/comments?post=7933"}],"wp:featuredmedia":[{"embeddable":true,"href":"https:\/\/www.domstavpro.com\/index.php\/wp-json\/wp\/v2\/media\/8033"}],"wp:attachment":[{"href":"https:\/\/www.domstavpro.com\/index.php\/wp-json\/wp\/v2\/media?parent=7933"}],"wp:term":[{"taxonomy":"product_brand","embeddable":true,"href":"https:\/\/www.domstavpro.com\/index.php\/wp-json\/wp\/v2\/product_brand?post=7933"},{"taxonomy":"product_cat","embeddable":true,"href":"https:\/\/www.domstavpro.com\/index.php\/wp-json\/wp\/v2\/product_cat?post=7933"},{"taxonomy":"product_tag","embeddable":true,"href":"https:\/\/www.domstavpro.com\/index.php\/wp-json\/wp\/v2\/product_tag?post=7933"}],"curies":[{"name":"wp","href":"https:\/\/api.w.org\/{rel}","templated":true}]}}