{"id":7925,"date":"2026-04-27T15:08:11","date_gmt":"2026-04-27T15:08:11","guid":{"rendered":""},"modified":"2026-04-27T15:08:11","modified_gmt":"2026-04-27T15:08:11","slug":"znackovy-metabo-wev-19-125-q-m-brush-uhlova-bruska-7925","status":"publish","type":"product","link":"https:\/\/www.domstavpro.com\/index.php\/produkt\/znackovy-metabo-wev-19-125-q-m-brush-uhlova-bruska-7925\/","title":{"rendered":"Zna\u010dkov\u00fd Metabo WEV 19-125 Q M-BRUSH  \u00fahlov\u00e1 bruska"},"content":{"rendered":"<table>\n<div class=\"tab-pane active product-description\" id=\"popis\" role=\"tabpanel\">\n<div class=\"short-description\" itemprop=\"description\"><\/div>\n<div class=\"description\"><span class='bullet-line'>Vybaveno pro pr\u016fmyslov\u00e9 pou\u017eit\u00ed v\u00fdkonem 1900 W a technologi\u00ed M-Brush<br \/><\/span><span class='bullet-line'>Technologie Metabo M-Brush: bez\u00fadr\u017ebov\u00e9 uhl\u00edkov\u00e9 kart\u00e1\u010de s trojn\u00e1sobnou \u017eivotnost\u00ed po celou dobu \u017eivotnosti stroje<br \/><\/span><span class='bullet-line'>Del\u0161\u00ed \u017eivotnost, v\u011bt\u0161\u00ed pr\u016ftah: Metabo Marathon motor s patentovanou ochranou proti prachu, a\u017e o 20 % v\u011bt\u0161\u00ed odolnost v\u016f\u010di p\u0159et\u00ed\u017een\u00ed a 50 % v\u011bt\u0161\u00ed to\u010div\u00fd moment<br \/><\/span><span class='bullet-line'>Celovlnn\u00e1 elektronika Vario-Tacho-Constamatic (VTC) s regula\u010dn\u00edm kole\u010dkem k pr\u00e1ci s odpov\u00eddaj\u00edc\u00edmi ot\u00e1\u010dkami, kter\u00e9 z\u016fst\u00e1vaj\u00ed i p\u0159i zat\u00ed\u017een\u00ed konstantn\u00ed<br \/><\/span><span class='bullet-line'>Rychl\u00e1 v\u00fdm\u011bna kotou\u010de bez pou\u017eit\u00ed n\u00e1stroj\u016f stiskem tla\u010d\u00edtka se syst\u00e9mem M-Quick Metabo<br \/><\/span><span class='bullet-line'>Ochrann\u00fd kryt nastaviteln\u00fd bez pou\u017eit\u00ed n\u00e1\u0159ad\u00ed odoln\u00fd v\u016f\u010di zkrutu<br \/><\/span><span class='bullet-line'>P\u0159\u00eddavn\u00e1 rukoje\u0165 Metabo VibraTech (MVT) s minim\u00e1ln\u00edmi vibracemi<br \/><\/span><span class='bullet-line'>Bezpe\u010dnostn\u00ed mechanick\u00e1 spojka Metabo S-automatic: Minimalizuje zp\u011btn\u00fd r\u00e1z p\u0159i zablokov\u00e1n\u00ed kotou\u010de na nejni\u017e\u0161\u00ed \u00farovni na trhu \u2013 pro maxim\u00e1ln\u00ed ochranu u\u017eivatele a dal\u0161\u00ed plynulou pr\u00e1ci<br \/><\/span><span class='bullet-line'>Elektronick\u00e1 ochrana proti p\u0159et\u00ed\u017een\u00ed, pozvoln\u00fd rozb\u011bh a ochrana proti op\u011btovn\u00e9mu rozb\u011bhnut\u00ed<br \/><\/span><span class='bullet-line'>Snadno nastaviteln\u00fd kryt p\u0159evodu oto\u010dn\u00fd v kroc\u00edch po 90\u00b0 pro ovl\u00e1d\u00e1n\u00ed levou rukou nebo k \u0159ez\u00e1n\u00ed<br \/><\/span><\/p>\n<p>\u25ba Rozsah dod\u00e1vky<span class='bullet-line'>ochrann\u00fd kryt<br \/><\/span><span class='bullet-line'>op\u011brn\u00e1 p\u0159\u00edruba<br \/><\/span><span class='bullet-line'>Up\u00ednac\u00ed matice M-Quick<br \/><\/span><span class='bullet-line'>P\u0159\u00eddavn\u00e1 rukoje\u0165 Metabo VibraTech (MVT)<br \/><\/span><span class='bullet-line'>Protiprachov\u00e9 filtry<\/span><\/div>\n<div class=\"parameters\">\n<tr>\n<td>\u00d8 kotou\u010de<\/td>\n<td>125 mm<\/td>\n<\/tr>\n<tr>\n<td>Jmenovit\u00fd p\u0159\u00edkon<\/td>\n<td>1900 W<\/td>\n<\/tr>\n<tr>\n<td>Odevzdan\u00fd v\u00fdkon<\/td>\n<td>1220 W<\/td>\n<\/tr>\n<tr>\n<td>Po\u010det ot\u00e1\u010dek p\u0159i volnob\u011bhu<\/td>\n<td>2800 &#8211; 11000 \/min<\/td>\n<\/tr>\n<tr>\n<td>Ot\u00e1\u010dky p\u0159i jmenovit\u00e9m zat\u00ed\u017een\u00ed<\/td>\n<td>11000 \/min<\/td>\n<\/tr>\n<tr>\n<td>To\u010div\u00fd moment<\/td>\n<td>4 Nm<\/td>\n<\/tr>\n<tr>\n<td>Z\u00e1vity v\u0159etena<\/td>\n<td>M 14<\/td>\n<\/tr>\n<tr>\n<td>Obvod rukojeti<\/td>\n<td>206 mm<\/td>\n<\/tr>\n<tr>\n<td>Hmotnost bez s\u00ed\u0165ov\u00e9ho kabelu<\/td>\n<td>2.5 kg<\/td>\n<\/tr>\n<tr>\n<td>D\u00e9lka kabelu<\/td>\n<td>4 m<\/td>\n<\/tr>\n<tr>\n<td>Vibrace<\/td>\n<td><\/td>\n<\/tr>\n<tr>\n<td>Brou\u0161en\u00ed povrchu<\/td>\n<td>6 m\/s\u00b2<\/td>\n<\/tr>\n<tr>\n<td>Nejistota m\u011b\u0159en\u00ed K<\/td>\n<td>1.5 m\/s\u00b2<\/td>\n<\/tr>\n<tr>\n<td>Brou\u0161en\u00ed brusn\u00fdm listem<\/td>\n<td>3.6 m\/s\u00b2<\/td>\n<\/tr>\n<tr>\n<td>Nejistota m\u011b\u0159en\u00ed K<\/td>\n<td>1.5 m\/s\u00b2<\/td>\n<\/tr>\n<tr>\n<td>Hlukov\u00e9 emise<\/td>\n<td><\/td>\n<\/tr>\n<tr>\n<td>Hladina akustick\u00e9ho tlaku<\/td>\n<td>93 dB(A)<\/td>\n<\/tr>\n<tr>\n<td>Hladina akustick\u00e9ho v\u00fdkonu (LwA)<\/td>\n<td>104 dB(A)<\/td>\n<\/tr>\n<tr>\n<td>Nejistota m\u011b\u0159en\u00ed K<\/td>\n<td>3 dB(A)<\/td>\n<\/tr><\/div>\n<\/table>\n","protected":false},"excerpt":{"rendered":"<p>Vybaveno pro pr\u016fmyslov\u00e9 pou\u017eit\u00ed v\u00fdkonem 1900 W a technologi\u00ed M-BrushTechnologie Metabo M-Brush: bez\u00fadr\u017ebov\u00e9 uhl\u00edkov\u00e9 kart\u00e1\u010de s trojn\u00e1sobnou \u017eivotnost\u00ed po celou dobu \u017eivotnosti strojeDel\u0161\u00ed \u017eivotnost, v\u011bt\u0161\u00ed pr\u016ftah: Metabo Marathon motor s patentovanou ochranou proti prachu, a\u017e o 20 % v\u011bt\u0161\u00ed odolnost v\u016f\u010di p\u0159et\u00ed\u017een\u00ed a 50 % v\u011bt\u0161\u00ed to\u010div\u00fd momentCelovlnn\u00e1 elektronika Vario-Tacho-Constamatic (VTC) s regula\u010dn\u00edm kole\u010dkem k [&hellip;]<\/p>\n","protected":false},"featured_media":8025,"comment_status":"open","ping_status":"open","template":"","meta":[],"product_brand":[],"product_cat":[38],"product_tag":[],"class_list":{"0":"post-7925","1":"product","2":"type-product","3":"status-publish","4":"has-post-thumbnail","6":"product_cat-naradi","8":"first","9":"instock","10":"sale","11":"shipping-taxable","12":"purchasable","13":"product-type-simple"},"yoast_head":"<!-- This site is optimized with the Yoast SEO plugin v26.8 - https:\/\/yoast.com\/product\/yoast-seo-wordpress\/ -->\n<title>Zna\u010dkov\u00fd Metabo WEV 19-125 Q M-BRUSH \u00fahlov\u00e1 bruska -<\/title>\n<meta name=\"robots\" content=\"index, follow, max-snippet:-1, max-image-preview:large, max-video-preview:-1\" \/>\n<link rel=\"canonical\" href=\"https:\/\/www.domstavpro.com\/index.php\/produkt\/znackovy-metabo-wev-19-125-q-m-brush-uhlova-bruska-7925\/\" \/>\n<meta property=\"og:locale\" content=\"cs_CZ\" \/>\n<meta property=\"og:type\" content=\"article\" \/>\n<meta property=\"og:title\" content=\"Zna\u010dkov\u00fd Metabo WEV 19-125 Q M-BRUSH \u00fahlov\u00e1 bruska -\" \/>\n<meta property=\"og:description\" content=\"Vybaveno pro pr\u016fmyslov\u00e9 pou\u017eit\u00ed v\u00fdkonem 1900 W a technologi\u00ed M-BrushTechnologie Metabo M-Brush: bez\u00fadr\u017ebov\u00e9 uhl\u00edkov\u00e9 kart\u00e1\u010de s trojn\u00e1sobnou \u017eivotnost\u00ed po celou dobu \u017eivotnosti strojeDel\u0161\u00ed \u017eivotnost, v\u011bt\u0161\u00ed pr\u016ftah: Metabo Marathon motor s patentovanou ochranou proti prachu, a\u017e o 20 % v\u011bt\u0161\u00ed odolnost v\u016f\u010di p\u0159et\u00ed\u017een\u00ed a 50 % v\u011bt\u0161\u00ed to\u010div\u00fd momentCelovlnn\u00e1 elektronika Vario-Tacho-Constamatic (VTC) s regula\u010dn\u00edm kole\u010dkem k [&hellip;]\" \/>\n<meta property=\"og:url\" content=\"https:\/\/www.domstavpro.com\/index.php\/produkt\/znackovy-metabo-wev-19-125-q-m-brush-uhlova-bruska-7925\/\" \/>\n<meta property=\"og:image\" content=\"https:\/\/www.domstavpro.com\/wp-content\/uploads\/2026\/SK0029843-CZ20260425-092328-0-1777080210-1254477-1_132723.webp\" \/>\n\t<meta property=\"og:image:width\" content=\"1000\" \/>\n\t<meta property=\"og:image:height\" content=\"666\" \/>\n\t<meta property=\"og:image:type\" content=\"image\/webp\" \/>\n<meta name=\"twitter:card\" content=\"summary_large_image\" \/>\n<meta name=\"twitter:label1\" content=\"Odhadovan\u00e1 doba \u010dten\u00ed\" \/>\n\t<meta name=\"twitter:data1\" content=\"2 minuty\" \/>\n<script type=\"application\/ld+json\" class=\"yoast-schema-graph\">{\"@context\":\"https:\/\/schema.org\",\"@graph\":[{\"@type\":\"WebPage\",\"@id\":\"https:\/\/www.domstavpro.com\/index.php\/produkt\/znackovy-metabo-wev-19-125-q-m-brush-uhlova-bruska-7925\/\",\"url\":\"https:\/\/www.domstavpro.com\/index.php\/produkt\/znackovy-metabo-wev-19-125-q-m-brush-uhlova-bruska-7925\/\",\"name\":\"Zna\u010dkov\u00fd Metabo WEV 19-125 Q M-BRUSH \u00fahlov\u00e1 bruska -\",\"isPartOf\":{\"@id\":\"https:\/\/www.domstavpro.com\/#website\"},\"primaryImageOfPage\":{\"@id\":\"https:\/\/www.domstavpro.com\/index.php\/produkt\/znackovy-metabo-wev-19-125-q-m-brush-uhlova-bruska-7925\/#primaryimage\"},\"image\":{\"@id\":\"https:\/\/www.domstavpro.com\/index.php\/produkt\/znackovy-metabo-wev-19-125-q-m-brush-uhlova-bruska-7925\/#primaryimage\"},\"thumbnailUrl\":\"https:\/\/www.domstavpro.com\/wp-content\/uploads\/2026\/SK0029843-CZ20260425-092328-0-1777080210-1254477-1_132723.webp\",\"datePublished\":\"2026-04-27T15:08:11+00:00\",\"breadcrumb\":{\"@id\":\"https:\/\/www.domstavpro.com\/index.php\/produkt\/znackovy-metabo-wev-19-125-q-m-brush-uhlova-bruska-7925\/#breadcrumb\"},\"inLanguage\":\"cs\",\"potentialAction\":[{\"@type\":\"ReadAction\",\"target\":[\"https:\/\/www.domstavpro.com\/index.php\/produkt\/znackovy-metabo-wev-19-125-q-m-brush-uhlova-bruska-7925\/\"]}]},{\"@type\":\"ImageObject\",\"inLanguage\":\"cs\",\"@id\":\"https:\/\/www.domstavpro.com\/index.php\/produkt\/znackovy-metabo-wev-19-125-q-m-brush-uhlova-bruska-7925\/#primaryimage\",\"url\":\"https:\/\/www.domstavpro.com\/wp-content\/uploads\/2026\/SK0029843-CZ20260425-092328-0-1777080210-1254477-1_132723.webp\",\"contentUrl\":\"https:\/\/www.domstavpro.com\/wp-content\/uploads\/2026\/SK0029843-CZ20260425-092328-0-1777080210-1254477-1_132723.webp\",\"width\":1000,\"height\":666},{\"@type\":\"BreadcrumbList\",\"@id\":\"https:\/\/www.domstavpro.com\/index.php\/produkt\/znackovy-metabo-wev-19-125-q-m-brush-uhlova-bruska-7925\/#breadcrumb\",\"itemListElement\":[{\"@type\":\"ListItem\",\"position\":1,\"name\":\"Home\",\"item\":\"https:\/\/www.domstavpro.com\/\"},{\"@type\":\"ListItem\",\"position\":2,\"name\":\"Products\",\"item\":\"https:\/\/www.domstavpro.com\/index.php\/products\/\"},{\"@type\":\"ListItem\",\"position\":3,\"name\":\"Zna\u010dkov\u00fd Metabo WEV 19-125 Q M-BRUSH \u00fahlov\u00e1 bruska\"}]},{\"@type\":\"WebSite\",\"@id\":\"https:\/\/www.domstavpro.com\/#website\",\"url\":\"https:\/\/www.domstavpro.com\/\",\"name\":\"\",\"description\":\"\",\"potentialAction\":[{\"@type\":\"SearchAction\",\"target\":{\"@type\":\"EntryPoint\",\"urlTemplate\":\"https:\/\/www.domstavpro.com\/?s={search_term_string}\"},\"query-input\":{\"@type\":\"PropertyValueSpecification\",\"valueRequired\":true,\"valueName\":\"search_term_string\"}}],\"inLanguage\":\"cs\"}]}<\/script>\n<!-- \/ Yoast SEO plugin. -->","yoast_head_json":{"title":"Zna\u010dkov\u00fd Metabo WEV 19-125 Q M-BRUSH \u00fahlov\u00e1 bruska -","robots":{"index":"index","follow":"follow","max-snippet":"max-snippet:-1","max-image-preview":"max-image-preview:large","max-video-preview":"max-video-preview:-1"},"canonical":"https:\/\/www.domstavpro.com\/index.php\/produkt\/znackovy-metabo-wev-19-125-q-m-brush-uhlova-bruska-7925\/","og_locale":"cs_CZ","og_type":"article","og_title":"Zna\u010dkov\u00fd Metabo WEV 19-125 Q M-BRUSH \u00fahlov\u00e1 bruska -","og_description":"Vybaveno pro pr\u016fmyslov\u00e9 pou\u017eit\u00ed v\u00fdkonem 1900 W a technologi\u00ed M-BrushTechnologie Metabo M-Brush: bez\u00fadr\u017ebov\u00e9 uhl\u00edkov\u00e9 kart\u00e1\u010de s trojn\u00e1sobnou \u017eivotnost\u00ed po celou dobu \u017eivotnosti strojeDel\u0161\u00ed \u017eivotnost, v\u011bt\u0161\u00ed pr\u016ftah: Metabo Marathon motor s patentovanou ochranou proti prachu, a\u017e o 20 % v\u011bt\u0161\u00ed odolnost v\u016f\u010di p\u0159et\u00ed\u017een\u00ed a 50 % v\u011bt\u0161\u00ed to\u010div\u00fd momentCelovlnn\u00e1 elektronika Vario-Tacho-Constamatic (VTC) s regula\u010dn\u00edm kole\u010dkem k [&hellip;]","og_url":"https:\/\/www.domstavpro.com\/index.php\/produkt\/znackovy-metabo-wev-19-125-q-m-brush-uhlova-bruska-7925\/","og_image":[{"width":1000,"height":666,"url":"https:\/\/www.domstavpro.com\/wp-content\/uploads\/2026\/SK0029843-CZ20260425-092328-0-1777080210-1254477-1_132723.webp","type":"image\/webp"}],"twitter_card":"summary_large_image","twitter_misc":{"Odhadovan\u00e1 doba \u010dten\u00ed":"2 minuty"},"schema":{"@context":"https:\/\/schema.org","@graph":[{"@type":"WebPage","@id":"https:\/\/www.domstavpro.com\/index.php\/produkt\/znackovy-metabo-wev-19-125-q-m-brush-uhlova-bruska-7925\/","url":"https:\/\/www.domstavpro.com\/index.php\/produkt\/znackovy-metabo-wev-19-125-q-m-brush-uhlova-bruska-7925\/","name":"Zna\u010dkov\u00fd Metabo WEV 19-125 Q M-BRUSH \u00fahlov\u00e1 bruska -","isPartOf":{"@id":"https:\/\/www.domstavpro.com\/#website"},"primaryImageOfPage":{"@id":"https:\/\/www.domstavpro.com\/index.php\/produkt\/znackovy-metabo-wev-19-125-q-m-brush-uhlova-bruska-7925\/#primaryimage"},"image":{"@id":"https:\/\/www.domstavpro.com\/index.php\/produkt\/znackovy-metabo-wev-19-125-q-m-brush-uhlova-bruska-7925\/#primaryimage"},"thumbnailUrl":"https:\/\/www.domstavpro.com\/wp-content\/uploads\/2026\/SK0029843-CZ20260425-092328-0-1777080210-1254477-1_132723.webp","datePublished":"2026-04-27T15:08:11+00:00","breadcrumb":{"@id":"https:\/\/www.domstavpro.com\/index.php\/produkt\/znackovy-metabo-wev-19-125-q-m-brush-uhlova-bruska-7925\/#breadcrumb"},"inLanguage":"cs","potentialAction":[{"@type":"ReadAction","target":["https:\/\/www.domstavpro.com\/index.php\/produkt\/znackovy-metabo-wev-19-125-q-m-brush-uhlova-bruska-7925\/"]}]},{"@type":"ImageObject","inLanguage":"cs","@id":"https:\/\/www.domstavpro.com\/index.php\/produkt\/znackovy-metabo-wev-19-125-q-m-brush-uhlova-bruska-7925\/#primaryimage","url":"https:\/\/www.domstavpro.com\/wp-content\/uploads\/2026\/SK0029843-CZ20260425-092328-0-1777080210-1254477-1_132723.webp","contentUrl":"https:\/\/www.domstavpro.com\/wp-content\/uploads\/2026\/SK0029843-CZ20260425-092328-0-1777080210-1254477-1_132723.webp","width":1000,"height":666},{"@type":"BreadcrumbList","@id":"https:\/\/www.domstavpro.com\/index.php\/produkt\/znackovy-metabo-wev-19-125-q-m-brush-uhlova-bruska-7925\/#breadcrumb","itemListElement":[{"@type":"ListItem","position":1,"name":"Home","item":"https:\/\/www.domstavpro.com\/"},{"@type":"ListItem","position":2,"name":"Products","item":"https:\/\/www.domstavpro.com\/index.php\/products\/"},{"@type":"ListItem","position":3,"name":"Zna\u010dkov\u00fd Metabo WEV 19-125 Q M-BRUSH \u00fahlov\u00e1 bruska"}]},{"@type":"WebSite","@id":"https:\/\/www.domstavpro.com\/#website","url":"https:\/\/www.domstavpro.com\/","name":"","description":"","potentialAction":[{"@type":"SearchAction","target":{"@type":"EntryPoint","urlTemplate":"https:\/\/www.domstavpro.com\/?s={search_term_string}"},"query-input":{"@type":"PropertyValueSpecification","valueRequired":true,"valueName":"search_term_string"}}],"inLanguage":"cs"}]}},"_links":{"self":[{"href":"https:\/\/www.domstavpro.com\/index.php\/wp-json\/wp\/v2\/product\/7925","targetHints":{"allow":["GET"]}}],"collection":[{"href":"https:\/\/www.domstavpro.com\/index.php\/wp-json\/wp\/v2\/product"}],"about":[{"href":"https:\/\/www.domstavpro.com\/index.php\/wp-json\/wp\/v2\/types\/product"}],"replies":[{"embeddable":true,"href":"https:\/\/www.domstavpro.com\/index.php\/wp-json\/wp\/v2\/comments?post=7925"}],"wp:featuredmedia":[{"embeddable":true,"href":"https:\/\/www.domstavpro.com\/index.php\/wp-json\/wp\/v2\/media\/8025"}],"wp:attachment":[{"href":"https:\/\/www.domstavpro.com\/index.php\/wp-json\/wp\/v2\/media?parent=7925"}],"wp:term":[{"taxonomy":"product_brand","embeddable":true,"href":"https:\/\/www.domstavpro.com\/index.php\/wp-json\/wp\/v2\/product_brand?post=7925"},{"taxonomy":"product_cat","embeddable":true,"href":"https:\/\/www.domstavpro.com\/index.php\/wp-json\/wp\/v2\/product_cat?post=7925"},{"taxonomy":"product_tag","embeddable":true,"href":"https:\/\/www.domstavpro.com\/index.php\/wp-json\/wp\/v2\/product_tag?post=7925"}],"curies":[{"name":"wp","href":"https:\/\/api.w.org\/{rel}","templated":true}]}}