{"id":7915,"date":"2026-04-27T15:08:11","date_gmt":"2026-04-27T15:08:11","guid":{"rendered":""},"modified":"2026-04-27T15:08:11","modified_gmt":"2026-04-27T15:08:11","slug":"akce-metabo-nfr-18-ltx-90-bl-aku-hrebikovacka-bez-aku-mb-7915","status":"publish","type":"product","link":"https:\/\/www.domstavpro.com\/index.php\/produkt\/akce-metabo-nfr-18-ltx-90-bl-aku-hrebikovacka-bez-aku-mb-7915\/","title":{"rendered":"Akce Metabo NFR 18 LTX 90 BL aku h\u0159eb\u00edkova\u010dka, bez aku mB"},"content":{"rendered":"<table>\n<div class=\"tab-pane active product-description\" id=\"popis\" role=\"tabpanel\">\n<div class=\"short-description\" itemprop=\"description\"><\/div>\n<div class=\"description\"><span class='bullet-line'>V\u00fdkonn\u00e1 akumul\u00e1torov\u00e1 h\u0159eb\u00edkova\u010dka s technologi\u00ed pneumatick\u00e9ho p\u0159\u00edklepu na h\u0159eb\u00edky do d\u00e9lky 90 mm<br \/><\/span><span class='bullet-line'>Svi\u017en\u00fd postup pr\u00e1ce d\u00edky vysok\u00e9 rychlosti d\u00e1vkov\u00e1n\u00ed dvou h\u0159eb\u00edk\u016f za sekundu<br \/><\/span><span class='bullet-line'>Maxim\u00e1ln\u00ed volnost pohybu p\u0159i zatlouk\u00e1n\u00ed h\u0159eb\u00edk\u016f bez vzduchov\u00e9 hadice nebo kabelu<br \/><\/span><span class='bullet-line'>Hospod\u00e1rn\u00fd, bezpe\u010dn\u00fd provoz bez plynov\u00e9 kartu\u0161e a dodate\u010dn\u00fdch servisn\u00edch n\u00e1klad\u016f<br \/><\/span><span class='bullet-line'>Efektivn\u00ed bezuhl\u00edkov\u00fd motor a\u017e na 550 d\u00e1vek na jedno nabit\u00ed akumul\u00e1torov\u00e9ho \u010dl\u00e1nku (LiHD 4,0 Ah)<br \/><\/span><span class='bullet-line'>Volba re\u017eimu jedn\u00e9 d\u00e1vky a kontaktn\u00edho spou\u0161t\u011bn\u00ed pro rychl\u00e9 d\u00e1vkov\u00e1n\u00ed h\u0159eb\u00edk\u016f v s\u00e9rii<br \/><\/span><span class='bullet-line'>Nastaven\u00ed hloubky z\u00e1b\u011bru bez pou\u017eit\u00ed n\u00e1\u0159ad\u00ed pro p\u0159esnou pr\u00e1ci<br \/><\/span><span class='bullet-line'>Ochrana proti chodu napr\u00e1zdno chr\u00e1n\u00ed p\u0159ed zbyte\u010dn\u00fdm opot\u0159eben\u00edm a zvy\u0161uje \u017eivotnost h\u0159eb\u00edkova\u010dky<br \/><\/span><span class='bullet-line'>Bezpe\u010dnostn\u00ed vypnut\u00ed po 30 minut\u00e1ch ne\u010dinnosti \u0161et\u0159\u00ed energii<br \/><\/span><span class='bullet-line'>Obloukov\u00e1 rukoje\u0165 s mnoha polohami pro ochranu akumul\u00e1torov\u00e9ho \u010dl\u00e1nku slou\u017e\u00ed jako bod dorazu pro n\u00e1stroje k zaji\u0161t\u011bn\u00ed n\u00e1\u0159ad\u00ed a tak\u00e9 k zav\u011b\u0161en\u00ed h\u0159eb\u00edkova\u010dky<br \/><\/span><span class='bullet-line'>S metaBOXem, inteligentn\u00edm \u0159e\u0161en\u00edm pro p\u0159epravu a skladov\u00e1n\u00ed<br \/><\/span><span class='bullet-line'>Mnoho zna\u010dek, jeden syst\u00e9m akumul\u00e1tor\u016f: Tento produkt lze kombinovat se v\u0161emi 18V akumul\u00e1torov\u00fdmi \u010dl\u00e1nky a nab\u00edje\u010dkami zna\u010dek CAS: www.cordless-alliance-system.com<br \/><\/span><br \/>\u25ba Rozsah dod\u00e1vky<span class='bullet-line'>Obloukov\u00e1 rukoje\u0165 s mnoha polohami<br \/><\/span><span class='bullet-line'>Pry\u017eov\u00e1 ochrann\u00e1 patka<br \/><\/span><span class='bullet-line'>Z\u00e1sobn\u00edk na prou\u017eky h\u0159eb\u00edk\u016f<br \/><\/span><span class='bullet-line'>\u0160estihrann\u00fd kl\u00ed\u010d<br \/><\/span><span class='bullet-line'>metaBOX 340<br \/><\/span><span class='bullet-line'>bez akumul\u00e1torov\u00e9ho \u010dl\u00e1nku, bez nab\u00edje\u010dky<\/span><\/div>\n<div class=\"parameters\">\n<tr>\n<td>Nap\u011bt\u00ed akumul\u00e1toru<\/td>\n<td>18 V<\/td>\n<\/tr>\n<tr>\n<td>Rychlost h\u0159eb\u00edku<\/td>\n<td>2 \/s<\/td>\n<\/tr>\n<tr>\n<td>Kapacita z\u00e1sobn\u00edku h\u0159eb\u00edk\u016f<\/td>\n<td>47<\/td>\n<\/tr>\n<tr>\n<td>\u00dahel p\u00e1su h\u0159eb\u00edk\u016f<\/td>\n<td>30 &#8211; 34 \u00b0<\/td>\n<\/tr>\n<tr>\n<td>D\u00e9lka h\u0159eb\u00edk\u016f<\/td>\n<td>50 &#8211; 90 mm<\/td>\n<\/tr>\n<tr>\n<td>Pr\u016fm\u011br h\u0159eb\u00edku<\/td>\n<td>2.9 &#8211; 3.3 mm<\/td>\n<\/tr>\n<tr>\n<td>Hmotnost bez akumul\u00e1torov\u00e9ho \u010dl\u00e1nku<\/td>\n<td>4.1 kg<\/td>\n<\/tr>\n<tr>\n<td>Hmotnost v\u010d. akumul\u00e1torov\u00e9ho \u010dl\u00e1nku<\/td>\n<td>4.7 kg<\/td>\n<\/tr>\n<tr>\n<td>Vibrace<\/td>\n<td><\/td>\n<\/tr>\n<tr>\n<td>Vibrace<\/td>\n<td>3.7 m\/s\u00b2<\/td>\n<\/tr>\n<tr>\n<td>Nejistota m\u011b\u0159en\u00ed K<\/td>\n<td>1.5 m\/s\u00b2<\/td>\n<\/tr>\n<tr>\n<td>Hlukov\u00e9 emise<\/td>\n<td><\/td>\n<\/tr>\n<tr>\n<td>Hladina akustick\u00e9ho tlaku<\/td>\n<td>87 dB(A)<\/td>\n<\/tr>\n<tr>\n<td>Hladina akustick\u00e9ho v\u00fdkonu (LwA)<\/td>\n<td>98 dB(A)<\/td>\n<\/tr>\n<tr>\n<td>Nejistota m\u011b\u0159en\u00ed K<\/td>\n<td>3 dB(A)<\/td>\n<\/tr><\/div>\n<\/table>\n","protected":false},"excerpt":{"rendered":"<p>V\u00fdkonn\u00e1 akumul\u00e1torov\u00e1 h\u0159eb\u00edkova\u010dka s technologi\u00ed pneumatick\u00e9ho p\u0159\u00edklepu na h\u0159eb\u00edky do d\u00e9lky 90 mmSvi\u017en\u00fd postup pr\u00e1ce d\u00edky vysok\u00e9 rychlosti d\u00e1vkov\u00e1n\u00ed dvou h\u0159eb\u00edk\u016f za sekunduMaxim\u00e1ln\u00ed volnost pohybu p\u0159i zatlouk\u00e1n\u00ed h\u0159eb\u00edk\u016f bez vzduchov\u00e9 hadice nebo kabeluHospod\u00e1rn\u00fd, bezpe\u010dn\u00fd provoz bez plynov\u00e9 kartu\u0161e a dodate\u010dn\u00fdch servisn\u00edch n\u00e1klad\u016fEfektivn\u00ed bezuhl\u00edkov\u00fd motor a\u017e na 550 d\u00e1vek na jedno nabit\u00ed akumul\u00e1torov\u00e9ho \u010dl\u00e1nku (LiHD 4,0 [&hellip;]<\/p>\n","protected":false},"featured_media":8015,"comment_status":"open","ping_status":"open","template":"","meta":[],"product_brand":[],"product_cat":[38],"product_tag":[],"class_list":{"0":"post-7915","1":"product","2":"type-product","3":"status-publish","4":"has-post-thumbnail","6":"product_cat-naradi","8":"first","9":"instock","10":"sale","11":"shipping-taxable","12":"purchasable","13":"product-type-simple"},"yoast_head":"<!-- This site is optimized with the Yoast SEO plugin v26.8 - https:\/\/yoast.com\/product\/yoast-seo-wordpress\/ -->\n<title>Akce Metabo NFR 18 LTX 90 BL aku h\u0159eb\u00edkova\u010dka, bez aku mB -<\/title>\n<meta name=\"robots\" content=\"index, follow, max-snippet:-1, max-image-preview:large, max-video-preview:-1\" \/>\n<link rel=\"canonical\" href=\"https:\/\/www.domstavpro.com\/index.php\/produkt\/akce-metabo-nfr-18-ltx-90-bl-aku-hrebikovacka-bez-aku-mb-7915\/\" \/>\n<meta property=\"og:locale\" content=\"cs_CZ\" \/>\n<meta property=\"og:type\" content=\"article\" \/>\n<meta property=\"og:title\" content=\"Akce Metabo NFR 18 LTX 90 BL aku h\u0159eb\u00edkova\u010dka, bez aku mB -\" \/>\n<meta property=\"og:description\" content=\"V\u00fdkonn\u00e1 akumul\u00e1torov\u00e1 h\u0159eb\u00edkova\u010dka s technologi\u00ed pneumatick\u00e9ho p\u0159\u00edklepu na h\u0159eb\u00edky do d\u00e9lky 90 mmSvi\u017en\u00fd postup pr\u00e1ce d\u00edky vysok\u00e9 rychlosti d\u00e1vkov\u00e1n\u00ed dvou h\u0159eb\u00edk\u016f za sekunduMaxim\u00e1ln\u00ed volnost pohybu p\u0159i zatlouk\u00e1n\u00ed h\u0159eb\u00edk\u016f bez vzduchov\u00e9 hadice nebo kabeluHospod\u00e1rn\u00fd, bezpe\u010dn\u00fd provoz bez plynov\u00e9 kartu\u0161e a dodate\u010dn\u00fdch servisn\u00edch n\u00e1klad\u016fEfektivn\u00ed bezuhl\u00edkov\u00fd motor a\u017e na 550 d\u00e1vek na jedno nabit\u00ed akumul\u00e1torov\u00e9ho \u010dl\u00e1nku (LiHD 4,0 [&hellip;]\" \/>\n<meta property=\"og:url\" content=\"https:\/\/www.domstavpro.com\/index.php\/produkt\/akce-metabo-nfr-18-ltx-90-bl-aku-hrebikovacka-bez-aku-mb-7915\/\" \/>\n<meta property=\"og:image\" content=\"https:\/\/www.domstavpro.com\/wp-content\/uploads\/2026\/SK0029833-CZ20260425-092328-0-1777080210-snimek-obrazovky-2023-08-21-131524.webp\" \/>\n\t<meta property=\"og:image:width\" content=\"660\" \/>\n\t<meta property=\"og:image:height\" content=\"667\" \/>\n\t<meta property=\"og:image:type\" content=\"image\/webp\" \/>\n<meta name=\"twitter:card\" content=\"summary_large_image\" \/>\n<meta name=\"twitter:label1\" content=\"Odhadovan\u00e1 doba \u010dten\u00ed\" \/>\n\t<meta name=\"twitter:data1\" content=\"2 minuty\" \/>\n<script type=\"application\/ld+json\" class=\"yoast-schema-graph\">{\"@context\":\"https:\/\/schema.org\",\"@graph\":[{\"@type\":\"WebPage\",\"@id\":\"https:\/\/www.domstavpro.com\/index.php\/produkt\/akce-metabo-nfr-18-ltx-90-bl-aku-hrebikovacka-bez-aku-mb-7915\/\",\"url\":\"https:\/\/www.domstavpro.com\/index.php\/produkt\/akce-metabo-nfr-18-ltx-90-bl-aku-hrebikovacka-bez-aku-mb-7915\/\",\"name\":\"Akce Metabo NFR 18 LTX 90 BL aku h\u0159eb\u00edkova\u010dka, bez aku mB -\",\"isPartOf\":{\"@id\":\"https:\/\/www.domstavpro.com\/#website\"},\"primaryImageOfPage\":{\"@id\":\"https:\/\/www.domstavpro.com\/index.php\/produkt\/akce-metabo-nfr-18-ltx-90-bl-aku-hrebikovacka-bez-aku-mb-7915\/#primaryimage\"},\"image\":{\"@id\":\"https:\/\/www.domstavpro.com\/index.php\/produkt\/akce-metabo-nfr-18-ltx-90-bl-aku-hrebikovacka-bez-aku-mb-7915\/#primaryimage\"},\"thumbnailUrl\":\"https:\/\/www.domstavpro.com\/wp-content\/uploads\/2026\/SK0029833-CZ20260425-092328-0-1777080210-snimek-obrazovky-2023-08-21-131524.webp\",\"datePublished\":\"2026-04-27T15:08:11+00:00\",\"breadcrumb\":{\"@id\":\"https:\/\/www.domstavpro.com\/index.php\/produkt\/akce-metabo-nfr-18-ltx-90-bl-aku-hrebikovacka-bez-aku-mb-7915\/#breadcrumb\"},\"inLanguage\":\"cs\",\"potentialAction\":[{\"@type\":\"ReadAction\",\"target\":[\"https:\/\/www.domstavpro.com\/index.php\/produkt\/akce-metabo-nfr-18-ltx-90-bl-aku-hrebikovacka-bez-aku-mb-7915\/\"]}]},{\"@type\":\"ImageObject\",\"inLanguage\":\"cs\",\"@id\":\"https:\/\/www.domstavpro.com\/index.php\/produkt\/akce-metabo-nfr-18-ltx-90-bl-aku-hrebikovacka-bez-aku-mb-7915\/#primaryimage\",\"url\":\"https:\/\/www.domstavpro.com\/wp-content\/uploads\/2026\/SK0029833-CZ20260425-092328-0-1777080210-snimek-obrazovky-2023-08-21-131524.webp\",\"contentUrl\":\"https:\/\/www.domstavpro.com\/wp-content\/uploads\/2026\/SK0029833-CZ20260425-092328-0-1777080210-snimek-obrazovky-2023-08-21-131524.webp\",\"width\":660,\"height\":667},{\"@type\":\"BreadcrumbList\",\"@id\":\"https:\/\/www.domstavpro.com\/index.php\/produkt\/akce-metabo-nfr-18-ltx-90-bl-aku-hrebikovacka-bez-aku-mb-7915\/#breadcrumb\",\"itemListElement\":[{\"@type\":\"ListItem\",\"position\":1,\"name\":\"Home\",\"item\":\"https:\/\/www.domstavpro.com\/\"},{\"@type\":\"ListItem\",\"position\":2,\"name\":\"Products\",\"item\":\"https:\/\/www.domstavpro.com\/index.php\/products\/\"},{\"@type\":\"ListItem\",\"position\":3,\"name\":\"Akce Metabo NFR 18 LTX 90 BL aku h\u0159eb\u00edkova\u010dka, bez aku mB\"}]},{\"@type\":\"WebSite\",\"@id\":\"https:\/\/www.domstavpro.com\/#website\",\"url\":\"https:\/\/www.domstavpro.com\/\",\"name\":\"\",\"description\":\"\",\"potentialAction\":[{\"@type\":\"SearchAction\",\"target\":{\"@type\":\"EntryPoint\",\"urlTemplate\":\"https:\/\/www.domstavpro.com\/?s={search_term_string}\"},\"query-input\":{\"@type\":\"PropertyValueSpecification\",\"valueRequired\":true,\"valueName\":\"search_term_string\"}}],\"inLanguage\":\"cs\"}]}<\/script>\n<!-- \/ Yoast SEO plugin. -->","yoast_head_json":{"title":"Akce Metabo NFR 18 LTX 90 BL aku h\u0159eb\u00edkova\u010dka, bez aku mB -","robots":{"index":"index","follow":"follow","max-snippet":"max-snippet:-1","max-image-preview":"max-image-preview:large","max-video-preview":"max-video-preview:-1"},"canonical":"https:\/\/www.domstavpro.com\/index.php\/produkt\/akce-metabo-nfr-18-ltx-90-bl-aku-hrebikovacka-bez-aku-mb-7915\/","og_locale":"cs_CZ","og_type":"article","og_title":"Akce Metabo NFR 18 LTX 90 BL aku h\u0159eb\u00edkova\u010dka, bez aku mB -","og_description":"V\u00fdkonn\u00e1 akumul\u00e1torov\u00e1 h\u0159eb\u00edkova\u010dka s technologi\u00ed pneumatick\u00e9ho p\u0159\u00edklepu na h\u0159eb\u00edky do d\u00e9lky 90 mmSvi\u017en\u00fd postup pr\u00e1ce d\u00edky vysok\u00e9 rychlosti d\u00e1vkov\u00e1n\u00ed dvou h\u0159eb\u00edk\u016f za sekunduMaxim\u00e1ln\u00ed volnost pohybu p\u0159i zatlouk\u00e1n\u00ed h\u0159eb\u00edk\u016f bez vzduchov\u00e9 hadice nebo kabeluHospod\u00e1rn\u00fd, bezpe\u010dn\u00fd provoz bez plynov\u00e9 kartu\u0161e a dodate\u010dn\u00fdch servisn\u00edch n\u00e1klad\u016fEfektivn\u00ed bezuhl\u00edkov\u00fd motor a\u017e na 550 d\u00e1vek na jedno nabit\u00ed akumul\u00e1torov\u00e9ho \u010dl\u00e1nku (LiHD 4,0 [&hellip;]","og_url":"https:\/\/www.domstavpro.com\/index.php\/produkt\/akce-metabo-nfr-18-ltx-90-bl-aku-hrebikovacka-bez-aku-mb-7915\/","og_image":[{"width":660,"height":667,"url":"https:\/\/www.domstavpro.com\/wp-content\/uploads\/2026\/SK0029833-CZ20260425-092328-0-1777080210-snimek-obrazovky-2023-08-21-131524.webp","type":"image\/webp"}],"twitter_card":"summary_large_image","twitter_misc":{"Odhadovan\u00e1 doba \u010dten\u00ed":"2 minuty"},"schema":{"@context":"https:\/\/schema.org","@graph":[{"@type":"WebPage","@id":"https:\/\/www.domstavpro.com\/index.php\/produkt\/akce-metabo-nfr-18-ltx-90-bl-aku-hrebikovacka-bez-aku-mb-7915\/","url":"https:\/\/www.domstavpro.com\/index.php\/produkt\/akce-metabo-nfr-18-ltx-90-bl-aku-hrebikovacka-bez-aku-mb-7915\/","name":"Akce Metabo NFR 18 LTX 90 BL aku h\u0159eb\u00edkova\u010dka, bez aku mB -","isPartOf":{"@id":"https:\/\/www.domstavpro.com\/#website"},"primaryImageOfPage":{"@id":"https:\/\/www.domstavpro.com\/index.php\/produkt\/akce-metabo-nfr-18-ltx-90-bl-aku-hrebikovacka-bez-aku-mb-7915\/#primaryimage"},"image":{"@id":"https:\/\/www.domstavpro.com\/index.php\/produkt\/akce-metabo-nfr-18-ltx-90-bl-aku-hrebikovacka-bez-aku-mb-7915\/#primaryimage"},"thumbnailUrl":"https:\/\/www.domstavpro.com\/wp-content\/uploads\/2026\/SK0029833-CZ20260425-092328-0-1777080210-snimek-obrazovky-2023-08-21-131524.webp","datePublished":"2026-04-27T15:08:11+00:00","breadcrumb":{"@id":"https:\/\/www.domstavpro.com\/index.php\/produkt\/akce-metabo-nfr-18-ltx-90-bl-aku-hrebikovacka-bez-aku-mb-7915\/#breadcrumb"},"inLanguage":"cs","potentialAction":[{"@type":"ReadAction","target":["https:\/\/www.domstavpro.com\/index.php\/produkt\/akce-metabo-nfr-18-ltx-90-bl-aku-hrebikovacka-bez-aku-mb-7915\/"]}]},{"@type":"ImageObject","inLanguage":"cs","@id":"https:\/\/www.domstavpro.com\/index.php\/produkt\/akce-metabo-nfr-18-ltx-90-bl-aku-hrebikovacka-bez-aku-mb-7915\/#primaryimage","url":"https:\/\/www.domstavpro.com\/wp-content\/uploads\/2026\/SK0029833-CZ20260425-092328-0-1777080210-snimek-obrazovky-2023-08-21-131524.webp","contentUrl":"https:\/\/www.domstavpro.com\/wp-content\/uploads\/2026\/SK0029833-CZ20260425-092328-0-1777080210-snimek-obrazovky-2023-08-21-131524.webp","width":660,"height":667},{"@type":"BreadcrumbList","@id":"https:\/\/www.domstavpro.com\/index.php\/produkt\/akce-metabo-nfr-18-ltx-90-bl-aku-hrebikovacka-bez-aku-mb-7915\/#breadcrumb","itemListElement":[{"@type":"ListItem","position":1,"name":"Home","item":"https:\/\/www.domstavpro.com\/"},{"@type":"ListItem","position":2,"name":"Products","item":"https:\/\/www.domstavpro.com\/index.php\/products\/"},{"@type":"ListItem","position":3,"name":"Akce Metabo NFR 18 LTX 90 BL aku h\u0159eb\u00edkova\u010dka, bez aku mB"}]},{"@type":"WebSite","@id":"https:\/\/www.domstavpro.com\/#website","url":"https:\/\/www.domstavpro.com\/","name":"","description":"","potentialAction":[{"@type":"SearchAction","target":{"@type":"EntryPoint","urlTemplate":"https:\/\/www.domstavpro.com\/?s={search_term_string}"},"query-input":{"@type":"PropertyValueSpecification","valueRequired":true,"valueName":"search_term_string"}}],"inLanguage":"cs"}]}},"_links":{"self":[{"href":"https:\/\/www.domstavpro.com\/index.php\/wp-json\/wp\/v2\/product\/7915","targetHints":{"allow":["GET"]}}],"collection":[{"href":"https:\/\/www.domstavpro.com\/index.php\/wp-json\/wp\/v2\/product"}],"about":[{"href":"https:\/\/www.domstavpro.com\/index.php\/wp-json\/wp\/v2\/types\/product"}],"replies":[{"embeddable":true,"href":"https:\/\/www.domstavpro.com\/index.php\/wp-json\/wp\/v2\/comments?post=7915"}],"wp:featuredmedia":[{"embeddable":true,"href":"https:\/\/www.domstavpro.com\/index.php\/wp-json\/wp\/v2\/media\/8015"}],"wp:attachment":[{"href":"https:\/\/www.domstavpro.com\/index.php\/wp-json\/wp\/v2\/media?parent=7915"}],"wp:term":[{"taxonomy":"product_brand","embeddable":true,"href":"https:\/\/www.domstavpro.com\/index.php\/wp-json\/wp\/v2\/product_brand?post=7915"},{"taxonomy":"product_cat","embeddable":true,"href":"https:\/\/www.domstavpro.com\/index.php\/wp-json\/wp\/v2\/product_cat?post=7915"},{"taxonomy":"product_tag","embeddable":true,"href":"https:\/\/www.domstavpro.com\/index.php\/wp-json\/wp\/v2\/product_tag?post=7915"}],"curies":[{"name":"wp","href":"https:\/\/api.w.org\/{rel}","templated":true}]}}