{"id":78337,"date":"2026-04-27T15:11:04","date_gmt":"2026-04-27T15:11:04","guid":{"rendered":""},"modified":"2026-04-27T15:11:04","modified_gmt":"2026-04-27T15:11:04","slug":"must-have-koupelnova-skrinka-take-it-szz-85-n01-bila-lesk-uchytka-t03-d04-dub-78337","status":"publish","type":"product","link":"https:\/\/www.domstavpro.com\/index.php\/produkt\/must-have-koupelnova-skrinka-take-it-szz-85-n01-bila-lesk-uchytka-t03-d04-dub-78337\/","title":{"rendered":"Must-Have Koupelnov\u00e1 sk\u0159\u00ed\u0148ka TAKE IT SZZ 85 &#8211; N01 B\u00edl\u00e1 lesk \/ \u00dachytka T03 \/ D04 Dub"},"content":{"rendered":"<div class=\"basic-description\">\n<h3>Detailn\u00ed popis produktu<\/h3>\n<p>Hled\u00e1te praktickou a prostornou umyvadlovou sk\u0159\u00ed\u0148ku s elegantn\u00edm a designov\u00fdm umyvadlem? Vsa\u010fte na kolekci<span> <\/span>TAKE IT. Sk\u0159\u00ed\u0148ka<span> <\/span><strong>TAKE IT SZZ 85<\/strong><span> <\/span>je ur\u010den\u00e1 p\u0159edev\u0161\u00edm do prostorn\u011bj\u0161\u00edch koupelen. D\u00edky sv\u00e9 hloubce nezabere tolik m\u00edsta a naopak v\u00e1m<strong> poskytne drahocenn\u00fd \u00falo\u017en\u00fd prostor<\/strong>.<\/p>\n<h2><strong>Parametry<\/strong><\/h2>\n<p>Umyvadlov\u00e1 sk\u0159\u00ed\u0148ka<span> <\/span><strong>TAKE IT SZZ 85<\/strong><span> m\u00e1 jednu velkou z\u00e1suvku s tlumen\u00fdm dov\u00edr\u00e1n\u00edm, kter\u00e9 zaru\u010duje zna\u010dkov\u00e9 <strong>kov\u00e1n\u00ed Hettich<\/strong>.<\/span> Pokud je v\u00e1m jedna z\u00e1suvka m\u00e1lo, m\u016f\u017eete si objednat verzi se<span> <\/span>dv\u011bma z\u00e1suvkami.<\/p>\n<p>Z\u00e1suvka se otev\u00edr\u00e1 pomoc\u00ed \u00fachytek, <span>vyb\u00edrat m\u016f\u017eete ze <\/span><span>sedmi<\/span><span> druh\u016f:<\/span><\/p>\n<ul>\n<li>T01 &#8211; obl\u00e1 \u00fachytka s matn\u00fdm povrchem<\/li>\n<li>T02 &#8211; elegantn\u00ed kovov\u00e1 \u00fachytka vyroben\u00e1 z ocele<\/li>\n<li>T03 &#8211; hranat\u00e1 \u00fachytka s pochromovan\u00fdm povrchem<\/li>\n<li>T04 &#8211; \u00fachytka s pochromovan\u00fdm a bly\u0161tiv\u00fdm povrchem<\/li>\n<li>T05 &#8211; chromovan\u00e1 \u00fachytka<\/li>\n<li>T06 \u2013 tmav\u00e1 \u00fachytka<\/li>\n<li>T07 &#8211; \u010dern\u00e1 mat<\/li>\n<\/ul>\n<p><span>M\u00e1te r\u00e1di po\u0159\u00e1dek? Do z\u00e1suvky si m\u016f\u017eete nav\u00edc dokoupit n\u00e1\u0161 <\/span>kovov\u00fd organiz\u00e9r<span>. D\u00edky jeho flexibilit\u011b si m\u016f\u017eete z\u00e1suvku rozd\u011blit na n\u011bkolik \u010d\u00e1st\u00ed a pohodln\u011b do n\u00ed ulo\u017eit v\u0161e pot\u0159ebn\u00e9. <\/span><\/p>\n<h3><strong>Umyvadlo<\/strong><\/h3>\n<p>Cena sk\u0159\u00ed\u0148ky zahrnuje elegantn\u00ed keramick\u00e9 umyvadlo Dreja Plus 85 s<span> v\u00fdjime\u010dn\u00fdmi tvary, kter\u00e9 vnesou do va\u0161\u00ed koupelny pot\u0159ebnou d\u00e1vku sv\u011b\u017eesti a pohybu. <\/span><span>U<\/span><span>myvadlo je velmi prostorn\u00e9 a zaru\u010d\u00ed v\u00e1m dostate\u010dn\u00fd komfort p\u0159i b\u011b\u017en\u00e9 hygien\u011b.<\/span><\/p>\n<h3><strong>Povrchov\u00e9 \u00fapravy<\/strong><\/h3>\n<p>Vyb\u00edrat m\u016f\u017eete z klasick\u00fdch dekor\u016f, nebo elegantn\u00edch d\u0159evodekor\u016f, kter\u00e9 prom\u011bn\u00ed va\u0161i koupelnu v \u00fatuln\u00fd a p\u0159\u00edjemn\u00fd prostor. <\/p>\n<h2><strong>V\u00fdhody sk\u0159\u00ed\u0148ky<\/strong><\/h2>\n<ul>\n<li>Na umyvadlovou sk\u0159\u00ed\u0148ku a umyvadlo se vztahuje <strong>prodlou\u017een\u00e1 z\u00e1ruka 5 let<\/strong>.<\/li>\n<li>Z\u00e1suvka m\u00e1 d\u00edky zna\u010dkov\u00e9mu kov\u00e1n\u00ed Hettich tlumen\u00e9 dov\u00edr\u00e1n\u00ed.<\/li>\n<li><strong>Na kov\u00e1n\u00ed d\u00e1v\u00e1me do\u017eivotn\u00ed z\u00e1ruku.<\/strong><\/li>\n<li>Sou\u010d\u00e1st\u00ed ceny sk\u0159\u00ed\u0148ky je elegantn\u011b tvarovan\u00e9 umyvadlo Dreja Plus 85.<\/li>\n<li>Sk\u0159\u00ed\u0148ka m\u00e1 sn\u00ed\u017eenou hloubku a prostornou z\u00e1suvku.<\/li>\n<\/ul><\/div>\n","protected":false},"excerpt":{"rendered":"<p>Detailn\u00ed popis produktu Hled\u00e1te praktickou a prostornou umyvadlovou sk\u0159\u00ed\u0148ku s elegantn\u00edm a designov\u00fdm umyvadlem? Vsa\u010fte na kolekci TAKE IT. Sk\u0159\u00ed\u0148ka TAKE IT SZZ 85 je ur\u010den\u00e1 p\u0159edev\u0161\u00edm do prostorn\u011bj\u0161\u00edch koupelen. D\u00edky sv\u00e9 hloubce nezabere tolik m\u00edsta a naopak v\u00e1m poskytne drahocenn\u00fd \u00falo\u017en\u00fd prostor. Parametry Umyvadlov\u00e1 sk\u0159\u00ed\u0148ka TAKE IT SZZ 85 m\u00e1 jednu velkou z\u00e1suvku s [&hellip;]<\/p>\n","protected":false},"featured_media":78384,"comment_status":"open","ping_status":"open","template":"","meta":[],"product_brand":[],"product_cat":[56],"product_tag":[],"class_list":{"0":"post-78337","1":"product","2":"type-product","3":"status-publish","4":"has-post-thumbnail","6":"product_cat-koupelny-a-sanitarni-technika","8":"first","9":"instock","10":"sale","11":"shipping-taxable","12":"purchasable","13":"product-type-simple"},"yoast_head":"<!-- This site is optimized with the Yoast SEO plugin v26.8 - https:\/\/yoast.com\/product\/yoast-seo-wordpress\/ -->\n<title>Must-Have Koupelnov\u00e1 sk\u0159\u00ed\u0148ka TAKE IT SZZ 85 - N01 B\u00edl\u00e1 lesk \/ \u00dachytka T03 \/ D04 Dub -<\/title>\n<meta name=\"robots\" content=\"index, follow, max-snippet:-1, max-image-preview:large, max-video-preview:-1\" \/>\n<link rel=\"canonical\" href=\"https:\/\/www.domstavpro.com\/index.php\/produkt\/must-have-koupelnova-skrinka-take-it-szz-85-n01-bila-lesk-uchytka-t03-d04-dub-78337\/\" \/>\n<meta property=\"og:locale\" content=\"cs_CZ\" \/>\n<meta property=\"og:type\" content=\"article\" \/>\n<meta property=\"og:title\" content=\"Must-Have Koupelnov\u00e1 sk\u0159\u00ed\u0148ka TAKE IT SZZ 85 - N01 B\u00edl\u00e1 lesk \/ \u00dachytka T03 \/ D04 Dub -\" \/>\n<meta property=\"og:description\" content=\"Detailn\u00ed popis produktu Hled\u00e1te praktickou a prostornou umyvadlovou sk\u0159\u00ed\u0148ku s elegantn\u00edm a designov\u00fdm umyvadlem? Vsa\u010fte na kolekci TAKE IT. Sk\u0159\u00ed\u0148ka TAKE IT SZZ 85 je ur\u010den\u00e1 p\u0159edev\u0161\u00edm do prostorn\u011bj\u0161\u00edch koupelen. D\u00edky sv\u00e9 hloubce nezabere tolik m\u00edsta a naopak v\u00e1m poskytne drahocenn\u00fd \u00falo\u017en\u00fd prostor. Parametry Umyvadlov\u00e1 sk\u0159\u00ed\u0148ka TAKE IT SZZ 85 m\u00e1 jednu velkou z\u00e1suvku s [&hellip;]\" \/>\n<meta property=\"og:url\" content=\"https:\/\/www.domstavpro.com\/index.php\/produkt\/must-have-koupelnova-skrinka-take-it-szz-85-n01-bila-lesk-uchytka-t03-d04-dub-78337\/\" \/>\n<meta property=\"og:image\" content=\"https:\/\/www.domstavpro.com\/wp-content\/uploads\/2026\/SK0037299-CZ20260425-093351-0-1777080838-863061_koupelnova-skrinka-take-it-szz-85-n01-bila-lesk-uchy.webp\" \/>\n\t<meta property=\"og:image:width\" content=\"1000\" \/>\n\t<meta property=\"og:image:height\" content=\"750\" \/>\n\t<meta property=\"og:image:type\" content=\"image\/webp\" \/>\n<meta name=\"twitter:card\" content=\"summary_large_image\" \/>\n<meta name=\"twitter:label1\" content=\"Odhadovan\u00e1 doba \u010dten\u00ed\" \/>\n\t<meta name=\"twitter:data1\" content=\"2 minuty\" \/>\n<script type=\"application\/ld+json\" class=\"yoast-schema-graph\">{\"@context\":\"https:\/\/schema.org\",\"@graph\":[{\"@type\":\"WebPage\",\"@id\":\"https:\/\/www.domstavpro.com\/index.php\/produkt\/must-have-koupelnova-skrinka-take-it-szz-85-n01-bila-lesk-uchytka-t03-d04-dub-78337\/\",\"url\":\"https:\/\/www.domstavpro.com\/index.php\/produkt\/must-have-koupelnova-skrinka-take-it-szz-85-n01-bila-lesk-uchytka-t03-d04-dub-78337\/\",\"name\":\"Must-Have Koupelnov\u00e1 sk\u0159\u00ed\u0148ka TAKE IT SZZ 85 - N01 B\u00edl\u00e1 lesk \/ \u00dachytka T03 \/ D04 Dub -\",\"isPartOf\":{\"@id\":\"https:\/\/www.domstavpro.com\/#website\"},\"primaryImageOfPage\":{\"@id\":\"https:\/\/www.domstavpro.com\/index.php\/produkt\/must-have-koupelnova-skrinka-take-it-szz-85-n01-bila-lesk-uchytka-t03-d04-dub-78337\/#primaryimage\"},\"image\":{\"@id\":\"https:\/\/www.domstavpro.com\/index.php\/produkt\/must-have-koupelnova-skrinka-take-it-szz-85-n01-bila-lesk-uchytka-t03-d04-dub-78337\/#primaryimage\"},\"thumbnailUrl\":\"https:\/\/www.domstavpro.com\/wp-content\/uploads\/2026\/SK0037299-CZ20260425-093351-0-1777080838-863061_koupelnova-skrinka-take-it-szz-85-n01-bila-lesk-uchy.webp\",\"datePublished\":\"2026-04-27T15:11:04+00:00\",\"breadcrumb\":{\"@id\":\"https:\/\/www.domstavpro.com\/index.php\/produkt\/must-have-koupelnova-skrinka-take-it-szz-85-n01-bila-lesk-uchytka-t03-d04-dub-78337\/#breadcrumb\"},\"inLanguage\":\"cs\",\"potentialAction\":[{\"@type\":\"ReadAction\",\"target\":[\"https:\/\/www.domstavpro.com\/index.php\/produkt\/must-have-koupelnova-skrinka-take-it-szz-85-n01-bila-lesk-uchytka-t03-d04-dub-78337\/\"]}]},{\"@type\":\"ImageObject\",\"inLanguage\":\"cs\",\"@id\":\"https:\/\/www.domstavpro.com\/index.php\/produkt\/must-have-koupelnova-skrinka-take-it-szz-85-n01-bila-lesk-uchytka-t03-d04-dub-78337\/#primaryimage\",\"url\":\"https:\/\/www.domstavpro.com\/wp-content\/uploads\/2026\/SK0037299-CZ20260425-093351-0-1777080838-863061_koupelnova-skrinka-take-it-szz-85-n01-bila-lesk-uchy.webp\",\"contentUrl\":\"https:\/\/www.domstavpro.com\/wp-content\/uploads\/2026\/SK0037299-CZ20260425-093351-0-1777080838-863061_koupelnova-skrinka-take-it-szz-85-n01-bila-lesk-uchy.webp\",\"width\":1000,\"height\":750},{\"@type\":\"BreadcrumbList\",\"@id\":\"https:\/\/www.domstavpro.com\/index.php\/produkt\/must-have-koupelnova-skrinka-take-it-szz-85-n01-bila-lesk-uchytka-t03-d04-dub-78337\/#breadcrumb\",\"itemListElement\":[{\"@type\":\"ListItem\",\"position\":1,\"name\":\"Home\",\"item\":\"https:\/\/www.domstavpro.com\/\"},{\"@type\":\"ListItem\",\"position\":2,\"name\":\"Products\",\"item\":\"https:\/\/www.domstavpro.com\/index.php\/products\/\"},{\"@type\":\"ListItem\",\"position\":3,\"name\":\"Must-Have Koupelnov\u00e1 sk\u0159\u00ed\u0148ka TAKE IT SZZ 85 &#8211; N01 B\u00edl\u00e1 lesk \/ \u00dachytka T03 \/ D04 Dub\"}]},{\"@type\":\"WebSite\",\"@id\":\"https:\/\/www.domstavpro.com\/#website\",\"url\":\"https:\/\/www.domstavpro.com\/\",\"name\":\"\",\"description\":\"\",\"potentialAction\":[{\"@type\":\"SearchAction\",\"target\":{\"@type\":\"EntryPoint\",\"urlTemplate\":\"https:\/\/www.domstavpro.com\/?s={search_term_string}\"},\"query-input\":{\"@type\":\"PropertyValueSpecification\",\"valueRequired\":true,\"valueName\":\"search_term_string\"}}],\"inLanguage\":\"cs\"}]}<\/script>\n<!-- \/ Yoast SEO plugin. -->","yoast_head_json":{"title":"Must-Have Koupelnov\u00e1 sk\u0159\u00ed\u0148ka TAKE IT SZZ 85 - N01 B\u00edl\u00e1 lesk \/ \u00dachytka T03 \/ D04 Dub -","robots":{"index":"index","follow":"follow","max-snippet":"max-snippet:-1","max-image-preview":"max-image-preview:large","max-video-preview":"max-video-preview:-1"},"canonical":"https:\/\/www.domstavpro.com\/index.php\/produkt\/must-have-koupelnova-skrinka-take-it-szz-85-n01-bila-lesk-uchytka-t03-d04-dub-78337\/","og_locale":"cs_CZ","og_type":"article","og_title":"Must-Have Koupelnov\u00e1 sk\u0159\u00ed\u0148ka TAKE IT SZZ 85 - N01 B\u00edl\u00e1 lesk \/ \u00dachytka T03 \/ D04 Dub -","og_description":"Detailn\u00ed popis produktu Hled\u00e1te praktickou a prostornou umyvadlovou sk\u0159\u00ed\u0148ku s elegantn\u00edm a designov\u00fdm umyvadlem? Vsa\u010fte na kolekci TAKE IT. Sk\u0159\u00ed\u0148ka TAKE IT SZZ 85 je ur\u010den\u00e1 p\u0159edev\u0161\u00edm do prostorn\u011bj\u0161\u00edch koupelen. D\u00edky sv\u00e9 hloubce nezabere tolik m\u00edsta a naopak v\u00e1m poskytne drahocenn\u00fd \u00falo\u017en\u00fd prostor. Parametry Umyvadlov\u00e1 sk\u0159\u00ed\u0148ka TAKE IT SZZ 85 m\u00e1 jednu velkou z\u00e1suvku s [&hellip;]","og_url":"https:\/\/www.domstavpro.com\/index.php\/produkt\/must-have-koupelnova-skrinka-take-it-szz-85-n01-bila-lesk-uchytka-t03-d04-dub-78337\/","og_image":[{"width":1000,"height":750,"url":"https:\/\/www.domstavpro.com\/wp-content\/uploads\/2026\/SK0037299-CZ20260425-093351-0-1777080838-863061_koupelnova-skrinka-take-it-szz-85-n01-bila-lesk-uchy.webp","type":"image\/webp"}],"twitter_card":"summary_large_image","twitter_misc":{"Odhadovan\u00e1 doba \u010dten\u00ed":"2 minuty"},"schema":{"@context":"https:\/\/schema.org","@graph":[{"@type":"WebPage","@id":"https:\/\/www.domstavpro.com\/index.php\/produkt\/must-have-koupelnova-skrinka-take-it-szz-85-n01-bila-lesk-uchytka-t03-d04-dub-78337\/","url":"https:\/\/www.domstavpro.com\/index.php\/produkt\/must-have-koupelnova-skrinka-take-it-szz-85-n01-bila-lesk-uchytka-t03-d04-dub-78337\/","name":"Must-Have Koupelnov\u00e1 sk\u0159\u00ed\u0148ka TAKE IT SZZ 85 - N01 B\u00edl\u00e1 lesk \/ \u00dachytka T03 \/ D04 Dub -","isPartOf":{"@id":"https:\/\/www.domstavpro.com\/#website"},"primaryImageOfPage":{"@id":"https:\/\/www.domstavpro.com\/index.php\/produkt\/must-have-koupelnova-skrinka-take-it-szz-85-n01-bila-lesk-uchytka-t03-d04-dub-78337\/#primaryimage"},"image":{"@id":"https:\/\/www.domstavpro.com\/index.php\/produkt\/must-have-koupelnova-skrinka-take-it-szz-85-n01-bila-lesk-uchytka-t03-d04-dub-78337\/#primaryimage"},"thumbnailUrl":"https:\/\/www.domstavpro.com\/wp-content\/uploads\/2026\/SK0037299-CZ20260425-093351-0-1777080838-863061_koupelnova-skrinka-take-it-szz-85-n01-bila-lesk-uchy.webp","datePublished":"2026-04-27T15:11:04+00:00","breadcrumb":{"@id":"https:\/\/www.domstavpro.com\/index.php\/produkt\/must-have-koupelnova-skrinka-take-it-szz-85-n01-bila-lesk-uchytka-t03-d04-dub-78337\/#breadcrumb"},"inLanguage":"cs","potentialAction":[{"@type":"ReadAction","target":["https:\/\/www.domstavpro.com\/index.php\/produkt\/must-have-koupelnova-skrinka-take-it-szz-85-n01-bila-lesk-uchytka-t03-d04-dub-78337\/"]}]},{"@type":"ImageObject","inLanguage":"cs","@id":"https:\/\/www.domstavpro.com\/index.php\/produkt\/must-have-koupelnova-skrinka-take-it-szz-85-n01-bila-lesk-uchytka-t03-d04-dub-78337\/#primaryimage","url":"https:\/\/www.domstavpro.com\/wp-content\/uploads\/2026\/SK0037299-CZ20260425-093351-0-1777080838-863061_koupelnova-skrinka-take-it-szz-85-n01-bila-lesk-uchy.webp","contentUrl":"https:\/\/www.domstavpro.com\/wp-content\/uploads\/2026\/SK0037299-CZ20260425-093351-0-1777080838-863061_koupelnova-skrinka-take-it-szz-85-n01-bila-lesk-uchy.webp","width":1000,"height":750},{"@type":"BreadcrumbList","@id":"https:\/\/www.domstavpro.com\/index.php\/produkt\/must-have-koupelnova-skrinka-take-it-szz-85-n01-bila-lesk-uchytka-t03-d04-dub-78337\/#breadcrumb","itemListElement":[{"@type":"ListItem","position":1,"name":"Home","item":"https:\/\/www.domstavpro.com\/"},{"@type":"ListItem","position":2,"name":"Products","item":"https:\/\/www.domstavpro.com\/index.php\/products\/"},{"@type":"ListItem","position":3,"name":"Must-Have Koupelnov\u00e1 sk\u0159\u00ed\u0148ka TAKE IT SZZ 85 &#8211; N01 B\u00edl\u00e1 lesk \/ \u00dachytka T03 \/ D04 Dub"}]},{"@type":"WebSite","@id":"https:\/\/www.domstavpro.com\/#website","url":"https:\/\/www.domstavpro.com\/","name":"","description":"","potentialAction":[{"@type":"SearchAction","target":{"@type":"EntryPoint","urlTemplate":"https:\/\/www.domstavpro.com\/?s={search_term_string}"},"query-input":{"@type":"PropertyValueSpecification","valueRequired":true,"valueName":"search_term_string"}}],"inLanguage":"cs"}]}},"_links":{"self":[{"href":"https:\/\/www.domstavpro.com\/index.php\/wp-json\/wp\/v2\/product\/78337","targetHints":{"allow":["GET"]}}],"collection":[{"href":"https:\/\/www.domstavpro.com\/index.php\/wp-json\/wp\/v2\/product"}],"about":[{"href":"https:\/\/www.domstavpro.com\/index.php\/wp-json\/wp\/v2\/types\/product"}],"replies":[{"embeddable":true,"href":"https:\/\/www.domstavpro.com\/index.php\/wp-json\/wp\/v2\/comments?post=78337"}],"wp:featuredmedia":[{"embeddable":true,"href":"https:\/\/www.domstavpro.com\/index.php\/wp-json\/wp\/v2\/media\/78384"}],"wp:attachment":[{"href":"https:\/\/www.domstavpro.com\/index.php\/wp-json\/wp\/v2\/media?parent=78337"}],"wp:term":[{"taxonomy":"product_brand","embeddable":true,"href":"https:\/\/www.domstavpro.com\/index.php\/wp-json\/wp\/v2\/product_brand?post=78337"},{"taxonomy":"product_cat","embeddable":true,"href":"https:\/\/www.domstavpro.com\/index.php\/wp-json\/wp\/v2\/product_cat?post=78337"},{"taxonomy":"product_tag","embeddable":true,"href":"https:\/\/www.domstavpro.com\/index.php\/wp-json\/wp\/v2\/product_tag?post=78337"}],"curies":[{"name":"wp","href":"https:\/\/api.w.org\/{rel}","templated":true}]}}