{"id":7751,"date":"2026-04-27T15:08:11","date_gmt":"2026-04-27T15:08:11","guid":{"rendered":""},"modified":"2026-04-27T15:08:11","modified_gmt":"2026-04-27T15:08:11","slug":"akce-metabo-ssw-18-ltx-1750-bl-aku-razovy-utahovak-bez-aku-mb-7751","status":"publish","type":"product","link":"https:\/\/www.domstavpro.com\/index.php\/produkt\/akce-metabo-ssw-18-ltx-1750-bl-aku-razovy-utahovak-bez-aku-mb-7751\/","title":{"rendered":"Akce Metabo SSW 18 LTX 1750 BL aku r\u00e1zov\u00fd utahov\u00e1k, bez aku mB"},"content":{"rendered":"<table>\n<div class=\"tab-pane active product-description\" id=\"popis\" role=\"tabpanel\">\n<div class=\"short-description\" itemprop=\"description\"><\/div>\n<div class=\"description\"><span class='bullet-line'>Extr\u00e9mn\u011b siln\u00fd akumul\u00e1torov\u00fd r\u00e1zov\u00fd utahov\u00e1k s vn\u011bj\u0161\u00edm \u010dty\u0159hranem 3\/4 a 1750 Nm<br \/><\/span><span class='bullet-line'>Jedine\u010dn\u00fd motor Metabo Brushless pro rychlou pr\u00e1ci a maxim\u00e1ln\u00ed efektivitu p\u0159i ka\u017ed\u00e9m nasazen\u00ed<br \/><\/span><span class='bullet-line'>Povolov\u00e1n\u00ed v re\u017eimu APS (Automatic Power Shift): zabra\u0148uje p\u00e1du \u0161roubu\/matice d\u00edky automatick\u00e9mu sn\u00ed\u017een\u00ed rychlosti po povolen\u00ed<br \/><\/span><span class='bullet-line'>Ochrana proti p\u0159et\u00ed\u017een\u00ed: Chr\u00e1n\u00ed motor p\u0159ed p\u0159eh\u0159\u00e1t\u00edm<br \/><\/span><span class='bullet-line'>Velmi v\u00fdkonn\u00e9 pro t\u011b\u017ek\u00e9 \u0161roubovac\u00ed aplikace<br \/><\/span><span class='bullet-line'>Pr\u00e1ce bez zp\u011btn\u00fdch r\u00e1z\u016f s velmi vysok\u00fdm to\u010div\u00fdm momentem<br \/><\/span><span class='bullet-line'>Dvan\u00e1ct stup\u0148\u016f nastaven\u00ed ot\u00e1\u010dek\/to\u010div\u00e9ho momentu pro \u0161irok\u00e9 spektrum pou\u017eit\u00ed<br \/><\/span><span class='bullet-line'>Integrovan\u00e9 pracovn\u00ed osv\u011btlen\u00ed pro nasv\u00edcen\u00ed pracovn\u00edho m\u00edsta<br \/><\/span><span class='bullet-line'>Robustn\u00ed kryt p\u0159evodu z hlin\u00edkov\u00e9ho tlakov\u00e9ho odlitku pro optim\u00e1ln\u00ed odvod tepla a \u017eivotnost<br \/><\/span><span class='bullet-line'>S metaBOXem, inteligentn\u00edm \u0159e\u0161en\u00edm pro p\u0159epravu a skladov\u00e1n\u00ed<br \/><\/span><span class='bullet-line'>Mnoho zna\u010dek, jeden syst\u00e9m akumul\u00e1tor\u016f: Tento v\u00fdrobek lze kombinovat s mnoha 18V akumul\u00e1torov\u00fdmi \u010dl\u00e1nky a nab\u00edje\u010dkami zna\u010dek CAS: www.cordless-alliance-system.com.<br \/><\/span><br \/>\u25ba Rozsah dod\u00e1vky<span class='bullet-line'>metaBOX 145 L<br \/><\/span><span class='bullet-line'>bez akumul\u00e1torov\u00e9ho \u010dl\u00e1nku, bez nab\u00edje\u010dky<\/span><\/div>\n<div class=\"parameters\">\n<tr>\n<td>Nap\u011bt\u00ed akumul\u00e1toru<\/td>\n<td>18 V<\/td>\n<\/tr>\n<tr>\n<td>Max. velikost \u0161roubu<\/td>\n<td>M33<\/td>\n<\/tr>\n<tr>\n<td>Max. po\u010det ot\u00e1\u010dek p\u0159i volnob\u011bhu<\/td>\n<td>0 &#8211; 1650 \/min<\/td>\n<\/tr>\n<tr>\n<td>Max. po\u010det p\u0159\u00edklep\u016f<\/td>\n<td>2450 \/min<\/td>\n<\/tr>\n<tr>\n<td>Max. to\u010div\u00fd moment<\/td>\n<td>1750 Nm<\/td>\n<\/tr>\n<tr>\n<td>Max. povolovac\u00ed moment<\/td>\n<td>2100 Nm<\/td>\n<\/tr>\n<tr>\n<td>Stupn\u011b ot\u00e1\u010dek \/ to\u010div\u00fd moment<\/td>\n<td>12<\/td>\n<\/tr>\n<tr>\n<td>Up\u00edn\u00e1n\u00ed n\u00e1stroje<\/td>\n<td>vn\u011bj\u0161\u00ed \u010dty\u0159hran 3\/4 (19 mm)<\/td>\n<\/tr>\n<tr>\n<td>Hmotnost bez akumul\u00e1torov\u00e9ho \u010dl\u00e1nku<\/td>\n<td>3 kg<\/td>\n<\/tr>\n<tr>\n<td>Vibrace<\/td>\n<td><\/td>\n<\/tr>\n<tr>\n<td>R\u00e1zov\u00e9 utahov\u00e1n\u00ed \u0161roub\u016f<\/td>\n<td>16.4 m\/s\u00b2<\/td>\n<\/tr>\n<tr>\n<td>Nejistota m\u011b\u0159en\u00ed K<\/td>\n<td>1.5 m\/s\u00b2<\/td>\n<\/tr>\n<tr>\n<td>Hlukov\u00e9 emise<\/td>\n<td><\/td>\n<\/tr>\n<tr>\n<td>Hladina akustick\u00e9ho tlaku<\/td>\n<td>97 dB(A)<\/td>\n<\/tr>\n<tr>\n<td>Hladina akustick\u00e9ho v\u00fdkonu (LwA)<\/td>\n<td>108 dB(A)<\/td>\n<\/tr>\n<tr>\n<td>Nejistota m\u011b\u0159en\u00ed K<\/td>\n<td>5 dB(A)<\/td>\n<\/tr><\/div>\n<\/table>\n","protected":false},"excerpt":{"rendered":"<p>Extr\u00e9mn\u011b siln\u00fd akumul\u00e1torov\u00fd r\u00e1zov\u00fd utahov\u00e1k s vn\u011bj\u0161\u00edm \u010dty\u0159hranem 3\/4 a 1750 NmJedine\u010dn\u00fd motor Metabo Brushless pro rychlou pr\u00e1ci a maxim\u00e1ln\u00ed efektivitu p\u0159i ka\u017ed\u00e9m nasazen\u00edPovolov\u00e1n\u00ed v re\u017eimu APS (Automatic Power Shift): zabra\u0148uje p\u00e1du \u0161roubu\/matice d\u00edky automatick\u00e9mu sn\u00ed\u017een\u00ed rychlosti po povolen\u00edOchrana proti p\u0159et\u00ed\u017een\u00ed: Chr\u00e1n\u00ed motor p\u0159ed p\u0159eh\u0159\u00e1t\u00edmVelmi v\u00fdkonn\u00e9 pro t\u011b\u017ek\u00e9 \u0161roubovac\u00ed aplikacePr\u00e1ce bez zp\u011btn\u00fdch r\u00e1z\u016f s velmi [&hellip;]<\/p>\n","protected":false},"featured_media":7851,"comment_status":"open","ping_status":"open","template":"","meta":[],"product_brand":[],"product_cat":[38],"product_tag":[],"class_list":{"0":"post-7751","1":"product","2":"type-product","3":"status-publish","4":"has-post-thumbnail","6":"product_cat-naradi","8":"first","9":"instock","10":"sale","11":"shipping-taxable","12":"purchasable","13":"product-type-simple"},"yoast_head":"<!-- This site is optimized with the Yoast SEO plugin v26.8 - https:\/\/yoast.com\/product\/yoast-seo-wordpress\/ -->\n<title>Akce Metabo SSW 18 LTX 1750 BL aku r\u00e1zov\u00fd utahov\u00e1k, bez aku mB -<\/title>\n<meta name=\"robots\" content=\"index, follow, max-snippet:-1, max-image-preview:large, max-video-preview:-1\" \/>\n<link rel=\"canonical\" href=\"https:\/\/www.domstavpro.com\/index.php\/produkt\/akce-metabo-ssw-18-ltx-1750-bl-aku-razovy-utahovak-bez-aku-mb-7751\/\" \/>\n<meta property=\"og:locale\" content=\"cs_CZ\" \/>\n<meta property=\"og:type\" content=\"article\" \/>\n<meta property=\"og:title\" content=\"Akce Metabo SSW 18 LTX 1750 BL aku r\u00e1zov\u00fd utahov\u00e1k, bez aku mB -\" \/>\n<meta property=\"og:description\" content=\"Extr\u00e9mn\u011b siln\u00fd akumul\u00e1torov\u00fd r\u00e1zov\u00fd utahov\u00e1k s vn\u011bj\u0161\u00edm \u010dty\u0159hranem 3\/4 a 1750 NmJedine\u010dn\u00fd motor Metabo Brushless pro rychlou pr\u00e1ci a maxim\u00e1ln\u00ed efektivitu p\u0159i ka\u017ed\u00e9m nasazen\u00edPovolov\u00e1n\u00ed v re\u017eimu APS (Automatic Power Shift): zabra\u0148uje p\u00e1du \u0161roubu\/matice d\u00edky automatick\u00e9mu sn\u00ed\u017een\u00ed rychlosti po povolen\u00edOchrana proti p\u0159et\u00ed\u017een\u00ed: Chr\u00e1n\u00ed motor p\u0159ed p\u0159eh\u0159\u00e1t\u00edmVelmi v\u00fdkonn\u00e9 pro t\u011b\u017ek\u00e9 \u0161roubovac\u00ed aplikacePr\u00e1ce bez zp\u011btn\u00fdch r\u00e1z\u016f s velmi [&hellip;]\" \/>\n<meta property=\"og:url\" content=\"https:\/\/www.domstavpro.com\/index.php\/produkt\/akce-metabo-ssw-18-ltx-1750-bl-aku-razovy-utahovak-bez-aku-mb-7751\/\" \/>\n<meta property=\"og:image\" content=\"https:\/\/www.domstavpro.com\/wp-content\/uploads\/2026\/SK0029764-CZ20260425-092328-0-1777080210-snimek-obrazovky-2023-08-14-161647.webp\" \/>\n\t<meta property=\"og:image:width\" content=\"307\" \/>\n\t<meta property=\"og:image:height\" content=\"355\" \/>\n\t<meta property=\"og:image:type\" content=\"image\/webp\" \/>\n<meta name=\"twitter:card\" content=\"summary_large_image\" \/>\n<meta name=\"twitter:label1\" content=\"Odhadovan\u00e1 doba \u010dten\u00ed\" \/>\n\t<meta name=\"twitter:data1\" content=\"1 minuta\" \/>\n<script type=\"application\/ld+json\" class=\"yoast-schema-graph\">{\"@context\":\"https:\/\/schema.org\",\"@graph\":[{\"@type\":\"WebPage\",\"@id\":\"https:\/\/www.domstavpro.com\/index.php\/produkt\/akce-metabo-ssw-18-ltx-1750-bl-aku-razovy-utahovak-bez-aku-mb-7751\/\",\"url\":\"https:\/\/www.domstavpro.com\/index.php\/produkt\/akce-metabo-ssw-18-ltx-1750-bl-aku-razovy-utahovak-bez-aku-mb-7751\/\",\"name\":\"Akce Metabo SSW 18 LTX 1750 BL aku r\u00e1zov\u00fd utahov\u00e1k, bez aku mB -\",\"isPartOf\":{\"@id\":\"https:\/\/www.domstavpro.com\/#website\"},\"primaryImageOfPage\":{\"@id\":\"https:\/\/www.domstavpro.com\/index.php\/produkt\/akce-metabo-ssw-18-ltx-1750-bl-aku-razovy-utahovak-bez-aku-mb-7751\/#primaryimage\"},\"image\":{\"@id\":\"https:\/\/www.domstavpro.com\/index.php\/produkt\/akce-metabo-ssw-18-ltx-1750-bl-aku-razovy-utahovak-bez-aku-mb-7751\/#primaryimage\"},\"thumbnailUrl\":\"https:\/\/www.domstavpro.com\/wp-content\/uploads\/2026\/SK0029764-CZ20260425-092328-0-1777080210-snimek-obrazovky-2023-08-14-161647.webp\",\"datePublished\":\"2026-04-27T15:08:11+00:00\",\"breadcrumb\":{\"@id\":\"https:\/\/www.domstavpro.com\/index.php\/produkt\/akce-metabo-ssw-18-ltx-1750-bl-aku-razovy-utahovak-bez-aku-mb-7751\/#breadcrumb\"},\"inLanguage\":\"cs\",\"potentialAction\":[{\"@type\":\"ReadAction\",\"target\":[\"https:\/\/www.domstavpro.com\/index.php\/produkt\/akce-metabo-ssw-18-ltx-1750-bl-aku-razovy-utahovak-bez-aku-mb-7751\/\"]}]},{\"@type\":\"ImageObject\",\"inLanguage\":\"cs\",\"@id\":\"https:\/\/www.domstavpro.com\/index.php\/produkt\/akce-metabo-ssw-18-ltx-1750-bl-aku-razovy-utahovak-bez-aku-mb-7751\/#primaryimage\",\"url\":\"https:\/\/www.domstavpro.com\/wp-content\/uploads\/2026\/SK0029764-CZ20260425-092328-0-1777080210-snimek-obrazovky-2023-08-14-161647.webp\",\"contentUrl\":\"https:\/\/www.domstavpro.com\/wp-content\/uploads\/2026\/SK0029764-CZ20260425-092328-0-1777080210-snimek-obrazovky-2023-08-14-161647.webp\",\"width\":307,\"height\":355},{\"@type\":\"BreadcrumbList\",\"@id\":\"https:\/\/www.domstavpro.com\/index.php\/produkt\/akce-metabo-ssw-18-ltx-1750-bl-aku-razovy-utahovak-bez-aku-mb-7751\/#breadcrumb\",\"itemListElement\":[{\"@type\":\"ListItem\",\"position\":1,\"name\":\"Home\",\"item\":\"https:\/\/www.domstavpro.com\/\"},{\"@type\":\"ListItem\",\"position\":2,\"name\":\"Products\",\"item\":\"https:\/\/www.domstavpro.com\/index.php\/products\/\"},{\"@type\":\"ListItem\",\"position\":3,\"name\":\"Akce Metabo SSW 18 LTX 1750 BL aku r\u00e1zov\u00fd utahov\u00e1k, bez aku mB\"}]},{\"@type\":\"WebSite\",\"@id\":\"https:\/\/www.domstavpro.com\/#website\",\"url\":\"https:\/\/www.domstavpro.com\/\",\"name\":\"\",\"description\":\"\",\"potentialAction\":[{\"@type\":\"SearchAction\",\"target\":{\"@type\":\"EntryPoint\",\"urlTemplate\":\"https:\/\/www.domstavpro.com\/?s={search_term_string}\"},\"query-input\":{\"@type\":\"PropertyValueSpecification\",\"valueRequired\":true,\"valueName\":\"search_term_string\"}}],\"inLanguage\":\"cs\"}]}<\/script>\n<!-- \/ Yoast SEO plugin. -->","yoast_head_json":{"title":"Akce Metabo SSW 18 LTX 1750 BL aku r\u00e1zov\u00fd utahov\u00e1k, bez aku mB -","robots":{"index":"index","follow":"follow","max-snippet":"max-snippet:-1","max-image-preview":"max-image-preview:large","max-video-preview":"max-video-preview:-1"},"canonical":"https:\/\/www.domstavpro.com\/index.php\/produkt\/akce-metabo-ssw-18-ltx-1750-bl-aku-razovy-utahovak-bez-aku-mb-7751\/","og_locale":"cs_CZ","og_type":"article","og_title":"Akce Metabo SSW 18 LTX 1750 BL aku r\u00e1zov\u00fd utahov\u00e1k, bez aku mB -","og_description":"Extr\u00e9mn\u011b siln\u00fd akumul\u00e1torov\u00fd r\u00e1zov\u00fd utahov\u00e1k s vn\u011bj\u0161\u00edm \u010dty\u0159hranem 3\/4 a 1750 NmJedine\u010dn\u00fd motor Metabo Brushless pro rychlou pr\u00e1ci a maxim\u00e1ln\u00ed efektivitu p\u0159i ka\u017ed\u00e9m nasazen\u00edPovolov\u00e1n\u00ed v re\u017eimu APS (Automatic Power Shift): zabra\u0148uje p\u00e1du \u0161roubu\/matice d\u00edky automatick\u00e9mu sn\u00ed\u017een\u00ed rychlosti po povolen\u00edOchrana proti p\u0159et\u00ed\u017een\u00ed: Chr\u00e1n\u00ed motor p\u0159ed p\u0159eh\u0159\u00e1t\u00edmVelmi v\u00fdkonn\u00e9 pro t\u011b\u017ek\u00e9 \u0161roubovac\u00ed aplikacePr\u00e1ce bez zp\u011btn\u00fdch r\u00e1z\u016f s velmi [&hellip;]","og_url":"https:\/\/www.domstavpro.com\/index.php\/produkt\/akce-metabo-ssw-18-ltx-1750-bl-aku-razovy-utahovak-bez-aku-mb-7751\/","og_image":[{"width":307,"height":355,"url":"https:\/\/www.domstavpro.com\/wp-content\/uploads\/2026\/SK0029764-CZ20260425-092328-0-1777080210-snimek-obrazovky-2023-08-14-161647.webp","type":"image\/webp"}],"twitter_card":"summary_large_image","twitter_misc":{"Odhadovan\u00e1 doba \u010dten\u00ed":"1 minuta"},"schema":{"@context":"https:\/\/schema.org","@graph":[{"@type":"WebPage","@id":"https:\/\/www.domstavpro.com\/index.php\/produkt\/akce-metabo-ssw-18-ltx-1750-bl-aku-razovy-utahovak-bez-aku-mb-7751\/","url":"https:\/\/www.domstavpro.com\/index.php\/produkt\/akce-metabo-ssw-18-ltx-1750-bl-aku-razovy-utahovak-bez-aku-mb-7751\/","name":"Akce Metabo SSW 18 LTX 1750 BL aku r\u00e1zov\u00fd utahov\u00e1k, bez aku mB -","isPartOf":{"@id":"https:\/\/www.domstavpro.com\/#website"},"primaryImageOfPage":{"@id":"https:\/\/www.domstavpro.com\/index.php\/produkt\/akce-metabo-ssw-18-ltx-1750-bl-aku-razovy-utahovak-bez-aku-mb-7751\/#primaryimage"},"image":{"@id":"https:\/\/www.domstavpro.com\/index.php\/produkt\/akce-metabo-ssw-18-ltx-1750-bl-aku-razovy-utahovak-bez-aku-mb-7751\/#primaryimage"},"thumbnailUrl":"https:\/\/www.domstavpro.com\/wp-content\/uploads\/2026\/SK0029764-CZ20260425-092328-0-1777080210-snimek-obrazovky-2023-08-14-161647.webp","datePublished":"2026-04-27T15:08:11+00:00","breadcrumb":{"@id":"https:\/\/www.domstavpro.com\/index.php\/produkt\/akce-metabo-ssw-18-ltx-1750-bl-aku-razovy-utahovak-bez-aku-mb-7751\/#breadcrumb"},"inLanguage":"cs","potentialAction":[{"@type":"ReadAction","target":["https:\/\/www.domstavpro.com\/index.php\/produkt\/akce-metabo-ssw-18-ltx-1750-bl-aku-razovy-utahovak-bez-aku-mb-7751\/"]}]},{"@type":"ImageObject","inLanguage":"cs","@id":"https:\/\/www.domstavpro.com\/index.php\/produkt\/akce-metabo-ssw-18-ltx-1750-bl-aku-razovy-utahovak-bez-aku-mb-7751\/#primaryimage","url":"https:\/\/www.domstavpro.com\/wp-content\/uploads\/2026\/SK0029764-CZ20260425-092328-0-1777080210-snimek-obrazovky-2023-08-14-161647.webp","contentUrl":"https:\/\/www.domstavpro.com\/wp-content\/uploads\/2026\/SK0029764-CZ20260425-092328-0-1777080210-snimek-obrazovky-2023-08-14-161647.webp","width":307,"height":355},{"@type":"BreadcrumbList","@id":"https:\/\/www.domstavpro.com\/index.php\/produkt\/akce-metabo-ssw-18-ltx-1750-bl-aku-razovy-utahovak-bez-aku-mb-7751\/#breadcrumb","itemListElement":[{"@type":"ListItem","position":1,"name":"Home","item":"https:\/\/www.domstavpro.com\/"},{"@type":"ListItem","position":2,"name":"Products","item":"https:\/\/www.domstavpro.com\/index.php\/products\/"},{"@type":"ListItem","position":3,"name":"Akce Metabo SSW 18 LTX 1750 BL aku r\u00e1zov\u00fd utahov\u00e1k, bez aku mB"}]},{"@type":"WebSite","@id":"https:\/\/www.domstavpro.com\/#website","url":"https:\/\/www.domstavpro.com\/","name":"","description":"","potentialAction":[{"@type":"SearchAction","target":{"@type":"EntryPoint","urlTemplate":"https:\/\/www.domstavpro.com\/?s={search_term_string}"},"query-input":{"@type":"PropertyValueSpecification","valueRequired":true,"valueName":"search_term_string"}}],"inLanguage":"cs"}]}},"_links":{"self":[{"href":"https:\/\/www.domstavpro.com\/index.php\/wp-json\/wp\/v2\/product\/7751","targetHints":{"allow":["GET"]}}],"collection":[{"href":"https:\/\/www.domstavpro.com\/index.php\/wp-json\/wp\/v2\/product"}],"about":[{"href":"https:\/\/www.domstavpro.com\/index.php\/wp-json\/wp\/v2\/types\/product"}],"replies":[{"embeddable":true,"href":"https:\/\/www.domstavpro.com\/index.php\/wp-json\/wp\/v2\/comments?post=7751"}],"wp:featuredmedia":[{"embeddable":true,"href":"https:\/\/www.domstavpro.com\/index.php\/wp-json\/wp\/v2\/media\/7851"}],"wp:attachment":[{"href":"https:\/\/www.domstavpro.com\/index.php\/wp-json\/wp\/v2\/media?parent=7751"}],"wp:term":[{"taxonomy":"product_brand","embeddable":true,"href":"https:\/\/www.domstavpro.com\/index.php\/wp-json\/wp\/v2\/product_brand?post=7751"},{"taxonomy":"product_cat","embeddable":true,"href":"https:\/\/www.domstavpro.com\/index.php\/wp-json\/wp\/v2\/product_cat?post=7751"},{"taxonomy":"product_tag","embeddable":true,"href":"https:\/\/www.domstavpro.com\/index.php\/wp-json\/wp\/v2\/product_tag?post=7751"}],"curies":[{"name":"wp","href":"https:\/\/api.w.org\/{rel}","templated":true}]}}