{"id":76496,"date":"2026-04-27T15:11:00","date_gmt":"2026-04-27T15:11:00","guid":{"rendered":""},"modified":"2026-04-27T15:11:00","modified_gmt":"2026-04-27T15:11:00","slug":"znackovy-koupelnovy-radiatorovy-set-metro-500x1200-mm-s-topnou-tyci-76496","status":"publish","type":"product","link":"https:\/\/www.domstavpro.com\/index.php\/produkt\/znackovy-koupelnovy-radiatorovy-set-metro-500x1200-mm-s-topnou-tyci-76496\/","title":{"rendered":"Zna\u010dkov\u00fd Koupelnov\u00fd radi\u00e1torov\u00fd set METRO 500&#215;1200 mm s topnou ty\u010d\u00ed"},"content":{"rendered":"<div class=\"basic-description\">\n<h3>Detailn\u00ed popis produktu<\/h3>\n<p><strong>Koupelnov\u00fd radi\u00e1torov\u00fd set METRO<\/strong> p\u0159edstavuje kompletn\u00ed \u0159e\u0161en\u00ed pro modern\u00ed koupelny. Set kombinuje <strong>otopn\u00e9 t\u011bleso METRO 500&#215;1200 mm<\/strong> s <strong>topnou ty\u010d\u00ed 300 W s termostatem<\/strong>, co\u017e zaji\u0161\u0165uje efektivn\u00ed a pohodln\u00e9 vyt\u00e1p\u011bn\u00ed prostoru. D\u00edky chromov\u00e9mu proveden\u00ed se radi\u00e1tor snadno slad\u00ed s jak\u00fdmkoli interi\u00e9rem a z\u00e1rove\u0148 p\u0159in\u00e1\u0161\u00ed <strong>stylov\u00fd a elegantn\u00ed vzhled<\/strong>.<\/p>\n<p>Set je vhodn\u00fd pro novostavby i rekonstrukce a nab\u00edz\u00ed:<\/p>\n<ul>\n<li><strong>Kompletn\u00ed set<\/strong> p\u0159ipraven\u00fd k instalaci<\/li>\n<li><strong>Regulovateln\u00e1 teplota<\/strong> d\u00edky termostatick\u00e9 topn\u00e9 ty\u010di<\/li>\n<li><strong>Elegantn\u00ed chromov\u00e9 proveden\u00ed<\/strong>, kter\u00e9 lad\u00ed s modern\u00ed koupelnou<\/li>\n<li><strong>Rozm\u011bry 500&#215;1200 mm<\/strong> vhodn\u00e9 pro v\u011bt\u0161inu koupelen<\/li>\n<li><strong>Topn\u00e1 ty\u010d 300 W s termostatem, chrom<\/strong><\/li>\n<li><strong>Efektivn\u00ed vyt\u00e1p\u011bn\u00ed<\/strong> kombinac\u00ed radi\u00e1toru a elektrick\u00e9 topn\u00e9 ty\u010de<\/li>\n<li><strong>Mo\u017enost kombinace s p\u0159ipojovac\u00ed sadou pro \u00fast\u0159edn\u00ed topen\u00ed.<\/strong><\/li>\n<\/ul>\n<p>D\u00edky t\u00e9to kombinaci z\u00edsk\u00e1te nejen funk\u010dn\u00ed <strong>koupelnov\u00fd radi\u00e1tor<\/strong>, ale i <strong>inteligentn\u00ed syst\u00e9m vyt\u00e1p\u011bn\u00ed<\/strong>, kter\u00fd \u0161et\u0159\u00ed energii a p\u0159in\u00e1\u0161\u00ed maxim\u00e1ln\u00ed komfort. Ide\u00e1ln\u00ed \u0159e\u0161en\u00ed pro modern\u00ed dom\u00e1cnosti, penziony nebo hotely, kde je pot\u0159eba spolehliv\u00e9, rychl\u00e9 a estetick\u00e9 vyt\u00e1p\u011bn\u00ed koupelny.<\/p>\n<p>V p\u0159\u00edpad\u011b z\u00e1jmu <strong>m\u016f\u017eeme instalovat topnou ty\u010d<\/strong>, t\u011bleso <strong>naplnit topnou sm\u011bs\u00ed<\/strong>, <strong>nastavit tlakovou zkou\u0161ku<\/strong> a uzav\u0159\u00edt. Sta\u010d\u00ed kdy\u017e si v p\u0159\u00edplatkov\u00fdch parametrech zvol\u00edte <strong>mo\u017enost pln\u011bn\u00ed<\/strong> a do pozn\u00e1mky n\u00e1m nap\u00ed\u0161ete, na kter\u00e9 stran\u011b chcete topnou ty\u010d instalovat.<\/p>\n<div style=\"margin-top: 20px; padding: 12px 15px; border-left: 1px solid #009901; background-color: #f9f9f9;\"><span style=\"color: #009901; font-weight: bold; font-size: 1.05em;\"> Nena\u0161li jste po\u017eadovan\u00fd rozm\u011br, barvu nebo kombinaci radi\u00e1toru? <\/span><\/p>\n<p style=\"margin: 6px 0 0 0;\">Kontaktujte n\u00e1s a vytvo\u0159\u00edme V\u00e1m nab\u00eddku na m\u00edru.<\/p>\n<p style=\"margin: 12px 0 0 0; display: flex; flex-wrap: wrap; gap: 20px; align-items: center;\"><!-- Telefon -->  <!-- Kompletace --> <\/p>\n<\/div><\/div>\n<div class=\"extended-description\">\n<h3>Dopl\u0148kov\u00e9 parametry<\/h3>\n<table class=\"detail-parameters\">\n<tbody>\n<tr>\n<th>        <span class=\"row-header-label\">            Kategorie<span class=\"row-header-label-colon\">:<\/span>        <\/span>    <\/th>\n<td>            <\/td>\n<\/tr>\n<tr>\n<th>            <span class=\"row-header-label\">                Z\u00e1ruka<span class=\"row-header-label-colon\">:<\/span>            <\/span>        <\/th>\n<td>            2 roky        <\/td>\n<\/tr>\n<tr>\n<th>            <span class=\"row-header-label\">                Hmotnost<span class=\"row-header-label-colon\">:<\/span>            <\/span>        <\/th>\n<td>            10.2 kg        <\/td>\n<\/tr>\n<tr>\n<th>                <span class=\"row-header-label\">                                            3D model<span class=\"row-header-label-colon\">:<\/span>                                    <\/span>            <\/th>\n<td>                                                            ANO                                                <\/td>\n<\/tr>\n<tr>\n<th>                <span class=\"row-header-label\">                                            Balen\u00ed<span class=\"row-header-label-colon\">:<\/span>                                    <\/span>            <\/th>\n<td>                                                            1 ks                                                <\/td>\n<\/tr>\n<tr>\n<th>                <span class=\"row-header-label\">                                            Barva<span class=\"row-header-label-colon\">:<\/span>                                    <\/span>            <\/th>\n<td>                                                            Chrom                                                <\/td>\n<\/tr>\n<tr>\n<th>                <span class=\"row-header-label\">                                            Doporu\u010den\u00e1 el. topn\u00e1 ty\u010d<span class=\"row-header-label-colon\">:<\/span>                                    <\/span>            <\/th>\n<td>                                                            300 W                                                <\/td>\n<\/tr>\n<tr>\n<th>                <span class=\"row-header-label\">                                            Dostupnost<span class=\"row-header-label-colon\">:<\/span>                                    <\/span>            <\/th>\n<td>                                                            Skladem                                                <\/td>\n<\/tr>\n<tr>\n<th>                <span class=\"row-header-label\">                                            Materi\u00e1l<span class=\"row-header-label-colon\">:<\/span>                                    <\/span>            <\/th>\n<td>                                                            Ocel                                                <\/td>\n<\/tr>\n<tr>\n<th>                <span class=\"row-header-label\">                                            Max. provozn\u00ed tlak<span class=\"row-header-label-colon\">:<\/span>                                    <\/span>            <\/th>\n<td>                                                            4 bar                                                <\/td>\n<\/tr>\n<tr>\n<th>                <span class=\"row-header-label\">                                            Objem<span class=\"row-header-label-colon\">:<\/span>                                    <\/span>            <\/th>\n<td>                                                            3.85 l                                                <\/td>\n<\/tr>\n<tr>\n<th>                <span class=\"row-header-label\">                                            Rozm\u011br<span class=\"row-header-label-colon\">:<\/span>                                    <\/span>            <\/th>\n<td>                                                            500&#215;1200 mm                                                <\/td>\n<\/tr>\n<tr>\n<th>                <span class=\"row-header-label\">                                            Rozte\u010d p\u0159ipojen\u00ed<span class=\"row-header-label-colon\">:<\/span>                                    <\/span>            <\/th>\n<td>                                                            470 mm                                                <\/td>\n<\/tr>\n<tr>\n<th>                <span class=\"row-header-label\">                                            \u0160\u00ed\u0159ka<span class=\"row-header-label-colon\">:<\/span>                                    <\/span>            <\/th>\n<td>                                                            500 mm                                                <\/td>\n<\/tr>\n<tr>\n<th>                <span class=\"row-header-label\">                                            Teplotn\u00ed sp\u00e1d<span class=\"row-header-label-colon\">:<\/span>                                    <\/span>            <\/th>\n<td>                                                            75\/65\/20 \u00b0C                                                <\/td>\n<\/tr>\n<tr>\n<th>                <span class=\"row-header-label\">                                            Topn\u00e1 ty\u010d<span class=\"row-header-label-colon\">:<\/span>                                    <\/span>            <\/th>\n<td>                                                            300 W, termostat, chrom                                                <\/td>\n<\/tr>\n<tr>\n<th>                <span class=\"row-header-label\">                                            Tvar<span class=\"row-header-label-colon\">:<\/span>                                    <\/span>            <\/th>\n<td>                                                            Tvar H                                                <\/td>\n<\/tr>\n<tr>\n<th>                <span class=\"row-header-label\">                                            V\u00fdkon<span class=\"row-header-label-colon\">:<\/span>                                    <\/span>            <\/th>\n<td>                                                            347 W                                                <\/td>\n<\/tr>\n<tr>\n<th>                <span class=\"row-header-label\">                                            V\u00fd\u0161ka<span class=\"row-header-label-colon\">:<\/span>                                    <\/span>            <\/th>\n<td>                                                            1200 mm                                                <\/td>\n<\/tr>\n<tr>\n<th>                <span class=\"row-header-label\">                                            Z\u00e1ruka<span class=\"row-header-label-colon\">:<\/span>                                    <\/span>            <\/th>\n<td>                                                            2 roky                                                <\/td>\n<\/tr>\n<\/tbody>\n<\/table><\/div>\n<\/p><\/div>\n<\/p><\/div>\n","protected":false},"excerpt":{"rendered":"<p>Detailn\u00ed popis produktu Koupelnov\u00fd radi\u00e1torov\u00fd set METRO p\u0159edstavuje kompletn\u00ed \u0159e\u0161en\u00ed pro modern\u00ed koupelny. Set kombinuje otopn\u00e9 t\u011bleso METRO 500&#215;1200 mm s topnou ty\u010d\u00ed 300 W s termostatem, co\u017e zaji\u0161\u0165uje efektivn\u00ed a pohodln\u00e9 vyt\u00e1p\u011bn\u00ed prostoru. D\u00edky chromov\u00e9mu proveden\u00ed se radi\u00e1tor snadno slad\u00ed s jak\u00fdmkoli interi\u00e9rem a z\u00e1rove\u0148 p\u0159in\u00e1\u0161\u00ed stylov\u00fd a elegantn\u00ed vzhled. Set je vhodn\u00fd pro [&hellip;]<\/p>\n","protected":false},"featured_media":76596,"comment_status":"open","ping_status":"open","template":"","meta":[],"product_brand":[],"product_cat":[83],"product_tag":[],"class_list":{"0":"post-76496","1":"product","2":"type-product","3":"status-publish","4":"has-post-thumbnail","6":"product_cat-koupelnove-radiatory","8":"first","9":"instock","10":"sale","11":"shipping-taxable","12":"purchasable","13":"product-type-simple"},"yoast_head":"<!-- This site is optimized with the Yoast SEO plugin v26.8 - https:\/\/yoast.com\/product\/yoast-seo-wordpress\/ -->\n<title>Zna\u010dkov\u00fd Koupelnov\u00fd radi\u00e1torov\u00fd set METRO 500x1200 mm s topnou ty\u010d\u00ed -<\/title>\n<meta name=\"robots\" content=\"index, follow, max-snippet:-1, max-image-preview:large, max-video-preview:-1\" \/>\n<link rel=\"canonical\" href=\"https:\/\/www.domstavpro.com\/index.php\/produkt\/znackovy-koupelnovy-radiatorovy-set-metro-500x1200-mm-s-topnou-tyci-76496\/\" \/>\n<meta property=\"og:locale\" content=\"cs_CZ\" \/>\n<meta property=\"og:type\" content=\"article\" \/>\n<meta property=\"og:title\" content=\"Zna\u010dkov\u00fd Koupelnov\u00fd radi\u00e1torov\u00fd set METRO 500x1200 mm s topnou ty\u010d\u00ed -\" \/>\n<meta property=\"og:description\" content=\"Detailn\u00ed popis produktu Koupelnov\u00fd radi\u00e1torov\u00fd set METRO p\u0159edstavuje kompletn\u00ed \u0159e\u0161en\u00ed pro modern\u00ed koupelny. Set kombinuje otopn\u00e9 t\u011bleso METRO 500&#215;1200 mm s topnou ty\u010d\u00ed 300 W s termostatem, co\u017e zaji\u0161\u0165uje efektivn\u00ed a pohodln\u00e9 vyt\u00e1p\u011bn\u00ed prostoru. D\u00edky chromov\u00e9mu proveden\u00ed se radi\u00e1tor snadno slad\u00ed s jak\u00fdmkoli interi\u00e9rem a z\u00e1rove\u0148 p\u0159in\u00e1\u0161\u00ed stylov\u00fd a elegantn\u00ed vzhled. Set je vhodn\u00fd pro [&hellip;]\" \/>\n<meta property=\"og:url\" content=\"https:\/\/www.domstavpro.com\/index.php\/produkt\/znackovy-koupelnovy-radiatorovy-set-metro-500x1200-mm-s-topnou-tyci-76496\/\" \/>\n<meta property=\"og:image\" content=\"https:\/\/www.domstavpro.com\/wp-content\/uploads\/2026\/SK0036802-CZ20260425-092556-0-1777080363-2018360_koupelnovy-radiatorovy-set-metro-otopne-teleso-500x.webp\" \/>\n\t<meta property=\"og:image:width\" content=\"1000\" \/>\n\t<meta property=\"og:image:height\" content=\"750\" \/>\n\t<meta property=\"og:image:type\" content=\"image\/webp\" \/>\n<meta name=\"twitter:card\" content=\"summary_large_image\" \/>\n<meta name=\"twitter:label1\" content=\"Odhadovan\u00e1 doba \u010dten\u00ed\" \/>\n\t<meta name=\"twitter:data1\" content=\"2 minuty\" \/>\n<script type=\"application\/ld+json\" class=\"yoast-schema-graph\">{\"@context\":\"https:\/\/schema.org\",\"@graph\":[{\"@type\":\"WebPage\",\"@id\":\"https:\/\/www.domstavpro.com\/index.php\/produkt\/znackovy-koupelnovy-radiatorovy-set-metro-500x1200-mm-s-topnou-tyci-76496\/\",\"url\":\"https:\/\/www.domstavpro.com\/index.php\/produkt\/znackovy-koupelnovy-radiatorovy-set-metro-500x1200-mm-s-topnou-tyci-76496\/\",\"name\":\"Zna\u010dkov\u00fd Koupelnov\u00fd radi\u00e1torov\u00fd set METRO 500x1200 mm s topnou ty\u010d\u00ed -\",\"isPartOf\":{\"@id\":\"https:\/\/www.domstavpro.com\/#website\"},\"primaryImageOfPage\":{\"@id\":\"https:\/\/www.domstavpro.com\/index.php\/produkt\/znackovy-koupelnovy-radiatorovy-set-metro-500x1200-mm-s-topnou-tyci-76496\/#primaryimage\"},\"image\":{\"@id\":\"https:\/\/www.domstavpro.com\/index.php\/produkt\/znackovy-koupelnovy-radiatorovy-set-metro-500x1200-mm-s-topnou-tyci-76496\/#primaryimage\"},\"thumbnailUrl\":\"https:\/\/www.domstavpro.com\/wp-content\/uploads\/2026\/SK0036802-CZ20260425-092556-0-1777080363-2018360_koupelnovy-radiatorovy-set-metro-otopne-teleso-500x.webp\",\"datePublished\":\"2026-04-27T15:11:00+00:00\",\"breadcrumb\":{\"@id\":\"https:\/\/www.domstavpro.com\/index.php\/produkt\/znackovy-koupelnovy-radiatorovy-set-metro-500x1200-mm-s-topnou-tyci-76496\/#breadcrumb\"},\"inLanguage\":\"cs\",\"potentialAction\":[{\"@type\":\"ReadAction\",\"target\":[\"https:\/\/www.domstavpro.com\/index.php\/produkt\/znackovy-koupelnovy-radiatorovy-set-metro-500x1200-mm-s-topnou-tyci-76496\/\"]}]},{\"@type\":\"ImageObject\",\"inLanguage\":\"cs\",\"@id\":\"https:\/\/www.domstavpro.com\/index.php\/produkt\/znackovy-koupelnovy-radiatorovy-set-metro-500x1200-mm-s-topnou-tyci-76496\/#primaryimage\",\"url\":\"https:\/\/www.domstavpro.com\/wp-content\/uploads\/2026\/SK0036802-CZ20260425-092556-0-1777080363-2018360_koupelnovy-radiatorovy-set-metro-otopne-teleso-500x.webp\",\"contentUrl\":\"https:\/\/www.domstavpro.com\/wp-content\/uploads\/2026\/SK0036802-CZ20260425-092556-0-1777080363-2018360_koupelnovy-radiatorovy-set-metro-otopne-teleso-500x.webp\",\"width\":1000,\"height\":750},{\"@type\":\"BreadcrumbList\",\"@id\":\"https:\/\/www.domstavpro.com\/index.php\/produkt\/znackovy-koupelnovy-radiatorovy-set-metro-500x1200-mm-s-topnou-tyci-76496\/#breadcrumb\",\"itemListElement\":[{\"@type\":\"ListItem\",\"position\":1,\"name\":\"Home\",\"item\":\"https:\/\/www.domstavpro.com\/\"},{\"@type\":\"ListItem\",\"position\":2,\"name\":\"Products\",\"item\":\"https:\/\/www.domstavpro.com\/index.php\/products\/\"},{\"@type\":\"ListItem\",\"position\":3,\"name\":\"Zna\u010dkov\u00fd Koupelnov\u00fd radi\u00e1torov\u00fd set METRO 500&#215;1200 mm s topnou ty\u010d\u00ed\"}]},{\"@type\":\"WebSite\",\"@id\":\"https:\/\/www.domstavpro.com\/#website\",\"url\":\"https:\/\/www.domstavpro.com\/\",\"name\":\"\",\"description\":\"\",\"potentialAction\":[{\"@type\":\"SearchAction\",\"target\":{\"@type\":\"EntryPoint\",\"urlTemplate\":\"https:\/\/www.domstavpro.com\/?s={search_term_string}\"},\"query-input\":{\"@type\":\"PropertyValueSpecification\",\"valueRequired\":true,\"valueName\":\"search_term_string\"}}],\"inLanguage\":\"cs\"}]}<\/script>\n<!-- \/ Yoast SEO plugin. -->","yoast_head_json":{"title":"Zna\u010dkov\u00fd Koupelnov\u00fd radi\u00e1torov\u00fd set METRO 500x1200 mm s topnou ty\u010d\u00ed -","robots":{"index":"index","follow":"follow","max-snippet":"max-snippet:-1","max-image-preview":"max-image-preview:large","max-video-preview":"max-video-preview:-1"},"canonical":"https:\/\/www.domstavpro.com\/index.php\/produkt\/znackovy-koupelnovy-radiatorovy-set-metro-500x1200-mm-s-topnou-tyci-76496\/","og_locale":"cs_CZ","og_type":"article","og_title":"Zna\u010dkov\u00fd Koupelnov\u00fd radi\u00e1torov\u00fd set METRO 500x1200 mm s topnou ty\u010d\u00ed -","og_description":"Detailn\u00ed popis produktu Koupelnov\u00fd radi\u00e1torov\u00fd set METRO p\u0159edstavuje kompletn\u00ed \u0159e\u0161en\u00ed pro modern\u00ed koupelny. Set kombinuje otopn\u00e9 t\u011bleso METRO 500&#215;1200 mm s topnou ty\u010d\u00ed 300 W s termostatem, co\u017e zaji\u0161\u0165uje efektivn\u00ed a pohodln\u00e9 vyt\u00e1p\u011bn\u00ed prostoru. D\u00edky chromov\u00e9mu proveden\u00ed se radi\u00e1tor snadno slad\u00ed s jak\u00fdmkoli interi\u00e9rem a z\u00e1rove\u0148 p\u0159in\u00e1\u0161\u00ed stylov\u00fd a elegantn\u00ed vzhled. Set je vhodn\u00fd pro [&hellip;]","og_url":"https:\/\/www.domstavpro.com\/index.php\/produkt\/znackovy-koupelnovy-radiatorovy-set-metro-500x1200-mm-s-topnou-tyci-76496\/","og_image":[{"width":1000,"height":750,"url":"https:\/\/www.domstavpro.com\/wp-content\/uploads\/2026\/SK0036802-CZ20260425-092556-0-1777080363-2018360_koupelnovy-radiatorovy-set-metro-otopne-teleso-500x.webp","type":"image\/webp"}],"twitter_card":"summary_large_image","twitter_misc":{"Odhadovan\u00e1 doba \u010dten\u00ed":"2 minuty"},"schema":{"@context":"https:\/\/schema.org","@graph":[{"@type":"WebPage","@id":"https:\/\/www.domstavpro.com\/index.php\/produkt\/znackovy-koupelnovy-radiatorovy-set-metro-500x1200-mm-s-topnou-tyci-76496\/","url":"https:\/\/www.domstavpro.com\/index.php\/produkt\/znackovy-koupelnovy-radiatorovy-set-metro-500x1200-mm-s-topnou-tyci-76496\/","name":"Zna\u010dkov\u00fd Koupelnov\u00fd radi\u00e1torov\u00fd set METRO 500x1200 mm s topnou ty\u010d\u00ed -","isPartOf":{"@id":"https:\/\/www.domstavpro.com\/#website"},"primaryImageOfPage":{"@id":"https:\/\/www.domstavpro.com\/index.php\/produkt\/znackovy-koupelnovy-radiatorovy-set-metro-500x1200-mm-s-topnou-tyci-76496\/#primaryimage"},"image":{"@id":"https:\/\/www.domstavpro.com\/index.php\/produkt\/znackovy-koupelnovy-radiatorovy-set-metro-500x1200-mm-s-topnou-tyci-76496\/#primaryimage"},"thumbnailUrl":"https:\/\/www.domstavpro.com\/wp-content\/uploads\/2026\/SK0036802-CZ20260425-092556-0-1777080363-2018360_koupelnovy-radiatorovy-set-metro-otopne-teleso-500x.webp","datePublished":"2026-04-27T15:11:00+00:00","breadcrumb":{"@id":"https:\/\/www.domstavpro.com\/index.php\/produkt\/znackovy-koupelnovy-radiatorovy-set-metro-500x1200-mm-s-topnou-tyci-76496\/#breadcrumb"},"inLanguage":"cs","potentialAction":[{"@type":"ReadAction","target":["https:\/\/www.domstavpro.com\/index.php\/produkt\/znackovy-koupelnovy-radiatorovy-set-metro-500x1200-mm-s-topnou-tyci-76496\/"]}]},{"@type":"ImageObject","inLanguage":"cs","@id":"https:\/\/www.domstavpro.com\/index.php\/produkt\/znackovy-koupelnovy-radiatorovy-set-metro-500x1200-mm-s-topnou-tyci-76496\/#primaryimage","url":"https:\/\/www.domstavpro.com\/wp-content\/uploads\/2026\/SK0036802-CZ20260425-092556-0-1777080363-2018360_koupelnovy-radiatorovy-set-metro-otopne-teleso-500x.webp","contentUrl":"https:\/\/www.domstavpro.com\/wp-content\/uploads\/2026\/SK0036802-CZ20260425-092556-0-1777080363-2018360_koupelnovy-radiatorovy-set-metro-otopne-teleso-500x.webp","width":1000,"height":750},{"@type":"BreadcrumbList","@id":"https:\/\/www.domstavpro.com\/index.php\/produkt\/znackovy-koupelnovy-radiatorovy-set-metro-500x1200-mm-s-topnou-tyci-76496\/#breadcrumb","itemListElement":[{"@type":"ListItem","position":1,"name":"Home","item":"https:\/\/www.domstavpro.com\/"},{"@type":"ListItem","position":2,"name":"Products","item":"https:\/\/www.domstavpro.com\/index.php\/products\/"},{"@type":"ListItem","position":3,"name":"Zna\u010dkov\u00fd Koupelnov\u00fd radi\u00e1torov\u00fd set METRO 500&#215;1200 mm s topnou ty\u010d\u00ed"}]},{"@type":"WebSite","@id":"https:\/\/www.domstavpro.com\/#website","url":"https:\/\/www.domstavpro.com\/","name":"","description":"","potentialAction":[{"@type":"SearchAction","target":{"@type":"EntryPoint","urlTemplate":"https:\/\/www.domstavpro.com\/?s={search_term_string}"},"query-input":{"@type":"PropertyValueSpecification","valueRequired":true,"valueName":"search_term_string"}}],"inLanguage":"cs"}]}},"_links":{"self":[{"href":"https:\/\/www.domstavpro.com\/index.php\/wp-json\/wp\/v2\/product\/76496","targetHints":{"allow":["GET"]}}],"collection":[{"href":"https:\/\/www.domstavpro.com\/index.php\/wp-json\/wp\/v2\/product"}],"about":[{"href":"https:\/\/www.domstavpro.com\/index.php\/wp-json\/wp\/v2\/types\/product"}],"replies":[{"embeddable":true,"href":"https:\/\/www.domstavpro.com\/index.php\/wp-json\/wp\/v2\/comments?post=76496"}],"wp:featuredmedia":[{"embeddable":true,"href":"https:\/\/www.domstavpro.com\/index.php\/wp-json\/wp\/v2\/media\/76596"}],"wp:attachment":[{"href":"https:\/\/www.domstavpro.com\/index.php\/wp-json\/wp\/v2\/media?parent=76496"}],"wp:term":[{"taxonomy":"product_brand","embeddable":true,"href":"https:\/\/www.domstavpro.com\/index.php\/wp-json\/wp\/v2\/product_brand?post=76496"},{"taxonomy":"product_cat","embeddable":true,"href":"https:\/\/www.domstavpro.com\/index.php\/wp-json\/wp\/v2\/product_cat?post=76496"},{"taxonomy":"product_tag","embeddable":true,"href":"https:\/\/www.domstavpro.com\/index.php\/wp-json\/wp\/v2\/product_tag?post=76496"}],"curies":[{"name":"wp","href":"https:\/\/api.w.org\/{rel}","templated":true}]}}