{"id":7538,"date":"2026-04-27T15:08:11","date_gmt":"2026-04-27T15:08:11","guid":{"rendered":""},"modified":"2026-04-27T15:08:11","modified_gmt":"2026-04-27T15:08:11","slug":"vega-gk2000is-invertorova-elektrocentrala-vyhodna-nabidka-7538","status":"publish","type":"product","link":"https:\/\/www.domstavpro.com\/index.php\/produkt\/vega-gk2000is-invertorova-elektrocentrala-vyhodna-nabidka-7538\/","title":{"rendered":"VeGA GK2000iS INVERTOROV\u00c1 ELEKTROCENTR\u00c1LA V\u00fdhodn\u00e1 Nab\u00eddka"},"content":{"rendered":"<table>\n<div class=\"tab-pane active product-description\" id=\"popis\" role=\"tabpanel\">\n<div class=\"short-description\" itemprop=\"description\"><\/div>\n<div class=\"description\"><span class='bullet-line'>Modern\u00ed a vybaven\u00e1 v\u00fdkonn\u00e1 elektrocentr\u00e1la zna\u010dky VeGA s invertorovou technologi\u00ed  kompaktn\u00ed velikost, kvalitn\u00ed zpracov\u00e1n\u00ed, tich\u00fd chod, jednoduch\u00e1 \u00fadr\u017eba. Invertorov\u00e1 elektrocentr\u00e1la VeGA GK2000iS je kompaktn\u00ed, lehk\u00e1, mobiln\u00ed, snadno se p\u0159en\u00e1\u0161\u00ed d\u00edky integrovan\u00e9 rukojeti a lehce se skladuje.<br \/><\/span><span class='bullet-line'>Tato v\u00fdkonn\u00e1 lehk\u00e1 invertorov\u00e1 elektrocentr\u00e1la VeGA GK2000iS m\u00e1 tich\u00fd chod s n\u00edzkou hlu\u010dnost\u00ed 66 dB ve vzd\u00e1lenosti 7m a velmi p\u0159\u00edznivou spot\u0159ebu. Invertorov\u00e1 elektrocentr\u00e1la je v\u00fdborn\u00fdm pomocn\u00edkem zejm\u00e9na v p\u0159\u00edpadech, kdy pot\u0159ebujete p\u0159enosn\u00fd gener\u00e1tor s vysoce kvalitn\u00ed a \u010distou sinusovkou. Ide\u00e1ln\u00ed je pro spolehliv\u00e9 nap\u00e1jen\u00ed provozn\u00edch n\u00e1stroj\u016f nebo za\u0159\u00edzen\u00ed v ter\u00e9nu nebo jako z\u00e1lo\u017en\u00ed zdroj energie pro p\u0159ekon\u00e1n\u00ed v\u00fdpadk\u016f elektrick\u00e9 energie. Mezi hlavn\u00ed oblasti pou\u017eit\u00ed invertorov\u00e9 elektrocentr\u00e1ly VeGA GK2000iS \u0159ad\u00edme zahradu, dom\u00e1cnost, d\u00edlnu, chatu, kancel\u00e1\u0159e, \u0159emesln\u00edky, z\u00e1chrann\u00e9 slo\u017eky, osv\u011btlen\u00ed, chlazen\u00ed piva, kempov\u00e1n\u00ed, karavaning, cestov\u00e1n\u00ed, ryba\u0159en\u00ed, kamerov\u00e9 syst\u00e9my a mnoho dal\u0161\u00edch. \u0160irok\u00e9 vyu\u017eit\u00ed je podpo\u0159eno velkou konektivitou p\u0159ipojen\u00ed &#8211; 1x 230V, 1x 12V, 2x USB  p\u0159edev\u0161\u00edm p\u0159ipojen\u00ed USB nen\u00ed v t\u00e9to kategorii obvykl\u00e9 a roz\u0161i\u0159uje mo\u017enosti vyu\u017eit\u00ed.<br \/><\/span><span class='bullet-line'>Speci\u00e1ln\u00ed opl\u00e1\u0161t\u011bn\u00ed p\u0159\u00edstroje napom\u00e1h\u00e1 tich\u00e9mu chodu elektrocentr\u00e1ly, co\u017e ocen\u00edte pr\u00e1v\u011b v t\u011bchto p\u0159\u00edpadech, kdy je vy\u017eadov\u00e1n klid nebo jen minim\u00e1ln\u00ed hlu\u010dnost. N\u00edzk\u00fdm vibrac\u00edm napom\u00e1h\u00e1 ulo\u017een\u00ed motoru na pru\u017en\u00fdch silentbloc\u00edch, elektrocentr\u00e1la je postavena na \u010dty\u0159ech gumov\u00fdch noh\u00e1ch. Pln\u011b automatick\u00e1 regulace s p\u0159izp\u016fsoben\u00edm ot\u00e1\u010dek motoru v z\u00e1vislosti na aktu\u00e1ln\u00edm po\u017eadovan\u00e9m zat\u00ed\u017een\u00ed zajist\u00ed \u00fasporu paliva, motor si p\u0159i n\u00edzk\u00e9 z\u00e1t\u011b\u017ei s\u00e1m elektronicky uprav\u00ed ot\u00e1\u010dky a t\u00edm sn\u00ed\u017e\u00ed spot\u0159ebu paliva.<br \/><\/span><span class='bullet-line'>P\u0159edev\u0161\u00edm kv\u016fli p\u0159esn\u00e9 elektronice tato kompaktn\u00ed jednof\u00e1zov\u00e1 kuf\u0159\u00edkov\u00e1 elektrocentr\u00e1la s invertorem o vysok\u00e9m v\u00fdkonu dosahuje velmi stabiln\u00ed k\u0159ivky v\u00fdstupn\u00edho nap\u011bt\u00ed. Invertorov\u00fd gener\u00e1tor za pou\u017eit\u00ed nejnov\u011bj\u0161\u00ed elektroniky a nejmodern\u011bj\u0161\u00ed technologie a mikroprocesor\u016f zajist\u00ed transformaci st\u0159\u00eddav\u00e9ho proudu na stejnosm\u011brn\u00fd a zp\u011bt na st\u0159\u00eddav\u00fd. Motor je propojen s altern\u00e1torem s AC-DC-AC invertorem, kter\u00fd p\u0159etransformuje vysokofrekven\u010dn\u00ed st\u0159\u00eddav\u00fd proudu na stejnosm\u011brn\u00fd proud a pot\u00e9 na elektrick\u00fd proud s konstantn\u00edm nap\u011bt\u00edm a frekvenc\u00ed. THD \u22642% dod\u00e1v\u00e1 elektronicky regulovanou pravidelnou k\u0159ivku v\u00fdstupn\u00edho nap\u011bt\u00ed a nab\u00edz\u00ed perfektn\u00ed sinusov\u00fd v\u00fdstup. Invertorov\u00e1 technologie t\u00edm zajist\u00ed bezrizikov\u00e9 p\u0159ipojov\u00e1n\u00ed choulostiv\u00fdch elektronick\u00fdch p\u0159\u00edstroj\u016f s vysok\u00fdmi n\u00e1roky na kvalitu proudu.<br \/><\/span><span class='bullet-line'>Invertorov\u00e1 elektrocentr\u00e1la VeGA GK2000iS je vybavena n\u011bkolika bezpe\u010dnostn\u00edmi a ochrann\u00fdmi prvky. Ochranu proti p\u0159et\u00ed\u017een\u00ed zabezpe\u010duje u AC kontrola nadproudov\u00e9 ochrany m\u011bni\u010de a u DC kvalitn\u00ed bezpojistkov\u00e1 ochrana. Automatick\u00e1 kontrola hladiny oleje d\u00edky olejov\u00e9mu \u010didlu zaji\u0161\u0165uje automatick\u00e9 vypnut\u00ed motoru v p\u0159\u00edpad\u011b n\u00edzk\u00e9 hladiny oleje. Ochrana proti p\u0159et\u00ed\u017een\u00ed gener\u00e1toru i proti n\u00edzk\u00e9 hladin\u011b oleje je indikov\u00e1na sv\u011btelnou signalizac\u00ed.<br \/><\/span><span class='bullet-line'>P\u0159\u00edslu\u0161enstv\u00ed: nab\u00edjec\u00ed kabely, kl\u00ed\u010d na sv\u00ed\u010dku, \u0161roubov\u00e1k.<\/span><\/div>\n<div class=\"parameters\">\n<tr>\n<td>V\u00fdkon maxim\u00e1ln\u00ed:<\/td>\n<td>2,0kW<\/td>\n<\/tr>\n<tr>\n<td>V\u00fdkon provozn\u00ed:<\/td>\n<td>1,8kW<\/td>\n<\/tr>\n<tr>\n<td>Typ gener\u00e1toru:<\/td>\n<td>digit\u00e1ln\u011b \u0159\u00edzen\u00fd invertor<\/td>\n<\/tr>\n<tr>\n<td>Po\u010det f\u00e1z\u00ed:<\/td>\n<td>1<\/td>\n<\/tr>\n<tr>\n<td>Elektrick\u00fd v\u00fdstup:<\/td>\n<td>1x 230V\/50Hz AC 7,8A, 1x 12V DC 8,3A, 1x 5V DC 2,1A, 1x 5V DC 1A<\/td>\n<\/tr>\n<tr>\n<td>Mo\u017enost paraleln\u00edho zapojen\u00ed:<\/td>\n<td>ano<\/td>\n<\/tr>\n<tr>\n<td>Ochrana proti p\u0159et\u00ed\u017een\u00ed:<\/td>\n<td>ano<\/td>\n<\/tr>\n<tr>\n<td>THD:<\/td>\n<td>\u22642%<\/td>\n<\/tr>\n<tr>\n<td>Typ motoru:<\/td>\n<td>GK80i, 4-takt OHV, vzduchem chlazen\u00fd<\/td>\n<\/tr>\n<tr>\n<td>Obsah v\u00e1lce:<\/td>\n<td>80 ccm<\/td>\n<\/tr>\n<tr>\n<td>Startov\u00e1n\u00ed:<\/td>\n<td>ru\u010dn\u00ed<\/td>\n<\/tr>\n<tr>\n<td>Objem palivov\u00e9 n\u00e1dr\u017ee:<\/td>\n<td>4 L<\/td>\n<\/tr>\n<tr>\n<td>Objem olejov\u00e9 n\u00e1dr\u017ee:<\/td>\n<td>0,35 L<\/td>\n<\/tr>\n<tr>\n<td>Spot\u0159eba:<\/td>\n<td>\u2264450g\/kWh<\/td>\n<\/tr>\n<tr>\n<td>Provozn\u00ed doba p\u0159i 50% zat\u00ed\u017een\u00ed:<\/td>\n<td>7,5 hod.<\/td>\n<\/tr>\n<tr>\n<td>Provozn\u00ed doba p\u0159i 100% zat\u00ed\u017een\u00ed:<\/td>\n<td>4 hod.<\/td>\n<\/tr>\n<tr>\n<td>Kontrola n\u00edzk\u00e9 hladiny oleje:<\/td>\n<td>ano<\/td>\n<\/tr>\n<tr>\n<td>Hlu\u010dnost:<\/td>\n<td>66 dB\/7m<\/td>\n<\/tr>\n<tr>\n<td>Hlu\u010dnost:<\/td>\n<td>90 dB<\/td>\n<\/tr>\n<tr>\n<td>Kryt\u00ed:<\/td>\n<td>IP23<\/td>\n<\/tr>\n<tr>\n<td>V\u00e1ha:<\/td>\n<td>22kg<\/td>\n<\/tr>\n<tr>\n<td>Rozm\u011bry (v. x \u0161. x d.):<\/td>\n<td>46x29x50cm<\/td>\n<\/tr><\/div>\n<\/table>\n","protected":false},"excerpt":{"rendered":"<p>Modern\u00ed a vybaven\u00e1 v\u00fdkonn\u00e1 elektrocentr\u00e1la zna\u010dky VeGA s invertorovou technologi\u00ed kompaktn\u00ed velikost, kvalitn\u00ed zpracov\u00e1n\u00ed, tich\u00fd chod, jednoduch\u00e1 \u00fadr\u017eba. Invertorov\u00e1 elektrocentr\u00e1la VeGA GK2000iS je kompaktn\u00ed, lehk\u00e1, mobiln\u00ed, snadno se p\u0159en\u00e1\u0161\u00ed d\u00edky integrovan\u00e9 rukojeti a lehce se skladuje.Tato v\u00fdkonn\u00e1 lehk\u00e1 invertorov\u00e1 elektrocentr\u00e1la VeGA GK2000iS m\u00e1 tich\u00fd chod s n\u00edzkou hlu\u010dnost\u00ed 66 dB ve vzd\u00e1lenosti 7m a velmi [&hellip;]<\/p>\n","protected":false},"featured_media":7638,"comment_status":"open","ping_status":"open","template":"","meta":[],"product_brand":[],"product_cat":[40],"product_tag":[],"class_list":{"0":"post-7538","1":"product","2":"type-product","3":"status-publish","4":"has-post-thumbnail","6":"product_cat-stavebni-technika","8":"first","9":"instock","10":"sale","11":"shipping-taxable","12":"purchasable","13":"product-type-simple"},"yoast_head":"<!-- This site is optimized with the Yoast SEO plugin v26.8 - https:\/\/yoast.com\/product\/yoast-seo-wordpress\/ -->\n<title>VeGA GK2000iS INVERTOROV\u00c1 ELEKTROCENTR\u00c1LA V\u00fdhodn\u00e1 Nab\u00eddka -<\/title>\n<meta name=\"robots\" content=\"index, follow, max-snippet:-1, max-image-preview:large, max-video-preview:-1\" \/>\n<link rel=\"canonical\" href=\"https:\/\/www.domstavpro.com\/index.php\/produkt\/vega-gk2000is-invertorova-elektrocentrala-vyhodna-nabidka-7538\/\" \/>\n<meta property=\"og:locale\" content=\"cs_CZ\" \/>\n<meta property=\"og:type\" content=\"article\" \/>\n<meta property=\"og:title\" content=\"VeGA GK2000iS INVERTOROV\u00c1 ELEKTROCENTR\u00c1LA V\u00fdhodn\u00e1 Nab\u00eddka -\" \/>\n<meta property=\"og:description\" content=\"Modern\u00ed a vybaven\u00e1 v\u00fdkonn\u00e1 elektrocentr\u00e1la zna\u010dky VeGA s invertorovou technologi\u00ed kompaktn\u00ed velikost, kvalitn\u00ed zpracov\u00e1n\u00ed, tich\u00fd chod, jednoduch\u00e1 \u00fadr\u017eba. Invertorov\u00e1 elektrocentr\u00e1la VeGA GK2000iS je kompaktn\u00ed, lehk\u00e1, mobiln\u00ed, snadno se p\u0159en\u00e1\u0161\u00ed d\u00edky integrovan\u00e9 rukojeti a lehce se skladuje.Tato v\u00fdkonn\u00e1 lehk\u00e1 invertorov\u00e1 elektrocentr\u00e1la VeGA GK2000iS m\u00e1 tich\u00fd chod s n\u00edzkou hlu\u010dnost\u00ed 66 dB ve vzd\u00e1lenosti 7m a velmi [&hellip;]\" \/>\n<meta property=\"og:url\" content=\"https:\/\/www.domstavpro.com\/index.php\/produkt\/vega-gk2000is-invertorova-elektrocentrala-vyhodna-nabidka-7538\/\" \/>\n<meta property=\"og:image\" content=\"https:\/\/www.domstavpro.com\/wp-content\/uploads\/2026\/SK0029551-CZ20260425-092328-0-1777080210-vega_gk2000is.webp\" \/>\n\t<meta property=\"og:image:width\" content=\"769\" \/>\n\t<meta property=\"og:image:height\" content=\"800\" \/>\n\t<meta property=\"og:image:type\" content=\"image\/webp\" \/>\n<meta name=\"twitter:card\" content=\"summary_large_image\" \/>\n<meta name=\"twitter:label1\" content=\"Odhadovan\u00e1 doba \u010dten\u00ed\" \/>\n\t<meta name=\"twitter:data1\" content=\"3 minuty\" \/>\n<script type=\"application\/ld+json\" class=\"yoast-schema-graph\">{\"@context\":\"https:\/\/schema.org\",\"@graph\":[{\"@type\":\"WebPage\",\"@id\":\"https:\/\/www.domstavpro.com\/index.php\/produkt\/vega-gk2000is-invertorova-elektrocentrala-vyhodna-nabidka-7538\/\",\"url\":\"https:\/\/www.domstavpro.com\/index.php\/produkt\/vega-gk2000is-invertorova-elektrocentrala-vyhodna-nabidka-7538\/\",\"name\":\"VeGA GK2000iS INVERTOROV\u00c1 ELEKTROCENTR\u00c1LA V\u00fdhodn\u00e1 Nab\u00eddka -\",\"isPartOf\":{\"@id\":\"https:\/\/www.domstavpro.com\/#website\"},\"primaryImageOfPage\":{\"@id\":\"https:\/\/www.domstavpro.com\/index.php\/produkt\/vega-gk2000is-invertorova-elektrocentrala-vyhodna-nabidka-7538\/#primaryimage\"},\"image\":{\"@id\":\"https:\/\/www.domstavpro.com\/index.php\/produkt\/vega-gk2000is-invertorova-elektrocentrala-vyhodna-nabidka-7538\/#primaryimage\"},\"thumbnailUrl\":\"https:\/\/www.domstavpro.com\/wp-content\/uploads\/2026\/SK0029551-CZ20260425-092328-0-1777080210-vega_gk2000is.webp\",\"datePublished\":\"2026-04-27T15:08:11+00:00\",\"breadcrumb\":{\"@id\":\"https:\/\/www.domstavpro.com\/index.php\/produkt\/vega-gk2000is-invertorova-elektrocentrala-vyhodna-nabidka-7538\/#breadcrumb\"},\"inLanguage\":\"cs\",\"potentialAction\":[{\"@type\":\"ReadAction\",\"target\":[\"https:\/\/www.domstavpro.com\/index.php\/produkt\/vega-gk2000is-invertorova-elektrocentrala-vyhodna-nabidka-7538\/\"]}]},{\"@type\":\"ImageObject\",\"inLanguage\":\"cs\",\"@id\":\"https:\/\/www.domstavpro.com\/index.php\/produkt\/vega-gk2000is-invertorova-elektrocentrala-vyhodna-nabidka-7538\/#primaryimage\",\"url\":\"https:\/\/www.domstavpro.com\/wp-content\/uploads\/2026\/SK0029551-CZ20260425-092328-0-1777080210-vega_gk2000is.webp\",\"contentUrl\":\"https:\/\/www.domstavpro.com\/wp-content\/uploads\/2026\/SK0029551-CZ20260425-092328-0-1777080210-vega_gk2000is.webp\",\"width\":769,\"height\":800},{\"@type\":\"BreadcrumbList\",\"@id\":\"https:\/\/www.domstavpro.com\/index.php\/produkt\/vega-gk2000is-invertorova-elektrocentrala-vyhodna-nabidka-7538\/#breadcrumb\",\"itemListElement\":[{\"@type\":\"ListItem\",\"position\":1,\"name\":\"Home\",\"item\":\"https:\/\/www.domstavpro.com\/\"},{\"@type\":\"ListItem\",\"position\":2,\"name\":\"Products\",\"item\":\"https:\/\/www.domstavpro.com\/index.php\/products\/\"},{\"@type\":\"ListItem\",\"position\":3,\"name\":\"VeGA GK2000iS INVERTOROV\u00c1 ELEKTROCENTR\u00c1LA V\u00fdhodn\u00e1 Nab\u00eddka\"}]},{\"@type\":\"WebSite\",\"@id\":\"https:\/\/www.domstavpro.com\/#website\",\"url\":\"https:\/\/www.domstavpro.com\/\",\"name\":\"\",\"description\":\"\",\"potentialAction\":[{\"@type\":\"SearchAction\",\"target\":{\"@type\":\"EntryPoint\",\"urlTemplate\":\"https:\/\/www.domstavpro.com\/?s={search_term_string}\"},\"query-input\":{\"@type\":\"PropertyValueSpecification\",\"valueRequired\":true,\"valueName\":\"search_term_string\"}}],\"inLanguage\":\"cs\"}]}<\/script>\n<!-- \/ Yoast SEO plugin. -->","yoast_head_json":{"title":"VeGA GK2000iS INVERTOROV\u00c1 ELEKTROCENTR\u00c1LA V\u00fdhodn\u00e1 Nab\u00eddka -","robots":{"index":"index","follow":"follow","max-snippet":"max-snippet:-1","max-image-preview":"max-image-preview:large","max-video-preview":"max-video-preview:-1"},"canonical":"https:\/\/www.domstavpro.com\/index.php\/produkt\/vega-gk2000is-invertorova-elektrocentrala-vyhodna-nabidka-7538\/","og_locale":"cs_CZ","og_type":"article","og_title":"VeGA GK2000iS INVERTOROV\u00c1 ELEKTROCENTR\u00c1LA V\u00fdhodn\u00e1 Nab\u00eddka -","og_description":"Modern\u00ed a vybaven\u00e1 v\u00fdkonn\u00e1 elektrocentr\u00e1la zna\u010dky VeGA s invertorovou technologi\u00ed kompaktn\u00ed velikost, kvalitn\u00ed zpracov\u00e1n\u00ed, tich\u00fd chod, jednoduch\u00e1 \u00fadr\u017eba. Invertorov\u00e1 elektrocentr\u00e1la VeGA GK2000iS je kompaktn\u00ed, lehk\u00e1, mobiln\u00ed, snadno se p\u0159en\u00e1\u0161\u00ed d\u00edky integrovan\u00e9 rukojeti a lehce se skladuje.Tato v\u00fdkonn\u00e1 lehk\u00e1 invertorov\u00e1 elektrocentr\u00e1la VeGA GK2000iS m\u00e1 tich\u00fd chod s n\u00edzkou hlu\u010dnost\u00ed 66 dB ve vzd\u00e1lenosti 7m a velmi [&hellip;]","og_url":"https:\/\/www.domstavpro.com\/index.php\/produkt\/vega-gk2000is-invertorova-elektrocentrala-vyhodna-nabidka-7538\/","og_image":[{"width":769,"height":800,"url":"https:\/\/www.domstavpro.com\/wp-content\/uploads\/2026\/SK0029551-CZ20260425-092328-0-1777080210-vega_gk2000is.webp","type":"image\/webp"}],"twitter_card":"summary_large_image","twitter_misc":{"Odhadovan\u00e1 doba \u010dten\u00ed":"3 minuty"},"schema":{"@context":"https:\/\/schema.org","@graph":[{"@type":"WebPage","@id":"https:\/\/www.domstavpro.com\/index.php\/produkt\/vega-gk2000is-invertorova-elektrocentrala-vyhodna-nabidka-7538\/","url":"https:\/\/www.domstavpro.com\/index.php\/produkt\/vega-gk2000is-invertorova-elektrocentrala-vyhodna-nabidka-7538\/","name":"VeGA GK2000iS INVERTOROV\u00c1 ELEKTROCENTR\u00c1LA V\u00fdhodn\u00e1 Nab\u00eddka -","isPartOf":{"@id":"https:\/\/www.domstavpro.com\/#website"},"primaryImageOfPage":{"@id":"https:\/\/www.domstavpro.com\/index.php\/produkt\/vega-gk2000is-invertorova-elektrocentrala-vyhodna-nabidka-7538\/#primaryimage"},"image":{"@id":"https:\/\/www.domstavpro.com\/index.php\/produkt\/vega-gk2000is-invertorova-elektrocentrala-vyhodna-nabidka-7538\/#primaryimage"},"thumbnailUrl":"https:\/\/www.domstavpro.com\/wp-content\/uploads\/2026\/SK0029551-CZ20260425-092328-0-1777080210-vega_gk2000is.webp","datePublished":"2026-04-27T15:08:11+00:00","breadcrumb":{"@id":"https:\/\/www.domstavpro.com\/index.php\/produkt\/vega-gk2000is-invertorova-elektrocentrala-vyhodna-nabidka-7538\/#breadcrumb"},"inLanguage":"cs","potentialAction":[{"@type":"ReadAction","target":["https:\/\/www.domstavpro.com\/index.php\/produkt\/vega-gk2000is-invertorova-elektrocentrala-vyhodna-nabidka-7538\/"]}]},{"@type":"ImageObject","inLanguage":"cs","@id":"https:\/\/www.domstavpro.com\/index.php\/produkt\/vega-gk2000is-invertorova-elektrocentrala-vyhodna-nabidka-7538\/#primaryimage","url":"https:\/\/www.domstavpro.com\/wp-content\/uploads\/2026\/SK0029551-CZ20260425-092328-0-1777080210-vega_gk2000is.webp","contentUrl":"https:\/\/www.domstavpro.com\/wp-content\/uploads\/2026\/SK0029551-CZ20260425-092328-0-1777080210-vega_gk2000is.webp","width":769,"height":800},{"@type":"BreadcrumbList","@id":"https:\/\/www.domstavpro.com\/index.php\/produkt\/vega-gk2000is-invertorova-elektrocentrala-vyhodna-nabidka-7538\/#breadcrumb","itemListElement":[{"@type":"ListItem","position":1,"name":"Home","item":"https:\/\/www.domstavpro.com\/"},{"@type":"ListItem","position":2,"name":"Products","item":"https:\/\/www.domstavpro.com\/index.php\/products\/"},{"@type":"ListItem","position":3,"name":"VeGA GK2000iS INVERTOROV\u00c1 ELEKTROCENTR\u00c1LA V\u00fdhodn\u00e1 Nab\u00eddka"}]},{"@type":"WebSite","@id":"https:\/\/www.domstavpro.com\/#website","url":"https:\/\/www.domstavpro.com\/","name":"","description":"","potentialAction":[{"@type":"SearchAction","target":{"@type":"EntryPoint","urlTemplate":"https:\/\/www.domstavpro.com\/?s={search_term_string}"},"query-input":{"@type":"PropertyValueSpecification","valueRequired":true,"valueName":"search_term_string"}}],"inLanguage":"cs"}]}},"_links":{"self":[{"href":"https:\/\/www.domstavpro.com\/index.php\/wp-json\/wp\/v2\/product\/7538","targetHints":{"allow":["GET"]}}],"collection":[{"href":"https:\/\/www.domstavpro.com\/index.php\/wp-json\/wp\/v2\/product"}],"about":[{"href":"https:\/\/www.domstavpro.com\/index.php\/wp-json\/wp\/v2\/types\/product"}],"replies":[{"embeddable":true,"href":"https:\/\/www.domstavpro.com\/index.php\/wp-json\/wp\/v2\/comments?post=7538"}],"wp:featuredmedia":[{"embeddable":true,"href":"https:\/\/www.domstavpro.com\/index.php\/wp-json\/wp\/v2\/media\/7638"}],"wp:attachment":[{"href":"https:\/\/www.domstavpro.com\/index.php\/wp-json\/wp\/v2\/media?parent=7538"}],"wp:term":[{"taxonomy":"product_brand","embeddable":true,"href":"https:\/\/www.domstavpro.com\/index.php\/wp-json\/wp\/v2\/product_brand?post=7538"},{"taxonomy":"product_cat","embeddable":true,"href":"https:\/\/www.domstavpro.com\/index.php\/wp-json\/wp\/v2\/product_cat?post=7538"},{"taxonomy":"product_tag","embeddable":true,"href":"https:\/\/www.domstavpro.com\/index.php\/wp-json\/wp\/v2\/product_tag?post=7538"}],"curies":[{"name":"wp","href":"https:\/\/api.w.org\/{rel}","templated":true}]}}