{"id":7514,"date":"2026-04-27T15:08:11","date_gmt":"2026-04-27T15:08:11","guid":{"rendered":""},"modified":"2026-04-27T15:08:11","modified_gmt":"2026-04-27T15:08:11","slug":"akce-vega-gt-7214-tlakova-mycka-7514","status":"publish","type":"product","link":"https:\/\/www.domstavpro.com\/index.php\/produkt\/akce-vega-gt-7214-tlakova-mycka-7514\/","title":{"rendered":"Akce VeGA GT 7214 Tlakov\u00e1 my\u010dka"},"content":{"rendered":"<table>\n<div class=\"tab-pane active product-description\" id=\"popis\" role=\"tabpanel\">\n<div class=\"short-description\" itemprop=\"description\"><\/div>\n<div class=\"description\"><span class='bullet-line'>Tlakov\u00e9 my\u010dky VeGA GT jsou vysoce kvalitn\u00ed a spolehliv\u00e9 \u010disti\u010de ur\u010den\u00e9 pro dom\u00e1c\u00ed pou\u017eit\u00ed. <br \/><\/span><span class='bullet-line'>Vysokotlak\u00e9 \u010disti\u010de maj\u00ed v\u00fdrazn\u011b vy\u0161\u0161\u00ed \u010distic\u00ed s\u00edlu ne\u017e kter\u00e9 dos\u00e1hnete p\u0159i pou\u017eit\u00ed b\u011b\u017en\u00e9 zahradn\u00ed hadice. <br \/><\/span><span class='bullet-line'>Vysokotlak\u00e1 \u010derpadla dosahuj\u00ed maxim\u00e1ln\u00edho tlaku vody a\u017e 150 bar (dle modelu). <br \/><\/span><span class='bullet-line'>Vysokotlak\u00e9 \u010disti\u010de VeGA jsou ur\u010deny pro myt\u00ed hrub\u00fdch a t\u011b\u017eko odstraniteln\u00fdch ne\u010distot, k \u010di\u0161t\u011bn\u00ed povrch\u016f a ploch ze d\u0159eva, plastu, kovu \u010di kamene. <br \/><\/span><span class='bullet-line'>Hlavn\u00ed uplatn\u011bn\u00ed tedy tyto tlakov\u00e9 my\u010dky naleznou p\u0159i myt\u00ed automobil\u016f, \u00fadr\u017eb\u011b j\u00edzdn\u00edch kol, \u010di\u0161t\u011bn\u00ed zahradn\u00edho n\u00e1\u0159ad\u00ed, \u010di\u0161t\u011bn\u00ed chodn\u00edk\u016f a teras, ale i p\u0159i jin\u00fdch aktivit\u00e1ch a prac\u00edch. <br \/><\/span><span class='bullet-line'>P\u0159i pou\u017eit\u00ed tlakov\u00e9 hadice se vysokotlakou tryskou dosahuj\u00ed tlakov\u00e9 my\u010dky VeGA vysok\u00e9ho \u010dist\u00edc\u00edho \u00fa\u010dinku, s pou\u017eit\u00edm \u010dist\u00edc\u00edch prost\u0159edk\u016f se \u010dist\u00edc\u00ed \u00fa\u010dinek je\u0161t\u011b zvy\u0161uje. <br \/><\/span><span class='bullet-line'>Tlakov\u00e9 my\u010dky VeGA jsou tedy ide\u00e1ln\u00edm pomocn\u00edkem p\u0159i ka\u017edodenn\u00ed \u00fadr\u017eb\u011b a dal\u0161\u00edch \u010dinnostech p\u0159edev\u0161\u00edm okolo rodinn\u00fdch dom\u016f, chat \u010di chalup.<\/span><\/div>\n<div class=\"parameters\">\n<tr>\n<td>P\u0159\u00edkon:<\/td>\n<td>1400W<\/td>\n<\/tr>\n<tr>\n<td>Max. tlak:<\/td>\n<td>100 bar<\/td>\n<\/tr>\n<tr>\n<td>Provozn\u00ed tlak:<\/td>\n<td>70 bar<\/td>\n<\/tr>\n<tr>\n<td>V\u00fdkon:<\/td>\n<td>330 l\/hod<\/td>\n<\/tr>\n<tr>\n<td>\u010cerpadlo z hlin\u00edkov\u00e9 slitiny:<\/td>\n<td>ANO<\/td>\n<\/tr>\n<tr>\n<td>N\u00e1dr\u017eka na \u010dist\u00edc\u00ed prost\u0159edky:<\/td>\n<td>NE<\/td>\n<\/tr>\n<tr>\n<td>Tlakov\u00e1 vodn\u00ed hadice:<\/td>\n<td>ANO 5m<\/td>\n<\/tr>\n<tr>\n<td>Tlakov\u00e1 pistole s tryskov\u00fdm n\u00e1stavcem:<\/td>\n<td>ANO<\/td>\n<\/tr>\n<tr>\n<td>Hmotnost:<\/td>\n<td>8 Kg<\/td>\n<\/tr><\/div>\n<\/table>\n","protected":false},"excerpt":{"rendered":"<p>Tlakov\u00e9 my\u010dky VeGA GT jsou vysoce kvalitn\u00ed a spolehliv\u00e9 \u010disti\u010de ur\u010den\u00e9 pro dom\u00e1c\u00ed pou\u017eit\u00ed. Vysokotlak\u00e9 \u010disti\u010de maj\u00ed v\u00fdrazn\u011b vy\u0161\u0161\u00ed \u010distic\u00ed s\u00edlu ne\u017e kter\u00e9 dos\u00e1hnete p\u0159i pou\u017eit\u00ed b\u011b\u017en\u00e9 zahradn\u00ed hadice. Vysokotlak\u00e1 \u010derpadla dosahuj\u00ed maxim\u00e1ln\u00edho tlaku vody a\u017e 150 bar (dle modelu). Vysokotlak\u00e9 \u010disti\u010de VeGA jsou ur\u010deny pro myt\u00ed hrub\u00fdch a t\u011b\u017eko odstraniteln\u00fdch ne\u010distot, k \u010di\u0161t\u011bn\u00ed povrch\u016f [&hellip;]<\/p>\n","protected":false},"featured_media":7614,"comment_status":"open","ping_status":"open","template":"","meta":[],"product_brand":[],"product_cat":[44],"product_tag":[],"class_list":{"0":"post-7514","1":"product","2":"type-product","3":"status-publish","4":"has-post-thumbnail","6":"product_cat-cistici-technika","8":"first","9":"instock","10":"sale","11":"shipping-taxable","12":"purchasable","13":"product-type-simple"},"yoast_head":"<!-- This site is optimized with the Yoast SEO plugin v26.8 - https:\/\/yoast.com\/product\/yoast-seo-wordpress\/ -->\n<title>Akce VeGA GT 7214 Tlakov\u00e1 my\u010dka -<\/title>\n<meta name=\"robots\" content=\"index, follow, max-snippet:-1, max-image-preview:large, max-video-preview:-1\" \/>\n<link rel=\"canonical\" href=\"https:\/\/www.domstavpro.com\/index.php\/produkt\/akce-vega-gt-7214-tlakova-mycka-7514\/\" \/>\n<meta property=\"og:locale\" content=\"cs_CZ\" \/>\n<meta property=\"og:type\" content=\"article\" \/>\n<meta property=\"og:title\" content=\"Akce VeGA GT 7214 Tlakov\u00e1 my\u010dka -\" \/>\n<meta property=\"og:description\" content=\"Tlakov\u00e9 my\u010dky VeGA GT jsou vysoce kvalitn\u00ed a spolehliv\u00e9 \u010disti\u010de ur\u010den\u00e9 pro dom\u00e1c\u00ed pou\u017eit\u00ed. Vysokotlak\u00e9 \u010disti\u010de maj\u00ed v\u00fdrazn\u011b vy\u0161\u0161\u00ed \u010distic\u00ed s\u00edlu ne\u017e kter\u00e9 dos\u00e1hnete p\u0159i pou\u017eit\u00ed b\u011b\u017en\u00e9 zahradn\u00ed hadice. Vysokotlak\u00e1 \u010derpadla dosahuj\u00ed maxim\u00e1ln\u00edho tlaku vody a\u017e 150 bar (dle modelu). Vysokotlak\u00e9 \u010disti\u010de VeGA jsou ur\u010deny pro myt\u00ed hrub\u00fdch a t\u011b\u017eko odstraniteln\u00fdch ne\u010distot, k \u010di\u0161t\u011bn\u00ed povrch\u016f [&hellip;]\" \/>\n<meta property=\"og:url\" content=\"https:\/\/www.domstavpro.com\/index.php\/produkt\/akce-vega-gt-7214-tlakova-mycka-7514\/\" \/>\n<meta property=\"og:image\" content=\"https:\/\/www.domstavpro.com\/wp-content\/uploads\/2026\/SK0029521-CZ20260425-092328-0-1777080210-vega_gt_7214.webp\" \/>\n\t<meta property=\"og:image:width\" content=\"652\" \/>\n\t<meta property=\"og:image:height\" content=\"800\" \/>\n\t<meta property=\"og:image:type\" content=\"image\/webp\" \/>\n<meta name=\"twitter:card\" content=\"summary_large_image\" \/>\n<meta name=\"twitter:label1\" content=\"Odhadovan\u00e1 doba \u010dten\u00ed\" \/>\n\t<meta name=\"twitter:data1\" content=\"1 minuta\" \/>\n<script type=\"application\/ld+json\" class=\"yoast-schema-graph\">{\"@context\":\"https:\/\/schema.org\",\"@graph\":[{\"@type\":\"WebPage\",\"@id\":\"https:\/\/www.domstavpro.com\/index.php\/produkt\/akce-vega-gt-7214-tlakova-mycka-7514\/\",\"url\":\"https:\/\/www.domstavpro.com\/index.php\/produkt\/akce-vega-gt-7214-tlakova-mycka-7514\/\",\"name\":\"Akce VeGA GT 7214 Tlakov\u00e1 my\u010dka -\",\"isPartOf\":{\"@id\":\"https:\/\/www.domstavpro.com\/#website\"},\"primaryImageOfPage\":{\"@id\":\"https:\/\/www.domstavpro.com\/index.php\/produkt\/akce-vega-gt-7214-tlakova-mycka-7514\/#primaryimage\"},\"image\":{\"@id\":\"https:\/\/www.domstavpro.com\/index.php\/produkt\/akce-vega-gt-7214-tlakova-mycka-7514\/#primaryimage\"},\"thumbnailUrl\":\"https:\/\/www.domstavpro.com\/wp-content\/uploads\/2026\/SK0029521-CZ20260425-092328-0-1777080210-vega_gt_7214.webp\",\"datePublished\":\"2026-04-27T15:08:11+00:00\",\"breadcrumb\":{\"@id\":\"https:\/\/www.domstavpro.com\/index.php\/produkt\/akce-vega-gt-7214-tlakova-mycka-7514\/#breadcrumb\"},\"inLanguage\":\"cs\",\"potentialAction\":[{\"@type\":\"ReadAction\",\"target\":[\"https:\/\/www.domstavpro.com\/index.php\/produkt\/akce-vega-gt-7214-tlakova-mycka-7514\/\"]}]},{\"@type\":\"ImageObject\",\"inLanguage\":\"cs\",\"@id\":\"https:\/\/www.domstavpro.com\/index.php\/produkt\/akce-vega-gt-7214-tlakova-mycka-7514\/#primaryimage\",\"url\":\"https:\/\/www.domstavpro.com\/wp-content\/uploads\/2026\/SK0029521-CZ20260425-092328-0-1777080210-vega_gt_7214.webp\",\"contentUrl\":\"https:\/\/www.domstavpro.com\/wp-content\/uploads\/2026\/SK0029521-CZ20260425-092328-0-1777080210-vega_gt_7214.webp\",\"width\":652,\"height\":800},{\"@type\":\"BreadcrumbList\",\"@id\":\"https:\/\/www.domstavpro.com\/index.php\/produkt\/akce-vega-gt-7214-tlakova-mycka-7514\/#breadcrumb\",\"itemListElement\":[{\"@type\":\"ListItem\",\"position\":1,\"name\":\"Home\",\"item\":\"https:\/\/www.domstavpro.com\/\"},{\"@type\":\"ListItem\",\"position\":2,\"name\":\"Products\",\"item\":\"https:\/\/www.domstavpro.com\/index.php\/products\/\"},{\"@type\":\"ListItem\",\"position\":3,\"name\":\"Akce VeGA GT 7214 Tlakov\u00e1 my\u010dka\"}]},{\"@type\":\"WebSite\",\"@id\":\"https:\/\/www.domstavpro.com\/#website\",\"url\":\"https:\/\/www.domstavpro.com\/\",\"name\":\"\",\"description\":\"\",\"potentialAction\":[{\"@type\":\"SearchAction\",\"target\":{\"@type\":\"EntryPoint\",\"urlTemplate\":\"https:\/\/www.domstavpro.com\/?s={search_term_string}\"},\"query-input\":{\"@type\":\"PropertyValueSpecification\",\"valueRequired\":true,\"valueName\":\"search_term_string\"}}],\"inLanguage\":\"cs\"}]}<\/script>\n<!-- \/ Yoast SEO plugin. -->","yoast_head_json":{"title":"Akce VeGA GT 7214 Tlakov\u00e1 my\u010dka -","robots":{"index":"index","follow":"follow","max-snippet":"max-snippet:-1","max-image-preview":"max-image-preview:large","max-video-preview":"max-video-preview:-1"},"canonical":"https:\/\/www.domstavpro.com\/index.php\/produkt\/akce-vega-gt-7214-tlakova-mycka-7514\/","og_locale":"cs_CZ","og_type":"article","og_title":"Akce VeGA GT 7214 Tlakov\u00e1 my\u010dka -","og_description":"Tlakov\u00e9 my\u010dky VeGA GT jsou vysoce kvalitn\u00ed a spolehliv\u00e9 \u010disti\u010de ur\u010den\u00e9 pro dom\u00e1c\u00ed pou\u017eit\u00ed. Vysokotlak\u00e9 \u010disti\u010de maj\u00ed v\u00fdrazn\u011b vy\u0161\u0161\u00ed \u010distic\u00ed s\u00edlu ne\u017e kter\u00e9 dos\u00e1hnete p\u0159i pou\u017eit\u00ed b\u011b\u017en\u00e9 zahradn\u00ed hadice. Vysokotlak\u00e1 \u010derpadla dosahuj\u00ed maxim\u00e1ln\u00edho tlaku vody a\u017e 150 bar (dle modelu). Vysokotlak\u00e9 \u010disti\u010de VeGA jsou ur\u010deny pro myt\u00ed hrub\u00fdch a t\u011b\u017eko odstraniteln\u00fdch ne\u010distot, k \u010di\u0161t\u011bn\u00ed povrch\u016f [&hellip;]","og_url":"https:\/\/www.domstavpro.com\/index.php\/produkt\/akce-vega-gt-7214-tlakova-mycka-7514\/","og_image":[{"width":652,"height":800,"url":"https:\/\/www.domstavpro.com\/wp-content\/uploads\/2026\/SK0029521-CZ20260425-092328-0-1777080210-vega_gt_7214.webp","type":"image\/webp"}],"twitter_card":"summary_large_image","twitter_misc":{"Odhadovan\u00e1 doba \u010dten\u00ed":"1 minuta"},"schema":{"@context":"https:\/\/schema.org","@graph":[{"@type":"WebPage","@id":"https:\/\/www.domstavpro.com\/index.php\/produkt\/akce-vega-gt-7214-tlakova-mycka-7514\/","url":"https:\/\/www.domstavpro.com\/index.php\/produkt\/akce-vega-gt-7214-tlakova-mycka-7514\/","name":"Akce VeGA GT 7214 Tlakov\u00e1 my\u010dka -","isPartOf":{"@id":"https:\/\/www.domstavpro.com\/#website"},"primaryImageOfPage":{"@id":"https:\/\/www.domstavpro.com\/index.php\/produkt\/akce-vega-gt-7214-tlakova-mycka-7514\/#primaryimage"},"image":{"@id":"https:\/\/www.domstavpro.com\/index.php\/produkt\/akce-vega-gt-7214-tlakova-mycka-7514\/#primaryimage"},"thumbnailUrl":"https:\/\/www.domstavpro.com\/wp-content\/uploads\/2026\/SK0029521-CZ20260425-092328-0-1777080210-vega_gt_7214.webp","datePublished":"2026-04-27T15:08:11+00:00","breadcrumb":{"@id":"https:\/\/www.domstavpro.com\/index.php\/produkt\/akce-vega-gt-7214-tlakova-mycka-7514\/#breadcrumb"},"inLanguage":"cs","potentialAction":[{"@type":"ReadAction","target":["https:\/\/www.domstavpro.com\/index.php\/produkt\/akce-vega-gt-7214-tlakova-mycka-7514\/"]}]},{"@type":"ImageObject","inLanguage":"cs","@id":"https:\/\/www.domstavpro.com\/index.php\/produkt\/akce-vega-gt-7214-tlakova-mycka-7514\/#primaryimage","url":"https:\/\/www.domstavpro.com\/wp-content\/uploads\/2026\/SK0029521-CZ20260425-092328-0-1777080210-vega_gt_7214.webp","contentUrl":"https:\/\/www.domstavpro.com\/wp-content\/uploads\/2026\/SK0029521-CZ20260425-092328-0-1777080210-vega_gt_7214.webp","width":652,"height":800},{"@type":"BreadcrumbList","@id":"https:\/\/www.domstavpro.com\/index.php\/produkt\/akce-vega-gt-7214-tlakova-mycka-7514\/#breadcrumb","itemListElement":[{"@type":"ListItem","position":1,"name":"Home","item":"https:\/\/www.domstavpro.com\/"},{"@type":"ListItem","position":2,"name":"Products","item":"https:\/\/www.domstavpro.com\/index.php\/products\/"},{"@type":"ListItem","position":3,"name":"Akce VeGA GT 7214 Tlakov\u00e1 my\u010dka"}]},{"@type":"WebSite","@id":"https:\/\/www.domstavpro.com\/#website","url":"https:\/\/www.domstavpro.com\/","name":"","description":"","potentialAction":[{"@type":"SearchAction","target":{"@type":"EntryPoint","urlTemplate":"https:\/\/www.domstavpro.com\/?s={search_term_string}"},"query-input":{"@type":"PropertyValueSpecification","valueRequired":true,"valueName":"search_term_string"}}],"inLanguage":"cs"}]}},"_links":{"self":[{"href":"https:\/\/www.domstavpro.com\/index.php\/wp-json\/wp\/v2\/product\/7514","targetHints":{"allow":["GET"]}}],"collection":[{"href":"https:\/\/www.domstavpro.com\/index.php\/wp-json\/wp\/v2\/product"}],"about":[{"href":"https:\/\/www.domstavpro.com\/index.php\/wp-json\/wp\/v2\/types\/product"}],"replies":[{"embeddable":true,"href":"https:\/\/www.domstavpro.com\/index.php\/wp-json\/wp\/v2\/comments?post=7514"}],"wp:featuredmedia":[{"embeddable":true,"href":"https:\/\/www.domstavpro.com\/index.php\/wp-json\/wp\/v2\/media\/7614"}],"wp:attachment":[{"href":"https:\/\/www.domstavpro.com\/index.php\/wp-json\/wp\/v2\/media?parent=7514"}],"wp:term":[{"taxonomy":"product_brand","embeddable":true,"href":"https:\/\/www.domstavpro.com\/index.php\/wp-json\/wp\/v2\/product_brand?post=7514"},{"taxonomy":"product_cat","embeddable":true,"href":"https:\/\/www.domstavpro.com\/index.php\/wp-json\/wp\/v2\/product_cat?post=7514"},{"taxonomy":"product_tag","embeddable":true,"href":"https:\/\/www.domstavpro.com\/index.php\/wp-json\/wp\/v2\/product_tag?post=7514"}],"curies":[{"name":"wp","href":"https:\/\/api.w.org\/{rel}","templated":true}]}}