{"id":7388,"date":"2026-04-27T15:08:10","date_gmt":"2026-04-27T15:08:10","guid":{"rendered":""},"modified":"2026-04-27T15:08:10","modified_gmt":"2026-04-27T15:08:10","slug":"weibang-wb-6500-sw-elektrocentrala-s-ramem-a-koly-hit-sezony-7388","status":"publish","type":"product","link":"https:\/\/www.domstavpro.com\/index.php\/produkt\/weibang-wb-6500-sw-elektrocentrala-s-ramem-a-koly-hit-sezony-7388\/","title":{"rendered":"WEIBANG WB 6500-SW ELEKTROCENTR\u00c1LA s r\u00e1mem a koly Hit Sez\u00f3ny"},"content":{"rendered":"<table>\n<div class=\"tab-pane active product-description\" id=\"popis\" role=\"tabpanel\">\n<div class=\"short-description\" itemprop=\"description\"><\/div>\n<div class=\"description\"><span class='bullet-line'>Vybaven\u00e1 a v\u00fdkonn\u00e1 elektrocentr\u00e1la s ochrann\u00fdm r\u00e1mem zna\u010dky WEIBANG &#8211; nov\u00fd vzhled, kvalitn\u00ed zpracov\u00e1n\u00ed, pohodln\u00e1 a jednoduch\u00e1 \u00fadr\u017eba. Tich\u00fd chod a kvalitn\u00ed zpracov\u00e1n\u00ed to jsou elektrocentr\u00e1ly WEIBANG.<br \/><\/span><span class='bullet-line'>Tato v\u00fdkonn\u00e1 elektrocentr\u00e1la WEIBANG WB 6500-SW s ochrann\u00fdm r\u00e1mem m\u00e1 tich\u00fd chod s n\u00edzkou hladinou hlu\u010dnosti 75dB ve vzd\u00e1lenosti 7m. Tato elektrocentr\u00e1la je vybavena transportn\u00edmi koly, kter\u00e9 usnad\u0148uj\u00ed manipulaci. Elektrocentr\u00e1ly WEIBANG se mohou py\u0161nit p\u0159\u00edznivou spot\u0159ebou paliva. Tento druh sortimentu doporu\u010dujeme vlastnit z d\u016fvodu, kdy\u017e nastane v\u00fdpadek elektrick\u00e9ho proudu. V tomto p\u0159\u00edpad\u011b elektrocentr\u00e1la zafunguje jako n\u00e1hradn\u00ed zdroj energie. B\u011bhem p\u00e1r okam\u017eik\u016f jste schopni dostat svou dom\u00e1cnost, pracovi\u0161t\u011b, obytn\u00fd v\u016fz, karavan, kemp, t\u00e1bor, oslavu, apod. zp\u011bt do provozu.<br \/><\/span><span class='bullet-line'>Jednof\u00e1zov\u00e9 elektrocentr\u00e1ly st\u0159\u00eddav\u00e9ho nap\u011bt\u00ed najdou sv\u00e9 \u0161irok\u00e9 uplatn\u011bn\u00ed p\u0159i nap\u00e1jen\u00ed men\u0161\u00edch elektrick\u00fdch stroj\u016f, ru\u010dn\u00edho n\u00e1\u0159ad\u00ed, elektroniky, na staveni\u0161ti, v d\u00edln\u011b i v dom\u00e1cnosti, u z\u00e1chrann\u00fdch slo\u017eek nebo jako z\u00e1lo\u017en\u00ed zdroje p\u0159i p\u0159eru\u0161en\u00ed dod\u00e1vek elektrick\u00e9ho proudu v dom\u00e1cnosti nebo na pracovi\u0161ti. <br \/><\/span><span class='bullet-line'>Tento model elektrocentr\u00e1ly je vybaven ochrann\u00fdm r\u00e1mem, ve kter\u00e9m je motor um\u00edst\u011bn a ulo\u017een v pru\u017en\u00fdch silentbloc\u00edch. D\u00edky tomuto ulo\u017een\u00ed m\u00e1 elektrocentr\u00e1la minim\u00e1ln\u00ed vibrace. Elektrocentr\u00e1ly WEIBANG se vyzna\u010duj\u00ed n\u00edzkou hladinou vibrac\u00ed, hlu\u010dnost\u00ed a spot\u0159ebou. Jsou vybaveny automatick\u00fdm bezpe\u010dnostn\u00edm syst\u00e9mem pro vypnut\u00ed p\u0159i poklesu hladiny oleje pro ochranu motoru p\u0159ed po\u0161kozen\u00edm.<br \/><\/span><span class='bullet-line'>Pro zaji\u0161t\u011bn\u00ed vysoce kvalitn\u00edho nap\u00e1jec\u00edho proudu je nezbytn\u00e1 kvalitn\u00ed regulace nap\u011bt\u00ed a v\u00fdkonu. Dle typu regulace jednof\u00e1zov\u00e9 elektrocentr\u00e1ly WEIBANG mohou nap\u00e1jet t\u00e9m\u011b\u0159 cel\u00e9 spektrum spot\u0159ebi\u010d\u016f od prost\u00e9ho osv\u011btlen\u00ed p\u0159es elektromotory a ru\u010dn\u00ed n\u00e1\u0159ad\u00ed a\u017e po citlivou elektroniku a po\u010d\u00edta\u010de, nebo l\u00e9ka\u0159sk\u00e9 p\u0159\u00edstroje a vybaven\u00ed. <br \/><\/span><span class='bullet-line'>Elektrocentr\u00e1ly WEIBANG se sv\u00fdmi rozm\u011bry se hod\u00ed do poj\u00edzdn\u00fdch autod\u00edlen, oprav\u00e1rensk\u00fdch voz\u016f pro pr\u00e1ci v ter\u00e9nu, nebo na staveni\u0161ti p\u0159i zakl\u00e1d\u00e1n\u00ed staveb. Lze vyu\u017e\u00edt i jako z\u00e1lo\u017en\u00ed zdroj pro nap\u00e1jen\u00ed kancel\u00e1\u0159e, nebo dom\u00e1cnosti vybaven\u00e9 elektronikou.<br \/><\/span><span class='bullet-line'>Elektrocentr\u00e1ly WEIBANG jsou vybaven\u00e9 automatick\u00fdm elektronick\u00fdm syst\u00e9mem vyrovn\u00e1v\u00e1n\u00ed nap\u011bt\u00ed AVR (Automatic Voltage Regulation).<br \/><\/span><span class='bullet-line'>Syst\u00e9m AVR &#8211; jedn\u00e1 se o syst\u00e9m automatick\u00e9ho elektronick\u00e9ho vyrovn\u00e1v\u00e1n\u00ed nap\u011bt\u00ed, kter\u00e9 svou kvalitou v\u00fdstupn\u00edho nap\u011bt\u00ed (vyhlazen\u00ed do +\/-5%) umo\u017e\u0148uje nap\u00e1jet jak b\u011b\u017en\u00e9 spot\u0159ebi\u010de, tak jemnou elektroniku.<br \/><\/span><span class='bullet-line'>Automatick\u00e1 kontrola oleje &#8211; jedn\u00e1 se o elektronick\u00fd syst\u00e9m kontroly hladiny oleje. V p\u0159\u00edpad\u011b, \u017ee hladina oleje dosp\u011bje do n\u00edzk\u00e9ho stavu v klikov\u00e9 sk\u0159\u00edni, tak tento syst\u00e9m automaticky zastav\u00ed motor a t\u00edm zabr\u00e1n\u00ed jeho po\u0161kozen\u00ed.<br \/><\/span><span class='bullet-line'>Transportn\u00ed kola &#8211; sou\u010d\u00e1st\u00ed elektrocentr\u00e1ly jsou transportn\u00ed kola pro lep\u0161\u00ed manipulaci.<\/span><\/div>\n<div class=\"parameters\">\n<tr>\n<td>V\u00fdkon maxim\u00e1ln\u00ed:<\/td>\n<td>6,5kW<\/td>\n<\/tr>\n<tr>\n<td>V\u00fdkon provozn\u00ed:<\/td>\n<td>5,5kW<\/td>\n<\/tr>\n<tr>\n<td>Syst\u00e9m AVR:<\/td>\n<td>ANO<\/td>\n<\/tr>\n<tr>\n<td>Po\u010det f\u00e1z\u00ed:<\/td>\n<td>1<\/td>\n<\/tr>\n<tr>\n<td>Elektrick\u00fd v\u00fdstup:<\/td>\n<td>2x 230V\/50Hz AC, 1x 12V 8,3A DC<\/td>\n<\/tr>\n<tr>\n<td>Ochrana proti p\u0159et\u00ed\u017een\u00ed:<\/td>\n<td>ANO<\/td>\n<\/tr>\n<tr>\n<td>Typ motoru:<\/td>\n<td>LC188FD, 4-takt OHV, vzduchem chlazen\u00fd<\/td>\n<\/tr>\n<tr>\n<td>Obsah v\u00e1lce:<\/td>\n<td>389 ccm<\/td>\n<\/tr>\n<tr>\n<td>Transportn\u00ed kola:<\/td>\n<td>ANO<\/td>\n<\/tr>\n<tr>\n<td>Startov\u00e1n\u00ed:<\/td>\n<td>ru\u010dn\u00ed<\/td>\n<\/tr>\n<tr>\n<td>Objem n\u00e1dr\u017ee:<\/td>\n<td>30l<\/td>\n<\/tr>\n<tr>\n<td>Provozn\u00ed doba p\u0159i 50% zat\u00ed\u017een\u00ed:<\/td>\n<td>14 hod.<\/td>\n<\/tr>\n<tr>\n<td>Kontrola n\u00edzk\u00e9 hladiny oleje:<\/td>\n<td>ANO<\/td>\n<\/tr>\n<tr>\n<td>Hlu\u010dnost:<\/td>\n<td>75 dB\/7m<\/td>\n<\/tr>\n<tr>\n<td>Kryt\u00ed:<\/td>\n<td>IP23<\/td>\n<\/tr>\n<tr>\n<td>Rozm\u011bry (v. x \u0161. x d.):<\/td>\n<td>70x55x55cm<\/td>\n<\/tr>\n<tr>\n<td>Hmotnost:<\/td>\n<td>80kg<\/td>\n<\/tr><\/div>\n<\/table>\n","protected":false},"excerpt":{"rendered":"<p>Vybaven\u00e1 a v\u00fdkonn\u00e1 elektrocentr\u00e1la s ochrann\u00fdm r\u00e1mem zna\u010dky WEIBANG &#8211; nov\u00fd vzhled, kvalitn\u00ed zpracov\u00e1n\u00ed, pohodln\u00e1 a jednoduch\u00e1 \u00fadr\u017eba. Tich\u00fd chod a kvalitn\u00ed zpracov\u00e1n\u00ed to jsou elektrocentr\u00e1ly WEIBANG.Tato v\u00fdkonn\u00e1 elektrocentr\u00e1la WEIBANG WB 6500-SW s ochrann\u00fdm r\u00e1mem m\u00e1 tich\u00fd chod s n\u00edzkou hladinou hlu\u010dnosti 75dB ve vzd\u00e1lenosti 7m. Tato elektrocentr\u00e1la je vybavena transportn\u00edmi koly, kter\u00e9 usnad\u0148uj\u00ed manipulaci. [&hellip;]<\/p>\n","protected":false},"featured_media":7488,"comment_status":"open","ping_status":"open","template":"","meta":[],"product_brand":[],"product_cat":[40],"product_tag":[],"class_list":{"0":"post-7388","1":"product","2":"type-product","3":"status-publish","4":"has-post-thumbnail","6":"product_cat-stavebni-technika","8":"first","9":"instock","10":"sale","11":"shipping-taxable","12":"purchasable","13":"product-type-simple"},"yoast_head":"<!-- This site is optimized with the Yoast SEO plugin v26.8 - https:\/\/yoast.com\/product\/yoast-seo-wordpress\/ -->\n<title>WEIBANG WB 6500-SW ELEKTROCENTR\u00c1LA s r\u00e1mem a koly Hit Sez\u00f3ny -<\/title>\n<meta name=\"robots\" content=\"index, follow, max-snippet:-1, max-image-preview:large, max-video-preview:-1\" \/>\n<link rel=\"canonical\" href=\"https:\/\/www.domstavpro.com\/index.php\/produkt\/weibang-wb-6500-sw-elektrocentrala-s-ramem-a-koly-hit-sezony-7388\/\" \/>\n<meta property=\"og:locale\" content=\"cs_CZ\" \/>\n<meta property=\"og:type\" content=\"article\" \/>\n<meta property=\"og:title\" content=\"WEIBANG WB 6500-SW ELEKTROCENTR\u00c1LA s r\u00e1mem a koly Hit Sez\u00f3ny -\" \/>\n<meta property=\"og:description\" content=\"Vybaven\u00e1 a v\u00fdkonn\u00e1 elektrocentr\u00e1la s ochrann\u00fdm r\u00e1mem zna\u010dky WEIBANG &#8211; nov\u00fd vzhled, kvalitn\u00ed zpracov\u00e1n\u00ed, pohodln\u00e1 a jednoduch\u00e1 \u00fadr\u017eba. Tich\u00fd chod a kvalitn\u00ed zpracov\u00e1n\u00ed to jsou elektrocentr\u00e1ly WEIBANG.Tato v\u00fdkonn\u00e1 elektrocentr\u00e1la WEIBANG WB 6500-SW s ochrann\u00fdm r\u00e1mem m\u00e1 tich\u00fd chod s n\u00edzkou hladinou hlu\u010dnosti 75dB ve vzd\u00e1lenosti 7m. Tato elektrocentr\u00e1la je vybavena transportn\u00edmi koly, kter\u00e9 usnad\u0148uj\u00ed manipulaci. [&hellip;]\" \/>\n<meta property=\"og:url\" content=\"https:\/\/www.domstavpro.com\/index.php\/produkt\/weibang-wb-6500-sw-elektrocentrala-s-ramem-a-koly-hit-sezony-7388\/\" \/>\n<meta property=\"og:image\" content=\"https:\/\/www.domstavpro.com\/wp-content\/uploads\/2026\/SK0029493-CZ20260425-092328-0-1777080210-wb_6500-sw.webp\" \/>\n\t<meta property=\"og:image:width\" content=\"550\" \/>\n\t<meta property=\"og:image:height\" content=\"316\" \/>\n\t<meta property=\"og:image:type\" content=\"image\/webp\" \/>\n<meta name=\"twitter:card\" content=\"summary_large_image\" \/>\n<meta name=\"twitter:label1\" content=\"Odhadovan\u00e1 doba \u010dten\u00ed\" \/>\n\t<meta name=\"twitter:data1\" content=\"3 minuty\" \/>\n<script type=\"application\/ld+json\" class=\"yoast-schema-graph\">{\"@context\":\"https:\/\/schema.org\",\"@graph\":[{\"@type\":\"WebPage\",\"@id\":\"https:\/\/www.domstavpro.com\/index.php\/produkt\/weibang-wb-6500-sw-elektrocentrala-s-ramem-a-koly-hit-sezony-7388\/\",\"url\":\"https:\/\/www.domstavpro.com\/index.php\/produkt\/weibang-wb-6500-sw-elektrocentrala-s-ramem-a-koly-hit-sezony-7388\/\",\"name\":\"WEIBANG WB 6500-SW ELEKTROCENTR\u00c1LA s r\u00e1mem a koly Hit Sez\u00f3ny -\",\"isPartOf\":{\"@id\":\"https:\/\/www.domstavpro.com\/#website\"},\"primaryImageOfPage\":{\"@id\":\"https:\/\/www.domstavpro.com\/index.php\/produkt\/weibang-wb-6500-sw-elektrocentrala-s-ramem-a-koly-hit-sezony-7388\/#primaryimage\"},\"image\":{\"@id\":\"https:\/\/www.domstavpro.com\/index.php\/produkt\/weibang-wb-6500-sw-elektrocentrala-s-ramem-a-koly-hit-sezony-7388\/#primaryimage\"},\"thumbnailUrl\":\"https:\/\/www.domstavpro.com\/wp-content\/uploads\/2026\/SK0029493-CZ20260425-092328-0-1777080210-wb_6500-sw.webp\",\"datePublished\":\"2026-04-27T15:08:10+00:00\",\"breadcrumb\":{\"@id\":\"https:\/\/www.domstavpro.com\/index.php\/produkt\/weibang-wb-6500-sw-elektrocentrala-s-ramem-a-koly-hit-sezony-7388\/#breadcrumb\"},\"inLanguage\":\"cs\",\"potentialAction\":[{\"@type\":\"ReadAction\",\"target\":[\"https:\/\/www.domstavpro.com\/index.php\/produkt\/weibang-wb-6500-sw-elektrocentrala-s-ramem-a-koly-hit-sezony-7388\/\"]}]},{\"@type\":\"ImageObject\",\"inLanguage\":\"cs\",\"@id\":\"https:\/\/www.domstavpro.com\/index.php\/produkt\/weibang-wb-6500-sw-elektrocentrala-s-ramem-a-koly-hit-sezony-7388\/#primaryimage\",\"url\":\"https:\/\/www.domstavpro.com\/wp-content\/uploads\/2026\/SK0029493-CZ20260425-092328-0-1777080210-wb_6500-sw.webp\",\"contentUrl\":\"https:\/\/www.domstavpro.com\/wp-content\/uploads\/2026\/SK0029493-CZ20260425-092328-0-1777080210-wb_6500-sw.webp\",\"width\":550,\"height\":316},{\"@type\":\"BreadcrumbList\",\"@id\":\"https:\/\/www.domstavpro.com\/index.php\/produkt\/weibang-wb-6500-sw-elektrocentrala-s-ramem-a-koly-hit-sezony-7388\/#breadcrumb\",\"itemListElement\":[{\"@type\":\"ListItem\",\"position\":1,\"name\":\"Home\",\"item\":\"https:\/\/www.domstavpro.com\/\"},{\"@type\":\"ListItem\",\"position\":2,\"name\":\"Products\",\"item\":\"https:\/\/www.domstavpro.com\/index.php\/products\/\"},{\"@type\":\"ListItem\",\"position\":3,\"name\":\"WEIBANG WB 6500-SW ELEKTROCENTR\u00c1LA s r\u00e1mem a koly Hit Sez\u00f3ny\"}]},{\"@type\":\"WebSite\",\"@id\":\"https:\/\/www.domstavpro.com\/#website\",\"url\":\"https:\/\/www.domstavpro.com\/\",\"name\":\"\",\"description\":\"\",\"potentialAction\":[{\"@type\":\"SearchAction\",\"target\":{\"@type\":\"EntryPoint\",\"urlTemplate\":\"https:\/\/www.domstavpro.com\/?s={search_term_string}\"},\"query-input\":{\"@type\":\"PropertyValueSpecification\",\"valueRequired\":true,\"valueName\":\"search_term_string\"}}],\"inLanguage\":\"cs\"}]}<\/script>\n<!-- \/ Yoast SEO plugin. -->","yoast_head_json":{"title":"WEIBANG WB 6500-SW ELEKTROCENTR\u00c1LA s r\u00e1mem a koly Hit Sez\u00f3ny -","robots":{"index":"index","follow":"follow","max-snippet":"max-snippet:-1","max-image-preview":"max-image-preview:large","max-video-preview":"max-video-preview:-1"},"canonical":"https:\/\/www.domstavpro.com\/index.php\/produkt\/weibang-wb-6500-sw-elektrocentrala-s-ramem-a-koly-hit-sezony-7388\/","og_locale":"cs_CZ","og_type":"article","og_title":"WEIBANG WB 6500-SW ELEKTROCENTR\u00c1LA s r\u00e1mem a koly Hit Sez\u00f3ny -","og_description":"Vybaven\u00e1 a v\u00fdkonn\u00e1 elektrocentr\u00e1la s ochrann\u00fdm r\u00e1mem zna\u010dky WEIBANG &#8211; nov\u00fd vzhled, kvalitn\u00ed zpracov\u00e1n\u00ed, pohodln\u00e1 a jednoduch\u00e1 \u00fadr\u017eba. Tich\u00fd chod a kvalitn\u00ed zpracov\u00e1n\u00ed to jsou elektrocentr\u00e1ly WEIBANG.Tato v\u00fdkonn\u00e1 elektrocentr\u00e1la WEIBANG WB 6500-SW s ochrann\u00fdm r\u00e1mem m\u00e1 tich\u00fd chod s n\u00edzkou hladinou hlu\u010dnosti 75dB ve vzd\u00e1lenosti 7m. Tato elektrocentr\u00e1la je vybavena transportn\u00edmi koly, kter\u00e9 usnad\u0148uj\u00ed manipulaci. [&hellip;]","og_url":"https:\/\/www.domstavpro.com\/index.php\/produkt\/weibang-wb-6500-sw-elektrocentrala-s-ramem-a-koly-hit-sezony-7388\/","og_image":[{"width":550,"height":316,"url":"https:\/\/www.domstavpro.com\/wp-content\/uploads\/2026\/SK0029493-CZ20260425-092328-0-1777080210-wb_6500-sw.webp","type":"image\/webp"}],"twitter_card":"summary_large_image","twitter_misc":{"Odhadovan\u00e1 doba \u010dten\u00ed":"3 minuty"},"schema":{"@context":"https:\/\/schema.org","@graph":[{"@type":"WebPage","@id":"https:\/\/www.domstavpro.com\/index.php\/produkt\/weibang-wb-6500-sw-elektrocentrala-s-ramem-a-koly-hit-sezony-7388\/","url":"https:\/\/www.domstavpro.com\/index.php\/produkt\/weibang-wb-6500-sw-elektrocentrala-s-ramem-a-koly-hit-sezony-7388\/","name":"WEIBANG WB 6500-SW ELEKTROCENTR\u00c1LA s r\u00e1mem a koly Hit Sez\u00f3ny -","isPartOf":{"@id":"https:\/\/www.domstavpro.com\/#website"},"primaryImageOfPage":{"@id":"https:\/\/www.domstavpro.com\/index.php\/produkt\/weibang-wb-6500-sw-elektrocentrala-s-ramem-a-koly-hit-sezony-7388\/#primaryimage"},"image":{"@id":"https:\/\/www.domstavpro.com\/index.php\/produkt\/weibang-wb-6500-sw-elektrocentrala-s-ramem-a-koly-hit-sezony-7388\/#primaryimage"},"thumbnailUrl":"https:\/\/www.domstavpro.com\/wp-content\/uploads\/2026\/SK0029493-CZ20260425-092328-0-1777080210-wb_6500-sw.webp","datePublished":"2026-04-27T15:08:10+00:00","breadcrumb":{"@id":"https:\/\/www.domstavpro.com\/index.php\/produkt\/weibang-wb-6500-sw-elektrocentrala-s-ramem-a-koly-hit-sezony-7388\/#breadcrumb"},"inLanguage":"cs","potentialAction":[{"@type":"ReadAction","target":["https:\/\/www.domstavpro.com\/index.php\/produkt\/weibang-wb-6500-sw-elektrocentrala-s-ramem-a-koly-hit-sezony-7388\/"]}]},{"@type":"ImageObject","inLanguage":"cs","@id":"https:\/\/www.domstavpro.com\/index.php\/produkt\/weibang-wb-6500-sw-elektrocentrala-s-ramem-a-koly-hit-sezony-7388\/#primaryimage","url":"https:\/\/www.domstavpro.com\/wp-content\/uploads\/2026\/SK0029493-CZ20260425-092328-0-1777080210-wb_6500-sw.webp","contentUrl":"https:\/\/www.domstavpro.com\/wp-content\/uploads\/2026\/SK0029493-CZ20260425-092328-0-1777080210-wb_6500-sw.webp","width":550,"height":316},{"@type":"BreadcrumbList","@id":"https:\/\/www.domstavpro.com\/index.php\/produkt\/weibang-wb-6500-sw-elektrocentrala-s-ramem-a-koly-hit-sezony-7388\/#breadcrumb","itemListElement":[{"@type":"ListItem","position":1,"name":"Home","item":"https:\/\/www.domstavpro.com\/"},{"@type":"ListItem","position":2,"name":"Products","item":"https:\/\/www.domstavpro.com\/index.php\/products\/"},{"@type":"ListItem","position":3,"name":"WEIBANG WB 6500-SW ELEKTROCENTR\u00c1LA s r\u00e1mem a koly Hit Sez\u00f3ny"}]},{"@type":"WebSite","@id":"https:\/\/www.domstavpro.com\/#website","url":"https:\/\/www.domstavpro.com\/","name":"","description":"","potentialAction":[{"@type":"SearchAction","target":{"@type":"EntryPoint","urlTemplate":"https:\/\/www.domstavpro.com\/?s={search_term_string}"},"query-input":{"@type":"PropertyValueSpecification","valueRequired":true,"valueName":"search_term_string"}}],"inLanguage":"cs"}]}},"_links":{"self":[{"href":"https:\/\/www.domstavpro.com\/index.php\/wp-json\/wp\/v2\/product\/7388","targetHints":{"allow":["GET"]}}],"collection":[{"href":"https:\/\/www.domstavpro.com\/index.php\/wp-json\/wp\/v2\/product"}],"about":[{"href":"https:\/\/www.domstavpro.com\/index.php\/wp-json\/wp\/v2\/types\/product"}],"replies":[{"embeddable":true,"href":"https:\/\/www.domstavpro.com\/index.php\/wp-json\/wp\/v2\/comments?post=7388"}],"wp:featuredmedia":[{"embeddable":true,"href":"https:\/\/www.domstavpro.com\/index.php\/wp-json\/wp\/v2\/media\/7488"}],"wp:attachment":[{"href":"https:\/\/www.domstavpro.com\/index.php\/wp-json\/wp\/v2\/media?parent=7388"}],"wp:term":[{"taxonomy":"product_brand","embeddable":true,"href":"https:\/\/www.domstavpro.com\/index.php\/wp-json\/wp\/v2\/product_brand?post=7388"},{"taxonomy":"product_cat","embeddable":true,"href":"https:\/\/www.domstavpro.com\/index.php\/wp-json\/wp\/v2\/product_cat?post=7388"},{"taxonomy":"product_tag","embeddable":true,"href":"https:\/\/www.domstavpro.com\/index.php\/wp-json\/wp\/v2\/product_tag?post=7388"}],"curies":[{"name":"wp","href":"https:\/\/api.w.org\/{rel}","templated":true}]}}