{"id":7379,"date":"2026-04-27T15:08:10","date_gmt":"2026-04-27T15:08:10","guid":{"rendered":""},"modified":"2026-04-27T15:08:10","modified_gmt":"2026-04-27T15:08:10","slug":"activa-nevada-plynovy-gril-s-bocnim-varicem-cenovy-hit-7379","status":"publish","type":"product","link":"https:\/\/www.domstavpro.com\/index.php\/produkt\/activa-nevada-plynovy-gril-s-bocnim-varicem-cenovy-hit-7379\/","title":{"rendered":"Activa Nevada &#8211; plynov\u00fd gril s bo\u010dn\u00edm va\u0159i\u010dem Cenov\u00fd Hit"},"content":{"rendered":"<table>\n<div class=\"tab-pane active product-description\" id=\"popis\" role=\"tabpanel\">\n<div class=\"short-description\" itemprop=\"description\"><\/div>\n<div class=\"description\"><span class='bullet-line'>Doporu\u010dujeme dopravu TopTrans<br \/><\/span><span class='bullet-line'>Elegantn\u00ed plynov\u00fd gril Nevada s modern\u00edm, ost\u0159e \u0159ezan\u00fdm designem se skv\u011ble hod\u00ed pro st\u0159edn\u011b velk\u00e9 grilovac\u00ed p\u00e1rty a rodinn\u00e9 oslavy. Dok\u00e1\u017ee najednou snadno obslou\u017eit a\u017e 12 osob. <br \/><\/span><span class='bullet-line'>N\u011bmeck\u00e1 spole\u010dnost Activa tento gril vybavila v\u0161\u00edm pot\u0159ebn\u00fdm pro zdrav\u00e9 a pohodln\u00e9 grilov\u00e1n\u00ed. M\u00e1 t\u0159i v\u00fdkonn\u00e9 ploch\u00e9 ho\u0159\u00e1ky z nerezu, co\u017e m\u00e1 v\u00fdrazn\u00fd vliv na jejich \u017eivotnost. <br \/><\/span><span class='bullet-line'>Ka\u017ed\u00fd ho\u0159\u00e1k m\u00e1 horn\u00ed kryt a odtok, d\u00edky kter\u00e9mu je odkap\u00e1vaj\u00edc\u00ed tuk veden mimo plamen. <br \/><\/span><span class='bullet-line'>Pokrm tak bude v\u017edy zdrav\u00fd bez zbyte\u010dn\u00fdch \u0161kodliv\u00fdch prvk\u016f, kter\u00e9 vznikaj\u00ed p\u0159epalov\u00e1n\u00edm tuku. <br \/><\/span><span class='bullet-line'>Gril rovn\u011b\u017e m\u00e1 praktick\u00fd integrovan\u00fd bo\u010dn\u00ed va\u0159i\u010d vhodn\u00fd na p\u0159\u00edpravu om\u00e1\u010dek, hork\u00fdch n\u00e1poj\u016f nebo p\u0159\u00edloh. <br \/><\/span><span class='bullet-line'>Ho\u0159\u00e1ky se pohodln\u011b zapaluj\u00ed pomoc\u00ed piezo zapalov\u00e1n\u00ed integrovan\u00e9m v ka\u017ed\u00e9m z oto\u010dn\u00fdch knofl\u00edk\u016f. <br \/><\/span><span class='bullet-line'>Gril je d\u00e1le vybaven kvalitn\u00edm \u010dty\u0159d\u00edln\u00fdm smaltovan\u00fdm grilovac\u00edm ro\u0161tem a dal\u0161\u00edm vykl\u00e1p\u011bc\u00edm ro\u0161tem, kter\u00fd je vhodn\u00fd na nep\u0159\u00edm\u00e9 grilov\u00e1n\u00ed masa \u010di zeleniny anebo na oh\u0159\u00edv\u00e1n\u00ed ji\u017e ugrilovan\u00fdch pokrm\u016f. <br \/><\/span><span class='bullet-line'>Gril m\u00e1 kvalitn\u011b lakovan\u00e9 v\u00edko s hlin\u00edkov\u00fdm madlem a zabudovan\u00fdm teplom\u011brem, dv\u011b odkl\u00e1dac\u00ed poli\u010dky na ka\u017ed\u00e9 stran\u011b a praktick\u00fd odkl\u00e1dac\u00ed prostor pod grilem, kter\u00fd je p\u0159\u00edstupn\u00fd dv\u00ed\u0159ky zep\u0159edu. <br \/><\/span><span class='bullet-line'>Pro snadn\u00fd transport je vybaven velk\u00fdmi kole\u010dky. <br \/><\/span><span class='bullet-line'>Na rozd\u00edl od mnoha jin\u00fdch gril\u016f je ji\u017e v z\u00e1kladu vybaven v\u0161\u00edm pot\u0159ebn\u00fdm pro p\u0159ipojen\u00ed k plynov\u00e9 lahvi 5 nebo 10 kg.<\/span><\/div>\n<div class=\"parameters\">\n<tr>\n<td>P\u0159\u00edkon ho\u0159\u00e1ku  (kW):<\/td>\n<td>11,2 + 2,8<\/td>\n<\/tr>\n<tr>\n<td>Spot\u0159eba plynu  (g\/h):<\/td>\n<td>&#8211;<\/td>\n<\/tr>\n<tr>\n<td>Ho\u0159\u00e1k<\/td>\n<td>4x nerezov\u00e1 ocel<\/td>\n<\/tr>\n<tr>\n<td>Grilovac\u00ed ro\u0161t<\/td>\n<td>smaltovan\u00fd<\/td>\n<\/tr>\n<tr>\n<td>Zapalov\u00e1n\u00ed<\/td>\n<td>piezo<\/td>\n<\/tr>\n<tr>\n<td>Bo\u010dn\u00ed va\u0159i\u010d<\/td>\n<td>Ano, aluminizovan\u00e1 ocel<\/td>\n<\/tr>\n<tr>\n<td>Grilovac\u00ed plocha  (cm2):<\/td>\n<td>2394<\/td>\n<\/tr>\n<tr>\n<td>Rozm\u011bry grilovac\u00ed plochy  (cm):<\/td>\n<td>63 x 38<\/td>\n<\/tr>\n<tr>\n<td>P\u0159edn\u00ed kryt<\/td>\n<td>pln\u00fd plechov\u00fd s poli\u010dkou<\/td>\n<\/tr>\n<tr>\n<td>V\u00fd\u0161ka pracovn\u00ed plochy  (cm):<\/td>\n<td>&#8211;<\/td>\n<\/tr>\n<tr>\n<td>Teplom\u011br<\/td>\n<td>Ano<\/td>\n<\/tr>\n<tr>\n<td>Materi\u00e1l v\u00edka<\/td>\n<td>&#8211;<\/td>\n<\/tr>\n<tr>\n<td>Obslou\u017e\u00ed po\u010det osob<\/td>\n<td>12<\/td>\n<\/tr><\/div>\n<\/table>\n","protected":false},"excerpt":{"rendered":"<p>Doporu\u010dujeme dopravu TopTransElegantn\u00ed plynov\u00fd gril Nevada s modern\u00edm, ost\u0159e \u0159ezan\u00fdm designem se skv\u011ble hod\u00ed pro st\u0159edn\u011b velk\u00e9 grilovac\u00ed p\u00e1rty a rodinn\u00e9 oslavy. Dok\u00e1\u017ee najednou snadno obslou\u017eit a\u017e 12 osob. N\u011bmeck\u00e1 spole\u010dnost Activa tento gril vybavila v\u0161\u00edm pot\u0159ebn\u00fdm pro zdrav\u00e9 a pohodln\u00e9 grilov\u00e1n\u00ed. M\u00e1 t\u0159i v\u00fdkonn\u00e9 ploch\u00e9 ho\u0159\u00e1ky z nerezu, co\u017e m\u00e1 v\u00fdrazn\u00fd vliv na jejich [&hellip;]<\/p>\n","protected":false},"featured_media":7479,"comment_status":"open","ping_status":"open","template":"","meta":[],"product_brand":[],"product_cat":[39],"product_tag":[],"class_list":{"0":"post-7379","1":"product","2":"type-product","3":"status-publish","4":"has-post-thumbnail","6":"product_cat-zahrada","8":"first","9":"instock","10":"sale","11":"shipping-taxable","12":"purchasable","13":"product-type-simple"},"yoast_head":"<!-- This site is optimized with the Yoast SEO plugin v26.8 - https:\/\/yoast.com\/product\/yoast-seo-wordpress\/ -->\n<title>Activa Nevada - plynov\u00fd gril s bo\u010dn\u00edm va\u0159i\u010dem Cenov\u00fd Hit -<\/title>\n<meta name=\"robots\" content=\"index, follow, max-snippet:-1, max-image-preview:large, max-video-preview:-1\" \/>\n<link rel=\"canonical\" href=\"https:\/\/www.domstavpro.com\/index.php\/produkt\/activa-nevada-plynovy-gril-s-bocnim-varicem-cenovy-hit-7379\/\" \/>\n<meta property=\"og:locale\" content=\"cs_CZ\" \/>\n<meta property=\"og:type\" content=\"article\" \/>\n<meta property=\"og:title\" content=\"Activa Nevada - plynov\u00fd gril s bo\u010dn\u00edm va\u0159i\u010dem Cenov\u00fd Hit -\" \/>\n<meta property=\"og:description\" content=\"Doporu\u010dujeme dopravu TopTransElegantn\u00ed plynov\u00fd gril Nevada s modern\u00edm, ost\u0159e \u0159ezan\u00fdm designem se skv\u011ble hod\u00ed pro st\u0159edn\u011b velk\u00e9 grilovac\u00ed p\u00e1rty a rodinn\u00e9 oslavy. Dok\u00e1\u017ee najednou snadno obslou\u017eit a\u017e 12 osob. N\u011bmeck\u00e1 spole\u010dnost Activa tento gril vybavila v\u0161\u00edm pot\u0159ebn\u00fdm pro zdrav\u00e9 a pohodln\u00e9 grilov\u00e1n\u00ed. M\u00e1 t\u0159i v\u00fdkonn\u00e9 ploch\u00e9 ho\u0159\u00e1ky z nerezu, co\u017e m\u00e1 v\u00fdrazn\u00fd vliv na jejich [&hellip;]\" \/>\n<meta property=\"og:url\" content=\"https:\/\/www.domstavpro.com\/index.php\/produkt\/activa-nevada-plynovy-gril-s-bocnim-varicem-cenovy-hit-7379\/\" \/>\n<meta property=\"og:image\" content=\"https:\/\/www.domstavpro.com\/wp-content\/uploads\/2026\/SK0029464-CZ20260425-092328-0-1777080210-nevada_19751g.webp\" \/>\n\t<meta property=\"og:image:width\" content=\"800\" \/>\n\t<meta property=\"og:image:height\" content=\"800\" \/>\n\t<meta property=\"og:image:type\" content=\"image\/webp\" \/>\n<meta name=\"twitter:card\" content=\"summary_large_image\" \/>\n<meta name=\"twitter:label1\" content=\"Odhadovan\u00e1 doba \u010dten\u00ed\" \/>\n\t<meta name=\"twitter:data1\" content=\"2 minuty\" \/>\n<script type=\"application\/ld+json\" class=\"yoast-schema-graph\">{\"@context\":\"https:\/\/schema.org\",\"@graph\":[{\"@type\":\"WebPage\",\"@id\":\"https:\/\/www.domstavpro.com\/index.php\/produkt\/activa-nevada-plynovy-gril-s-bocnim-varicem-cenovy-hit-7379\/\",\"url\":\"https:\/\/www.domstavpro.com\/index.php\/produkt\/activa-nevada-plynovy-gril-s-bocnim-varicem-cenovy-hit-7379\/\",\"name\":\"Activa Nevada - plynov\u00fd gril s bo\u010dn\u00edm va\u0159i\u010dem Cenov\u00fd Hit -\",\"isPartOf\":{\"@id\":\"https:\/\/www.domstavpro.com\/#website\"},\"primaryImageOfPage\":{\"@id\":\"https:\/\/www.domstavpro.com\/index.php\/produkt\/activa-nevada-plynovy-gril-s-bocnim-varicem-cenovy-hit-7379\/#primaryimage\"},\"image\":{\"@id\":\"https:\/\/www.domstavpro.com\/index.php\/produkt\/activa-nevada-plynovy-gril-s-bocnim-varicem-cenovy-hit-7379\/#primaryimage\"},\"thumbnailUrl\":\"https:\/\/www.domstavpro.com\/wp-content\/uploads\/2026\/SK0029464-CZ20260425-092328-0-1777080210-nevada_19751g.webp\",\"datePublished\":\"2026-04-27T15:08:10+00:00\",\"breadcrumb\":{\"@id\":\"https:\/\/www.domstavpro.com\/index.php\/produkt\/activa-nevada-plynovy-gril-s-bocnim-varicem-cenovy-hit-7379\/#breadcrumb\"},\"inLanguage\":\"cs\",\"potentialAction\":[{\"@type\":\"ReadAction\",\"target\":[\"https:\/\/www.domstavpro.com\/index.php\/produkt\/activa-nevada-plynovy-gril-s-bocnim-varicem-cenovy-hit-7379\/\"]}]},{\"@type\":\"ImageObject\",\"inLanguage\":\"cs\",\"@id\":\"https:\/\/www.domstavpro.com\/index.php\/produkt\/activa-nevada-plynovy-gril-s-bocnim-varicem-cenovy-hit-7379\/#primaryimage\",\"url\":\"https:\/\/www.domstavpro.com\/wp-content\/uploads\/2026\/SK0029464-CZ20260425-092328-0-1777080210-nevada_19751g.webp\",\"contentUrl\":\"https:\/\/www.domstavpro.com\/wp-content\/uploads\/2026\/SK0029464-CZ20260425-092328-0-1777080210-nevada_19751g.webp\",\"width\":800,\"height\":800},{\"@type\":\"BreadcrumbList\",\"@id\":\"https:\/\/www.domstavpro.com\/index.php\/produkt\/activa-nevada-plynovy-gril-s-bocnim-varicem-cenovy-hit-7379\/#breadcrumb\",\"itemListElement\":[{\"@type\":\"ListItem\",\"position\":1,\"name\":\"Home\",\"item\":\"https:\/\/www.domstavpro.com\/\"},{\"@type\":\"ListItem\",\"position\":2,\"name\":\"Products\",\"item\":\"https:\/\/www.domstavpro.com\/index.php\/products\/\"},{\"@type\":\"ListItem\",\"position\":3,\"name\":\"Activa Nevada &#8211; plynov\u00fd gril s bo\u010dn\u00edm va\u0159i\u010dem Cenov\u00fd Hit\"}]},{\"@type\":\"WebSite\",\"@id\":\"https:\/\/www.domstavpro.com\/#website\",\"url\":\"https:\/\/www.domstavpro.com\/\",\"name\":\"\",\"description\":\"\",\"potentialAction\":[{\"@type\":\"SearchAction\",\"target\":{\"@type\":\"EntryPoint\",\"urlTemplate\":\"https:\/\/www.domstavpro.com\/?s={search_term_string}\"},\"query-input\":{\"@type\":\"PropertyValueSpecification\",\"valueRequired\":true,\"valueName\":\"search_term_string\"}}],\"inLanguage\":\"cs\"}]}<\/script>\n<!-- \/ Yoast SEO plugin. -->","yoast_head_json":{"title":"Activa Nevada - plynov\u00fd gril s bo\u010dn\u00edm va\u0159i\u010dem Cenov\u00fd Hit -","robots":{"index":"index","follow":"follow","max-snippet":"max-snippet:-1","max-image-preview":"max-image-preview:large","max-video-preview":"max-video-preview:-1"},"canonical":"https:\/\/www.domstavpro.com\/index.php\/produkt\/activa-nevada-plynovy-gril-s-bocnim-varicem-cenovy-hit-7379\/","og_locale":"cs_CZ","og_type":"article","og_title":"Activa Nevada - plynov\u00fd gril s bo\u010dn\u00edm va\u0159i\u010dem Cenov\u00fd Hit -","og_description":"Doporu\u010dujeme dopravu TopTransElegantn\u00ed plynov\u00fd gril Nevada s modern\u00edm, ost\u0159e \u0159ezan\u00fdm designem se skv\u011ble hod\u00ed pro st\u0159edn\u011b velk\u00e9 grilovac\u00ed p\u00e1rty a rodinn\u00e9 oslavy. Dok\u00e1\u017ee najednou snadno obslou\u017eit a\u017e 12 osob. N\u011bmeck\u00e1 spole\u010dnost Activa tento gril vybavila v\u0161\u00edm pot\u0159ebn\u00fdm pro zdrav\u00e9 a pohodln\u00e9 grilov\u00e1n\u00ed. M\u00e1 t\u0159i v\u00fdkonn\u00e9 ploch\u00e9 ho\u0159\u00e1ky z nerezu, co\u017e m\u00e1 v\u00fdrazn\u00fd vliv na jejich [&hellip;]","og_url":"https:\/\/www.domstavpro.com\/index.php\/produkt\/activa-nevada-plynovy-gril-s-bocnim-varicem-cenovy-hit-7379\/","og_image":[{"width":800,"height":800,"url":"https:\/\/www.domstavpro.com\/wp-content\/uploads\/2026\/SK0029464-CZ20260425-092328-0-1777080210-nevada_19751g.webp","type":"image\/webp"}],"twitter_card":"summary_large_image","twitter_misc":{"Odhadovan\u00e1 doba \u010dten\u00ed":"2 minuty"},"schema":{"@context":"https:\/\/schema.org","@graph":[{"@type":"WebPage","@id":"https:\/\/www.domstavpro.com\/index.php\/produkt\/activa-nevada-plynovy-gril-s-bocnim-varicem-cenovy-hit-7379\/","url":"https:\/\/www.domstavpro.com\/index.php\/produkt\/activa-nevada-plynovy-gril-s-bocnim-varicem-cenovy-hit-7379\/","name":"Activa Nevada - plynov\u00fd gril s bo\u010dn\u00edm va\u0159i\u010dem Cenov\u00fd Hit -","isPartOf":{"@id":"https:\/\/www.domstavpro.com\/#website"},"primaryImageOfPage":{"@id":"https:\/\/www.domstavpro.com\/index.php\/produkt\/activa-nevada-plynovy-gril-s-bocnim-varicem-cenovy-hit-7379\/#primaryimage"},"image":{"@id":"https:\/\/www.domstavpro.com\/index.php\/produkt\/activa-nevada-plynovy-gril-s-bocnim-varicem-cenovy-hit-7379\/#primaryimage"},"thumbnailUrl":"https:\/\/www.domstavpro.com\/wp-content\/uploads\/2026\/SK0029464-CZ20260425-092328-0-1777080210-nevada_19751g.webp","datePublished":"2026-04-27T15:08:10+00:00","breadcrumb":{"@id":"https:\/\/www.domstavpro.com\/index.php\/produkt\/activa-nevada-plynovy-gril-s-bocnim-varicem-cenovy-hit-7379\/#breadcrumb"},"inLanguage":"cs","potentialAction":[{"@type":"ReadAction","target":["https:\/\/www.domstavpro.com\/index.php\/produkt\/activa-nevada-plynovy-gril-s-bocnim-varicem-cenovy-hit-7379\/"]}]},{"@type":"ImageObject","inLanguage":"cs","@id":"https:\/\/www.domstavpro.com\/index.php\/produkt\/activa-nevada-plynovy-gril-s-bocnim-varicem-cenovy-hit-7379\/#primaryimage","url":"https:\/\/www.domstavpro.com\/wp-content\/uploads\/2026\/SK0029464-CZ20260425-092328-0-1777080210-nevada_19751g.webp","contentUrl":"https:\/\/www.domstavpro.com\/wp-content\/uploads\/2026\/SK0029464-CZ20260425-092328-0-1777080210-nevada_19751g.webp","width":800,"height":800},{"@type":"BreadcrumbList","@id":"https:\/\/www.domstavpro.com\/index.php\/produkt\/activa-nevada-plynovy-gril-s-bocnim-varicem-cenovy-hit-7379\/#breadcrumb","itemListElement":[{"@type":"ListItem","position":1,"name":"Home","item":"https:\/\/www.domstavpro.com\/"},{"@type":"ListItem","position":2,"name":"Products","item":"https:\/\/www.domstavpro.com\/index.php\/products\/"},{"@type":"ListItem","position":3,"name":"Activa Nevada &#8211; plynov\u00fd gril s bo\u010dn\u00edm va\u0159i\u010dem Cenov\u00fd Hit"}]},{"@type":"WebSite","@id":"https:\/\/www.domstavpro.com\/#website","url":"https:\/\/www.domstavpro.com\/","name":"","description":"","potentialAction":[{"@type":"SearchAction","target":{"@type":"EntryPoint","urlTemplate":"https:\/\/www.domstavpro.com\/?s={search_term_string}"},"query-input":{"@type":"PropertyValueSpecification","valueRequired":true,"valueName":"search_term_string"}}],"inLanguage":"cs"}]}},"_links":{"self":[{"href":"https:\/\/www.domstavpro.com\/index.php\/wp-json\/wp\/v2\/product\/7379","targetHints":{"allow":["GET"]}}],"collection":[{"href":"https:\/\/www.domstavpro.com\/index.php\/wp-json\/wp\/v2\/product"}],"about":[{"href":"https:\/\/www.domstavpro.com\/index.php\/wp-json\/wp\/v2\/types\/product"}],"replies":[{"embeddable":true,"href":"https:\/\/www.domstavpro.com\/index.php\/wp-json\/wp\/v2\/comments?post=7379"}],"wp:featuredmedia":[{"embeddable":true,"href":"https:\/\/www.domstavpro.com\/index.php\/wp-json\/wp\/v2\/media\/7479"}],"wp:attachment":[{"href":"https:\/\/www.domstavpro.com\/index.php\/wp-json\/wp\/v2\/media?parent=7379"}],"wp:term":[{"taxonomy":"product_brand","embeddable":true,"href":"https:\/\/www.domstavpro.com\/index.php\/wp-json\/wp\/v2\/product_brand?post=7379"},{"taxonomy":"product_cat","embeddable":true,"href":"https:\/\/www.domstavpro.com\/index.php\/wp-json\/wp\/v2\/product_cat?post=7379"},{"taxonomy":"product_tag","embeddable":true,"href":"https:\/\/www.domstavpro.com\/index.php\/wp-json\/wp\/v2\/product_tag?post=7379"}],"curies":[{"name":"wp","href":"https:\/\/api.w.org\/{rel}","templated":true}]}}