{"id":7376,"date":"2026-04-27T15:08:10","date_gmt":"2026-04-27T15:08:10","guid":{"rendered":""},"modified":"2026-04-27T15:08:10","modified_gmt":"2026-04-27T15:08:10","slug":"activa-kartac-na-cisteni-grilu-3v1-znackovy-7376","status":"publish","type":"product","link":"https:\/\/www.domstavpro.com\/index.php\/produkt\/activa-kartac-na-cisteni-grilu-3v1-znackovy-7376\/","title":{"rendered":"Activa Kart\u00e1\u010d na \u010di\u0161t\u011bn\u00ed grilu 3v1 Zna\u010dkov\u00fd"},"content":{"rendered":"<table>\n<div class=\"tab-pane active product-description\" id=\"popis\" role=\"tabpanel\">\n<div class=\"short-description\" itemprop=\"description\"><\/div>\n<div class=\"description\"><span class='bullet-line'>Kart\u00e1\u010d na \u010di\u0161t\u011bn\u00ed gril\u016f Activa je praktick\u00fd pomocn\u00edk, kter\u00fd nem\u016f\u017ee chyb\u011bt u \u017e\u00e1dn\u00e9ho grilu. <br \/><\/span><span class='bullet-line'>I kdy\u017e m\u00e1 velmi kompaktn\u00ed tvar a d\u00e9lku 12 cm, sdru\u017euje hned t\u0159i funkce. <br \/><\/span><span class='bullet-line'>Na hrub\u00e9 ne\u010distoty m\u00e1 integrovanou \u0161krabku z nerezov\u00e9 oceli, na b\u011b\u017en\u00e9 \u010di\u0161t\u011bn\u00ed m\u00e1 praktick\u00fd ocelov\u00fd kart\u00e1\u010d z mosazi, kter\u00e1 chr\u00e1n\u00ed chromov\u00e9 d\u00edly p\u0159ed po\u0161kr\u00e1b\u00e1n\u00edm a na dole\u0161t\u011bn\u00ed ro\u0161tu m\u00e1 \u010dist\u00edc\u00ed houbi\u010dku z materi\u00e1lu na b\u00e1zi PVC. <br \/><\/span><span class='bullet-line'>V\u0161e dopl\u0148uje pohodln\u00e1 plastov\u00e1 rukoje\u0165.<\/span><\/div>\n<div class=\"parameters\">\n<tr>\n<td>Materi\u00e1l \u0161krabky<\/td>\n<td>nerezov\u00e1 ocel<\/td>\n<\/tr>\n<tr>\n<td>Materi\u00e1l kart\u00e1\u010de<\/td>\n<td>mosaz<\/td>\n<\/tr>\n<tr>\n<td>Materi\u00e1l houbi\u010dky<\/td>\n<td>PVC<\/td>\n<\/tr><\/div>\n<\/table>\n","protected":false},"excerpt":{"rendered":"<p>Kart\u00e1\u010d na \u010di\u0161t\u011bn\u00ed gril\u016f Activa je praktick\u00fd pomocn\u00edk, kter\u00fd nem\u016f\u017ee chyb\u011bt u \u017e\u00e1dn\u00e9ho grilu. I kdy\u017e m\u00e1 velmi kompaktn\u00ed tvar a d\u00e9lku 12 cm, sdru\u017euje hned t\u0159i funkce. Na hrub\u00e9 ne\u010distoty m\u00e1 integrovanou \u0161krabku z nerezov\u00e9 oceli, na b\u011b\u017en\u00e9 \u010di\u0161t\u011bn\u00ed m\u00e1 praktick\u00fd ocelov\u00fd kart\u00e1\u010d z mosazi, kter\u00e1 chr\u00e1n\u00ed chromov\u00e9 d\u00edly p\u0159ed po\u0161kr\u00e1b\u00e1n\u00edm a na dole\u0161t\u011bn\u00ed [&hellip;]<\/p>\n","protected":false},"featured_media":7476,"comment_status":"open","ping_status":"open","template":"","meta":[],"product_brand":[],"product_cat":[39],"product_tag":[],"class_list":{"0":"post-7376","1":"product","2":"type-product","3":"status-publish","4":"has-post-thumbnail","6":"product_cat-zahrada","8":"first","9":"instock","10":"sale","11":"shipping-taxable","12":"purchasable","13":"product-type-simple"},"yoast_head":"<!-- This site is optimized with the Yoast SEO plugin v26.8 - https:\/\/yoast.com\/product\/yoast-seo-wordpress\/ -->\n<title>Activa Kart\u00e1\u010d na \u010di\u0161t\u011bn\u00ed grilu 3v1 Zna\u010dkov\u00fd -<\/title>\n<meta name=\"robots\" content=\"index, follow, max-snippet:-1, max-image-preview:large, max-video-preview:-1\" \/>\n<link rel=\"canonical\" href=\"https:\/\/www.domstavpro.com\/index.php\/produkt\/activa-kartac-na-cisteni-grilu-3v1-znackovy-7376\/\" \/>\n<meta property=\"og:locale\" content=\"cs_CZ\" \/>\n<meta property=\"og:type\" content=\"article\" \/>\n<meta property=\"og:title\" content=\"Activa Kart\u00e1\u010d na \u010di\u0161t\u011bn\u00ed grilu 3v1 Zna\u010dkov\u00fd -\" \/>\n<meta property=\"og:description\" content=\"Kart\u00e1\u010d na \u010di\u0161t\u011bn\u00ed gril\u016f Activa je praktick\u00fd pomocn\u00edk, kter\u00fd nem\u016f\u017ee chyb\u011bt u \u017e\u00e1dn\u00e9ho grilu. I kdy\u017e m\u00e1 velmi kompaktn\u00ed tvar a d\u00e9lku 12 cm, sdru\u017euje hned t\u0159i funkce. Na hrub\u00e9 ne\u010distoty m\u00e1 integrovanou \u0161krabku z nerezov\u00e9 oceli, na b\u011b\u017en\u00e9 \u010di\u0161t\u011bn\u00ed m\u00e1 praktick\u00fd ocelov\u00fd kart\u00e1\u010d z mosazi, kter\u00e1 chr\u00e1n\u00ed chromov\u00e9 d\u00edly p\u0159ed po\u0161kr\u00e1b\u00e1n\u00edm a na dole\u0161t\u011bn\u00ed [&hellip;]\" \/>\n<meta property=\"og:url\" content=\"https:\/\/www.domstavpro.com\/index.php\/produkt\/activa-kartac-na-cisteni-grilu-3v1-znackovy-7376\/\" \/>\n<meta property=\"og:image\" content=\"https:\/\/www.domstavpro.com\/wp-content\/uploads\/2026\/SK0029461-CZ20260425-092328-0-1777080210-16900.webp\" \/>\n\t<meta property=\"og:image:width\" content=\"800\" \/>\n\t<meta property=\"og:image:height\" content=\"800\" \/>\n\t<meta property=\"og:image:type\" content=\"image\/webp\" \/>\n<meta name=\"twitter:card\" content=\"summary_large_image\" \/>\n<meta name=\"twitter:label1\" content=\"Odhadovan\u00e1 doba \u010dten\u00ed\" \/>\n\t<meta name=\"twitter:data1\" content=\"1 minuta\" \/>\n<script type=\"application\/ld+json\" class=\"yoast-schema-graph\">{\"@context\":\"https:\/\/schema.org\",\"@graph\":[{\"@type\":\"WebPage\",\"@id\":\"https:\/\/www.domstavpro.com\/index.php\/produkt\/activa-kartac-na-cisteni-grilu-3v1-znackovy-7376\/\",\"url\":\"https:\/\/www.domstavpro.com\/index.php\/produkt\/activa-kartac-na-cisteni-grilu-3v1-znackovy-7376\/\",\"name\":\"Activa Kart\u00e1\u010d na \u010di\u0161t\u011bn\u00ed grilu 3v1 Zna\u010dkov\u00fd -\",\"isPartOf\":{\"@id\":\"https:\/\/www.domstavpro.com\/#website\"},\"primaryImageOfPage\":{\"@id\":\"https:\/\/www.domstavpro.com\/index.php\/produkt\/activa-kartac-na-cisteni-grilu-3v1-znackovy-7376\/#primaryimage\"},\"image\":{\"@id\":\"https:\/\/www.domstavpro.com\/index.php\/produkt\/activa-kartac-na-cisteni-grilu-3v1-znackovy-7376\/#primaryimage\"},\"thumbnailUrl\":\"https:\/\/www.domstavpro.com\/wp-content\/uploads\/2026\/SK0029461-CZ20260425-092328-0-1777080210-16900.webp\",\"datePublished\":\"2026-04-27T15:08:10+00:00\",\"breadcrumb\":{\"@id\":\"https:\/\/www.domstavpro.com\/index.php\/produkt\/activa-kartac-na-cisteni-grilu-3v1-znackovy-7376\/#breadcrumb\"},\"inLanguage\":\"cs\",\"potentialAction\":[{\"@type\":\"ReadAction\",\"target\":[\"https:\/\/www.domstavpro.com\/index.php\/produkt\/activa-kartac-na-cisteni-grilu-3v1-znackovy-7376\/\"]}]},{\"@type\":\"ImageObject\",\"inLanguage\":\"cs\",\"@id\":\"https:\/\/www.domstavpro.com\/index.php\/produkt\/activa-kartac-na-cisteni-grilu-3v1-znackovy-7376\/#primaryimage\",\"url\":\"https:\/\/www.domstavpro.com\/wp-content\/uploads\/2026\/SK0029461-CZ20260425-092328-0-1777080210-16900.webp\",\"contentUrl\":\"https:\/\/www.domstavpro.com\/wp-content\/uploads\/2026\/SK0029461-CZ20260425-092328-0-1777080210-16900.webp\",\"width\":800,\"height\":800},{\"@type\":\"BreadcrumbList\",\"@id\":\"https:\/\/www.domstavpro.com\/index.php\/produkt\/activa-kartac-na-cisteni-grilu-3v1-znackovy-7376\/#breadcrumb\",\"itemListElement\":[{\"@type\":\"ListItem\",\"position\":1,\"name\":\"Home\",\"item\":\"https:\/\/www.domstavpro.com\/\"},{\"@type\":\"ListItem\",\"position\":2,\"name\":\"Products\",\"item\":\"https:\/\/www.domstavpro.com\/index.php\/products\/\"},{\"@type\":\"ListItem\",\"position\":3,\"name\":\"Activa Kart\u00e1\u010d na \u010di\u0161t\u011bn\u00ed grilu 3v1 Zna\u010dkov\u00fd\"}]},{\"@type\":\"WebSite\",\"@id\":\"https:\/\/www.domstavpro.com\/#website\",\"url\":\"https:\/\/www.domstavpro.com\/\",\"name\":\"\",\"description\":\"\",\"potentialAction\":[{\"@type\":\"SearchAction\",\"target\":{\"@type\":\"EntryPoint\",\"urlTemplate\":\"https:\/\/www.domstavpro.com\/?s={search_term_string}\"},\"query-input\":{\"@type\":\"PropertyValueSpecification\",\"valueRequired\":true,\"valueName\":\"search_term_string\"}}],\"inLanguage\":\"cs\"}]}<\/script>\n<!-- \/ Yoast SEO plugin. -->","yoast_head_json":{"title":"Activa Kart\u00e1\u010d na \u010di\u0161t\u011bn\u00ed grilu 3v1 Zna\u010dkov\u00fd -","robots":{"index":"index","follow":"follow","max-snippet":"max-snippet:-1","max-image-preview":"max-image-preview:large","max-video-preview":"max-video-preview:-1"},"canonical":"https:\/\/www.domstavpro.com\/index.php\/produkt\/activa-kartac-na-cisteni-grilu-3v1-znackovy-7376\/","og_locale":"cs_CZ","og_type":"article","og_title":"Activa Kart\u00e1\u010d na \u010di\u0161t\u011bn\u00ed grilu 3v1 Zna\u010dkov\u00fd -","og_description":"Kart\u00e1\u010d na \u010di\u0161t\u011bn\u00ed gril\u016f Activa je praktick\u00fd pomocn\u00edk, kter\u00fd nem\u016f\u017ee chyb\u011bt u \u017e\u00e1dn\u00e9ho grilu. I kdy\u017e m\u00e1 velmi kompaktn\u00ed tvar a d\u00e9lku 12 cm, sdru\u017euje hned t\u0159i funkce. Na hrub\u00e9 ne\u010distoty m\u00e1 integrovanou \u0161krabku z nerezov\u00e9 oceli, na b\u011b\u017en\u00e9 \u010di\u0161t\u011bn\u00ed m\u00e1 praktick\u00fd ocelov\u00fd kart\u00e1\u010d z mosazi, kter\u00e1 chr\u00e1n\u00ed chromov\u00e9 d\u00edly p\u0159ed po\u0161kr\u00e1b\u00e1n\u00edm a na dole\u0161t\u011bn\u00ed [&hellip;]","og_url":"https:\/\/www.domstavpro.com\/index.php\/produkt\/activa-kartac-na-cisteni-grilu-3v1-znackovy-7376\/","og_image":[{"width":800,"height":800,"url":"https:\/\/www.domstavpro.com\/wp-content\/uploads\/2026\/SK0029461-CZ20260425-092328-0-1777080210-16900.webp","type":"image\/webp"}],"twitter_card":"summary_large_image","twitter_misc":{"Odhadovan\u00e1 doba \u010dten\u00ed":"1 minuta"},"schema":{"@context":"https:\/\/schema.org","@graph":[{"@type":"WebPage","@id":"https:\/\/www.domstavpro.com\/index.php\/produkt\/activa-kartac-na-cisteni-grilu-3v1-znackovy-7376\/","url":"https:\/\/www.domstavpro.com\/index.php\/produkt\/activa-kartac-na-cisteni-grilu-3v1-znackovy-7376\/","name":"Activa Kart\u00e1\u010d na \u010di\u0161t\u011bn\u00ed grilu 3v1 Zna\u010dkov\u00fd -","isPartOf":{"@id":"https:\/\/www.domstavpro.com\/#website"},"primaryImageOfPage":{"@id":"https:\/\/www.domstavpro.com\/index.php\/produkt\/activa-kartac-na-cisteni-grilu-3v1-znackovy-7376\/#primaryimage"},"image":{"@id":"https:\/\/www.domstavpro.com\/index.php\/produkt\/activa-kartac-na-cisteni-grilu-3v1-znackovy-7376\/#primaryimage"},"thumbnailUrl":"https:\/\/www.domstavpro.com\/wp-content\/uploads\/2026\/SK0029461-CZ20260425-092328-0-1777080210-16900.webp","datePublished":"2026-04-27T15:08:10+00:00","breadcrumb":{"@id":"https:\/\/www.domstavpro.com\/index.php\/produkt\/activa-kartac-na-cisteni-grilu-3v1-znackovy-7376\/#breadcrumb"},"inLanguage":"cs","potentialAction":[{"@type":"ReadAction","target":["https:\/\/www.domstavpro.com\/index.php\/produkt\/activa-kartac-na-cisteni-grilu-3v1-znackovy-7376\/"]}]},{"@type":"ImageObject","inLanguage":"cs","@id":"https:\/\/www.domstavpro.com\/index.php\/produkt\/activa-kartac-na-cisteni-grilu-3v1-znackovy-7376\/#primaryimage","url":"https:\/\/www.domstavpro.com\/wp-content\/uploads\/2026\/SK0029461-CZ20260425-092328-0-1777080210-16900.webp","contentUrl":"https:\/\/www.domstavpro.com\/wp-content\/uploads\/2026\/SK0029461-CZ20260425-092328-0-1777080210-16900.webp","width":800,"height":800},{"@type":"BreadcrumbList","@id":"https:\/\/www.domstavpro.com\/index.php\/produkt\/activa-kartac-na-cisteni-grilu-3v1-znackovy-7376\/#breadcrumb","itemListElement":[{"@type":"ListItem","position":1,"name":"Home","item":"https:\/\/www.domstavpro.com\/"},{"@type":"ListItem","position":2,"name":"Products","item":"https:\/\/www.domstavpro.com\/index.php\/products\/"},{"@type":"ListItem","position":3,"name":"Activa Kart\u00e1\u010d na \u010di\u0161t\u011bn\u00ed grilu 3v1 Zna\u010dkov\u00fd"}]},{"@type":"WebSite","@id":"https:\/\/www.domstavpro.com\/#website","url":"https:\/\/www.domstavpro.com\/","name":"","description":"","potentialAction":[{"@type":"SearchAction","target":{"@type":"EntryPoint","urlTemplate":"https:\/\/www.domstavpro.com\/?s={search_term_string}"},"query-input":{"@type":"PropertyValueSpecification","valueRequired":true,"valueName":"search_term_string"}}],"inLanguage":"cs"}]}},"_links":{"self":[{"href":"https:\/\/www.domstavpro.com\/index.php\/wp-json\/wp\/v2\/product\/7376","targetHints":{"allow":["GET"]}}],"collection":[{"href":"https:\/\/www.domstavpro.com\/index.php\/wp-json\/wp\/v2\/product"}],"about":[{"href":"https:\/\/www.domstavpro.com\/index.php\/wp-json\/wp\/v2\/types\/product"}],"replies":[{"embeddable":true,"href":"https:\/\/www.domstavpro.com\/index.php\/wp-json\/wp\/v2\/comments?post=7376"}],"wp:featuredmedia":[{"embeddable":true,"href":"https:\/\/www.domstavpro.com\/index.php\/wp-json\/wp\/v2\/media\/7476"}],"wp:attachment":[{"href":"https:\/\/www.domstavpro.com\/index.php\/wp-json\/wp\/v2\/media?parent=7376"}],"wp:term":[{"taxonomy":"product_brand","embeddable":true,"href":"https:\/\/www.domstavpro.com\/index.php\/wp-json\/wp\/v2\/product_brand?post=7376"},{"taxonomy":"product_cat","embeddable":true,"href":"https:\/\/www.domstavpro.com\/index.php\/wp-json\/wp\/v2\/product_cat?post=7376"},{"taxonomy":"product_tag","embeddable":true,"href":"https:\/\/www.domstavpro.com\/index.php\/wp-json\/wp\/v2\/product_tag?post=7376"}],"curies":[{"name":"wp","href":"https:\/\/api.w.org\/{rel}","templated":true}]}}