{"id":7373,"date":"2026-04-27T15:08:10","date_gmt":"2026-04-27T15:08:10","guid":{"rendered":""},"modified":"2026-04-27T15:08:10","modified_gmt":"2026-04-27T15:08:10","slug":"activa-plynove-zahradni-topidlo-9-kw-odeslani-ihned-7373","status":"publish","type":"product","link":"https:\/\/www.domstavpro.com\/index.php\/produkt\/activa-plynove-zahradni-topidlo-9-kw-odeslani-ihned-7373\/","title":{"rendered":"Activa Plynov\u00e9 zahradn\u00ed topidlo 9 kW Odesl\u00e1n\u00ed Ihned"},"content":{"rendered":"<table>\n<div class=\"tab-pane active product-description\" id=\"popis\" role=\"tabpanel\">\n<div class=\"short-description\" itemprop=\"description\"><\/div>\n<div class=\"description\"><span class='bullet-line'>Plynov\u00e9 zahradn\u00ed topidlo od n\u011bmeck\u00e9 spole\u010dnosti Activa se skv\u011ble hod\u00ed pro dotvo\u0159en\u00ed t\u00e9 spr\u00e1vn\u00e9 atmosf\u00e9ry a tepeln\u00e9 pohody p\u0159i grilov\u00e1n\u00ed \u010di posezen\u00ed s p\u0159\u00e1teli. <br \/><\/span><span class='bullet-line'>Topidlo je vybaveno revolu\u010dn\u00edm ho\u0159\u00e1kem \u201eEco-Plus\u201c , kter\u00e9 dok\u00e1\u017ee p\u0159i ni\u017e\u0161\u00edm nomin\u00e1ln\u00edm v\u00fdkonu vyz\u00e1\u0159it stejn\u00e9 mno\u017estv\u00ed tepla jako topidla s v\u011bt\u0161\u00edm odb\u011brem. <br \/><\/span><span class='bullet-line'>V\u00fdsledkem je nezanedbateln\u00e1 \u00faspora plynu a celkov\u011b ni\u017e\u0161\u00ed emise CO2. <br \/><\/span><span class='bullet-line'>Plyn se snadno zapaluje pomoc\u00ed piezo zapalova\u010de a tepeln\u00fd v\u00fdkon se d\u00e1 regulovat oto\u010dn\u00fdm ovlada\u010dem. <br \/><\/span><span class='bullet-line'>T\u011blo topidla je vyrobeno z nerezov\u00e9 oceli. <br \/><\/span><span class='bullet-line'>Odrazov\u00e1 plocha reflektoru je potom z lehk\u00e9ho hlin\u00edku. <br \/><\/span><span class='bullet-line'>Topidlo je vybaveno mal\u00fdmi pojezdov\u00fdmi kole\u010dky pro snadnou manipulaci. <br \/><\/span><span class='bullet-line'>Topidlo se dod\u00e1v\u00e1 v\u010detn\u011b hadice na PB a regul\u00e1toru. <br \/><\/span><span class='bullet-line'>Obsah balen\u00ed: \tzahradn\u00ed topidlo, hadice na PB, regul\u00e1tor.<\/span><\/div>\n<div class=\"parameters\">\n<tr>\n<td>P\u0159\u00edkon ho\u0159\u00e1ku  (kW):<\/td>\n<td>5 &#8211; 9<\/td>\n<\/tr>\n<tr>\n<td>Spot\u0159eba plynu  (g\/h):<\/td>\n<td>&#8211;<\/td>\n<\/tr>\n<tr>\n<td>Ho\u0159\u00e1k<\/td>\n<td>Eco-Plus<\/td>\n<\/tr>\n<tr>\n<td>Zapalov\u00e1n\u00ed<\/td>\n<td>piezo<\/td>\n<\/tr><\/div>\n<\/table>\n","protected":false},"excerpt":{"rendered":"<p>Plynov\u00e9 zahradn\u00ed topidlo od n\u011bmeck\u00e9 spole\u010dnosti Activa se skv\u011ble hod\u00ed pro dotvo\u0159en\u00ed t\u00e9 spr\u00e1vn\u00e9 atmosf\u00e9ry a tepeln\u00e9 pohody p\u0159i grilov\u00e1n\u00ed \u010di posezen\u00ed s p\u0159\u00e1teli. Topidlo je vybaveno revolu\u010dn\u00edm ho\u0159\u00e1kem \u201eEco-Plus\u201c , kter\u00e9 dok\u00e1\u017ee p\u0159i ni\u017e\u0161\u00edm nomin\u00e1ln\u00edm v\u00fdkonu vyz\u00e1\u0159it stejn\u00e9 mno\u017estv\u00ed tepla jako topidla s v\u011bt\u0161\u00edm odb\u011brem. V\u00fdsledkem je nezanedbateln\u00e1 \u00faspora plynu a celkov\u011b ni\u017e\u0161\u00ed emise [&hellip;]<\/p>\n","protected":false},"featured_media":7473,"comment_status":"open","ping_status":"open","template":"","meta":[],"product_brand":[],"product_cat":[40],"product_tag":[],"class_list":{"0":"post-7373","1":"product","2":"type-product","3":"status-publish","4":"has-post-thumbnail","6":"product_cat-stavebni-technika","8":"first","9":"instock","10":"sale","11":"shipping-taxable","12":"purchasable","13":"product-type-simple"},"yoast_head":"<!-- This site is optimized with the Yoast SEO plugin v26.8 - https:\/\/yoast.com\/product\/yoast-seo-wordpress\/ -->\n<title>Activa Plynov\u00e9 zahradn\u00ed topidlo 9 kW Odesl\u00e1n\u00ed Ihned -<\/title>\n<meta name=\"robots\" content=\"index, follow, max-snippet:-1, max-image-preview:large, max-video-preview:-1\" \/>\n<link rel=\"canonical\" href=\"https:\/\/www.domstavpro.com\/index.php\/produkt\/activa-plynove-zahradni-topidlo-9-kw-odeslani-ihned-7373\/\" \/>\n<meta property=\"og:locale\" content=\"cs_CZ\" \/>\n<meta property=\"og:type\" content=\"article\" \/>\n<meta property=\"og:title\" content=\"Activa Plynov\u00e9 zahradn\u00ed topidlo 9 kW Odesl\u00e1n\u00ed Ihned -\" \/>\n<meta property=\"og:description\" content=\"Plynov\u00e9 zahradn\u00ed topidlo od n\u011bmeck\u00e9 spole\u010dnosti Activa se skv\u011ble hod\u00ed pro dotvo\u0159en\u00ed t\u00e9 spr\u00e1vn\u00e9 atmosf\u00e9ry a tepeln\u00e9 pohody p\u0159i grilov\u00e1n\u00ed \u010di posezen\u00ed s p\u0159\u00e1teli. Topidlo je vybaveno revolu\u010dn\u00edm ho\u0159\u00e1kem \u201eEco-Plus\u201c , kter\u00e9 dok\u00e1\u017ee p\u0159i ni\u017e\u0161\u00edm nomin\u00e1ln\u00edm v\u00fdkonu vyz\u00e1\u0159it stejn\u00e9 mno\u017estv\u00ed tepla jako topidla s v\u011bt\u0161\u00edm odb\u011brem. V\u00fdsledkem je nezanedbateln\u00e1 \u00faspora plynu a celkov\u011b ni\u017e\u0161\u00ed emise [&hellip;]\" \/>\n<meta property=\"og:url\" content=\"https:\/\/www.domstavpro.com\/index.php\/produkt\/activa-plynove-zahradni-topidlo-9-kw-odeslani-ihned-7373\/\" \/>\n<meta property=\"og:image\" content=\"https:\/\/www.domstavpro.com\/wp-content\/uploads\/2026\/SK0029458-CZ20260425-092328-0-1777080210-13801.webp\" \/>\n\t<meta property=\"og:image:width\" content=\"800\" \/>\n\t<meta property=\"og:image:height\" content=\"800\" \/>\n\t<meta property=\"og:image:type\" content=\"image\/webp\" \/>\n<meta name=\"twitter:card\" content=\"summary_large_image\" \/>\n<meta name=\"twitter:label1\" content=\"Odhadovan\u00e1 doba \u010dten\u00ed\" \/>\n\t<meta name=\"twitter:data1\" content=\"1 minuta\" \/>\n<script type=\"application\/ld+json\" class=\"yoast-schema-graph\">{\"@context\":\"https:\/\/schema.org\",\"@graph\":[{\"@type\":\"WebPage\",\"@id\":\"https:\/\/www.domstavpro.com\/index.php\/produkt\/activa-plynove-zahradni-topidlo-9-kw-odeslani-ihned-7373\/\",\"url\":\"https:\/\/www.domstavpro.com\/index.php\/produkt\/activa-plynove-zahradni-topidlo-9-kw-odeslani-ihned-7373\/\",\"name\":\"Activa Plynov\u00e9 zahradn\u00ed topidlo 9 kW Odesl\u00e1n\u00ed Ihned -\",\"isPartOf\":{\"@id\":\"https:\/\/www.domstavpro.com\/#website\"},\"primaryImageOfPage\":{\"@id\":\"https:\/\/www.domstavpro.com\/index.php\/produkt\/activa-plynove-zahradni-topidlo-9-kw-odeslani-ihned-7373\/#primaryimage\"},\"image\":{\"@id\":\"https:\/\/www.domstavpro.com\/index.php\/produkt\/activa-plynove-zahradni-topidlo-9-kw-odeslani-ihned-7373\/#primaryimage\"},\"thumbnailUrl\":\"https:\/\/www.domstavpro.com\/wp-content\/uploads\/2026\/SK0029458-CZ20260425-092328-0-1777080210-13801.webp\",\"datePublished\":\"2026-04-27T15:08:10+00:00\",\"breadcrumb\":{\"@id\":\"https:\/\/www.domstavpro.com\/index.php\/produkt\/activa-plynove-zahradni-topidlo-9-kw-odeslani-ihned-7373\/#breadcrumb\"},\"inLanguage\":\"cs\",\"potentialAction\":[{\"@type\":\"ReadAction\",\"target\":[\"https:\/\/www.domstavpro.com\/index.php\/produkt\/activa-plynove-zahradni-topidlo-9-kw-odeslani-ihned-7373\/\"]}]},{\"@type\":\"ImageObject\",\"inLanguage\":\"cs\",\"@id\":\"https:\/\/www.domstavpro.com\/index.php\/produkt\/activa-plynove-zahradni-topidlo-9-kw-odeslani-ihned-7373\/#primaryimage\",\"url\":\"https:\/\/www.domstavpro.com\/wp-content\/uploads\/2026\/SK0029458-CZ20260425-092328-0-1777080210-13801.webp\",\"contentUrl\":\"https:\/\/www.domstavpro.com\/wp-content\/uploads\/2026\/SK0029458-CZ20260425-092328-0-1777080210-13801.webp\",\"width\":800,\"height\":800},{\"@type\":\"BreadcrumbList\",\"@id\":\"https:\/\/www.domstavpro.com\/index.php\/produkt\/activa-plynove-zahradni-topidlo-9-kw-odeslani-ihned-7373\/#breadcrumb\",\"itemListElement\":[{\"@type\":\"ListItem\",\"position\":1,\"name\":\"Home\",\"item\":\"https:\/\/www.domstavpro.com\/\"},{\"@type\":\"ListItem\",\"position\":2,\"name\":\"Products\",\"item\":\"https:\/\/www.domstavpro.com\/index.php\/products\/\"},{\"@type\":\"ListItem\",\"position\":3,\"name\":\"Activa Plynov\u00e9 zahradn\u00ed topidlo 9 kW Odesl\u00e1n\u00ed Ihned\"}]},{\"@type\":\"WebSite\",\"@id\":\"https:\/\/www.domstavpro.com\/#website\",\"url\":\"https:\/\/www.domstavpro.com\/\",\"name\":\"\",\"description\":\"\",\"potentialAction\":[{\"@type\":\"SearchAction\",\"target\":{\"@type\":\"EntryPoint\",\"urlTemplate\":\"https:\/\/www.domstavpro.com\/?s={search_term_string}\"},\"query-input\":{\"@type\":\"PropertyValueSpecification\",\"valueRequired\":true,\"valueName\":\"search_term_string\"}}],\"inLanguage\":\"cs\"}]}<\/script>\n<!-- \/ Yoast SEO plugin. -->","yoast_head_json":{"title":"Activa Plynov\u00e9 zahradn\u00ed topidlo 9 kW Odesl\u00e1n\u00ed Ihned -","robots":{"index":"index","follow":"follow","max-snippet":"max-snippet:-1","max-image-preview":"max-image-preview:large","max-video-preview":"max-video-preview:-1"},"canonical":"https:\/\/www.domstavpro.com\/index.php\/produkt\/activa-plynove-zahradni-topidlo-9-kw-odeslani-ihned-7373\/","og_locale":"cs_CZ","og_type":"article","og_title":"Activa Plynov\u00e9 zahradn\u00ed topidlo 9 kW Odesl\u00e1n\u00ed Ihned -","og_description":"Plynov\u00e9 zahradn\u00ed topidlo od n\u011bmeck\u00e9 spole\u010dnosti Activa se skv\u011ble hod\u00ed pro dotvo\u0159en\u00ed t\u00e9 spr\u00e1vn\u00e9 atmosf\u00e9ry a tepeln\u00e9 pohody p\u0159i grilov\u00e1n\u00ed \u010di posezen\u00ed s p\u0159\u00e1teli. Topidlo je vybaveno revolu\u010dn\u00edm ho\u0159\u00e1kem \u201eEco-Plus\u201c , kter\u00e9 dok\u00e1\u017ee p\u0159i ni\u017e\u0161\u00edm nomin\u00e1ln\u00edm v\u00fdkonu vyz\u00e1\u0159it stejn\u00e9 mno\u017estv\u00ed tepla jako topidla s v\u011bt\u0161\u00edm odb\u011brem. V\u00fdsledkem je nezanedbateln\u00e1 \u00faspora plynu a celkov\u011b ni\u017e\u0161\u00ed emise [&hellip;]","og_url":"https:\/\/www.domstavpro.com\/index.php\/produkt\/activa-plynove-zahradni-topidlo-9-kw-odeslani-ihned-7373\/","og_image":[{"width":800,"height":800,"url":"https:\/\/www.domstavpro.com\/wp-content\/uploads\/2026\/SK0029458-CZ20260425-092328-0-1777080210-13801.webp","type":"image\/webp"}],"twitter_card":"summary_large_image","twitter_misc":{"Odhadovan\u00e1 doba \u010dten\u00ed":"1 minuta"},"schema":{"@context":"https:\/\/schema.org","@graph":[{"@type":"WebPage","@id":"https:\/\/www.domstavpro.com\/index.php\/produkt\/activa-plynove-zahradni-topidlo-9-kw-odeslani-ihned-7373\/","url":"https:\/\/www.domstavpro.com\/index.php\/produkt\/activa-plynove-zahradni-topidlo-9-kw-odeslani-ihned-7373\/","name":"Activa Plynov\u00e9 zahradn\u00ed topidlo 9 kW Odesl\u00e1n\u00ed Ihned -","isPartOf":{"@id":"https:\/\/www.domstavpro.com\/#website"},"primaryImageOfPage":{"@id":"https:\/\/www.domstavpro.com\/index.php\/produkt\/activa-plynove-zahradni-topidlo-9-kw-odeslani-ihned-7373\/#primaryimage"},"image":{"@id":"https:\/\/www.domstavpro.com\/index.php\/produkt\/activa-plynove-zahradni-topidlo-9-kw-odeslani-ihned-7373\/#primaryimage"},"thumbnailUrl":"https:\/\/www.domstavpro.com\/wp-content\/uploads\/2026\/SK0029458-CZ20260425-092328-0-1777080210-13801.webp","datePublished":"2026-04-27T15:08:10+00:00","breadcrumb":{"@id":"https:\/\/www.domstavpro.com\/index.php\/produkt\/activa-plynove-zahradni-topidlo-9-kw-odeslani-ihned-7373\/#breadcrumb"},"inLanguage":"cs","potentialAction":[{"@type":"ReadAction","target":["https:\/\/www.domstavpro.com\/index.php\/produkt\/activa-plynove-zahradni-topidlo-9-kw-odeslani-ihned-7373\/"]}]},{"@type":"ImageObject","inLanguage":"cs","@id":"https:\/\/www.domstavpro.com\/index.php\/produkt\/activa-plynove-zahradni-topidlo-9-kw-odeslani-ihned-7373\/#primaryimage","url":"https:\/\/www.domstavpro.com\/wp-content\/uploads\/2026\/SK0029458-CZ20260425-092328-0-1777080210-13801.webp","contentUrl":"https:\/\/www.domstavpro.com\/wp-content\/uploads\/2026\/SK0029458-CZ20260425-092328-0-1777080210-13801.webp","width":800,"height":800},{"@type":"BreadcrumbList","@id":"https:\/\/www.domstavpro.com\/index.php\/produkt\/activa-plynove-zahradni-topidlo-9-kw-odeslani-ihned-7373\/#breadcrumb","itemListElement":[{"@type":"ListItem","position":1,"name":"Home","item":"https:\/\/www.domstavpro.com\/"},{"@type":"ListItem","position":2,"name":"Products","item":"https:\/\/www.domstavpro.com\/index.php\/products\/"},{"@type":"ListItem","position":3,"name":"Activa Plynov\u00e9 zahradn\u00ed topidlo 9 kW Odesl\u00e1n\u00ed Ihned"}]},{"@type":"WebSite","@id":"https:\/\/www.domstavpro.com\/#website","url":"https:\/\/www.domstavpro.com\/","name":"","description":"","potentialAction":[{"@type":"SearchAction","target":{"@type":"EntryPoint","urlTemplate":"https:\/\/www.domstavpro.com\/?s={search_term_string}"},"query-input":{"@type":"PropertyValueSpecification","valueRequired":true,"valueName":"search_term_string"}}],"inLanguage":"cs"}]}},"_links":{"self":[{"href":"https:\/\/www.domstavpro.com\/index.php\/wp-json\/wp\/v2\/product\/7373","targetHints":{"allow":["GET"]}}],"collection":[{"href":"https:\/\/www.domstavpro.com\/index.php\/wp-json\/wp\/v2\/product"}],"about":[{"href":"https:\/\/www.domstavpro.com\/index.php\/wp-json\/wp\/v2\/types\/product"}],"replies":[{"embeddable":true,"href":"https:\/\/www.domstavpro.com\/index.php\/wp-json\/wp\/v2\/comments?post=7373"}],"wp:featuredmedia":[{"embeddable":true,"href":"https:\/\/www.domstavpro.com\/index.php\/wp-json\/wp\/v2\/media\/7473"}],"wp:attachment":[{"href":"https:\/\/www.domstavpro.com\/index.php\/wp-json\/wp\/v2\/media?parent=7373"}],"wp:term":[{"taxonomy":"product_brand","embeddable":true,"href":"https:\/\/www.domstavpro.com\/index.php\/wp-json\/wp\/v2\/product_brand?post=7373"},{"taxonomy":"product_cat","embeddable":true,"href":"https:\/\/www.domstavpro.com\/index.php\/wp-json\/wp\/v2\/product_cat?post=7373"},{"taxonomy":"product_tag","embeddable":true,"href":"https:\/\/www.domstavpro.com\/index.php\/wp-json\/wp\/v2\/product_tag?post=7373"}],"curies":[{"name":"wp","href":"https:\/\/api.w.org\/{rel}","templated":true}]}}