{"id":7372,"date":"2026-04-27T15:08:10","date_gmt":"2026-04-27T15:08:10","guid":{"rendered":""},"modified":"2026-04-27T15:08:10","modified_gmt":"2026-04-27T15:08:10","slug":"activa-kryt-zahradniho-topidla-premium-bezpecna-platba-7372","status":"publish","type":"product","link":"https:\/\/www.domstavpro.com\/index.php\/produkt\/activa-kryt-zahradniho-topidla-premium-bezpecna-platba-7372\/","title":{"rendered":"Activa Kryt zahradn\u00edho topidla PREMIUM Bezpe\u010dn\u00e1 Platba"},"content":{"rendered":"<table>\n<div class=\"tab-pane active product-description\" id=\"popis\" role=\"tabpanel\">\n<div class=\"short-description\" itemprop=\"description\"><\/div>\n<div class=\"description\"><span class='bullet-line'>Kvalitn\u00ed vod\u011bodoln\u00fd kryt zahradn\u00edho topidla vyroben\u00fd z kombinace polyesteru a PVC. <br \/><\/span><span class='bullet-line'>Vhodn\u00fd pro model 13600.<\/span><\/div>\n<\/table>\n","protected":false},"excerpt":{"rendered":"<p>Kvalitn\u00ed vod\u011bodoln\u00fd kryt zahradn\u00edho topidla vyroben\u00fd z kombinace polyesteru a PVC. Vhodn\u00fd pro model 13600.<\/p>\n","protected":false},"featured_media":7472,"comment_status":"open","ping_status":"open","template":"","meta":[],"product_brand":[],"product_cat":[40],"product_tag":[],"class_list":{"0":"post-7372","1":"product","2":"type-product","3":"status-publish","4":"has-post-thumbnail","6":"product_cat-stavebni-technika","8":"first","9":"instock","10":"sale","11":"shipping-taxable","12":"purchasable","13":"product-type-simple"},"yoast_head":"<!-- This site is optimized with the Yoast SEO plugin v26.8 - https:\/\/yoast.com\/product\/yoast-seo-wordpress\/ -->\n<title>Activa Kryt zahradn\u00edho topidla PREMIUM Bezpe\u010dn\u00e1 Platba -<\/title>\n<meta name=\"robots\" content=\"index, follow, max-snippet:-1, max-image-preview:large, max-video-preview:-1\" \/>\n<link rel=\"canonical\" href=\"https:\/\/www.domstavpro.com\/index.php\/produkt\/activa-kryt-zahradniho-topidla-premium-bezpecna-platba-7372\/\" \/>\n<meta property=\"og:locale\" content=\"cs_CZ\" \/>\n<meta property=\"og:type\" content=\"article\" \/>\n<meta property=\"og:title\" content=\"Activa Kryt zahradn\u00edho topidla PREMIUM Bezpe\u010dn\u00e1 Platba -\" \/>\n<meta property=\"og:description\" content=\"Kvalitn\u00ed vod\u011bodoln\u00fd kryt zahradn\u00edho topidla vyroben\u00fd z kombinace polyesteru a PVC. Vhodn\u00fd pro model 13600.\" \/>\n<meta property=\"og:url\" content=\"https:\/\/www.domstavpro.com\/index.php\/produkt\/activa-kryt-zahradniho-topidla-premium-bezpecna-platba-7372\/\" \/>\n<meta property=\"og:image\" content=\"https:\/\/www.domstavpro.com\/wp-content\/uploads\/2026\/SK0029457-CZ20260425-092328-0-1777080210-13650.webp\" \/>\n\t<meta property=\"og:image:width\" content=\"800\" \/>\n\t<meta property=\"og:image:height\" content=\"800\" \/>\n\t<meta property=\"og:image:type\" content=\"image\/webp\" \/>\n<meta name=\"twitter:card\" content=\"summary_large_image\" \/>\n<script type=\"application\/ld+json\" class=\"yoast-schema-graph\">{\"@context\":\"https:\/\/schema.org\",\"@graph\":[{\"@type\":\"WebPage\",\"@id\":\"https:\/\/www.domstavpro.com\/index.php\/produkt\/activa-kryt-zahradniho-topidla-premium-bezpecna-platba-7372\/\",\"url\":\"https:\/\/www.domstavpro.com\/index.php\/produkt\/activa-kryt-zahradniho-topidla-premium-bezpecna-platba-7372\/\",\"name\":\"Activa Kryt zahradn\u00edho topidla PREMIUM Bezpe\u010dn\u00e1 Platba -\",\"isPartOf\":{\"@id\":\"https:\/\/www.domstavpro.com\/#website\"},\"primaryImageOfPage\":{\"@id\":\"https:\/\/www.domstavpro.com\/index.php\/produkt\/activa-kryt-zahradniho-topidla-premium-bezpecna-platba-7372\/#primaryimage\"},\"image\":{\"@id\":\"https:\/\/www.domstavpro.com\/index.php\/produkt\/activa-kryt-zahradniho-topidla-premium-bezpecna-platba-7372\/#primaryimage\"},\"thumbnailUrl\":\"https:\/\/www.domstavpro.com\/wp-content\/uploads\/2026\/SK0029457-CZ20260425-092328-0-1777080210-13650.webp\",\"datePublished\":\"2026-04-27T15:08:10+00:00\",\"breadcrumb\":{\"@id\":\"https:\/\/www.domstavpro.com\/index.php\/produkt\/activa-kryt-zahradniho-topidla-premium-bezpecna-platba-7372\/#breadcrumb\"},\"inLanguage\":\"cs\",\"potentialAction\":[{\"@type\":\"ReadAction\",\"target\":[\"https:\/\/www.domstavpro.com\/index.php\/produkt\/activa-kryt-zahradniho-topidla-premium-bezpecna-platba-7372\/\"]}]},{\"@type\":\"ImageObject\",\"inLanguage\":\"cs\",\"@id\":\"https:\/\/www.domstavpro.com\/index.php\/produkt\/activa-kryt-zahradniho-topidla-premium-bezpecna-platba-7372\/#primaryimage\",\"url\":\"https:\/\/www.domstavpro.com\/wp-content\/uploads\/2026\/SK0029457-CZ20260425-092328-0-1777080210-13650.webp\",\"contentUrl\":\"https:\/\/www.domstavpro.com\/wp-content\/uploads\/2026\/SK0029457-CZ20260425-092328-0-1777080210-13650.webp\",\"width\":800,\"height\":800},{\"@type\":\"BreadcrumbList\",\"@id\":\"https:\/\/www.domstavpro.com\/index.php\/produkt\/activa-kryt-zahradniho-topidla-premium-bezpecna-platba-7372\/#breadcrumb\",\"itemListElement\":[{\"@type\":\"ListItem\",\"position\":1,\"name\":\"Home\",\"item\":\"https:\/\/www.domstavpro.com\/\"},{\"@type\":\"ListItem\",\"position\":2,\"name\":\"Products\",\"item\":\"https:\/\/www.domstavpro.com\/index.php\/products\/\"},{\"@type\":\"ListItem\",\"position\":3,\"name\":\"Activa Kryt zahradn\u00edho topidla PREMIUM Bezpe\u010dn\u00e1 Platba\"}]},{\"@type\":\"WebSite\",\"@id\":\"https:\/\/www.domstavpro.com\/#website\",\"url\":\"https:\/\/www.domstavpro.com\/\",\"name\":\"\",\"description\":\"\",\"potentialAction\":[{\"@type\":\"SearchAction\",\"target\":{\"@type\":\"EntryPoint\",\"urlTemplate\":\"https:\/\/www.domstavpro.com\/?s={search_term_string}\"},\"query-input\":{\"@type\":\"PropertyValueSpecification\",\"valueRequired\":true,\"valueName\":\"search_term_string\"}}],\"inLanguage\":\"cs\"}]}<\/script>\n<!-- \/ Yoast SEO plugin. -->","yoast_head_json":{"title":"Activa Kryt zahradn\u00edho topidla PREMIUM Bezpe\u010dn\u00e1 Platba -","robots":{"index":"index","follow":"follow","max-snippet":"max-snippet:-1","max-image-preview":"max-image-preview:large","max-video-preview":"max-video-preview:-1"},"canonical":"https:\/\/www.domstavpro.com\/index.php\/produkt\/activa-kryt-zahradniho-topidla-premium-bezpecna-platba-7372\/","og_locale":"cs_CZ","og_type":"article","og_title":"Activa Kryt zahradn\u00edho topidla PREMIUM Bezpe\u010dn\u00e1 Platba -","og_description":"Kvalitn\u00ed vod\u011bodoln\u00fd kryt zahradn\u00edho topidla vyroben\u00fd z kombinace polyesteru a PVC. Vhodn\u00fd pro model 13600.","og_url":"https:\/\/www.domstavpro.com\/index.php\/produkt\/activa-kryt-zahradniho-topidla-premium-bezpecna-platba-7372\/","og_image":[{"width":800,"height":800,"url":"https:\/\/www.domstavpro.com\/wp-content\/uploads\/2026\/SK0029457-CZ20260425-092328-0-1777080210-13650.webp","type":"image\/webp"}],"twitter_card":"summary_large_image","schema":{"@context":"https:\/\/schema.org","@graph":[{"@type":"WebPage","@id":"https:\/\/www.domstavpro.com\/index.php\/produkt\/activa-kryt-zahradniho-topidla-premium-bezpecna-platba-7372\/","url":"https:\/\/www.domstavpro.com\/index.php\/produkt\/activa-kryt-zahradniho-topidla-premium-bezpecna-platba-7372\/","name":"Activa Kryt zahradn\u00edho topidla PREMIUM Bezpe\u010dn\u00e1 Platba -","isPartOf":{"@id":"https:\/\/www.domstavpro.com\/#website"},"primaryImageOfPage":{"@id":"https:\/\/www.domstavpro.com\/index.php\/produkt\/activa-kryt-zahradniho-topidla-premium-bezpecna-platba-7372\/#primaryimage"},"image":{"@id":"https:\/\/www.domstavpro.com\/index.php\/produkt\/activa-kryt-zahradniho-topidla-premium-bezpecna-platba-7372\/#primaryimage"},"thumbnailUrl":"https:\/\/www.domstavpro.com\/wp-content\/uploads\/2026\/SK0029457-CZ20260425-092328-0-1777080210-13650.webp","datePublished":"2026-04-27T15:08:10+00:00","breadcrumb":{"@id":"https:\/\/www.domstavpro.com\/index.php\/produkt\/activa-kryt-zahradniho-topidla-premium-bezpecna-platba-7372\/#breadcrumb"},"inLanguage":"cs","potentialAction":[{"@type":"ReadAction","target":["https:\/\/www.domstavpro.com\/index.php\/produkt\/activa-kryt-zahradniho-topidla-premium-bezpecna-platba-7372\/"]}]},{"@type":"ImageObject","inLanguage":"cs","@id":"https:\/\/www.domstavpro.com\/index.php\/produkt\/activa-kryt-zahradniho-topidla-premium-bezpecna-platba-7372\/#primaryimage","url":"https:\/\/www.domstavpro.com\/wp-content\/uploads\/2026\/SK0029457-CZ20260425-092328-0-1777080210-13650.webp","contentUrl":"https:\/\/www.domstavpro.com\/wp-content\/uploads\/2026\/SK0029457-CZ20260425-092328-0-1777080210-13650.webp","width":800,"height":800},{"@type":"BreadcrumbList","@id":"https:\/\/www.domstavpro.com\/index.php\/produkt\/activa-kryt-zahradniho-topidla-premium-bezpecna-platba-7372\/#breadcrumb","itemListElement":[{"@type":"ListItem","position":1,"name":"Home","item":"https:\/\/www.domstavpro.com\/"},{"@type":"ListItem","position":2,"name":"Products","item":"https:\/\/www.domstavpro.com\/index.php\/products\/"},{"@type":"ListItem","position":3,"name":"Activa Kryt zahradn\u00edho topidla PREMIUM Bezpe\u010dn\u00e1 Platba"}]},{"@type":"WebSite","@id":"https:\/\/www.domstavpro.com\/#website","url":"https:\/\/www.domstavpro.com\/","name":"","description":"","potentialAction":[{"@type":"SearchAction","target":{"@type":"EntryPoint","urlTemplate":"https:\/\/www.domstavpro.com\/?s={search_term_string}"},"query-input":{"@type":"PropertyValueSpecification","valueRequired":true,"valueName":"search_term_string"}}],"inLanguage":"cs"}]}},"_links":{"self":[{"href":"https:\/\/www.domstavpro.com\/index.php\/wp-json\/wp\/v2\/product\/7372","targetHints":{"allow":["GET"]}}],"collection":[{"href":"https:\/\/www.domstavpro.com\/index.php\/wp-json\/wp\/v2\/product"}],"about":[{"href":"https:\/\/www.domstavpro.com\/index.php\/wp-json\/wp\/v2\/types\/product"}],"replies":[{"embeddable":true,"href":"https:\/\/www.domstavpro.com\/index.php\/wp-json\/wp\/v2\/comments?post=7372"}],"wp:featuredmedia":[{"embeddable":true,"href":"https:\/\/www.domstavpro.com\/index.php\/wp-json\/wp\/v2\/media\/7472"}],"wp:attachment":[{"href":"https:\/\/www.domstavpro.com\/index.php\/wp-json\/wp\/v2\/media?parent=7372"}],"wp:term":[{"taxonomy":"product_brand","embeddable":true,"href":"https:\/\/www.domstavpro.com\/index.php\/wp-json\/wp\/v2\/product_brand?post=7372"},{"taxonomy":"product_cat","embeddable":true,"href":"https:\/\/www.domstavpro.com\/index.php\/wp-json\/wp\/v2\/product_cat?post=7372"},{"taxonomy":"product_tag","embeddable":true,"href":"https:\/\/www.domstavpro.com\/index.php\/wp-json\/wp\/v2\/product_tag?post=7372"}],"curies":[{"name":"wp","href":"https:\/\/api.w.org\/{rel}","templated":true}]}}