{"id":7371,"date":"2026-04-27T15:08:10","date_gmt":"2026-04-27T15:08:10","guid":{"rendered":""},"modified":"2026-04-27T15:08:10","modified_gmt":"2026-04-27T15:08:10","slug":"kup-ted-activa-cheops-plynove-zahradni-topidlo-7371","status":"publish","type":"product","link":"https:\/\/www.domstavpro.com\/index.php\/produkt\/kup-ted-activa-cheops-plynove-zahradni-topidlo-7371\/","title":{"rendered":"Kup Te\u010f Activa Cheops &#8211; plynov\u00e9 zahradn\u00ed topidlo"},"content":{"rendered":"<table>\n<div class=\"tab-pane active product-description\" id=\"popis\" role=\"tabpanel\">\n<div class=\"short-description\" itemprop=\"description\"><\/div>\n<div class=\"description\"><span class='bullet-line'>Doporu\u010dujeme dopravu TopTrans<br \/><\/span><span class='bullet-line'>Designov\u00e9 plynov\u00e9 zahradn\u00ed topidlo od n\u011bmeck\u00e9 spole\u010dnosti Activa nejen\u017ee \u00fa\u017easn\u011b vypad\u00e1, ale d\u00edky propracovan\u00e9 technologii je i dokonale funk\u010dn\u00ed. <br \/><\/span><span class='bullet-line'>Bude se kr\u00e1sn\u011b vyj\u00edmat nejenom pod priv\u00e1tn\u00ed pergolou, ale i na p\u0159edzahr\u00e1dk\u00e1ch a venkovn\u00edch teras\u00e1ch u restaurac\u00ed nebo hotel\u016f. <br \/><\/span><span class='bullet-line'>Tepelnou pohodu vytv\u00e1\u0159\u00ed nejenom vysok\u00e1 \u00fa\u010dinnost zdroje, ale i pohled na \u201e\u017eiv\u00fd\u201c ohe\u0148, kter\u00fd vytv\u00e1\u0159\u00ed dokonal\u00e9 optick\u00e9 efekty. <br \/><\/span><span class='bullet-line'>Co odli\u0161uje Activu od ostatn\u00edch, je pou\u017eit\u00ed jen t\u011bch nejlep\u0161\u00edch komponent\u016f s dlouhou \u017eivotnost\u00ed. <br \/><\/span><span class='bullet-line'>Z\u00e1kladem je sklen\u011bn\u00fd tubus, kter\u00fd je vyr\u00e1b\u011bn v N\u011bmecku ve \u0161pi\u010dkov\u00e9m z\u00e1vodu spole\u010dnosti SCHOTT. <br \/><\/span><span class='bullet-line'>Pouze takov\u00fd v\u00fdrobek je nete\u010dn\u00fd v\u016f\u010di prudk\u00fdm zm\u011bn\u00e1m teplot (nap\u0159\u00edklad pokud se na rozp\u00e1lenou trubici dostane p\u0159i de\u0161ti voda) a je i st\u00e1lobarevn\u00fd. <br \/><\/span><span class='bullet-line'>Zbytek byteln\u00e9 konstrukce je vyroben z hlin\u00edku a nerezov\u00e9ho plechu, co\u017e je z\u00e1rukou velmi dlouh\u00e9 \u017eivotnosti. <br \/><\/span><span class='bullet-line'>D\u00e1le je topidlo vybaveno automatick\u00fdm vyp\u00edna\u010dem p\u0159i nadm\u011brn\u00e9m n\u00e1klonu a pojezdov\u00fdmi kole\u010dky pro snadnou manipulaci.<br \/><\/span><span class='bullet-line'>Topidlo se dod\u00e1v\u00e1 v\u010detn\u011b hadice na PB a regul\u00e1toru.<\/span><\/div>\n<div class=\"parameters\">\n<tr>\n<td>P\u0159\u00edkon ho\u0159\u00e1ku  (kW):<\/td>\n<td>10,5<\/td>\n<\/tr>\n<tr>\n<td>Spot\u0159eba plynu  (g\/h):<\/td>\n<td>&#8211;<\/td>\n<\/tr>\n<tr>\n<td>Ho\u0159\u00e1k<\/td>\n<td>&#8211;<\/td>\n<\/tr>\n<tr>\n<td>Zapalov\u00e1n\u00ed<\/td>\n<td>piezo<\/td>\n<\/tr><\/div>\n<\/table>\n","protected":false},"excerpt":{"rendered":"<p>Doporu\u010dujeme dopravu TopTransDesignov\u00e9 plynov\u00e9 zahradn\u00ed topidlo od n\u011bmeck\u00e9 spole\u010dnosti Activa nejen\u017ee \u00fa\u017easn\u011b vypad\u00e1, ale d\u00edky propracovan\u00e9 technologii je i dokonale funk\u010dn\u00ed. Bude se kr\u00e1sn\u011b vyj\u00edmat nejenom pod priv\u00e1tn\u00ed pergolou, ale i na p\u0159edzahr\u00e1dk\u00e1ch a venkovn\u00edch teras\u00e1ch u restaurac\u00ed nebo hotel\u016f. Tepelnou pohodu vytv\u00e1\u0159\u00ed nejenom vysok\u00e1 \u00fa\u010dinnost zdroje, ale i pohled na \u201e\u017eiv\u00fd\u201c ohe\u0148, kter\u00fd vytv\u00e1\u0159\u00ed [&hellip;]<\/p>\n","protected":false},"featured_media":7471,"comment_status":"open","ping_status":"open","template":"","meta":[],"product_brand":[],"product_cat":[40],"product_tag":[],"class_list":{"0":"post-7371","1":"product","2":"type-product","3":"status-publish","4":"has-post-thumbnail","6":"product_cat-stavebni-technika","8":"first","9":"instock","10":"sale","11":"shipping-taxable","12":"purchasable","13":"product-type-simple"},"yoast_head":"<!-- This site is optimized with the Yoast SEO plugin v26.8 - https:\/\/yoast.com\/product\/yoast-seo-wordpress\/ -->\n<title>Kup Te\u010f Activa Cheops - plynov\u00e9 zahradn\u00ed topidlo -<\/title>\n<meta name=\"robots\" content=\"index, follow, max-snippet:-1, max-image-preview:large, max-video-preview:-1\" \/>\n<link rel=\"canonical\" href=\"https:\/\/www.domstavpro.com\/index.php\/produkt\/kup-ted-activa-cheops-plynove-zahradni-topidlo-7371\/\" \/>\n<meta property=\"og:locale\" content=\"cs_CZ\" \/>\n<meta property=\"og:type\" content=\"article\" \/>\n<meta property=\"og:title\" content=\"Kup Te\u010f Activa Cheops - plynov\u00e9 zahradn\u00ed topidlo -\" \/>\n<meta property=\"og:description\" content=\"Doporu\u010dujeme dopravu TopTransDesignov\u00e9 plynov\u00e9 zahradn\u00ed topidlo od n\u011bmeck\u00e9 spole\u010dnosti Activa nejen\u017ee \u00fa\u017easn\u011b vypad\u00e1, ale d\u00edky propracovan\u00e9 technologii je i dokonale funk\u010dn\u00ed. Bude se kr\u00e1sn\u011b vyj\u00edmat nejenom pod priv\u00e1tn\u00ed pergolou, ale i na p\u0159edzahr\u00e1dk\u00e1ch a venkovn\u00edch teras\u00e1ch u restaurac\u00ed nebo hotel\u016f. Tepelnou pohodu vytv\u00e1\u0159\u00ed nejenom vysok\u00e1 \u00fa\u010dinnost zdroje, ale i pohled na \u201e\u017eiv\u00fd\u201c ohe\u0148, kter\u00fd vytv\u00e1\u0159\u00ed [&hellip;]\" \/>\n<meta property=\"og:url\" content=\"https:\/\/www.domstavpro.com\/index.php\/produkt\/kup-ted-activa-cheops-plynove-zahradni-topidlo-7371\/\" \/>\n<meta property=\"og:image\" content=\"https:\/\/www.domstavpro.com\/wp-content\/uploads\/2026\/SK0029456-CZ20260425-092328-0-1777080210-13600.webp\" \/>\n\t<meta property=\"og:image:width\" content=\"308\" \/>\n\t<meta property=\"og:image:height\" content=\"800\" \/>\n\t<meta property=\"og:image:type\" content=\"image\/webp\" \/>\n<meta name=\"twitter:card\" content=\"summary_large_image\" \/>\n<meta name=\"twitter:label1\" content=\"Odhadovan\u00e1 doba \u010dten\u00ed\" \/>\n\t<meta name=\"twitter:data1\" content=\"1 minuta\" \/>\n<script type=\"application\/ld+json\" class=\"yoast-schema-graph\">{\"@context\":\"https:\/\/schema.org\",\"@graph\":[{\"@type\":\"WebPage\",\"@id\":\"https:\/\/www.domstavpro.com\/index.php\/produkt\/kup-ted-activa-cheops-plynove-zahradni-topidlo-7371\/\",\"url\":\"https:\/\/www.domstavpro.com\/index.php\/produkt\/kup-ted-activa-cheops-plynove-zahradni-topidlo-7371\/\",\"name\":\"Kup Te\u010f Activa Cheops - plynov\u00e9 zahradn\u00ed topidlo -\",\"isPartOf\":{\"@id\":\"https:\/\/www.domstavpro.com\/#website\"},\"primaryImageOfPage\":{\"@id\":\"https:\/\/www.domstavpro.com\/index.php\/produkt\/kup-ted-activa-cheops-plynove-zahradni-topidlo-7371\/#primaryimage\"},\"image\":{\"@id\":\"https:\/\/www.domstavpro.com\/index.php\/produkt\/kup-ted-activa-cheops-plynove-zahradni-topidlo-7371\/#primaryimage\"},\"thumbnailUrl\":\"https:\/\/www.domstavpro.com\/wp-content\/uploads\/2026\/SK0029456-CZ20260425-092328-0-1777080210-13600.webp\",\"datePublished\":\"2026-04-27T15:08:10+00:00\",\"breadcrumb\":{\"@id\":\"https:\/\/www.domstavpro.com\/index.php\/produkt\/kup-ted-activa-cheops-plynove-zahradni-topidlo-7371\/#breadcrumb\"},\"inLanguage\":\"cs\",\"potentialAction\":[{\"@type\":\"ReadAction\",\"target\":[\"https:\/\/www.domstavpro.com\/index.php\/produkt\/kup-ted-activa-cheops-plynove-zahradni-topidlo-7371\/\"]}]},{\"@type\":\"ImageObject\",\"inLanguage\":\"cs\",\"@id\":\"https:\/\/www.domstavpro.com\/index.php\/produkt\/kup-ted-activa-cheops-plynove-zahradni-topidlo-7371\/#primaryimage\",\"url\":\"https:\/\/www.domstavpro.com\/wp-content\/uploads\/2026\/SK0029456-CZ20260425-092328-0-1777080210-13600.webp\",\"contentUrl\":\"https:\/\/www.domstavpro.com\/wp-content\/uploads\/2026\/SK0029456-CZ20260425-092328-0-1777080210-13600.webp\",\"width\":308,\"height\":800},{\"@type\":\"BreadcrumbList\",\"@id\":\"https:\/\/www.domstavpro.com\/index.php\/produkt\/kup-ted-activa-cheops-plynove-zahradni-topidlo-7371\/#breadcrumb\",\"itemListElement\":[{\"@type\":\"ListItem\",\"position\":1,\"name\":\"Home\",\"item\":\"https:\/\/www.domstavpro.com\/\"},{\"@type\":\"ListItem\",\"position\":2,\"name\":\"Products\",\"item\":\"https:\/\/www.domstavpro.com\/index.php\/products\/\"},{\"@type\":\"ListItem\",\"position\":3,\"name\":\"Kup Te\u010f Activa Cheops &#8211; plynov\u00e9 zahradn\u00ed topidlo\"}]},{\"@type\":\"WebSite\",\"@id\":\"https:\/\/www.domstavpro.com\/#website\",\"url\":\"https:\/\/www.domstavpro.com\/\",\"name\":\"\",\"description\":\"\",\"potentialAction\":[{\"@type\":\"SearchAction\",\"target\":{\"@type\":\"EntryPoint\",\"urlTemplate\":\"https:\/\/www.domstavpro.com\/?s={search_term_string}\"},\"query-input\":{\"@type\":\"PropertyValueSpecification\",\"valueRequired\":true,\"valueName\":\"search_term_string\"}}],\"inLanguage\":\"cs\"}]}<\/script>\n<!-- \/ Yoast SEO plugin. -->","yoast_head_json":{"title":"Kup Te\u010f Activa Cheops - plynov\u00e9 zahradn\u00ed topidlo -","robots":{"index":"index","follow":"follow","max-snippet":"max-snippet:-1","max-image-preview":"max-image-preview:large","max-video-preview":"max-video-preview:-1"},"canonical":"https:\/\/www.domstavpro.com\/index.php\/produkt\/kup-ted-activa-cheops-plynove-zahradni-topidlo-7371\/","og_locale":"cs_CZ","og_type":"article","og_title":"Kup Te\u010f Activa Cheops - plynov\u00e9 zahradn\u00ed topidlo -","og_description":"Doporu\u010dujeme dopravu TopTransDesignov\u00e9 plynov\u00e9 zahradn\u00ed topidlo od n\u011bmeck\u00e9 spole\u010dnosti Activa nejen\u017ee \u00fa\u017easn\u011b vypad\u00e1, ale d\u00edky propracovan\u00e9 technologii je i dokonale funk\u010dn\u00ed. Bude se kr\u00e1sn\u011b vyj\u00edmat nejenom pod priv\u00e1tn\u00ed pergolou, ale i na p\u0159edzahr\u00e1dk\u00e1ch a venkovn\u00edch teras\u00e1ch u restaurac\u00ed nebo hotel\u016f. Tepelnou pohodu vytv\u00e1\u0159\u00ed nejenom vysok\u00e1 \u00fa\u010dinnost zdroje, ale i pohled na \u201e\u017eiv\u00fd\u201c ohe\u0148, kter\u00fd vytv\u00e1\u0159\u00ed [&hellip;]","og_url":"https:\/\/www.domstavpro.com\/index.php\/produkt\/kup-ted-activa-cheops-plynove-zahradni-topidlo-7371\/","og_image":[{"width":308,"height":800,"url":"https:\/\/www.domstavpro.com\/wp-content\/uploads\/2026\/SK0029456-CZ20260425-092328-0-1777080210-13600.webp","type":"image\/webp"}],"twitter_card":"summary_large_image","twitter_misc":{"Odhadovan\u00e1 doba \u010dten\u00ed":"1 minuta"},"schema":{"@context":"https:\/\/schema.org","@graph":[{"@type":"WebPage","@id":"https:\/\/www.domstavpro.com\/index.php\/produkt\/kup-ted-activa-cheops-plynove-zahradni-topidlo-7371\/","url":"https:\/\/www.domstavpro.com\/index.php\/produkt\/kup-ted-activa-cheops-plynove-zahradni-topidlo-7371\/","name":"Kup Te\u010f Activa Cheops - plynov\u00e9 zahradn\u00ed topidlo -","isPartOf":{"@id":"https:\/\/www.domstavpro.com\/#website"},"primaryImageOfPage":{"@id":"https:\/\/www.domstavpro.com\/index.php\/produkt\/kup-ted-activa-cheops-plynove-zahradni-topidlo-7371\/#primaryimage"},"image":{"@id":"https:\/\/www.domstavpro.com\/index.php\/produkt\/kup-ted-activa-cheops-plynove-zahradni-topidlo-7371\/#primaryimage"},"thumbnailUrl":"https:\/\/www.domstavpro.com\/wp-content\/uploads\/2026\/SK0029456-CZ20260425-092328-0-1777080210-13600.webp","datePublished":"2026-04-27T15:08:10+00:00","breadcrumb":{"@id":"https:\/\/www.domstavpro.com\/index.php\/produkt\/kup-ted-activa-cheops-plynove-zahradni-topidlo-7371\/#breadcrumb"},"inLanguage":"cs","potentialAction":[{"@type":"ReadAction","target":["https:\/\/www.domstavpro.com\/index.php\/produkt\/kup-ted-activa-cheops-plynove-zahradni-topidlo-7371\/"]}]},{"@type":"ImageObject","inLanguage":"cs","@id":"https:\/\/www.domstavpro.com\/index.php\/produkt\/kup-ted-activa-cheops-plynove-zahradni-topidlo-7371\/#primaryimage","url":"https:\/\/www.domstavpro.com\/wp-content\/uploads\/2026\/SK0029456-CZ20260425-092328-0-1777080210-13600.webp","contentUrl":"https:\/\/www.domstavpro.com\/wp-content\/uploads\/2026\/SK0029456-CZ20260425-092328-0-1777080210-13600.webp","width":308,"height":800},{"@type":"BreadcrumbList","@id":"https:\/\/www.domstavpro.com\/index.php\/produkt\/kup-ted-activa-cheops-plynove-zahradni-topidlo-7371\/#breadcrumb","itemListElement":[{"@type":"ListItem","position":1,"name":"Home","item":"https:\/\/www.domstavpro.com\/"},{"@type":"ListItem","position":2,"name":"Products","item":"https:\/\/www.domstavpro.com\/index.php\/products\/"},{"@type":"ListItem","position":3,"name":"Kup Te\u010f Activa Cheops &#8211; plynov\u00e9 zahradn\u00ed topidlo"}]},{"@type":"WebSite","@id":"https:\/\/www.domstavpro.com\/#website","url":"https:\/\/www.domstavpro.com\/","name":"","description":"","potentialAction":[{"@type":"SearchAction","target":{"@type":"EntryPoint","urlTemplate":"https:\/\/www.domstavpro.com\/?s={search_term_string}"},"query-input":{"@type":"PropertyValueSpecification","valueRequired":true,"valueName":"search_term_string"}}],"inLanguage":"cs"}]}},"_links":{"self":[{"href":"https:\/\/www.domstavpro.com\/index.php\/wp-json\/wp\/v2\/product\/7371","targetHints":{"allow":["GET"]}}],"collection":[{"href":"https:\/\/www.domstavpro.com\/index.php\/wp-json\/wp\/v2\/product"}],"about":[{"href":"https:\/\/www.domstavpro.com\/index.php\/wp-json\/wp\/v2\/types\/product"}],"replies":[{"embeddable":true,"href":"https:\/\/www.domstavpro.com\/index.php\/wp-json\/wp\/v2\/comments?post=7371"}],"wp:featuredmedia":[{"embeddable":true,"href":"https:\/\/www.domstavpro.com\/index.php\/wp-json\/wp\/v2\/media\/7471"}],"wp:attachment":[{"href":"https:\/\/www.domstavpro.com\/index.php\/wp-json\/wp\/v2\/media?parent=7371"}],"wp:term":[{"taxonomy":"product_brand","embeddable":true,"href":"https:\/\/www.domstavpro.com\/index.php\/wp-json\/wp\/v2\/product_brand?post=7371"},{"taxonomy":"product_cat","embeddable":true,"href":"https:\/\/www.domstavpro.com\/index.php\/wp-json\/wp\/v2\/product_cat?post=7371"},{"taxonomy":"product_tag","embeddable":true,"href":"https:\/\/www.domstavpro.com\/index.php\/wp-json\/wp\/v2\/product_tag?post=7371"}],"curies":[{"name":"wp","href":"https:\/\/api.w.org\/{rel}","templated":true}]}}