{"id":7322,"date":"2026-04-27T15:08:10","date_gmt":"2026-04-27T15:08:10","guid":{"rendered":""},"modified":"2026-04-27T15:08:10","modified_gmt":"2026-04-27T15:08:10","slug":"sola-71051001-red-60-laserova-vodovaha-hit-sezony-7322","status":"publish","type":"product","link":"https:\/\/www.domstavpro.com\/index.php\/produkt\/sola-71051001-red-60-laserova-vodovaha-hit-sezony-7322\/","title":{"rendered":"Sola 71051001 RED 60 Laserov\u00e1 vodov\u00e1ha Hit Sez\u00f3ny"},"content":{"rendered":"<table>\n<div class=\"tab-pane active product-description\" id=\"popis\" role=\"tabpanel\">\n<div class=\"short-description\" itemprop=\"description\"><\/div>\n<div class=\"description\"><span class='bullet-line'>SOLA RED 60 laserov\u00e1 vodov\u00e1ha 60cm<br \/><\/span><br \/>\u27a4 V\u00ddHODY RED LASER DIGITAL:<span class='bullet-line'>Tolerance m\u011b\u0159en\u00ed modulu Solatronic:<br \/><\/span>0,05\u00b0 p\u0159i 0\u00b0 a 90\u00b0<br \/>0,1\u00b0 mezi 1\u00b0 a 89\u00b0<span class='bullet-line'>Rozhran\u00ed Bluetooth pro pou\u017eit\u00ed aplikace SOLA Measures<br \/><\/span><span class='bullet-line'>P\u0159ep\u00ednateln\u00e9 zobrazen\u00ed sklonu ve \u00b0, %, mm\/m a in\/ft<br \/><\/span><span class='bullet-line'>Funkce &#8222;Hold&#8220; pro ukl\u00e1d\u00e1n\u00ed nam\u011b\u0159en\u00fdch hodnot a pro p\u0159enos \u00fahl\u016f<br \/><\/span><span class='bullet-line'>Mo\u017enost zvukov\u00e9ho nav\u00e1d\u011bn\u00ed v obt\u00ed\u017en\u00fdch sv\u011bteln\u00fdch podm\u00ednk\u00e1ch<br \/><\/span><span class='bullet-line'>Komfortn\u00ed ode\u010d\u00edt\u00e1n\u00ed hodnot d\u00edky reverzn\u00edmu zobrazen\u00ed p\u0159i m\u011b\u0159en\u00ed oto\u010den\u00e9m o 180\u00b0<br \/><\/span><br \/>\u27a4 Rozsah dod\u00e1vky:<span class='bullet-line'>2 x 1,5 V tu\u017ekov\u00e1 baterie (AAA)<\/span><\/div>\n<div class=\"parameters\">\n<tr>\n<td>Rozm\u011br:<\/td>\n<td>59 x 27 mm<\/td>\n<\/tr>\n<tr>\n<td>Stupe\u0148 kryt\u00ed:<\/td>\n<td>IP65<\/td>\n<\/tr>\n<tr>\n<td>Nap\u00e1jen\u00ed:<\/td>\n<td>2 x 1,5 V tu\u017ekov\u00e1 baterie (AAA)<\/td>\n<\/tr>\n<tr>\n<td>Doba provozu (p\u0159i 20 \u00b0C):<\/td>\n<td>16 h<\/td>\n<\/tr>\n<tr>\n<td>Laserov\u00e1 t\u0159\u00edda: 2, DIN EN 60825-1 :<\/td>\n<td>2007-10<\/td>\n<\/tr>\n<tr>\n<td>V\u00fdstupn\u00ed v\u00fdkon:<\/td>\n<td>&lt; 1.0 mW<\/td>\n<\/tr>\n<tr>\n<td>Vlnov\u00e1 d\u00e9lka:<\/td>\n<td>650 nm<\/td>\n<\/tr>\n<tr>\n<td>Materi\u00e1l:<\/td>\n<td>Hlin\u00edk<\/td>\n<\/tr>\n<tr>\n<td>Povrch:<\/td>\n<td>S povrchovou \u00fapravou<\/td>\n<\/tr>\n<tr>\n<td>Barva:<\/td>\n<td>\u010cerven\u00e1<\/td>\n<\/tr>\n<tr>\n<td>Hmotnost profilu:<\/td>\n<td>890 g\/m<\/td>\n<\/tr>\n<tr>\n<td>Tolerance m\u011b\u0159en\u00ed ve standardn\u00ed poloze:<\/td>\n<td>0.25 mm\/m (0.014\u00b0)<\/td>\n<\/tr>\n<tr>\n<td>Po\u010det horizont\u00e1ln\u00edch libel:<\/td>\n<td>1<\/td>\n<\/tr>\n<tr>\n<td>Po\u010det vertik\u00e1ln\u00edch libel:<\/td>\n<td>1<\/td>\n<\/tr>\n<tr>\n<td>M\u011b\u0159ic\u00ed plocha:<\/td>\n<td>S povrchovou \u00fapravou<\/td>\n<\/tr>\n<tr>\n<td>Koncovka:<\/td>\n<td>1d\u00edl. + 2d\u00edl.<\/td>\n<\/tr><\/div>\n<\/table>\n","protected":false},"excerpt":{"rendered":"<p>SOLA RED 60 laserov\u00e1 vodov\u00e1ha 60cm\u27a4 V\u00ddHODY RED LASER DIGITAL:Tolerance m\u011b\u0159en\u00ed modulu Solatronic:0,05\u00b0 p\u0159i 0\u00b0 a 90\u00b00,1\u00b0 mezi 1\u00b0 a 89\u00b0Rozhran\u00ed Bluetooth pro pou\u017eit\u00ed aplikace SOLA MeasuresP\u0159ep\u00ednateln\u00e9 zobrazen\u00ed sklonu ve \u00b0, %, mm\/m a in\/ftFunkce &#8222;Hold&#8220; pro ukl\u00e1d\u00e1n\u00ed nam\u011b\u0159en\u00fdch hodnot a pro p\u0159enos \u00fahl\u016fMo\u017enost zvukov\u00e9ho nav\u00e1d\u011bn\u00ed v obt\u00ed\u017en\u00fdch sv\u011bteln\u00fdch podm\u00ednk\u00e1chKomfortn\u00ed ode\u010d\u00edt\u00e1n\u00ed hodnot d\u00edky reverzn\u00edmu zobrazen\u00ed [&hellip;]<\/p>\n","protected":false},"featured_media":7422,"comment_status":"open","ping_status":"open","template":"","meta":[],"product_brand":[],"product_cat":[40],"product_tag":[],"class_list":{"0":"post-7322","1":"product","2":"type-product","3":"status-publish","4":"has-post-thumbnail","6":"product_cat-stavebni-technika","8":"first","9":"instock","10":"sale","11":"shipping-taxable","12":"purchasable","13":"product-type-simple"},"yoast_head":"<!-- This site is optimized with the Yoast SEO plugin v26.8 - https:\/\/yoast.com\/product\/yoast-seo-wordpress\/ -->\n<title>Sola 71051001 RED 60 Laserov\u00e1 vodov\u00e1ha Hit Sez\u00f3ny -<\/title>\n<meta name=\"robots\" content=\"index, follow, max-snippet:-1, max-image-preview:large, max-video-preview:-1\" \/>\n<link rel=\"canonical\" href=\"https:\/\/www.domstavpro.com\/index.php\/produkt\/sola-71051001-red-60-laserova-vodovaha-hit-sezony-7322\/\" \/>\n<meta property=\"og:locale\" content=\"cs_CZ\" \/>\n<meta property=\"og:type\" content=\"article\" \/>\n<meta property=\"og:title\" content=\"Sola 71051001 RED 60 Laserov\u00e1 vodov\u00e1ha Hit Sez\u00f3ny -\" \/>\n<meta property=\"og:description\" content=\"SOLA RED 60 laserov\u00e1 vodov\u00e1ha 60cm\u27a4 V\u00ddHODY RED LASER DIGITAL:Tolerance m\u011b\u0159en\u00ed modulu Solatronic:0,05\u00b0 p\u0159i 0\u00b0 a 90\u00b00,1\u00b0 mezi 1\u00b0 a 89\u00b0Rozhran\u00ed Bluetooth pro pou\u017eit\u00ed aplikace SOLA MeasuresP\u0159ep\u00ednateln\u00e9 zobrazen\u00ed sklonu ve \u00b0, %, mm\/m a in\/ftFunkce &#8222;Hold&#8220; pro ukl\u00e1d\u00e1n\u00ed nam\u011b\u0159en\u00fdch hodnot a pro p\u0159enos \u00fahl\u016fMo\u017enost zvukov\u00e9ho nav\u00e1d\u011bn\u00ed v obt\u00ed\u017en\u00fdch sv\u011bteln\u00fdch podm\u00ednk\u00e1chKomfortn\u00ed ode\u010d\u00edt\u00e1n\u00ed hodnot d\u00edky reverzn\u00edmu zobrazen\u00ed [&hellip;]\" \/>\n<meta property=\"og:url\" content=\"https:\/\/www.domstavpro.com\/index.php\/produkt\/sola-71051001-red-60-laserova-vodovaha-hit-sezony-7322\/\" \/>\n<meta property=\"og:image\" content=\"https:\/\/www.domstavpro.com\/wp-content\/uploads\/2026\/SK0029406-CZ20260425-092328-0-1777080210-001_1292575.webp\" \/>\n\t<meta property=\"og:image:width\" content=\"800\" \/>\n\t<meta property=\"og:image:height\" content=\"800\" \/>\n\t<meta property=\"og:image:type\" content=\"image\/webp\" \/>\n<meta name=\"twitter:card\" content=\"summary_large_image\" \/>\n<meta name=\"twitter:label1\" content=\"Odhadovan\u00e1 doba \u010dten\u00ed\" \/>\n\t<meta name=\"twitter:data1\" content=\"1 minuta\" \/>\n<script type=\"application\/ld+json\" class=\"yoast-schema-graph\">{\"@context\":\"https:\/\/schema.org\",\"@graph\":[{\"@type\":\"WebPage\",\"@id\":\"https:\/\/www.domstavpro.com\/index.php\/produkt\/sola-71051001-red-60-laserova-vodovaha-hit-sezony-7322\/\",\"url\":\"https:\/\/www.domstavpro.com\/index.php\/produkt\/sola-71051001-red-60-laserova-vodovaha-hit-sezony-7322\/\",\"name\":\"Sola 71051001 RED 60 Laserov\u00e1 vodov\u00e1ha Hit Sez\u00f3ny -\",\"isPartOf\":{\"@id\":\"https:\/\/www.domstavpro.com\/#website\"},\"primaryImageOfPage\":{\"@id\":\"https:\/\/www.domstavpro.com\/index.php\/produkt\/sola-71051001-red-60-laserova-vodovaha-hit-sezony-7322\/#primaryimage\"},\"image\":{\"@id\":\"https:\/\/www.domstavpro.com\/index.php\/produkt\/sola-71051001-red-60-laserova-vodovaha-hit-sezony-7322\/#primaryimage\"},\"thumbnailUrl\":\"https:\/\/www.domstavpro.com\/wp-content\/uploads\/2026\/SK0029406-CZ20260425-092328-0-1777080210-001_1292575.webp\",\"datePublished\":\"2026-04-27T15:08:10+00:00\",\"breadcrumb\":{\"@id\":\"https:\/\/www.domstavpro.com\/index.php\/produkt\/sola-71051001-red-60-laserova-vodovaha-hit-sezony-7322\/#breadcrumb\"},\"inLanguage\":\"cs\",\"potentialAction\":[{\"@type\":\"ReadAction\",\"target\":[\"https:\/\/www.domstavpro.com\/index.php\/produkt\/sola-71051001-red-60-laserova-vodovaha-hit-sezony-7322\/\"]}]},{\"@type\":\"ImageObject\",\"inLanguage\":\"cs\",\"@id\":\"https:\/\/www.domstavpro.com\/index.php\/produkt\/sola-71051001-red-60-laserova-vodovaha-hit-sezony-7322\/#primaryimage\",\"url\":\"https:\/\/www.domstavpro.com\/wp-content\/uploads\/2026\/SK0029406-CZ20260425-092328-0-1777080210-001_1292575.webp\",\"contentUrl\":\"https:\/\/www.domstavpro.com\/wp-content\/uploads\/2026\/SK0029406-CZ20260425-092328-0-1777080210-001_1292575.webp\",\"width\":800,\"height\":800},{\"@type\":\"BreadcrumbList\",\"@id\":\"https:\/\/www.domstavpro.com\/index.php\/produkt\/sola-71051001-red-60-laserova-vodovaha-hit-sezony-7322\/#breadcrumb\",\"itemListElement\":[{\"@type\":\"ListItem\",\"position\":1,\"name\":\"Home\",\"item\":\"https:\/\/www.domstavpro.com\/\"},{\"@type\":\"ListItem\",\"position\":2,\"name\":\"Products\",\"item\":\"https:\/\/www.domstavpro.com\/index.php\/products\/\"},{\"@type\":\"ListItem\",\"position\":3,\"name\":\"Sola 71051001 RED 60 Laserov\u00e1 vodov\u00e1ha Hit Sez\u00f3ny\"}]},{\"@type\":\"WebSite\",\"@id\":\"https:\/\/www.domstavpro.com\/#website\",\"url\":\"https:\/\/www.domstavpro.com\/\",\"name\":\"\",\"description\":\"\",\"potentialAction\":[{\"@type\":\"SearchAction\",\"target\":{\"@type\":\"EntryPoint\",\"urlTemplate\":\"https:\/\/www.domstavpro.com\/?s={search_term_string}\"},\"query-input\":{\"@type\":\"PropertyValueSpecification\",\"valueRequired\":true,\"valueName\":\"search_term_string\"}}],\"inLanguage\":\"cs\"}]}<\/script>\n<!-- \/ Yoast SEO plugin. -->","yoast_head_json":{"title":"Sola 71051001 RED 60 Laserov\u00e1 vodov\u00e1ha Hit Sez\u00f3ny -","robots":{"index":"index","follow":"follow","max-snippet":"max-snippet:-1","max-image-preview":"max-image-preview:large","max-video-preview":"max-video-preview:-1"},"canonical":"https:\/\/www.domstavpro.com\/index.php\/produkt\/sola-71051001-red-60-laserova-vodovaha-hit-sezony-7322\/","og_locale":"cs_CZ","og_type":"article","og_title":"Sola 71051001 RED 60 Laserov\u00e1 vodov\u00e1ha Hit Sez\u00f3ny -","og_description":"SOLA RED 60 laserov\u00e1 vodov\u00e1ha 60cm\u27a4 V\u00ddHODY RED LASER DIGITAL:Tolerance m\u011b\u0159en\u00ed modulu Solatronic:0,05\u00b0 p\u0159i 0\u00b0 a 90\u00b00,1\u00b0 mezi 1\u00b0 a 89\u00b0Rozhran\u00ed Bluetooth pro pou\u017eit\u00ed aplikace SOLA MeasuresP\u0159ep\u00ednateln\u00e9 zobrazen\u00ed sklonu ve \u00b0, %, mm\/m a in\/ftFunkce &#8222;Hold&#8220; pro ukl\u00e1d\u00e1n\u00ed nam\u011b\u0159en\u00fdch hodnot a pro p\u0159enos \u00fahl\u016fMo\u017enost zvukov\u00e9ho nav\u00e1d\u011bn\u00ed v obt\u00ed\u017en\u00fdch sv\u011bteln\u00fdch podm\u00ednk\u00e1chKomfortn\u00ed ode\u010d\u00edt\u00e1n\u00ed hodnot d\u00edky reverzn\u00edmu zobrazen\u00ed [&hellip;]","og_url":"https:\/\/www.domstavpro.com\/index.php\/produkt\/sola-71051001-red-60-laserova-vodovaha-hit-sezony-7322\/","og_image":[{"width":800,"height":800,"url":"https:\/\/www.domstavpro.com\/wp-content\/uploads\/2026\/SK0029406-CZ20260425-092328-0-1777080210-001_1292575.webp","type":"image\/webp"}],"twitter_card":"summary_large_image","twitter_misc":{"Odhadovan\u00e1 doba \u010dten\u00ed":"1 minuta"},"schema":{"@context":"https:\/\/schema.org","@graph":[{"@type":"WebPage","@id":"https:\/\/www.domstavpro.com\/index.php\/produkt\/sola-71051001-red-60-laserova-vodovaha-hit-sezony-7322\/","url":"https:\/\/www.domstavpro.com\/index.php\/produkt\/sola-71051001-red-60-laserova-vodovaha-hit-sezony-7322\/","name":"Sola 71051001 RED 60 Laserov\u00e1 vodov\u00e1ha Hit Sez\u00f3ny -","isPartOf":{"@id":"https:\/\/www.domstavpro.com\/#website"},"primaryImageOfPage":{"@id":"https:\/\/www.domstavpro.com\/index.php\/produkt\/sola-71051001-red-60-laserova-vodovaha-hit-sezony-7322\/#primaryimage"},"image":{"@id":"https:\/\/www.domstavpro.com\/index.php\/produkt\/sola-71051001-red-60-laserova-vodovaha-hit-sezony-7322\/#primaryimage"},"thumbnailUrl":"https:\/\/www.domstavpro.com\/wp-content\/uploads\/2026\/SK0029406-CZ20260425-092328-0-1777080210-001_1292575.webp","datePublished":"2026-04-27T15:08:10+00:00","breadcrumb":{"@id":"https:\/\/www.domstavpro.com\/index.php\/produkt\/sola-71051001-red-60-laserova-vodovaha-hit-sezony-7322\/#breadcrumb"},"inLanguage":"cs","potentialAction":[{"@type":"ReadAction","target":["https:\/\/www.domstavpro.com\/index.php\/produkt\/sola-71051001-red-60-laserova-vodovaha-hit-sezony-7322\/"]}]},{"@type":"ImageObject","inLanguage":"cs","@id":"https:\/\/www.domstavpro.com\/index.php\/produkt\/sola-71051001-red-60-laserova-vodovaha-hit-sezony-7322\/#primaryimage","url":"https:\/\/www.domstavpro.com\/wp-content\/uploads\/2026\/SK0029406-CZ20260425-092328-0-1777080210-001_1292575.webp","contentUrl":"https:\/\/www.domstavpro.com\/wp-content\/uploads\/2026\/SK0029406-CZ20260425-092328-0-1777080210-001_1292575.webp","width":800,"height":800},{"@type":"BreadcrumbList","@id":"https:\/\/www.domstavpro.com\/index.php\/produkt\/sola-71051001-red-60-laserova-vodovaha-hit-sezony-7322\/#breadcrumb","itemListElement":[{"@type":"ListItem","position":1,"name":"Home","item":"https:\/\/www.domstavpro.com\/"},{"@type":"ListItem","position":2,"name":"Products","item":"https:\/\/www.domstavpro.com\/index.php\/products\/"},{"@type":"ListItem","position":3,"name":"Sola 71051001 RED 60 Laserov\u00e1 vodov\u00e1ha Hit Sez\u00f3ny"}]},{"@type":"WebSite","@id":"https:\/\/www.domstavpro.com\/#website","url":"https:\/\/www.domstavpro.com\/","name":"","description":"","potentialAction":[{"@type":"SearchAction","target":{"@type":"EntryPoint","urlTemplate":"https:\/\/www.domstavpro.com\/?s={search_term_string}"},"query-input":{"@type":"PropertyValueSpecification","valueRequired":true,"valueName":"search_term_string"}}],"inLanguage":"cs"}]}},"_links":{"self":[{"href":"https:\/\/www.domstavpro.com\/index.php\/wp-json\/wp\/v2\/product\/7322","targetHints":{"allow":["GET"]}}],"collection":[{"href":"https:\/\/www.domstavpro.com\/index.php\/wp-json\/wp\/v2\/product"}],"about":[{"href":"https:\/\/www.domstavpro.com\/index.php\/wp-json\/wp\/v2\/types\/product"}],"replies":[{"embeddable":true,"href":"https:\/\/www.domstavpro.com\/index.php\/wp-json\/wp\/v2\/comments?post=7322"}],"wp:featuredmedia":[{"embeddable":true,"href":"https:\/\/www.domstavpro.com\/index.php\/wp-json\/wp\/v2\/media\/7422"}],"wp:attachment":[{"href":"https:\/\/www.domstavpro.com\/index.php\/wp-json\/wp\/v2\/media?parent=7322"}],"wp:term":[{"taxonomy":"product_brand","embeddable":true,"href":"https:\/\/www.domstavpro.com\/index.php\/wp-json\/wp\/v2\/product_brand?post=7322"},{"taxonomy":"product_cat","embeddable":true,"href":"https:\/\/www.domstavpro.com\/index.php\/wp-json\/wp\/v2\/product_cat?post=7322"},{"taxonomy":"product_tag","embeddable":true,"href":"https:\/\/www.domstavpro.com\/index.php\/wp-json\/wp\/v2\/product_tag?post=7322"}],"curies":[{"name":"wp","href":"https:\/\/api.w.org\/{rel}","templated":true}]}}