{"id":7314,"date":"2026-04-27T15:08:10","date_gmt":"2026-04-27T15:08:10","guid":{"rendered":""},"modified":"2026-04-27T15:08:10","modified_gmt":"2026-04-27T15:08:10","slug":"must-have-austis-eternal-moridlo-na-beton-4-5-kg-piskova-7314","status":"publish","type":"product","link":"https:\/\/www.domstavpro.com\/index.php\/produkt\/must-have-austis-eternal-moridlo-na-beton-4-5-kg-piskova-7314\/","title":{"rendered":"Must-Have AUSTIS ETERNAL mo\u0159idlo na beton 4,5 kg p\u00edskov\u00e1"},"content":{"rendered":"<table>\n<div class=\"tab-pane active product-description\" id=\"popis\" role=\"tabpanel\">\n<div class=\"short-description\" itemprop=\"description\">vodou \u0159editeln\u00e1 n\u00e1t\u011brov\u00e1 hmota k o\u017eiven\u00ed, zabarven\u00ed a sjednocen\u00ed vzhledu betonov\u00fdch ploch<\/div>\n<div class=\"description\">\n<p><span class=\"bullet-line\">ETERNAL mo\u0159idlo na beton je ur\u010den k venkovn\u00ed i vnit\u0159n\u00ed povrchov\u00e9 \u00faprav\u011b betonov\u00fdch ploch, betonov\u00fdch dla\u017edic, betonov\u00e9 z\u00e1mkov\u00e9 dla\u017eby apod. v gar\u00e1\u017e\u00edch a na venkovn\u00edch parkovac\u00edch ploch\u00e1ch.&nbsp;<\/span><br \/><span class=\"bullet-line\">Je vhodn\u00fd k povrchov\u00e9 \u00faprav\u011b betonov\u00fdch podlah. Lze jej pou\u017e\u00edt tak\u00e9 na p\u00edskovec a n\u011bkter\u00e9 dal\u0161\u00ed druhy stavebn\u00edho kamene.<\/span><br \/><span class=\"bullet-line\">ETERNAL mo\u0159idlo na beton nen\u00ed vhodn\u00fd pro n\u00e1t\u011bry trvale um\u00edst\u011bn\u00e9 pod vodou.&nbsp;<\/span><br \/><span class=\"bullet-line\">Nen\u00ed vhodn\u00fd na hlazen\u00e9 betonov\u00e9 podklady bez p\u0159edchoz\u00edho zdrsn\u011bn\u00ed.<\/span><\/p>\n<p>\u25ba Zp\u016fsoby aplikace<span class=\"bullet-line\">\u0160t\u011btcem<\/span><br \/><span class=\"bullet-line\">V\u00e1le\u010dkem<\/span><br \/><span class=\"bullet-line\">St\u0159\u00edkac\u00ed pistol\u00ed<\/span><\/p>\n<p>\u27a4 Spot\u0159eba<span class=\"bullet-line\">0,10\u20130,15 kg\/m\u00b2 (1 vrstva)<\/span><\/p>\n<\/div>\n<div class=\"parameters\">\n<tr>\n<td>Spot\u0159eba na 10m2<\/td>\n<td>1,3 kg\/jedna vrstva<\/td>\n<\/tr><\/div>\n<\/table>\n","protected":false},"excerpt":{"rendered":"<p>vodou \u0159editeln\u00e1 n\u00e1t\u011brov\u00e1 hmota k o\u017eiven\u00ed, zabarven\u00ed a sjednocen\u00ed vzhledu betonov\u00fdch ploch ETERNAL mo\u0159idlo na beton je ur\u010den k venkovn\u00ed i vnit\u0159n\u00ed povrchov\u00e9 \u00faprav\u011b betonov\u00fdch ploch, betonov\u00fdch dla\u017edic, betonov\u00e9 z\u00e1mkov\u00e9 dla\u017eby apod. v gar\u00e1\u017e\u00edch a na venkovn\u00edch parkovac\u00edch ploch\u00e1ch.&nbsp;Je vhodn\u00fd k povrchov\u00e9 \u00faprav\u011b betonov\u00fdch podlah. Lze jej pou\u017e\u00edt tak\u00e9 na p\u00edskovec a n\u011bkter\u00e9 dal\u0161\u00ed druhy [&hellip;]<\/p>\n","protected":false},"featured_media":7414,"comment_status":"open","ping_status":"open","template":"","meta":[],"product_brand":[],"product_cat":[46,48,47],"product_tag":[],"class_list":{"0":"post-7314","1":"product","2":"type-product","3":"status-publish","4":"has-post-thumbnail","6":"product_cat-barvy","7":"product_cat-chemie","8":"product_cat-laky","10":"first","11":"instock","12":"sale","13":"shipping-taxable","14":"purchasable","15":"product-type-simple"},"yoast_head":"<!-- This site is optimized with the Yoast SEO plugin v26.8 - https:\/\/yoast.com\/product\/yoast-seo-wordpress\/ -->\n<title>Must-Have AUSTIS ETERNAL mo\u0159idlo na beton 4,5 kg p\u00edskov\u00e1 -<\/title>\n<meta name=\"robots\" content=\"index, follow, max-snippet:-1, max-image-preview:large, max-video-preview:-1\" \/>\n<link rel=\"canonical\" href=\"https:\/\/www.domstavpro.com\/index.php\/produkt\/must-have-austis-eternal-moridlo-na-beton-4-5-kg-piskova-7314\/\" \/>\n<meta property=\"og:locale\" content=\"cs_CZ\" \/>\n<meta property=\"og:type\" content=\"article\" \/>\n<meta property=\"og:title\" content=\"Must-Have AUSTIS ETERNAL mo\u0159idlo na beton 4,5 kg p\u00edskov\u00e1 -\" \/>\n<meta property=\"og:description\" content=\"vodou \u0159editeln\u00e1 n\u00e1t\u011brov\u00e1 hmota k o\u017eiven\u00ed, zabarven\u00ed a sjednocen\u00ed vzhledu betonov\u00fdch ploch ETERNAL mo\u0159idlo na beton je ur\u010den k venkovn\u00ed i vnit\u0159n\u00ed povrchov\u00e9 \u00faprav\u011b betonov\u00fdch ploch, betonov\u00fdch dla\u017edic, betonov\u00e9 z\u00e1mkov\u00e9 dla\u017eby apod. v gar\u00e1\u017e\u00edch a na venkovn\u00edch parkovac\u00edch ploch\u00e1ch.&nbsp;Je vhodn\u00fd k povrchov\u00e9 \u00faprav\u011b betonov\u00fdch podlah. Lze jej pou\u017e\u00edt tak\u00e9 na p\u00edskovec a n\u011bkter\u00e9 dal\u0161\u00ed druhy [&hellip;]\" \/>\n<meta property=\"og:url\" content=\"https:\/\/www.domstavpro.com\/index.php\/produkt\/must-have-austis-eternal-moridlo-na-beton-4-5-kg-piskova-7314\/\" \/>\n<meta property=\"og:image\" content=\"https:\/\/www.domstavpro.com\/wp-content\/uploads\/2026\/SK0029397-CZ20260425-092328-0-1777080210-pis45.webp\" \/>\n\t<meta property=\"og:image:width\" content=\"446\" \/>\n\t<meta property=\"og:image:height\" content=\"699\" \/>\n\t<meta property=\"og:image:type\" content=\"image\/webp\" \/>\n<meta name=\"twitter:card\" content=\"summary_large_image\" \/>\n<meta name=\"twitter:label1\" content=\"Odhadovan\u00e1 doba \u010dten\u00ed\" \/>\n\t<meta name=\"twitter:data1\" content=\"1 minuta\" \/>\n<script type=\"application\/ld+json\" class=\"yoast-schema-graph\">{\"@context\":\"https:\/\/schema.org\",\"@graph\":[{\"@type\":\"WebPage\",\"@id\":\"https:\/\/www.domstavpro.com\/index.php\/produkt\/must-have-austis-eternal-moridlo-na-beton-4-5-kg-piskova-7314\/\",\"url\":\"https:\/\/www.domstavpro.com\/index.php\/produkt\/must-have-austis-eternal-moridlo-na-beton-4-5-kg-piskova-7314\/\",\"name\":\"Must-Have AUSTIS ETERNAL mo\u0159idlo na beton 4,5 kg p\u00edskov\u00e1 -\",\"isPartOf\":{\"@id\":\"https:\/\/www.domstavpro.com\/#website\"},\"primaryImageOfPage\":{\"@id\":\"https:\/\/www.domstavpro.com\/index.php\/produkt\/must-have-austis-eternal-moridlo-na-beton-4-5-kg-piskova-7314\/#primaryimage\"},\"image\":{\"@id\":\"https:\/\/www.domstavpro.com\/index.php\/produkt\/must-have-austis-eternal-moridlo-na-beton-4-5-kg-piskova-7314\/#primaryimage\"},\"thumbnailUrl\":\"https:\/\/www.domstavpro.com\/wp-content\/uploads\/2026\/SK0029397-CZ20260425-092328-0-1777080210-pis45.webp\",\"datePublished\":\"2026-04-27T15:08:10+00:00\",\"breadcrumb\":{\"@id\":\"https:\/\/www.domstavpro.com\/index.php\/produkt\/must-have-austis-eternal-moridlo-na-beton-4-5-kg-piskova-7314\/#breadcrumb\"},\"inLanguage\":\"cs\",\"potentialAction\":[{\"@type\":\"ReadAction\",\"target\":[\"https:\/\/www.domstavpro.com\/index.php\/produkt\/must-have-austis-eternal-moridlo-na-beton-4-5-kg-piskova-7314\/\"]}]},{\"@type\":\"ImageObject\",\"inLanguage\":\"cs\",\"@id\":\"https:\/\/www.domstavpro.com\/index.php\/produkt\/must-have-austis-eternal-moridlo-na-beton-4-5-kg-piskova-7314\/#primaryimage\",\"url\":\"https:\/\/www.domstavpro.com\/wp-content\/uploads\/2026\/SK0029397-CZ20260425-092328-0-1777080210-pis45.webp\",\"contentUrl\":\"https:\/\/www.domstavpro.com\/wp-content\/uploads\/2026\/SK0029397-CZ20260425-092328-0-1777080210-pis45.webp\",\"width\":446,\"height\":699},{\"@type\":\"BreadcrumbList\",\"@id\":\"https:\/\/www.domstavpro.com\/index.php\/produkt\/must-have-austis-eternal-moridlo-na-beton-4-5-kg-piskova-7314\/#breadcrumb\",\"itemListElement\":[{\"@type\":\"ListItem\",\"position\":1,\"name\":\"Home\",\"item\":\"https:\/\/www.domstavpro.com\/\"},{\"@type\":\"ListItem\",\"position\":2,\"name\":\"Products\",\"item\":\"https:\/\/www.domstavpro.com\/index.php\/products\/\"},{\"@type\":\"ListItem\",\"position\":3,\"name\":\"Must-Have AUSTIS ETERNAL mo\u0159idlo na beton 4,5 kg p\u00edskov\u00e1\"}]},{\"@type\":\"WebSite\",\"@id\":\"https:\/\/www.domstavpro.com\/#website\",\"url\":\"https:\/\/www.domstavpro.com\/\",\"name\":\"\",\"description\":\"\",\"potentialAction\":[{\"@type\":\"SearchAction\",\"target\":{\"@type\":\"EntryPoint\",\"urlTemplate\":\"https:\/\/www.domstavpro.com\/?s={search_term_string}\"},\"query-input\":{\"@type\":\"PropertyValueSpecification\",\"valueRequired\":true,\"valueName\":\"search_term_string\"}}],\"inLanguage\":\"cs\"}]}<\/script>\n<!-- \/ Yoast SEO plugin. -->","yoast_head_json":{"title":"Must-Have AUSTIS ETERNAL mo\u0159idlo na beton 4,5 kg p\u00edskov\u00e1 -","robots":{"index":"index","follow":"follow","max-snippet":"max-snippet:-1","max-image-preview":"max-image-preview:large","max-video-preview":"max-video-preview:-1"},"canonical":"https:\/\/www.domstavpro.com\/index.php\/produkt\/must-have-austis-eternal-moridlo-na-beton-4-5-kg-piskova-7314\/","og_locale":"cs_CZ","og_type":"article","og_title":"Must-Have AUSTIS ETERNAL mo\u0159idlo na beton 4,5 kg p\u00edskov\u00e1 -","og_description":"vodou \u0159editeln\u00e1 n\u00e1t\u011brov\u00e1 hmota k o\u017eiven\u00ed, zabarven\u00ed a sjednocen\u00ed vzhledu betonov\u00fdch ploch ETERNAL mo\u0159idlo na beton je ur\u010den k venkovn\u00ed i vnit\u0159n\u00ed povrchov\u00e9 \u00faprav\u011b betonov\u00fdch ploch, betonov\u00fdch dla\u017edic, betonov\u00e9 z\u00e1mkov\u00e9 dla\u017eby apod. v gar\u00e1\u017e\u00edch a na venkovn\u00edch parkovac\u00edch ploch\u00e1ch.&nbsp;Je vhodn\u00fd k povrchov\u00e9 \u00faprav\u011b betonov\u00fdch podlah. Lze jej pou\u017e\u00edt tak\u00e9 na p\u00edskovec a n\u011bkter\u00e9 dal\u0161\u00ed druhy [&hellip;]","og_url":"https:\/\/www.domstavpro.com\/index.php\/produkt\/must-have-austis-eternal-moridlo-na-beton-4-5-kg-piskova-7314\/","og_image":[{"width":446,"height":699,"url":"https:\/\/www.domstavpro.com\/wp-content\/uploads\/2026\/SK0029397-CZ20260425-092328-0-1777080210-pis45.webp","type":"image\/webp"}],"twitter_card":"summary_large_image","twitter_misc":{"Odhadovan\u00e1 doba \u010dten\u00ed":"1 minuta"},"schema":{"@context":"https:\/\/schema.org","@graph":[{"@type":"WebPage","@id":"https:\/\/www.domstavpro.com\/index.php\/produkt\/must-have-austis-eternal-moridlo-na-beton-4-5-kg-piskova-7314\/","url":"https:\/\/www.domstavpro.com\/index.php\/produkt\/must-have-austis-eternal-moridlo-na-beton-4-5-kg-piskova-7314\/","name":"Must-Have AUSTIS ETERNAL mo\u0159idlo na beton 4,5 kg p\u00edskov\u00e1 -","isPartOf":{"@id":"https:\/\/www.domstavpro.com\/#website"},"primaryImageOfPage":{"@id":"https:\/\/www.domstavpro.com\/index.php\/produkt\/must-have-austis-eternal-moridlo-na-beton-4-5-kg-piskova-7314\/#primaryimage"},"image":{"@id":"https:\/\/www.domstavpro.com\/index.php\/produkt\/must-have-austis-eternal-moridlo-na-beton-4-5-kg-piskova-7314\/#primaryimage"},"thumbnailUrl":"https:\/\/www.domstavpro.com\/wp-content\/uploads\/2026\/SK0029397-CZ20260425-092328-0-1777080210-pis45.webp","datePublished":"2026-04-27T15:08:10+00:00","breadcrumb":{"@id":"https:\/\/www.domstavpro.com\/index.php\/produkt\/must-have-austis-eternal-moridlo-na-beton-4-5-kg-piskova-7314\/#breadcrumb"},"inLanguage":"cs","potentialAction":[{"@type":"ReadAction","target":["https:\/\/www.domstavpro.com\/index.php\/produkt\/must-have-austis-eternal-moridlo-na-beton-4-5-kg-piskova-7314\/"]}]},{"@type":"ImageObject","inLanguage":"cs","@id":"https:\/\/www.domstavpro.com\/index.php\/produkt\/must-have-austis-eternal-moridlo-na-beton-4-5-kg-piskova-7314\/#primaryimage","url":"https:\/\/www.domstavpro.com\/wp-content\/uploads\/2026\/SK0029397-CZ20260425-092328-0-1777080210-pis45.webp","contentUrl":"https:\/\/www.domstavpro.com\/wp-content\/uploads\/2026\/SK0029397-CZ20260425-092328-0-1777080210-pis45.webp","width":446,"height":699},{"@type":"BreadcrumbList","@id":"https:\/\/www.domstavpro.com\/index.php\/produkt\/must-have-austis-eternal-moridlo-na-beton-4-5-kg-piskova-7314\/#breadcrumb","itemListElement":[{"@type":"ListItem","position":1,"name":"Home","item":"https:\/\/www.domstavpro.com\/"},{"@type":"ListItem","position":2,"name":"Products","item":"https:\/\/www.domstavpro.com\/index.php\/products\/"},{"@type":"ListItem","position":3,"name":"Must-Have AUSTIS ETERNAL mo\u0159idlo na beton 4,5 kg p\u00edskov\u00e1"}]},{"@type":"WebSite","@id":"https:\/\/www.domstavpro.com\/#website","url":"https:\/\/www.domstavpro.com\/","name":"","description":"","potentialAction":[{"@type":"SearchAction","target":{"@type":"EntryPoint","urlTemplate":"https:\/\/www.domstavpro.com\/?s={search_term_string}"},"query-input":{"@type":"PropertyValueSpecification","valueRequired":true,"valueName":"search_term_string"}}],"inLanguage":"cs"}]}},"_links":{"self":[{"href":"https:\/\/www.domstavpro.com\/index.php\/wp-json\/wp\/v2\/product\/7314","targetHints":{"allow":["GET"]}}],"collection":[{"href":"https:\/\/www.domstavpro.com\/index.php\/wp-json\/wp\/v2\/product"}],"about":[{"href":"https:\/\/www.domstavpro.com\/index.php\/wp-json\/wp\/v2\/types\/product"}],"replies":[{"embeddable":true,"href":"https:\/\/www.domstavpro.com\/index.php\/wp-json\/wp\/v2\/comments?post=7314"}],"wp:featuredmedia":[{"embeddable":true,"href":"https:\/\/www.domstavpro.com\/index.php\/wp-json\/wp\/v2\/media\/7414"}],"wp:attachment":[{"href":"https:\/\/www.domstavpro.com\/index.php\/wp-json\/wp\/v2\/media?parent=7314"}],"wp:term":[{"taxonomy":"product_brand","embeddable":true,"href":"https:\/\/www.domstavpro.com\/index.php\/wp-json\/wp\/v2\/product_brand?post=7314"},{"taxonomy":"product_cat","embeddable":true,"href":"https:\/\/www.domstavpro.com\/index.php\/wp-json\/wp\/v2\/product_cat?post=7314"},{"taxonomy":"product_tag","embeddable":true,"href":"https:\/\/www.domstavpro.com\/index.php\/wp-json\/wp\/v2\/product_tag?post=7314"}],"curies":[{"name":"wp","href":"https:\/\/api.w.org\/{rel}","templated":true}]}}