{"id":7184,"date":"2026-04-27T15:08:10","date_gmt":"2026-04-27T15:08:10","guid":{"rendered":""},"modified":"2026-04-27T15:08:10","modified_gmt":"2026-04-27T15:08:10","slug":"akcni-cena-bosch-1600a027pt-sada-rucniho-naradi-14-ks-7184","status":"publish","type":"product","link":"https:\/\/www.domstavpro.com\/index.php\/produkt\/akcni-cena-bosch-1600a027pt-sada-rucniho-naradi-14-ks-7184\/","title":{"rendered":"Ak\u010dn\u00ed Cena Bosch 1600A027PT Sada ru\u010dn\u00edho n\u00e1\u0159ad\u00ed 14 ks"},"content":{"rendered":"<table>\n<div class=\"tab-pane active product-description\" id=\"popis\" role=\"tabpanel\">\n<div class=\"short-description\" itemprop=\"description\"><\/div>\n<div class=\"description\">Sada n\u00e1\u0159ad\u00ed 14-ti d\u00edln\u00e1 Bosch 1600A027PT<\/p>\n<p>\u27a4 Pro pot\u0159eby ka\u017ed\u00e9 dom\u00e1cnosti<span class='bullet-line'>Startovac\u00ed vybaven\u00ed pro v\u0161echny z\u00e1kladn\u00ed dom\u00e1c\u00ed kutilsk\u00e9 aplikace<br \/><\/span><br \/>\u27a4 14d\u00edln\u00e1 sada<span class='bullet-line'>Obsahuje kombinovan\u00e9 kle\u0161t\u011b, odlamovac\u00ed n\u016f\u017e, univerz\u00e1ln\u00ed \u0161roubov\u00e1k s 10 bity a kladivo v praktick\u00e9m l\u00e1tkov\u00e9m pouzd\u0159e na zip<br \/><\/span><br \/>\u27a4 Vysoce kvalitn\u00ed materi\u00e1ly<span class='bullet-line'>Zaji\u0161t\u011bn\u00ed optim\u00e1ln\u00ed ergonomie, robustnosti a dlouh\u00e9 \u017eivotnosti<br \/><\/span><br \/>\u27a4 Rozsah dod\u00e1vky<span class='bullet-line'>1x Kombinovan\u00e9 kle\u0161t\u011b<br \/><\/span><span class='bullet-line'>1x Univerz\u00e1ln\u00ed \u0161roubov\u00e1k<br \/><\/span><span class='bullet-line'>1x Kladivo 300g<br \/><\/span><span class='bullet-line'>1x Otev\u00edra\u010d lahv\u00ed<br \/><\/span><span class='bullet-line'>10x Bity: PH1\/2, PZ1\/2, S4\/5, T20\/25, H4\/5<br \/><\/span><span class='bullet-line'>1x L\u00e1tkov\u00e9 pouzdro na zip<\/span><\/div>\n<\/table>\n","protected":false},"excerpt":{"rendered":"<p>Sada n\u00e1\u0159ad\u00ed 14-ti d\u00edln\u00e1 Bosch 1600A027PT \u27a4 Pro pot\u0159eby ka\u017ed\u00e9 dom\u00e1cnostiStartovac\u00ed vybaven\u00ed pro v\u0161echny z\u00e1kladn\u00ed dom\u00e1c\u00ed kutilsk\u00e9 aplikace\u27a4 14d\u00edln\u00e1 sadaObsahuje kombinovan\u00e9 kle\u0161t\u011b, odlamovac\u00ed n\u016f\u017e, univerz\u00e1ln\u00ed \u0161roubov\u00e1k s 10 bity a kladivo v praktick\u00e9m l\u00e1tkov\u00e9m pouzd\u0159e na zip\u27a4 Vysoce kvalitn\u00ed materi\u00e1lyZaji\u0161t\u011bn\u00ed optim\u00e1ln\u00ed ergonomie, robustnosti a dlouh\u00e9 \u017eivotnosti\u27a4 Rozsah dod\u00e1vky1x Kombinovan\u00e9 kle\u0161t\u011b1x Univerz\u00e1ln\u00ed \u0161roubov\u00e1k1x Kladivo 300g1x Otev\u00edra\u010d [&hellip;]<\/p>\n","protected":false},"featured_media":7284,"comment_status":"open","ping_status":"open","template":"","meta":[],"product_brand":[],"product_cat":[38],"product_tag":[],"class_list":{"0":"post-7184","1":"product","2":"type-product","3":"status-publish","4":"has-post-thumbnail","6":"product_cat-naradi","8":"first","9":"instock","10":"sale","11":"shipping-taxable","12":"purchasable","13":"product-type-simple"},"yoast_head":"<!-- This site is optimized with the Yoast SEO plugin v26.8 - https:\/\/yoast.com\/product\/yoast-seo-wordpress\/ -->\n<title>Ak\u010dn\u00ed Cena Bosch 1600A027PT Sada ru\u010dn\u00edho n\u00e1\u0159ad\u00ed 14 ks -<\/title>\n<meta name=\"robots\" content=\"index, follow, max-snippet:-1, max-image-preview:large, max-video-preview:-1\" \/>\n<link rel=\"canonical\" href=\"https:\/\/www.domstavpro.com\/index.php\/produkt\/akcni-cena-bosch-1600a027pt-sada-rucniho-naradi-14-ks-7184\/\" \/>\n<meta property=\"og:locale\" content=\"cs_CZ\" \/>\n<meta property=\"og:type\" content=\"article\" \/>\n<meta property=\"og:title\" content=\"Ak\u010dn\u00ed Cena Bosch 1600A027PT Sada ru\u010dn\u00edho n\u00e1\u0159ad\u00ed 14 ks -\" \/>\n<meta property=\"og:description\" content=\"Sada n\u00e1\u0159ad\u00ed 14-ti d\u00edln\u00e1 Bosch 1600A027PT \u27a4 Pro pot\u0159eby ka\u017ed\u00e9 dom\u00e1cnostiStartovac\u00ed vybaven\u00ed pro v\u0161echny z\u00e1kladn\u00ed dom\u00e1c\u00ed kutilsk\u00e9 aplikace\u27a4 14d\u00edln\u00e1 sadaObsahuje kombinovan\u00e9 kle\u0161t\u011b, odlamovac\u00ed n\u016f\u017e, univerz\u00e1ln\u00ed \u0161roubov\u00e1k s 10 bity a kladivo v praktick\u00e9m l\u00e1tkov\u00e9m pouzd\u0159e na zip\u27a4 Vysoce kvalitn\u00ed materi\u00e1lyZaji\u0161t\u011bn\u00ed optim\u00e1ln\u00ed ergonomie, robustnosti a dlouh\u00e9 \u017eivotnosti\u27a4 Rozsah dod\u00e1vky1x Kombinovan\u00e9 kle\u0161t\u011b1x Univerz\u00e1ln\u00ed \u0161roubov\u00e1k1x Kladivo 300g1x Otev\u00edra\u010d [&hellip;]\" \/>\n<meta property=\"og:url\" content=\"https:\/\/www.domstavpro.com\/index.php\/produkt\/akcni-cena-bosch-1600a027pt-sada-rucniho-naradi-14-ks-7184\/\" \/>\n<meta property=\"og:image\" content=\"https:\/\/www.domstavpro.com\/wp-content\/uploads\/2026\/SK0029367-CZ20260425-092328-0-1777080210-2037495010a7527b4bf7f8ad5e982ffb-mm1000x1000.webp\" \/>\n\t<meta property=\"og:image:width\" content=\"950\" \/>\n\t<meta property=\"og:image:height\" content=\"800\" \/>\n\t<meta property=\"og:image:type\" content=\"image\/webp\" \/>\n<meta name=\"twitter:card\" content=\"summary_large_image\" \/>\n<script type=\"application\/ld+json\" class=\"yoast-schema-graph\">{\"@context\":\"https:\/\/schema.org\",\"@graph\":[{\"@type\":\"WebPage\",\"@id\":\"https:\/\/www.domstavpro.com\/index.php\/produkt\/akcni-cena-bosch-1600a027pt-sada-rucniho-naradi-14-ks-7184\/\",\"url\":\"https:\/\/www.domstavpro.com\/index.php\/produkt\/akcni-cena-bosch-1600a027pt-sada-rucniho-naradi-14-ks-7184\/\",\"name\":\"Ak\u010dn\u00ed Cena Bosch 1600A027PT Sada ru\u010dn\u00edho n\u00e1\u0159ad\u00ed 14 ks -\",\"isPartOf\":{\"@id\":\"https:\/\/www.domstavpro.com\/#website\"},\"primaryImageOfPage\":{\"@id\":\"https:\/\/www.domstavpro.com\/index.php\/produkt\/akcni-cena-bosch-1600a027pt-sada-rucniho-naradi-14-ks-7184\/#primaryimage\"},\"image\":{\"@id\":\"https:\/\/www.domstavpro.com\/index.php\/produkt\/akcni-cena-bosch-1600a027pt-sada-rucniho-naradi-14-ks-7184\/#primaryimage\"},\"thumbnailUrl\":\"https:\/\/www.domstavpro.com\/wp-content\/uploads\/2026\/SK0029367-CZ20260425-092328-0-1777080210-2037495010a7527b4bf7f8ad5e982ffb-mm1000x1000.webp\",\"datePublished\":\"2026-04-27T15:08:10+00:00\",\"breadcrumb\":{\"@id\":\"https:\/\/www.domstavpro.com\/index.php\/produkt\/akcni-cena-bosch-1600a027pt-sada-rucniho-naradi-14-ks-7184\/#breadcrumb\"},\"inLanguage\":\"cs\",\"potentialAction\":[{\"@type\":\"ReadAction\",\"target\":[\"https:\/\/www.domstavpro.com\/index.php\/produkt\/akcni-cena-bosch-1600a027pt-sada-rucniho-naradi-14-ks-7184\/\"]}]},{\"@type\":\"ImageObject\",\"inLanguage\":\"cs\",\"@id\":\"https:\/\/www.domstavpro.com\/index.php\/produkt\/akcni-cena-bosch-1600a027pt-sada-rucniho-naradi-14-ks-7184\/#primaryimage\",\"url\":\"https:\/\/www.domstavpro.com\/wp-content\/uploads\/2026\/SK0029367-CZ20260425-092328-0-1777080210-2037495010a7527b4bf7f8ad5e982ffb-mm1000x1000.webp\",\"contentUrl\":\"https:\/\/www.domstavpro.com\/wp-content\/uploads\/2026\/SK0029367-CZ20260425-092328-0-1777080210-2037495010a7527b4bf7f8ad5e982ffb-mm1000x1000.webp\",\"width\":950,\"height\":800},{\"@type\":\"BreadcrumbList\",\"@id\":\"https:\/\/www.domstavpro.com\/index.php\/produkt\/akcni-cena-bosch-1600a027pt-sada-rucniho-naradi-14-ks-7184\/#breadcrumb\",\"itemListElement\":[{\"@type\":\"ListItem\",\"position\":1,\"name\":\"Home\",\"item\":\"https:\/\/www.domstavpro.com\/\"},{\"@type\":\"ListItem\",\"position\":2,\"name\":\"Products\",\"item\":\"https:\/\/www.domstavpro.com\/index.php\/products\/\"},{\"@type\":\"ListItem\",\"position\":3,\"name\":\"Ak\u010dn\u00ed Cena Bosch 1600A027PT Sada ru\u010dn\u00edho n\u00e1\u0159ad\u00ed 14 ks\"}]},{\"@type\":\"WebSite\",\"@id\":\"https:\/\/www.domstavpro.com\/#website\",\"url\":\"https:\/\/www.domstavpro.com\/\",\"name\":\"\",\"description\":\"\",\"potentialAction\":[{\"@type\":\"SearchAction\",\"target\":{\"@type\":\"EntryPoint\",\"urlTemplate\":\"https:\/\/www.domstavpro.com\/?s={search_term_string}\"},\"query-input\":{\"@type\":\"PropertyValueSpecification\",\"valueRequired\":true,\"valueName\":\"search_term_string\"}}],\"inLanguage\":\"cs\"}]}<\/script>\n<!-- \/ Yoast SEO plugin. -->","yoast_head_json":{"title":"Ak\u010dn\u00ed Cena Bosch 1600A027PT Sada ru\u010dn\u00edho n\u00e1\u0159ad\u00ed 14 ks -","robots":{"index":"index","follow":"follow","max-snippet":"max-snippet:-1","max-image-preview":"max-image-preview:large","max-video-preview":"max-video-preview:-1"},"canonical":"https:\/\/www.domstavpro.com\/index.php\/produkt\/akcni-cena-bosch-1600a027pt-sada-rucniho-naradi-14-ks-7184\/","og_locale":"cs_CZ","og_type":"article","og_title":"Ak\u010dn\u00ed Cena Bosch 1600A027PT Sada ru\u010dn\u00edho n\u00e1\u0159ad\u00ed 14 ks -","og_description":"Sada n\u00e1\u0159ad\u00ed 14-ti d\u00edln\u00e1 Bosch 1600A027PT \u27a4 Pro pot\u0159eby ka\u017ed\u00e9 dom\u00e1cnostiStartovac\u00ed vybaven\u00ed pro v\u0161echny z\u00e1kladn\u00ed dom\u00e1c\u00ed kutilsk\u00e9 aplikace\u27a4 14d\u00edln\u00e1 sadaObsahuje kombinovan\u00e9 kle\u0161t\u011b, odlamovac\u00ed n\u016f\u017e, univerz\u00e1ln\u00ed \u0161roubov\u00e1k s 10 bity a kladivo v praktick\u00e9m l\u00e1tkov\u00e9m pouzd\u0159e na zip\u27a4 Vysoce kvalitn\u00ed materi\u00e1lyZaji\u0161t\u011bn\u00ed optim\u00e1ln\u00ed ergonomie, robustnosti a dlouh\u00e9 \u017eivotnosti\u27a4 Rozsah dod\u00e1vky1x Kombinovan\u00e9 kle\u0161t\u011b1x Univerz\u00e1ln\u00ed \u0161roubov\u00e1k1x Kladivo 300g1x Otev\u00edra\u010d [&hellip;]","og_url":"https:\/\/www.domstavpro.com\/index.php\/produkt\/akcni-cena-bosch-1600a027pt-sada-rucniho-naradi-14-ks-7184\/","og_image":[{"width":950,"height":800,"url":"https:\/\/www.domstavpro.com\/wp-content\/uploads\/2026\/SK0029367-CZ20260425-092328-0-1777080210-2037495010a7527b4bf7f8ad5e982ffb-mm1000x1000.webp","type":"image\/webp"}],"twitter_card":"summary_large_image","schema":{"@context":"https:\/\/schema.org","@graph":[{"@type":"WebPage","@id":"https:\/\/www.domstavpro.com\/index.php\/produkt\/akcni-cena-bosch-1600a027pt-sada-rucniho-naradi-14-ks-7184\/","url":"https:\/\/www.domstavpro.com\/index.php\/produkt\/akcni-cena-bosch-1600a027pt-sada-rucniho-naradi-14-ks-7184\/","name":"Ak\u010dn\u00ed Cena Bosch 1600A027PT Sada ru\u010dn\u00edho n\u00e1\u0159ad\u00ed 14 ks -","isPartOf":{"@id":"https:\/\/www.domstavpro.com\/#website"},"primaryImageOfPage":{"@id":"https:\/\/www.domstavpro.com\/index.php\/produkt\/akcni-cena-bosch-1600a027pt-sada-rucniho-naradi-14-ks-7184\/#primaryimage"},"image":{"@id":"https:\/\/www.domstavpro.com\/index.php\/produkt\/akcni-cena-bosch-1600a027pt-sada-rucniho-naradi-14-ks-7184\/#primaryimage"},"thumbnailUrl":"https:\/\/www.domstavpro.com\/wp-content\/uploads\/2026\/SK0029367-CZ20260425-092328-0-1777080210-2037495010a7527b4bf7f8ad5e982ffb-mm1000x1000.webp","datePublished":"2026-04-27T15:08:10+00:00","breadcrumb":{"@id":"https:\/\/www.domstavpro.com\/index.php\/produkt\/akcni-cena-bosch-1600a027pt-sada-rucniho-naradi-14-ks-7184\/#breadcrumb"},"inLanguage":"cs","potentialAction":[{"@type":"ReadAction","target":["https:\/\/www.domstavpro.com\/index.php\/produkt\/akcni-cena-bosch-1600a027pt-sada-rucniho-naradi-14-ks-7184\/"]}]},{"@type":"ImageObject","inLanguage":"cs","@id":"https:\/\/www.domstavpro.com\/index.php\/produkt\/akcni-cena-bosch-1600a027pt-sada-rucniho-naradi-14-ks-7184\/#primaryimage","url":"https:\/\/www.domstavpro.com\/wp-content\/uploads\/2026\/SK0029367-CZ20260425-092328-0-1777080210-2037495010a7527b4bf7f8ad5e982ffb-mm1000x1000.webp","contentUrl":"https:\/\/www.domstavpro.com\/wp-content\/uploads\/2026\/SK0029367-CZ20260425-092328-0-1777080210-2037495010a7527b4bf7f8ad5e982ffb-mm1000x1000.webp","width":950,"height":800},{"@type":"BreadcrumbList","@id":"https:\/\/www.domstavpro.com\/index.php\/produkt\/akcni-cena-bosch-1600a027pt-sada-rucniho-naradi-14-ks-7184\/#breadcrumb","itemListElement":[{"@type":"ListItem","position":1,"name":"Home","item":"https:\/\/www.domstavpro.com\/"},{"@type":"ListItem","position":2,"name":"Products","item":"https:\/\/www.domstavpro.com\/index.php\/products\/"},{"@type":"ListItem","position":3,"name":"Ak\u010dn\u00ed Cena Bosch 1600A027PT Sada ru\u010dn\u00edho n\u00e1\u0159ad\u00ed 14 ks"}]},{"@type":"WebSite","@id":"https:\/\/www.domstavpro.com\/#website","url":"https:\/\/www.domstavpro.com\/","name":"","description":"","potentialAction":[{"@type":"SearchAction","target":{"@type":"EntryPoint","urlTemplate":"https:\/\/www.domstavpro.com\/?s={search_term_string}"},"query-input":{"@type":"PropertyValueSpecification","valueRequired":true,"valueName":"search_term_string"}}],"inLanguage":"cs"}]}},"_links":{"self":[{"href":"https:\/\/www.domstavpro.com\/index.php\/wp-json\/wp\/v2\/product\/7184","targetHints":{"allow":["GET"]}}],"collection":[{"href":"https:\/\/www.domstavpro.com\/index.php\/wp-json\/wp\/v2\/product"}],"about":[{"href":"https:\/\/www.domstavpro.com\/index.php\/wp-json\/wp\/v2\/types\/product"}],"replies":[{"embeddable":true,"href":"https:\/\/www.domstavpro.com\/index.php\/wp-json\/wp\/v2\/comments?post=7184"}],"wp:featuredmedia":[{"embeddable":true,"href":"https:\/\/www.domstavpro.com\/index.php\/wp-json\/wp\/v2\/media\/7284"}],"wp:attachment":[{"href":"https:\/\/www.domstavpro.com\/index.php\/wp-json\/wp\/v2\/media?parent=7184"}],"wp:term":[{"taxonomy":"product_brand","embeddable":true,"href":"https:\/\/www.domstavpro.com\/index.php\/wp-json\/wp\/v2\/product_brand?post=7184"},{"taxonomy":"product_cat","embeddable":true,"href":"https:\/\/www.domstavpro.com\/index.php\/wp-json\/wp\/v2\/product_cat?post=7184"},{"taxonomy":"product_tag","embeddable":true,"href":"https:\/\/www.domstavpro.com\/index.php\/wp-json\/wp\/v2\/product_tag?post=7184"}],"curies":[{"name":"wp","href":"https:\/\/api.w.org\/{rel}","templated":true}]}}