{"id":7181,"date":"2026-04-27T15:08:10","date_gmt":"2026-04-27T15:08:10","guid":{"rendered":""},"modified":"2026-04-27T15:08:10","modified_gmt":"2026-04-27T15:08:10","slug":"bosch-1600a02e9c-znackovac-hlubokych-otvoru-vyhodna-nabidka-7181","status":"publish","type":"product","link":"https:\/\/www.domstavpro.com\/index.php\/produkt\/bosch-1600a02e9c-znackovac-hlubokych-otvoru-vyhodna-nabidka-7181\/","title":{"rendered":"Bosch 1600A02E9C Zna\u010dkova\u010d hlubok\u00fdch otvor\u016f V\u00fdhodn\u00e1 Nab\u00eddka"},"content":{"rendered":"<table>\n<div class=\"tab-pane active product-description\" id=\"popis\" role=\"tabpanel\">\n<div class=\"short-description\" itemprop=\"description\"><\/div>\n<div class=\"description\"><span class='bullet-line'>Praktick\u00e1 tu\u017eka do hlubok\u00fdch otvor\u016f na zna\u010dkov\u00e1n\u00ed pap\u00edru, d\u0159eva a r\u016fzn\u00fdch materi\u00e1l\u016f<br \/><\/span><br \/>\u27a4 P\u0159\u00ednos pro u\u017eivatele<span class='bullet-line'>Odn\u00edmateln\u00e9 v\u00edko pro flexibiln\u00ed pou\u017eit\u00ed na zna\u010dkov\u00e1n\u00ed v hlubok\u00fdch otvorech<br \/><\/span><span class='bullet-line'>Precizn\u00ed zna\u010den\u00ed \u00fazk\u00fdch a hlubok\u00fdch otvor\u016f p\u0159i kutilsk\u00e9 tesa\u0159in\u011b \u010di vrt\u00e1n\u00ed<br \/><\/span><span class='bullet-line'>Dlouh\u00e1 \u017eivotnost d\u00edky robustn\u00edmu krytu a nerezov\u00e9mu materi\u00e1lu trubi\u010dky<br \/><\/span><span class='bullet-line'>Grafitov\u00e1 tuha na zna\u010den\u00ed pap\u00edru, d\u0159eva, kamene a r\u016fzn\u00fdch materi\u00e1l\u016f<br \/><\/span><span class='bullet-line'>Praktick\u00e9 zabudovan\u00e9 o\u0159ez\u00e1v\u00e1tko zaji\u0161\u0165uje ostr\u00fd hrot a p\u0159esn\u00e9 zna\u010dkov\u00e1n\u00ed<\/span><\/div>\n<div class=\"parameters\">\n<tr>\n<td>Provedeno z materi\u00e1lu<\/td>\n<td>U\u0161lechtil\u00e1 ocel<\/td>\n<\/tr>\n<tr>\n<td>O\u0159ez\u00e1v\u00e1tko<\/td>\n<td>Ulo\u017eeno v koncov\u00e9m krytu<\/td>\n<\/tr>\n<tr>\n<td>Grafitov\u00e1 tuha tvrdost<\/td>\n<td>HB<\/td>\n<\/tr>\n<tr>\n<td>Pr\u016fm\u011br h\u0159\u00eddele<\/td>\n<td>5.7 mm<\/td>\n<\/tr>\n<tr>\n<td>D\u00e9lka v\u0159etena<\/td>\n<td>39 mm<\/td>\n<\/tr>\n<tr>\n<td>Rozm\u011bry n\u00e1\u0159ad\u00ed (D \u00d7 \u0160 \u00d7 V)<\/td>\n<td>147 x 19 x 15 mm<\/td>\n<\/tr>\n<tr>\n<td>Hmotnost<\/td>\n<td>18,0 g<\/td>\n<\/tr><\/div>\n<\/table>\n","protected":false},"excerpt":{"rendered":"<p>Praktick\u00e1 tu\u017eka do hlubok\u00fdch otvor\u016f na zna\u010dkov\u00e1n\u00ed pap\u00edru, d\u0159eva a r\u016fzn\u00fdch materi\u00e1l\u016f\u27a4 P\u0159\u00ednos pro u\u017eivateleOdn\u00edmateln\u00e9 v\u00edko pro flexibiln\u00ed pou\u017eit\u00ed na zna\u010dkov\u00e1n\u00ed v hlubok\u00fdch otvorechPrecizn\u00ed zna\u010den\u00ed \u00fazk\u00fdch a hlubok\u00fdch otvor\u016f p\u0159i kutilsk\u00e9 tesa\u0159in\u011b \u010di vrt\u00e1n\u00edDlouh\u00e1 \u017eivotnost d\u00edky robustn\u00edmu krytu a nerezov\u00e9mu materi\u00e1lu trubi\u010dkyGrafitov\u00e1 tuha na zna\u010den\u00ed pap\u00edru, d\u0159eva, kamene a r\u016fzn\u00fdch materi\u00e1l\u016fPraktick\u00e9 zabudovan\u00e9 o\u0159ez\u00e1v\u00e1tko zaji\u0161\u0165uje ostr\u00fd [&hellip;]<\/p>\n","protected":false},"featured_media":7281,"comment_status":"open","ping_status":"open","template":"","meta":[],"product_brand":[],"product_cat":[40],"product_tag":[],"class_list":{"0":"post-7181","1":"product","2":"type-product","3":"status-publish","4":"has-post-thumbnail","6":"product_cat-stavebni-technika","8":"first","9":"instock","10":"sale","11":"shipping-taxable","12":"purchasable","13":"product-type-simple"},"yoast_head":"<!-- This site is optimized with the Yoast SEO plugin v26.8 - https:\/\/yoast.com\/product\/yoast-seo-wordpress\/ -->\n<title>Bosch 1600A02E9C Zna\u010dkova\u010d hlubok\u00fdch otvor\u016f V\u00fdhodn\u00e1 Nab\u00eddka -<\/title>\n<meta name=\"robots\" content=\"index, follow, max-snippet:-1, max-image-preview:large, max-video-preview:-1\" \/>\n<link rel=\"canonical\" href=\"https:\/\/www.domstavpro.com\/index.php\/produkt\/bosch-1600a02e9c-znackovac-hlubokych-otvoru-vyhodna-nabidka-7181\/\" \/>\n<meta property=\"og:locale\" content=\"cs_CZ\" \/>\n<meta property=\"og:type\" content=\"article\" \/>\n<meta property=\"og:title\" content=\"Bosch 1600A02E9C Zna\u010dkova\u010d hlubok\u00fdch otvor\u016f V\u00fdhodn\u00e1 Nab\u00eddka -\" \/>\n<meta property=\"og:description\" content=\"Praktick\u00e1 tu\u017eka do hlubok\u00fdch otvor\u016f na zna\u010dkov\u00e1n\u00ed pap\u00edru, d\u0159eva a r\u016fzn\u00fdch materi\u00e1l\u016f\u27a4 P\u0159\u00ednos pro u\u017eivateleOdn\u00edmateln\u00e9 v\u00edko pro flexibiln\u00ed pou\u017eit\u00ed na zna\u010dkov\u00e1n\u00ed v hlubok\u00fdch otvorechPrecizn\u00ed zna\u010den\u00ed \u00fazk\u00fdch a hlubok\u00fdch otvor\u016f p\u0159i kutilsk\u00e9 tesa\u0159in\u011b \u010di vrt\u00e1n\u00edDlouh\u00e1 \u017eivotnost d\u00edky robustn\u00edmu krytu a nerezov\u00e9mu materi\u00e1lu trubi\u010dkyGrafitov\u00e1 tuha na zna\u010den\u00ed pap\u00edru, d\u0159eva, kamene a r\u016fzn\u00fdch materi\u00e1l\u016fPraktick\u00e9 zabudovan\u00e9 o\u0159ez\u00e1v\u00e1tko zaji\u0161\u0165uje ostr\u00fd [&hellip;]\" \/>\n<meta property=\"og:url\" content=\"https:\/\/www.domstavpro.com\/index.php\/produkt\/bosch-1600a02e9c-znackovac-hlubokych-otvoru-vyhodna-nabidka-7181\/\" \/>\n<meta property=\"og:image\" content=\"https:\/\/www.domstavpro.com\/wp-content\/uploads\/2026\/SK0029364-CZ20260425-092328-0-1777080210-diy_hand_tools_promotional_items_deep_hole_marker_pencil_dy.webp\" \/>\n\t<meta property=\"og:image:width\" content=\"372\" \/>\n\t<meta property=\"og:image:height\" content=\"700\" \/>\n\t<meta property=\"og:image:type\" content=\"image\/webp\" \/>\n<meta name=\"twitter:card\" content=\"summary_large_image\" \/>\n<meta name=\"twitter:label1\" content=\"Odhadovan\u00e1 doba \u010dten\u00ed\" \/>\n\t<meta name=\"twitter:data1\" content=\"1 minuta\" \/>\n<script type=\"application\/ld+json\" class=\"yoast-schema-graph\">{\"@context\":\"https:\/\/schema.org\",\"@graph\":[{\"@type\":\"WebPage\",\"@id\":\"https:\/\/www.domstavpro.com\/index.php\/produkt\/bosch-1600a02e9c-znackovac-hlubokych-otvoru-vyhodna-nabidka-7181\/\",\"url\":\"https:\/\/www.domstavpro.com\/index.php\/produkt\/bosch-1600a02e9c-znackovac-hlubokych-otvoru-vyhodna-nabidka-7181\/\",\"name\":\"Bosch 1600A02E9C Zna\u010dkova\u010d hlubok\u00fdch otvor\u016f V\u00fdhodn\u00e1 Nab\u00eddka -\",\"isPartOf\":{\"@id\":\"https:\/\/www.domstavpro.com\/#website\"},\"primaryImageOfPage\":{\"@id\":\"https:\/\/www.domstavpro.com\/index.php\/produkt\/bosch-1600a02e9c-znackovac-hlubokych-otvoru-vyhodna-nabidka-7181\/#primaryimage\"},\"image\":{\"@id\":\"https:\/\/www.domstavpro.com\/index.php\/produkt\/bosch-1600a02e9c-znackovac-hlubokych-otvoru-vyhodna-nabidka-7181\/#primaryimage\"},\"thumbnailUrl\":\"https:\/\/www.domstavpro.com\/wp-content\/uploads\/2026\/SK0029364-CZ20260425-092328-0-1777080210-diy_hand_tools_promotional_items_deep_hole_marker_pencil_dy.webp\",\"datePublished\":\"2026-04-27T15:08:10+00:00\",\"breadcrumb\":{\"@id\":\"https:\/\/www.domstavpro.com\/index.php\/produkt\/bosch-1600a02e9c-znackovac-hlubokych-otvoru-vyhodna-nabidka-7181\/#breadcrumb\"},\"inLanguage\":\"cs\",\"potentialAction\":[{\"@type\":\"ReadAction\",\"target\":[\"https:\/\/www.domstavpro.com\/index.php\/produkt\/bosch-1600a02e9c-znackovac-hlubokych-otvoru-vyhodna-nabidka-7181\/\"]}]},{\"@type\":\"ImageObject\",\"inLanguage\":\"cs\",\"@id\":\"https:\/\/www.domstavpro.com\/index.php\/produkt\/bosch-1600a02e9c-znackovac-hlubokych-otvoru-vyhodna-nabidka-7181\/#primaryimage\",\"url\":\"https:\/\/www.domstavpro.com\/wp-content\/uploads\/2026\/SK0029364-CZ20260425-092328-0-1777080210-diy_hand_tools_promotional_items_deep_hole_marker_pencil_dy.webp\",\"contentUrl\":\"https:\/\/www.domstavpro.com\/wp-content\/uploads\/2026\/SK0029364-CZ20260425-092328-0-1777080210-diy_hand_tools_promotional_items_deep_hole_marker_pencil_dy.webp\",\"width\":372,\"height\":700},{\"@type\":\"BreadcrumbList\",\"@id\":\"https:\/\/www.domstavpro.com\/index.php\/produkt\/bosch-1600a02e9c-znackovac-hlubokych-otvoru-vyhodna-nabidka-7181\/#breadcrumb\",\"itemListElement\":[{\"@type\":\"ListItem\",\"position\":1,\"name\":\"Home\",\"item\":\"https:\/\/www.domstavpro.com\/\"},{\"@type\":\"ListItem\",\"position\":2,\"name\":\"Products\",\"item\":\"https:\/\/www.domstavpro.com\/index.php\/products\/\"},{\"@type\":\"ListItem\",\"position\":3,\"name\":\"Bosch 1600A02E9C Zna\u010dkova\u010d hlubok\u00fdch otvor\u016f V\u00fdhodn\u00e1 Nab\u00eddka\"}]},{\"@type\":\"WebSite\",\"@id\":\"https:\/\/www.domstavpro.com\/#website\",\"url\":\"https:\/\/www.domstavpro.com\/\",\"name\":\"\",\"description\":\"\",\"potentialAction\":[{\"@type\":\"SearchAction\",\"target\":{\"@type\":\"EntryPoint\",\"urlTemplate\":\"https:\/\/www.domstavpro.com\/?s={search_term_string}\"},\"query-input\":{\"@type\":\"PropertyValueSpecification\",\"valueRequired\":true,\"valueName\":\"search_term_string\"}}],\"inLanguage\":\"cs\"}]}<\/script>\n<!-- \/ Yoast SEO plugin. -->","yoast_head_json":{"title":"Bosch 1600A02E9C Zna\u010dkova\u010d hlubok\u00fdch otvor\u016f V\u00fdhodn\u00e1 Nab\u00eddka -","robots":{"index":"index","follow":"follow","max-snippet":"max-snippet:-1","max-image-preview":"max-image-preview:large","max-video-preview":"max-video-preview:-1"},"canonical":"https:\/\/www.domstavpro.com\/index.php\/produkt\/bosch-1600a02e9c-znackovac-hlubokych-otvoru-vyhodna-nabidka-7181\/","og_locale":"cs_CZ","og_type":"article","og_title":"Bosch 1600A02E9C Zna\u010dkova\u010d hlubok\u00fdch otvor\u016f V\u00fdhodn\u00e1 Nab\u00eddka -","og_description":"Praktick\u00e1 tu\u017eka do hlubok\u00fdch otvor\u016f na zna\u010dkov\u00e1n\u00ed pap\u00edru, d\u0159eva a r\u016fzn\u00fdch materi\u00e1l\u016f\u27a4 P\u0159\u00ednos pro u\u017eivateleOdn\u00edmateln\u00e9 v\u00edko pro flexibiln\u00ed pou\u017eit\u00ed na zna\u010dkov\u00e1n\u00ed v hlubok\u00fdch otvorechPrecizn\u00ed zna\u010den\u00ed \u00fazk\u00fdch a hlubok\u00fdch otvor\u016f p\u0159i kutilsk\u00e9 tesa\u0159in\u011b \u010di vrt\u00e1n\u00edDlouh\u00e1 \u017eivotnost d\u00edky robustn\u00edmu krytu a nerezov\u00e9mu materi\u00e1lu trubi\u010dkyGrafitov\u00e1 tuha na zna\u010den\u00ed pap\u00edru, d\u0159eva, kamene a r\u016fzn\u00fdch materi\u00e1l\u016fPraktick\u00e9 zabudovan\u00e9 o\u0159ez\u00e1v\u00e1tko zaji\u0161\u0165uje ostr\u00fd [&hellip;]","og_url":"https:\/\/www.domstavpro.com\/index.php\/produkt\/bosch-1600a02e9c-znackovac-hlubokych-otvoru-vyhodna-nabidka-7181\/","og_image":[{"width":372,"height":700,"url":"https:\/\/www.domstavpro.com\/wp-content\/uploads\/2026\/SK0029364-CZ20260425-092328-0-1777080210-diy_hand_tools_promotional_items_deep_hole_marker_pencil_dy.webp","type":"image\/webp"}],"twitter_card":"summary_large_image","twitter_misc":{"Odhadovan\u00e1 doba \u010dten\u00ed":"1 minuta"},"schema":{"@context":"https:\/\/schema.org","@graph":[{"@type":"WebPage","@id":"https:\/\/www.domstavpro.com\/index.php\/produkt\/bosch-1600a02e9c-znackovac-hlubokych-otvoru-vyhodna-nabidka-7181\/","url":"https:\/\/www.domstavpro.com\/index.php\/produkt\/bosch-1600a02e9c-znackovac-hlubokych-otvoru-vyhodna-nabidka-7181\/","name":"Bosch 1600A02E9C Zna\u010dkova\u010d hlubok\u00fdch otvor\u016f V\u00fdhodn\u00e1 Nab\u00eddka -","isPartOf":{"@id":"https:\/\/www.domstavpro.com\/#website"},"primaryImageOfPage":{"@id":"https:\/\/www.domstavpro.com\/index.php\/produkt\/bosch-1600a02e9c-znackovac-hlubokych-otvoru-vyhodna-nabidka-7181\/#primaryimage"},"image":{"@id":"https:\/\/www.domstavpro.com\/index.php\/produkt\/bosch-1600a02e9c-znackovac-hlubokych-otvoru-vyhodna-nabidka-7181\/#primaryimage"},"thumbnailUrl":"https:\/\/www.domstavpro.com\/wp-content\/uploads\/2026\/SK0029364-CZ20260425-092328-0-1777080210-diy_hand_tools_promotional_items_deep_hole_marker_pencil_dy.webp","datePublished":"2026-04-27T15:08:10+00:00","breadcrumb":{"@id":"https:\/\/www.domstavpro.com\/index.php\/produkt\/bosch-1600a02e9c-znackovac-hlubokych-otvoru-vyhodna-nabidka-7181\/#breadcrumb"},"inLanguage":"cs","potentialAction":[{"@type":"ReadAction","target":["https:\/\/www.domstavpro.com\/index.php\/produkt\/bosch-1600a02e9c-znackovac-hlubokych-otvoru-vyhodna-nabidka-7181\/"]}]},{"@type":"ImageObject","inLanguage":"cs","@id":"https:\/\/www.domstavpro.com\/index.php\/produkt\/bosch-1600a02e9c-znackovac-hlubokych-otvoru-vyhodna-nabidka-7181\/#primaryimage","url":"https:\/\/www.domstavpro.com\/wp-content\/uploads\/2026\/SK0029364-CZ20260425-092328-0-1777080210-diy_hand_tools_promotional_items_deep_hole_marker_pencil_dy.webp","contentUrl":"https:\/\/www.domstavpro.com\/wp-content\/uploads\/2026\/SK0029364-CZ20260425-092328-0-1777080210-diy_hand_tools_promotional_items_deep_hole_marker_pencil_dy.webp","width":372,"height":700},{"@type":"BreadcrumbList","@id":"https:\/\/www.domstavpro.com\/index.php\/produkt\/bosch-1600a02e9c-znackovac-hlubokych-otvoru-vyhodna-nabidka-7181\/#breadcrumb","itemListElement":[{"@type":"ListItem","position":1,"name":"Home","item":"https:\/\/www.domstavpro.com\/"},{"@type":"ListItem","position":2,"name":"Products","item":"https:\/\/www.domstavpro.com\/index.php\/products\/"},{"@type":"ListItem","position":3,"name":"Bosch 1600A02E9C Zna\u010dkova\u010d hlubok\u00fdch otvor\u016f V\u00fdhodn\u00e1 Nab\u00eddka"}]},{"@type":"WebSite","@id":"https:\/\/www.domstavpro.com\/#website","url":"https:\/\/www.domstavpro.com\/","name":"","description":"","potentialAction":[{"@type":"SearchAction","target":{"@type":"EntryPoint","urlTemplate":"https:\/\/www.domstavpro.com\/?s={search_term_string}"},"query-input":{"@type":"PropertyValueSpecification","valueRequired":true,"valueName":"search_term_string"}}],"inLanguage":"cs"}]}},"_links":{"self":[{"href":"https:\/\/www.domstavpro.com\/index.php\/wp-json\/wp\/v2\/product\/7181","targetHints":{"allow":["GET"]}}],"collection":[{"href":"https:\/\/www.domstavpro.com\/index.php\/wp-json\/wp\/v2\/product"}],"about":[{"href":"https:\/\/www.domstavpro.com\/index.php\/wp-json\/wp\/v2\/types\/product"}],"replies":[{"embeddable":true,"href":"https:\/\/www.domstavpro.com\/index.php\/wp-json\/wp\/v2\/comments?post=7181"}],"wp:featuredmedia":[{"embeddable":true,"href":"https:\/\/www.domstavpro.com\/index.php\/wp-json\/wp\/v2\/media\/7281"}],"wp:attachment":[{"href":"https:\/\/www.domstavpro.com\/index.php\/wp-json\/wp\/v2\/media?parent=7181"}],"wp:term":[{"taxonomy":"product_brand","embeddable":true,"href":"https:\/\/www.domstavpro.com\/index.php\/wp-json\/wp\/v2\/product_brand?post=7181"},{"taxonomy":"product_cat","embeddable":true,"href":"https:\/\/www.domstavpro.com\/index.php\/wp-json\/wp\/v2\/product_cat?post=7181"},{"taxonomy":"product_tag","embeddable":true,"href":"https:\/\/www.domstavpro.com\/index.php\/wp-json\/wp\/v2\/product_tag?post=7181"}],"curies":[{"name":"wp","href":"https:\/\/api.w.org\/{rel}","templated":true}]}}