{"id":7176,"date":"2026-04-27T15:08:10","date_gmt":"2026-04-27T15:08:10","guid":{"rendered":""},"modified":"2026-04-27T15:08:10","modified_gmt":"2026-04-27T15:08:10","slug":"bosch-1600a02h3h-vodovaha-12-cm-dokud-zasoby-vydrzi-7176","status":"publish","type":"product","link":"https:\/\/www.domstavpro.com\/index.php\/produkt\/bosch-1600a02h3h-vodovaha-12-cm-dokud-zasoby-vydrzi-7176\/","title":{"rendered":"Bosch 1600A02H3H Vodov\u00e1ha 12 cm Dokud Z\u00e1soby Vydr\u017e\u00ed"},"content":{"rendered":"<table>\n<div class=\"tab-pane active product-description\" id=\"popis\" role=\"tabpanel\">\n<div class=\"short-description\" itemprop=\"description\"><\/div>\n<div class=\"description\"><span class='bullet-line'>Robustn\u00ed kapesn\u00ed vodov\u00e1ha pro p\u0159esn\u00e9 v\u00fdsledky<br \/><\/span><br \/>\u27a4 P\u0159\u00ednos pro u\u017eivatele<span class='bullet-line'>Kompaktn\u00ed 12cm vodov\u00e1ha pro snadn\u00e9 p\u0159en\u00e1\u0161en\u00ed a pr\u00e1ci na t\u011bsn\u00fdch m\u00edstech<br \/><\/span><span class='bullet-line'>P\u0159esn\u00e9 m\u011b\u0159en\u00ed s vysokou viditelnost\u00ed d\u00edky fluorescen\u010dn\u00ed vodorovn\u00e9 bublin\u011b<br \/><\/span><span class='bullet-line'>Precizn\u00ed m\u011b\u0159en\u00ed ploch\u00fdch \u010di zak\u0159iven\u00fdch povrch\u016f s V-dr\u00e1\u017ekou \u010di r\u00fdhovan\u00fdm spodkem<br \/><\/span><span class='bullet-line'>Robustn\u00ed, ale lehk\u00e9 hlin\u00edkov\u00e9 t\u011blo se zes\u00edlen\u00fdm r\u00e1mem<br \/><\/span><span class='bullet-line'>M\u00e9n\u011b po\u0161kozen\u00ed n\u00e1\u0159ad\u00ed d\u00edky ochrann\u00fdm koncovk\u00e1m a protiskluzov\u00e9mu pogumov\u00e1n\u00ed<\/span><\/div>\n<div class=\"parameters\">\n<tr>\n<td>Provedeno z materi\u00e1lu<\/td>\n<td>Hlin\u00edk<\/td>\n<\/tr>\n<tr>\n<td>\u00darove\u0148 p\u0159esnosti<\/td>\n<td>0.05 mm\/m<\/td>\n<\/tr>\n<tr>\n<td>Metrick\u00e1 \u0161k\u00e1la<\/td>\n<td>Ne<\/td>\n<\/tr>\n<tr>\n<td>Typ<\/td>\n<td>Krabicov\u00e1 vodov\u00e1ha<\/td>\n<\/tr>\n<tr>\n<td>Rozm\u011bry n\u00e1\u0159ad\u00ed (D \u00d7 \u0160 \u00d7 V)<\/td>\n<td>120 x 51 x 25 mm<\/td>\n<\/tr>\n<tr>\n<td>Hmotnost<\/td>\n<td>92,0 g<\/td>\n<\/tr><\/div>\n<\/table>\n","protected":false},"excerpt":{"rendered":"<p>Robustn\u00ed kapesn\u00ed vodov\u00e1ha pro p\u0159esn\u00e9 v\u00fdsledky\u27a4 P\u0159\u00ednos pro u\u017eivateleKompaktn\u00ed 12cm vodov\u00e1ha pro snadn\u00e9 p\u0159en\u00e1\u0161en\u00ed a pr\u00e1ci na t\u011bsn\u00fdch m\u00edstechP\u0159esn\u00e9 m\u011b\u0159en\u00ed s vysokou viditelnost\u00ed d\u00edky fluorescen\u010dn\u00ed vodorovn\u00e9 bublin\u011bPrecizn\u00ed m\u011b\u0159en\u00ed ploch\u00fdch \u010di zak\u0159iven\u00fdch povrch\u016f s V-dr\u00e1\u017ekou \u010di r\u00fdhovan\u00fdm spodkemRobustn\u00ed, ale lehk\u00e9 hlin\u00edkov\u00e9 t\u011blo se zes\u00edlen\u00fdm r\u00e1memM\u00e9n\u011b po\u0161kozen\u00ed n\u00e1\u0159ad\u00ed d\u00edky ochrann\u00fdm koncovk\u00e1m a protiskluzov\u00e9mu pogumov\u00e1n\u00ed Provedeno z materi\u00e1lu [&hellip;]<\/p>\n","protected":false},"featured_media":7276,"comment_status":"open","ping_status":"open","template":"","meta":[],"product_brand":[],"product_cat":[40],"product_tag":[],"class_list":{"0":"post-7176","1":"product","2":"type-product","3":"status-publish","4":"has-post-thumbnail","6":"product_cat-stavebni-technika","8":"first","9":"instock","10":"sale","11":"shipping-taxable","12":"purchasable","13":"product-type-simple"},"yoast_head":"<!-- This site is optimized with the Yoast SEO plugin v26.8 - https:\/\/yoast.com\/product\/yoast-seo-wordpress\/ -->\n<title>Bosch 1600A02H3H Vodov\u00e1ha 12 cm Dokud Z\u00e1soby Vydr\u017e\u00ed -<\/title>\n<meta name=\"robots\" content=\"index, follow, max-snippet:-1, max-image-preview:large, max-video-preview:-1\" \/>\n<link rel=\"canonical\" href=\"https:\/\/www.domstavpro.com\/index.php\/produkt\/bosch-1600a02h3h-vodovaha-12-cm-dokud-zasoby-vydrzi-7176\/\" \/>\n<meta property=\"og:locale\" content=\"cs_CZ\" \/>\n<meta property=\"og:type\" content=\"article\" \/>\n<meta property=\"og:title\" content=\"Bosch 1600A02H3H Vodov\u00e1ha 12 cm Dokud Z\u00e1soby Vydr\u017e\u00ed -\" \/>\n<meta property=\"og:description\" content=\"Robustn\u00ed kapesn\u00ed vodov\u00e1ha pro p\u0159esn\u00e9 v\u00fdsledky\u27a4 P\u0159\u00ednos pro u\u017eivateleKompaktn\u00ed 12cm vodov\u00e1ha pro snadn\u00e9 p\u0159en\u00e1\u0161en\u00ed a pr\u00e1ci na t\u011bsn\u00fdch m\u00edstechP\u0159esn\u00e9 m\u011b\u0159en\u00ed s vysokou viditelnost\u00ed d\u00edky fluorescen\u010dn\u00ed vodorovn\u00e9 bublin\u011bPrecizn\u00ed m\u011b\u0159en\u00ed ploch\u00fdch \u010di zak\u0159iven\u00fdch povrch\u016f s V-dr\u00e1\u017ekou \u010di r\u00fdhovan\u00fdm spodkemRobustn\u00ed, ale lehk\u00e9 hlin\u00edkov\u00e9 t\u011blo se zes\u00edlen\u00fdm r\u00e1memM\u00e9n\u011b po\u0161kozen\u00ed n\u00e1\u0159ad\u00ed d\u00edky ochrann\u00fdm koncovk\u00e1m a protiskluzov\u00e9mu pogumov\u00e1n\u00ed Provedeno z materi\u00e1lu [&hellip;]\" \/>\n<meta property=\"og:url\" content=\"https:\/\/www.domstavpro.com\/index.php\/produkt\/bosch-1600a02h3h-vodovaha-12-cm-dokud-zasoby-vydrzi-7176\/\" \/>\n<meta property=\"og:image\" content=\"https:\/\/www.domstavpro.com\/wp-content\/uploads\/2026\/SK0029359-CZ20260425-092328-0-1777080210-diy_hand_tool_various_spirit_level_12cm_stat-2.webp\" \/>\n\t<meta property=\"og:image:width\" content=\"700\" \/>\n\t<meta property=\"og:image:height\" content=\"349\" \/>\n\t<meta property=\"og:image:type\" content=\"image\/webp\" \/>\n<meta name=\"twitter:card\" content=\"summary_large_image\" \/>\n<meta name=\"twitter:label1\" content=\"Odhadovan\u00e1 doba \u010dten\u00ed\" \/>\n\t<meta name=\"twitter:data1\" content=\"1 minuta\" \/>\n<script type=\"application\/ld+json\" class=\"yoast-schema-graph\">{\"@context\":\"https:\/\/schema.org\",\"@graph\":[{\"@type\":\"WebPage\",\"@id\":\"https:\/\/www.domstavpro.com\/index.php\/produkt\/bosch-1600a02h3h-vodovaha-12-cm-dokud-zasoby-vydrzi-7176\/\",\"url\":\"https:\/\/www.domstavpro.com\/index.php\/produkt\/bosch-1600a02h3h-vodovaha-12-cm-dokud-zasoby-vydrzi-7176\/\",\"name\":\"Bosch 1600A02H3H Vodov\u00e1ha 12 cm Dokud Z\u00e1soby Vydr\u017e\u00ed -\",\"isPartOf\":{\"@id\":\"https:\/\/www.domstavpro.com\/#website\"},\"primaryImageOfPage\":{\"@id\":\"https:\/\/www.domstavpro.com\/index.php\/produkt\/bosch-1600a02h3h-vodovaha-12-cm-dokud-zasoby-vydrzi-7176\/#primaryimage\"},\"image\":{\"@id\":\"https:\/\/www.domstavpro.com\/index.php\/produkt\/bosch-1600a02h3h-vodovaha-12-cm-dokud-zasoby-vydrzi-7176\/#primaryimage\"},\"thumbnailUrl\":\"https:\/\/www.domstavpro.com\/wp-content\/uploads\/2026\/SK0029359-CZ20260425-092328-0-1777080210-diy_hand_tool_various_spirit_level_12cm_stat-2.webp\",\"datePublished\":\"2026-04-27T15:08:10+00:00\",\"breadcrumb\":{\"@id\":\"https:\/\/www.domstavpro.com\/index.php\/produkt\/bosch-1600a02h3h-vodovaha-12-cm-dokud-zasoby-vydrzi-7176\/#breadcrumb\"},\"inLanguage\":\"cs\",\"potentialAction\":[{\"@type\":\"ReadAction\",\"target\":[\"https:\/\/www.domstavpro.com\/index.php\/produkt\/bosch-1600a02h3h-vodovaha-12-cm-dokud-zasoby-vydrzi-7176\/\"]}]},{\"@type\":\"ImageObject\",\"inLanguage\":\"cs\",\"@id\":\"https:\/\/www.domstavpro.com\/index.php\/produkt\/bosch-1600a02h3h-vodovaha-12-cm-dokud-zasoby-vydrzi-7176\/#primaryimage\",\"url\":\"https:\/\/www.domstavpro.com\/wp-content\/uploads\/2026\/SK0029359-CZ20260425-092328-0-1777080210-diy_hand_tool_various_spirit_level_12cm_stat-2.webp\",\"contentUrl\":\"https:\/\/www.domstavpro.com\/wp-content\/uploads\/2026\/SK0029359-CZ20260425-092328-0-1777080210-diy_hand_tool_various_spirit_level_12cm_stat-2.webp\",\"width\":700,\"height\":349},{\"@type\":\"BreadcrumbList\",\"@id\":\"https:\/\/www.domstavpro.com\/index.php\/produkt\/bosch-1600a02h3h-vodovaha-12-cm-dokud-zasoby-vydrzi-7176\/#breadcrumb\",\"itemListElement\":[{\"@type\":\"ListItem\",\"position\":1,\"name\":\"Home\",\"item\":\"https:\/\/www.domstavpro.com\/\"},{\"@type\":\"ListItem\",\"position\":2,\"name\":\"Products\",\"item\":\"https:\/\/www.domstavpro.com\/index.php\/products\/\"},{\"@type\":\"ListItem\",\"position\":3,\"name\":\"Bosch 1600A02H3H Vodov\u00e1ha 12 cm Dokud Z\u00e1soby Vydr\u017e\u00ed\"}]},{\"@type\":\"WebSite\",\"@id\":\"https:\/\/www.domstavpro.com\/#website\",\"url\":\"https:\/\/www.domstavpro.com\/\",\"name\":\"\",\"description\":\"\",\"potentialAction\":[{\"@type\":\"SearchAction\",\"target\":{\"@type\":\"EntryPoint\",\"urlTemplate\":\"https:\/\/www.domstavpro.com\/?s={search_term_string}\"},\"query-input\":{\"@type\":\"PropertyValueSpecification\",\"valueRequired\":true,\"valueName\":\"search_term_string\"}}],\"inLanguage\":\"cs\"}]}<\/script>\n<!-- \/ Yoast SEO plugin. -->","yoast_head_json":{"title":"Bosch 1600A02H3H Vodov\u00e1ha 12 cm Dokud Z\u00e1soby Vydr\u017e\u00ed -","robots":{"index":"index","follow":"follow","max-snippet":"max-snippet:-1","max-image-preview":"max-image-preview:large","max-video-preview":"max-video-preview:-1"},"canonical":"https:\/\/www.domstavpro.com\/index.php\/produkt\/bosch-1600a02h3h-vodovaha-12-cm-dokud-zasoby-vydrzi-7176\/","og_locale":"cs_CZ","og_type":"article","og_title":"Bosch 1600A02H3H Vodov\u00e1ha 12 cm Dokud Z\u00e1soby Vydr\u017e\u00ed -","og_description":"Robustn\u00ed kapesn\u00ed vodov\u00e1ha pro p\u0159esn\u00e9 v\u00fdsledky\u27a4 P\u0159\u00ednos pro u\u017eivateleKompaktn\u00ed 12cm vodov\u00e1ha pro snadn\u00e9 p\u0159en\u00e1\u0161en\u00ed a pr\u00e1ci na t\u011bsn\u00fdch m\u00edstechP\u0159esn\u00e9 m\u011b\u0159en\u00ed s vysokou viditelnost\u00ed d\u00edky fluorescen\u010dn\u00ed vodorovn\u00e9 bublin\u011bPrecizn\u00ed m\u011b\u0159en\u00ed ploch\u00fdch \u010di zak\u0159iven\u00fdch povrch\u016f s V-dr\u00e1\u017ekou \u010di r\u00fdhovan\u00fdm spodkemRobustn\u00ed, ale lehk\u00e9 hlin\u00edkov\u00e9 t\u011blo se zes\u00edlen\u00fdm r\u00e1memM\u00e9n\u011b po\u0161kozen\u00ed n\u00e1\u0159ad\u00ed d\u00edky ochrann\u00fdm koncovk\u00e1m a protiskluzov\u00e9mu pogumov\u00e1n\u00ed Provedeno z materi\u00e1lu [&hellip;]","og_url":"https:\/\/www.domstavpro.com\/index.php\/produkt\/bosch-1600a02h3h-vodovaha-12-cm-dokud-zasoby-vydrzi-7176\/","og_image":[{"width":700,"height":349,"url":"https:\/\/www.domstavpro.com\/wp-content\/uploads\/2026\/SK0029359-CZ20260425-092328-0-1777080210-diy_hand_tool_various_spirit_level_12cm_stat-2.webp","type":"image\/webp"}],"twitter_card":"summary_large_image","twitter_misc":{"Odhadovan\u00e1 doba \u010dten\u00ed":"1 minuta"},"schema":{"@context":"https:\/\/schema.org","@graph":[{"@type":"WebPage","@id":"https:\/\/www.domstavpro.com\/index.php\/produkt\/bosch-1600a02h3h-vodovaha-12-cm-dokud-zasoby-vydrzi-7176\/","url":"https:\/\/www.domstavpro.com\/index.php\/produkt\/bosch-1600a02h3h-vodovaha-12-cm-dokud-zasoby-vydrzi-7176\/","name":"Bosch 1600A02H3H Vodov\u00e1ha 12 cm Dokud Z\u00e1soby Vydr\u017e\u00ed -","isPartOf":{"@id":"https:\/\/www.domstavpro.com\/#website"},"primaryImageOfPage":{"@id":"https:\/\/www.domstavpro.com\/index.php\/produkt\/bosch-1600a02h3h-vodovaha-12-cm-dokud-zasoby-vydrzi-7176\/#primaryimage"},"image":{"@id":"https:\/\/www.domstavpro.com\/index.php\/produkt\/bosch-1600a02h3h-vodovaha-12-cm-dokud-zasoby-vydrzi-7176\/#primaryimage"},"thumbnailUrl":"https:\/\/www.domstavpro.com\/wp-content\/uploads\/2026\/SK0029359-CZ20260425-092328-0-1777080210-diy_hand_tool_various_spirit_level_12cm_stat-2.webp","datePublished":"2026-04-27T15:08:10+00:00","breadcrumb":{"@id":"https:\/\/www.domstavpro.com\/index.php\/produkt\/bosch-1600a02h3h-vodovaha-12-cm-dokud-zasoby-vydrzi-7176\/#breadcrumb"},"inLanguage":"cs","potentialAction":[{"@type":"ReadAction","target":["https:\/\/www.domstavpro.com\/index.php\/produkt\/bosch-1600a02h3h-vodovaha-12-cm-dokud-zasoby-vydrzi-7176\/"]}]},{"@type":"ImageObject","inLanguage":"cs","@id":"https:\/\/www.domstavpro.com\/index.php\/produkt\/bosch-1600a02h3h-vodovaha-12-cm-dokud-zasoby-vydrzi-7176\/#primaryimage","url":"https:\/\/www.domstavpro.com\/wp-content\/uploads\/2026\/SK0029359-CZ20260425-092328-0-1777080210-diy_hand_tool_various_spirit_level_12cm_stat-2.webp","contentUrl":"https:\/\/www.domstavpro.com\/wp-content\/uploads\/2026\/SK0029359-CZ20260425-092328-0-1777080210-diy_hand_tool_various_spirit_level_12cm_stat-2.webp","width":700,"height":349},{"@type":"BreadcrumbList","@id":"https:\/\/www.domstavpro.com\/index.php\/produkt\/bosch-1600a02h3h-vodovaha-12-cm-dokud-zasoby-vydrzi-7176\/#breadcrumb","itemListElement":[{"@type":"ListItem","position":1,"name":"Home","item":"https:\/\/www.domstavpro.com\/"},{"@type":"ListItem","position":2,"name":"Products","item":"https:\/\/www.domstavpro.com\/index.php\/products\/"},{"@type":"ListItem","position":3,"name":"Bosch 1600A02H3H Vodov\u00e1ha 12 cm Dokud Z\u00e1soby Vydr\u017e\u00ed"}]},{"@type":"WebSite","@id":"https:\/\/www.domstavpro.com\/#website","url":"https:\/\/www.domstavpro.com\/","name":"","description":"","potentialAction":[{"@type":"SearchAction","target":{"@type":"EntryPoint","urlTemplate":"https:\/\/www.domstavpro.com\/?s={search_term_string}"},"query-input":{"@type":"PropertyValueSpecification","valueRequired":true,"valueName":"search_term_string"}}],"inLanguage":"cs"}]}},"_links":{"self":[{"href":"https:\/\/www.domstavpro.com\/index.php\/wp-json\/wp\/v2\/product\/7176","targetHints":{"allow":["GET"]}}],"collection":[{"href":"https:\/\/www.domstavpro.com\/index.php\/wp-json\/wp\/v2\/product"}],"about":[{"href":"https:\/\/www.domstavpro.com\/index.php\/wp-json\/wp\/v2\/types\/product"}],"replies":[{"embeddable":true,"href":"https:\/\/www.domstavpro.com\/index.php\/wp-json\/wp\/v2\/comments?post=7176"}],"wp:featuredmedia":[{"embeddable":true,"href":"https:\/\/www.domstavpro.com\/index.php\/wp-json\/wp\/v2\/media\/7276"}],"wp:attachment":[{"href":"https:\/\/www.domstavpro.com\/index.php\/wp-json\/wp\/v2\/media?parent=7176"}],"wp:term":[{"taxonomy":"product_brand","embeddable":true,"href":"https:\/\/www.domstavpro.com\/index.php\/wp-json\/wp\/v2\/product_brand?post=7176"},{"taxonomy":"product_cat","embeddable":true,"href":"https:\/\/www.domstavpro.com\/index.php\/wp-json\/wp\/v2\/product_cat?post=7176"},{"taxonomy":"product_tag","embeddable":true,"href":"https:\/\/www.domstavpro.com\/index.php\/wp-json\/wp\/v2\/product_tag?post=7176"}],"curies":[{"name":"wp","href":"https:\/\/api.w.org\/{rel}","templated":true}]}}