{"id":70497,"date":"2026-04-27T15:10:44","date_gmt":"2026-04-27T15:10:44","guid":{"rendered":""},"modified":"2026-04-27T15:10:44","modified_gmt":"2026-04-27T15:10:44","slug":"ukoncena-vyroba-led2-1220541cs-duster-ii-120-20-35w-casambi-4000k-led2-lighting-levny-70497","status":"publish","type":"product","link":"https:\/\/www.domstavpro.com\/index.php\/produkt\/ukoncena-vyroba-led2-1220541cs-duster-ii-120-20-35w-casambi-4000k-led2-lighting-levny-70497\/","title":{"rendered":"UKON\u010cENA V\u00ddROBA LED2 1220541CS DUSTER II 120 20-35W CASAMBI 4000K &#8211; LED2 Lighting Levn\u00fd"},"content":{"rendered":"<p><\/p>\n<div class=\"top-params\">\n<h3 class=\"product-h3 collapse-header \" data-toggle=\"collapse\" data-target=\"#collapseOne\" aria-expanded=\"true\" aria-controls=\"collapseOne\">Parametry<\/h3>\n<div id=\"collapseOne\" class=\"collapse show\" aria-labelledby=\"headingOne\" data-parent=\"#product-info-accordion1\">\n<table class=\"table-striped\">\n<tr>\n<td>                U v\u00fdrobce dostupn\u00fdch            <\/td>\n<td>                0                    ks            <\/td>\n<\/tr>\n<\/table>\n<\/div><\/div>\n<\/div>\n<div class=\"accordion\" id=\"product-info-accordion2\">\n","protected":false},"excerpt":{"rendered":"<p>Parametry U v\u00fdrobce dostupn\u00fdch 0 ks<\/p>\n","protected":false},"featured_media":70597,"comment_status":"open","ping_status":"open","template":"","meta":[],"product_brand":[],"product_cat":[43],"product_tag":[],"class_list":{"0":"post-70497","1":"product","2":"type-product","3":"status-publish","4":"has-post-thumbnail","6":"product_cat-nejlepsi-prodejci","8":"first","9":"instock","10":"sale","11":"shipping-taxable","12":"purchasable","13":"product-type-simple"},"yoast_head":"<!-- This site is optimized with the Yoast SEO plugin v26.8 - https:\/\/yoast.com\/product\/yoast-seo-wordpress\/ -->\n<title>UKON\u010cENA V\u00ddROBA LED2 1220541CS DUSTER II 120 20-35W CASAMBI 4000K - LED2 Lighting Levn\u00fd -<\/title>\n<meta name=\"robots\" content=\"index, follow, max-snippet:-1, max-image-preview:large, max-video-preview:-1\" \/>\n<link rel=\"canonical\" href=\"https:\/\/www.domstavpro.com\/index.php\/produkt\/ukoncena-vyroba-led2-1220541cs-duster-ii-120-20-35w-casambi-4000k-led2-lighting-levny-70497\/\" \/>\n<meta property=\"og:locale\" content=\"cs_CZ\" \/>\n<meta property=\"og:type\" content=\"article\" \/>\n<meta property=\"og:title\" content=\"UKON\u010cENA V\u00ddROBA LED2 1220541CS DUSTER II 120 20-35W CASAMBI 4000K - LED2 Lighting Levn\u00fd -\" \/>\n<meta property=\"og:description\" content=\"Parametry U v\u00fdrobce dostupn\u00fdch 0 ks\" \/>\n<meta property=\"og:url\" content=\"https:\/\/www.domstavpro.com\/index.php\/produkt\/ukoncena-vyroba-led2-1220541cs-duster-ii-120-20-35w-casambi-4000k-led2-lighting-levny-70497\/\" \/>\n<meta property=\"og:image\" content=\"https:\/\/www.domstavpro.com\/wp-content\/uploads\/2026\/SK0030836-CZ20260425-091535-0-1777079744-LED2-1220541CS.webp\" \/>\n\t<meta property=\"og:image:width\" content=\"1000\" \/>\n\t<meta property=\"og:image:height\" content=\"750\" \/>\n\t<meta property=\"og:image:type\" content=\"image\/webp\" \/>\n<meta name=\"twitter:card\" content=\"summary_large_image\" \/>\n<script type=\"application\/ld+json\" class=\"yoast-schema-graph\">{\"@context\":\"https:\/\/schema.org\",\"@graph\":[{\"@type\":\"WebPage\",\"@id\":\"https:\/\/www.domstavpro.com\/index.php\/produkt\/ukoncena-vyroba-led2-1220541cs-duster-ii-120-20-35w-casambi-4000k-led2-lighting-levny-70497\/\",\"url\":\"https:\/\/www.domstavpro.com\/index.php\/produkt\/ukoncena-vyroba-led2-1220541cs-duster-ii-120-20-35w-casambi-4000k-led2-lighting-levny-70497\/\",\"name\":\"UKON\u010cENA V\u00ddROBA LED2 1220541CS DUSTER II 120 20-35W CASAMBI 4000K - LED2 Lighting Levn\u00fd -\",\"isPartOf\":{\"@id\":\"https:\/\/www.domstavpro.com\/#website\"},\"primaryImageOfPage\":{\"@id\":\"https:\/\/www.domstavpro.com\/index.php\/produkt\/ukoncena-vyroba-led2-1220541cs-duster-ii-120-20-35w-casambi-4000k-led2-lighting-levny-70497\/#primaryimage\"},\"image\":{\"@id\":\"https:\/\/www.domstavpro.com\/index.php\/produkt\/ukoncena-vyroba-led2-1220541cs-duster-ii-120-20-35w-casambi-4000k-led2-lighting-levny-70497\/#primaryimage\"},\"thumbnailUrl\":\"https:\/\/www.domstavpro.com\/wp-content\/uploads\/2026\/SK0030836-CZ20260425-091535-0-1777079744-LED2-1220541CS.webp\",\"datePublished\":\"2026-04-27T15:10:44+00:00\",\"breadcrumb\":{\"@id\":\"https:\/\/www.domstavpro.com\/index.php\/produkt\/ukoncena-vyroba-led2-1220541cs-duster-ii-120-20-35w-casambi-4000k-led2-lighting-levny-70497\/#breadcrumb\"},\"inLanguage\":\"cs\",\"potentialAction\":[{\"@type\":\"ReadAction\",\"target\":[\"https:\/\/www.domstavpro.com\/index.php\/produkt\/ukoncena-vyroba-led2-1220541cs-duster-ii-120-20-35w-casambi-4000k-led2-lighting-levny-70497\/\"]}]},{\"@type\":\"ImageObject\",\"inLanguage\":\"cs\",\"@id\":\"https:\/\/www.domstavpro.com\/index.php\/produkt\/ukoncena-vyroba-led2-1220541cs-duster-ii-120-20-35w-casambi-4000k-led2-lighting-levny-70497\/#primaryimage\",\"url\":\"https:\/\/www.domstavpro.com\/wp-content\/uploads\/2026\/SK0030836-CZ20260425-091535-0-1777079744-LED2-1220541CS.webp\",\"contentUrl\":\"https:\/\/www.domstavpro.com\/wp-content\/uploads\/2026\/SK0030836-CZ20260425-091535-0-1777079744-LED2-1220541CS.webp\",\"width\":1000,\"height\":750},{\"@type\":\"BreadcrumbList\",\"@id\":\"https:\/\/www.domstavpro.com\/index.php\/produkt\/ukoncena-vyroba-led2-1220541cs-duster-ii-120-20-35w-casambi-4000k-led2-lighting-levny-70497\/#breadcrumb\",\"itemListElement\":[{\"@type\":\"ListItem\",\"position\":1,\"name\":\"Home\",\"item\":\"https:\/\/www.domstavpro.com\/\"},{\"@type\":\"ListItem\",\"position\":2,\"name\":\"Products\",\"item\":\"https:\/\/www.domstavpro.com\/index.php\/products\/\"},{\"@type\":\"ListItem\",\"position\":3,\"name\":\"UKON\u010cENA V\u00ddROBA LED2 1220541CS DUSTER II 120 20-35W CASAMBI 4000K &#8211; LED2 Lighting Levn\u00fd\"}]},{\"@type\":\"WebSite\",\"@id\":\"https:\/\/www.domstavpro.com\/#website\",\"url\":\"https:\/\/www.domstavpro.com\/\",\"name\":\"\",\"description\":\"\",\"potentialAction\":[{\"@type\":\"SearchAction\",\"target\":{\"@type\":\"EntryPoint\",\"urlTemplate\":\"https:\/\/www.domstavpro.com\/?s={search_term_string}\"},\"query-input\":{\"@type\":\"PropertyValueSpecification\",\"valueRequired\":true,\"valueName\":\"search_term_string\"}}],\"inLanguage\":\"cs\"}]}<\/script>\n<!-- \/ Yoast SEO plugin. -->","yoast_head_json":{"title":"UKON\u010cENA V\u00ddROBA LED2 1220541CS DUSTER II 120 20-35W CASAMBI 4000K - LED2 Lighting Levn\u00fd -","robots":{"index":"index","follow":"follow","max-snippet":"max-snippet:-1","max-image-preview":"max-image-preview:large","max-video-preview":"max-video-preview:-1"},"canonical":"https:\/\/www.domstavpro.com\/index.php\/produkt\/ukoncena-vyroba-led2-1220541cs-duster-ii-120-20-35w-casambi-4000k-led2-lighting-levny-70497\/","og_locale":"cs_CZ","og_type":"article","og_title":"UKON\u010cENA V\u00ddROBA LED2 1220541CS DUSTER II 120 20-35W CASAMBI 4000K - LED2 Lighting Levn\u00fd -","og_description":"Parametry U v\u00fdrobce dostupn\u00fdch 0 ks","og_url":"https:\/\/www.domstavpro.com\/index.php\/produkt\/ukoncena-vyroba-led2-1220541cs-duster-ii-120-20-35w-casambi-4000k-led2-lighting-levny-70497\/","og_image":[{"width":1000,"height":750,"url":"https:\/\/www.domstavpro.com\/wp-content\/uploads\/2026\/SK0030836-CZ20260425-091535-0-1777079744-LED2-1220541CS.webp","type":"image\/webp"}],"twitter_card":"summary_large_image","schema":{"@context":"https:\/\/schema.org","@graph":[{"@type":"WebPage","@id":"https:\/\/www.domstavpro.com\/index.php\/produkt\/ukoncena-vyroba-led2-1220541cs-duster-ii-120-20-35w-casambi-4000k-led2-lighting-levny-70497\/","url":"https:\/\/www.domstavpro.com\/index.php\/produkt\/ukoncena-vyroba-led2-1220541cs-duster-ii-120-20-35w-casambi-4000k-led2-lighting-levny-70497\/","name":"UKON\u010cENA V\u00ddROBA LED2 1220541CS DUSTER II 120 20-35W CASAMBI 4000K - LED2 Lighting Levn\u00fd -","isPartOf":{"@id":"https:\/\/www.domstavpro.com\/#website"},"primaryImageOfPage":{"@id":"https:\/\/www.domstavpro.com\/index.php\/produkt\/ukoncena-vyroba-led2-1220541cs-duster-ii-120-20-35w-casambi-4000k-led2-lighting-levny-70497\/#primaryimage"},"image":{"@id":"https:\/\/www.domstavpro.com\/index.php\/produkt\/ukoncena-vyroba-led2-1220541cs-duster-ii-120-20-35w-casambi-4000k-led2-lighting-levny-70497\/#primaryimage"},"thumbnailUrl":"https:\/\/www.domstavpro.com\/wp-content\/uploads\/2026\/SK0030836-CZ20260425-091535-0-1777079744-LED2-1220541CS.webp","datePublished":"2026-04-27T15:10:44+00:00","breadcrumb":{"@id":"https:\/\/www.domstavpro.com\/index.php\/produkt\/ukoncena-vyroba-led2-1220541cs-duster-ii-120-20-35w-casambi-4000k-led2-lighting-levny-70497\/#breadcrumb"},"inLanguage":"cs","potentialAction":[{"@type":"ReadAction","target":["https:\/\/www.domstavpro.com\/index.php\/produkt\/ukoncena-vyroba-led2-1220541cs-duster-ii-120-20-35w-casambi-4000k-led2-lighting-levny-70497\/"]}]},{"@type":"ImageObject","inLanguage":"cs","@id":"https:\/\/www.domstavpro.com\/index.php\/produkt\/ukoncena-vyroba-led2-1220541cs-duster-ii-120-20-35w-casambi-4000k-led2-lighting-levny-70497\/#primaryimage","url":"https:\/\/www.domstavpro.com\/wp-content\/uploads\/2026\/SK0030836-CZ20260425-091535-0-1777079744-LED2-1220541CS.webp","contentUrl":"https:\/\/www.domstavpro.com\/wp-content\/uploads\/2026\/SK0030836-CZ20260425-091535-0-1777079744-LED2-1220541CS.webp","width":1000,"height":750},{"@type":"BreadcrumbList","@id":"https:\/\/www.domstavpro.com\/index.php\/produkt\/ukoncena-vyroba-led2-1220541cs-duster-ii-120-20-35w-casambi-4000k-led2-lighting-levny-70497\/#breadcrumb","itemListElement":[{"@type":"ListItem","position":1,"name":"Home","item":"https:\/\/www.domstavpro.com\/"},{"@type":"ListItem","position":2,"name":"Products","item":"https:\/\/www.domstavpro.com\/index.php\/products\/"},{"@type":"ListItem","position":3,"name":"UKON\u010cENA V\u00ddROBA LED2 1220541CS DUSTER II 120 20-35W CASAMBI 4000K &#8211; LED2 Lighting Levn\u00fd"}]},{"@type":"WebSite","@id":"https:\/\/www.domstavpro.com\/#website","url":"https:\/\/www.domstavpro.com\/","name":"","description":"","potentialAction":[{"@type":"SearchAction","target":{"@type":"EntryPoint","urlTemplate":"https:\/\/www.domstavpro.com\/?s={search_term_string}"},"query-input":{"@type":"PropertyValueSpecification","valueRequired":true,"valueName":"search_term_string"}}],"inLanguage":"cs"}]}},"_links":{"self":[{"href":"https:\/\/www.domstavpro.com\/index.php\/wp-json\/wp\/v2\/product\/70497","targetHints":{"allow":["GET"]}}],"collection":[{"href":"https:\/\/www.domstavpro.com\/index.php\/wp-json\/wp\/v2\/product"}],"about":[{"href":"https:\/\/www.domstavpro.com\/index.php\/wp-json\/wp\/v2\/types\/product"}],"replies":[{"embeddable":true,"href":"https:\/\/www.domstavpro.com\/index.php\/wp-json\/wp\/v2\/comments?post=70497"}],"wp:featuredmedia":[{"embeddable":true,"href":"https:\/\/www.domstavpro.com\/index.php\/wp-json\/wp\/v2\/media\/70597"}],"wp:attachment":[{"href":"https:\/\/www.domstavpro.com\/index.php\/wp-json\/wp\/v2\/media?parent=70497"}],"wp:term":[{"taxonomy":"product_brand","embeddable":true,"href":"https:\/\/www.domstavpro.com\/index.php\/wp-json\/wp\/v2\/product_brand?post=70497"},{"taxonomy":"product_cat","embeddable":true,"href":"https:\/\/www.domstavpro.com\/index.php\/wp-json\/wp\/v2\/product_cat?post=70497"},{"taxonomy":"product_tag","embeddable":true,"href":"https:\/\/www.domstavpro.com\/index.php\/wp-json\/wp\/v2\/product_tag?post=70497"}],"curies":[{"name":"wp","href":"https:\/\/api.w.org\/{rel}","templated":true}]}}