{"id":70102,"date":"2026-04-27T15:10:43","date_gmt":"2026-04-27T15:10:43","guid":{"rendered":""},"modified":"2026-04-27T15:10:43","modified_gmt":"2026-04-27T15:10:43","slug":"akce-neon-love-led-nastenne-svitidlo-love-ruzove-usb-snurovy-vypinac-dekorativni-leuchten-direkt-just-light-70102","status":"publish","type":"product","link":"https:\/\/www.domstavpro.com\/index.php\/produkt\/akce-neon-love-led-nastenne-svitidlo-love-ruzove-usb-snurovy-vypinac-dekorativni-leuchten-direkt-just-light-70102\/","title":{"rendered":"Akce NEON-LOVE LED n\u00e1st\u011bnn\u00e9 sv\u00edtidlo LOVE r\u016f\u017eov\u00e9 USB, \u0161\u0148\u016frov\u00fd vyp\u00edna\u010d, dekorativn\u00ed &#8211; LEUCHTEN DIREKT \/ JUST LIGHT"},"content":{"rendered":"<h3 class=\"product-h3\">Popis produktu<\/h3>\n<p><h2>Designov\u00e9 LED n\u00e1st\u011bnn\u00e9 sv\u00edtidlo JUST LIGHT LOVE \u2013 R\u016f\u017eov\u00fd neonov\u00fd n\u00e1pis pro stylov\u00e9 interi\u00e9ry<\/h2>\n<p>Hled\u00e1te origin\u00e1ln\u00ed prvek, kter\u00fd prom\u011bn\u00ed atmosf\u00e9ru va\u0161eho interi\u00e9ru? N\u00e1st\u011bnn\u00e9 LED sv\u00edtidlo <strong>LOVE<\/strong> od renomovan\u00e9 zna\u010dky JUST LIGHT v r\u016f\u017eov\u00e9 neonov\u00e9 barv\u011b je nejen dekorac\u00ed, ale i neot\u0159el\u00fdm sv\u011bteln\u00fdm akcentem. Je ide\u00e1ln\u00edm dopl\u0148kem do lo\u017enice, ob\u00fdvac\u00edho pokoje, d\u011btsk\u00e9ho \u010di studentsk\u00e9ho pokoje, pracovny nebo dom\u00e1c\u00ed galerijn\u00ed st\u011bny. D\u00edky modern\u00edmu akryl\u00e1tov\u00e9mu proveden\u00ed a nen\u00e1ro\u010dn\u00e9 instalaci z\u00edsk\u00e1te b\u011bhem chvilky v\u00fdrazn\u00fd designov\u00fd prvek, kter\u00fd podtrhne osobitost va\u0161eho interi\u00e9ru.<\/p>\n<h3>Hlavn\u00ed benefity sv\u00edtidla JUST LIGHT LOVE<\/h3>\n<ul>\n<li><strong>Origin\u00e1ln\u00ed neonov\u00fd design<\/strong> \u2013 v\u00fdrazn\u00fd n\u00e1pis LOVE v trendy r\u016f\u017eov\u00e9m odst\u00ednu<\/li>\n<li><strong>Odoln\u00fd akryl\u00e1tov\u00fd materi\u00e1l<\/strong> \u2013 n\u00edzk\u00e1 hmotnost, vysok\u00e1 \u017eivotnost<\/li>\n<li><strong>Snadn\u00e1 mont\u00e1\u017e na st\u011bnu<\/strong> \u2013 vhodn\u00e9 i pro samostatn\u00e9 zav\u011b\u0161en\u00ed<\/li>\n<li><strong>\u00daspora energie<\/strong> \u2013 integrovan\u00fd LED zdroj s minim\u00e1ln\u00ed spot\u0159ebou<\/li>\n<li><strong>Flexibiln\u00ed nap\u00e1jen\u00ed<\/strong> \u2013 p\u0159es USB kabel (v balen\u00ed), mo\u017enost p\u0159ipojen\u00ed k powerbance \u010di notebooku<\/li>\n<li><strong>Jednoduch\u00e9 ovl\u00e1d\u00e1n\u00ed<\/strong> \u2013 praktick\u00fd \u0161\u0148\u016frov\u00fd vyp\u00edna\u010d na kabelu<\/li>\n<li><strong>V\u0161estrann\u00e9 vyu\u017eit\u00ed<\/strong> \u2013 dekorace i ambientn\u00ed osv\u011btlen\u00ed pro jak\u00fdkoliv modern\u00ed prostor<\/li>\n<\/ul>\n<h3>Technick\u00e9 specifikace<\/h3>\n<ul>\n<li>Typ: dekorativn\u00ed n\u00e1st\u011bnn\u00e9 LED sv\u00edtidlo<\/li>\n<li>V\u00fdkon: 7 W (max. 8,5 W)<\/li>\n<li>Sv\u011bteln\u00fd tok: 1 lm (pro dekorativn\u00ed \u00fa\u010dely, nenahrazuje hlavn\u00ed osv\u011btlen\u00ed)<\/li>\n<li>Barva sv\u011btla: tepl\u00e1 b\u00edl\u00e1 s r\u016f\u017eov\u00fdm n\u00e1dechem<\/li>\n<li>Rozm\u011bry: v\u00fd\u0161ka 125 mm \u00d7 \u0161\u00ed\u0159ka 20 mm \u00d7 d\u00e9lka 343 mm<\/li>\n<li>Hmotnost: 168 g<\/li>\n<li>Materi\u00e1l: akryl\u00e1t\/plast<\/li>\n<li>Nap\u00e1jen\u00ed: USB (220\u2013240 V, adapt\u00e9r nen\u00ed sou\u010d\u00e1st\u00ed balen\u00ed)<\/li>\n<li>IP kryt\u00ed: IP20 \u2013 ur\u010deno pro vnit\u0159n\u00ed pou\u017eit\u00ed<\/li>\n<li>Kolekce: NEON-LOVE<\/li>\n<li>V\u00fdrobce: JUST LIGHT<\/li>\n<\/ul>\n<h3>Doporu\u010den\u00ed architekta<\/h3>\n<p>Toto sv\u00edtidlo doporu\u010dujeme kombinovat s dal\u0161\u00edmi neonov\u00fdmi nebo minimalistick\u00fdmi dekoracemi pro vytvo\u0159en\u00ed v\u00fdrazn\u00e9, ale harmonick\u00e9 atmosf\u00e9ry. Perfektn\u011b vynikne nad postel\u00ed, v chill-out z\u00f3n\u011b nebo jako \u00fast\u0159edn\u00ed prvek v galerijn\u00ed st\u011bn\u011b. D\u00edky USB nap\u00e1jen\u00ed je skv\u011bl\u00e9 tak\u00e9 do studentsk\u00fdch pokoj\u016f nebo na party, kde nen\u00ed v\u017edy po ruce z\u00e1suvka.<\/p>\n<h3>Z\u00e1ruky a certifikace<\/h3>\n<ul>\n<li><strong>\u017divotnost LED:<\/strong> a\u017e 30 000 hodin<\/li>\n<li><strong>Z\u00e1ruka:<\/strong> 2 roky<\/li>\n<li><strong>Certifikace:<\/strong> CE<\/li>\n<\/ul>\n<h3>Nej\u010dast\u011bj\u0161\u00ed dotazy (FAQ)<\/h3>\n<ul>\n<li><strong>Lze sv\u00edtidlo ovl\u00e1dat samostatn\u00fdm vyp\u00edna\u010dem?<\/strong><br \/>    Ano, sv\u00edtidlo m\u00e1 \u0161\u0148\u016frov\u00fd vyp\u00edna\u010d p\u0159\u00edmo na USB kabelu.<\/li>\n<li><strong>Je mo\u017en\u00e9 nap\u00e1jet sv\u00edtidlo z powerbanky?<\/strong><br \/>    Ano, d\u00edky USB m\u016f\u017eete nap\u00e1jet sv\u00edtidlo i z powerbanky nebo notebooku.<\/li>\n<li><strong>Je sv\u00edtidlo vhodn\u00e9 pro hlavn\u00ed osv\u011btlen\u00ed?<\/strong><br \/>    Ne, sv\u00edtidlo m\u00e1 pouze dekorativn\u00ed sv\u011bteln\u00fd tok (1 lm) a je ur\u010deno pro ambientn\u00ed osv\u011btlen\u00ed nebo jako designov\u00fd prvek.<\/li>\n<\/ul>\n<\/p><\/div>\n<\/p><\/div>\n<p><\/p>\n<div class=\"top-params\">\n<h3 class=\"product-h3 collapse-header \" data-toggle=\"collapse\" data-target=\"#collapseOne\" aria-expanded=\"true\" aria-controls=\"collapseOne\">Parametry<\/h3>\n<div id=\"collapseOne\" class=\"collapse show\" aria-labelledby=\"headingOne\" data-parent=\"#product-info-accordion1\">\n<table class=\"table-striped\">\n<tr>\n<td>                V\u00fd\u0161ka v mm            <\/td>\n<td>                125            <\/td>\n<\/tr>\n<tr>\n<td>                Hmotnost g            <\/td>\n<td>                168            <\/td>\n<\/tr>\n<tr>\n<td>                \u0160\u00ed\u0159ka v mm            <\/td>\n<td>                20            <\/td>\n<\/tr>\n<tr>\n<td>                D\u00e9lka v mm            <\/td>\n<td>                343            <\/td>\n<\/tr>\n<tr>\n<td>                Ochrana IP            <\/td>\n<td>                IP20            <\/td>\n<\/tr>\n<tr>\n<td>                Sv\u011bteln\u00fd tok            <\/td>\n<td>                1lm            <\/td>\n<\/tr>\n<tr>\n<td>                Max. p\u0159\u00edkon sv\u011bteln\u00e9ho zdroje            <\/td>\n<td>                7W            <\/td>\n<\/tr>\n<tr>\n<td>                V\u00fdkon            <\/td>\n<td>                8,50W            <\/td>\n<\/tr>\n<tr>\n<td>                Nap\u00e1jec\u00ed nap\u011bt\u00ed            <\/td>\n<td>                220-240V            <\/td>\n<\/tr>\n<tr>\n<td>                Patice            <\/td>\n<td>                LED            <\/td>\n<\/tr>\n<tr>\n<td>                V\u010detn\u011b sv\u011bteln\u00e9ho zdroje            <\/td>\n<td>                ano            <\/td>\n<\/tr>\n<tr>\n<td>                Materi\u00e1l            <\/td>\n<td>                plast            <\/td>\n<\/tr>\n<tr>\n<td>                Barva            <\/td>\n<td>                r\u016f\u017eov\u00e1            <\/td>\n<\/tr>\n<tr>\n<td>                Kolekce            <\/td>\n<td>                NEON-LOVE            <\/td>\n<\/tr>\n<tr>\n<td>                V\u00fdrobce            <\/td>\n<td>                JUST LIGHT            <\/td>\n<\/tr>\n<\/table>\n<\/div><\/div>\n<\/div>\n<div class=\"accordion\" id=\"product-info-accordion2\">\n","protected":false},"excerpt":{"rendered":"<p>Popis produktu Designov\u00e9 LED n\u00e1st\u011bnn\u00e9 sv\u00edtidlo JUST LIGHT LOVE \u2013 R\u016f\u017eov\u00fd neonov\u00fd n\u00e1pis pro stylov\u00e9 interi\u00e9ry Hled\u00e1te origin\u00e1ln\u00ed prvek, kter\u00fd prom\u011bn\u00ed atmosf\u00e9ru va\u0161eho interi\u00e9ru? N\u00e1st\u011bnn\u00e9 LED sv\u00edtidlo LOVE od renomovan\u00e9 zna\u010dky JUST LIGHT v r\u016f\u017eov\u00e9 neonov\u00e9 barv\u011b je nejen dekorac\u00ed, ale i neot\u0159el\u00fdm sv\u011bteln\u00fdm akcentem. Je ide\u00e1ln\u00edm dopl\u0148kem do lo\u017enice, ob\u00fdvac\u00edho pokoje, d\u011btsk\u00e9ho \u010di studentsk\u00e9ho [&hellip;]<\/p>\n","protected":false},"featured_media":70202,"comment_status":"open","ping_status":"open","template":"","meta":[],"product_brand":[],"product_cat":[31],"product_tag":[],"class_list":{"0":"post-70102","1":"product","2":"type-product","3":"status-publish","4":"has-post-thumbnail","6":"product_cat-interierova-svitidla","8":"first","9":"instock","10":"sale","11":"shipping-taxable","12":"purchasable","13":"product-type-simple"},"yoast_head":"<!-- This site is optimized with the Yoast SEO plugin v26.8 - https:\/\/yoast.com\/product\/yoast-seo-wordpress\/ -->\n<title>Akce NEON-LOVE LED n\u00e1st\u011bnn\u00e9 sv\u00edtidlo LOVE r\u016f\u017eov\u00e9 USB, \u0161\u0148\u016frov\u00fd vyp\u00edna\u010d, dekorativn\u00ed - LEUCHTEN DIREKT \/ JUST LIGHT -<\/title>\n<meta name=\"robots\" content=\"index, follow, max-snippet:-1, max-image-preview:large, max-video-preview:-1\" \/>\n<link rel=\"canonical\" href=\"https:\/\/www.domstavpro.com\/index.php\/produkt\/akce-neon-love-led-nastenne-svitidlo-love-ruzove-usb-snurovy-vypinac-dekorativni-leuchten-direkt-just-light-70102\/\" \/>\n<meta property=\"og:locale\" content=\"cs_CZ\" \/>\n<meta property=\"og:type\" content=\"article\" \/>\n<meta property=\"og:title\" content=\"Akce NEON-LOVE LED n\u00e1st\u011bnn\u00e9 sv\u00edtidlo LOVE r\u016f\u017eov\u00e9 USB, \u0161\u0148\u016frov\u00fd vyp\u00edna\u010d, dekorativn\u00ed - LEUCHTEN DIREKT \/ JUST LIGHT -\" \/>\n<meta property=\"og:description\" content=\"Popis produktu Designov\u00e9 LED n\u00e1st\u011bnn\u00e9 sv\u00edtidlo JUST LIGHT LOVE \u2013 R\u016f\u017eov\u00fd neonov\u00fd n\u00e1pis pro stylov\u00e9 interi\u00e9ry Hled\u00e1te origin\u00e1ln\u00ed prvek, kter\u00fd prom\u011bn\u00ed atmosf\u00e9ru va\u0161eho interi\u00e9ru? N\u00e1st\u011bnn\u00e9 LED sv\u00edtidlo LOVE od renomovan\u00e9 zna\u010dky JUST LIGHT v r\u016f\u017eov\u00e9 neonov\u00e9 barv\u011b je nejen dekorac\u00ed, ale i neot\u0159el\u00fdm sv\u011bteln\u00fdm akcentem. Je ide\u00e1ln\u00edm dopl\u0148kem do lo\u017enice, ob\u00fdvac\u00edho pokoje, d\u011btsk\u00e9ho \u010di studentsk\u00e9ho [&hellip;]\" \/>\n<meta property=\"og:url\" content=\"https:\/\/www.domstavpro.com\/index.php\/produkt\/akce-neon-love-led-nastenne-svitidlo-love-ruzove-usb-snurovy-vypinac-dekorativni-leuchten-direkt-just-light-70102\/\" \/>\n<meta property=\"og:image\" content=\"https:\/\/www.domstavpro.com\/wp-content\/uploads\/2026\/SK0030626-CZ20260425-091535-0-1777079744-LD-85021-87.webp\" \/>\n\t<meta property=\"og:image:width\" content=\"676\" \/>\n\t<meta property=\"og:image:height\" content=\"676\" \/>\n\t<meta property=\"og:image:type\" content=\"image\/webp\" \/>\n<meta name=\"twitter:card\" content=\"summary_large_image\" \/>\n<meta name=\"twitter:label1\" content=\"Odhadovan\u00e1 doba \u010dten\u00ed\" \/>\n\t<meta name=\"twitter:data1\" content=\"3 minuty\" \/>\n<script type=\"application\/ld+json\" class=\"yoast-schema-graph\">{\"@context\":\"https:\/\/schema.org\",\"@graph\":[{\"@type\":\"WebPage\",\"@id\":\"https:\/\/www.domstavpro.com\/index.php\/produkt\/akce-neon-love-led-nastenne-svitidlo-love-ruzove-usb-snurovy-vypinac-dekorativni-leuchten-direkt-just-light-70102\/\",\"url\":\"https:\/\/www.domstavpro.com\/index.php\/produkt\/akce-neon-love-led-nastenne-svitidlo-love-ruzove-usb-snurovy-vypinac-dekorativni-leuchten-direkt-just-light-70102\/\",\"name\":\"Akce NEON-LOVE LED n\u00e1st\u011bnn\u00e9 sv\u00edtidlo LOVE r\u016f\u017eov\u00e9 USB, \u0161\u0148\u016frov\u00fd vyp\u00edna\u010d, dekorativn\u00ed - LEUCHTEN DIREKT \/ JUST LIGHT -\",\"isPartOf\":{\"@id\":\"https:\/\/www.domstavpro.com\/#website\"},\"primaryImageOfPage\":{\"@id\":\"https:\/\/www.domstavpro.com\/index.php\/produkt\/akce-neon-love-led-nastenne-svitidlo-love-ruzove-usb-snurovy-vypinac-dekorativni-leuchten-direkt-just-light-70102\/#primaryimage\"},\"image\":{\"@id\":\"https:\/\/www.domstavpro.com\/index.php\/produkt\/akce-neon-love-led-nastenne-svitidlo-love-ruzove-usb-snurovy-vypinac-dekorativni-leuchten-direkt-just-light-70102\/#primaryimage\"},\"thumbnailUrl\":\"https:\/\/www.domstavpro.com\/wp-content\/uploads\/2026\/SK0030626-CZ20260425-091535-0-1777079744-LD-85021-87.webp\",\"datePublished\":\"2026-04-27T15:10:43+00:00\",\"breadcrumb\":{\"@id\":\"https:\/\/www.domstavpro.com\/index.php\/produkt\/akce-neon-love-led-nastenne-svitidlo-love-ruzove-usb-snurovy-vypinac-dekorativni-leuchten-direkt-just-light-70102\/#breadcrumb\"},\"inLanguage\":\"cs\",\"potentialAction\":[{\"@type\":\"ReadAction\",\"target\":[\"https:\/\/www.domstavpro.com\/index.php\/produkt\/akce-neon-love-led-nastenne-svitidlo-love-ruzove-usb-snurovy-vypinac-dekorativni-leuchten-direkt-just-light-70102\/\"]}]},{\"@type\":\"ImageObject\",\"inLanguage\":\"cs\",\"@id\":\"https:\/\/www.domstavpro.com\/index.php\/produkt\/akce-neon-love-led-nastenne-svitidlo-love-ruzove-usb-snurovy-vypinac-dekorativni-leuchten-direkt-just-light-70102\/#primaryimage\",\"url\":\"https:\/\/www.domstavpro.com\/wp-content\/uploads\/2026\/SK0030626-CZ20260425-091535-0-1777079744-LD-85021-87.webp\",\"contentUrl\":\"https:\/\/www.domstavpro.com\/wp-content\/uploads\/2026\/SK0030626-CZ20260425-091535-0-1777079744-LD-85021-87.webp\",\"width\":676,\"height\":676},{\"@type\":\"BreadcrumbList\",\"@id\":\"https:\/\/www.domstavpro.com\/index.php\/produkt\/akce-neon-love-led-nastenne-svitidlo-love-ruzove-usb-snurovy-vypinac-dekorativni-leuchten-direkt-just-light-70102\/#breadcrumb\",\"itemListElement\":[{\"@type\":\"ListItem\",\"position\":1,\"name\":\"Home\",\"item\":\"https:\/\/www.domstavpro.com\/\"},{\"@type\":\"ListItem\",\"position\":2,\"name\":\"Products\",\"item\":\"https:\/\/www.domstavpro.com\/index.php\/products\/\"},{\"@type\":\"ListItem\",\"position\":3,\"name\":\"Akce NEON-LOVE LED n\u00e1st\u011bnn\u00e9 sv\u00edtidlo LOVE r\u016f\u017eov\u00e9 USB, \u0161\u0148\u016frov\u00fd vyp\u00edna\u010d, dekorativn\u00ed &#8211; LEUCHTEN DIREKT \/ JUST LIGHT\"}]},{\"@type\":\"WebSite\",\"@id\":\"https:\/\/www.domstavpro.com\/#website\",\"url\":\"https:\/\/www.domstavpro.com\/\",\"name\":\"\",\"description\":\"\",\"potentialAction\":[{\"@type\":\"SearchAction\",\"target\":{\"@type\":\"EntryPoint\",\"urlTemplate\":\"https:\/\/www.domstavpro.com\/?s={search_term_string}\"},\"query-input\":{\"@type\":\"PropertyValueSpecification\",\"valueRequired\":true,\"valueName\":\"search_term_string\"}}],\"inLanguage\":\"cs\"}]}<\/script>\n<!-- \/ Yoast SEO plugin. -->","yoast_head_json":{"title":"Akce NEON-LOVE LED n\u00e1st\u011bnn\u00e9 sv\u00edtidlo LOVE r\u016f\u017eov\u00e9 USB, \u0161\u0148\u016frov\u00fd vyp\u00edna\u010d, dekorativn\u00ed - LEUCHTEN DIREKT \/ JUST LIGHT -","robots":{"index":"index","follow":"follow","max-snippet":"max-snippet:-1","max-image-preview":"max-image-preview:large","max-video-preview":"max-video-preview:-1"},"canonical":"https:\/\/www.domstavpro.com\/index.php\/produkt\/akce-neon-love-led-nastenne-svitidlo-love-ruzove-usb-snurovy-vypinac-dekorativni-leuchten-direkt-just-light-70102\/","og_locale":"cs_CZ","og_type":"article","og_title":"Akce NEON-LOVE LED n\u00e1st\u011bnn\u00e9 sv\u00edtidlo LOVE r\u016f\u017eov\u00e9 USB, \u0161\u0148\u016frov\u00fd vyp\u00edna\u010d, dekorativn\u00ed - LEUCHTEN DIREKT \/ JUST LIGHT -","og_description":"Popis produktu Designov\u00e9 LED n\u00e1st\u011bnn\u00e9 sv\u00edtidlo JUST LIGHT LOVE \u2013 R\u016f\u017eov\u00fd neonov\u00fd n\u00e1pis pro stylov\u00e9 interi\u00e9ry Hled\u00e1te origin\u00e1ln\u00ed prvek, kter\u00fd prom\u011bn\u00ed atmosf\u00e9ru va\u0161eho interi\u00e9ru? N\u00e1st\u011bnn\u00e9 LED sv\u00edtidlo LOVE od renomovan\u00e9 zna\u010dky JUST LIGHT v r\u016f\u017eov\u00e9 neonov\u00e9 barv\u011b je nejen dekorac\u00ed, ale i neot\u0159el\u00fdm sv\u011bteln\u00fdm akcentem. Je ide\u00e1ln\u00edm dopl\u0148kem do lo\u017enice, ob\u00fdvac\u00edho pokoje, d\u011btsk\u00e9ho \u010di studentsk\u00e9ho [&hellip;]","og_url":"https:\/\/www.domstavpro.com\/index.php\/produkt\/akce-neon-love-led-nastenne-svitidlo-love-ruzove-usb-snurovy-vypinac-dekorativni-leuchten-direkt-just-light-70102\/","og_image":[{"width":676,"height":676,"url":"https:\/\/www.domstavpro.com\/wp-content\/uploads\/2026\/SK0030626-CZ20260425-091535-0-1777079744-LD-85021-87.webp","type":"image\/webp"}],"twitter_card":"summary_large_image","twitter_misc":{"Odhadovan\u00e1 doba \u010dten\u00ed":"3 minuty"},"schema":{"@context":"https:\/\/schema.org","@graph":[{"@type":"WebPage","@id":"https:\/\/www.domstavpro.com\/index.php\/produkt\/akce-neon-love-led-nastenne-svitidlo-love-ruzove-usb-snurovy-vypinac-dekorativni-leuchten-direkt-just-light-70102\/","url":"https:\/\/www.domstavpro.com\/index.php\/produkt\/akce-neon-love-led-nastenne-svitidlo-love-ruzove-usb-snurovy-vypinac-dekorativni-leuchten-direkt-just-light-70102\/","name":"Akce NEON-LOVE LED n\u00e1st\u011bnn\u00e9 sv\u00edtidlo LOVE r\u016f\u017eov\u00e9 USB, \u0161\u0148\u016frov\u00fd vyp\u00edna\u010d, dekorativn\u00ed - LEUCHTEN DIREKT \/ JUST LIGHT -","isPartOf":{"@id":"https:\/\/www.domstavpro.com\/#website"},"primaryImageOfPage":{"@id":"https:\/\/www.domstavpro.com\/index.php\/produkt\/akce-neon-love-led-nastenne-svitidlo-love-ruzove-usb-snurovy-vypinac-dekorativni-leuchten-direkt-just-light-70102\/#primaryimage"},"image":{"@id":"https:\/\/www.domstavpro.com\/index.php\/produkt\/akce-neon-love-led-nastenne-svitidlo-love-ruzove-usb-snurovy-vypinac-dekorativni-leuchten-direkt-just-light-70102\/#primaryimage"},"thumbnailUrl":"https:\/\/www.domstavpro.com\/wp-content\/uploads\/2026\/SK0030626-CZ20260425-091535-0-1777079744-LD-85021-87.webp","datePublished":"2026-04-27T15:10:43+00:00","breadcrumb":{"@id":"https:\/\/www.domstavpro.com\/index.php\/produkt\/akce-neon-love-led-nastenne-svitidlo-love-ruzove-usb-snurovy-vypinac-dekorativni-leuchten-direkt-just-light-70102\/#breadcrumb"},"inLanguage":"cs","potentialAction":[{"@type":"ReadAction","target":["https:\/\/www.domstavpro.com\/index.php\/produkt\/akce-neon-love-led-nastenne-svitidlo-love-ruzove-usb-snurovy-vypinac-dekorativni-leuchten-direkt-just-light-70102\/"]}]},{"@type":"ImageObject","inLanguage":"cs","@id":"https:\/\/www.domstavpro.com\/index.php\/produkt\/akce-neon-love-led-nastenne-svitidlo-love-ruzove-usb-snurovy-vypinac-dekorativni-leuchten-direkt-just-light-70102\/#primaryimage","url":"https:\/\/www.domstavpro.com\/wp-content\/uploads\/2026\/SK0030626-CZ20260425-091535-0-1777079744-LD-85021-87.webp","contentUrl":"https:\/\/www.domstavpro.com\/wp-content\/uploads\/2026\/SK0030626-CZ20260425-091535-0-1777079744-LD-85021-87.webp","width":676,"height":676},{"@type":"BreadcrumbList","@id":"https:\/\/www.domstavpro.com\/index.php\/produkt\/akce-neon-love-led-nastenne-svitidlo-love-ruzove-usb-snurovy-vypinac-dekorativni-leuchten-direkt-just-light-70102\/#breadcrumb","itemListElement":[{"@type":"ListItem","position":1,"name":"Home","item":"https:\/\/www.domstavpro.com\/"},{"@type":"ListItem","position":2,"name":"Products","item":"https:\/\/www.domstavpro.com\/index.php\/products\/"},{"@type":"ListItem","position":3,"name":"Akce NEON-LOVE LED n\u00e1st\u011bnn\u00e9 sv\u00edtidlo LOVE r\u016f\u017eov\u00e9 USB, \u0161\u0148\u016frov\u00fd vyp\u00edna\u010d, dekorativn\u00ed &#8211; LEUCHTEN DIREKT \/ JUST LIGHT"}]},{"@type":"WebSite","@id":"https:\/\/www.domstavpro.com\/#website","url":"https:\/\/www.domstavpro.com\/","name":"","description":"","potentialAction":[{"@type":"SearchAction","target":{"@type":"EntryPoint","urlTemplate":"https:\/\/www.domstavpro.com\/?s={search_term_string}"},"query-input":{"@type":"PropertyValueSpecification","valueRequired":true,"valueName":"search_term_string"}}],"inLanguage":"cs"}]}},"_links":{"self":[{"href":"https:\/\/www.domstavpro.com\/index.php\/wp-json\/wp\/v2\/product\/70102","targetHints":{"allow":["GET"]}}],"collection":[{"href":"https:\/\/www.domstavpro.com\/index.php\/wp-json\/wp\/v2\/product"}],"about":[{"href":"https:\/\/www.domstavpro.com\/index.php\/wp-json\/wp\/v2\/types\/product"}],"replies":[{"embeddable":true,"href":"https:\/\/www.domstavpro.com\/index.php\/wp-json\/wp\/v2\/comments?post=70102"}],"wp:featuredmedia":[{"embeddable":true,"href":"https:\/\/www.domstavpro.com\/index.php\/wp-json\/wp\/v2\/media\/70202"}],"wp:attachment":[{"href":"https:\/\/www.domstavpro.com\/index.php\/wp-json\/wp\/v2\/media?parent=70102"}],"wp:term":[{"taxonomy":"product_brand","embeddable":true,"href":"https:\/\/www.domstavpro.com\/index.php\/wp-json\/wp\/v2\/product_brand?post=70102"},{"taxonomy":"product_cat","embeddable":true,"href":"https:\/\/www.domstavpro.com\/index.php\/wp-json\/wp\/v2\/product_cat?post=70102"},{"taxonomy":"product_tag","embeddable":true,"href":"https:\/\/www.domstavpro.com\/index.php\/wp-json\/wp\/v2\/product_tag?post=70102"}],"curies":[{"name":"wp","href":"https:\/\/api.w.org\/{rel}","templated":true}]}}