{"id":6957,"date":"2026-04-27T15:08:09","date_gmt":"2026-04-27T15:08:09","guid":{"rendered":""},"modified":"2026-04-27T15:08:09","modified_gmt":"2026-04-27T15:08:09","slug":"powerplus-powxg9009-benzinova-tlakova-mycka-s-cerpadlem-208cc-170bar-nejprodavanejsi-6957","status":"publish","type":"product","link":"https:\/\/www.domstavpro.com\/index.php\/produkt\/powerplus-powxg9009-benzinova-tlakova-mycka-s-cerpadlem-208cc-170bar-nejprodavanejsi-6957\/","title":{"rendered":"POWERPLUS POWXG9009 Benzinov\u00e1 tlakov\u00e1 my\u010dka s \u010derpadlem 208cc 170bar Nejprod\u00e1van\u011bj\u0161\u00ed"},"content":{"rendered":"<table>\n<div class=\"tab-pane active product-description\" id=\"popis\" role=\"tabpanel\">\n<div class=\"short-description\" itemprop=\"description\"><\/div>\n<div class=\"description\"><span class='bullet-line'>Tento vysokotlak\u00fd \u010disti\u010d je ur\u010den k venkovn\u00edmu \u010di\u0161t\u011bn\u00ed, kde nen\u00ed mo\u017enost p\u0159ipojen\u00ed k el. s\u00edti. <br \/><\/span><span class='bullet-line'>Jde o \u010di\u0161t\u011bn\u00ed: stroj\u016f, vozidel, konstrukc\u00ed, n\u00e1stroj\u016f, fas\u00e1d, teras, zahradnick\u00e9ho n\u00e1\u010din\u00ed,\u2026<br \/><\/span><br \/>\u27a4 VLASTNOSTI<span class='bullet-line'>P\u0159epravn\u00ed kola pro snadnou manipulaci<br \/><\/span><span class='bullet-line'>Dlouh\u00e1 hadice 8 m<br \/><\/span><span class='bullet-line'>Tepeln\u00fd p\u0159etlakov\u00fd ventil<br \/><\/span><span class='bullet-line'>Sou\u010d\u00e1st\u00ed my\u010dky jsou 4 trysky:<br \/><\/span><span class='bullet-line'>Tryska s \u00fahlem 0\u00b0 (\u010derven\u00e1)<br \/><\/span><span class='bullet-line'>Tryska s \u00fahlem 15\u00b0 (\u017elut\u00e1)<br \/><\/span><span class='bullet-line'>Tryska s \u00fahlem 25\u00b0 (zelen\u00e1)<br \/><\/span><span class='bullet-line'>Tryska s \u00fahlem 40\u00b0 (b\u00edl\u00e1)<br \/><\/span><span class='bullet-line'>N\u00e1dr\u017eka na \u010distic\u00ed prost\u0159edky<br \/><\/span><span class='bullet-line'>M\u011bk\u010den\u00e1 rukoje\u0165<br \/><\/span><span class='bullet-line'>Funkce samonas\u00e1vac\u00edho \u010derpadla<br \/><\/span><br \/>\u27a4 BALEN\u00cd OBSAHUJE<span class='bullet-line'>1x tlakov\u00e1 my\u010dka<br \/><\/span><span class='bullet-line'>1x vysokotlak\u00e1 hadice<br \/><\/span><span class='bullet-line'>4x rozpra\u0161ovac\u00ed tryska<br \/><\/span><span class='bullet-line'>1x pistole s ocelov\u00fdm n\u00e1stavcem<br \/><\/span><br \/>\u27a4 VHODN\u00c9 P\u0158\u00cdSLU\u0160ENSTV\u00cd<span class='bullet-line'>POWXG90091 Set na \u010di\u0161t\u011bn\u00ed potrub\u00ed 15m<br \/><\/span><span class='bullet-line'>POWXG90980 Adapt\u00e9r k tlakov\u00fdm my\u010dk\u00e1m<br \/><\/span><span class='bullet-line'>POWOIL033 Olej do 4-taktn\u00edch motor\u016f 1l<br \/><\/span><span class='bullet-line'>POWOIL035 Olej do 4-taktn\u00edch motor\u016f 5l<\/span><\/div>\n<div class=\"parameters\">\n<tr>\n<td>Obsah motoru<\/td>\n<td>208 cc<\/td>\n<\/tr>\n<tr>\n<td>V\u00fdkon motoru<\/td>\n<td>4,1 kW<\/td>\n<\/tr>\n<tr>\n<td>Typ motoru<\/td>\n<td>Powerplus OHV \u010dty\u0159taktn\u00ed benzinov\u00fd (ECO DRIVER POWER)<\/td>\n<\/tr>\n<tr>\n<td>Ot\u00e1\u010dky napr\u00e1zdno<\/td>\n<td>3.600 min-1<\/td>\n<\/tr>\n<tr>\n<td>Max. tlak<\/td>\n<td>170 bar<\/td>\n<\/tr>\n<tr>\n<td>Pr\u016ftok<\/td>\n<td>540 l\/h<\/td>\n<\/tr>\n<tr>\n<td>Palivov\u00e1 n\u00e1dr\u017e<\/td>\n<td>3,6 l<\/td>\n<\/tr>\n<tr>\n<td>Integrovan\u00e1 n\u00e1dr\u017e na \u010distic\u00ed prost\u0159edek<\/td>\n<td>2 L<\/td>\n<\/tr>\n<tr>\n<td>Max. teplota vody<\/td>\n<td>50 \u00b0C<\/td>\n<\/tr>\n<tr>\n<td>D\u00e9lka hadice<\/td>\n<td>8 m<\/td>\n<\/tr>\n<tr>\n<td>Hmotnost<\/td>\n<td>27 kg<\/td>\n<\/tr><\/div>\n<\/table>\n","protected":false},"excerpt":{"rendered":"<p>Tento vysokotlak\u00fd \u010disti\u010d je ur\u010den k venkovn\u00edmu \u010di\u0161t\u011bn\u00ed, kde nen\u00ed mo\u017enost p\u0159ipojen\u00ed k el. s\u00edti. Jde o \u010di\u0161t\u011bn\u00ed: stroj\u016f, vozidel, konstrukc\u00ed, n\u00e1stroj\u016f, fas\u00e1d, teras, zahradnick\u00e9ho n\u00e1\u010din\u00ed,\u2026\u27a4 VLASTNOSTIP\u0159epravn\u00ed kola pro snadnou manipulaciDlouh\u00e1 hadice 8 mTepeln\u00fd p\u0159etlakov\u00fd ventilSou\u010d\u00e1st\u00ed my\u010dky jsou 4 trysky:Tryska s \u00fahlem 0\u00b0 (\u010derven\u00e1)Tryska s \u00fahlem 15\u00b0 (\u017elut\u00e1)Tryska s \u00fahlem 25\u00b0 (zelen\u00e1)Tryska s \u00fahlem 40\u00b0 [&hellip;]<\/p>\n","protected":false},"featured_media":7057,"comment_status":"open","ping_status":"open","template":"","meta":[],"product_brand":[],"product_cat":[44],"product_tag":[],"class_list":{"0":"post-6957","1":"product","2":"type-product","3":"status-publish","4":"has-post-thumbnail","6":"product_cat-cistici-technika","8":"first","9":"instock","10":"sale","11":"shipping-taxable","12":"purchasable","13":"product-type-simple"},"yoast_head":"<!-- This site is optimized with the Yoast SEO plugin v26.8 - https:\/\/yoast.com\/product\/yoast-seo-wordpress\/ -->\n<title>POWERPLUS POWXG9009 Benzinov\u00e1 tlakov\u00e1 my\u010dka s \u010derpadlem 208cc 170bar Nejprod\u00e1van\u011bj\u0161\u00ed -<\/title>\n<meta name=\"robots\" content=\"index, follow, max-snippet:-1, max-image-preview:large, max-video-preview:-1\" \/>\n<link rel=\"canonical\" href=\"https:\/\/www.domstavpro.com\/index.php\/produkt\/powerplus-powxg9009-benzinova-tlakova-mycka-s-cerpadlem-208cc-170bar-nejprodavanejsi-6957\/\" \/>\n<meta property=\"og:locale\" content=\"cs_CZ\" \/>\n<meta property=\"og:type\" content=\"article\" \/>\n<meta property=\"og:title\" content=\"POWERPLUS POWXG9009 Benzinov\u00e1 tlakov\u00e1 my\u010dka s \u010derpadlem 208cc 170bar Nejprod\u00e1van\u011bj\u0161\u00ed -\" \/>\n<meta property=\"og:description\" content=\"Tento vysokotlak\u00fd \u010disti\u010d je ur\u010den k venkovn\u00edmu \u010di\u0161t\u011bn\u00ed, kde nen\u00ed mo\u017enost p\u0159ipojen\u00ed k el. s\u00edti. Jde o \u010di\u0161t\u011bn\u00ed: stroj\u016f, vozidel, konstrukc\u00ed, n\u00e1stroj\u016f, fas\u00e1d, teras, zahradnick\u00e9ho n\u00e1\u010din\u00ed,\u2026\u27a4 VLASTNOSTIP\u0159epravn\u00ed kola pro snadnou manipulaciDlouh\u00e1 hadice 8 mTepeln\u00fd p\u0159etlakov\u00fd ventilSou\u010d\u00e1st\u00ed my\u010dky jsou 4 trysky:Tryska s \u00fahlem 0\u00b0 (\u010derven\u00e1)Tryska s \u00fahlem 15\u00b0 (\u017elut\u00e1)Tryska s \u00fahlem 25\u00b0 (zelen\u00e1)Tryska s \u00fahlem 40\u00b0 [&hellip;]\" \/>\n<meta property=\"og:url\" content=\"https:\/\/www.domstavpro.com\/index.php\/produkt\/powerplus-powxg9009-benzinova-tlakova-mycka-s-cerpadlem-208cc-170bar-nejprodavanejsi-6957\/\" \/>\n<meta property=\"og:image\" content=\"https:\/\/www.domstavpro.com\/wp-content\/uploads\/2026\/SK0029226-CZ20260425-092328-0-1777080210-4122_9750.webp\" \/>\n\t<meta property=\"og:image:width\" content=\"751\" \/>\n\t<meta property=\"og:image:height\" content=\"800\" \/>\n\t<meta property=\"og:image:type\" content=\"image\/webp\" \/>\n<meta name=\"twitter:card\" content=\"summary_large_image\" \/>\n<meta name=\"twitter:label1\" content=\"Odhadovan\u00e1 doba \u010dten\u00ed\" \/>\n\t<meta name=\"twitter:data1\" content=\"1 minuta\" \/>\n<script type=\"application\/ld+json\" class=\"yoast-schema-graph\">{\"@context\":\"https:\/\/schema.org\",\"@graph\":[{\"@type\":\"WebPage\",\"@id\":\"https:\/\/www.domstavpro.com\/index.php\/produkt\/powerplus-powxg9009-benzinova-tlakova-mycka-s-cerpadlem-208cc-170bar-nejprodavanejsi-6957\/\",\"url\":\"https:\/\/www.domstavpro.com\/index.php\/produkt\/powerplus-powxg9009-benzinova-tlakova-mycka-s-cerpadlem-208cc-170bar-nejprodavanejsi-6957\/\",\"name\":\"POWERPLUS POWXG9009 Benzinov\u00e1 tlakov\u00e1 my\u010dka s \u010derpadlem 208cc 170bar Nejprod\u00e1van\u011bj\u0161\u00ed -\",\"isPartOf\":{\"@id\":\"https:\/\/www.domstavpro.com\/#website\"},\"primaryImageOfPage\":{\"@id\":\"https:\/\/www.domstavpro.com\/index.php\/produkt\/powerplus-powxg9009-benzinova-tlakova-mycka-s-cerpadlem-208cc-170bar-nejprodavanejsi-6957\/#primaryimage\"},\"image\":{\"@id\":\"https:\/\/www.domstavpro.com\/index.php\/produkt\/powerplus-powxg9009-benzinova-tlakova-mycka-s-cerpadlem-208cc-170bar-nejprodavanejsi-6957\/#primaryimage\"},\"thumbnailUrl\":\"https:\/\/www.domstavpro.com\/wp-content\/uploads\/2026\/SK0029226-CZ20260425-092328-0-1777080210-4122_9750.webp\",\"datePublished\":\"2026-04-27T15:08:09+00:00\",\"breadcrumb\":{\"@id\":\"https:\/\/www.domstavpro.com\/index.php\/produkt\/powerplus-powxg9009-benzinova-tlakova-mycka-s-cerpadlem-208cc-170bar-nejprodavanejsi-6957\/#breadcrumb\"},\"inLanguage\":\"cs\",\"potentialAction\":[{\"@type\":\"ReadAction\",\"target\":[\"https:\/\/www.domstavpro.com\/index.php\/produkt\/powerplus-powxg9009-benzinova-tlakova-mycka-s-cerpadlem-208cc-170bar-nejprodavanejsi-6957\/\"]}]},{\"@type\":\"ImageObject\",\"inLanguage\":\"cs\",\"@id\":\"https:\/\/www.domstavpro.com\/index.php\/produkt\/powerplus-powxg9009-benzinova-tlakova-mycka-s-cerpadlem-208cc-170bar-nejprodavanejsi-6957\/#primaryimage\",\"url\":\"https:\/\/www.domstavpro.com\/wp-content\/uploads\/2026\/SK0029226-CZ20260425-092328-0-1777080210-4122_9750.webp\",\"contentUrl\":\"https:\/\/www.domstavpro.com\/wp-content\/uploads\/2026\/SK0029226-CZ20260425-092328-0-1777080210-4122_9750.webp\",\"width\":751,\"height\":800},{\"@type\":\"BreadcrumbList\",\"@id\":\"https:\/\/www.domstavpro.com\/index.php\/produkt\/powerplus-powxg9009-benzinova-tlakova-mycka-s-cerpadlem-208cc-170bar-nejprodavanejsi-6957\/#breadcrumb\",\"itemListElement\":[{\"@type\":\"ListItem\",\"position\":1,\"name\":\"Home\",\"item\":\"https:\/\/www.domstavpro.com\/\"},{\"@type\":\"ListItem\",\"position\":2,\"name\":\"Products\",\"item\":\"https:\/\/www.domstavpro.com\/index.php\/products\/\"},{\"@type\":\"ListItem\",\"position\":3,\"name\":\"POWERPLUS POWXG9009 Benzinov\u00e1 tlakov\u00e1 my\u010dka s \u010derpadlem 208cc 170bar Nejprod\u00e1van\u011bj\u0161\u00ed\"}]},{\"@type\":\"WebSite\",\"@id\":\"https:\/\/www.domstavpro.com\/#website\",\"url\":\"https:\/\/www.domstavpro.com\/\",\"name\":\"\",\"description\":\"\",\"potentialAction\":[{\"@type\":\"SearchAction\",\"target\":{\"@type\":\"EntryPoint\",\"urlTemplate\":\"https:\/\/www.domstavpro.com\/?s={search_term_string}\"},\"query-input\":{\"@type\":\"PropertyValueSpecification\",\"valueRequired\":true,\"valueName\":\"search_term_string\"}}],\"inLanguage\":\"cs\"}]}<\/script>\n<!-- \/ Yoast SEO plugin. -->","yoast_head_json":{"title":"POWERPLUS POWXG9009 Benzinov\u00e1 tlakov\u00e1 my\u010dka s \u010derpadlem 208cc 170bar Nejprod\u00e1van\u011bj\u0161\u00ed -","robots":{"index":"index","follow":"follow","max-snippet":"max-snippet:-1","max-image-preview":"max-image-preview:large","max-video-preview":"max-video-preview:-1"},"canonical":"https:\/\/www.domstavpro.com\/index.php\/produkt\/powerplus-powxg9009-benzinova-tlakova-mycka-s-cerpadlem-208cc-170bar-nejprodavanejsi-6957\/","og_locale":"cs_CZ","og_type":"article","og_title":"POWERPLUS POWXG9009 Benzinov\u00e1 tlakov\u00e1 my\u010dka s \u010derpadlem 208cc 170bar Nejprod\u00e1van\u011bj\u0161\u00ed -","og_description":"Tento vysokotlak\u00fd \u010disti\u010d je ur\u010den k venkovn\u00edmu \u010di\u0161t\u011bn\u00ed, kde nen\u00ed mo\u017enost p\u0159ipojen\u00ed k el. s\u00edti. Jde o \u010di\u0161t\u011bn\u00ed: stroj\u016f, vozidel, konstrukc\u00ed, n\u00e1stroj\u016f, fas\u00e1d, teras, zahradnick\u00e9ho n\u00e1\u010din\u00ed,\u2026\u27a4 VLASTNOSTIP\u0159epravn\u00ed kola pro snadnou manipulaciDlouh\u00e1 hadice 8 mTepeln\u00fd p\u0159etlakov\u00fd ventilSou\u010d\u00e1st\u00ed my\u010dky jsou 4 trysky:Tryska s \u00fahlem 0\u00b0 (\u010derven\u00e1)Tryska s \u00fahlem 15\u00b0 (\u017elut\u00e1)Tryska s \u00fahlem 25\u00b0 (zelen\u00e1)Tryska s \u00fahlem 40\u00b0 [&hellip;]","og_url":"https:\/\/www.domstavpro.com\/index.php\/produkt\/powerplus-powxg9009-benzinova-tlakova-mycka-s-cerpadlem-208cc-170bar-nejprodavanejsi-6957\/","og_image":[{"width":751,"height":800,"url":"https:\/\/www.domstavpro.com\/wp-content\/uploads\/2026\/SK0029226-CZ20260425-092328-0-1777080210-4122_9750.webp","type":"image\/webp"}],"twitter_card":"summary_large_image","twitter_misc":{"Odhadovan\u00e1 doba \u010dten\u00ed":"1 minuta"},"schema":{"@context":"https:\/\/schema.org","@graph":[{"@type":"WebPage","@id":"https:\/\/www.domstavpro.com\/index.php\/produkt\/powerplus-powxg9009-benzinova-tlakova-mycka-s-cerpadlem-208cc-170bar-nejprodavanejsi-6957\/","url":"https:\/\/www.domstavpro.com\/index.php\/produkt\/powerplus-powxg9009-benzinova-tlakova-mycka-s-cerpadlem-208cc-170bar-nejprodavanejsi-6957\/","name":"POWERPLUS POWXG9009 Benzinov\u00e1 tlakov\u00e1 my\u010dka s \u010derpadlem 208cc 170bar Nejprod\u00e1van\u011bj\u0161\u00ed -","isPartOf":{"@id":"https:\/\/www.domstavpro.com\/#website"},"primaryImageOfPage":{"@id":"https:\/\/www.domstavpro.com\/index.php\/produkt\/powerplus-powxg9009-benzinova-tlakova-mycka-s-cerpadlem-208cc-170bar-nejprodavanejsi-6957\/#primaryimage"},"image":{"@id":"https:\/\/www.domstavpro.com\/index.php\/produkt\/powerplus-powxg9009-benzinova-tlakova-mycka-s-cerpadlem-208cc-170bar-nejprodavanejsi-6957\/#primaryimage"},"thumbnailUrl":"https:\/\/www.domstavpro.com\/wp-content\/uploads\/2026\/SK0029226-CZ20260425-092328-0-1777080210-4122_9750.webp","datePublished":"2026-04-27T15:08:09+00:00","breadcrumb":{"@id":"https:\/\/www.domstavpro.com\/index.php\/produkt\/powerplus-powxg9009-benzinova-tlakova-mycka-s-cerpadlem-208cc-170bar-nejprodavanejsi-6957\/#breadcrumb"},"inLanguage":"cs","potentialAction":[{"@type":"ReadAction","target":["https:\/\/www.domstavpro.com\/index.php\/produkt\/powerplus-powxg9009-benzinova-tlakova-mycka-s-cerpadlem-208cc-170bar-nejprodavanejsi-6957\/"]}]},{"@type":"ImageObject","inLanguage":"cs","@id":"https:\/\/www.domstavpro.com\/index.php\/produkt\/powerplus-powxg9009-benzinova-tlakova-mycka-s-cerpadlem-208cc-170bar-nejprodavanejsi-6957\/#primaryimage","url":"https:\/\/www.domstavpro.com\/wp-content\/uploads\/2026\/SK0029226-CZ20260425-092328-0-1777080210-4122_9750.webp","contentUrl":"https:\/\/www.domstavpro.com\/wp-content\/uploads\/2026\/SK0029226-CZ20260425-092328-0-1777080210-4122_9750.webp","width":751,"height":800},{"@type":"BreadcrumbList","@id":"https:\/\/www.domstavpro.com\/index.php\/produkt\/powerplus-powxg9009-benzinova-tlakova-mycka-s-cerpadlem-208cc-170bar-nejprodavanejsi-6957\/#breadcrumb","itemListElement":[{"@type":"ListItem","position":1,"name":"Home","item":"https:\/\/www.domstavpro.com\/"},{"@type":"ListItem","position":2,"name":"Products","item":"https:\/\/www.domstavpro.com\/index.php\/products\/"},{"@type":"ListItem","position":3,"name":"POWERPLUS POWXG9009 Benzinov\u00e1 tlakov\u00e1 my\u010dka s \u010derpadlem 208cc 170bar Nejprod\u00e1van\u011bj\u0161\u00ed"}]},{"@type":"WebSite","@id":"https:\/\/www.domstavpro.com\/#website","url":"https:\/\/www.domstavpro.com\/","name":"","description":"","potentialAction":[{"@type":"SearchAction","target":{"@type":"EntryPoint","urlTemplate":"https:\/\/www.domstavpro.com\/?s={search_term_string}"},"query-input":{"@type":"PropertyValueSpecification","valueRequired":true,"valueName":"search_term_string"}}],"inLanguage":"cs"}]}},"_links":{"self":[{"href":"https:\/\/www.domstavpro.com\/index.php\/wp-json\/wp\/v2\/product\/6957","targetHints":{"allow":["GET"]}}],"collection":[{"href":"https:\/\/www.domstavpro.com\/index.php\/wp-json\/wp\/v2\/product"}],"about":[{"href":"https:\/\/www.domstavpro.com\/index.php\/wp-json\/wp\/v2\/types\/product"}],"replies":[{"embeddable":true,"href":"https:\/\/www.domstavpro.com\/index.php\/wp-json\/wp\/v2\/comments?post=6957"}],"wp:featuredmedia":[{"embeddable":true,"href":"https:\/\/www.domstavpro.com\/index.php\/wp-json\/wp\/v2\/media\/7057"}],"wp:attachment":[{"href":"https:\/\/www.domstavpro.com\/index.php\/wp-json\/wp\/v2\/media?parent=6957"}],"wp:term":[{"taxonomy":"product_brand","embeddable":true,"href":"https:\/\/www.domstavpro.com\/index.php\/wp-json\/wp\/v2\/product_brand?post=6957"},{"taxonomy":"product_cat","embeddable":true,"href":"https:\/\/www.domstavpro.com\/index.php\/wp-json\/wp\/v2\/product_cat?post=6957"},{"taxonomy":"product_tag","embeddable":true,"href":"https:\/\/www.domstavpro.com\/index.php\/wp-json\/wp\/v2\/product_tag?post=6957"}],"curies":[{"name":"wp","href":"https:\/\/api.w.org\/{rel}","templated":true}]}}