{"id":6929,"date":"2026-04-27T15:08:09","date_gmt":"2026-04-27T15:08:09","guid":{"rendered":""},"modified":"2026-04-27T15:08:09","modified_gmt":"2026-04-27T15:08:09","slug":"znackovy-powerplus-powdpg7572-aku-jednorucni-retezova-pila-20v-li-ion-100mm-bez-baterie-6929","status":"publish","type":"product","link":"https:\/\/www.domstavpro.com\/index.php\/produkt\/znackovy-powerplus-powdpg7572-aku-jednorucni-retezova-pila-20v-li-ion-100mm-bez-baterie-6929\/","title":{"rendered":"Zna\u010dkov\u00fd POWERPLUS POWDPG7572 AKU jednoru\u010dn\u00ed \u0159et\u011bzov\u00e1 pila 20V LI-ION 100mm (bez baterie)"},"content":{"rendered":"<table>\n<div class=\"tab-pane active product-description\" id=\"popis\" role=\"tabpanel\">\n<div class=\"short-description\" itemprop=\"description\"><\/div>\n<div class=\"description\"><span class='bullet-line'>D\u00edky kompaktn\u00edmu designu m\u016f\u017eete tuto pro\u0159ez\u00e1vac\u00ed Aku pilu 20V POWDPG7572 od PowerPlus ovl\u00e1dat pouze jednou rukou. Nejen, \u017ee urychluje pr\u00e1ci, ale tak\u00e9 poskytuje pot\u0159ebn\u00fd pracovn\u00ed komfort a volnost pohybu. <br \/><\/span><span class='bullet-line'>Snadno man\u00e9vrujte se strojem v \u00fazk\u00fdch, t\u011b\u017eko p\u0159\u00edstupn\u00fdch oblastech, nap\u0159. mezi v\u011btvemi nebo ke\u0159i. Tak\u017ee \u017e\u00e1dn\u00e9 kabely, kter\u00e9 p\u0159ek\u00e1\u017eej\u00ed nebo se necht\u011bn\u011b p\u0159e\u0159ez\u00e1vaj\u00ed, tak\u00e9 \u017e\u00e1dn\u00e9 nep\u0159\u00edjemn\u00e9 pachy a minim\u00e1ln\u00ed hluk. Aby byla zaru\u010dena va\u0161e bezpe\u010dnost, je stroj vybaven dvojitou ochranou proti zp\u011btn\u00e9mu r\u00e1zu a bezpe\u010dnostn\u00edm krytem. <br \/><\/span><span class='bullet-line'>Krom\u011b toho m\u00e1 pila tak\u00e9 m\u011bkkou rukoje\u0165 pro v\u011bt\u0161\u00ed pohodl\u00ed u\u017eivatele. Li\u0161ta pr\u00e9miov\u00e9 kvality je dlouh\u00e1 100 mm a je opat\u0159ena pevn\u00fdm \u0159et\u011bzem se 14 zuby. P\u0159i rychlosti \u0159ez\u00e1n\u00ed 6,7 m\/s m\u016f\u017eete bez n\u00e1mahy pro\u0159\u00edznout v\u0161echny druhy d\u0159eva. Ide\u00e1ln\u00ed pro pro\u0159ez\u00e1v\u00e1n\u00ed mal\u00fdch v\u011btv\u00ed a jin\u00e9 jemn\u00e9 \u0159ez\u00e1n\u00ed. <br \/><\/span><span class='bullet-line'>Pila je dod\u00e1v\u00e1na s ochrann\u00fdm krytem \u0159et\u011bzu a li\u0161ty, \u0161estihrann\u00fdm kl\u00ed\u010dem pro nastaven\u00ed napnut\u00ed \u0159et\u011bzu a tak\u00e9 pr\u00e1zdnou 20ml lahvi\u010dkou na olej. Sou\u010d\u00e1st\u00ed nen\u00ed baterie ani nab\u00edje\u010dka bateri\u00ed, lze dokoupit. Pou\u017e\u00edt m\u016f\u017eete baterie ze s\u00e9rie DUAL POWER o nap\u011bt\u00ed 20V a tak\u00e9 i baterie o nap\u011bt\u00ed 40V. Pou\u017eit\u00ed 40V baterie zaji\u0161\u0165uje je\u0161t\u011b del\u0161\u00ed dobu chodu stroje ve srovn\u00e1n\u00ed s 20V verz\u00ed.<br \/><\/span><br \/>\u27a4 VLASTNOSTI<span class='bullet-line'>Lehk\u00e1 jednoru\u010dn\u00ed pila<br \/><\/span><span class='bullet-line'>Rychloup\u00ednac\u00ed syst\u00e9m bez pou\u017eit\u00ed n\u00e1\u0159ad\u00ed<br \/><\/span><span class='bullet-line'>M\u011bk\u010den\u00e9 dr\u017eadlo<br \/><\/span><span class='bullet-line'>LED ukazatel nabit\u00ed baterie<br \/><\/span><span class='bullet-line'>Ru\u010dn\u00ed maz\u00e1n\u00ed \u0159et\u011bzu pomoc\u00ed lahvi\u010dky na olej<br \/><\/span><span class='bullet-line'>Ochrana li\u0161ty \u0159et\u011bzu<br \/><\/span><span class='bullet-line'>Li\u0161ta a \u0159et\u011bz pr\u00e9miov\u00e9 kvality<br \/><\/span><span class='bullet-line'>Dvojit\u00e1 ochrana proti zp\u011btn\u00e9mu r\u00e1zu<br \/><\/span><span class='bullet-line'>Mo\u017enost pou\u017eit\u00ed 20V nebo 40V baterie DUAL POWER<br \/><\/span><br \/>\u27a4 BALEN\u00cd OBSAHUJE<span class='bullet-line'>1x Aku \u0159et\u011bzov\u00e1 pila<br \/><\/span><span class='bullet-line'>1x li\u0161ta<br \/><\/span><span class='bullet-line'>1x \u0159et\u011bz<br \/><\/span><span class='bullet-line'>1x pr\u00e1zdn\u00e1 20ml lahvi\u010dka na olej<br \/><\/span><span class='bullet-line'>BATERIE NEN\u00cd SOU\u010c\u00c1ST\u00cd BALEN\u00cd<br \/><\/span><span class='bullet-line'>NAB\u00cdJE\u010cKA NEN\u00cd SOU\u010c\u00c1ST\u00cd BALEN\u00cd<br \/><\/span><br \/>\u27a4 VHODN\u00c9 P\u0158\u00cdSLU\u0160ENSTV\u00cd<span class='bullet-line'>POWOIL003 Olej na maz\u00e1n\u00ed \u0159et\u011bz\u016f 1l<br \/><\/span><span class='bullet-line'>POWOIL006 Olej na maz\u00e1n\u00ed \u0159et\u011bz\u016f 5l<br \/><\/span><span class='bullet-line'>POWDP9021 Baterie 20V LI-ION 2,0Ah SAMSUNG<br \/><\/span><span class='bullet-line'>POWDP9037 Baterie 40V LI-ION 2,5Ah SAMSUNG<br \/><\/span><span class='bullet-line'>POWDP9040 Baterie 40V LI-ION 4,0Ah SAMSUNG<br \/><\/span><span class='bullet-line'>POWDP9062 Nab\u00edje\u010dka 20V\/40V + Baterie 20V LI-ION 2,0Ah<br \/><\/span><span class='bullet-line'>POWDP9064 Nab\u00edje\u010dka 20V\/40V + Baterie 40V LI-ION 2,5Ah SAMSUNG<br \/><\/span><span class='bullet-line'>POWDP9051 Nab\u00edje\u010dka 20V\/40V &#8211; 4,0Ah<br \/><\/span><span class='bullet-line'>POWACG440 Pilov\u00fd \u0159et\u011bz 4&#8243; (100) &#8211; 14T POWERPLUS<br \/><\/span><span class='bullet-line'>POWDP9023 Baterie 20V LI-ION 3,0Ah<br \/><\/span><span class='bullet-line'>POWDP9024 Baterie 20V LI-ION 4,0Ah<br \/><\/span><span class='bullet-line'>POWDP9063 Nab\u00edje\u010dka 20V\/40V + Baterie 20V LI-ION 3,0Ah<\/span><\/div>\n<div class=\"parameters\">\n<tr>\n<td>Nap\u011bt\u00ed<\/td>\n<td>20 V<\/td>\n<\/tr>\n<tr>\n<td>Ot\u00e1\u010dky napr\u00e1zdno<\/td>\n<td>3.700 min-1<\/td>\n<\/tr>\n<tr>\n<td>Rychlost \u0159et\u011bzu bez zat\u00ed\u017een\u00ed<\/td>\n<td>6,7 m\/s<\/td>\n<\/tr>\n<tr>\n<td>D\u00e9lka li\u0161ty<\/td>\n<td>100 mm<\/td>\n<\/tr>\n<tr>\n<td>\u0158et\u011bz<\/td>\n<td>4&#8243; &#8211; 100 mm<\/td>\n<\/tr>\n<tr>\n<td>Hmotnost<\/td>\n<td>1,7 kg<\/td>\n<\/tr><\/div>\n<\/table>\n","protected":false},"excerpt":{"rendered":"<p>D\u00edky kompaktn\u00edmu designu m\u016f\u017eete tuto pro\u0159ez\u00e1vac\u00ed Aku pilu 20V POWDPG7572 od PowerPlus ovl\u00e1dat pouze jednou rukou. Nejen, \u017ee urychluje pr\u00e1ci, ale tak\u00e9 poskytuje pot\u0159ebn\u00fd pracovn\u00ed komfort a volnost pohybu. Snadno man\u00e9vrujte se strojem v \u00fazk\u00fdch, t\u011b\u017eko p\u0159\u00edstupn\u00fdch oblastech, nap\u0159. mezi v\u011btvemi nebo ke\u0159i. Tak\u017ee \u017e\u00e1dn\u00e9 kabely, kter\u00e9 p\u0159ek\u00e1\u017eej\u00ed nebo se necht\u011bn\u011b p\u0159e\u0159ez\u00e1vaj\u00ed, tak\u00e9 \u017e\u00e1dn\u00e9 nep\u0159\u00edjemn\u00e9 [&hellip;]<\/p>\n","protected":false},"featured_media":7029,"comment_status":"open","ping_status":"open","template":"","meta":[],"product_brand":[],"product_cat":[39],"product_tag":[],"class_list":{"0":"post-6929","1":"product","2":"type-product","3":"status-publish","4":"has-post-thumbnail","6":"product_cat-zahrada","8":"first","9":"instock","10":"sale","11":"shipping-taxable","12":"purchasable","13":"product-type-simple"},"yoast_head":"<!-- This site is optimized with the Yoast SEO plugin v26.8 - https:\/\/yoast.com\/product\/yoast-seo-wordpress\/ -->\n<title>Zna\u010dkov\u00fd POWERPLUS POWDPG7572 AKU jednoru\u010dn\u00ed \u0159et\u011bzov\u00e1 pila 20V LI-ION 100mm (bez baterie) -<\/title>\n<meta name=\"robots\" content=\"index, follow, max-snippet:-1, max-image-preview:large, max-video-preview:-1\" \/>\n<link rel=\"canonical\" href=\"https:\/\/www.domstavpro.com\/index.php\/produkt\/znackovy-powerplus-powdpg7572-aku-jednorucni-retezova-pila-20v-li-ion-100mm-bez-baterie-6929\/\" \/>\n<meta property=\"og:locale\" content=\"cs_CZ\" \/>\n<meta property=\"og:type\" content=\"article\" \/>\n<meta property=\"og:title\" content=\"Zna\u010dkov\u00fd POWERPLUS POWDPG7572 AKU jednoru\u010dn\u00ed \u0159et\u011bzov\u00e1 pila 20V LI-ION 100mm (bez baterie) -\" \/>\n<meta property=\"og:description\" content=\"D\u00edky kompaktn\u00edmu designu m\u016f\u017eete tuto pro\u0159ez\u00e1vac\u00ed Aku pilu 20V POWDPG7572 od PowerPlus ovl\u00e1dat pouze jednou rukou. Nejen, \u017ee urychluje pr\u00e1ci, ale tak\u00e9 poskytuje pot\u0159ebn\u00fd pracovn\u00ed komfort a volnost pohybu. Snadno man\u00e9vrujte se strojem v \u00fazk\u00fdch, t\u011b\u017eko p\u0159\u00edstupn\u00fdch oblastech, nap\u0159. mezi v\u011btvemi nebo ke\u0159i. Tak\u017ee \u017e\u00e1dn\u00e9 kabely, kter\u00e9 p\u0159ek\u00e1\u017eej\u00ed nebo se necht\u011bn\u011b p\u0159e\u0159ez\u00e1vaj\u00ed, tak\u00e9 \u017e\u00e1dn\u00e9 nep\u0159\u00edjemn\u00e9 [&hellip;]\" \/>\n<meta property=\"og:url\" content=\"https:\/\/www.domstavpro.com\/index.php\/produkt\/znackovy-powerplus-powdpg7572-aku-jednorucni-retezova-pila-20v-li-ion-100mm-bez-baterie-6929\/\" \/>\n<meta property=\"og:image\" content=\"https:\/\/www.domstavpro.com\/wp-content\/uploads\/2026\/SK0029198-CZ20260425-092328-0-1777080210-4596_9939.webp\" \/>\n\t<meta property=\"og:image:width\" content=\"800\" \/>\n\t<meta property=\"og:image:height\" content=\"800\" \/>\n\t<meta property=\"og:image:type\" content=\"image\/webp\" \/>\n<meta name=\"twitter:card\" content=\"summary_large_image\" \/>\n<meta name=\"twitter:label1\" content=\"Odhadovan\u00e1 doba \u010dten\u00ed\" \/>\n\t<meta name=\"twitter:data1\" content=\"2 minuty\" \/>\n<script type=\"application\/ld+json\" class=\"yoast-schema-graph\">{\"@context\":\"https:\/\/schema.org\",\"@graph\":[{\"@type\":\"WebPage\",\"@id\":\"https:\/\/www.domstavpro.com\/index.php\/produkt\/znackovy-powerplus-powdpg7572-aku-jednorucni-retezova-pila-20v-li-ion-100mm-bez-baterie-6929\/\",\"url\":\"https:\/\/www.domstavpro.com\/index.php\/produkt\/znackovy-powerplus-powdpg7572-aku-jednorucni-retezova-pila-20v-li-ion-100mm-bez-baterie-6929\/\",\"name\":\"Zna\u010dkov\u00fd POWERPLUS POWDPG7572 AKU jednoru\u010dn\u00ed \u0159et\u011bzov\u00e1 pila 20V LI-ION 100mm (bez baterie) -\",\"isPartOf\":{\"@id\":\"https:\/\/www.domstavpro.com\/#website\"},\"primaryImageOfPage\":{\"@id\":\"https:\/\/www.domstavpro.com\/index.php\/produkt\/znackovy-powerplus-powdpg7572-aku-jednorucni-retezova-pila-20v-li-ion-100mm-bez-baterie-6929\/#primaryimage\"},\"image\":{\"@id\":\"https:\/\/www.domstavpro.com\/index.php\/produkt\/znackovy-powerplus-powdpg7572-aku-jednorucni-retezova-pila-20v-li-ion-100mm-bez-baterie-6929\/#primaryimage\"},\"thumbnailUrl\":\"https:\/\/www.domstavpro.com\/wp-content\/uploads\/2026\/SK0029198-CZ20260425-092328-0-1777080210-4596_9939.webp\",\"datePublished\":\"2026-04-27T15:08:09+00:00\",\"breadcrumb\":{\"@id\":\"https:\/\/www.domstavpro.com\/index.php\/produkt\/znackovy-powerplus-powdpg7572-aku-jednorucni-retezova-pila-20v-li-ion-100mm-bez-baterie-6929\/#breadcrumb\"},\"inLanguage\":\"cs\",\"potentialAction\":[{\"@type\":\"ReadAction\",\"target\":[\"https:\/\/www.domstavpro.com\/index.php\/produkt\/znackovy-powerplus-powdpg7572-aku-jednorucni-retezova-pila-20v-li-ion-100mm-bez-baterie-6929\/\"]}]},{\"@type\":\"ImageObject\",\"inLanguage\":\"cs\",\"@id\":\"https:\/\/www.domstavpro.com\/index.php\/produkt\/znackovy-powerplus-powdpg7572-aku-jednorucni-retezova-pila-20v-li-ion-100mm-bez-baterie-6929\/#primaryimage\",\"url\":\"https:\/\/www.domstavpro.com\/wp-content\/uploads\/2026\/SK0029198-CZ20260425-092328-0-1777080210-4596_9939.webp\",\"contentUrl\":\"https:\/\/www.domstavpro.com\/wp-content\/uploads\/2026\/SK0029198-CZ20260425-092328-0-1777080210-4596_9939.webp\",\"width\":800,\"height\":800},{\"@type\":\"BreadcrumbList\",\"@id\":\"https:\/\/www.domstavpro.com\/index.php\/produkt\/znackovy-powerplus-powdpg7572-aku-jednorucni-retezova-pila-20v-li-ion-100mm-bez-baterie-6929\/#breadcrumb\",\"itemListElement\":[{\"@type\":\"ListItem\",\"position\":1,\"name\":\"Home\",\"item\":\"https:\/\/www.domstavpro.com\/\"},{\"@type\":\"ListItem\",\"position\":2,\"name\":\"Products\",\"item\":\"https:\/\/www.domstavpro.com\/index.php\/products\/\"},{\"@type\":\"ListItem\",\"position\":3,\"name\":\"Zna\u010dkov\u00fd POWERPLUS POWDPG7572 AKU jednoru\u010dn\u00ed \u0159et\u011bzov\u00e1 pila 20V LI-ION 100mm (bez baterie)\"}]},{\"@type\":\"WebSite\",\"@id\":\"https:\/\/www.domstavpro.com\/#website\",\"url\":\"https:\/\/www.domstavpro.com\/\",\"name\":\"\",\"description\":\"\",\"potentialAction\":[{\"@type\":\"SearchAction\",\"target\":{\"@type\":\"EntryPoint\",\"urlTemplate\":\"https:\/\/www.domstavpro.com\/?s={search_term_string}\"},\"query-input\":{\"@type\":\"PropertyValueSpecification\",\"valueRequired\":true,\"valueName\":\"search_term_string\"}}],\"inLanguage\":\"cs\"}]}<\/script>\n<!-- \/ Yoast SEO plugin. -->","yoast_head_json":{"title":"Zna\u010dkov\u00fd POWERPLUS POWDPG7572 AKU jednoru\u010dn\u00ed \u0159et\u011bzov\u00e1 pila 20V LI-ION 100mm (bez baterie) -","robots":{"index":"index","follow":"follow","max-snippet":"max-snippet:-1","max-image-preview":"max-image-preview:large","max-video-preview":"max-video-preview:-1"},"canonical":"https:\/\/www.domstavpro.com\/index.php\/produkt\/znackovy-powerplus-powdpg7572-aku-jednorucni-retezova-pila-20v-li-ion-100mm-bez-baterie-6929\/","og_locale":"cs_CZ","og_type":"article","og_title":"Zna\u010dkov\u00fd POWERPLUS POWDPG7572 AKU jednoru\u010dn\u00ed \u0159et\u011bzov\u00e1 pila 20V LI-ION 100mm (bez baterie) -","og_description":"D\u00edky kompaktn\u00edmu designu m\u016f\u017eete tuto pro\u0159ez\u00e1vac\u00ed Aku pilu 20V POWDPG7572 od PowerPlus ovl\u00e1dat pouze jednou rukou. Nejen, \u017ee urychluje pr\u00e1ci, ale tak\u00e9 poskytuje pot\u0159ebn\u00fd pracovn\u00ed komfort a volnost pohybu. Snadno man\u00e9vrujte se strojem v \u00fazk\u00fdch, t\u011b\u017eko p\u0159\u00edstupn\u00fdch oblastech, nap\u0159. mezi v\u011btvemi nebo ke\u0159i. Tak\u017ee \u017e\u00e1dn\u00e9 kabely, kter\u00e9 p\u0159ek\u00e1\u017eej\u00ed nebo se necht\u011bn\u011b p\u0159e\u0159ez\u00e1vaj\u00ed, tak\u00e9 \u017e\u00e1dn\u00e9 nep\u0159\u00edjemn\u00e9 [&hellip;]","og_url":"https:\/\/www.domstavpro.com\/index.php\/produkt\/znackovy-powerplus-powdpg7572-aku-jednorucni-retezova-pila-20v-li-ion-100mm-bez-baterie-6929\/","og_image":[{"width":800,"height":800,"url":"https:\/\/www.domstavpro.com\/wp-content\/uploads\/2026\/SK0029198-CZ20260425-092328-0-1777080210-4596_9939.webp","type":"image\/webp"}],"twitter_card":"summary_large_image","twitter_misc":{"Odhadovan\u00e1 doba \u010dten\u00ed":"2 minuty"},"schema":{"@context":"https:\/\/schema.org","@graph":[{"@type":"WebPage","@id":"https:\/\/www.domstavpro.com\/index.php\/produkt\/znackovy-powerplus-powdpg7572-aku-jednorucni-retezova-pila-20v-li-ion-100mm-bez-baterie-6929\/","url":"https:\/\/www.domstavpro.com\/index.php\/produkt\/znackovy-powerplus-powdpg7572-aku-jednorucni-retezova-pila-20v-li-ion-100mm-bez-baterie-6929\/","name":"Zna\u010dkov\u00fd POWERPLUS POWDPG7572 AKU jednoru\u010dn\u00ed \u0159et\u011bzov\u00e1 pila 20V LI-ION 100mm (bez baterie) -","isPartOf":{"@id":"https:\/\/www.domstavpro.com\/#website"},"primaryImageOfPage":{"@id":"https:\/\/www.domstavpro.com\/index.php\/produkt\/znackovy-powerplus-powdpg7572-aku-jednorucni-retezova-pila-20v-li-ion-100mm-bez-baterie-6929\/#primaryimage"},"image":{"@id":"https:\/\/www.domstavpro.com\/index.php\/produkt\/znackovy-powerplus-powdpg7572-aku-jednorucni-retezova-pila-20v-li-ion-100mm-bez-baterie-6929\/#primaryimage"},"thumbnailUrl":"https:\/\/www.domstavpro.com\/wp-content\/uploads\/2026\/SK0029198-CZ20260425-092328-0-1777080210-4596_9939.webp","datePublished":"2026-04-27T15:08:09+00:00","breadcrumb":{"@id":"https:\/\/www.domstavpro.com\/index.php\/produkt\/znackovy-powerplus-powdpg7572-aku-jednorucni-retezova-pila-20v-li-ion-100mm-bez-baterie-6929\/#breadcrumb"},"inLanguage":"cs","potentialAction":[{"@type":"ReadAction","target":["https:\/\/www.domstavpro.com\/index.php\/produkt\/znackovy-powerplus-powdpg7572-aku-jednorucni-retezova-pila-20v-li-ion-100mm-bez-baterie-6929\/"]}]},{"@type":"ImageObject","inLanguage":"cs","@id":"https:\/\/www.domstavpro.com\/index.php\/produkt\/znackovy-powerplus-powdpg7572-aku-jednorucni-retezova-pila-20v-li-ion-100mm-bez-baterie-6929\/#primaryimage","url":"https:\/\/www.domstavpro.com\/wp-content\/uploads\/2026\/SK0029198-CZ20260425-092328-0-1777080210-4596_9939.webp","contentUrl":"https:\/\/www.domstavpro.com\/wp-content\/uploads\/2026\/SK0029198-CZ20260425-092328-0-1777080210-4596_9939.webp","width":800,"height":800},{"@type":"BreadcrumbList","@id":"https:\/\/www.domstavpro.com\/index.php\/produkt\/znackovy-powerplus-powdpg7572-aku-jednorucni-retezova-pila-20v-li-ion-100mm-bez-baterie-6929\/#breadcrumb","itemListElement":[{"@type":"ListItem","position":1,"name":"Home","item":"https:\/\/www.domstavpro.com\/"},{"@type":"ListItem","position":2,"name":"Products","item":"https:\/\/www.domstavpro.com\/index.php\/products\/"},{"@type":"ListItem","position":3,"name":"Zna\u010dkov\u00fd POWERPLUS POWDPG7572 AKU jednoru\u010dn\u00ed \u0159et\u011bzov\u00e1 pila 20V LI-ION 100mm (bez baterie)"}]},{"@type":"WebSite","@id":"https:\/\/www.domstavpro.com\/#website","url":"https:\/\/www.domstavpro.com\/","name":"","description":"","potentialAction":[{"@type":"SearchAction","target":{"@type":"EntryPoint","urlTemplate":"https:\/\/www.domstavpro.com\/?s={search_term_string}"},"query-input":{"@type":"PropertyValueSpecification","valueRequired":true,"valueName":"search_term_string"}}],"inLanguage":"cs"}]}},"_links":{"self":[{"href":"https:\/\/www.domstavpro.com\/index.php\/wp-json\/wp\/v2\/product\/6929","targetHints":{"allow":["GET"]}}],"collection":[{"href":"https:\/\/www.domstavpro.com\/index.php\/wp-json\/wp\/v2\/product"}],"about":[{"href":"https:\/\/www.domstavpro.com\/index.php\/wp-json\/wp\/v2\/types\/product"}],"replies":[{"embeddable":true,"href":"https:\/\/www.domstavpro.com\/index.php\/wp-json\/wp\/v2\/comments?post=6929"}],"wp:featuredmedia":[{"embeddable":true,"href":"https:\/\/www.domstavpro.com\/index.php\/wp-json\/wp\/v2\/media\/7029"}],"wp:attachment":[{"href":"https:\/\/www.domstavpro.com\/index.php\/wp-json\/wp\/v2\/media?parent=6929"}],"wp:term":[{"taxonomy":"product_brand","embeddable":true,"href":"https:\/\/www.domstavpro.com\/index.php\/wp-json\/wp\/v2\/product_brand?post=6929"},{"taxonomy":"product_cat","embeddable":true,"href":"https:\/\/www.domstavpro.com\/index.php\/wp-json\/wp\/v2\/product_cat?post=6929"},{"taxonomy":"product_tag","embeddable":true,"href":"https:\/\/www.domstavpro.com\/index.php\/wp-json\/wp\/v2\/product_tag?post=6929"}],"curies":[{"name":"wp","href":"https:\/\/api.w.org\/{rel}","templated":true}]}}