{"id":6919,"date":"2026-04-27T15:08:09","date_gmt":"2026-04-27T15:08:09","guid":{"rendered":""},"modified":"2026-04-27T15:08:09","modified_gmt":"2026-04-27T15:08:09","slug":"powerplus-powdpg75565-aku-sekacka-20v-li-ion-340mm-set-finalni-vyprodej-6919","status":"publish","type":"product","link":"https:\/\/www.domstavpro.com\/index.php\/produkt\/powerplus-powdpg75565-aku-sekacka-20v-li-ion-340mm-set-finalni-vyprodej-6919\/","title":{"rendered":"POWERPLUS POWDPG75565 Aku seka\u010dka 20V LI-ION 340mm SET Fin\u00e1ln\u00ed V\u00fdprodej"},"content":{"rendered":"<table>\n<div class=\"tab-pane active product-description\" id=\"popis\" role=\"tabpanel\">\n<div class=\"short-description\" itemprop=\"description\">V\u00fdhodn\u00fd SET Aku seka\u010dka 20V LI-ION 340 mm, Aku strunov\u00e1 seka\u010dka 20V 230mm, baterie 20V 2,0 Ah a nab\u00edje\u010dka<\/div>\n<div class=\"description\"><span class='bullet-line'>Travn\u00ed seka\u010dka<br \/><\/span>Tato akumul\u00e1torov\u00e1 seka\u010dka na tr\u00e1vu POWDPG75561 od Powerplus je vybavena bezuhl\u00edkov\u00fdm motorem o nap\u011bt\u00ed 20V. Se \u0161\u00ed\u0159kou se\u010den\u00ed 340 mm je ide\u00e1ln\u00ed pro se\u010den\u00ed men\u0161\u00edch a st\u0159edn\u00edch tr\u00e1vn\u00edk\u016f. Vyberte si optim\u00e1ln\u00ed v\u00fd\u0161ku pro svou tr\u00e1vu pomoc\u00ed centr\u00e1ln\u00edho nastaven\u00ed (5 pozic) mezi 25 a 65 mm. Tr\u00e1vu lze sb\u00edrat do 30 l sb\u011brn\u00e9ho ko\u0161e, kter\u00fd je vybaven signalizac\u00ed o napln\u011bn\u00ed, kdy\u017e je pot\u0159eba ko\u0161 vypr\u00e1zdnit. Seka\u010dka funguje perfektn\u011b i bez sb\u011brn\u00e9ho vaku. V takov\u00e9m p\u0159\u00edpad\u011b je tr\u00e1va odv\u00e1d\u011bna zadn\u00edm v\u00fdhozem. Pro va\u0161e pohodl\u00ed je tento stroj tak\u00e9 vybaven m\u011bk\u010denou rukojet\u00ed, kter\u00e1 poskytuje lep\u0161\u00ed komfort a p\u0159ilnavost. Pou\u017e\u00edt m\u016f\u017eete baterie ze s\u00e9rie DUAL POWER o nap\u011bt\u00ed 20V a tak\u00e9 i baterie o nap\u011bt\u00ed 40V. Pou\u017eit\u00ed 40V baterie zaji\u0161\u0165uje je\u0161t\u011b del\u0161\u00ed dobu chodu stroje ve srovn\u00e1n\u00ed s 20V verz\u00ed.<span class='bullet-line'>Strunov\u00e1 seka\u010dka<br \/><\/span>Tato kompaktn\u00ed akumul\u00e1torov\u00e1 strunov\u00e1 seka\u010dka POWDPG75415 od Powerplus je snadno ovladateln\u00e1 a umo\u017e\u0148uje v\u00e1m voln\u011b se pohybovat. Se \u0161\u00ed\u0159kou z\u00e1b\u011bru 230 mm je dokonal\u00fdm zahradn\u00edm n\u00e1\u0159ad\u00edm pro \u00fadr\u017ebu mal\u00fdch zahrad. D\u00edky nastaviteln\u00e9mu \u00fahlu se\u010den\u00ed m\u016f\u017eete tak\u00e9 efektivn\u011b zast\u0159ih\u00e1vat okraje tr\u00e1vn\u00edku a p\u0159esn\u011b sekat kolem p\u0159\u00edjezdov\u00fdch cest a strom\u016f. Syst\u00e9m ochrany kv\u011btin nav\u00edc zabr\u00e1n\u00ed po\u0161kozen\u00ed jemn\u00fdch rostlin a kv\u011btin ve va\u0161\u00ed zahrad\u011b. Pou\u017e\u00edt m\u016f\u017eete baterie ze s\u00e9rie DUAL POWER o nap\u011bt\u00ed 20V a tak\u00e9 i baterie o nap\u011bt\u00ed 40V. Pou\u017eit\u00ed 40V baterie zaji\u0161\u0165uje je\u0161t\u011b del\u0161\u00ed dobu chodu stroje ve srovn\u00e1n\u00ed s 20V verz\u00ed.<\/p>\n<p>\u27a4 VLASTNOSTI<span class='bullet-line'>V\u00fdhodn\u00fd SET Aku seka\u010dky, strunov\u00e9 seka\u010dky, baterie a nab\u00edje\u010dky<br \/><\/span><br \/>\u27a4 BALEN\u00cd OBSAHUJE<span class='bullet-line'>1x AKU seka\u010dka<br \/><\/span><span class='bullet-line'>1x AKU strunov\u00e1 seka\u010dka<br \/><\/span><span class='bullet-line'>1x baterie 20V 2,0 Ah<br \/><\/span><span class='bullet-line'>1x nab\u00edje\u010dka<br \/><\/span><br \/>\u27a4 VHODN\u00c9 P\u0158\u00cdSLU\u0160ENSTV\u00cd<span class='bullet-line'>POWDP9037 Baterie 40V LI-ION 2,5Ah SAMSUNG<br \/><\/span><span class='bullet-line'>POWDP9021 Baterie 20V LI-ION 2,0Ah SAMSUNG<br \/><\/span><span class='bullet-line'>POWDP9040 Baterie 40V LI-ION 4,0Ah SAMSUNG<br \/><\/span><span class='bullet-line'>POWDP9051 Nab\u00edje\u010dka 20V\/40V &#8211; 4,0Ah<br \/><\/span><span class='bullet-line'>POWDP9062 Nab\u00edje\u010dka 20V\/40V + Baterie 20V LI-ION 2,0Ah<br \/><\/span><span class='bullet-line'>POWDP9064 Nab\u00edje\u010dka 20V\/40V + Baterie 40V LI-ION 2,5Ah SAMSUNG<br \/><\/span><span class='bullet-line'>POWACG9010 Kart\u00e1\u010d na \u010di\u0161t\u011bn\u00ed seka\u010dek<br \/><\/span><span class='bullet-line'>POWXGSG2 Zahradn\u00ed vak 85L<br \/><\/span><span class='bullet-line'>POWXGSG4 Zahradn\u00ed vak 270L<br \/><\/span><span class='bullet-line'>POWDP9023 Baterie 20V LI-ION 3,0Ah<br \/><\/span><span class='bullet-line'>POWDP9024 Baterie 20V LI-ION 4,0Ah<br \/><\/span><span class='bullet-line'>POWDP9063 Nab\u00edje\u010dka 20V\/40V + Baterie 20V LI-ION 3,0Ah<\/span><\/div>\n<div class=\"parameters\">\n<tr>\n<td>Nap\u011bt\u00ed<\/td>\n<td>20 V<\/td>\n<\/tr>\n<tr>\n<td>Ot\u00e1\u010dky napr\u00e1zdno<\/td>\n<td>2.800 min-1<\/td>\n<\/tr>\n<tr>\n<td>Z\u00e1b\u011br se\u010den\u00ed<\/td>\n<td>340 mm<\/td>\n<\/tr>\n<tr>\n<td>Centr\u00e1ln\u00ed nastaven\u00ed v\u00fd\u0161ky se\u010den\u00ed<\/td>\n<td>25\u201365 mm<\/td>\n<\/tr>\n<tr>\n<td>Objem ko\u0161e<\/td>\n<td>30 l<\/td>\n<\/tr>\n<tr>\n<td>Proveden\u00ed \u0161asi<\/td>\n<td>Kvalitn\u00ed plast<\/td>\n<\/tr>\n<tr>\n<td>Velikost p\u0159edn\u00edch kol<\/td>\n<td>140 mm<\/td>\n<\/tr>\n<tr>\n<td>Velikost zadn\u00edch kol<\/td>\n<td>170 mm<\/td>\n<\/tr>\n<tr>\n<td>Doporu\u010den\u00e1 plocha se\u010den\u00ed<\/td>\n<td>250 m2<\/td>\n<\/tr>\n<tr>\n<td>Aku srunov\u00e1 seka\u010dka (vy\u017e\u00edna\u010d)<\/td>\n<td><\/td>\n<\/tr>\n<tr>\n<td>Nap\u011bt\u00ed<\/td>\n<td>20 V<\/td>\n<\/tr>\n<tr>\n<td>Ot\u00e1\u010dky napr\u00e1zdno<\/td>\n<td>8.500 min-1<\/td>\n<\/tr>\n<tr>\n<td>Pracovn\u00ed z\u00e1b\u011br<\/td>\n<td>230 mm<\/td>\n<\/tr>\n<tr>\n<td>Hmotnost<\/td>\n<td>2,7 kg<\/td>\n<\/tr><\/div>\n<\/table>\n","protected":false},"excerpt":{"rendered":"<p>V\u00fdhodn\u00fd SET Aku seka\u010dka 20V LI-ION 340 mm, Aku strunov\u00e1 seka\u010dka 20V 230mm, baterie 20V 2,0 Ah a nab\u00edje\u010dka Travn\u00ed seka\u010dkaTato akumul\u00e1torov\u00e1 seka\u010dka na tr\u00e1vu POWDPG75561 od Powerplus je vybavena bezuhl\u00edkov\u00fdm motorem o nap\u011bt\u00ed 20V. Se \u0161\u00ed\u0159kou se\u010den\u00ed 340 mm je ide\u00e1ln\u00ed pro se\u010den\u00ed men\u0161\u00edch a st\u0159edn\u00edch tr\u00e1vn\u00edk\u016f. Vyberte si optim\u00e1ln\u00ed v\u00fd\u0161ku pro svou tr\u00e1vu [&hellip;]<\/p>\n","protected":false},"featured_media":7019,"comment_status":"open","ping_status":"open","template":"","meta":[],"product_brand":[],"product_cat":[39],"product_tag":[],"class_list":{"0":"post-6919","1":"product","2":"type-product","3":"status-publish","4":"has-post-thumbnail","6":"product_cat-zahrada","8":"first","9":"instock","10":"sale","11":"shipping-taxable","12":"purchasable","13":"product-type-simple"},"yoast_head":"<!-- This site is optimized with the Yoast SEO plugin v26.8 - https:\/\/yoast.com\/product\/yoast-seo-wordpress\/ -->\n<title>POWERPLUS POWDPG75565 Aku seka\u010dka 20V LI-ION 340mm SET Fin\u00e1ln\u00ed V\u00fdprodej -<\/title>\n<meta name=\"robots\" content=\"index, follow, max-snippet:-1, max-image-preview:large, max-video-preview:-1\" \/>\n<link rel=\"canonical\" href=\"https:\/\/www.domstavpro.com\/index.php\/produkt\/powerplus-powdpg75565-aku-sekacka-20v-li-ion-340mm-set-finalni-vyprodej-6919\/\" \/>\n<meta property=\"og:locale\" content=\"cs_CZ\" \/>\n<meta property=\"og:type\" content=\"article\" \/>\n<meta property=\"og:title\" content=\"POWERPLUS POWDPG75565 Aku seka\u010dka 20V LI-ION 340mm SET Fin\u00e1ln\u00ed V\u00fdprodej -\" \/>\n<meta property=\"og:description\" content=\"V\u00fdhodn\u00fd SET Aku seka\u010dka 20V LI-ION 340 mm, Aku strunov\u00e1 seka\u010dka 20V 230mm, baterie 20V 2,0 Ah a nab\u00edje\u010dka Travn\u00ed seka\u010dkaTato akumul\u00e1torov\u00e1 seka\u010dka na tr\u00e1vu POWDPG75561 od Powerplus je vybavena bezuhl\u00edkov\u00fdm motorem o nap\u011bt\u00ed 20V. Se \u0161\u00ed\u0159kou se\u010den\u00ed 340 mm je ide\u00e1ln\u00ed pro se\u010den\u00ed men\u0161\u00edch a st\u0159edn\u00edch tr\u00e1vn\u00edk\u016f. Vyberte si optim\u00e1ln\u00ed v\u00fd\u0161ku pro svou tr\u00e1vu [&hellip;]\" \/>\n<meta property=\"og:url\" content=\"https:\/\/www.domstavpro.com\/index.php\/produkt\/powerplus-powdpg75565-aku-sekacka-20v-li-ion-340mm-set-finalni-vyprodej-6919\/\" \/>\n<meta property=\"og:image\" content=\"https:\/\/www.domstavpro.com\/wp-content\/uploads\/2026\/SK0029188-CZ20260425-092328-0-1777080210-4602_10034.webp\" \/>\n\t<meta property=\"og:image:width\" content=\"1000\" \/>\n\t<meta property=\"og:image:height\" content=\"678\" \/>\n\t<meta property=\"og:image:type\" content=\"image\/webp\" \/>\n<meta name=\"twitter:card\" content=\"summary_large_image\" \/>\n<meta name=\"twitter:label1\" content=\"Odhadovan\u00e1 doba \u010dten\u00ed\" \/>\n\t<meta name=\"twitter:data1\" content=\"3 minuty\" \/>\n<script type=\"application\/ld+json\" class=\"yoast-schema-graph\">{\"@context\":\"https:\/\/schema.org\",\"@graph\":[{\"@type\":\"WebPage\",\"@id\":\"https:\/\/www.domstavpro.com\/index.php\/produkt\/powerplus-powdpg75565-aku-sekacka-20v-li-ion-340mm-set-finalni-vyprodej-6919\/\",\"url\":\"https:\/\/www.domstavpro.com\/index.php\/produkt\/powerplus-powdpg75565-aku-sekacka-20v-li-ion-340mm-set-finalni-vyprodej-6919\/\",\"name\":\"POWERPLUS POWDPG75565 Aku seka\u010dka 20V LI-ION 340mm SET Fin\u00e1ln\u00ed V\u00fdprodej -\",\"isPartOf\":{\"@id\":\"https:\/\/www.domstavpro.com\/#website\"},\"primaryImageOfPage\":{\"@id\":\"https:\/\/www.domstavpro.com\/index.php\/produkt\/powerplus-powdpg75565-aku-sekacka-20v-li-ion-340mm-set-finalni-vyprodej-6919\/#primaryimage\"},\"image\":{\"@id\":\"https:\/\/www.domstavpro.com\/index.php\/produkt\/powerplus-powdpg75565-aku-sekacka-20v-li-ion-340mm-set-finalni-vyprodej-6919\/#primaryimage\"},\"thumbnailUrl\":\"https:\/\/www.domstavpro.com\/wp-content\/uploads\/2026\/SK0029188-CZ20260425-092328-0-1777080210-4602_10034.webp\",\"datePublished\":\"2026-04-27T15:08:09+00:00\",\"breadcrumb\":{\"@id\":\"https:\/\/www.domstavpro.com\/index.php\/produkt\/powerplus-powdpg75565-aku-sekacka-20v-li-ion-340mm-set-finalni-vyprodej-6919\/#breadcrumb\"},\"inLanguage\":\"cs\",\"potentialAction\":[{\"@type\":\"ReadAction\",\"target\":[\"https:\/\/www.domstavpro.com\/index.php\/produkt\/powerplus-powdpg75565-aku-sekacka-20v-li-ion-340mm-set-finalni-vyprodej-6919\/\"]}]},{\"@type\":\"ImageObject\",\"inLanguage\":\"cs\",\"@id\":\"https:\/\/www.domstavpro.com\/index.php\/produkt\/powerplus-powdpg75565-aku-sekacka-20v-li-ion-340mm-set-finalni-vyprodej-6919\/#primaryimage\",\"url\":\"https:\/\/www.domstavpro.com\/wp-content\/uploads\/2026\/SK0029188-CZ20260425-092328-0-1777080210-4602_10034.webp\",\"contentUrl\":\"https:\/\/www.domstavpro.com\/wp-content\/uploads\/2026\/SK0029188-CZ20260425-092328-0-1777080210-4602_10034.webp\",\"width\":1000,\"height\":678},{\"@type\":\"BreadcrumbList\",\"@id\":\"https:\/\/www.domstavpro.com\/index.php\/produkt\/powerplus-powdpg75565-aku-sekacka-20v-li-ion-340mm-set-finalni-vyprodej-6919\/#breadcrumb\",\"itemListElement\":[{\"@type\":\"ListItem\",\"position\":1,\"name\":\"Home\",\"item\":\"https:\/\/www.domstavpro.com\/\"},{\"@type\":\"ListItem\",\"position\":2,\"name\":\"Products\",\"item\":\"https:\/\/www.domstavpro.com\/index.php\/products\/\"},{\"@type\":\"ListItem\",\"position\":3,\"name\":\"POWERPLUS POWDPG75565 Aku seka\u010dka 20V LI-ION 340mm SET Fin\u00e1ln\u00ed V\u00fdprodej\"}]},{\"@type\":\"WebSite\",\"@id\":\"https:\/\/www.domstavpro.com\/#website\",\"url\":\"https:\/\/www.domstavpro.com\/\",\"name\":\"\",\"description\":\"\",\"potentialAction\":[{\"@type\":\"SearchAction\",\"target\":{\"@type\":\"EntryPoint\",\"urlTemplate\":\"https:\/\/www.domstavpro.com\/?s={search_term_string}\"},\"query-input\":{\"@type\":\"PropertyValueSpecification\",\"valueRequired\":true,\"valueName\":\"search_term_string\"}}],\"inLanguage\":\"cs\"}]}<\/script>\n<!-- \/ Yoast SEO plugin. -->","yoast_head_json":{"title":"POWERPLUS POWDPG75565 Aku seka\u010dka 20V LI-ION 340mm SET Fin\u00e1ln\u00ed V\u00fdprodej -","robots":{"index":"index","follow":"follow","max-snippet":"max-snippet:-1","max-image-preview":"max-image-preview:large","max-video-preview":"max-video-preview:-1"},"canonical":"https:\/\/www.domstavpro.com\/index.php\/produkt\/powerplus-powdpg75565-aku-sekacka-20v-li-ion-340mm-set-finalni-vyprodej-6919\/","og_locale":"cs_CZ","og_type":"article","og_title":"POWERPLUS POWDPG75565 Aku seka\u010dka 20V LI-ION 340mm SET Fin\u00e1ln\u00ed V\u00fdprodej -","og_description":"V\u00fdhodn\u00fd SET Aku seka\u010dka 20V LI-ION 340 mm, Aku strunov\u00e1 seka\u010dka 20V 230mm, baterie 20V 2,0 Ah a nab\u00edje\u010dka Travn\u00ed seka\u010dkaTato akumul\u00e1torov\u00e1 seka\u010dka na tr\u00e1vu POWDPG75561 od Powerplus je vybavena bezuhl\u00edkov\u00fdm motorem o nap\u011bt\u00ed 20V. Se \u0161\u00ed\u0159kou se\u010den\u00ed 340 mm je ide\u00e1ln\u00ed pro se\u010den\u00ed men\u0161\u00edch a st\u0159edn\u00edch tr\u00e1vn\u00edk\u016f. Vyberte si optim\u00e1ln\u00ed v\u00fd\u0161ku pro svou tr\u00e1vu [&hellip;]","og_url":"https:\/\/www.domstavpro.com\/index.php\/produkt\/powerplus-powdpg75565-aku-sekacka-20v-li-ion-340mm-set-finalni-vyprodej-6919\/","og_image":[{"width":1000,"height":678,"url":"https:\/\/www.domstavpro.com\/wp-content\/uploads\/2026\/SK0029188-CZ20260425-092328-0-1777080210-4602_10034.webp","type":"image\/webp"}],"twitter_card":"summary_large_image","twitter_misc":{"Odhadovan\u00e1 doba \u010dten\u00ed":"3 minuty"},"schema":{"@context":"https:\/\/schema.org","@graph":[{"@type":"WebPage","@id":"https:\/\/www.domstavpro.com\/index.php\/produkt\/powerplus-powdpg75565-aku-sekacka-20v-li-ion-340mm-set-finalni-vyprodej-6919\/","url":"https:\/\/www.domstavpro.com\/index.php\/produkt\/powerplus-powdpg75565-aku-sekacka-20v-li-ion-340mm-set-finalni-vyprodej-6919\/","name":"POWERPLUS POWDPG75565 Aku seka\u010dka 20V LI-ION 340mm SET Fin\u00e1ln\u00ed V\u00fdprodej -","isPartOf":{"@id":"https:\/\/www.domstavpro.com\/#website"},"primaryImageOfPage":{"@id":"https:\/\/www.domstavpro.com\/index.php\/produkt\/powerplus-powdpg75565-aku-sekacka-20v-li-ion-340mm-set-finalni-vyprodej-6919\/#primaryimage"},"image":{"@id":"https:\/\/www.domstavpro.com\/index.php\/produkt\/powerplus-powdpg75565-aku-sekacka-20v-li-ion-340mm-set-finalni-vyprodej-6919\/#primaryimage"},"thumbnailUrl":"https:\/\/www.domstavpro.com\/wp-content\/uploads\/2026\/SK0029188-CZ20260425-092328-0-1777080210-4602_10034.webp","datePublished":"2026-04-27T15:08:09+00:00","breadcrumb":{"@id":"https:\/\/www.domstavpro.com\/index.php\/produkt\/powerplus-powdpg75565-aku-sekacka-20v-li-ion-340mm-set-finalni-vyprodej-6919\/#breadcrumb"},"inLanguage":"cs","potentialAction":[{"@type":"ReadAction","target":["https:\/\/www.domstavpro.com\/index.php\/produkt\/powerplus-powdpg75565-aku-sekacka-20v-li-ion-340mm-set-finalni-vyprodej-6919\/"]}]},{"@type":"ImageObject","inLanguage":"cs","@id":"https:\/\/www.domstavpro.com\/index.php\/produkt\/powerplus-powdpg75565-aku-sekacka-20v-li-ion-340mm-set-finalni-vyprodej-6919\/#primaryimage","url":"https:\/\/www.domstavpro.com\/wp-content\/uploads\/2026\/SK0029188-CZ20260425-092328-0-1777080210-4602_10034.webp","contentUrl":"https:\/\/www.domstavpro.com\/wp-content\/uploads\/2026\/SK0029188-CZ20260425-092328-0-1777080210-4602_10034.webp","width":1000,"height":678},{"@type":"BreadcrumbList","@id":"https:\/\/www.domstavpro.com\/index.php\/produkt\/powerplus-powdpg75565-aku-sekacka-20v-li-ion-340mm-set-finalni-vyprodej-6919\/#breadcrumb","itemListElement":[{"@type":"ListItem","position":1,"name":"Home","item":"https:\/\/www.domstavpro.com\/"},{"@type":"ListItem","position":2,"name":"Products","item":"https:\/\/www.domstavpro.com\/index.php\/products\/"},{"@type":"ListItem","position":3,"name":"POWERPLUS POWDPG75565 Aku seka\u010dka 20V LI-ION 340mm SET Fin\u00e1ln\u00ed V\u00fdprodej"}]},{"@type":"WebSite","@id":"https:\/\/www.domstavpro.com\/#website","url":"https:\/\/www.domstavpro.com\/","name":"","description":"","potentialAction":[{"@type":"SearchAction","target":{"@type":"EntryPoint","urlTemplate":"https:\/\/www.domstavpro.com\/?s={search_term_string}"},"query-input":{"@type":"PropertyValueSpecification","valueRequired":true,"valueName":"search_term_string"}}],"inLanguage":"cs"}]}},"_links":{"self":[{"href":"https:\/\/www.domstavpro.com\/index.php\/wp-json\/wp\/v2\/product\/6919","targetHints":{"allow":["GET"]}}],"collection":[{"href":"https:\/\/www.domstavpro.com\/index.php\/wp-json\/wp\/v2\/product"}],"about":[{"href":"https:\/\/www.domstavpro.com\/index.php\/wp-json\/wp\/v2\/types\/product"}],"replies":[{"embeddable":true,"href":"https:\/\/www.domstavpro.com\/index.php\/wp-json\/wp\/v2\/comments?post=6919"}],"wp:featuredmedia":[{"embeddable":true,"href":"https:\/\/www.domstavpro.com\/index.php\/wp-json\/wp\/v2\/media\/7019"}],"wp:attachment":[{"href":"https:\/\/www.domstavpro.com\/index.php\/wp-json\/wp\/v2\/media?parent=6919"}],"wp:term":[{"taxonomy":"product_brand","embeddable":true,"href":"https:\/\/www.domstavpro.com\/index.php\/wp-json\/wp\/v2\/product_brand?post=6919"},{"taxonomy":"product_cat","embeddable":true,"href":"https:\/\/www.domstavpro.com\/index.php\/wp-json\/wp\/v2\/product_cat?post=6919"},{"taxonomy":"product_tag","embeddable":true,"href":"https:\/\/www.domstavpro.com\/index.php\/wp-json\/wp\/v2\/product_tag?post=6919"}],"curies":[{"name":"wp","href":"https:\/\/api.w.org\/{rel}","templated":true}]}}