{"id":68115,"date":"2026-04-27T15:10:39","date_gmt":"2026-04-27T15:10:39","guid":{"rendered":""},"modified":"2026-04-27T15:10:39","modified_gmt":"2026-04-27T15:10:39","slug":"akcni-cena-gedy-samoa-drzak-rucniku-600mm-chrom-68115","status":"publish","type":"product","link":"https:\/\/www.domstavpro.com\/index.php\/produkt\/akcni-cena-gedy-samoa-drzak-rucniku-600mm-chrom-68115\/","title":{"rendered":"Ak\u010dn\u00ed Cena GEDY SAMOA dr\u017e\u00e1k ru\u010dn\u00edk\u016f 600mm, chrom"},"content":{"rendered":"<div id=\"e10173350\" class=\"pages\">\n<div>\n<div id=\"PDDescription\" class=\"UserContentView userContent v1a v1 bs-view dcon dc164 PDDescription\" ><dc-con><dc-con><bs-empty><\/bs-empty><\/dc-con><dc-con>        <\/p>\n<div class=\"customDescription\">                    <\/div>\n<p><\/dc-con><dc-con><\/p>\n<p style=\"text-align: justify;\">N\u00e1st\u011bnn\u00e9 koupelnov\u00e9 dopl\u0148ky \u0159ady SAMOA v nad\u010dasov\u00e9m designu jsou spr\u00e1vnou volbou do modern\u00ed koupelny. Na v\u00fdb\u011br proveden\u00ed v chromu a \u010dern\u00e9 mat ve spojen\u00ed s ml\u00e9\u010dn\u00fdm sklem.<\/p>\n<h2 class=\"props-title\">Vlastnosti<\/h2>\n<table>\n<tr>\n<th>Zna\u010dka<\/th>\n<td>GEDY<\/td>\n<\/tr>\n<tr>\n<th>S\u00e9rie<\/th>\n<td>SAMOA<\/td>\n<\/tr>\n<tr>\n<th>3D model<\/th>\n<td>ANO<\/td>\n<\/tr>\n<tr>\n<th>Rozm\u011br<\/th>\n<td>600x20x65 mm<\/td>\n<\/tr>\n<tr>\n<th>D\u00e9lka<\/th>\n<td>600&nbsp;mm<\/td>\n<\/tr>\n<tr>\n<th>\u0160\u00ed\u0159ka<\/th>\n<td>600&nbsp;mm<\/td>\n<\/tr>\n<tr>\n<th>V\u00fd\u0161ka<\/th>\n<td>20&nbsp;mm<\/td>\n<\/tr>\n<tr>\n<th>Hloubka<\/th>\n<td>65&nbsp;mm<\/td>\n<\/tr>\n<tr>\n<th>Barva<\/th>\n<td>Chrom<\/td>\n<\/tr>\n<tr>\n<th>Materi\u00e1l<\/th>\n<td>Slitina<\/td>\n<\/tr>\n<tr>\n<th>Tvar<\/th>\n<td>Hranat\u00e9<\/td>\n<\/tr>\n<tr>\n<th>Druh<\/th>\n<td>Dr\u017e\u00e1k ru\u010dn\u00edk\u016f jednoramenn\u00fd<\/td>\n<\/tr>\n<tr>\n<th>Instalace<\/th>\n<td>Vrt\u00e1n\u00ed<\/td>\n<\/tr>\n<tr>\n<th>Hmotnost \/ ks<\/th>\n<td>0.7510&nbsp;kg<\/td>\n<\/tr>\n<tr>\n<th>Balen\u00ed<\/th>\n<td>1&nbsp;ks<\/td>\n<\/tr>\n<tr>\n<th>EAN<\/th>\n<td>8003341293935<\/td>\n<\/tr>\n<tr>\n<th>Taric<\/th>\n<td>83025000<\/td>\n<\/tr>\n<tr>\n<th>Z\u00e1ruka<\/th>\n<td>10 let<\/td>\n<\/tr>\n<\/table>\n<p><\/dc-con><\/dc-con><\/div>\n<\/p><\/div>\n<div id=\"PDTable3\" class=\"ProductDetailTableView v3a v3 bs-view dcon dc185 PDTable3\" >\n<table>\n<thead><\/thead>\n<tbody>\n<tr class=\"attribute attr_pouziti\">\n<td class=\"caption\">Pou\u017eit\u00ed<\/td>\n<td class=\"value\">Dr\u017e\u00e1k ru\u010dn\u00edk\u016f<\/td>\n<\/tr>\n<tr class=\"attribute attr_bsshop_maker\">\n<td class=\"caption\">V\u00fdrobce<\/td>\n<td class=\"value\">Gedy<\/td>\n<\/tr>\n<tr class=\"attribute attr_sirka\">\n<td class=\"caption\">\u0160\u00ed\u0159ka v mm<\/td>\n<td class=\"value\">100<\/td>\n<\/tr>\n<tr class=\"attribute attr_Vyska\">\n<td class=\"caption\">V\u00fd\u0161ka v mm<\/td>\n<td class=\"value\">680<\/td>\n<\/tr>\n<tr class=\"weight\">\n<td class=\"caption\"><span>Hmotnost<\/span><\/td>\n<td class=\"value\"><span>0,75 kg<\/span><\/td>\n<\/tr>\n<\/tbody>\n<\/table>\n<\/div>\n<div id=\"ProductMedia\" class=\"ProductMediaView MediaViewBase v1a v1 bs-view dcon dc409 ProductMedia\" ><bs-empty><\/bs-empty><\/p>\n<div class=\"files\">\n<div class=\"title sub\">Soubory<\/div>\n<p><a href=\"\/media\/37831\/46763-a82160.dxf?&amp;key=ZGpmIyQwNUZfMzc4MzE=\" class=\"dxf\">Dokumenty &#8211; 3D modely_priloha_2<\/a><a href=\"\/media\/37832\/46763-a82160.dwg?&amp;key=ZGpmIyQwNUZfMzc4MzI=\" class=\"dwg\">Dokumenty &#8211; 3D modely_priloha_1<\/a><a href=\"\/media\/37833\/46763-a82160.3ds?&amp;key=ZGpmIyQwNUZfMzc4MzM=\" class=\"3ds\">Dokumenty &#8211; 3D modely_priloha_0<\/a><\/div>\n<p><bs-empty><\/bs-empty><\/div>\n<\/div>\n<div id=\"e10173351\" class=\"tabs\">\n","protected":false},"excerpt":{"rendered":"<p>N\u00e1st\u011bnn\u00e9 koupelnov\u00e9 dopl\u0148ky \u0159ady SAMOA v nad\u010dasov\u00e9m designu jsou spr\u00e1vnou volbou do modern\u00ed koupelny. Na v\u00fdb\u011br proveden\u00ed v chromu a \u010dern\u00e9 mat ve spojen\u00ed s ml\u00e9\u010dn\u00fdm sklem. Vlastnosti Zna\u010dka GEDY S\u00e9rie SAMOA 3D model ANO Rozm\u011br 600x20x65 mm D\u00e9lka 600&nbsp;mm \u0160\u00ed\u0159ka 600&nbsp;mm V\u00fd\u0161ka 20&nbsp;mm Hloubka 65&nbsp;mm Barva Chrom Materi\u00e1l Slitina Tvar Hranat\u00e9 Druh Dr\u017e\u00e1k ru\u010dn\u00edk\u016f [&hellip;]<\/p>\n","protected":false},"featured_media":68215,"comment_status":"open","ping_status":"open","template":"","meta":[],"product_brand":[],"product_cat":[61],"product_tag":[],"class_list":{"0":"post-68115","1":"product","2":"type-product","3":"status-publish","4":"has-post-thumbnail","6":"product_cat-vybaven-237-koupelny","8":"first","9":"instock","10":"sale","11":"shipping-taxable","12":"purchasable","13":"product-type-simple"},"yoast_head":"<!-- This site is optimized with the Yoast SEO plugin v26.8 - https:\/\/yoast.com\/product\/yoast-seo-wordpress\/ -->\n<title>Ak\u010dn\u00ed Cena GEDY SAMOA dr\u017e\u00e1k ru\u010dn\u00edk\u016f 600mm, chrom -<\/title>\n<meta name=\"robots\" content=\"index, follow, max-snippet:-1, max-image-preview:large, max-video-preview:-1\" \/>\n<link rel=\"canonical\" href=\"https:\/\/www.domstavpro.com\/index.php\/produkt\/akcni-cena-gedy-samoa-drzak-rucniku-600mm-chrom-68115\/\" \/>\n<meta property=\"og:locale\" content=\"cs_CZ\" \/>\n<meta property=\"og:type\" content=\"article\" \/>\n<meta property=\"og:title\" content=\"Ak\u010dn\u00ed Cena GEDY SAMOA dr\u017e\u00e1k ru\u010dn\u00edk\u016f 600mm, chrom -\" \/>\n<meta property=\"og:description\" content=\"N\u00e1st\u011bnn\u00e9 koupelnov\u00e9 dopl\u0148ky \u0159ady SAMOA v nad\u010dasov\u00e9m designu jsou spr\u00e1vnou volbou do modern\u00ed koupelny. Na v\u00fdb\u011br proveden\u00ed v chromu a \u010dern\u00e9 mat ve spojen\u00ed s ml\u00e9\u010dn\u00fdm sklem. Vlastnosti Zna\u010dka GEDY S\u00e9rie SAMOA 3D model ANO Rozm\u011br 600x20x65 mm D\u00e9lka 600&nbsp;mm \u0160\u00ed\u0159ka 600&nbsp;mm V\u00fd\u0161ka 20&nbsp;mm Hloubka 65&nbsp;mm Barva Chrom Materi\u00e1l Slitina Tvar Hranat\u00e9 Druh Dr\u017e\u00e1k ru\u010dn\u00edk\u016f [&hellip;]\" \/>\n<meta property=\"og:url\" content=\"https:\/\/www.domstavpro.com\/index.php\/produkt\/akcni-cena-gedy-samoa-drzak-rucniku-600mm-chrom-68115\/\" \/>\n<meta property=\"og:image\" content=\"https:\/\/www.domstavpro.com\/wp-content\/uploads\/2026\/SK0032679-CZ20260425-093449-0-1777080896-gedy-samoa-drzak-rucniku-600mm-chrom.webp\" \/>\n\t<meta property=\"og:image:width\" content=\"1000\" \/>\n\t<meta property=\"og:image:height\" content=\"525\" \/>\n\t<meta property=\"og:image:type\" content=\"image\/webp\" \/>\n<meta name=\"twitter:card\" content=\"summary_large_image\" \/>\n<meta name=\"twitter:label1\" content=\"Odhadovan\u00e1 doba \u010dten\u00ed\" \/>\n\t<meta name=\"twitter:data1\" content=\"1 minuta\" \/>\n<script type=\"application\/ld+json\" class=\"yoast-schema-graph\">{\"@context\":\"https:\/\/schema.org\",\"@graph\":[{\"@type\":\"WebPage\",\"@id\":\"https:\/\/www.domstavpro.com\/index.php\/produkt\/akcni-cena-gedy-samoa-drzak-rucniku-600mm-chrom-68115\/\",\"url\":\"https:\/\/www.domstavpro.com\/index.php\/produkt\/akcni-cena-gedy-samoa-drzak-rucniku-600mm-chrom-68115\/\",\"name\":\"Ak\u010dn\u00ed Cena GEDY SAMOA dr\u017e\u00e1k ru\u010dn\u00edk\u016f 600mm, chrom -\",\"isPartOf\":{\"@id\":\"https:\/\/www.domstavpro.com\/#website\"},\"primaryImageOfPage\":{\"@id\":\"https:\/\/www.domstavpro.com\/index.php\/produkt\/akcni-cena-gedy-samoa-drzak-rucniku-600mm-chrom-68115\/#primaryimage\"},\"image\":{\"@id\":\"https:\/\/www.domstavpro.com\/index.php\/produkt\/akcni-cena-gedy-samoa-drzak-rucniku-600mm-chrom-68115\/#primaryimage\"},\"thumbnailUrl\":\"https:\/\/www.domstavpro.com\/wp-content\/uploads\/2026\/SK0032679-CZ20260425-093449-0-1777080896-gedy-samoa-drzak-rucniku-600mm-chrom.webp\",\"datePublished\":\"2026-04-27T15:10:39+00:00\",\"breadcrumb\":{\"@id\":\"https:\/\/www.domstavpro.com\/index.php\/produkt\/akcni-cena-gedy-samoa-drzak-rucniku-600mm-chrom-68115\/#breadcrumb\"},\"inLanguage\":\"cs\",\"potentialAction\":[{\"@type\":\"ReadAction\",\"target\":[\"https:\/\/www.domstavpro.com\/index.php\/produkt\/akcni-cena-gedy-samoa-drzak-rucniku-600mm-chrom-68115\/\"]}]},{\"@type\":\"ImageObject\",\"inLanguage\":\"cs\",\"@id\":\"https:\/\/www.domstavpro.com\/index.php\/produkt\/akcni-cena-gedy-samoa-drzak-rucniku-600mm-chrom-68115\/#primaryimage\",\"url\":\"https:\/\/www.domstavpro.com\/wp-content\/uploads\/2026\/SK0032679-CZ20260425-093449-0-1777080896-gedy-samoa-drzak-rucniku-600mm-chrom.webp\",\"contentUrl\":\"https:\/\/www.domstavpro.com\/wp-content\/uploads\/2026\/SK0032679-CZ20260425-093449-0-1777080896-gedy-samoa-drzak-rucniku-600mm-chrom.webp\",\"width\":1000,\"height\":525},{\"@type\":\"BreadcrumbList\",\"@id\":\"https:\/\/www.domstavpro.com\/index.php\/produkt\/akcni-cena-gedy-samoa-drzak-rucniku-600mm-chrom-68115\/#breadcrumb\",\"itemListElement\":[{\"@type\":\"ListItem\",\"position\":1,\"name\":\"Home\",\"item\":\"https:\/\/www.domstavpro.com\/\"},{\"@type\":\"ListItem\",\"position\":2,\"name\":\"Products\",\"item\":\"https:\/\/www.domstavpro.com\/index.php\/products\/\"},{\"@type\":\"ListItem\",\"position\":3,\"name\":\"Ak\u010dn\u00ed Cena GEDY SAMOA dr\u017e\u00e1k ru\u010dn\u00edk\u016f 600mm, chrom\"}]},{\"@type\":\"WebSite\",\"@id\":\"https:\/\/www.domstavpro.com\/#website\",\"url\":\"https:\/\/www.domstavpro.com\/\",\"name\":\"\",\"description\":\"\",\"potentialAction\":[{\"@type\":\"SearchAction\",\"target\":{\"@type\":\"EntryPoint\",\"urlTemplate\":\"https:\/\/www.domstavpro.com\/?s={search_term_string}\"},\"query-input\":{\"@type\":\"PropertyValueSpecification\",\"valueRequired\":true,\"valueName\":\"search_term_string\"}}],\"inLanguage\":\"cs\"}]}<\/script>\n<!-- \/ Yoast SEO plugin. -->","yoast_head_json":{"title":"Ak\u010dn\u00ed Cena GEDY SAMOA dr\u017e\u00e1k ru\u010dn\u00edk\u016f 600mm, chrom -","robots":{"index":"index","follow":"follow","max-snippet":"max-snippet:-1","max-image-preview":"max-image-preview:large","max-video-preview":"max-video-preview:-1"},"canonical":"https:\/\/www.domstavpro.com\/index.php\/produkt\/akcni-cena-gedy-samoa-drzak-rucniku-600mm-chrom-68115\/","og_locale":"cs_CZ","og_type":"article","og_title":"Ak\u010dn\u00ed Cena GEDY SAMOA dr\u017e\u00e1k ru\u010dn\u00edk\u016f 600mm, chrom -","og_description":"N\u00e1st\u011bnn\u00e9 koupelnov\u00e9 dopl\u0148ky \u0159ady SAMOA v nad\u010dasov\u00e9m designu jsou spr\u00e1vnou volbou do modern\u00ed koupelny. Na v\u00fdb\u011br proveden\u00ed v chromu a \u010dern\u00e9 mat ve spojen\u00ed s ml\u00e9\u010dn\u00fdm sklem. Vlastnosti Zna\u010dka GEDY S\u00e9rie SAMOA 3D model ANO Rozm\u011br 600x20x65 mm D\u00e9lka 600&nbsp;mm \u0160\u00ed\u0159ka 600&nbsp;mm V\u00fd\u0161ka 20&nbsp;mm Hloubka 65&nbsp;mm Barva Chrom Materi\u00e1l Slitina Tvar Hranat\u00e9 Druh Dr\u017e\u00e1k ru\u010dn\u00edk\u016f [&hellip;]","og_url":"https:\/\/www.domstavpro.com\/index.php\/produkt\/akcni-cena-gedy-samoa-drzak-rucniku-600mm-chrom-68115\/","og_image":[{"width":1000,"height":525,"url":"https:\/\/www.domstavpro.com\/wp-content\/uploads\/2026\/SK0032679-CZ20260425-093449-0-1777080896-gedy-samoa-drzak-rucniku-600mm-chrom.webp","type":"image\/webp"}],"twitter_card":"summary_large_image","twitter_misc":{"Odhadovan\u00e1 doba \u010dten\u00ed":"1 minuta"},"schema":{"@context":"https:\/\/schema.org","@graph":[{"@type":"WebPage","@id":"https:\/\/www.domstavpro.com\/index.php\/produkt\/akcni-cena-gedy-samoa-drzak-rucniku-600mm-chrom-68115\/","url":"https:\/\/www.domstavpro.com\/index.php\/produkt\/akcni-cena-gedy-samoa-drzak-rucniku-600mm-chrom-68115\/","name":"Ak\u010dn\u00ed Cena GEDY SAMOA dr\u017e\u00e1k ru\u010dn\u00edk\u016f 600mm, chrom -","isPartOf":{"@id":"https:\/\/www.domstavpro.com\/#website"},"primaryImageOfPage":{"@id":"https:\/\/www.domstavpro.com\/index.php\/produkt\/akcni-cena-gedy-samoa-drzak-rucniku-600mm-chrom-68115\/#primaryimage"},"image":{"@id":"https:\/\/www.domstavpro.com\/index.php\/produkt\/akcni-cena-gedy-samoa-drzak-rucniku-600mm-chrom-68115\/#primaryimage"},"thumbnailUrl":"https:\/\/www.domstavpro.com\/wp-content\/uploads\/2026\/SK0032679-CZ20260425-093449-0-1777080896-gedy-samoa-drzak-rucniku-600mm-chrom.webp","datePublished":"2026-04-27T15:10:39+00:00","breadcrumb":{"@id":"https:\/\/www.domstavpro.com\/index.php\/produkt\/akcni-cena-gedy-samoa-drzak-rucniku-600mm-chrom-68115\/#breadcrumb"},"inLanguage":"cs","potentialAction":[{"@type":"ReadAction","target":["https:\/\/www.domstavpro.com\/index.php\/produkt\/akcni-cena-gedy-samoa-drzak-rucniku-600mm-chrom-68115\/"]}]},{"@type":"ImageObject","inLanguage":"cs","@id":"https:\/\/www.domstavpro.com\/index.php\/produkt\/akcni-cena-gedy-samoa-drzak-rucniku-600mm-chrom-68115\/#primaryimage","url":"https:\/\/www.domstavpro.com\/wp-content\/uploads\/2026\/SK0032679-CZ20260425-093449-0-1777080896-gedy-samoa-drzak-rucniku-600mm-chrom.webp","contentUrl":"https:\/\/www.domstavpro.com\/wp-content\/uploads\/2026\/SK0032679-CZ20260425-093449-0-1777080896-gedy-samoa-drzak-rucniku-600mm-chrom.webp","width":1000,"height":525},{"@type":"BreadcrumbList","@id":"https:\/\/www.domstavpro.com\/index.php\/produkt\/akcni-cena-gedy-samoa-drzak-rucniku-600mm-chrom-68115\/#breadcrumb","itemListElement":[{"@type":"ListItem","position":1,"name":"Home","item":"https:\/\/www.domstavpro.com\/"},{"@type":"ListItem","position":2,"name":"Products","item":"https:\/\/www.domstavpro.com\/index.php\/products\/"},{"@type":"ListItem","position":3,"name":"Ak\u010dn\u00ed Cena GEDY SAMOA dr\u017e\u00e1k ru\u010dn\u00edk\u016f 600mm, chrom"}]},{"@type":"WebSite","@id":"https:\/\/www.domstavpro.com\/#website","url":"https:\/\/www.domstavpro.com\/","name":"","description":"","potentialAction":[{"@type":"SearchAction","target":{"@type":"EntryPoint","urlTemplate":"https:\/\/www.domstavpro.com\/?s={search_term_string}"},"query-input":{"@type":"PropertyValueSpecification","valueRequired":true,"valueName":"search_term_string"}}],"inLanguage":"cs"}]}},"_links":{"self":[{"href":"https:\/\/www.domstavpro.com\/index.php\/wp-json\/wp\/v2\/product\/68115","targetHints":{"allow":["GET"]}}],"collection":[{"href":"https:\/\/www.domstavpro.com\/index.php\/wp-json\/wp\/v2\/product"}],"about":[{"href":"https:\/\/www.domstavpro.com\/index.php\/wp-json\/wp\/v2\/types\/product"}],"replies":[{"embeddable":true,"href":"https:\/\/www.domstavpro.com\/index.php\/wp-json\/wp\/v2\/comments?post=68115"}],"wp:featuredmedia":[{"embeddable":true,"href":"https:\/\/www.domstavpro.com\/index.php\/wp-json\/wp\/v2\/media\/68215"}],"wp:attachment":[{"href":"https:\/\/www.domstavpro.com\/index.php\/wp-json\/wp\/v2\/media?parent=68115"}],"wp:term":[{"taxonomy":"product_brand","embeddable":true,"href":"https:\/\/www.domstavpro.com\/index.php\/wp-json\/wp\/v2\/product_brand?post=68115"},{"taxonomy":"product_cat","embeddable":true,"href":"https:\/\/www.domstavpro.com\/index.php\/wp-json\/wp\/v2\/product_cat?post=68115"},{"taxonomy":"product_tag","embeddable":true,"href":"https:\/\/www.domstavpro.com\/index.php\/wp-json\/wp\/v2\/product_tag?post=68115"}],"curies":[{"name":"wp","href":"https:\/\/api.w.org\/{rel}","templated":true}]}}