{"id":67985,"date":"2026-04-27T15:10:38","date_gmt":"2026-04-27T15:10:38","guid":{"rendered":""},"modified":"2026-04-27T15:10:38","modified_gmt":"2026-04-27T15:10:38","slug":"akce-bruckner-sieger-stojankova-umyvadlova-baterie-lekarska-paka-chrom-67985","status":"publish","type":"product","link":"https:\/\/www.domstavpro.com\/index.php\/produkt\/akce-bruckner-sieger-stojankova-umyvadlova-baterie-lekarska-paka-chrom-67985\/","title":{"rendered":"Akce BRUCKNER SIEGER stoj\u00e1nkov\u00e1 umyvadlov\u00e1 baterie, l\u00e9ka\u0159sk\u00e1 p\u00e1ka, chrom"},"content":{"rendered":"<div id=\"e10878355\" class=\"pages\">\n<div>\n<div id=\"PDDescription\" class=\"UserContentView userContent v1a v1 bs-view dcon dc164 PDDescription\" ><dc-con><dc-con><bs-empty><\/bs-empty><\/dc-con><dc-con>        <\/p>\n<div class=\"customDescription\">                    <\/div>\n<p><\/dc-con><dc-con><\/p>\n<p style=\"text-align: justify;\">S\u00e9rie vodovodn\u00edch bateri\u00ed HOSPITAL je ur\u010dena pro osoby t\u011blesn\u011b handicapovan\u00e9, star\u0161\u00ed a s omezenou pohyblivost\u00ed, kter\u00e9 pot\u0159ebuj\u00ed speci\u00e1ln\u011b upraven\u00e9 vodovodn\u00ed baterie.&nbsp;<\/p>\n<h2 class=\"props-title\">Vlastnosti<\/h2>\n<table>\n<tr>\n<th>Zna\u010dka<\/th>\n<td>BRUCKNER<\/td>\n<\/tr>\n<tr>\n<th>S\u00e9rie<\/th>\n<td>HOSPITAL<\/td>\n<\/tr>\n<tr>\n<th>\u0160\u00ed\u0159ka<\/th>\n<td>50&nbsp;mm<\/td>\n<\/tr>\n<tr>\n<th>V\u00fd\u0161ka<\/th>\n<td>220&nbsp;mm<\/td>\n<\/tr>\n<tr>\n<th>Hloubka<\/th>\n<td>107&nbsp;mm<\/td>\n<\/tr>\n<tr>\n<th>Barva<\/th>\n<td>Chrom<\/td>\n<\/tr>\n<tr>\n<th>Materi\u00e1l<\/th>\n<td>Mosaz<\/td>\n<\/tr>\n<tr>\n<th>Tvar<\/th>\n<td>Kruhov\u00e9<\/td>\n<\/tr>\n<tr>\n<th>Instalace<\/th>\n<td>Stoj\u00e1nkov\u00e1<\/td>\n<\/tr>\n<tr>\n<th>Druh ovl\u00e1d\u00e1n\u00ed<\/th>\n<td>P\u00e1ka<\/td>\n<\/tr>\n<tr>\n<th>Pr\u016fm\u011br kartu\u0161e<\/th>\n<td>35&nbsp;mm<\/td>\n<\/tr>\n<tr>\n<th>V\u00fd\u0161ka v\u00fdtoku<\/th>\n<td>95&nbsp;mm<\/td>\n<\/tr>\n<tr>\n<th>Ostatn\u00ed<\/th>\n<td>L\u00e9ka\u0159sk\u00e1 p\u00e1ka<\/td>\n<\/tr>\n<tr>\n<th>Hmotnost \/ ks<\/th>\n<td>1.8920&nbsp;kg<\/td>\n<\/tr>\n<tr>\n<th>Balen\u00ed<\/th>\n<td>2&nbsp;ks<\/td>\n<\/tr>\n<tr>\n<th>EAN<\/th>\n<td>8590913924293<\/td>\n<\/tr>\n<tr>\n<th>Taric<\/th>\n<td>84818011<\/td>\n<\/tr>\n<\/table>\n<p><\/dc-con><\/dc-con><\/div>\n<\/p><\/div>\n<div id=\"PDTable3\" class=\"ProductDetailTableView v3a v3 bs-view dcon dc185 PDTable3\" >\n<table>\n<thead><\/thead>\n<tbody>\n<tr class=\"attribute attr_ovladani\">\n<td class=\"caption\">Ovl\u00e1d\u00e1n\u00ed<\/td>\n<td class=\"value\">P\u00e1kov\u00e9<\/td>\n<\/tr>\n<tr class=\"attribute attr_typ\">\n<td class=\"caption\">Typ<\/td>\n<td class=\"value\">Stoj\u00e1nkov\u00e9 baterie<\/td>\n<\/tr>\n<tr class=\"attribute attr_pouziti\">\n<td class=\"caption\">Pou\u017eit\u00ed<\/td>\n<td class=\"value\">Umyvadlov\u00e9\/ D\u0159ezov\u00e9 baterie<\/td>\n<\/tr>\n<tr class=\"attribute attr_bsshop_maker\">\n<td class=\"caption\">V\u00fdrobce<\/td>\n<td class=\"value\">Bruckner<\/td>\n<\/tr>\n<tr class=\"attribute attr_sirka\">\n<td class=\"caption\">\u0160\u00ed\u0159ka v mm<\/td>\n<td class=\"value\">400<\/td>\n<\/tr>\n<tr class=\"attribute attr_Vyska\">\n<td class=\"caption\">V\u00fd\u0161ka v mm<\/td>\n<td class=\"value\">70<\/td>\n<\/tr>\n<tr class=\"weight\">\n<td class=\"caption\"><span>Hmotnost<\/span><\/td>\n<td class=\"value\"><span>1,89 kg<\/span><\/td>\n<\/tr>\n<\/tbody>\n<\/table>\n<\/div>\n<div id=\"ProductMedia\" class=\"ProductMediaView MediaViewBase v1a v1 bs-view dcon dc409 ProductMedia\" ><bs-empty><\/bs-empty><\/p>\n<div class=\"files\">\n<div class=\"title sub\">Soubory<\/div>\n<p><a href=\"\/media\/38682\/47864-navod-na-udrzbu-baterii-bruckner.pdf?&amp;key=ZGpmIyQwNUZfMzg2ODI=\" class=\"pdf\">Dokumenty &#8211; &#218;dr\u017eba_priloha_0<\/a><a href=\"\/media\/48858\/47864-zarucni-list-baterie-cely-bruckner-web.pdf?&amp;key=ZGpmIyQwNUZfNDg4NTg=\" class=\"pdf\">Dokumenty &#8211; Z&#225;ru\u010dn&#237; list_priloha_1<\/a><\/div>\n<p><bs-empty><\/bs-empty><\/div>\n<\/div>\n<div id=\"e10878356\" class=\"tabs\">\n","protected":false},"excerpt":{"rendered":"<p>S\u00e9rie vodovodn\u00edch bateri\u00ed HOSPITAL je ur\u010dena pro osoby t\u011blesn\u011b handicapovan\u00e9, star\u0161\u00ed a s omezenou pohyblivost\u00ed, kter\u00e9 pot\u0159ebuj\u00ed speci\u00e1ln\u011b upraven\u00e9 vodovodn\u00ed baterie.&nbsp; Vlastnosti Zna\u010dka BRUCKNER S\u00e9rie HOSPITAL \u0160\u00ed\u0159ka 50&nbsp;mm V\u00fd\u0161ka 220&nbsp;mm Hloubka 107&nbsp;mm Barva Chrom Materi\u00e1l Mosaz Tvar Kruhov\u00e9 Instalace Stoj\u00e1nkov\u00e1 Druh ovl\u00e1d\u00e1n\u00ed P\u00e1ka Pr\u016fm\u011br kartu\u0161e 35&nbsp;mm V\u00fd\u0161ka v\u00fdtoku 95&nbsp;mm Ostatn\u00ed L\u00e9ka\u0159sk\u00e1 p\u00e1ka Hmotnost \/ ks [&hellip;]<\/p>\n","protected":false},"featured_media":68085,"comment_status":"open","ping_status":"open","template":"","meta":[],"product_brand":[],"product_cat":[61],"product_tag":[],"class_list":{"0":"post-67985","1":"product","2":"type-product","3":"status-publish","4":"has-post-thumbnail","6":"product_cat-vybaven-237-koupelny","8":"first","9":"instock","10":"sale","11":"shipping-taxable","12":"purchasable","13":"product-type-simple"},"yoast_head":"<!-- This site is optimized with the Yoast SEO plugin v26.8 - https:\/\/yoast.com\/product\/yoast-seo-wordpress\/ -->\n<title>Akce BRUCKNER SIEGER stoj\u00e1nkov\u00e1 umyvadlov\u00e1 baterie, l\u00e9ka\u0159sk\u00e1 p\u00e1ka, chrom -<\/title>\n<meta name=\"robots\" content=\"index, follow, max-snippet:-1, max-image-preview:large, max-video-preview:-1\" \/>\n<link rel=\"canonical\" href=\"https:\/\/www.domstavpro.com\/index.php\/produkt\/akce-bruckner-sieger-stojankova-umyvadlova-baterie-lekarska-paka-chrom-67985\/\" \/>\n<meta property=\"og:locale\" content=\"cs_CZ\" \/>\n<meta property=\"og:type\" content=\"article\" \/>\n<meta property=\"og:title\" content=\"Akce BRUCKNER SIEGER stoj\u00e1nkov\u00e1 umyvadlov\u00e1 baterie, l\u00e9ka\u0159sk\u00e1 p\u00e1ka, chrom -\" \/>\n<meta property=\"og:description\" content=\"S\u00e9rie vodovodn\u00edch bateri\u00ed HOSPITAL je ur\u010dena pro osoby t\u011blesn\u011b handicapovan\u00e9, star\u0161\u00ed a s omezenou pohyblivost\u00ed, kter\u00e9 pot\u0159ebuj\u00ed speci\u00e1ln\u011b upraven\u00e9 vodovodn\u00ed baterie.&nbsp; Vlastnosti Zna\u010dka BRUCKNER S\u00e9rie HOSPITAL \u0160\u00ed\u0159ka 50&nbsp;mm V\u00fd\u0161ka 220&nbsp;mm Hloubka 107&nbsp;mm Barva Chrom Materi\u00e1l Mosaz Tvar Kruhov\u00e9 Instalace Stoj\u00e1nkov\u00e1 Druh ovl\u00e1d\u00e1n\u00ed P\u00e1ka Pr\u016fm\u011br kartu\u0161e 35&nbsp;mm V\u00fd\u0161ka v\u00fdtoku 95&nbsp;mm Ostatn\u00ed L\u00e9ka\u0159sk\u00e1 p\u00e1ka Hmotnost \/ ks [&hellip;]\" \/>\n<meta property=\"og:url\" content=\"https:\/\/www.domstavpro.com\/index.php\/produkt\/akce-bruckner-sieger-stojankova-umyvadlova-baterie-lekarska-paka-chrom-67985\/\" \/>\n<meta property=\"og:image\" content=\"https:\/\/www.domstavpro.com\/wp-content\/uploads\/2026\/SK0032649-CZ20260425-093449-0-1777080896-bruckner-sieger-stojankova-umyvadlova-baterie-lekarska-paka.webp\" \/>\n\t<meta property=\"og:image:width\" content=\"1000\" \/>\n\t<meta property=\"og:image:height\" content=\"525\" \/>\n\t<meta property=\"og:image:type\" content=\"image\/webp\" \/>\n<meta name=\"twitter:card\" content=\"summary_large_image\" \/>\n<meta name=\"twitter:label1\" content=\"Odhadovan\u00e1 doba \u010dten\u00ed\" \/>\n\t<meta name=\"twitter:data1\" content=\"1 minuta\" \/>\n<script type=\"application\/ld+json\" class=\"yoast-schema-graph\">{\"@context\":\"https:\/\/schema.org\",\"@graph\":[{\"@type\":\"WebPage\",\"@id\":\"https:\/\/www.domstavpro.com\/index.php\/produkt\/akce-bruckner-sieger-stojankova-umyvadlova-baterie-lekarska-paka-chrom-67985\/\",\"url\":\"https:\/\/www.domstavpro.com\/index.php\/produkt\/akce-bruckner-sieger-stojankova-umyvadlova-baterie-lekarska-paka-chrom-67985\/\",\"name\":\"Akce BRUCKNER SIEGER stoj\u00e1nkov\u00e1 umyvadlov\u00e1 baterie, l\u00e9ka\u0159sk\u00e1 p\u00e1ka, chrom -\",\"isPartOf\":{\"@id\":\"https:\/\/www.domstavpro.com\/#website\"},\"primaryImageOfPage\":{\"@id\":\"https:\/\/www.domstavpro.com\/index.php\/produkt\/akce-bruckner-sieger-stojankova-umyvadlova-baterie-lekarska-paka-chrom-67985\/#primaryimage\"},\"image\":{\"@id\":\"https:\/\/www.domstavpro.com\/index.php\/produkt\/akce-bruckner-sieger-stojankova-umyvadlova-baterie-lekarska-paka-chrom-67985\/#primaryimage\"},\"thumbnailUrl\":\"https:\/\/www.domstavpro.com\/wp-content\/uploads\/2026\/SK0032649-CZ20260425-093449-0-1777080896-bruckner-sieger-stojankova-umyvadlova-baterie-lekarska-paka.webp\",\"datePublished\":\"2026-04-27T15:10:38+00:00\",\"breadcrumb\":{\"@id\":\"https:\/\/www.domstavpro.com\/index.php\/produkt\/akce-bruckner-sieger-stojankova-umyvadlova-baterie-lekarska-paka-chrom-67985\/#breadcrumb\"},\"inLanguage\":\"cs\",\"potentialAction\":[{\"@type\":\"ReadAction\",\"target\":[\"https:\/\/www.domstavpro.com\/index.php\/produkt\/akce-bruckner-sieger-stojankova-umyvadlova-baterie-lekarska-paka-chrom-67985\/\"]}]},{\"@type\":\"ImageObject\",\"inLanguage\":\"cs\",\"@id\":\"https:\/\/www.domstavpro.com\/index.php\/produkt\/akce-bruckner-sieger-stojankova-umyvadlova-baterie-lekarska-paka-chrom-67985\/#primaryimage\",\"url\":\"https:\/\/www.domstavpro.com\/wp-content\/uploads\/2026\/SK0032649-CZ20260425-093449-0-1777080896-bruckner-sieger-stojankova-umyvadlova-baterie-lekarska-paka.webp\",\"contentUrl\":\"https:\/\/www.domstavpro.com\/wp-content\/uploads\/2026\/SK0032649-CZ20260425-093449-0-1777080896-bruckner-sieger-stojankova-umyvadlova-baterie-lekarska-paka.webp\",\"width\":1000,\"height\":525},{\"@type\":\"BreadcrumbList\",\"@id\":\"https:\/\/www.domstavpro.com\/index.php\/produkt\/akce-bruckner-sieger-stojankova-umyvadlova-baterie-lekarska-paka-chrom-67985\/#breadcrumb\",\"itemListElement\":[{\"@type\":\"ListItem\",\"position\":1,\"name\":\"Home\",\"item\":\"https:\/\/www.domstavpro.com\/\"},{\"@type\":\"ListItem\",\"position\":2,\"name\":\"Products\",\"item\":\"https:\/\/www.domstavpro.com\/index.php\/products\/\"},{\"@type\":\"ListItem\",\"position\":3,\"name\":\"Akce BRUCKNER SIEGER stoj\u00e1nkov\u00e1 umyvadlov\u00e1 baterie, l\u00e9ka\u0159sk\u00e1 p\u00e1ka, chrom\"}]},{\"@type\":\"WebSite\",\"@id\":\"https:\/\/www.domstavpro.com\/#website\",\"url\":\"https:\/\/www.domstavpro.com\/\",\"name\":\"\",\"description\":\"\",\"potentialAction\":[{\"@type\":\"SearchAction\",\"target\":{\"@type\":\"EntryPoint\",\"urlTemplate\":\"https:\/\/www.domstavpro.com\/?s={search_term_string}\"},\"query-input\":{\"@type\":\"PropertyValueSpecification\",\"valueRequired\":true,\"valueName\":\"search_term_string\"}}],\"inLanguage\":\"cs\"}]}<\/script>\n<!-- \/ Yoast SEO plugin. -->","yoast_head_json":{"title":"Akce BRUCKNER SIEGER stoj\u00e1nkov\u00e1 umyvadlov\u00e1 baterie, l\u00e9ka\u0159sk\u00e1 p\u00e1ka, chrom -","robots":{"index":"index","follow":"follow","max-snippet":"max-snippet:-1","max-image-preview":"max-image-preview:large","max-video-preview":"max-video-preview:-1"},"canonical":"https:\/\/www.domstavpro.com\/index.php\/produkt\/akce-bruckner-sieger-stojankova-umyvadlova-baterie-lekarska-paka-chrom-67985\/","og_locale":"cs_CZ","og_type":"article","og_title":"Akce BRUCKNER SIEGER stoj\u00e1nkov\u00e1 umyvadlov\u00e1 baterie, l\u00e9ka\u0159sk\u00e1 p\u00e1ka, chrom -","og_description":"S\u00e9rie vodovodn\u00edch bateri\u00ed HOSPITAL je ur\u010dena pro osoby t\u011blesn\u011b handicapovan\u00e9, star\u0161\u00ed a s omezenou pohyblivost\u00ed, kter\u00e9 pot\u0159ebuj\u00ed speci\u00e1ln\u011b upraven\u00e9 vodovodn\u00ed baterie.&nbsp; Vlastnosti Zna\u010dka BRUCKNER S\u00e9rie HOSPITAL \u0160\u00ed\u0159ka 50&nbsp;mm V\u00fd\u0161ka 220&nbsp;mm Hloubka 107&nbsp;mm Barva Chrom Materi\u00e1l Mosaz Tvar Kruhov\u00e9 Instalace Stoj\u00e1nkov\u00e1 Druh ovl\u00e1d\u00e1n\u00ed P\u00e1ka Pr\u016fm\u011br kartu\u0161e 35&nbsp;mm V\u00fd\u0161ka v\u00fdtoku 95&nbsp;mm Ostatn\u00ed L\u00e9ka\u0159sk\u00e1 p\u00e1ka Hmotnost \/ ks [&hellip;]","og_url":"https:\/\/www.domstavpro.com\/index.php\/produkt\/akce-bruckner-sieger-stojankova-umyvadlova-baterie-lekarska-paka-chrom-67985\/","og_image":[{"width":1000,"height":525,"url":"https:\/\/www.domstavpro.com\/wp-content\/uploads\/2026\/SK0032649-CZ20260425-093449-0-1777080896-bruckner-sieger-stojankova-umyvadlova-baterie-lekarska-paka.webp","type":"image\/webp"}],"twitter_card":"summary_large_image","twitter_misc":{"Odhadovan\u00e1 doba \u010dten\u00ed":"1 minuta"},"schema":{"@context":"https:\/\/schema.org","@graph":[{"@type":"WebPage","@id":"https:\/\/www.domstavpro.com\/index.php\/produkt\/akce-bruckner-sieger-stojankova-umyvadlova-baterie-lekarska-paka-chrom-67985\/","url":"https:\/\/www.domstavpro.com\/index.php\/produkt\/akce-bruckner-sieger-stojankova-umyvadlova-baterie-lekarska-paka-chrom-67985\/","name":"Akce BRUCKNER SIEGER stoj\u00e1nkov\u00e1 umyvadlov\u00e1 baterie, l\u00e9ka\u0159sk\u00e1 p\u00e1ka, chrom -","isPartOf":{"@id":"https:\/\/www.domstavpro.com\/#website"},"primaryImageOfPage":{"@id":"https:\/\/www.domstavpro.com\/index.php\/produkt\/akce-bruckner-sieger-stojankova-umyvadlova-baterie-lekarska-paka-chrom-67985\/#primaryimage"},"image":{"@id":"https:\/\/www.domstavpro.com\/index.php\/produkt\/akce-bruckner-sieger-stojankova-umyvadlova-baterie-lekarska-paka-chrom-67985\/#primaryimage"},"thumbnailUrl":"https:\/\/www.domstavpro.com\/wp-content\/uploads\/2026\/SK0032649-CZ20260425-093449-0-1777080896-bruckner-sieger-stojankova-umyvadlova-baterie-lekarska-paka.webp","datePublished":"2026-04-27T15:10:38+00:00","breadcrumb":{"@id":"https:\/\/www.domstavpro.com\/index.php\/produkt\/akce-bruckner-sieger-stojankova-umyvadlova-baterie-lekarska-paka-chrom-67985\/#breadcrumb"},"inLanguage":"cs","potentialAction":[{"@type":"ReadAction","target":["https:\/\/www.domstavpro.com\/index.php\/produkt\/akce-bruckner-sieger-stojankova-umyvadlova-baterie-lekarska-paka-chrom-67985\/"]}]},{"@type":"ImageObject","inLanguage":"cs","@id":"https:\/\/www.domstavpro.com\/index.php\/produkt\/akce-bruckner-sieger-stojankova-umyvadlova-baterie-lekarska-paka-chrom-67985\/#primaryimage","url":"https:\/\/www.domstavpro.com\/wp-content\/uploads\/2026\/SK0032649-CZ20260425-093449-0-1777080896-bruckner-sieger-stojankova-umyvadlova-baterie-lekarska-paka.webp","contentUrl":"https:\/\/www.domstavpro.com\/wp-content\/uploads\/2026\/SK0032649-CZ20260425-093449-0-1777080896-bruckner-sieger-stojankova-umyvadlova-baterie-lekarska-paka.webp","width":1000,"height":525},{"@type":"BreadcrumbList","@id":"https:\/\/www.domstavpro.com\/index.php\/produkt\/akce-bruckner-sieger-stojankova-umyvadlova-baterie-lekarska-paka-chrom-67985\/#breadcrumb","itemListElement":[{"@type":"ListItem","position":1,"name":"Home","item":"https:\/\/www.domstavpro.com\/"},{"@type":"ListItem","position":2,"name":"Products","item":"https:\/\/www.domstavpro.com\/index.php\/products\/"},{"@type":"ListItem","position":3,"name":"Akce BRUCKNER SIEGER stoj\u00e1nkov\u00e1 umyvadlov\u00e1 baterie, l\u00e9ka\u0159sk\u00e1 p\u00e1ka, chrom"}]},{"@type":"WebSite","@id":"https:\/\/www.domstavpro.com\/#website","url":"https:\/\/www.domstavpro.com\/","name":"","description":"","potentialAction":[{"@type":"SearchAction","target":{"@type":"EntryPoint","urlTemplate":"https:\/\/www.domstavpro.com\/?s={search_term_string}"},"query-input":{"@type":"PropertyValueSpecification","valueRequired":true,"valueName":"search_term_string"}}],"inLanguage":"cs"}]}},"_links":{"self":[{"href":"https:\/\/www.domstavpro.com\/index.php\/wp-json\/wp\/v2\/product\/67985","targetHints":{"allow":["GET"]}}],"collection":[{"href":"https:\/\/www.domstavpro.com\/index.php\/wp-json\/wp\/v2\/product"}],"about":[{"href":"https:\/\/www.domstavpro.com\/index.php\/wp-json\/wp\/v2\/types\/product"}],"replies":[{"embeddable":true,"href":"https:\/\/www.domstavpro.com\/index.php\/wp-json\/wp\/v2\/comments?post=67985"}],"wp:featuredmedia":[{"embeddable":true,"href":"https:\/\/www.domstavpro.com\/index.php\/wp-json\/wp\/v2\/media\/68085"}],"wp:attachment":[{"href":"https:\/\/www.domstavpro.com\/index.php\/wp-json\/wp\/v2\/media?parent=67985"}],"wp:term":[{"taxonomy":"product_brand","embeddable":true,"href":"https:\/\/www.domstavpro.com\/index.php\/wp-json\/wp\/v2\/product_brand?post=67985"},{"taxonomy":"product_cat","embeddable":true,"href":"https:\/\/www.domstavpro.com\/index.php\/wp-json\/wp\/v2\/product_cat?post=67985"},{"taxonomy":"product_tag","embeddable":true,"href":"https:\/\/www.domstavpro.com\/index.php\/wp-json\/wp\/v2\/product_tag?post=67985"}],"curies":[{"name":"wp","href":"https:\/\/api.w.org\/{rel}","templated":true}]}}