{"id":6782,"date":"2026-04-27T15:08:09","date_gmt":"2026-04-27T15:08:09","guid":{"rendered":""},"modified":"2026-04-27T15:08:09","modified_gmt":"2026-04-27T15:08:09","slug":"akce-powerplus-powe80020-horni-frezka-1-200w-6782","status":"publish","type":"product","link":"https:\/\/www.domstavpro.com\/index.php\/produkt\/akce-powerplus-powe80020-horni-frezka-1-200w-6782\/","title":{"rendered":"Akce POWERPLUS POWE80020 Horn\u00ed fr\u00e9zka 1.200W"},"content":{"rendered":"<table>\n<div class=\"tab-pane active product-description\" id=\"popis\" role=\"tabpanel\">\n<div class=\"short-description\" itemprop=\"description\"><\/div>\n<div class=\"description\"><span class='bullet-line'>Tato fr\u00e9zka POWE80020 od Powerplus o p\u0159\u00edkonu 1.200W je ide\u00e1ln\u00ed pro fr\u00e9zov\u00e1n\u00ed dr\u00e1\u017eek, hran a profil\u016f. Krom\u011b toho jej m\u016f\u017eete pou\u017e\u00edt tak\u00e9 k vytvo\u0159en\u00ed pevn\u00fdch rybinov\u00fdch spoj\u016f. To je ide\u00e1ln\u00ed pro vlastn\u00ed v\u00fdrobu n\u00e1bytku a dal\u0161\u00edch kreativn\u00edch kousk\u016f. Fr\u00e9zka m\u00e1 maxim\u00e1ln\u00ed hloubku fr\u00e9zov\u00e1n\u00ed 55 mm. Hloubkov\u00fd doraz poskytuje pot\u0159ebnou p\u0159esnost p\u0159i fr\u00e9zov\u00e1n\u00ed. <br \/><\/span><span class='bullet-line'>To znamen\u00e1, \u017ee pracovn\u00ed hloubku lze perfektn\u011b nastavit pro fr\u00e9zov\u00e1n\u00ed n\u011bkolika stejn\u011b hlubok\u00fdch polodr\u00e1\u017eek. Elektrick\u00fd regul\u00e1tor ot\u00e1\u010dek umo\u017e\u0148uje snadn\u00e9 nastaven\u00ed rychlosti ot\u00e1\u010den\u00ed, kterou lze nastavit a\u017e na 30 000 ot.\/min. Paraleln\u00ed veden\u00ed zaji\u0161\u0165uje, \u017ee dr\u00e1\u017eky mohou b\u00fdt vedeny dokonale rovnob\u011b\u017en\u011b s okrajem obrobku. <br \/><\/span><span class='bullet-line'>Pro dobr\u00fd v\u00fdhled na obrobek a bezpe\u010dn\u00e9 pracovn\u00ed prost\u0159ed\u00ed je k dispozici p\u0159ipojen\u00ed vysava\u010de. To v\u00e1m umo\u017en\u00ed okam\u017eit\u011b vys\u00e1t piliny a t\u0159\u00edsky. Fr\u00e9zka je dod\u00e1v\u00e1na se 3 fr\u00e9zami na d\u0159evo.<br \/><\/span><br \/>\u27a4 VLASTNOSTI<span class='bullet-line'>Dal\u0161\u00ed up\u00ednac\u00ed kle\u0161tiny 6 a 8 mm<br \/><\/span><span class='bullet-line'>Plynul\u00e1 regulace ot\u00e1\u010dek<br \/><\/span><span class='bullet-line'>Nastaven\u00ed hloubky fr\u00e9zov\u00e1n\u00ed<br \/><\/span><span class='bullet-line'>Prachot\u011bsn\u00e9 n\u00e1vleky pro posuvn\u00fd sloupek<br \/><\/span><span class='bullet-line'>P\u0159esn\u00e9 nastaven\u00ed hloubky se zar\u00e1\u017ekou<br \/><\/span><span class='bullet-line'>Bo\u010dn\u00ed vod\u00edc\u00ed li\u0161ta<br \/><\/span><br \/>\u27a4 BALEN\u00cd OBSAHUJE<span class='bullet-line'>1x fr\u00e9zka<br \/><\/span><span class='bullet-line'>1x bo\u010dn\u00ed vod\u00edtko<br \/><\/span><span class='bullet-line'>1x kle\u0161tina \u00d8 6 mm<br \/><\/span><span class='bullet-line'>1x kle\u0161tina \u00d8 8 mm<br \/><\/span><span class='bullet-line'>1x kl\u00ed\u010d<br \/><\/span><span class='bullet-line'>3x fr\u00e9za<\/span><\/div>\n<div class=\"parameters\">\n<tr>\n<td>Nap\u011bt\u00ed<\/td>\n<td>230V \/ 50Hz<\/td>\n<\/tr>\n<tr>\n<td>P\u0159\u00edkon<\/td>\n<td>1.200 W<\/td>\n<\/tr>\n<tr>\n<td>Ot\u00e1\u010dky napr\u00e1zdno<\/td>\n<td>11.000 &#8211; 30.000 min-1<\/td>\n<\/tr>\n<tr>\n<td>Up\u00ednac\u00ed kle\u0161tina<\/td>\n<td>12 mm<\/td>\n<\/tr>\n<tr>\n<td>Max. pracovn\u00ed hloubka<\/td>\n<td>55 mm<\/td>\n<\/tr>\n<tr>\n<td>D\u00e9lka el. kabelu<\/td>\n<td>2 m<\/td>\n<\/tr>\n<tr>\n<td>Hmotnost<\/td>\n<td>2,9 kg<\/td>\n<\/tr><\/div>\n<\/table>\n","protected":false},"excerpt":{"rendered":"<p>Tato fr\u00e9zka POWE80020 od Powerplus o p\u0159\u00edkonu 1.200W je ide\u00e1ln\u00ed pro fr\u00e9zov\u00e1n\u00ed dr\u00e1\u017eek, hran a profil\u016f. Krom\u011b toho jej m\u016f\u017eete pou\u017e\u00edt tak\u00e9 k vytvo\u0159en\u00ed pevn\u00fdch rybinov\u00fdch spoj\u016f. To je ide\u00e1ln\u00ed pro vlastn\u00ed v\u00fdrobu n\u00e1bytku a dal\u0161\u00edch kreativn\u00edch kousk\u016f. Fr\u00e9zka m\u00e1 maxim\u00e1ln\u00ed hloubku fr\u00e9zov\u00e1n\u00ed 55 mm. Hloubkov\u00fd doraz poskytuje pot\u0159ebnou p\u0159esnost p\u0159i fr\u00e9zov\u00e1n\u00ed. To znamen\u00e1, \u017ee [&hellip;]<\/p>\n","protected":false},"featured_media":6882,"comment_status":"open","ping_status":"open","template":"","meta":[],"product_brand":[],"product_cat":[38],"product_tag":[],"class_list":{"0":"post-6782","1":"product","2":"type-product","3":"status-publish","4":"has-post-thumbnail","6":"product_cat-naradi","8":"first","9":"instock","10":"sale","11":"shipping-taxable","12":"purchasable","13":"product-type-simple"},"yoast_head":"<!-- This site is optimized with the Yoast SEO plugin v26.8 - https:\/\/yoast.com\/product\/yoast-seo-wordpress\/ -->\n<title>Akce POWERPLUS POWE80020 Horn\u00ed fr\u00e9zka 1.200W -<\/title>\n<meta name=\"robots\" content=\"index, follow, max-snippet:-1, max-image-preview:large, max-video-preview:-1\" \/>\n<link rel=\"canonical\" href=\"https:\/\/www.domstavpro.com\/index.php\/produkt\/akce-powerplus-powe80020-horni-frezka-1-200w-6782\/\" \/>\n<meta property=\"og:locale\" content=\"cs_CZ\" \/>\n<meta property=\"og:type\" content=\"article\" \/>\n<meta property=\"og:title\" content=\"Akce POWERPLUS POWE80020 Horn\u00ed fr\u00e9zka 1.200W -\" \/>\n<meta property=\"og:description\" content=\"Tato fr\u00e9zka POWE80020 od Powerplus o p\u0159\u00edkonu 1.200W je ide\u00e1ln\u00ed pro fr\u00e9zov\u00e1n\u00ed dr\u00e1\u017eek, hran a profil\u016f. Krom\u011b toho jej m\u016f\u017eete pou\u017e\u00edt tak\u00e9 k vytvo\u0159en\u00ed pevn\u00fdch rybinov\u00fdch spoj\u016f. To je ide\u00e1ln\u00ed pro vlastn\u00ed v\u00fdrobu n\u00e1bytku a dal\u0161\u00edch kreativn\u00edch kousk\u016f. Fr\u00e9zka m\u00e1 maxim\u00e1ln\u00ed hloubku fr\u00e9zov\u00e1n\u00ed 55 mm. Hloubkov\u00fd doraz poskytuje pot\u0159ebnou p\u0159esnost p\u0159i fr\u00e9zov\u00e1n\u00ed. To znamen\u00e1, \u017ee [&hellip;]\" \/>\n<meta property=\"og:url\" content=\"https:\/\/www.domstavpro.com\/index.php\/produkt\/akce-powerplus-powe80020-horni-frezka-1-200w-6782\/\" \/>\n<meta property=\"og:image\" content=\"https:\/\/www.domstavpro.com\/wp-content\/uploads\/2026\/SK0029151-CZ20260425-092328-0-1777080210-4524_9226.webp\" \/>\n\t<meta property=\"og:image:width\" content=\"800\" \/>\n\t<meta property=\"og:image:height\" content=\"800\" \/>\n\t<meta property=\"og:image:type\" content=\"image\/webp\" \/>\n<meta name=\"twitter:card\" content=\"summary_large_image\" \/>\n<meta name=\"twitter:label1\" content=\"Odhadovan\u00e1 doba \u010dten\u00ed\" \/>\n\t<meta name=\"twitter:data1\" content=\"1 minuta\" \/>\n<script type=\"application\/ld+json\" class=\"yoast-schema-graph\">{\"@context\":\"https:\/\/schema.org\",\"@graph\":[{\"@type\":\"WebPage\",\"@id\":\"https:\/\/www.domstavpro.com\/index.php\/produkt\/akce-powerplus-powe80020-horni-frezka-1-200w-6782\/\",\"url\":\"https:\/\/www.domstavpro.com\/index.php\/produkt\/akce-powerplus-powe80020-horni-frezka-1-200w-6782\/\",\"name\":\"Akce POWERPLUS POWE80020 Horn\u00ed fr\u00e9zka 1.200W -\",\"isPartOf\":{\"@id\":\"https:\/\/www.domstavpro.com\/#website\"},\"primaryImageOfPage\":{\"@id\":\"https:\/\/www.domstavpro.com\/index.php\/produkt\/akce-powerplus-powe80020-horni-frezka-1-200w-6782\/#primaryimage\"},\"image\":{\"@id\":\"https:\/\/www.domstavpro.com\/index.php\/produkt\/akce-powerplus-powe80020-horni-frezka-1-200w-6782\/#primaryimage\"},\"thumbnailUrl\":\"https:\/\/www.domstavpro.com\/wp-content\/uploads\/2026\/SK0029151-CZ20260425-092328-0-1777080210-4524_9226.webp\",\"datePublished\":\"2026-04-27T15:08:09+00:00\",\"breadcrumb\":{\"@id\":\"https:\/\/www.domstavpro.com\/index.php\/produkt\/akce-powerplus-powe80020-horni-frezka-1-200w-6782\/#breadcrumb\"},\"inLanguage\":\"cs\",\"potentialAction\":[{\"@type\":\"ReadAction\",\"target\":[\"https:\/\/www.domstavpro.com\/index.php\/produkt\/akce-powerplus-powe80020-horni-frezka-1-200w-6782\/\"]}]},{\"@type\":\"ImageObject\",\"inLanguage\":\"cs\",\"@id\":\"https:\/\/www.domstavpro.com\/index.php\/produkt\/akce-powerplus-powe80020-horni-frezka-1-200w-6782\/#primaryimage\",\"url\":\"https:\/\/www.domstavpro.com\/wp-content\/uploads\/2026\/SK0029151-CZ20260425-092328-0-1777080210-4524_9226.webp\",\"contentUrl\":\"https:\/\/www.domstavpro.com\/wp-content\/uploads\/2026\/SK0029151-CZ20260425-092328-0-1777080210-4524_9226.webp\",\"width\":800,\"height\":800},{\"@type\":\"BreadcrumbList\",\"@id\":\"https:\/\/www.domstavpro.com\/index.php\/produkt\/akce-powerplus-powe80020-horni-frezka-1-200w-6782\/#breadcrumb\",\"itemListElement\":[{\"@type\":\"ListItem\",\"position\":1,\"name\":\"Home\",\"item\":\"https:\/\/www.domstavpro.com\/\"},{\"@type\":\"ListItem\",\"position\":2,\"name\":\"Products\",\"item\":\"https:\/\/www.domstavpro.com\/index.php\/products\/\"},{\"@type\":\"ListItem\",\"position\":3,\"name\":\"Akce POWERPLUS POWE80020 Horn\u00ed fr\u00e9zka 1.200W\"}]},{\"@type\":\"WebSite\",\"@id\":\"https:\/\/www.domstavpro.com\/#website\",\"url\":\"https:\/\/www.domstavpro.com\/\",\"name\":\"\",\"description\":\"\",\"potentialAction\":[{\"@type\":\"SearchAction\",\"target\":{\"@type\":\"EntryPoint\",\"urlTemplate\":\"https:\/\/www.domstavpro.com\/?s={search_term_string}\"},\"query-input\":{\"@type\":\"PropertyValueSpecification\",\"valueRequired\":true,\"valueName\":\"search_term_string\"}}],\"inLanguage\":\"cs\"}]}<\/script>\n<!-- \/ Yoast SEO plugin. -->","yoast_head_json":{"title":"Akce POWERPLUS POWE80020 Horn\u00ed fr\u00e9zka 1.200W -","robots":{"index":"index","follow":"follow","max-snippet":"max-snippet:-1","max-image-preview":"max-image-preview:large","max-video-preview":"max-video-preview:-1"},"canonical":"https:\/\/www.domstavpro.com\/index.php\/produkt\/akce-powerplus-powe80020-horni-frezka-1-200w-6782\/","og_locale":"cs_CZ","og_type":"article","og_title":"Akce POWERPLUS POWE80020 Horn\u00ed fr\u00e9zka 1.200W -","og_description":"Tato fr\u00e9zka POWE80020 od Powerplus o p\u0159\u00edkonu 1.200W je ide\u00e1ln\u00ed pro fr\u00e9zov\u00e1n\u00ed dr\u00e1\u017eek, hran a profil\u016f. Krom\u011b toho jej m\u016f\u017eete pou\u017e\u00edt tak\u00e9 k vytvo\u0159en\u00ed pevn\u00fdch rybinov\u00fdch spoj\u016f. To je ide\u00e1ln\u00ed pro vlastn\u00ed v\u00fdrobu n\u00e1bytku a dal\u0161\u00edch kreativn\u00edch kousk\u016f. Fr\u00e9zka m\u00e1 maxim\u00e1ln\u00ed hloubku fr\u00e9zov\u00e1n\u00ed 55 mm. Hloubkov\u00fd doraz poskytuje pot\u0159ebnou p\u0159esnost p\u0159i fr\u00e9zov\u00e1n\u00ed. To znamen\u00e1, \u017ee [&hellip;]","og_url":"https:\/\/www.domstavpro.com\/index.php\/produkt\/akce-powerplus-powe80020-horni-frezka-1-200w-6782\/","og_image":[{"width":800,"height":800,"url":"https:\/\/www.domstavpro.com\/wp-content\/uploads\/2026\/SK0029151-CZ20260425-092328-0-1777080210-4524_9226.webp","type":"image\/webp"}],"twitter_card":"summary_large_image","twitter_misc":{"Odhadovan\u00e1 doba \u010dten\u00ed":"1 minuta"},"schema":{"@context":"https:\/\/schema.org","@graph":[{"@type":"WebPage","@id":"https:\/\/www.domstavpro.com\/index.php\/produkt\/akce-powerplus-powe80020-horni-frezka-1-200w-6782\/","url":"https:\/\/www.domstavpro.com\/index.php\/produkt\/akce-powerplus-powe80020-horni-frezka-1-200w-6782\/","name":"Akce POWERPLUS POWE80020 Horn\u00ed fr\u00e9zka 1.200W -","isPartOf":{"@id":"https:\/\/www.domstavpro.com\/#website"},"primaryImageOfPage":{"@id":"https:\/\/www.domstavpro.com\/index.php\/produkt\/akce-powerplus-powe80020-horni-frezka-1-200w-6782\/#primaryimage"},"image":{"@id":"https:\/\/www.domstavpro.com\/index.php\/produkt\/akce-powerplus-powe80020-horni-frezka-1-200w-6782\/#primaryimage"},"thumbnailUrl":"https:\/\/www.domstavpro.com\/wp-content\/uploads\/2026\/SK0029151-CZ20260425-092328-0-1777080210-4524_9226.webp","datePublished":"2026-04-27T15:08:09+00:00","breadcrumb":{"@id":"https:\/\/www.domstavpro.com\/index.php\/produkt\/akce-powerplus-powe80020-horni-frezka-1-200w-6782\/#breadcrumb"},"inLanguage":"cs","potentialAction":[{"@type":"ReadAction","target":["https:\/\/www.domstavpro.com\/index.php\/produkt\/akce-powerplus-powe80020-horni-frezka-1-200w-6782\/"]}]},{"@type":"ImageObject","inLanguage":"cs","@id":"https:\/\/www.domstavpro.com\/index.php\/produkt\/akce-powerplus-powe80020-horni-frezka-1-200w-6782\/#primaryimage","url":"https:\/\/www.domstavpro.com\/wp-content\/uploads\/2026\/SK0029151-CZ20260425-092328-0-1777080210-4524_9226.webp","contentUrl":"https:\/\/www.domstavpro.com\/wp-content\/uploads\/2026\/SK0029151-CZ20260425-092328-0-1777080210-4524_9226.webp","width":800,"height":800},{"@type":"BreadcrumbList","@id":"https:\/\/www.domstavpro.com\/index.php\/produkt\/akce-powerplus-powe80020-horni-frezka-1-200w-6782\/#breadcrumb","itemListElement":[{"@type":"ListItem","position":1,"name":"Home","item":"https:\/\/www.domstavpro.com\/"},{"@type":"ListItem","position":2,"name":"Products","item":"https:\/\/www.domstavpro.com\/index.php\/products\/"},{"@type":"ListItem","position":3,"name":"Akce POWERPLUS POWE80020 Horn\u00ed fr\u00e9zka 1.200W"}]},{"@type":"WebSite","@id":"https:\/\/www.domstavpro.com\/#website","url":"https:\/\/www.domstavpro.com\/","name":"","description":"","potentialAction":[{"@type":"SearchAction","target":{"@type":"EntryPoint","urlTemplate":"https:\/\/www.domstavpro.com\/?s={search_term_string}"},"query-input":{"@type":"PropertyValueSpecification","valueRequired":true,"valueName":"search_term_string"}}],"inLanguage":"cs"}]}},"_links":{"self":[{"href":"https:\/\/www.domstavpro.com\/index.php\/wp-json\/wp\/v2\/product\/6782","targetHints":{"allow":["GET"]}}],"collection":[{"href":"https:\/\/www.domstavpro.com\/index.php\/wp-json\/wp\/v2\/product"}],"about":[{"href":"https:\/\/www.domstavpro.com\/index.php\/wp-json\/wp\/v2\/types\/product"}],"replies":[{"embeddable":true,"href":"https:\/\/www.domstavpro.com\/index.php\/wp-json\/wp\/v2\/comments?post=6782"}],"wp:featuredmedia":[{"embeddable":true,"href":"https:\/\/www.domstavpro.com\/index.php\/wp-json\/wp\/v2\/media\/6882"}],"wp:attachment":[{"href":"https:\/\/www.domstavpro.com\/index.php\/wp-json\/wp\/v2\/media?parent=6782"}],"wp:term":[{"taxonomy":"product_brand","embeddable":true,"href":"https:\/\/www.domstavpro.com\/index.php\/wp-json\/wp\/v2\/product_brand?post=6782"},{"taxonomy":"product_cat","embeddable":true,"href":"https:\/\/www.domstavpro.com\/index.php\/wp-json\/wp\/v2\/product_cat?post=6782"},{"taxonomy":"product_tag","embeddable":true,"href":"https:\/\/www.domstavpro.com\/index.php\/wp-json\/wp\/v2\/product_tag?post=6782"}],"curies":[{"name":"wp","href":"https:\/\/api.w.org\/{rel}","templated":true}]}}