{"id":67777,"date":"2026-04-27T15:10:37","date_gmt":"2026-04-27T15:10:37","guid":{"rendered":""},"modified":"2026-04-27T15:10:37","modified_gmt":"2026-04-27T15:10:37","slug":"akce-nature-notea-s-r-o-peceny-caj-notea-zazvor-430ml-67777","status":"publish","type":"product","link":"https:\/\/www.domstavpro.com\/index.php\/produkt\/akce-nature-notea-s-r-o-peceny-caj-notea-zazvor-430ml-67777\/","title":{"rendered":"Akce Nature NoTea s.r.o. Pe\u010den\u00fd \u010daj Notea &#8211; Z\u00e1zvor 430ml"},"content":{"rendered":"<div id=\"e10829410\" class=\"pages\">\n<div>\n<div id=\"PDDescription\" class=\"UserContentView userContent v1a v1 bs-view dcon dc164 PDDescription\" ><dc-con><dc-con><bs-empty><\/bs-empty><\/dc-con><dc-con>        <\/p>\n<div class=\"customDescription\">                    <\/div>\n<p><\/dc-con><dc-con><\/p>\n<p><strong>Pe\u010den\u00e9 \u010daje Nature NoTea jsou vyr\u00e1b\u011bny s opravdov\u00fdm ovocem &#8211; m\u016f\u017eete si b\u00fdt jist\u00ed jeho nejvy\u0161\u0161\u00ed kvalitou! Pe\u010den\u00e9 \u010daje z na\u0161\u00ed produkce jsou vyr\u00e1b\u011bn\u00e9 tradi\u010dn\u00edmi postupy bez p\u0159id\u00e1n\u00ed chemick\u00fdch p\u0159\u00edsad. Jejich chu\u0165 je zv\u00fdrazn\u011bna p\u0159id\u00e1n\u00edm vybran\u00fdch druh\u016f ko\u0159en\u00ed. Jsou skv\u011bl\u00e9 v podob\u011b hork\u00e9ho \u010daje s kousky ovoce na zah\u0159\u00e1t\u00ed v dob\u011b zimy a naprosto osv\u011b\u017euj\u00edc\u00ed v dob\u011b l\u00e9ta. D\u00edky tomu, \u017ee jsou Pe\u010den\u00e9 \u010daje p\u0159irozen\u011b bezkofeinov\u00e9 a neobsahuj\u00ed ani tein, m\u016f\u017eete si je u\u017e\u00edt kdykoliv a v kteroukoliv denn\u00ed dobu i spole\u010dn\u011b s va\u0161imi d\u011btmi.\u00a0<\/p>\n<p><\/strong><strong>Slo\u017een\u00ed:<\/strong> <strong><br \/><\/strong>voda, cukr, jablko, vi\u0161e\u0148, \u010derven\u00fd ryb\u00edz<strong>, <\/strong>15 % z\u00e1zvor<strong><\/p>\n<p><\/strong><strong>P\u0159\u00edprava:<br \/>&#8211; <\/strong><strong>hork\u00e1 varianta n\u00e1poje:<\/strong> 3 pol\u00e9vkov\u00e9 l\u017e\u00edce zalit 200ml hork\u00e9 vody.<br \/>&#8211; <strong>studen\u00e1 varianta n\u00e1poje:<\/strong> 3 pol\u00e9vkov\u00e9 l\u017e\u00edce zalit 200ml studen\u00e9 vody. Mo\u017eno doplnit ledem \u010di ledovou t\u0159\u00ed\u0161t\u00ed.<\/p>\n<p><strong>Popis:<br \/><\/strong>Ovocn\u00fd n\u00e1pojov\u00fd koncentr\u00e1t pro p\u0159\u00edpravu nealkoholick\u00e9ho n\u00e1poje.<strong> <\/p>\n<p><\/strong><strong>Nutri\u010dn\u00ed hodnoty (ve 100ml n\u00e1poje):<br \/> <\/strong>Energick\u00e1 hodnota: 485 kJ \/ 116 kcal<br \/>Tuky: 0 g<br \/>z toho nasycen\u00e9 mastn\u00e9 kyseliny: 0 g<br \/>Sacharidy: 27,8 g<br \/>z toho cukry: 27,7 g<br \/>B\u00edlkoviny: 0,3 g<br \/>Vl\u00e1knina: 0,9 g<br \/>Chlorid sodn\u00fd (s\u016fl): 0 g<strong><\/p>\n<p>V\u00fdrobce:<\/strong> <br \/>Nature Notea s.r.o., Husitsk\u00e1 107\/3, Praha \u2013 \u017di\u017ekov 130 00<\/p>\n<p><strong>Zem\u011b p\u016fvodu:<br \/><\/strong>\u010cesk\u00e1 Republika<\/p>\n<p><strong>Objem:<\/strong><br \/>430ml<\/p>\n<p><\/dc-con><\/dc-con><\/div>\n<\/p><\/div>\n<div id=\"PDTable3\" class=\"ProductDetailTableView v3a v3 bs-view dcon dc185 PDTable3\" >\n<table>\n<thead><\/thead>\n<tbody>\n<tr class=\"attribute attr_bsshop_maker\">\n<td class=\"caption\">V\u00fdrobce<\/td>\n<td class=\"value\">Nature NoTea s.r.o.<\/td>\n<\/tr>\n<\/tbody>\n<\/table>\n<\/div>\n<\/div>\n<div id=\"e10829411\" class=\"tabs\">\n","protected":false},"excerpt":{"rendered":"<p>Pe\u010den\u00e9 \u010daje Nature NoTea jsou vyr\u00e1b\u011bny s opravdov\u00fdm ovocem &#8211; m\u016f\u017eete si b\u00fdt jist\u00ed jeho nejvy\u0161\u0161\u00ed kvalitou! Pe\u010den\u00e9 \u010daje z na\u0161\u00ed produkce jsou vyr\u00e1b\u011bn\u00e9 tradi\u010dn\u00edmi postupy bez p\u0159id\u00e1n\u00ed chemick\u00fdch p\u0159\u00edsad. Jejich chu\u0165 je zv\u00fdrazn\u011bna p\u0159id\u00e1n\u00edm vybran\u00fdch druh\u016f ko\u0159en\u00ed. Jsou skv\u011bl\u00e9 v podob\u011b hork\u00e9ho \u010daje s kousky ovoce na zah\u0159\u00e1t\u00ed v dob\u011b zimy a naprosto osv\u011b\u017euj\u00edc\u00ed [&hellip;]<\/p>\n","protected":false},"featured_media":67877,"comment_status":"open","ping_status":"open","template":"","meta":[],"product_brand":[],"product_cat":[66],"product_tag":[],"class_list":{"0":"post-67777","1":"product","2":"type-product","3":"status-publish","4":"has-post-thumbnail","6":"product_cat-pochutiny-dum-a-zahrada","8":"first","9":"instock","10":"sale","11":"shipping-taxable","12":"purchasable","13":"product-type-simple"},"yoast_head":"<!-- This site is optimized with the Yoast SEO plugin v26.8 - https:\/\/yoast.com\/product\/yoast-seo-wordpress\/ -->\n<title>Akce Nature NoTea s.r.o. Pe\u010den\u00fd \u010daj Notea - Z\u00e1zvor 430ml -<\/title>\n<meta name=\"robots\" content=\"index, follow, max-snippet:-1, max-image-preview:large, max-video-preview:-1\" \/>\n<link rel=\"canonical\" href=\"https:\/\/www.domstavpro.com\/index.php\/produkt\/akce-nature-notea-s-r-o-peceny-caj-notea-zazvor-430ml-67777\/\" \/>\n<meta property=\"og:locale\" content=\"cs_CZ\" \/>\n<meta property=\"og:type\" content=\"article\" \/>\n<meta property=\"og:title\" content=\"Akce Nature NoTea s.r.o. Pe\u010den\u00fd \u010daj Notea - Z\u00e1zvor 430ml -\" \/>\n<meta property=\"og:description\" content=\"Pe\u010den\u00e9 \u010daje Nature NoTea jsou vyr\u00e1b\u011bny s opravdov\u00fdm ovocem &#8211; m\u016f\u017eete si b\u00fdt jist\u00ed jeho nejvy\u0161\u0161\u00ed kvalitou! Pe\u010den\u00e9 \u010daje z na\u0161\u00ed produkce jsou vyr\u00e1b\u011bn\u00e9 tradi\u010dn\u00edmi postupy bez p\u0159id\u00e1n\u00ed chemick\u00fdch p\u0159\u00edsad. Jejich chu\u0165 je zv\u00fdrazn\u011bna p\u0159id\u00e1n\u00edm vybran\u00fdch druh\u016f ko\u0159en\u00ed. Jsou skv\u011bl\u00e9 v podob\u011b hork\u00e9ho \u010daje s kousky ovoce na zah\u0159\u00e1t\u00ed v dob\u011b zimy a naprosto osv\u011b\u017euj\u00edc\u00ed [&hellip;]\" \/>\n<meta property=\"og:url\" content=\"https:\/\/www.domstavpro.com\/index.php\/produkt\/akce-nature-notea-s-r-o-peceny-caj-notea-zazvor-430ml-67777\/\" \/>\n<meta property=\"og:image\" content=\"https:\/\/www.domstavpro.com\/wp-content\/uploads\/2026\/SK0032541-CZ20260425-093449-0-1777080896-nature-notea-s-r-o-peceny-caj-notea-zazvor-430ml.webp\" \/>\n\t<meta property=\"og:image:width\" content=\"1000\" \/>\n\t<meta property=\"og:image:height\" content=\"525\" \/>\n\t<meta property=\"og:image:type\" content=\"image\/webp\" \/>\n<meta name=\"twitter:card\" content=\"summary_large_image\" \/>\n<meta name=\"twitter:label1\" content=\"Odhadovan\u00e1 doba \u010dten\u00ed\" \/>\n\t<meta name=\"twitter:data1\" content=\"1 minuta\" \/>\n<script type=\"application\/ld+json\" class=\"yoast-schema-graph\">{\"@context\":\"https:\/\/schema.org\",\"@graph\":[{\"@type\":\"WebPage\",\"@id\":\"https:\/\/www.domstavpro.com\/index.php\/produkt\/akce-nature-notea-s-r-o-peceny-caj-notea-zazvor-430ml-67777\/\",\"url\":\"https:\/\/www.domstavpro.com\/index.php\/produkt\/akce-nature-notea-s-r-o-peceny-caj-notea-zazvor-430ml-67777\/\",\"name\":\"Akce Nature NoTea s.r.o. Pe\u010den\u00fd \u010daj Notea - Z\u00e1zvor 430ml -\",\"isPartOf\":{\"@id\":\"https:\/\/www.domstavpro.com\/#website\"},\"primaryImageOfPage\":{\"@id\":\"https:\/\/www.domstavpro.com\/index.php\/produkt\/akce-nature-notea-s-r-o-peceny-caj-notea-zazvor-430ml-67777\/#primaryimage\"},\"image\":{\"@id\":\"https:\/\/www.domstavpro.com\/index.php\/produkt\/akce-nature-notea-s-r-o-peceny-caj-notea-zazvor-430ml-67777\/#primaryimage\"},\"thumbnailUrl\":\"https:\/\/www.domstavpro.com\/wp-content\/uploads\/2026\/SK0032541-CZ20260425-093449-0-1777080896-nature-notea-s-r-o-peceny-caj-notea-zazvor-430ml.webp\",\"datePublished\":\"2026-04-27T15:10:37+00:00\",\"breadcrumb\":{\"@id\":\"https:\/\/www.domstavpro.com\/index.php\/produkt\/akce-nature-notea-s-r-o-peceny-caj-notea-zazvor-430ml-67777\/#breadcrumb\"},\"inLanguage\":\"cs\",\"potentialAction\":[{\"@type\":\"ReadAction\",\"target\":[\"https:\/\/www.domstavpro.com\/index.php\/produkt\/akce-nature-notea-s-r-o-peceny-caj-notea-zazvor-430ml-67777\/\"]}]},{\"@type\":\"ImageObject\",\"inLanguage\":\"cs\",\"@id\":\"https:\/\/www.domstavpro.com\/index.php\/produkt\/akce-nature-notea-s-r-o-peceny-caj-notea-zazvor-430ml-67777\/#primaryimage\",\"url\":\"https:\/\/www.domstavpro.com\/wp-content\/uploads\/2026\/SK0032541-CZ20260425-093449-0-1777080896-nature-notea-s-r-o-peceny-caj-notea-zazvor-430ml.webp\",\"contentUrl\":\"https:\/\/www.domstavpro.com\/wp-content\/uploads\/2026\/SK0032541-CZ20260425-093449-0-1777080896-nature-notea-s-r-o-peceny-caj-notea-zazvor-430ml.webp\",\"width\":1000,\"height\":525},{\"@type\":\"BreadcrumbList\",\"@id\":\"https:\/\/www.domstavpro.com\/index.php\/produkt\/akce-nature-notea-s-r-o-peceny-caj-notea-zazvor-430ml-67777\/#breadcrumb\",\"itemListElement\":[{\"@type\":\"ListItem\",\"position\":1,\"name\":\"Home\",\"item\":\"https:\/\/www.domstavpro.com\/\"},{\"@type\":\"ListItem\",\"position\":2,\"name\":\"Products\",\"item\":\"https:\/\/www.domstavpro.com\/index.php\/products\/\"},{\"@type\":\"ListItem\",\"position\":3,\"name\":\"Akce Nature NoTea s.r.o. Pe\u010den\u00fd \u010daj Notea &#8211; Z\u00e1zvor 430ml\"}]},{\"@type\":\"WebSite\",\"@id\":\"https:\/\/www.domstavpro.com\/#website\",\"url\":\"https:\/\/www.domstavpro.com\/\",\"name\":\"\",\"description\":\"\",\"potentialAction\":[{\"@type\":\"SearchAction\",\"target\":{\"@type\":\"EntryPoint\",\"urlTemplate\":\"https:\/\/www.domstavpro.com\/?s={search_term_string}\"},\"query-input\":{\"@type\":\"PropertyValueSpecification\",\"valueRequired\":true,\"valueName\":\"search_term_string\"}}],\"inLanguage\":\"cs\"}]}<\/script>\n<!-- \/ Yoast SEO plugin. -->","yoast_head_json":{"title":"Akce Nature NoTea s.r.o. Pe\u010den\u00fd \u010daj Notea - Z\u00e1zvor 430ml -","robots":{"index":"index","follow":"follow","max-snippet":"max-snippet:-1","max-image-preview":"max-image-preview:large","max-video-preview":"max-video-preview:-1"},"canonical":"https:\/\/www.domstavpro.com\/index.php\/produkt\/akce-nature-notea-s-r-o-peceny-caj-notea-zazvor-430ml-67777\/","og_locale":"cs_CZ","og_type":"article","og_title":"Akce Nature NoTea s.r.o. Pe\u010den\u00fd \u010daj Notea - Z\u00e1zvor 430ml -","og_description":"Pe\u010den\u00e9 \u010daje Nature NoTea jsou vyr\u00e1b\u011bny s opravdov\u00fdm ovocem &#8211; m\u016f\u017eete si b\u00fdt jist\u00ed jeho nejvy\u0161\u0161\u00ed kvalitou! Pe\u010den\u00e9 \u010daje z na\u0161\u00ed produkce jsou vyr\u00e1b\u011bn\u00e9 tradi\u010dn\u00edmi postupy bez p\u0159id\u00e1n\u00ed chemick\u00fdch p\u0159\u00edsad. Jejich chu\u0165 je zv\u00fdrazn\u011bna p\u0159id\u00e1n\u00edm vybran\u00fdch druh\u016f ko\u0159en\u00ed. Jsou skv\u011bl\u00e9 v podob\u011b hork\u00e9ho \u010daje s kousky ovoce na zah\u0159\u00e1t\u00ed v dob\u011b zimy a naprosto osv\u011b\u017euj\u00edc\u00ed [&hellip;]","og_url":"https:\/\/www.domstavpro.com\/index.php\/produkt\/akce-nature-notea-s-r-o-peceny-caj-notea-zazvor-430ml-67777\/","og_image":[{"width":1000,"height":525,"url":"https:\/\/www.domstavpro.com\/wp-content\/uploads\/2026\/SK0032541-CZ20260425-093449-0-1777080896-nature-notea-s-r-o-peceny-caj-notea-zazvor-430ml.webp","type":"image\/webp"}],"twitter_card":"summary_large_image","twitter_misc":{"Odhadovan\u00e1 doba \u010dten\u00ed":"1 minuta"},"schema":{"@context":"https:\/\/schema.org","@graph":[{"@type":"WebPage","@id":"https:\/\/www.domstavpro.com\/index.php\/produkt\/akce-nature-notea-s-r-o-peceny-caj-notea-zazvor-430ml-67777\/","url":"https:\/\/www.domstavpro.com\/index.php\/produkt\/akce-nature-notea-s-r-o-peceny-caj-notea-zazvor-430ml-67777\/","name":"Akce Nature NoTea s.r.o. Pe\u010den\u00fd \u010daj Notea - Z\u00e1zvor 430ml -","isPartOf":{"@id":"https:\/\/www.domstavpro.com\/#website"},"primaryImageOfPage":{"@id":"https:\/\/www.domstavpro.com\/index.php\/produkt\/akce-nature-notea-s-r-o-peceny-caj-notea-zazvor-430ml-67777\/#primaryimage"},"image":{"@id":"https:\/\/www.domstavpro.com\/index.php\/produkt\/akce-nature-notea-s-r-o-peceny-caj-notea-zazvor-430ml-67777\/#primaryimage"},"thumbnailUrl":"https:\/\/www.domstavpro.com\/wp-content\/uploads\/2026\/SK0032541-CZ20260425-093449-0-1777080896-nature-notea-s-r-o-peceny-caj-notea-zazvor-430ml.webp","datePublished":"2026-04-27T15:10:37+00:00","breadcrumb":{"@id":"https:\/\/www.domstavpro.com\/index.php\/produkt\/akce-nature-notea-s-r-o-peceny-caj-notea-zazvor-430ml-67777\/#breadcrumb"},"inLanguage":"cs","potentialAction":[{"@type":"ReadAction","target":["https:\/\/www.domstavpro.com\/index.php\/produkt\/akce-nature-notea-s-r-o-peceny-caj-notea-zazvor-430ml-67777\/"]}]},{"@type":"ImageObject","inLanguage":"cs","@id":"https:\/\/www.domstavpro.com\/index.php\/produkt\/akce-nature-notea-s-r-o-peceny-caj-notea-zazvor-430ml-67777\/#primaryimage","url":"https:\/\/www.domstavpro.com\/wp-content\/uploads\/2026\/SK0032541-CZ20260425-093449-0-1777080896-nature-notea-s-r-o-peceny-caj-notea-zazvor-430ml.webp","contentUrl":"https:\/\/www.domstavpro.com\/wp-content\/uploads\/2026\/SK0032541-CZ20260425-093449-0-1777080896-nature-notea-s-r-o-peceny-caj-notea-zazvor-430ml.webp","width":1000,"height":525},{"@type":"BreadcrumbList","@id":"https:\/\/www.domstavpro.com\/index.php\/produkt\/akce-nature-notea-s-r-o-peceny-caj-notea-zazvor-430ml-67777\/#breadcrumb","itemListElement":[{"@type":"ListItem","position":1,"name":"Home","item":"https:\/\/www.domstavpro.com\/"},{"@type":"ListItem","position":2,"name":"Products","item":"https:\/\/www.domstavpro.com\/index.php\/products\/"},{"@type":"ListItem","position":3,"name":"Akce Nature NoTea s.r.o. Pe\u010den\u00fd \u010daj Notea &#8211; Z\u00e1zvor 430ml"}]},{"@type":"WebSite","@id":"https:\/\/www.domstavpro.com\/#website","url":"https:\/\/www.domstavpro.com\/","name":"","description":"","potentialAction":[{"@type":"SearchAction","target":{"@type":"EntryPoint","urlTemplate":"https:\/\/www.domstavpro.com\/?s={search_term_string}"},"query-input":{"@type":"PropertyValueSpecification","valueRequired":true,"valueName":"search_term_string"}}],"inLanguage":"cs"}]}},"_links":{"self":[{"href":"https:\/\/www.domstavpro.com\/index.php\/wp-json\/wp\/v2\/product\/67777","targetHints":{"allow":["GET"]}}],"collection":[{"href":"https:\/\/www.domstavpro.com\/index.php\/wp-json\/wp\/v2\/product"}],"about":[{"href":"https:\/\/www.domstavpro.com\/index.php\/wp-json\/wp\/v2\/types\/product"}],"replies":[{"embeddable":true,"href":"https:\/\/www.domstavpro.com\/index.php\/wp-json\/wp\/v2\/comments?post=67777"}],"wp:featuredmedia":[{"embeddable":true,"href":"https:\/\/www.domstavpro.com\/index.php\/wp-json\/wp\/v2\/media\/67877"}],"wp:attachment":[{"href":"https:\/\/www.domstavpro.com\/index.php\/wp-json\/wp\/v2\/media?parent=67777"}],"wp:term":[{"taxonomy":"product_brand","embeddable":true,"href":"https:\/\/www.domstavpro.com\/index.php\/wp-json\/wp\/v2\/product_brand?post=67777"},{"taxonomy":"product_cat","embeddable":true,"href":"https:\/\/www.domstavpro.com\/index.php\/wp-json\/wp\/v2\/product_cat?post=67777"},{"taxonomy":"product_tag","embeddable":true,"href":"https:\/\/www.domstavpro.com\/index.php\/wp-json\/wp\/v2\/product_tag?post=67777"}],"curies":[{"name":"wp","href":"https:\/\/api.w.org\/{rel}","templated":true}]}}