{"id":67743,"date":"2026-04-27T15:10:37","date_gmt":"2026-04-27T15:10:37","guid":{"rendered":""},"modified":"2026-04-27T15:10:37","modified_gmt":"2026-04-27T15:10:37","slug":"zlevneny-milan-svorc-staroceske-novomestske-caje-malinove-prekvapeni-60ml-67743","status":"publish","type":"product","link":"https:\/\/www.domstavpro.com\/index.php\/produkt\/zlevneny-milan-svorc-staroceske-novomestske-caje-malinove-prekvapeni-60ml-67743\/","title":{"rendered":"Zlevn\u011bn\u00fd Milan \u0160vorc Staro\u010desk\u00e9 Novom\u011bstsk\u00e9 \u010daje &#8211; Malinov\u00e9 p\u0159ekvapen\u00ed 60ml"},"content":{"rendered":"<div id=\"e10816488\" class=\"pages\">\n<div>\n<div id=\"PDDescription\" class=\"UserContentView userContent v1a v1 bs-view dcon dc164 PDDescription\" ><dc-con><dc-con><bs-empty><\/bs-empty><\/dc-con><dc-con>        <\/p>\n<div class=\"customDescription\">                    <\/div>\n<p><\/dc-con><dc-con><\/p>\n<p><strong>Staro\u010desk\u00e9 Novom\u011bstsk\u00e9 \u010daje jsou vyr\u00e1b\u011bny dle origin\u00e1ln\u00edch recept\u016fr. Ovoce je zap\u00e9k\u00e1no s cukrem, ko\u0159en\u00edm, bylinkami a d\u00edky tomu vznik\u00e1 nezam\u011bniteln\u00e1 chu\u0165 a v\u016fn\u011b t\u011bchto n\u00e1poj\u016f. Lze z nich p\u0159ipravit vo\u0148av\u00fd tepl\u00fd \u010daj p\u0159\u00edpadn\u011b i osv\u011b\u017euj\u00edc\u00ed letn\u00ed drink.<\/strong> <br \/><strong><br \/>P\u0159\u00edprava:<br \/>&#8211; <\/strong><strong>hork\u00e1 varianta n\u00e1poje:<\/strong> p\u0159i zalit\u00ed 200ml hork\u00e9 vody z\u00edsk\u00e1te vonn\u00fd aromatizovan\u00fd \u010daj pln\u00fd kousk\u016f ovoce.<br \/>&#8211; <strong>studen\u00e1 varianta n\u00e1poje:<\/strong> p\u0159i zalit\u00ed 200ml studen\u00e9 vody z\u00edsk\u00e1te velmi osv\u011b\u017euj\u00edc\u00ed ovocn\u00fd n\u00e1poj s kousky ovoce. Mo\u017eno doplnit ledem \u010di ledovou t\u0159\u00ed\u0161t\u00ed.<\/p>\n<p><strong>Popis:<br \/><\/strong>Ovocn\u00fd n\u00e1pojov\u00fd koncentr\u00e1t se sladidly pro p\u0159\u00edpravu nealkoholick\u00e9ho n\u00e1poje.<strong> <\/p>\n<p>Slo\u017een\u00ed:<br \/><\/strong>Sm\u011bs ovoce (malina (min. 20%), \u010derven\u00fd ryb\u00edz, jahoda), cukr, voda, kyselina vinn\u00e1,\u00a0sko\u0159ice. <br \/><strong><strong><br \/><\/strong>Pod\u00edl ovocn\u00e9 slo\u017eky:<\/strong> <br \/>min 40%<\/p>\n<p><strong>Nutri\u010dn\u00ed hodnoty<\/strong> (ve 100g n\u00e1poje):<br \/> Energick\u00e1 hodnota: 789 kJ \/ 186 kcal<br \/>Tuky: 0,3 g<br \/>z toho nasycen\u00e9 mastn\u00e9 kyseliny: 0 g<br \/>Sacharidy: 44 g<br \/>z toho cukry: 42 g<br \/>B\u00edlkoviny: 0,7 g<br \/>Chlorid sodn\u00fd (s\u016fl): 0 g<\/p>\n<p><strong>V\u00fdrobce:<\/strong> <br \/>Milan \u0160vorc, Vr\u0161ovka 41, 549 01 Vr\u0161ovka<\/p>\n<p><strong><strong><strong>Zem\u011b p\u016fvodu:<\/strong><br \/><\/strong><\/strong>\u010cesk\u00e1 Republika<strong><strong><strong><br \/><\/strong><\/strong><\/strong><br \/><strong>Objem:<\/strong> <br \/>60ml<\/p>\n<p><\/dc-con><\/dc-con><\/div>\n<\/p><\/div>\n<div id=\"PDTable3\" class=\"ProductDetailTableView v3a v3 bs-view dcon dc185 PDTable3\" >\n<table>\n<thead><\/thead>\n<tbody>\n<tr class=\"attribute attr_bsshop_maker\">\n<td class=\"caption\">V\u00fdrobce<\/td>\n<td class=\"value\">Milan \u0160vorc<\/td>\n<\/tr>\n<\/tbody>\n<\/table>\n<\/div>\n<\/div>\n<div id=\"e10816489\" class=\"tabs\">\n","protected":false},"excerpt":{"rendered":"<p>Staro\u010desk\u00e9 Novom\u011bstsk\u00e9 \u010daje jsou vyr\u00e1b\u011bny dle origin\u00e1ln\u00edch recept\u016fr. Ovoce je zap\u00e9k\u00e1no s cukrem, ko\u0159en\u00edm, bylinkami a d\u00edky tomu vznik\u00e1 nezam\u011bniteln\u00e1 chu\u0165 a v\u016fn\u011b t\u011bchto n\u00e1poj\u016f. Lze z nich p\u0159ipravit vo\u0148av\u00fd tepl\u00fd \u010daj p\u0159\u00edpadn\u011b i osv\u011b\u017euj\u00edc\u00ed letn\u00ed drink. P\u0159\u00edprava:&#8211; hork\u00e1 varianta n\u00e1poje: p\u0159i zalit\u00ed 200ml hork\u00e9 vody z\u00edsk\u00e1te vonn\u00fd aromatizovan\u00fd \u010daj pln\u00fd kousk\u016f ovoce.&#8211; studen\u00e1 varianta [&hellip;]<\/p>\n","protected":false},"featured_media":67843,"comment_status":"open","ping_status":"open","template":"","meta":[],"product_brand":[],"product_cat":[66],"product_tag":[],"class_list":{"0":"post-67743","1":"product","2":"type-product","3":"status-publish","4":"has-post-thumbnail","6":"product_cat-pochutiny-dum-a-zahrada","8":"first","9":"instock","10":"sale","11":"shipping-taxable","12":"purchasable","13":"product-type-simple"},"yoast_head":"<!-- This site is optimized with the Yoast SEO plugin v26.8 - https:\/\/yoast.com\/product\/yoast-seo-wordpress\/ -->\n<title>Zlevn\u011bn\u00fd Milan \u0160vorc Staro\u010desk\u00e9 Novom\u011bstsk\u00e9 \u010daje - Malinov\u00e9 p\u0159ekvapen\u00ed 60ml -<\/title>\n<meta name=\"robots\" content=\"index, follow, max-snippet:-1, max-image-preview:large, max-video-preview:-1\" \/>\n<link rel=\"canonical\" href=\"https:\/\/www.domstavpro.com\/index.php\/produkt\/zlevneny-milan-svorc-staroceske-novomestske-caje-malinove-prekvapeni-60ml-67743\/\" \/>\n<meta property=\"og:locale\" content=\"cs_CZ\" \/>\n<meta property=\"og:type\" content=\"article\" \/>\n<meta property=\"og:title\" content=\"Zlevn\u011bn\u00fd Milan \u0160vorc Staro\u010desk\u00e9 Novom\u011bstsk\u00e9 \u010daje - Malinov\u00e9 p\u0159ekvapen\u00ed 60ml -\" \/>\n<meta property=\"og:description\" content=\"Staro\u010desk\u00e9 Novom\u011bstsk\u00e9 \u010daje jsou vyr\u00e1b\u011bny dle origin\u00e1ln\u00edch recept\u016fr. Ovoce je zap\u00e9k\u00e1no s cukrem, ko\u0159en\u00edm, bylinkami a d\u00edky tomu vznik\u00e1 nezam\u011bniteln\u00e1 chu\u0165 a v\u016fn\u011b t\u011bchto n\u00e1poj\u016f. Lze z nich p\u0159ipravit vo\u0148av\u00fd tepl\u00fd \u010daj p\u0159\u00edpadn\u011b i osv\u011b\u017euj\u00edc\u00ed letn\u00ed drink. P\u0159\u00edprava:&#8211; hork\u00e1 varianta n\u00e1poje: p\u0159i zalit\u00ed 200ml hork\u00e9 vody z\u00edsk\u00e1te vonn\u00fd aromatizovan\u00fd \u010daj pln\u00fd kousk\u016f ovoce.&#8211; studen\u00e1 varianta [&hellip;]\" \/>\n<meta property=\"og:url\" content=\"https:\/\/www.domstavpro.com\/index.php\/produkt\/zlevneny-milan-svorc-staroceske-novomestske-caje-malinove-prekvapeni-60ml-67743\/\" \/>\n<meta property=\"og:image\" content=\"https:\/\/www.domstavpro.com\/wp-content\/uploads\/2026\/SK0032507-CZ20260425-093449-0-1777080896-milan-svorc-staroceske-novomestske-caje-malinove-prekvapeni.webp\" \/>\n\t<meta property=\"og:image:width\" content=\"1000\" \/>\n\t<meta property=\"og:image:height\" content=\"525\" \/>\n\t<meta property=\"og:image:type\" content=\"image\/webp\" \/>\n<meta name=\"twitter:card\" content=\"summary_large_image\" \/>\n<meta name=\"twitter:label1\" content=\"Odhadovan\u00e1 doba \u010dten\u00ed\" \/>\n\t<meta name=\"twitter:data1\" content=\"1 minuta\" \/>\n<script type=\"application\/ld+json\" class=\"yoast-schema-graph\">{\"@context\":\"https:\/\/schema.org\",\"@graph\":[{\"@type\":\"WebPage\",\"@id\":\"https:\/\/www.domstavpro.com\/index.php\/produkt\/zlevneny-milan-svorc-staroceske-novomestske-caje-malinove-prekvapeni-60ml-67743\/\",\"url\":\"https:\/\/www.domstavpro.com\/index.php\/produkt\/zlevneny-milan-svorc-staroceske-novomestske-caje-malinove-prekvapeni-60ml-67743\/\",\"name\":\"Zlevn\u011bn\u00fd Milan \u0160vorc Staro\u010desk\u00e9 Novom\u011bstsk\u00e9 \u010daje - Malinov\u00e9 p\u0159ekvapen\u00ed 60ml -\",\"isPartOf\":{\"@id\":\"https:\/\/www.domstavpro.com\/#website\"},\"primaryImageOfPage\":{\"@id\":\"https:\/\/www.domstavpro.com\/index.php\/produkt\/zlevneny-milan-svorc-staroceske-novomestske-caje-malinove-prekvapeni-60ml-67743\/#primaryimage\"},\"image\":{\"@id\":\"https:\/\/www.domstavpro.com\/index.php\/produkt\/zlevneny-milan-svorc-staroceske-novomestske-caje-malinove-prekvapeni-60ml-67743\/#primaryimage\"},\"thumbnailUrl\":\"https:\/\/www.domstavpro.com\/wp-content\/uploads\/2026\/SK0032507-CZ20260425-093449-0-1777080896-milan-svorc-staroceske-novomestske-caje-malinove-prekvapeni.webp\",\"datePublished\":\"2026-04-27T15:10:37+00:00\",\"breadcrumb\":{\"@id\":\"https:\/\/www.domstavpro.com\/index.php\/produkt\/zlevneny-milan-svorc-staroceske-novomestske-caje-malinove-prekvapeni-60ml-67743\/#breadcrumb\"},\"inLanguage\":\"cs\",\"potentialAction\":[{\"@type\":\"ReadAction\",\"target\":[\"https:\/\/www.domstavpro.com\/index.php\/produkt\/zlevneny-milan-svorc-staroceske-novomestske-caje-malinove-prekvapeni-60ml-67743\/\"]}]},{\"@type\":\"ImageObject\",\"inLanguage\":\"cs\",\"@id\":\"https:\/\/www.domstavpro.com\/index.php\/produkt\/zlevneny-milan-svorc-staroceske-novomestske-caje-malinove-prekvapeni-60ml-67743\/#primaryimage\",\"url\":\"https:\/\/www.domstavpro.com\/wp-content\/uploads\/2026\/SK0032507-CZ20260425-093449-0-1777080896-milan-svorc-staroceske-novomestske-caje-malinove-prekvapeni.webp\",\"contentUrl\":\"https:\/\/www.domstavpro.com\/wp-content\/uploads\/2026\/SK0032507-CZ20260425-093449-0-1777080896-milan-svorc-staroceske-novomestske-caje-malinove-prekvapeni.webp\",\"width\":1000,\"height\":525},{\"@type\":\"BreadcrumbList\",\"@id\":\"https:\/\/www.domstavpro.com\/index.php\/produkt\/zlevneny-milan-svorc-staroceske-novomestske-caje-malinove-prekvapeni-60ml-67743\/#breadcrumb\",\"itemListElement\":[{\"@type\":\"ListItem\",\"position\":1,\"name\":\"Home\",\"item\":\"https:\/\/www.domstavpro.com\/\"},{\"@type\":\"ListItem\",\"position\":2,\"name\":\"Products\",\"item\":\"https:\/\/www.domstavpro.com\/index.php\/products\/\"},{\"@type\":\"ListItem\",\"position\":3,\"name\":\"Zlevn\u011bn\u00fd Milan \u0160vorc Staro\u010desk\u00e9 Novom\u011bstsk\u00e9 \u010daje &#8211; Malinov\u00e9 p\u0159ekvapen\u00ed 60ml\"}]},{\"@type\":\"WebSite\",\"@id\":\"https:\/\/www.domstavpro.com\/#website\",\"url\":\"https:\/\/www.domstavpro.com\/\",\"name\":\"\",\"description\":\"\",\"potentialAction\":[{\"@type\":\"SearchAction\",\"target\":{\"@type\":\"EntryPoint\",\"urlTemplate\":\"https:\/\/www.domstavpro.com\/?s={search_term_string}\"},\"query-input\":{\"@type\":\"PropertyValueSpecification\",\"valueRequired\":true,\"valueName\":\"search_term_string\"}}],\"inLanguage\":\"cs\"}]}<\/script>\n<!-- \/ Yoast SEO plugin. -->","yoast_head_json":{"title":"Zlevn\u011bn\u00fd Milan \u0160vorc Staro\u010desk\u00e9 Novom\u011bstsk\u00e9 \u010daje - Malinov\u00e9 p\u0159ekvapen\u00ed 60ml -","robots":{"index":"index","follow":"follow","max-snippet":"max-snippet:-1","max-image-preview":"max-image-preview:large","max-video-preview":"max-video-preview:-1"},"canonical":"https:\/\/www.domstavpro.com\/index.php\/produkt\/zlevneny-milan-svorc-staroceske-novomestske-caje-malinove-prekvapeni-60ml-67743\/","og_locale":"cs_CZ","og_type":"article","og_title":"Zlevn\u011bn\u00fd Milan \u0160vorc Staro\u010desk\u00e9 Novom\u011bstsk\u00e9 \u010daje - Malinov\u00e9 p\u0159ekvapen\u00ed 60ml -","og_description":"Staro\u010desk\u00e9 Novom\u011bstsk\u00e9 \u010daje jsou vyr\u00e1b\u011bny dle origin\u00e1ln\u00edch recept\u016fr. Ovoce je zap\u00e9k\u00e1no s cukrem, ko\u0159en\u00edm, bylinkami a d\u00edky tomu vznik\u00e1 nezam\u011bniteln\u00e1 chu\u0165 a v\u016fn\u011b t\u011bchto n\u00e1poj\u016f. Lze z nich p\u0159ipravit vo\u0148av\u00fd tepl\u00fd \u010daj p\u0159\u00edpadn\u011b i osv\u011b\u017euj\u00edc\u00ed letn\u00ed drink. P\u0159\u00edprava:&#8211; hork\u00e1 varianta n\u00e1poje: p\u0159i zalit\u00ed 200ml hork\u00e9 vody z\u00edsk\u00e1te vonn\u00fd aromatizovan\u00fd \u010daj pln\u00fd kousk\u016f ovoce.&#8211; studen\u00e1 varianta [&hellip;]","og_url":"https:\/\/www.domstavpro.com\/index.php\/produkt\/zlevneny-milan-svorc-staroceske-novomestske-caje-malinove-prekvapeni-60ml-67743\/","og_image":[{"width":1000,"height":525,"url":"https:\/\/www.domstavpro.com\/wp-content\/uploads\/2026\/SK0032507-CZ20260425-093449-0-1777080896-milan-svorc-staroceske-novomestske-caje-malinove-prekvapeni.webp","type":"image\/webp"}],"twitter_card":"summary_large_image","twitter_misc":{"Odhadovan\u00e1 doba \u010dten\u00ed":"1 minuta"},"schema":{"@context":"https:\/\/schema.org","@graph":[{"@type":"WebPage","@id":"https:\/\/www.domstavpro.com\/index.php\/produkt\/zlevneny-milan-svorc-staroceske-novomestske-caje-malinove-prekvapeni-60ml-67743\/","url":"https:\/\/www.domstavpro.com\/index.php\/produkt\/zlevneny-milan-svorc-staroceske-novomestske-caje-malinove-prekvapeni-60ml-67743\/","name":"Zlevn\u011bn\u00fd Milan \u0160vorc Staro\u010desk\u00e9 Novom\u011bstsk\u00e9 \u010daje - Malinov\u00e9 p\u0159ekvapen\u00ed 60ml -","isPartOf":{"@id":"https:\/\/www.domstavpro.com\/#website"},"primaryImageOfPage":{"@id":"https:\/\/www.domstavpro.com\/index.php\/produkt\/zlevneny-milan-svorc-staroceske-novomestske-caje-malinove-prekvapeni-60ml-67743\/#primaryimage"},"image":{"@id":"https:\/\/www.domstavpro.com\/index.php\/produkt\/zlevneny-milan-svorc-staroceske-novomestske-caje-malinove-prekvapeni-60ml-67743\/#primaryimage"},"thumbnailUrl":"https:\/\/www.domstavpro.com\/wp-content\/uploads\/2026\/SK0032507-CZ20260425-093449-0-1777080896-milan-svorc-staroceske-novomestske-caje-malinove-prekvapeni.webp","datePublished":"2026-04-27T15:10:37+00:00","breadcrumb":{"@id":"https:\/\/www.domstavpro.com\/index.php\/produkt\/zlevneny-milan-svorc-staroceske-novomestske-caje-malinove-prekvapeni-60ml-67743\/#breadcrumb"},"inLanguage":"cs","potentialAction":[{"@type":"ReadAction","target":["https:\/\/www.domstavpro.com\/index.php\/produkt\/zlevneny-milan-svorc-staroceske-novomestske-caje-malinove-prekvapeni-60ml-67743\/"]}]},{"@type":"ImageObject","inLanguage":"cs","@id":"https:\/\/www.domstavpro.com\/index.php\/produkt\/zlevneny-milan-svorc-staroceske-novomestske-caje-malinove-prekvapeni-60ml-67743\/#primaryimage","url":"https:\/\/www.domstavpro.com\/wp-content\/uploads\/2026\/SK0032507-CZ20260425-093449-0-1777080896-milan-svorc-staroceske-novomestske-caje-malinove-prekvapeni.webp","contentUrl":"https:\/\/www.domstavpro.com\/wp-content\/uploads\/2026\/SK0032507-CZ20260425-093449-0-1777080896-milan-svorc-staroceske-novomestske-caje-malinove-prekvapeni.webp","width":1000,"height":525},{"@type":"BreadcrumbList","@id":"https:\/\/www.domstavpro.com\/index.php\/produkt\/zlevneny-milan-svorc-staroceske-novomestske-caje-malinove-prekvapeni-60ml-67743\/#breadcrumb","itemListElement":[{"@type":"ListItem","position":1,"name":"Home","item":"https:\/\/www.domstavpro.com\/"},{"@type":"ListItem","position":2,"name":"Products","item":"https:\/\/www.domstavpro.com\/index.php\/products\/"},{"@type":"ListItem","position":3,"name":"Zlevn\u011bn\u00fd Milan \u0160vorc Staro\u010desk\u00e9 Novom\u011bstsk\u00e9 \u010daje &#8211; Malinov\u00e9 p\u0159ekvapen\u00ed 60ml"}]},{"@type":"WebSite","@id":"https:\/\/www.domstavpro.com\/#website","url":"https:\/\/www.domstavpro.com\/","name":"","description":"","potentialAction":[{"@type":"SearchAction","target":{"@type":"EntryPoint","urlTemplate":"https:\/\/www.domstavpro.com\/?s={search_term_string}"},"query-input":{"@type":"PropertyValueSpecification","valueRequired":true,"valueName":"search_term_string"}}],"inLanguage":"cs"}]}},"_links":{"self":[{"href":"https:\/\/www.domstavpro.com\/index.php\/wp-json\/wp\/v2\/product\/67743","targetHints":{"allow":["GET"]}}],"collection":[{"href":"https:\/\/www.domstavpro.com\/index.php\/wp-json\/wp\/v2\/product"}],"about":[{"href":"https:\/\/www.domstavpro.com\/index.php\/wp-json\/wp\/v2\/types\/product"}],"replies":[{"embeddable":true,"href":"https:\/\/www.domstavpro.com\/index.php\/wp-json\/wp\/v2\/comments?post=67743"}],"wp:featuredmedia":[{"embeddable":true,"href":"https:\/\/www.domstavpro.com\/index.php\/wp-json\/wp\/v2\/media\/67843"}],"wp:attachment":[{"href":"https:\/\/www.domstavpro.com\/index.php\/wp-json\/wp\/v2\/media?parent=67743"}],"wp:term":[{"taxonomy":"product_brand","embeddable":true,"href":"https:\/\/www.domstavpro.com\/index.php\/wp-json\/wp\/v2\/product_brand?post=67743"},{"taxonomy":"product_cat","embeddable":true,"href":"https:\/\/www.domstavpro.com\/index.php\/wp-json\/wp\/v2\/product_cat?post=67743"},{"taxonomy":"product_tag","embeddable":true,"href":"https:\/\/www.domstavpro.com\/index.php\/wp-json\/wp\/v2\/product_tag?post=67743"}],"curies":[{"name":"wp","href":"https:\/\/api.w.org\/{rel}","templated":true}]}}