{"id":6759,"date":"2026-04-27T15:08:09","date_gmt":"2026-04-27T15:08:09","guid":{"rendered":""},"modified":"2026-04-27T15:08:09","modified_gmt":"2026-04-27T15:08:09","slug":"zlevneny-powerplus-powx1710-aku-kompresor-8v-li-ion-6759","status":"publish","type":"product","link":"https:\/\/www.domstavpro.com\/produkt\/zlevneny-powerplus-powx1710-aku-kompresor-8v-li-ion-6759\/","title":{"rendered":"Zlevn\u011bn\u00fd POWERPLUS POWX1710 Aku kompresor 8V LI-ION"},"content":{"rendered":"<table>\n<div class=\"tab-pane active product-description\" id=\"popis\" role=\"tabpanel\">\n<div class=\"short-description\" itemprop=\"description\"><\/div>\n<div class=\"description\"><span class='bullet-line'>Tento 8V akumul\u00e1torov\u00fd kompresor POWX1710 od PowerPlus produkuje 16 litr\u016f vzduchu za minutu p\u0159i maxim\u00e1ln\u00edm tlaku 10,3 bar nebo 149 PSI. Se sv\u00fdmi 3 tryskami a adapt\u00e9rem pro automobilov\u00e9 pneumatiky je tato pumpa perfektn\u00ed pro rychl\u00e9 dofukov\u00e1n\u00ed nap\u0159\u00edklad m\u00ed\u010de, pneumatik na kole nebo auta \u010di nafukovac\u00ed matrace. Po pou\u017eit\u00ed jej jednodu\u0161e ulo\u017e\u00edte do praktick\u00e9ho pouzdra. <br \/><\/span><span class='bullet-line'>Kompresor se nejen snadno pou\u017e\u00edv\u00e1, ale je tak\u00e9 kompaktn\u00ed, lehk\u00fd a bezdr\u00e1tov\u00fd. M\u016f\u017eete si jej tedy snadno vz\u00edt kamkoli, nap\u0159\u00edklad v bra\u0161n\u011b na kolo. Hadice m\u011b\u0159\u00ed na d\u00e9lku 32,5 cm a m\u00e1 vnit\u0159n\u00ed pr\u016fm\u011br 7 mm, co\u017e poskytuje dokonalou rovnov\u00e1hu mezi flexibilitou a minim\u00e1ln\u00ed ztr\u00e1tou tlaku. <br \/><\/span><span class='bullet-line'>D\u00edky LED sv\u011btlu se m\u016f\u017eete pustit do pr\u00e1ce i ve \u0161patn\u011b osv\u011btlen\u00fdch prostor\u00e1ch. Za\u0159\u00edzen\u00ed ukazuje zb\u00fdvaj\u00edc\u00ed energii baterie, tak\u017ee v\u00edte, kdy pumpu dob\u00edt pomoc\u00ed p\u0159ilo\u017een\u00e9ho nab\u00edjec\u00edho kabelu. Pln\u011b nabit\u00e1 baterie o kapacit\u011b 2.000 mAh poskytuje 20 a\u017e 25 minut pracovn\u00ed doby.<br \/><\/span><br \/>\u27a4 VLASTNOSTI<span class='bullet-line'>Lehk\u00fd a kompaktn\u00ed<br \/><\/span><span class='bullet-line'>Auto Stop :funkce vypnut\u00ed p\u0159i dosa\u017een\u00ed nastaven\u00e9ho tlaku u\u017eivatelem<br \/><\/span><span class='bullet-line'>\u010cty\u0159i p\u0159ednastaven\u00e9 hodnoty tlaku: automobil, motocykl, j\u00edzdn\u00ed kolo a m\u00ed\u010d<br \/><\/span><span class='bullet-line'>LCD display<br \/><\/span><span class='bullet-line'>LED osv\u011btlen\u00ed pro lep\u0161\u00ed pr\u00e1ci<br \/><\/span><span class='bullet-line'>P\u0159\u00edslu\u0161enstv\u00ed v balen\u00ed<br \/><\/span><span class='bullet-line'>Tento kompresor nen\u00ed ur\u010den pro nafukov\u00e1n\u00ed objemn\u00fdch p\u0159edm\u011bt\u016f, nap\u0159. \u010dlun\u016f, matrac\u00ed apd.<br \/><\/span><br \/>\u27a4 BALEN\u00cd OBSAHUJE<span class='bullet-line'>1x AKU kompresor<br \/><\/span><span class='bullet-line'>1x vzduchov\u00e1 hadice<br \/><\/span><span class='bullet-line'>1x nab\u00edjec\u00ed kabel USB-C<br \/><\/span><span class='bullet-line'>4x adapt\u00e9r<br \/><\/span><span class='bullet-line'>1x vak na p\u0159en\u00e1\u0161en\u00ed (uskladn\u011bn\u00ed)<\/span><\/div>\n<div class=\"parameters\">\n<tr>\n<td>Nap\u011bt\u00ed<\/td>\n<td>8 V<\/td>\n<\/tr>\n<tr>\n<td>Kapacita akumul\u00e1toru<\/td>\n<td>2.000 mAh Li-Ion<\/td>\n<\/tr>\n<tr>\n<td>Max. tlak<\/td>\n<td>10 bar<\/td>\n<\/tr>\n<tr>\n<td>Pr\u016ftok vzduchu (kapacita)<\/td>\n<td>16 l\/min<\/td>\n<\/tr>\n<tr>\n<td>D\u00e9lka hadice<\/td>\n<td>24 cm<\/td>\n<\/tr>\n<tr>\n<td>Hmotnost<\/td>\n<td>0,39 kg<\/td>\n<\/tr><\/div>\n<\/table>\n","protected":false},"excerpt":{"rendered":"<p>Tento 8V akumul\u00e1torov\u00fd kompresor POWX1710 od PowerPlus produkuje 16 litr\u016f vzduchu za minutu p\u0159i maxim\u00e1ln\u00edm tlaku 10,3 bar nebo 149 PSI. Se sv\u00fdmi 3 tryskami a adapt\u00e9rem pro automobilov\u00e9 pneumatiky je tato pumpa perfektn\u00ed pro rychl\u00e9 dofukov\u00e1n\u00ed nap\u0159\u00edklad m\u00ed\u010de, pneumatik na kole nebo auta \u010di nafukovac\u00ed matrace. Po pou\u017eit\u00ed jej jednodu\u0161e ulo\u017e\u00edte do praktick\u00e9ho pouzdra. [&hellip;]<\/p>\n","protected":false},"featured_media":6859,"template":"","meta":[],"product_brand":[],"product_cat":[38],"product_tag":[],"class_list":{"0":"post-6759","1":"product","2":"type-product","3":"status-publish","4":"has-post-thumbnail","6":"product_cat-naradi","8":"first","9":"instock","10":"sale","11":"shipping-taxable","12":"purchasable","13":"product-type-simple"},"yoast_head":"<!-- This site is optimized with the Yoast SEO plugin v26.8 - https:\/\/yoast.com\/product\/yoast-seo-wordpress\/ -->\n<title>Zlevn\u011bn\u00fd POWERPLUS POWX1710 Aku kompresor 8V LI-ION - Hlavn\u00ed kl\u00ed\u010dov\u00e1 slova<\/title>\n<meta name=\"robots\" content=\"index, follow, max-snippet:-1, max-image-preview:large, max-video-preview:-1\" \/>\n<link rel=\"canonical\" href=\"https:\/\/www.domstavpro.com\/index.php\/produkt\/zlevneny-powerplus-powx1710-aku-kompresor-8v-li-ion-6759\/\" \/>\n<meta property=\"og:locale\" content=\"cs_CZ\" \/>\n<meta property=\"og:type\" content=\"article\" \/>\n<meta property=\"og:title\" content=\"Zlevn\u011bn\u00fd POWERPLUS POWX1710 Aku kompresor 8V LI-ION - Hlavn\u00ed kl\u00ed\u010dov\u00e1 slova\" \/>\n<meta property=\"og:description\" content=\"Tento 8V akumul\u00e1torov\u00fd kompresor POWX1710 od PowerPlus produkuje 16 litr\u016f vzduchu za minutu p\u0159i maxim\u00e1ln\u00edm tlaku 10,3 bar nebo 149 PSI. Se sv\u00fdmi 3 tryskami a adapt\u00e9rem pro automobilov\u00e9 pneumatiky je tato pumpa perfektn\u00ed pro rychl\u00e9 dofukov\u00e1n\u00ed nap\u0159\u00edklad m\u00ed\u010de, pneumatik na kole nebo auta \u010di nafukovac\u00ed matrace. Po pou\u017eit\u00ed jej jednodu\u0161e ulo\u017e\u00edte do praktick\u00e9ho pouzdra. [&hellip;]\" \/>\n<meta property=\"og:url\" content=\"https:\/\/www.domstavpro.com\/index.php\/produkt\/zlevneny-powerplus-powx1710-aku-kompresor-8v-li-ion-6759\/\" \/>\n<meta property=\"og:site_name\" content=\"Hlavn\u00ed kl\u00ed\u010dov\u00e1 slova\" \/>\n<meta property=\"og:image\" content=\"https:\/\/www.domstavpro.com\/wp-content\/uploads\/2026\/SK0029128-CZ20260425-092328-0-1777080210-4598_9965.webp\" \/>\n\t<meta property=\"og:image:width\" content=\"800\" \/>\n\t<meta property=\"og:image:height\" content=\"800\" \/>\n\t<meta property=\"og:image:type\" content=\"image\/webp\" \/>\n<meta name=\"twitter:card\" content=\"summary_large_image\" \/>\n<meta name=\"twitter:label1\" content=\"Odhadovan\u00e1 doba \u010dten\u00ed\" \/>\n\t<meta name=\"twitter:data1\" content=\"1 minuta\" \/>\n<script type=\"application\/ld+json\" class=\"yoast-schema-graph\">{\"@context\":\"https:\/\/schema.org\",\"@graph\":[{\"@type\":\"WebPage\",\"@id\":\"https:\/\/www.domstavpro.com\/index.php\/produkt\/zlevneny-powerplus-powx1710-aku-kompresor-8v-li-ion-6759\/\",\"url\":\"https:\/\/www.domstavpro.com\/index.php\/produkt\/zlevneny-powerplus-powx1710-aku-kompresor-8v-li-ion-6759\/\",\"name\":\"Zlevn\u011bn\u00fd POWERPLUS POWX1710 Aku kompresor 8V LI-ION - Hlavn\u00ed kl\u00ed\u010dov\u00e1 slova\",\"isPartOf\":{\"@id\":\"https:\/\/www.domstavpro.com\/#website\"},\"primaryImageOfPage\":{\"@id\":\"https:\/\/www.domstavpro.com\/index.php\/produkt\/zlevneny-powerplus-powx1710-aku-kompresor-8v-li-ion-6759\/#primaryimage\"},\"image\":{\"@id\":\"https:\/\/www.domstavpro.com\/index.php\/produkt\/zlevneny-powerplus-powx1710-aku-kompresor-8v-li-ion-6759\/#primaryimage\"},\"thumbnailUrl\":\"https:\/\/www.domstavpro.com\/wp-content\/uploads\/2026\/SK0029128-CZ20260425-092328-0-1777080210-4598_9965.webp\",\"datePublished\":\"2026-04-27T15:08:09+00:00\",\"breadcrumb\":{\"@id\":\"https:\/\/www.domstavpro.com\/index.php\/produkt\/zlevneny-powerplus-powx1710-aku-kompresor-8v-li-ion-6759\/#breadcrumb\"},\"inLanguage\":\"cs\",\"potentialAction\":[{\"@type\":\"ReadAction\",\"target\":[\"https:\/\/www.domstavpro.com\/index.php\/produkt\/zlevneny-powerplus-powx1710-aku-kompresor-8v-li-ion-6759\/\"]}]},{\"@type\":\"ImageObject\",\"inLanguage\":\"cs\",\"@id\":\"https:\/\/www.domstavpro.com\/index.php\/produkt\/zlevneny-powerplus-powx1710-aku-kompresor-8v-li-ion-6759\/#primaryimage\",\"url\":\"https:\/\/www.domstavpro.com\/wp-content\/uploads\/2026\/SK0029128-CZ20260425-092328-0-1777080210-4598_9965.webp\",\"contentUrl\":\"https:\/\/www.domstavpro.com\/wp-content\/uploads\/2026\/SK0029128-CZ20260425-092328-0-1777080210-4598_9965.webp\",\"width\":800,\"height\":800},{\"@type\":\"BreadcrumbList\",\"@id\":\"https:\/\/www.domstavpro.com\/index.php\/produkt\/zlevneny-powerplus-powx1710-aku-kompresor-8v-li-ion-6759\/#breadcrumb\",\"itemListElement\":[{\"@type\":\"ListItem\",\"position\":1,\"name\":\"Home\",\"item\":\"https:\/\/www.domstavpro.com\/\"},{\"@type\":\"ListItem\",\"position\":2,\"name\":\"Products\",\"item\":\"https:\/\/www.domstavpro.com\/products\/\"},{\"@type\":\"ListItem\",\"position\":3,\"name\":\"Zlevn\u011bn\u00fd POWERPLUS POWX1710 Aku kompresor 8V LI-ION\"}]},{\"@type\":\"WebSite\",\"@id\":\"https:\/\/www.domstavpro.com\/#website\",\"url\":\"https:\/\/www.domstavpro.com\/\",\"name\":\"Hlavn\u00ed kl\u00ed\u010dov\u00e1 slova\",\"description\":\"Hlavn\u00ed kl\u00ed\u010dov\u00e1 slova\",\"publisher\":{\"@id\":\"https:\/\/www.domstavpro.com\/#organization\"},\"potentialAction\":[{\"@type\":\"SearchAction\",\"target\":{\"@type\":\"EntryPoint\",\"urlTemplate\":\"https:\/\/www.domstavpro.com\/?s={search_term_string}\"},\"query-input\":{\"@type\":\"PropertyValueSpecification\",\"valueRequired\":true,\"valueName\":\"search_term_string\"}}],\"inLanguage\":\"cs\"},{\"@type\":\"Organization\",\"@id\":\"https:\/\/www.domstavpro.com\/#organization\",\"name\":\"Hlavn\u00ed kl\u00ed\u010dov\u00e1 slova\",\"url\":\"https:\/\/www.domstavpro.com\/\",\"logo\":{\"@type\":\"ImageObject\",\"inLanguage\":\"cs\",\"@id\":\"https:\/\/www.domstavpro.com\/#\/schema\/logo\/image\/\",\"url\":\"https:\/\/www.domstavpro.com\/wp-content\/uploads\/2026\/04\/domstavpro_vector_logo.svg\",\"contentUrl\":\"https:\/\/www.domstavpro.com\/wp-content\/uploads\/2026\/04\/domstavpro_vector_logo.svg\",\"width\":820,\"height\":180,\"caption\":\"Hlavn\u00ed kl\u00ed\u010dov\u00e1 slova\"},\"image\":{\"@id\":\"https:\/\/www.domstavpro.com\/#\/schema\/logo\/image\/\"}}]}<\/script>\n<!-- \/ Yoast SEO plugin. -->","yoast_head_json":{"title":"Zlevn\u011bn\u00fd POWERPLUS POWX1710 Aku kompresor 8V LI-ION - Hlavn\u00ed kl\u00ed\u010dov\u00e1 slova","robots":{"index":"index","follow":"follow","max-snippet":"max-snippet:-1","max-image-preview":"max-image-preview:large","max-video-preview":"max-video-preview:-1"},"canonical":"https:\/\/www.domstavpro.com\/index.php\/produkt\/zlevneny-powerplus-powx1710-aku-kompresor-8v-li-ion-6759\/","og_locale":"cs_CZ","og_type":"article","og_title":"Zlevn\u011bn\u00fd POWERPLUS POWX1710 Aku kompresor 8V LI-ION - Hlavn\u00ed kl\u00ed\u010dov\u00e1 slova","og_description":"Tento 8V akumul\u00e1torov\u00fd kompresor POWX1710 od PowerPlus produkuje 16 litr\u016f vzduchu za minutu p\u0159i maxim\u00e1ln\u00edm tlaku 10,3 bar nebo 149 PSI. Se sv\u00fdmi 3 tryskami a adapt\u00e9rem pro automobilov\u00e9 pneumatiky je tato pumpa perfektn\u00ed pro rychl\u00e9 dofukov\u00e1n\u00ed nap\u0159\u00edklad m\u00ed\u010de, pneumatik na kole nebo auta \u010di nafukovac\u00ed matrace. Po pou\u017eit\u00ed jej jednodu\u0161e ulo\u017e\u00edte do praktick\u00e9ho pouzdra. [&hellip;]","og_url":"https:\/\/www.domstavpro.com\/index.php\/produkt\/zlevneny-powerplus-powx1710-aku-kompresor-8v-li-ion-6759\/","og_site_name":"Hlavn\u00ed kl\u00ed\u010dov\u00e1 slova","og_image":[{"width":800,"height":800,"url":"https:\/\/www.domstavpro.com\/wp-content\/uploads\/2026\/SK0029128-CZ20260425-092328-0-1777080210-4598_9965.webp","type":"image\/webp"}],"twitter_card":"summary_large_image","twitter_misc":{"Odhadovan\u00e1 doba \u010dten\u00ed":"1 minuta"},"schema":{"@context":"https:\/\/schema.org","@graph":[{"@type":"WebPage","@id":"https:\/\/www.domstavpro.com\/index.php\/produkt\/zlevneny-powerplus-powx1710-aku-kompresor-8v-li-ion-6759\/","url":"https:\/\/www.domstavpro.com\/index.php\/produkt\/zlevneny-powerplus-powx1710-aku-kompresor-8v-li-ion-6759\/","name":"Zlevn\u011bn\u00fd POWERPLUS POWX1710 Aku kompresor 8V LI-ION - Hlavn\u00ed kl\u00ed\u010dov\u00e1 slova","isPartOf":{"@id":"https:\/\/www.domstavpro.com\/#website"},"primaryImageOfPage":{"@id":"https:\/\/www.domstavpro.com\/index.php\/produkt\/zlevneny-powerplus-powx1710-aku-kompresor-8v-li-ion-6759\/#primaryimage"},"image":{"@id":"https:\/\/www.domstavpro.com\/index.php\/produkt\/zlevneny-powerplus-powx1710-aku-kompresor-8v-li-ion-6759\/#primaryimage"},"thumbnailUrl":"https:\/\/www.domstavpro.com\/wp-content\/uploads\/2026\/SK0029128-CZ20260425-092328-0-1777080210-4598_9965.webp","datePublished":"2026-04-27T15:08:09+00:00","breadcrumb":{"@id":"https:\/\/www.domstavpro.com\/index.php\/produkt\/zlevneny-powerplus-powx1710-aku-kompresor-8v-li-ion-6759\/#breadcrumb"},"inLanguage":"cs","potentialAction":[{"@type":"ReadAction","target":["https:\/\/www.domstavpro.com\/index.php\/produkt\/zlevneny-powerplus-powx1710-aku-kompresor-8v-li-ion-6759\/"]}]},{"@type":"ImageObject","inLanguage":"cs","@id":"https:\/\/www.domstavpro.com\/index.php\/produkt\/zlevneny-powerplus-powx1710-aku-kompresor-8v-li-ion-6759\/#primaryimage","url":"https:\/\/www.domstavpro.com\/wp-content\/uploads\/2026\/SK0029128-CZ20260425-092328-0-1777080210-4598_9965.webp","contentUrl":"https:\/\/www.domstavpro.com\/wp-content\/uploads\/2026\/SK0029128-CZ20260425-092328-0-1777080210-4598_9965.webp","width":800,"height":800},{"@type":"BreadcrumbList","@id":"https:\/\/www.domstavpro.com\/index.php\/produkt\/zlevneny-powerplus-powx1710-aku-kompresor-8v-li-ion-6759\/#breadcrumb","itemListElement":[{"@type":"ListItem","position":1,"name":"Home","item":"https:\/\/www.domstavpro.com\/"},{"@type":"ListItem","position":2,"name":"Products","item":"https:\/\/www.domstavpro.com\/products\/"},{"@type":"ListItem","position":3,"name":"Zlevn\u011bn\u00fd POWERPLUS POWX1710 Aku kompresor 8V LI-ION"}]},{"@type":"WebSite","@id":"https:\/\/www.domstavpro.com\/#website","url":"https:\/\/www.domstavpro.com\/","name":"Hlavn\u00ed kl\u00ed\u010dov\u00e1 slova","description":"Hlavn\u00ed kl\u00ed\u010dov\u00e1 slova","publisher":{"@id":"https:\/\/www.domstavpro.com\/#organization"},"potentialAction":[{"@type":"SearchAction","target":{"@type":"EntryPoint","urlTemplate":"https:\/\/www.domstavpro.com\/?s={search_term_string}"},"query-input":{"@type":"PropertyValueSpecification","valueRequired":true,"valueName":"search_term_string"}}],"inLanguage":"cs"},{"@type":"Organization","@id":"https:\/\/www.domstavpro.com\/#organization","name":"Hlavn\u00ed kl\u00ed\u010dov\u00e1 slova","url":"https:\/\/www.domstavpro.com\/","logo":{"@type":"ImageObject","inLanguage":"cs","@id":"https:\/\/www.domstavpro.com\/#\/schema\/logo\/image\/","url":"https:\/\/www.domstavpro.com\/wp-content\/uploads\/2026\/04\/domstavpro_vector_logo.svg","contentUrl":"https:\/\/www.domstavpro.com\/wp-content\/uploads\/2026\/04\/domstavpro_vector_logo.svg","width":820,"height":180,"caption":"Hlavn\u00ed kl\u00ed\u010dov\u00e1 slova"},"image":{"@id":"https:\/\/www.domstavpro.com\/#\/schema\/logo\/image\/"}}]}},"_links":{"self":[{"href":"https:\/\/www.domstavpro.com\/wp-json\/wp\/v2\/product\/6759","targetHints":{"allow":["GET"]}}],"collection":[{"href":"https:\/\/www.domstavpro.com\/wp-json\/wp\/v2\/product"}],"about":[{"href":"https:\/\/www.domstavpro.com\/wp-json\/wp\/v2\/types\/product"}],"wp:featuredmedia":[{"embeddable":true,"href":"https:\/\/www.domstavpro.com\/wp-json\/wp\/v2\/media\/6859"}],"wp:attachment":[{"href":"https:\/\/www.domstavpro.com\/wp-json\/wp\/v2\/media?parent=6759"}],"wp:term":[{"taxonomy":"product_brand","embeddable":true,"href":"https:\/\/www.domstavpro.com\/wp-json\/wp\/v2\/product_brand?post=6759"},{"taxonomy":"product_cat","embeddable":true,"href":"https:\/\/www.domstavpro.com\/wp-json\/wp\/v2\/product_cat?post=6759"},{"taxonomy":"product_tag","embeddable":true,"href":"https:\/\/www.domstavpro.com\/wp-json\/wp\/v2\/product_tag?post=6759"}],"curies":[{"name":"wp","href":"https:\/\/api.w.org\/{rel}","templated":true}]}}