{"id":6756,"date":"2026-04-27T15:08:09","date_gmt":"2026-04-27T15:08:09","guid":{"rendered":""},"modified":"2026-04-27T15:08:09","modified_gmt":"2026-04-27T15:08:09","slug":"powerplus-powx2090-odsavac-pilin-550w-cenove-vyhodny-6756","status":"publish","type":"product","link":"https:\/\/www.domstavpro.com\/index.php\/produkt\/powerplus-powx2090-odsavac-pilin-550w-cenove-vyhodny-6756\/","title":{"rendered":"POWERPLUS POWX2090 Odsava\u010d pilin 550W Cenov\u011b V\u00fdhodn\u00fd"},"content":{"rendered":"<table>\n<div class=\"tab-pane active product-description\" id=\"popis\" role=\"tabpanel\">\n<div class=\"short-description\" itemprop=\"description\"><\/div>\n<div class=\"description\"><span class='bullet-line'>Udr\u017eujte sv\u00e9 pracovi\u0161t\u011b \u010dist\u00e9 a bezpe\u010dn\u00e9 s t\u00edmto odsava\u010dem POWX2090 od Powerplus. P\u0159i pr\u00e1ci se d\u0159evem je nevyhnuteln\u00fd prach a t\u0159\u00edsky, co\u017e je \u0161patn\u00e9 pro va\u0161e zdrav\u00ed i \u017eivotnost va\u0161eho stroje. No, tento n\u00e1stroj nab\u00edz\u00ed \u0159e\u0161en\u00ed. S kapacitou pr\u016ftoku vzduchu a\u017e 900 m\u00b3 nejen \u017ee vys\u00e1v\u00e1 prach, ale ani d\u0159ev\u011bn\u00e9 hobliny nemaj\u00ed \u0161anci. <br \/><\/span><span class='bullet-line'>Stroj je dod\u00e1v\u00e1n se 2 velk\u00fdmi s\u00e1\u010dky. Textiln\u00ed filtra\u010dn\u00ed s\u00e1\u010dek, kter\u00fd se namontuje naho\u0159e a filtruje vzduch, zat\u00edmco plastov\u00fd s\u00e1\u010dek na hobliny shroma\u017e\u010fuje prach a t\u0159\u00edsky. Tento s\u00e1\u010dek na hobliny m\u00e1 objem 65 litr\u016f, tak\u017ee chv\u00edli trv\u00e1, ne\u017e se napln\u00ed a proto se d\u00e1 pou\u017e\u00edvat dlouho. <br \/><\/span><span class='bullet-line'>Krom\u011b 5 hadicov\u00fdch adapt\u00e9r\u016f s r\u016fzn\u00fdmi pr\u016fm\u011bry (105 mm, 70 mm, 45 mm, 40 mm a 35 mm) obsahuje odsava\u010d tak\u00e9 flexibiln\u00ed hadici o d\u00e9lce 2 m a pr\u016fm\u011bru 100 mm. M\u016f\u017eete jej tedy snadno p\u0159ipevnit na jak\u00fdkoli ze sv\u00fdch d\u0159evoobr\u00e1b\u011bc\u00edch stroj\u016f: pokosovou pilu, p\u00e1sovou pilu, protahova\u010dku \/ hoblovku a jin\u00e9. <br \/><\/span><span class='bullet-line'>D\u00edky robustn\u00edm kol\u016fm a rukojeti je POWX2090 tak\u00e9 snadno p\u0159em\u00edstiteln\u00fd, d\u00edky \u010demu\u017e je ide\u00e1ln\u00ed pro men\u0161\u00ed pracovi\u0161t\u011b.<br \/><\/span><br \/>\u27a4 VLASTNOSTI<span class='bullet-line'>Kvalitn\u00ed odsava\u010d do d\u00edlny<br \/><\/span><span class='bullet-line'>Snadno p\u0159em\u00edstiteln\u00fd<br \/><\/span><span class='bullet-line'>Sklopn\u00e1 rukoje\u0165 pro jednodu\u0161\u0161\u00ed p\u0159ev\u00e1\u017een\u00ed<br \/><\/span><span class='bullet-line'>Transportn\u00ed kole\u010dka pro snadn\u00e9 p\u0159ej\u00ed\u017ed\u011bn\u00ed po d\u00edln\u011b<br \/><\/span><span class='bullet-line'>Siln\u00fd sac\u00ed v\u00fdkon<br \/><\/span><span class='bullet-line'>Kvalitn\u00ed hadice na ods\u00e1v\u00e1n\u00ed<br \/><\/span><span class='bullet-line'>Adapt\u00e9r pro p\u0159ipojen\u00ed r\u016fzn\u011b siln\u00fdch hadic<br \/><\/span><span class='bullet-line'>Velk\u00fd sb\u011brn\u00fd vak pro del\u0161\u00ed pr\u00e1ci<br \/><\/span><br \/>\u27a4 BALEN\u00cd OBSAHUJE<span class='bullet-line'>1x odsava\u010d<br \/><\/span><span class='bullet-line'>1x sac\u00ed hadice<br \/><\/span><span class='bullet-line'>1x ods\u00e1vac\u00ed adapt\u00e9r (105 mm, 70 mm, 45 mm, 40 mm a 35 mm)<br \/><\/span><span class='bullet-line'>1x textiln\u00ed filtra\u010dn\u00ed vak<br \/><\/span><span class='bullet-line'>1x sb\u011brn\u00fd plastov\u00fd vak<br \/><\/span><br \/>\u27a4 VHODN\u00c9 P\u0158\u00cdSLU\u0160ENSTV\u00cd<span class='bullet-line'>POWX2040 Protahova\u010dka \/ hoblovka 1 500W<br \/><\/span><span class='bullet-line'>POWDP2550 Aku pokosov\u00e1 pila 20V 210mm (bez AKU)<br \/><\/span><span class='bullet-line'>POWDP2560 Aku pokosov\u00e1 pila s potahem 20V 210mm (bez AKU)<br \/><\/span><span class='bullet-line'>POWX075700 Pokosov\u00e1 pila 1 500W \/ 210mm<br \/><\/span><span class='bullet-line'>POWX075710S Pokosov\u00e1 pila s potahem 1 600W \/ 210mm<br \/><\/span><span class='bullet-line'>POWX075720DB Pokosov\u00e1 pila s potahem a oboustrann\u00fdm n\u00e1klonem 1 600W \/ 210mm<br \/><\/span><span class='bullet-line'>POWX075730S Pokosov\u00e1 pila s potahem 2.100W \/ 254mm<br \/><\/span><span class='bullet-line'>POWX075740DB Pokosov\u00e1 pila s potahem a oboustrann\u00fdm n\u00e1klonem 2 200W \/ 254mm<br \/><\/span><span class='bullet-line'>POWX075750DB Pokosov\u00e1 pila s potahem a oboustrann\u00fdm n\u00e1klonem 2 200W \/ 305mm<br \/><\/span><span class='bullet-line'>POWX07583 Stolov\u00e1 pokosov\u00e1 pila 2v1 2.000W &#8211; 254mm<br \/><\/span><span class='bullet-line'>POWDP2580 Aku stolov\u00e1 pila 40V 210mm (bez AKU)<br \/><\/span><span class='bullet-line'>POWX07590 Stolov\u00e1 pila 1.700W \/ 210mm<br \/><\/span><span class='bullet-line'>POWX07595 Stolov\u00e1 pila 2000 W 250 mm<br \/><\/span><span class='bullet-line'>POWX2090A N\u00e1hradn\u00ed vak na piliny pro POWX2090 plastov\u00fd 5ks<br \/><\/span><span class='bullet-line'>POWX2090B N\u00e1hradn\u00ed prachov\u00fd vak pro POWX2090 textiln\u00ed<\/span><\/div>\n<div class=\"parameters\">\n<tr>\n<td>Nap\u011bt\u00ed<\/td>\n<td>220 &#8211; 240V \/ 50Hz<\/td>\n<\/tr>\n<tr>\n<td>P\u0159\u00edkon<\/td>\n<td>550 W<\/td>\n<\/tr>\n<tr>\n<td>Pr\u016ftok vzduchu (kapacita)<\/td>\n<td>800 m\u00b3\/h<\/td>\n<\/tr>\n<tr>\n<td>Maxim\u00e1ln\u00ed pr\u016ftok vzduchu<\/td>\n<td>900 m\u00b3\/h<\/td>\n<\/tr>\n<tr>\n<td>Jmenovit\u00fd podtlak<\/td>\n<td>874 Pa<\/td>\n<\/tr>\n<tr>\n<td>Maxim\u00e1ln\u00ed podtlak<\/td>\n<td>2.232 Pa<\/td>\n<\/tr>\n<tr>\n<td>Objem vaku k zachycov\u00e1n\u00ed prachu<\/td>\n<td>65 l<\/td>\n<\/tr>\n<tr>\n<td>D\u00e9lka hadice ods\u00e1v\u00e1n\u00ed<\/td>\n<td>2 m<\/td>\n<\/tr>\n<tr>\n<td>Vnit\u0159n\u00ed pr\u016fm\u011br hadice ods\u00e1v\u00e1n\u00ed<\/td>\n<td>100 mm<\/td>\n<\/tr>\n<tr>\n<td>D\u00e9lka el. kabelu<\/td>\n<td>2 m<\/td>\n<\/tr>\n<tr>\n<td>Hmotnost<\/td>\n<td>22 kg<\/td>\n<\/tr><\/div>\n<\/table>\n","protected":false},"excerpt":{"rendered":"<p>Udr\u017eujte sv\u00e9 pracovi\u0161t\u011b \u010dist\u00e9 a bezpe\u010dn\u00e9 s t\u00edmto odsava\u010dem POWX2090 od Powerplus. P\u0159i pr\u00e1ci se d\u0159evem je nevyhnuteln\u00fd prach a t\u0159\u00edsky, co\u017e je \u0161patn\u00e9 pro va\u0161e zdrav\u00ed i \u017eivotnost va\u0161eho stroje. No, tento n\u00e1stroj nab\u00edz\u00ed \u0159e\u0161en\u00ed. S kapacitou pr\u016ftoku vzduchu a\u017e 900 m\u00b3 nejen \u017ee vys\u00e1v\u00e1 prach, ale ani d\u0159ev\u011bn\u00e9 hobliny nemaj\u00ed \u0161anci. Stroj je [&hellip;]<\/p>\n","protected":false},"featured_media":6856,"comment_status":"open","ping_status":"open","template":"","meta":[],"product_brand":[],"product_cat":[41],"product_tag":[],"class_list":{"0":"post-6756","1":"product","2":"type-product","3":"status-publish","4":"has-post-thumbnail","6":"product_cat-stroje","8":"first","9":"instock","10":"sale","11":"shipping-taxable","12":"purchasable","13":"product-type-simple"},"yoast_head":"<!-- This site is optimized with the Yoast SEO plugin v26.8 - https:\/\/yoast.com\/product\/yoast-seo-wordpress\/ -->\n<title>POWERPLUS POWX2090 Odsava\u010d pilin 550W Cenov\u011b V\u00fdhodn\u00fd -<\/title>\n<meta name=\"robots\" content=\"index, follow, max-snippet:-1, max-image-preview:large, max-video-preview:-1\" \/>\n<link rel=\"canonical\" href=\"https:\/\/www.domstavpro.com\/index.php\/produkt\/powerplus-powx2090-odsavac-pilin-550w-cenove-vyhodny-6756\/\" \/>\n<meta property=\"og:locale\" content=\"cs_CZ\" \/>\n<meta property=\"og:type\" content=\"article\" \/>\n<meta property=\"og:title\" content=\"POWERPLUS POWX2090 Odsava\u010d pilin 550W Cenov\u011b V\u00fdhodn\u00fd -\" \/>\n<meta property=\"og:description\" content=\"Udr\u017eujte sv\u00e9 pracovi\u0161t\u011b \u010dist\u00e9 a bezpe\u010dn\u00e9 s t\u00edmto odsava\u010dem POWX2090 od Powerplus. P\u0159i pr\u00e1ci se d\u0159evem je nevyhnuteln\u00fd prach a t\u0159\u00edsky, co\u017e je \u0161patn\u00e9 pro va\u0161e zdrav\u00ed i \u017eivotnost va\u0161eho stroje. No, tento n\u00e1stroj nab\u00edz\u00ed \u0159e\u0161en\u00ed. S kapacitou pr\u016ftoku vzduchu a\u017e 900 m\u00b3 nejen \u017ee vys\u00e1v\u00e1 prach, ale ani d\u0159ev\u011bn\u00e9 hobliny nemaj\u00ed \u0161anci. Stroj je [&hellip;]\" \/>\n<meta property=\"og:url\" content=\"https:\/\/www.domstavpro.com\/index.php\/produkt\/powerplus-powx2090-odsavac-pilin-550w-cenove-vyhodny-6756\/\" \/>\n<meta property=\"og:image\" content=\"https:\/\/www.domstavpro.com\/wp-content\/uploads\/2026\/SK0029125-CZ20260425-092328-0-1777080210-4586_9863.webp\" \/>\n\t<meta property=\"og:image:width\" content=\"533\" \/>\n\t<meta property=\"og:image:height\" content=\"800\" \/>\n\t<meta property=\"og:image:type\" content=\"image\/webp\" \/>\n<meta name=\"twitter:card\" content=\"summary_large_image\" \/>\n<meta name=\"twitter:label1\" content=\"Odhadovan\u00e1 doba \u010dten\u00ed\" \/>\n\t<meta name=\"twitter:data1\" content=\"2 minuty\" \/>\n<script type=\"application\/ld+json\" class=\"yoast-schema-graph\">{\"@context\":\"https:\/\/schema.org\",\"@graph\":[{\"@type\":\"WebPage\",\"@id\":\"https:\/\/www.domstavpro.com\/index.php\/produkt\/powerplus-powx2090-odsavac-pilin-550w-cenove-vyhodny-6756\/\",\"url\":\"https:\/\/www.domstavpro.com\/index.php\/produkt\/powerplus-powx2090-odsavac-pilin-550w-cenove-vyhodny-6756\/\",\"name\":\"POWERPLUS POWX2090 Odsava\u010d pilin 550W Cenov\u011b V\u00fdhodn\u00fd -\",\"isPartOf\":{\"@id\":\"https:\/\/www.domstavpro.com\/#website\"},\"primaryImageOfPage\":{\"@id\":\"https:\/\/www.domstavpro.com\/index.php\/produkt\/powerplus-powx2090-odsavac-pilin-550w-cenove-vyhodny-6756\/#primaryimage\"},\"image\":{\"@id\":\"https:\/\/www.domstavpro.com\/index.php\/produkt\/powerplus-powx2090-odsavac-pilin-550w-cenove-vyhodny-6756\/#primaryimage\"},\"thumbnailUrl\":\"https:\/\/www.domstavpro.com\/wp-content\/uploads\/2026\/SK0029125-CZ20260425-092328-0-1777080210-4586_9863.webp\",\"datePublished\":\"2026-04-27T15:08:09+00:00\",\"breadcrumb\":{\"@id\":\"https:\/\/www.domstavpro.com\/index.php\/produkt\/powerplus-powx2090-odsavac-pilin-550w-cenove-vyhodny-6756\/#breadcrumb\"},\"inLanguage\":\"cs\",\"potentialAction\":[{\"@type\":\"ReadAction\",\"target\":[\"https:\/\/www.domstavpro.com\/index.php\/produkt\/powerplus-powx2090-odsavac-pilin-550w-cenove-vyhodny-6756\/\"]}]},{\"@type\":\"ImageObject\",\"inLanguage\":\"cs\",\"@id\":\"https:\/\/www.domstavpro.com\/index.php\/produkt\/powerplus-powx2090-odsavac-pilin-550w-cenove-vyhodny-6756\/#primaryimage\",\"url\":\"https:\/\/www.domstavpro.com\/wp-content\/uploads\/2026\/SK0029125-CZ20260425-092328-0-1777080210-4586_9863.webp\",\"contentUrl\":\"https:\/\/www.domstavpro.com\/wp-content\/uploads\/2026\/SK0029125-CZ20260425-092328-0-1777080210-4586_9863.webp\",\"width\":533,\"height\":800},{\"@type\":\"BreadcrumbList\",\"@id\":\"https:\/\/www.domstavpro.com\/index.php\/produkt\/powerplus-powx2090-odsavac-pilin-550w-cenove-vyhodny-6756\/#breadcrumb\",\"itemListElement\":[{\"@type\":\"ListItem\",\"position\":1,\"name\":\"Home\",\"item\":\"https:\/\/www.domstavpro.com\/\"},{\"@type\":\"ListItem\",\"position\":2,\"name\":\"Products\",\"item\":\"https:\/\/www.domstavpro.com\/index.php\/products\/\"},{\"@type\":\"ListItem\",\"position\":3,\"name\":\"POWERPLUS POWX2090 Odsava\u010d pilin 550W Cenov\u011b V\u00fdhodn\u00fd\"}]},{\"@type\":\"WebSite\",\"@id\":\"https:\/\/www.domstavpro.com\/#website\",\"url\":\"https:\/\/www.domstavpro.com\/\",\"name\":\"\",\"description\":\"\",\"potentialAction\":[{\"@type\":\"SearchAction\",\"target\":{\"@type\":\"EntryPoint\",\"urlTemplate\":\"https:\/\/www.domstavpro.com\/?s={search_term_string}\"},\"query-input\":{\"@type\":\"PropertyValueSpecification\",\"valueRequired\":true,\"valueName\":\"search_term_string\"}}],\"inLanguage\":\"cs\"}]}<\/script>\n<!-- \/ Yoast SEO plugin. -->","yoast_head_json":{"title":"POWERPLUS POWX2090 Odsava\u010d pilin 550W Cenov\u011b V\u00fdhodn\u00fd -","robots":{"index":"index","follow":"follow","max-snippet":"max-snippet:-1","max-image-preview":"max-image-preview:large","max-video-preview":"max-video-preview:-1"},"canonical":"https:\/\/www.domstavpro.com\/index.php\/produkt\/powerplus-powx2090-odsavac-pilin-550w-cenove-vyhodny-6756\/","og_locale":"cs_CZ","og_type":"article","og_title":"POWERPLUS POWX2090 Odsava\u010d pilin 550W Cenov\u011b V\u00fdhodn\u00fd -","og_description":"Udr\u017eujte sv\u00e9 pracovi\u0161t\u011b \u010dist\u00e9 a bezpe\u010dn\u00e9 s t\u00edmto odsava\u010dem POWX2090 od Powerplus. P\u0159i pr\u00e1ci se d\u0159evem je nevyhnuteln\u00fd prach a t\u0159\u00edsky, co\u017e je \u0161patn\u00e9 pro va\u0161e zdrav\u00ed i \u017eivotnost va\u0161eho stroje. No, tento n\u00e1stroj nab\u00edz\u00ed \u0159e\u0161en\u00ed. S kapacitou pr\u016ftoku vzduchu a\u017e 900 m\u00b3 nejen \u017ee vys\u00e1v\u00e1 prach, ale ani d\u0159ev\u011bn\u00e9 hobliny nemaj\u00ed \u0161anci. Stroj je [&hellip;]","og_url":"https:\/\/www.domstavpro.com\/index.php\/produkt\/powerplus-powx2090-odsavac-pilin-550w-cenove-vyhodny-6756\/","og_image":[{"width":533,"height":800,"url":"https:\/\/www.domstavpro.com\/wp-content\/uploads\/2026\/SK0029125-CZ20260425-092328-0-1777080210-4586_9863.webp","type":"image\/webp"}],"twitter_card":"summary_large_image","twitter_misc":{"Odhadovan\u00e1 doba \u010dten\u00ed":"2 minuty"},"schema":{"@context":"https:\/\/schema.org","@graph":[{"@type":"WebPage","@id":"https:\/\/www.domstavpro.com\/index.php\/produkt\/powerplus-powx2090-odsavac-pilin-550w-cenove-vyhodny-6756\/","url":"https:\/\/www.domstavpro.com\/index.php\/produkt\/powerplus-powx2090-odsavac-pilin-550w-cenove-vyhodny-6756\/","name":"POWERPLUS POWX2090 Odsava\u010d pilin 550W Cenov\u011b V\u00fdhodn\u00fd -","isPartOf":{"@id":"https:\/\/www.domstavpro.com\/#website"},"primaryImageOfPage":{"@id":"https:\/\/www.domstavpro.com\/index.php\/produkt\/powerplus-powx2090-odsavac-pilin-550w-cenove-vyhodny-6756\/#primaryimage"},"image":{"@id":"https:\/\/www.domstavpro.com\/index.php\/produkt\/powerplus-powx2090-odsavac-pilin-550w-cenove-vyhodny-6756\/#primaryimage"},"thumbnailUrl":"https:\/\/www.domstavpro.com\/wp-content\/uploads\/2026\/SK0029125-CZ20260425-092328-0-1777080210-4586_9863.webp","datePublished":"2026-04-27T15:08:09+00:00","breadcrumb":{"@id":"https:\/\/www.domstavpro.com\/index.php\/produkt\/powerplus-powx2090-odsavac-pilin-550w-cenove-vyhodny-6756\/#breadcrumb"},"inLanguage":"cs","potentialAction":[{"@type":"ReadAction","target":["https:\/\/www.domstavpro.com\/index.php\/produkt\/powerplus-powx2090-odsavac-pilin-550w-cenove-vyhodny-6756\/"]}]},{"@type":"ImageObject","inLanguage":"cs","@id":"https:\/\/www.domstavpro.com\/index.php\/produkt\/powerplus-powx2090-odsavac-pilin-550w-cenove-vyhodny-6756\/#primaryimage","url":"https:\/\/www.domstavpro.com\/wp-content\/uploads\/2026\/SK0029125-CZ20260425-092328-0-1777080210-4586_9863.webp","contentUrl":"https:\/\/www.domstavpro.com\/wp-content\/uploads\/2026\/SK0029125-CZ20260425-092328-0-1777080210-4586_9863.webp","width":533,"height":800},{"@type":"BreadcrumbList","@id":"https:\/\/www.domstavpro.com\/index.php\/produkt\/powerplus-powx2090-odsavac-pilin-550w-cenove-vyhodny-6756\/#breadcrumb","itemListElement":[{"@type":"ListItem","position":1,"name":"Home","item":"https:\/\/www.domstavpro.com\/"},{"@type":"ListItem","position":2,"name":"Products","item":"https:\/\/www.domstavpro.com\/index.php\/products\/"},{"@type":"ListItem","position":3,"name":"POWERPLUS POWX2090 Odsava\u010d pilin 550W Cenov\u011b V\u00fdhodn\u00fd"}]},{"@type":"WebSite","@id":"https:\/\/www.domstavpro.com\/#website","url":"https:\/\/www.domstavpro.com\/","name":"","description":"","potentialAction":[{"@type":"SearchAction","target":{"@type":"EntryPoint","urlTemplate":"https:\/\/www.domstavpro.com\/?s={search_term_string}"},"query-input":{"@type":"PropertyValueSpecification","valueRequired":true,"valueName":"search_term_string"}}],"inLanguage":"cs"}]}},"_links":{"self":[{"href":"https:\/\/www.domstavpro.com\/index.php\/wp-json\/wp\/v2\/product\/6756","targetHints":{"allow":["GET"]}}],"collection":[{"href":"https:\/\/www.domstavpro.com\/index.php\/wp-json\/wp\/v2\/product"}],"about":[{"href":"https:\/\/www.domstavpro.com\/index.php\/wp-json\/wp\/v2\/types\/product"}],"replies":[{"embeddable":true,"href":"https:\/\/www.domstavpro.com\/index.php\/wp-json\/wp\/v2\/comments?post=6756"}],"wp:featuredmedia":[{"embeddable":true,"href":"https:\/\/www.domstavpro.com\/index.php\/wp-json\/wp\/v2\/media\/6856"}],"wp:attachment":[{"href":"https:\/\/www.domstavpro.com\/index.php\/wp-json\/wp\/v2\/media?parent=6756"}],"wp:term":[{"taxonomy":"product_brand","embeddable":true,"href":"https:\/\/www.domstavpro.com\/index.php\/wp-json\/wp\/v2\/product_brand?post=6756"},{"taxonomy":"product_cat","embeddable":true,"href":"https:\/\/www.domstavpro.com\/index.php\/wp-json\/wp\/v2\/product_cat?post=6756"},{"taxonomy":"product_tag","embeddable":true,"href":"https:\/\/www.domstavpro.com\/index.php\/wp-json\/wp\/v2\/product_tag?post=6756"}],"curies":[{"name":"wp","href":"https:\/\/api.w.org\/{rel}","templated":true}]}}