{"id":67542,"date":"2026-04-27T15:10:37","date_gmt":"2026-04-27T15:10:37","guid":{"rendered":""},"modified":"2026-04-27T15:10:37","modified_gmt":"2026-04-27T15:10:37","slug":"specialni-cena-pumpa-blue-line-vodarna-5pcsm1300p-g-pumpa-80-lezata-2-8-4-2bar-67542","status":"publish","type":"product","link":"https:\/\/www.domstavpro.com\/index.php\/produkt\/specialni-cena-pumpa-blue-line-vodarna-5pcsm1300p-g-pumpa-80-lezata-2-8-4-2bar-67542\/","title":{"rendered":"Speci\u00e1ln\u00ed Cena PUMPA blue line vod\u00e1rna 5PCSM1300P-G PUMPA 80 le\u017eat\u00e1 2,8-4,2bar"},"content":{"rendered":"<div id=\"e10771905\" class=\"pages\">\n<div>\n<div id=\"PDDescription\" class=\"UserContentView userContent v1a v1 bs-view dcon dc164 PDDescription\" ><dc-con><dc-con><bs-empty><\/bs-empty><\/dc-con><dc-con>        <\/p>\n<div class=\"customDescription\">                    <\/div>\n<p><\/dc-con><dc-con><\/p>\n<p>Dom&aacute;c&iacute; automatick&eacute; vod&aacute;rny s&nbsp;n&aacute;dobou Pumpa. Pro z&aacute;sobov&aacute;n&iacute; u\u017eitkovou vodou ze studn&iacute;, pro pou\u017eit&iacute; v&nbsp;rekrea\u010dn&iacute;ch objektech, na zahrad&aacute;ch a pro zavla\u017eov&aacute;n&iacute;. Maxim&aacute;ln&iacute; schopnost s&aacute;n&iacute; 8 m.<\/p>\n<p><\/dc-con><\/dc-con><\/div>\n<div id=\"PDDescription2\" class=\"UserContentView userContent v1a v1 bs-view dcon dc165 PDDescription2\" >\n<table style=\"border-collapse: collapse;\">\n<tr style=\"border-bottom:1px solid black;\">\n<td style=\"padding: 9px 18px 9px 0;\">Maxim\u00e1ln\u00ed pr\u016ftok  (l\/min)<\/td>\n<td style=\"padding: 9px 9px 9px 0;\">90<\/td>\n<\/tr>\n<tr style=\"border-bottom:1px solid black;\">\n<td style=\"padding: 9px 18px 9px 0;\">Maxim\u00e1ln\u00ed v\u00fdtlak (m)<\/td>\n<td style=\"padding: 9px 9px 9px 0;\">55<\/td>\n<\/tr>\n<tr style=\"border-bottom:1px solid black;\">\n<td style=\"padding: 9px 18px 9px 0;\">Vstupn\u00ed nap\u011bt\u00ed (V)<\/td>\n<td style=\"padding: 9px 9px 9px 0;\">230<\/td>\n<\/tr>\n<tr style=\"border-bottom:1px solid black;\">\n<td style=\"padding: 9px 18px 9px 0;\">Jmenovit\u00fd v\u00fdkon motoru &#8211; P2 (kW)<\/td>\n<td style=\"padding: 9px 9px 9px 0;\">0,90<\/td>\n<\/tr>\n<tr style=\"border-bottom:1px solid black;\">\n<td style=\"padding: 9px 18px 9px 0;\">Sac\u00ed hrdlo (&#8222;)<\/td>\n<td style=\"padding: 9px 9px 9px 0;\">1<\/td>\n<\/tr>\n<tr style=\"border-bottom:1px solid black;\">\n<td style=\"padding: 9px 18px 9px 0;\">Jmenovit\u00fd p\u0159\u00edkon motoru &#8211; P1 (kW)<\/td>\n<td style=\"padding: 9px 9px 9px 0;\">1,30<\/td>\n<\/tr>\n<tr style=\"border-bottom:1px solid black;\">\n<td style=\"padding: 9px 18px 9px 0;\">V\u00fdtla\u010dn\u00e9 hrdlo (&#8222;)<\/td>\n<td style=\"padding: 9px 9px 9px 0;\">1<\/td>\n<\/tr>\n<tr style=\"border-bottom:1px solid black;\">\n<td style=\"padding: 9px 18px 9px 0;\">Sac\u00ed v\u00fd\u0161ka max. (m)<\/td>\n<td style=\"padding: 9px 9px 9px 0;\">8<\/td>\n<\/tr>\n<tr style=\"border-bottom:1px solid black;\">\n<td style=\"padding: 9px 18px 9px 0;\">Atest na pitnou vodu<\/td>\n<td style=\"padding: 9px 9px 9px 0;\">NE<\/td>\n<\/tr>\n<tr style=\"border-bottom:1px solid black;\">\n<td style=\"padding: 9px 18px 9px 0;\">Objem n\u00e1doby (l)<\/td>\n<td style=\"padding: 9px 9px 9px 0;\">80<\/td>\n<\/tr>\n<tr style=\"border-bottom:1px solid black;\">\n<td style=\"padding: 9px 18px 9px 0;\">Maxim\u00e1ln\u00ed proud (A)<\/td>\n<td style=\"padding: 9px 9px 9px 0;\">5,50<\/td>\n<\/tr>\n<tr style=\"border-bottom:1px solid black;\">\n<td style=\"padding: 9px 18px 9px 0;\">Teplota m\u00e9dia max. (\u00b0C)<\/td>\n<td style=\"padding: 9px 9px 9px 0;\">35<\/td>\n<\/tr>\n<tr style=\"border-bottom:1px solid black;\">\n<td style=\"padding: 9px 18px 9px 0;\">Zap\u00ednac\u00ed tlak (bar)<\/td>\n<td style=\"padding: 9px 9px 9px 0;\">2,8<\/td>\n<\/tr>\n<tr style=\"border-bottom:1px solid black;\">\n<td style=\"padding: 9px 18px 9px 0;\">Vyp\u00ednac\u00ed tlak (bar)<\/td>\n<td style=\"padding: 9px 9px 9px 0;\">4,2<\/td>\n<\/tr>\n<tr style=\"border-bottom:1px solid black;\">\n<td style=\"padding: 9px 18px 9px 0;\">Automatick\u00e1 tepeln\u00e1 ochrana<\/td>\n<td style=\"padding: 9px 9px 9px 0;\">ANO<\/td>\n<\/tr>\n<tr style=\"border-bottom:1px solid black;\">\n<td style=\"padding: 9px 18px 9px 0;\">Ochrana proti chodu nasucho<\/td>\n<td style=\"padding: 9px 9px 9px 0;\">NE<\/td>\n<\/tr>\n<tr style=\"border-bottom:1px solid black;\">\n<td style=\"padding: 9px 18px 9px 0;\">Vlastn\u00ed vyp\u00edna\u010d<\/td>\n<td style=\"padding: 9px 9px 9px 0;\">NE<\/td>\n<\/tr>\n<tr style=\"border-bottom:1px solid black;\">\n<td style=\"padding: 9px 18px 9px 0;\">Regulace ot\u00e1\u010dek<\/td>\n<td style=\"padding: 9px 9px 9px 0;\">NE<\/td>\n<\/tr>\n<tr style=\"border-bottom:1px solid black;\">\n<td style=\"padding: 9px 18px 9px 0;\">Kondenz\u00e1tor<\/td>\n<td style=\"padding: 9px 9px 9px 0;\">integrov\u00e1n<\/td>\n<\/tr>\n<tr style=\"border-bottom:1px solid black;\">\n<td style=\"padding: 9px 18px 9px 0;\">Ob\u011b\u017en\u00e9 kolo materi\u00e1l<\/td>\n<td style=\"padding: 9px 9px 9px 0;\">noryl<\/td>\n<\/tr>\n<tr style=\"border-bottom:1px solid black;\">\n<td style=\"padding: 9px 18px 9px 0;\">Konstrukce<\/td>\n<td style=\"padding: 9px 9px 9px 0;\">s tlakovou n\u00e1dobou<\/td>\n<\/tr>\n<\/table>\n<\/div><\/div>\n<div id=\"PDTable3\" class=\"ProductDetailTableView v3a v3 bs-view dcon dc185 PDTable3\" >\n<table>\n<thead><\/thead>\n<tbody>\n<tr class=\"attribute attr_bsshop_maker\">\n<td class=\"caption\">V\u00fdrobce<\/td>\n<td class=\"value\">PUMPA<\/td>\n<\/tr>\n<\/tbody>\n<\/table>\n<\/div>\n<div id=\"ProductMedia\" class=\"ProductMediaView MediaViewBase v1a v1 bs-view dcon dc409 ProductMedia\" ><bs-empty><\/bs-empty><\/p>\n<div class=\"files\">\n<div class=\"title sub\">Soubory<\/div>\n<p><a href=\"\/media\/28314\/03-cs-5pcsm1300p-g-pumpa-web.pdf?&amp;key=ZGpmIyQwNUZfMjgzMTQ=\" class=\"pdf\">Katalogov&#253; list<\/a><a href=\"\/media\/36280\/01-cs-pumpa-vodarny-s-cerpadly-blueline-verze-14.pdf?&amp;key=ZGpmIyQwNUZfMzYyODA=\" class=\"pdf\">N&#225;vod k obsluze<\/a><\/div>\n<p><bs-empty><\/bs-empty><\/div>\n<div id=\"PdProductGpsr\" class=\"ProductGpsrView v1a v1 bs-view dcon dc217 PdProductGpsr\" >\n<div class=\"subject\"><dc-root class=\"dcon dc219\"><span class=\"title\">Zodpov\u011bdn&#253; subjekt:<\/span><dc-con><dc-con><span class=\"company\">Pumpa, a.s.<\/span><span class=\"name\">Pumpa<\/span><\/dc-con><dc-con><span class=\"street\">U Svitavy 54\/1<\/span><span class=\"city\">Brno<\/span><span class=\"zip\">618 00<\/span><span class=\"country\">\u010cesko<\/span><\/dc-con><span class=\"email\">pumpa@pumpa.cz<\/span><span class=\"phone\">548 422 611<\/span><bs-empty><\/bs-empty><a href=\"https:\/\/www.pumpa.eu\/cs\/kontakty\/\" class=\"link\" target=\"_blank\">https:\/\/www.pumpa.eu\/cs\/kontakty\/<\/a><\/dc-con><bs-empty><\/bs-empty><\/dc-root><\/div>\n<p><bs-empty><\/bs-empty><\/div>\n<\/div>\n<div id=\"e10771906\" class=\"tabs\">\n","protected":false},"excerpt":{"rendered":"<p>Dom&aacute;c&iacute; automatick&eacute; vod&aacute;rny s&nbsp;n&aacute;dobou Pumpa. Pro z&aacute;sobov&aacute;n&iacute; u\u017eitkovou vodou ze studn&iacute;, pro pou\u017eit&iacute; v&nbsp;rekrea\u010dn&iacute;ch objektech, na zahrad&aacute;ch a pro zavla\u017eov&aacute;n&iacute;. Maxim&aacute;ln&iacute; schopnost s&aacute;n&iacute; 8 m. Maxim\u00e1ln\u00ed pr\u016ftok (l\/min) 90 Maxim\u00e1ln\u00ed v\u00fdtlak (m) 55 Vstupn\u00ed nap\u011bt\u00ed (V) 230 Jmenovit\u00fd v\u00fdkon motoru &#8211; P2 (kW) 0,90 Sac\u00ed hrdlo (&#8222;) 1 Jmenovit\u00fd p\u0159\u00edkon motoru &#8211; P1 (kW) 1,30 [&hellip;]<\/p>\n","protected":false},"featured_media":67642,"comment_status":"open","ping_status":"open","template":"","meta":[],"product_brand":[],"product_cat":[65],"product_tag":[],"class_list":{"0":"post-67542","1":"product","2":"type-product","3":"status-publish","4":"has-post-thumbnail","6":"product_cat-cerpadla-vod-225-rny","8":"first","9":"instock","10":"sale","11":"shipping-taxable","12":"purchasable","13":"product-type-simple"},"yoast_head":"<!-- This site is optimized with the Yoast SEO plugin v26.8 - https:\/\/yoast.com\/product\/yoast-seo-wordpress\/ -->\n<title>Speci\u00e1ln\u00ed Cena PUMPA blue line vod\u00e1rna 5PCSM1300P-G PUMPA 80 le\u017eat\u00e1 2,8-4,2bar -<\/title>\n<meta name=\"robots\" content=\"index, follow, max-snippet:-1, max-image-preview:large, max-video-preview:-1\" \/>\n<link rel=\"canonical\" href=\"https:\/\/www.domstavpro.com\/index.php\/produkt\/specialni-cena-pumpa-blue-line-vodarna-5pcsm1300p-g-pumpa-80-lezata-2-8-4-2bar-67542\/\" \/>\n<meta property=\"og:locale\" content=\"cs_CZ\" \/>\n<meta property=\"og:type\" content=\"article\" \/>\n<meta property=\"og:title\" content=\"Speci\u00e1ln\u00ed Cena PUMPA blue line vod\u00e1rna 5PCSM1300P-G PUMPA 80 le\u017eat\u00e1 2,8-4,2bar -\" \/>\n<meta property=\"og:description\" content=\"Dom&aacute;c&iacute; automatick&eacute; vod&aacute;rny s&nbsp;n&aacute;dobou Pumpa. Pro z&aacute;sobov&aacute;n&iacute; u\u017eitkovou vodou ze studn&iacute;, pro pou\u017eit&iacute; v&nbsp;rekrea\u010dn&iacute;ch objektech, na zahrad&aacute;ch a pro zavla\u017eov&aacute;n&iacute;. Maxim&aacute;ln&iacute; schopnost s&aacute;n&iacute; 8 m. Maxim\u00e1ln\u00ed pr\u016ftok (l\/min) 90 Maxim\u00e1ln\u00ed v\u00fdtlak (m) 55 Vstupn\u00ed nap\u011bt\u00ed (V) 230 Jmenovit\u00fd v\u00fdkon motoru &#8211; P2 (kW) 0,90 Sac\u00ed hrdlo (&#8222;) 1 Jmenovit\u00fd p\u0159\u00edkon motoru &#8211; P1 (kW) 1,30 [&hellip;]\" \/>\n<meta property=\"og:url\" content=\"https:\/\/www.domstavpro.com\/index.php\/produkt\/specialni-cena-pumpa-blue-line-vodarna-5pcsm1300p-g-pumpa-80-lezata-2-8-4-2bar-67542\/\" \/>\n<meta property=\"og:image\" content=\"https:\/\/www.domstavpro.com\/wp-content\/uploads\/2026\/SK0032403-CZ20260425-093449-0-1777080896-pumpa-blue-line-vodarna-5pcsm1300p-g-pumpa-80-lezata-2-8-4-.webp\" \/>\n\t<meta property=\"og:image:width\" content=\"1000\" \/>\n\t<meta property=\"og:image:height\" content=\"525\" \/>\n\t<meta property=\"og:image:type\" content=\"image\/webp\" \/>\n<meta name=\"twitter:card\" content=\"summary_large_image\" \/>\n<meta name=\"twitter:label1\" content=\"Odhadovan\u00e1 doba \u010dten\u00ed\" \/>\n\t<meta name=\"twitter:data1\" content=\"1 minuta\" \/>\n<script type=\"application\/ld+json\" class=\"yoast-schema-graph\">{\"@context\":\"https:\/\/schema.org\",\"@graph\":[{\"@type\":\"WebPage\",\"@id\":\"https:\/\/www.domstavpro.com\/index.php\/produkt\/specialni-cena-pumpa-blue-line-vodarna-5pcsm1300p-g-pumpa-80-lezata-2-8-4-2bar-67542\/\",\"url\":\"https:\/\/www.domstavpro.com\/index.php\/produkt\/specialni-cena-pumpa-blue-line-vodarna-5pcsm1300p-g-pumpa-80-lezata-2-8-4-2bar-67542\/\",\"name\":\"Speci\u00e1ln\u00ed Cena PUMPA blue line vod\u00e1rna 5PCSM1300P-G PUMPA 80 le\u017eat\u00e1 2,8-4,2bar -\",\"isPartOf\":{\"@id\":\"https:\/\/www.domstavpro.com\/#website\"},\"primaryImageOfPage\":{\"@id\":\"https:\/\/www.domstavpro.com\/index.php\/produkt\/specialni-cena-pumpa-blue-line-vodarna-5pcsm1300p-g-pumpa-80-lezata-2-8-4-2bar-67542\/#primaryimage\"},\"image\":{\"@id\":\"https:\/\/www.domstavpro.com\/index.php\/produkt\/specialni-cena-pumpa-blue-line-vodarna-5pcsm1300p-g-pumpa-80-lezata-2-8-4-2bar-67542\/#primaryimage\"},\"thumbnailUrl\":\"https:\/\/www.domstavpro.com\/wp-content\/uploads\/2026\/SK0032403-CZ20260425-093449-0-1777080896-pumpa-blue-line-vodarna-5pcsm1300p-g-pumpa-80-lezata-2-8-4-.webp\",\"datePublished\":\"2026-04-27T15:10:37+00:00\",\"breadcrumb\":{\"@id\":\"https:\/\/www.domstavpro.com\/index.php\/produkt\/specialni-cena-pumpa-blue-line-vodarna-5pcsm1300p-g-pumpa-80-lezata-2-8-4-2bar-67542\/#breadcrumb\"},\"inLanguage\":\"cs\",\"potentialAction\":[{\"@type\":\"ReadAction\",\"target\":[\"https:\/\/www.domstavpro.com\/index.php\/produkt\/specialni-cena-pumpa-blue-line-vodarna-5pcsm1300p-g-pumpa-80-lezata-2-8-4-2bar-67542\/\"]}]},{\"@type\":\"ImageObject\",\"inLanguage\":\"cs\",\"@id\":\"https:\/\/www.domstavpro.com\/index.php\/produkt\/specialni-cena-pumpa-blue-line-vodarna-5pcsm1300p-g-pumpa-80-lezata-2-8-4-2bar-67542\/#primaryimage\",\"url\":\"https:\/\/www.domstavpro.com\/wp-content\/uploads\/2026\/SK0032403-CZ20260425-093449-0-1777080896-pumpa-blue-line-vodarna-5pcsm1300p-g-pumpa-80-lezata-2-8-4-.webp\",\"contentUrl\":\"https:\/\/www.domstavpro.com\/wp-content\/uploads\/2026\/SK0032403-CZ20260425-093449-0-1777080896-pumpa-blue-line-vodarna-5pcsm1300p-g-pumpa-80-lezata-2-8-4-.webp\",\"width\":1000,\"height\":525},{\"@type\":\"BreadcrumbList\",\"@id\":\"https:\/\/www.domstavpro.com\/index.php\/produkt\/specialni-cena-pumpa-blue-line-vodarna-5pcsm1300p-g-pumpa-80-lezata-2-8-4-2bar-67542\/#breadcrumb\",\"itemListElement\":[{\"@type\":\"ListItem\",\"position\":1,\"name\":\"Home\",\"item\":\"https:\/\/www.domstavpro.com\/\"},{\"@type\":\"ListItem\",\"position\":2,\"name\":\"Products\",\"item\":\"https:\/\/www.domstavpro.com\/index.php\/products\/\"},{\"@type\":\"ListItem\",\"position\":3,\"name\":\"Speci\u00e1ln\u00ed Cena PUMPA blue line vod\u00e1rna 5PCSM1300P-G PUMPA 80 le\u017eat\u00e1 2,8-4,2bar\"}]},{\"@type\":\"WebSite\",\"@id\":\"https:\/\/www.domstavpro.com\/#website\",\"url\":\"https:\/\/www.domstavpro.com\/\",\"name\":\"\",\"description\":\"\",\"potentialAction\":[{\"@type\":\"SearchAction\",\"target\":{\"@type\":\"EntryPoint\",\"urlTemplate\":\"https:\/\/www.domstavpro.com\/?s={search_term_string}\"},\"query-input\":{\"@type\":\"PropertyValueSpecification\",\"valueRequired\":true,\"valueName\":\"search_term_string\"}}],\"inLanguage\":\"cs\"}]}<\/script>\n<!-- \/ Yoast SEO plugin. -->","yoast_head_json":{"title":"Speci\u00e1ln\u00ed Cena PUMPA blue line vod\u00e1rna 5PCSM1300P-G PUMPA 80 le\u017eat\u00e1 2,8-4,2bar -","robots":{"index":"index","follow":"follow","max-snippet":"max-snippet:-1","max-image-preview":"max-image-preview:large","max-video-preview":"max-video-preview:-1"},"canonical":"https:\/\/www.domstavpro.com\/index.php\/produkt\/specialni-cena-pumpa-blue-line-vodarna-5pcsm1300p-g-pumpa-80-lezata-2-8-4-2bar-67542\/","og_locale":"cs_CZ","og_type":"article","og_title":"Speci\u00e1ln\u00ed Cena PUMPA blue line vod\u00e1rna 5PCSM1300P-G PUMPA 80 le\u017eat\u00e1 2,8-4,2bar -","og_description":"Dom&aacute;c&iacute; automatick&eacute; vod&aacute;rny s&nbsp;n&aacute;dobou Pumpa. Pro z&aacute;sobov&aacute;n&iacute; u\u017eitkovou vodou ze studn&iacute;, pro pou\u017eit&iacute; v&nbsp;rekrea\u010dn&iacute;ch objektech, na zahrad&aacute;ch a pro zavla\u017eov&aacute;n&iacute;. Maxim&aacute;ln&iacute; schopnost s&aacute;n&iacute; 8 m. Maxim\u00e1ln\u00ed pr\u016ftok (l\/min) 90 Maxim\u00e1ln\u00ed v\u00fdtlak (m) 55 Vstupn\u00ed nap\u011bt\u00ed (V) 230 Jmenovit\u00fd v\u00fdkon motoru &#8211; P2 (kW) 0,90 Sac\u00ed hrdlo (&#8222;) 1 Jmenovit\u00fd p\u0159\u00edkon motoru &#8211; P1 (kW) 1,30 [&hellip;]","og_url":"https:\/\/www.domstavpro.com\/index.php\/produkt\/specialni-cena-pumpa-blue-line-vodarna-5pcsm1300p-g-pumpa-80-lezata-2-8-4-2bar-67542\/","og_image":[{"width":1000,"height":525,"url":"https:\/\/www.domstavpro.com\/wp-content\/uploads\/2026\/SK0032403-CZ20260425-093449-0-1777080896-pumpa-blue-line-vodarna-5pcsm1300p-g-pumpa-80-lezata-2-8-4-.webp","type":"image\/webp"}],"twitter_card":"summary_large_image","twitter_misc":{"Odhadovan\u00e1 doba \u010dten\u00ed":"1 minuta"},"schema":{"@context":"https:\/\/schema.org","@graph":[{"@type":"WebPage","@id":"https:\/\/www.domstavpro.com\/index.php\/produkt\/specialni-cena-pumpa-blue-line-vodarna-5pcsm1300p-g-pumpa-80-lezata-2-8-4-2bar-67542\/","url":"https:\/\/www.domstavpro.com\/index.php\/produkt\/specialni-cena-pumpa-blue-line-vodarna-5pcsm1300p-g-pumpa-80-lezata-2-8-4-2bar-67542\/","name":"Speci\u00e1ln\u00ed Cena PUMPA blue line vod\u00e1rna 5PCSM1300P-G PUMPA 80 le\u017eat\u00e1 2,8-4,2bar -","isPartOf":{"@id":"https:\/\/www.domstavpro.com\/#website"},"primaryImageOfPage":{"@id":"https:\/\/www.domstavpro.com\/index.php\/produkt\/specialni-cena-pumpa-blue-line-vodarna-5pcsm1300p-g-pumpa-80-lezata-2-8-4-2bar-67542\/#primaryimage"},"image":{"@id":"https:\/\/www.domstavpro.com\/index.php\/produkt\/specialni-cena-pumpa-blue-line-vodarna-5pcsm1300p-g-pumpa-80-lezata-2-8-4-2bar-67542\/#primaryimage"},"thumbnailUrl":"https:\/\/www.domstavpro.com\/wp-content\/uploads\/2026\/SK0032403-CZ20260425-093449-0-1777080896-pumpa-blue-line-vodarna-5pcsm1300p-g-pumpa-80-lezata-2-8-4-.webp","datePublished":"2026-04-27T15:10:37+00:00","breadcrumb":{"@id":"https:\/\/www.domstavpro.com\/index.php\/produkt\/specialni-cena-pumpa-blue-line-vodarna-5pcsm1300p-g-pumpa-80-lezata-2-8-4-2bar-67542\/#breadcrumb"},"inLanguage":"cs","potentialAction":[{"@type":"ReadAction","target":["https:\/\/www.domstavpro.com\/index.php\/produkt\/specialni-cena-pumpa-blue-line-vodarna-5pcsm1300p-g-pumpa-80-lezata-2-8-4-2bar-67542\/"]}]},{"@type":"ImageObject","inLanguage":"cs","@id":"https:\/\/www.domstavpro.com\/index.php\/produkt\/specialni-cena-pumpa-blue-line-vodarna-5pcsm1300p-g-pumpa-80-lezata-2-8-4-2bar-67542\/#primaryimage","url":"https:\/\/www.domstavpro.com\/wp-content\/uploads\/2026\/SK0032403-CZ20260425-093449-0-1777080896-pumpa-blue-line-vodarna-5pcsm1300p-g-pumpa-80-lezata-2-8-4-.webp","contentUrl":"https:\/\/www.domstavpro.com\/wp-content\/uploads\/2026\/SK0032403-CZ20260425-093449-0-1777080896-pumpa-blue-line-vodarna-5pcsm1300p-g-pumpa-80-lezata-2-8-4-.webp","width":1000,"height":525},{"@type":"BreadcrumbList","@id":"https:\/\/www.domstavpro.com\/index.php\/produkt\/specialni-cena-pumpa-blue-line-vodarna-5pcsm1300p-g-pumpa-80-lezata-2-8-4-2bar-67542\/#breadcrumb","itemListElement":[{"@type":"ListItem","position":1,"name":"Home","item":"https:\/\/www.domstavpro.com\/"},{"@type":"ListItem","position":2,"name":"Products","item":"https:\/\/www.domstavpro.com\/index.php\/products\/"},{"@type":"ListItem","position":3,"name":"Speci\u00e1ln\u00ed Cena PUMPA blue line vod\u00e1rna 5PCSM1300P-G PUMPA 80 le\u017eat\u00e1 2,8-4,2bar"}]},{"@type":"WebSite","@id":"https:\/\/www.domstavpro.com\/#website","url":"https:\/\/www.domstavpro.com\/","name":"","description":"","potentialAction":[{"@type":"SearchAction","target":{"@type":"EntryPoint","urlTemplate":"https:\/\/www.domstavpro.com\/?s={search_term_string}"},"query-input":{"@type":"PropertyValueSpecification","valueRequired":true,"valueName":"search_term_string"}}],"inLanguage":"cs"}]}},"_links":{"self":[{"href":"https:\/\/www.domstavpro.com\/index.php\/wp-json\/wp\/v2\/product\/67542","targetHints":{"allow":["GET"]}}],"collection":[{"href":"https:\/\/www.domstavpro.com\/index.php\/wp-json\/wp\/v2\/product"}],"about":[{"href":"https:\/\/www.domstavpro.com\/index.php\/wp-json\/wp\/v2\/types\/product"}],"replies":[{"embeddable":true,"href":"https:\/\/www.domstavpro.com\/index.php\/wp-json\/wp\/v2\/comments?post=67542"}],"wp:featuredmedia":[{"embeddable":true,"href":"https:\/\/www.domstavpro.com\/index.php\/wp-json\/wp\/v2\/media\/67642"}],"wp:attachment":[{"href":"https:\/\/www.domstavpro.com\/index.php\/wp-json\/wp\/v2\/media?parent=67542"}],"wp:term":[{"taxonomy":"product_brand","embeddable":true,"href":"https:\/\/www.domstavpro.com\/index.php\/wp-json\/wp\/v2\/product_brand?post=67542"},{"taxonomy":"product_cat","embeddable":true,"href":"https:\/\/www.domstavpro.com\/index.php\/wp-json\/wp\/v2\/product_cat?post=67542"},{"taxonomy":"product_tag","embeddable":true,"href":"https:\/\/www.domstavpro.com\/index.php\/wp-json\/wp\/v2\/product_tag?post=67542"}],"curies":[{"name":"wp","href":"https:\/\/api.w.org\/{rel}","templated":true}]}}