{"id":67496,"date":"2026-04-27T15:10:37","date_gmt":"2026-04-27T15:10:37","guid":{"rendered":""},"modified":"2026-04-27T15:10:37","modified_gmt":"2026-04-27T15:10:37","slug":"akcni-cena-bgs-sada-olovnice-s-provazkem-200-g-6-m-67496","status":"publish","type":"product","link":"https:\/\/www.domstavpro.com\/index.php\/produkt\/akcni-cena-bgs-sada-olovnice-s-provazkem-200-g-6-m-67496\/","title":{"rendered":"Ak\u010dn\u00ed Cena BGS Sada olovnice s prov\u00e1zkem, 200 g, 6 m"},"content":{"rendered":"<div id=\"e10741895\" class=\"pages\">\n<div>\n<div id=\"PDDescription\" class=\"UserContentView userContent v1a v1 bs-view dcon dc164 PDDescription\" ><dc-con><dc-con><bs-empty><\/bs-empty><\/dc-con><dc-con>        <\/p>\n<div class=\"customDescription\">                    <\/div>\n<p><\/dc-con><dc-con><\/p>\n<ul>\n<li>dokonale vhodn\u00e9 pro pou\u017eit\u00ed na stavb\u011b<\/li>\n<li>vysoce viditeln\u00e1 \u0161\u0148\u016fra jako orienta\u010dn\u00ed pom\u016fcka pro \u0161irokou \u0161k\u00e1lu aplikac\u00ed<\/li>\n<li>pro ur\u010dov\u00e1n\u00ed a vyrovn\u00e1v\u00e1n\u00ed svisl\u00fdch \u010dar<\/li >\n<li>prot\u00e1hl\u00fd tvar<\/li>\n<li>se \u0161t\u00edhlou p\u0159esnou \u0161pi\u010dkou<\/li>\n<li>s kulat\u00fdm otvorem na boku pro v\u00fdm\u011bnu olovnice<\/li>\n<\/ul>\n<ul>\n<li>olovnice d\u00e9lka vlasce: 6 m<\/li>\n<li>materi\u00e1l olovnice: polyester<\/li>\n<li>materi\u00e1l olovnice: ocel A3<\/li>\n<li>hmotnost olovnice: 200 g<\/li>\n<\/ul>\n<p><\/dc-con><\/dc-con><\/div>\n<div id=\"PDDescription2\" class=\"UserContentView userContent v1a v1 bs-view dcon dc165 PDDescription2\" >V\u00dd\u0160KA BALEN\u00cd<\/div>\n<\/p><\/div>\n<div id=\"PDTable3\" class=\"ProductDetailTableView v3a v3 bs-view dcon dc185 PDTable3\" >\n<table>\n<thead><\/thead>\n<tbody>\n<tr class=\"attribute attr_bsshop_maker\">\n<td class=\"caption\">V\u00fdrobce<\/td>\n<td class=\"value\">BGS Technic<\/td>\n<\/tr>\n<\/tbody>\n<\/table>\n<\/div>\n<div id=\"PdProductGpsr\" class=\"ProductGpsrView v1a v1 bs-view dcon dc217 PdProductGpsr\" >\n<div class=\"subject\"><dc-root class=\"dcon dc219\"><span class=\"title\">Zodpov\u011bdn&#253; subjekt:<\/span><dc-con><dc-con><span class=\"company\">BGS technik KG<\/span><span class=\"name\">BGS Technic<\/span><\/dc-con><dc-con><span class=\"street\">Bandwirkerstr. 3<\/span><span class=\"city\">Wermelskirchen<\/span><span class=\"zip\">429 29<\/span><span class=\"country\">N\u011bmecko<\/span><\/dc-con><span class=\"email\">mail@bgs-technic.de<\/span><span class=\"phone\">+49 2196-720480<\/span><bs-empty><\/bs-empty><a href=\"https:\/\/www.bgstechnic.com\/\" class=\"link\" target=\"_blank\">https:\/\/www.bgstechnic.com\/<\/a><\/dc-con><bs-empty><\/bs-empty><\/dc-root><\/div>\n<p><bs-empty><\/bs-empty><\/div>\n<\/div>\n<div id=\"e10741896\" class=\"tabs\">\n","protected":false},"excerpt":{"rendered":"<p>dokonale vhodn\u00e9 pro pou\u017eit\u00ed na stavb\u011b vysoce viditeln\u00e1 \u0161\u0148\u016fra jako orienta\u010dn\u00ed pom\u016fcka pro \u0161irokou \u0161k\u00e1lu aplikac\u00ed pro ur\u010dov\u00e1n\u00ed a vyrovn\u00e1v\u00e1n\u00ed svisl\u00fdch \u010dar prot\u00e1hl\u00fd tvar se \u0161t\u00edhlou p\u0159esnou \u0161pi\u010dkou s kulat\u00fdm otvorem na boku pro v\u00fdm\u011bnu olovnice olovnice d\u00e9lka vlasce: 6 m materi\u00e1l olovnice: polyester materi\u00e1l olovnice: ocel A3 hmotnost olovnice: 200 g V\u00dd\u0160KA BALEN\u00cd V\u00fdrobce [&hellip;]<\/p>\n","protected":false},"featured_media":67596,"comment_status":"open","ping_status":"open","template":"","meta":[],"product_brand":[],"product_cat":[64],"product_tag":[],"class_list":{"0":"post-67496","1":"product","2":"type-product","3":"status-publish","4":"has-post-thumbnail","6":"product_cat-rucn-237-n-225-rad-237-a-d-237-lna","8":"first","9":"instock","10":"sale","11":"shipping-taxable","12":"purchasable","13":"product-type-simple"},"yoast_head":"<!-- This site is optimized with the Yoast SEO plugin v26.8 - https:\/\/yoast.com\/product\/yoast-seo-wordpress\/ -->\n<title>Ak\u010dn\u00ed Cena BGS Sada olovnice s prov\u00e1zkem, 200 g, 6 m -<\/title>\n<meta name=\"robots\" content=\"index, follow, max-snippet:-1, max-image-preview:large, max-video-preview:-1\" \/>\n<link rel=\"canonical\" href=\"https:\/\/www.domstavpro.com\/index.php\/produkt\/akcni-cena-bgs-sada-olovnice-s-provazkem-200-g-6-m-67496\/\" \/>\n<meta property=\"og:locale\" content=\"cs_CZ\" \/>\n<meta property=\"og:type\" content=\"article\" \/>\n<meta property=\"og:title\" content=\"Ak\u010dn\u00ed Cena BGS Sada olovnice s prov\u00e1zkem, 200 g, 6 m -\" \/>\n<meta property=\"og:description\" content=\"dokonale vhodn\u00e9 pro pou\u017eit\u00ed na stavb\u011b vysoce viditeln\u00e1 \u0161\u0148\u016fra jako orienta\u010dn\u00ed pom\u016fcka pro \u0161irokou \u0161k\u00e1lu aplikac\u00ed pro ur\u010dov\u00e1n\u00ed a vyrovn\u00e1v\u00e1n\u00ed svisl\u00fdch \u010dar prot\u00e1hl\u00fd tvar se \u0161t\u00edhlou p\u0159esnou \u0161pi\u010dkou s kulat\u00fdm otvorem na boku pro v\u00fdm\u011bnu olovnice olovnice d\u00e9lka vlasce: 6 m materi\u00e1l olovnice: polyester materi\u00e1l olovnice: ocel A3 hmotnost olovnice: 200 g V\u00dd\u0160KA BALEN\u00cd V\u00fdrobce [&hellip;]\" \/>\n<meta property=\"og:url\" content=\"https:\/\/www.domstavpro.com\/index.php\/produkt\/akcni-cena-bgs-sada-olovnice-s-provazkem-200-g-6-m-67496\/\" \/>\n<meta property=\"og:image\" content=\"https:\/\/www.domstavpro.com\/wp-content\/uploads\/2026\/SK0032357-CZ20260425-093449-0-1777080896-bgs-sada-olovnice-s-provazkem-200-g-6-m.webp\" \/>\n\t<meta property=\"og:image:width\" content=\"1000\" \/>\n\t<meta property=\"og:image:height\" content=\"525\" \/>\n\t<meta property=\"og:image:type\" content=\"image\/webp\" \/>\n<meta name=\"twitter:card\" content=\"summary_large_image\" \/>\n<script type=\"application\/ld+json\" class=\"yoast-schema-graph\">{\"@context\":\"https:\/\/schema.org\",\"@graph\":[{\"@type\":\"WebPage\",\"@id\":\"https:\/\/www.domstavpro.com\/index.php\/produkt\/akcni-cena-bgs-sada-olovnice-s-provazkem-200-g-6-m-67496\/\",\"url\":\"https:\/\/www.domstavpro.com\/index.php\/produkt\/akcni-cena-bgs-sada-olovnice-s-provazkem-200-g-6-m-67496\/\",\"name\":\"Ak\u010dn\u00ed Cena BGS Sada olovnice s prov\u00e1zkem, 200 g, 6 m -\",\"isPartOf\":{\"@id\":\"https:\/\/www.domstavpro.com\/#website\"},\"primaryImageOfPage\":{\"@id\":\"https:\/\/www.domstavpro.com\/index.php\/produkt\/akcni-cena-bgs-sada-olovnice-s-provazkem-200-g-6-m-67496\/#primaryimage\"},\"image\":{\"@id\":\"https:\/\/www.domstavpro.com\/index.php\/produkt\/akcni-cena-bgs-sada-olovnice-s-provazkem-200-g-6-m-67496\/#primaryimage\"},\"thumbnailUrl\":\"https:\/\/www.domstavpro.com\/wp-content\/uploads\/2026\/SK0032357-CZ20260425-093449-0-1777080896-bgs-sada-olovnice-s-provazkem-200-g-6-m.webp\",\"datePublished\":\"2026-04-27T15:10:37+00:00\",\"breadcrumb\":{\"@id\":\"https:\/\/www.domstavpro.com\/index.php\/produkt\/akcni-cena-bgs-sada-olovnice-s-provazkem-200-g-6-m-67496\/#breadcrumb\"},\"inLanguage\":\"cs\",\"potentialAction\":[{\"@type\":\"ReadAction\",\"target\":[\"https:\/\/www.domstavpro.com\/index.php\/produkt\/akcni-cena-bgs-sada-olovnice-s-provazkem-200-g-6-m-67496\/\"]}]},{\"@type\":\"ImageObject\",\"inLanguage\":\"cs\",\"@id\":\"https:\/\/www.domstavpro.com\/index.php\/produkt\/akcni-cena-bgs-sada-olovnice-s-provazkem-200-g-6-m-67496\/#primaryimage\",\"url\":\"https:\/\/www.domstavpro.com\/wp-content\/uploads\/2026\/SK0032357-CZ20260425-093449-0-1777080896-bgs-sada-olovnice-s-provazkem-200-g-6-m.webp\",\"contentUrl\":\"https:\/\/www.domstavpro.com\/wp-content\/uploads\/2026\/SK0032357-CZ20260425-093449-0-1777080896-bgs-sada-olovnice-s-provazkem-200-g-6-m.webp\",\"width\":1000,\"height\":525},{\"@type\":\"BreadcrumbList\",\"@id\":\"https:\/\/www.domstavpro.com\/index.php\/produkt\/akcni-cena-bgs-sada-olovnice-s-provazkem-200-g-6-m-67496\/#breadcrumb\",\"itemListElement\":[{\"@type\":\"ListItem\",\"position\":1,\"name\":\"Home\",\"item\":\"https:\/\/www.domstavpro.com\/\"},{\"@type\":\"ListItem\",\"position\":2,\"name\":\"Products\",\"item\":\"https:\/\/www.domstavpro.com\/index.php\/products\/\"},{\"@type\":\"ListItem\",\"position\":3,\"name\":\"Ak\u010dn\u00ed Cena BGS Sada olovnice s prov\u00e1zkem, 200 g, 6 m\"}]},{\"@type\":\"WebSite\",\"@id\":\"https:\/\/www.domstavpro.com\/#website\",\"url\":\"https:\/\/www.domstavpro.com\/\",\"name\":\"\",\"description\":\"\",\"potentialAction\":[{\"@type\":\"SearchAction\",\"target\":{\"@type\":\"EntryPoint\",\"urlTemplate\":\"https:\/\/www.domstavpro.com\/?s={search_term_string}\"},\"query-input\":{\"@type\":\"PropertyValueSpecification\",\"valueRequired\":true,\"valueName\":\"search_term_string\"}}],\"inLanguage\":\"cs\"}]}<\/script>\n<!-- \/ Yoast SEO plugin. -->","yoast_head_json":{"title":"Ak\u010dn\u00ed Cena BGS Sada olovnice s prov\u00e1zkem, 200 g, 6 m -","robots":{"index":"index","follow":"follow","max-snippet":"max-snippet:-1","max-image-preview":"max-image-preview:large","max-video-preview":"max-video-preview:-1"},"canonical":"https:\/\/www.domstavpro.com\/index.php\/produkt\/akcni-cena-bgs-sada-olovnice-s-provazkem-200-g-6-m-67496\/","og_locale":"cs_CZ","og_type":"article","og_title":"Ak\u010dn\u00ed Cena BGS Sada olovnice s prov\u00e1zkem, 200 g, 6 m -","og_description":"dokonale vhodn\u00e9 pro pou\u017eit\u00ed na stavb\u011b vysoce viditeln\u00e1 \u0161\u0148\u016fra jako orienta\u010dn\u00ed pom\u016fcka pro \u0161irokou \u0161k\u00e1lu aplikac\u00ed pro ur\u010dov\u00e1n\u00ed a vyrovn\u00e1v\u00e1n\u00ed svisl\u00fdch \u010dar prot\u00e1hl\u00fd tvar se \u0161t\u00edhlou p\u0159esnou \u0161pi\u010dkou s kulat\u00fdm otvorem na boku pro v\u00fdm\u011bnu olovnice olovnice d\u00e9lka vlasce: 6 m materi\u00e1l olovnice: polyester materi\u00e1l olovnice: ocel A3 hmotnost olovnice: 200 g V\u00dd\u0160KA BALEN\u00cd V\u00fdrobce [&hellip;]","og_url":"https:\/\/www.domstavpro.com\/index.php\/produkt\/akcni-cena-bgs-sada-olovnice-s-provazkem-200-g-6-m-67496\/","og_image":[{"width":1000,"height":525,"url":"https:\/\/www.domstavpro.com\/wp-content\/uploads\/2026\/SK0032357-CZ20260425-093449-0-1777080896-bgs-sada-olovnice-s-provazkem-200-g-6-m.webp","type":"image\/webp"}],"twitter_card":"summary_large_image","schema":{"@context":"https:\/\/schema.org","@graph":[{"@type":"WebPage","@id":"https:\/\/www.domstavpro.com\/index.php\/produkt\/akcni-cena-bgs-sada-olovnice-s-provazkem-200-g-6-m-67496\/","url":"https:\/\/www.domstavpro.com\/index.php\/produkt\/akcni-cena-bgs-sada-olovnice-s-provazkem-200-g-6-m-67496\/","name":"Ak\u010dn\u00ed Cena BGS Sada olovnice s prov\u00e1zkem, 200 g, 6 m -","isPartOf":{"@id":"https:\/\/www.domstavpro.com\/#website"},"primaryImageOfPage":{"@id":"https:\/\/www.domstavpro.com\/index.php\/produkt\/akcni-cena-bgs-sada-olovnice-s-provazkem-200-g-6-m-67496\/#primaryimage"},"image":{"@id":"https:\/\/www.domstavpro.com\/index.php\/produkt\/akcni-cena-bgs-sada-olovnice-s-provazkem-200-g-6-m-67496\/#primaryimage"},"thumbnailUrl":"https:\/\/www.domstavpro.com\/wp-content\/uploads\/2026\/SK0032357-CZ20260425-093449-0-1777080896-bgs-sada-olovnice-s-provazkem-200-g-6-m.webp","datePublished":"2026-04-27T15:10:37+00:00","breadcrumb":{"@id":"https:\/\/www.domstavpro.com\/index.php\/produkt\/akcni-cena-bgs-sada-olovnice-s-provazkem-200-g-6-m-67496\/#breadcrumb"},"inLanguage":"cs","potentialAction":[{"@type":"ReadAction","target":["https:\/\/www.domstavpro.com\/index.php\/produkt\/akcni-cena-bgs-sada-olovnice-s-provazkem-200-g-6-m-67496\/"]}]},{"@type":"ImageObject","inLanguage":"cs","@id":"https:\/\/www.domstavpro.com\/index.php\/produkt\/akcni-cena-bgs-sada-olovnice-s-provazkem-200-g-6-m-67496\/#primaryimage","url":"https:\/\/www.domstavpro.com\/wp-content\/uploads\/2026\/SK0032357-CZ20260425-093449-0-1777080896-bgs-sada-olovnice-s-provazkem-200-g-6-m.webp","contentUrl":"https:\/\/www.domstavpro.com\/wp-content\/uploads\/2026\/SK0032357-CZ20260425-093449-0-1777080896-bgs-sada-olovnice-s-provazkem-200-g-6-m.webp","width":1000,"height":525},{"@type":"BreadcrumbList","@id":"https:\/\/www.domstavpro.com\/index.php\/produkt\/akcni-cena-bgs-sada-olovnice-s-provazkem-200-g-6-m-67496\/#breadcrumb","itemListElement":[{"@type":"ListItem","position":1,"name":"Home","item":"https:\/\/www.domstavpro.com\/"},{"@type":"ListItem","position":2,"name":"Products","item":"https:\/\/www.domstavpro.com\/index.php\/products\/"},{"@type":"ListItem","position":3,"name":"Ak\u010dn\u00ed Cena BGS Sada olovnice s prov\u00e1zkem, 200 g, 6 m"}]},{"@type":"WebSite","@id":"https:\/\/www.domstavpro.com\/#website","url":"https:\/\/www.domstavpro.com\/","name":"","description":"","potentialAction":[{"@type":"SearchAction","target":{"@type":"EntryPoint","urlTemplate":"https:\/\/www.domstavpro.com\/?s={search_term_string}"},"query-input":{"@type":"PropertyValueSpecification","valueRequired":true,"valueName":"search_term_string"}}],"inLanguage":"cs"}]}},"_links":{"self":[{"href":"https:\/\/www.domstavpro.com\/index.php\/wp-json\/wp\/v2\/product\/67496","targetHints":{"allow":["GET"]}}],"collection":[{"href":"https:\/\/www.domstavpro.com\/index.php\/wp-json\/wp\/v2\/product"}],"about":[{"href":"https:\/\/www.domstavpro.com\/index.php\/wp-json\/wp\/v2\/types\/product"}],"replies":[{"embeddable":true,"href":"https:\/\/www.domstavpro.com\/index.php\/wp-json\/wp\/v2\/comments?post=67496"}],"wp:featuredmedia":[{"embeddable":true,"href":"https:\/\/www.domstavpro.com\/index.php\/wp-json\/wp\/v2\/media\/67596"}],"wp:attachment":[{"href":"https:\/\/www.domstavpro.com\/index.php\/wp-json\/wp\/v2\/media?parent=67496"}],"wp:term":[{"taxonomy":"product_brand","embeddable":true,"href":"https:\/\/www.domstavpro.com\/index.php\/wp-json\/wp\/v2\/product_brand?post=67496"},{"taxonomy":"product_cat","embeddable":true,"href":"https:\/\/www.domstavpro.com\/index.php\/wp-json\/wp\/v2\/product_cat?post=67496"},{"taxonomy":"product_tag","embeddable":true,"href":"https:\/\/www.domstavpro.com\/index.php\/wp-json\/wp\/v2\/product_tag?post=67496"}],"curies":[{"name":"wp","href":"https:\/\/api.w.org\/{rel}","templated":true}]}}