{"id":6748,"date":"2026-04-27T15:08:09","date_gmt":"2026-04-27T15:08:09","guid":{"rendered":""},"modified":"2026-04-27T15:08:09","modified_gmt":"2026-04-27T15:08:09","slug":"powerplus-powx5100-elektrocentrala-2-200-w-specialni-cena-6748","status":"publish","type":"product","link":"https:\/\/www.domstavpro.com\/index.php\/produkt\/powerplus-powx5100-elektrocentrala-2-200-w-specialni-cena-6748\/","title":{"rendered":"POWERPLUS POWX5100 Elektrocentr\u00e1la 2.200 W Speci\u00e1ln\u00ed Cena"},"content":{"rendered":"<table>\n<div class=\"tab-pane active product-description\" id=\"popis\" role=\"tabpanel\">\n<div class=\"short-description\" itemprop=\"description\"><\/div>\n<div class=\"description\"><span class='bullet-line'>POWX5100 od PowerPlus je velmi v\u00fdkonn\u00fd benzinov\u00fd gener\u00e1tor s jmenovit\u00fdm v\u00fdkonem 2.000W, co\u017e je v\u00edce ne\u017e dosta\u010duj\u00edc\u00ed pro v\u011bt\u0161inu aplikac\u00ed. <br \/><\/span><span class='bullet-line'>Je nepostradateln\u00fd pro elektrick\u00e9 nap\u00e1jen\u00ed na dovolen\u00e9, b\u011bhem v\u00fdpadk\u016f proudu, nebo kdy\u017e je pro elektrick\u00e9 n\u00e1\u0159ad\u00ed pot\u0159eba nap\u00e1jec\u00ed zdroj mimo s\u00ed\u0165. <br \/><\/span><span class='bullet-line'>D\u00edky velk\u00e9 palivov\u00e9 n\u00e1dr\u017ei o objemu 15 l s praktick\u00fdm ukazatelem hladiny paliva pob\u011b\u017e\u00ed gener\u00e1tor asi 10 hodin bez dopl\u0148ov\u00e1n\u00ed. <br \/><\/span><span class='bullet-line'>Robustn\u00ed kola a rukoje\u0165 pom\u00e1haj\u00ed dostat gener\u00e1tor na po\u017eadovan\u00e9 m\u00edsto bez n\u00e1mahy. Proto\u017ee p\u0159i jeho v\u00fdrob\u011b byla pou\u017eita nejnov\u011bj\u0161\u00ed technologie, m\u00e1 tento gener\u00e1tor ni\u017e\u0161\u00ed emise CO2 a produkuje m\u00e9n\u011b hluku.<\/span><\/div>\n<div class=\"parameters\">\n<tr>\n<td>Objem motoru<\/td>\n<td>196 cc<\/td>\n<\/tr>\n<tr>\n<td>Maxim\u00e1ln\u00ed v\u00fdkon<\/td>\n<td>2.200 W<\/td>\n<\/tr>\n<tr>\n<td>Jmenovit\u00fd v\u00fdkon<\/td>\n<td>2.000 W<\/td>\n<\/tr>\n<tr>\n<td>V\u00fdkon motoru<\/td>\n<td>4,8 kW \/ 6,5 HP<\/td>\n<\/tr>\n<tr>\n<td>Nap\u011bt\u00ed<\/td>\n<td>AC 230V \/ 50Hz<\/td>\n<\/tr>\n<tr>\n<td>Regulace nap\u00e1jen\u00ed automatick\u00e1<\/td>\n<td>AVR<\/td>\n<\/tr>\n<tr>\n<td>Objem palivov\u00e9 n\u00e1dr\u017ee<\/td>\n<td>15 l<\/td>\n<\/tr>\n<tr>\n<td>Objem olejov\u00e9 n\u00e1dr\u017ee<\/td>\n<td>0,6 l<\/td>\n<\/tr>\n<tr>\n<td>Palivo bezolovnat\u00fd,<\/td>\n<td>EURO 95\/98<\/td>\n<\/tr>\n<tr>\n<td>Doba provozu na n\u00e1dr\u017e<\/td>\n<td>\/-10 hod.<\/td>\n<\/tr>\n<tr>\n<td>Hmotnost<\/td>\n<td>40 kg<\/td>\n<\/tr><\/div>\n<\/table>\n","protected":false},"excerpt":{"rendered":"<p>POWX5100 od PowerPlus je velmi v\u00fdkonn\u00fd benzinov\u00fd gener\u00e1tor s jmenovit\u00fdm v\u00fdkonem 2.000W, co\u017e je v\u00edce ne\u017e dosta\u010duj\u00edc\u00ed pro v\u011bt\u0161inu aplikac\u00ed. Je nepostradateln\u00fd pro elektrick\u00e9 nap\u00e1jen\u00ed na dovolen\u00e9, b\u011bhem v\u00fdpadk\u016f proudu, nebo kdy\u017e je pro elektrick\u00e9 n\u00e1\u0159ad\u00ed pot\u0159eba nap\u00e1jec\u00ed zdroj mimo s\u00ed\u0165. D\u00edky velk\u00e9 palivov\u00e9 n\u00e1dr\u017ei o objemu 15 l s praktick\u00fdm ukazatelem hladiny paliva pob\u011b\u017e\u00ed [&hellip;]<\/p>\n","protected":false},"featured_media":6848,"comment_status":"open","ping_status":"open","template":"","meta":[],"product_brand":[],"product_cat":[40],"product_tag":[],"class_list":{"0":"post-6748","1":"product","2":"type-product","3":"status-publish","4":"has-post-thumbnail","6":"product_cat-stavebni-technika","8":"first","9":"instock","10":"sale","11":"shipping-taxable","12":"purchasable","13":"product-type-simple"},"yoast_head":"<!-- This site is optimized with the Yoast SEO plugin v26.8 - https:\/\/yoast.com\/product\/yoast-seo-wordpress\/ -->\n<title>POWERPLUS POWX5100 Elektrocentr\u00e1la 2.200 W Speci\u00e1ln\u00ed Cena -<\/title>\n<meta name=\"robots\" content=\"index, follow, max-snippet:-1, max-image-preview:large, max-video-preview:-1\" \/>\n<link rel=\"canonical\" href=\"https:\/\/www.domstavpro.com\/index.php\/produkt\/powerplus-powx5100-elektrocentrala-2-200-w-specialni-cena-6748\/\" \/>\n<meta property=\"og:locale\" content=\"cs_CZ\" \/>\n<meta property=\"og:type\" content=\"article\" \/>\n<meta property=\"og:title\" content=\"POWERPLUS POWX5100 Elektrocentr\u00e1la 2.200 W Speci\u00e1ln\u00ed Cena -\" \/>\n<meta property=\"og:description\" content=\"POWX5100 od PowerPlus je velmi v\u00fdkonn\u00fd benzinov\u00fd gener\u00e1tor s jmenovit\u00fdm v\u00fdkonem 2.000W, co\u017e je v\u00edce ne\u017e dosta\u010duj\u00edc\u00ed pro v\u011bt\u0161inu aplikac\u00ed. Je nepostradateln\u00fd pro elektrick\u00e9 nap\u00e1jen\u00ed na dovolen\u00e9, b\u011bhem v\u00fdpadk\u016f proudu, nebo kdy\u017e je pro elektrick\u00e9 n\u00e1\u0159ad\u00ed pot\u0159eba nap\u00e1jec\u00ed zdroj mimo s\u00ed\u0165. D\u00edky velk\u00e9 palivov\u00e9 n\u00e1dr\u017ei o objemu 15 l s praktick\u00fdm ukazatelem hladiny paliva pob\u011b\u017e\u00ed [&hellip;]\" \/>\n<meta property=\"og:url\" content=\"https:\/\/www.domstavpro.com\/index.php\/produkt\/powerplus-powx5100-elektrocentrala-2-200-w-specialni-cena-6748\/\" \/>\n<meta property=\"og:image\" content=\"https:\/\/www.domstavpro.com\/wp-content\/uploads\/2026\/SK0029117-CZ20260425-092328-0-1777080210-4629_10258.webp\" \/>\n\t<meta property=\"og:image:width\" content=\"1000\" \/>\n\t<meta property=\"og:image:height\" content=\"717\" \/>\n\t<meta property=\"og:image:type\" content=\"image\/webp\" \/>\n<meta name=\"twitter:card\" content=\"summary_large_image\" \/>\n<meta name=\"twitter:label1\" content=\"Odhadovan\u00e1 doba \u010dten\u00ed\" \/>\n\t<meta name=\"twitter:data1\" content=\"1 minuta\" \/>\n<script type=\"application\/ld+json\" class=\"yoast-schema-graph\">{\"@context\":\"https:\/\/schema.org\",\"@graph\":[{\"@type\":\"WebPage\",\"@id\":\"https:\/\/www.domstavpro.com\/index.php\/produkt\/powerplus-powx5100-elektrocentrala-2-200-w-specialni-cena-6748\/\",\"url\":\"https:\/\/www.domstavpro.com\/index.php\/produkt\/powerplus-powx5100-elektrocentrala-2-200-w-specialni-cena-6748\/\",\"name\":\"POWERPLUS POWX5100 Elektrocentr\u00e1la 2.200 W Speci\u00e1ln\u00ed Cena -\",\"isPartOf\":{\"@id\":\"https:\/\/www.domstavpro.com\/#website\"},\"primaryImageOfPage\":{\"@id\":\"https:\/\/www.domstavpro.com\/index.php\/produkt\/powerplus-powx5100-elektrocentrala-2-200-w-specialni-cena-6748\/#primaryimage\"},\"image\":{\"@id\":\"https:\/\/www.domstavpro.com\/index.php\/produkt\/powerplus-powx5100-elektrocentrala-2-200-w-specialni-cena-6748\/#primaryimage\"},\"thumbnailUrl\":\"https:\/\/www.domstavpro.com\/wp-content\/uploads\/2026\/SK0029117-CZ20260425-092328-0-1777080210-4629_10258.webp\",\"datePublished\":\"2026-04-27T15:08:09+00:00\",\"breadcrumb\":{\"@id\":\"https:\/\/www.domstavpro.com\/index.php\/produkt\/powerplus-powx5100-elektrocentrala-2-200-w-specialni-cena-6748\/#breadcrumb\"},\"inLanguage\":\"cs\",\"potentialAction\":[{\"@type\":\"ReadAction\",\"target\":[\"https:\/\/www.domstavpro.com\/index.php\/produkt\/powerplus-powx5100-elektrocentrala-2-200-w-specialni-cena-6748\/\"]}]},{\"@type\":\"ImageObject\",\"inLanguage\":\"cs\",\"@id\":\"https:\/\/www.domstavpro.com\/index.php\/produkt\/powerplus-powx5100-elektrocentrala-2-200-w-specialni-cena-6748\/#primaryimage\",\"url\":\"https:\/\/www.domstavpro.com\/wp-content\/uploads\/2026\/SK0029117-CZ20260425-092328-0-1777080210-4629_10258.webp\",\"contentUrl\":\"https:\/\/www.domstavpro.com\/wp-content\/uploads\/2026\/SK0029117-CZ20260425-092328-0-1777080210-4629_10258.webp\",\"width\":1000,\"height\":717},{\"@type\":\"BreadcrumbList\",\"@id\":\"https:\/\/www.domstavpro.com\/index.php\/produkt\/powerplus-powx5100-elektrocentrala-2-200-w-specialni-cena-6748\/#breadcrumb\",\"itemListElement\":[{\"@type\":\"ListItem\",\"position\":1,\"name\":\"Home\",\"item\":\"https:\/\/www.domstavpro.com\/\"},{\"@type\":\"ListItem\",\"position\":2,\"name\":\"Products\",\"item\":\"https:\/\/www.domstavpro.com\/index.php\/products\/\"},{\"@type\":\"ListItem\",\"position\":3,\"name\":\"POWERPLUS POWX5100 Elektrocentr\u00e1la 2.200 W Speci\u00e1ln\u00ed Cena\"}]},{\"@type\":\"WebSite\",\"@id\":\"https:\/\/www.domstavpro.com\/#website\",\"url\":\"https:\/\/www.domstavpro.com\/\",\"name\":\"\",\"description\":\"\",\"potentialAction\":[{\"@type\":\"SearchAction\",\"target\":{\"@type\":\"EntryPoint\",\"urlTemplate\":\"https:\/\/www.domstavpro.com\/?s={search_term_string}\"},\"query-input\":{\"@type\":\"PropertyValueSpecification\",\"valueRequired\":true,\"valueName\":\"search_term_string\"}}],\"inLanguage\":\"cs\"}]}<\/script>\n<!-- \/ Yoast SEO plugin. -->","yoast_head_json":{"title":"POWERPLUS POWX5100 Elektrocentr\u00e1la 2.200 W Speci\u00e1ln\u00ed Cena -","robots":{"index":"index","follow":"follow","max-snippet":"max-snippet:-1","max-image-preview":"max-image-preview:large","max-video-preview":"max-video-preview:-1"},"canonical":"https:\/\/www.domstavpro.com\/index.php\/produkt\/powerplus-powx5100-elektrocentrala-2-200-w-specialni-cena-6748\/","og_locale":"cs_CZ","og_type":"article","og_title":"POWERPLUS POWX5100 Elektrocentr\u00e1la 2.200 W Speci\u00e1ln\u00ed Cena -","og_description":"POWX5100 od PowerPlus je velmi v\u00fdkonn\u00fd benzinov\u00fd gener\u00e1tor s jmenovit\u00fdm v\u00fdkonem 2.000W, co\u017e je v\u00edce ne\u017e dosta\u010duj\u00edc\u00ed pro v\u011bt\u0161inu aplikac\u00ed. Je nepostradateln\u00fd pro elektrick\u00e9 nap\u00e1jen\u00ed na dovolen\u00e9, b\u011bhem v\u00fdpadk\u016f proudu, nebo kdy\u017e je pro elektrick\u00e9 n\u00e1\u0159ad\u00ed pot\u0159eba nap\u00e1jec\u00ed zdroj mimo s\u00ed\u0165. D\u00edky velk\u00e9 palivov\u00e9 n\u00e1dr\u017ei o objemu 15 l s praktick\u00fdm ukazatelem hladiny paliva pob\u011b\u017e\u00ed [&hellip;]","og_url":"https:\/\/www.domstavpro.com\/index.php\/produkt\/powerplus-powx5100-elektrocentrala-2-200-w-specialni-cena-6748\/","og_image":[{"width":1000,"height":717,"url":"https:\/\/www.domstavpro.com\/wp-content\/uploads\/2026\/SK0029117-CZ20260425-092328-0-1777080210-4629_10258.webp","type":"image\/webp"}],"twitter_card":"summary_large_image","twitter_misc":{"Odhadovan\u00e1 doba \u010dten\u00ed":"1 minuta"},"schema":{"@context":"https:\/\/schema.org","@graph":[{"@type":"WebPage","@id":"https:\/\/www.domstavpro.com\/index.php\/produkt\/powerplus-powx5100-elektrocentrala-2-200-w-specialni-cena-6748\/","url":"https:\/\/www.domstavpro.com\/index.php\/produkt\/powerplus-powx5100-elektrocentrala-2-200-w-specialni-cena-6748\/","name":"POWERPLUS POWX5100 Elektrocentr\u00e1la 2.200 W Speci\u00e1ln\u00ed Cena -","isPartOf":{"@id":"https:\/\/www.domstavpro.com\/#website"},"primaryImageOfPage":{"@id":"https:\/\/www.domstavpro.com\/index.php\/produkt\/powerplus-powx5100-elektrocentrala-2-200-w-specialni-cena-6748\/#primaryimage"},"image":{"@id":"https:\/\/www.domstavpro.com\/index.php\/produkt\/powerplus-powx5100-elektrocentrala-2-200-w-specialni-cena-6748\/#primaryimage"},"thumbnailUrl":"https:\/\/www.domstavpro.com\/wp-content\/uploads\/2026\/SK0029117-CZ20260425-092328-0-1777080210-4629_10258.webp","datePublished":"2026-04-27T15:08:09+00:00","breadcrumb":{"@id":"https:\/\/www.domstavpro.com\/index.php\/produkt\/powerplus-powx5100-elektrocentrala-2-200-w-specialni-cena-6748\/#breadcrumb"},"inLanguage":"cs","potentialAction":[{"@type":"ReadAction","target":["https:\/\/www.domstavpro.com\/index.php\/produkt\/powerplus-powx5100-elektrocentrala-2-200-w-specialni-cena-6748\/"]}]},{"@type":"ImageObject","inLanguage":"cs","@id":"https:\/\/www.domstavpro.com\/index.php\/produkt\/powerplus-powx5100-elektrocentrala-2-200-w-specialni-cena-6748\/#primaryimage","url":"https:\/\/www.domstavpro.com\/wp-content\/uploads\/2026\/SK0029117-CZ20260425-092328-0-1777080210-4629_10258.webp","contentUrl":"https:\/\/www.domstavpro.com\/wp-content\/uploads\/2026\/SK0029117-CZ20260425-092328-0-1777080210-4629_10258.webp","width":1000,"height":717},{"@type":"BreadcrumbList","@id":"https:\/\/www.domstavpro.com\/index.php\/produkt\/powerplus-powx5100-elektrocentrala-2-200-w-specialni-cena-6748\/#breadcrumb","itemListElement":[{"@type":"ListItem","position":1,"name":"Home","item":"https:\/\/www.domstavpro.com\/"},{"@type":"ListItem","position":2,"name":"Products","item":"https:\/\/www.domstavpro.com\/index.php\/products\/"},{"@type":"ListItem","position":3,"name":"POWERPLUS POWX5100 Elektrocentr\u00e1la 2.200 W Speci\u00e1ln\u00ed Cena"}]},{"@type":"WebSite","@id":"https:\/\/www.domstavpro.com\/#website","url":"https:\/\/www.domstavpro.com\/","name":"","description":"","potentialAction":[{"@type":"SearchAction","target":{"@type":"EntryPoint","urlTemplate":"https:\/\/www.domstavpro.com\/?s={search_term_string}"},"query-input":{"@type":"PropertyValueSpecification","valueRequired":true,"valueName":"search_term_string"}}],"inLanguage":"cs"}]}},"_links":{"self":[{"href":"https:\/\/www.domstavpro.com\/index.php\/wp-json\/wp\/v2\/product\/6748","targetHints":{"allow":["GET"]}}],"collection":[{"href":"https:\/\/www.domstavpro.com\/index.php\/wp-json\/wp\/v2\/product"}],"about":[{"href":"https:\/\/www.domstavpro.com\/index.php\/wp-json\/wp\/v2\/types\/product"}],"replies":[{"embeddable":true,"href":"https:\/\/www.domstavpro.com\/index.php\/wp-json\/wp\/v2\/comments?post=6748"}],"wp:featuredmedia":[{"embeddable":true,"href":"https:\/\/www.domstavpro.com\/index.php\/wp-json\/wp\/v2\/media\/6848"}],"wp:attachment":[{"href":"https:\/\/www.domstavpro.com\/index.php\/wp-json\/wp\/v2\/media?parent=6748"}],"wp:term":[{"taxonomy":"product_brand","embeddable":true,"href":"https:\/\/www.domstavpro.com\/index.php\/wp-json\/wp\/v2\/product_brand?post=6748"},{"taxonomy":"product_cat","embeddable":true,"href":"https:\/\/www.domstavpro.com\/index.php\/wp-json\/wp\/v2\/product_cat?post=6748"},{"taxonomy":"product_tag","embeddable":true,"href":"https:\/\/www.domstavpro.com\/index.php\/wp-json\/wp\/v2\/product_tag?post=6748"}],"curies":[{"name":"wp","href":"https:\/\/api.w.org\/{rel}","templated":true}]}}