{"id":6747,"date":"2026-04-27T15:08:09","date_gmt":"2026-04-27T15:08:09","guid":{"rendered":""},"modified":"2026-04-27T15:08:09","modified_gmt":"2026-04-27T15:08:09","slug":"powerplus-powx5130-elektrocentrala-3-000w-vysoce-kvalitni-6747","status":"publish","type":"product","link":"https:\/\/www.domstavpro.com\/index.php\/produkt\/powerplus-powx5130-elektrocentrala-3-000w-vysoce-kvalitni-6747\/","title":{"rendered":"POWERPLUS POWX5130 Elektrocentr\u00e1la 3.000W Vysoce Kvalitn\u00ed"},"content":{"rendered":"<table>\n<div class=\"tab-pane active product-description\" id=\"popis\" role=\"tabpanel\">\n<div class=\"short-description\" itemprop=\"description\"><\/div>\n<div class=\"description\"><span class='bullet-line'>POWX5130 od PowerPlus je velmi v\u00fdkonn\u00fd benzinov\u00fd gener\u00e1tor s jmenovit\u00fdm v\u00fdkonem 2.800W, co\u017e je v\u00edce ne\u017e dosta\u010duj\u00edc\u00ed pro v\u011bt\u0161inu aplikac\u00ed. Je nepostradateln\u00fd pro elektrick\u00e9 nap\u00e1jen\u00ed na dovolen\u00e9, b\u011bhem v\u00fdpadk\u016f proudu, nebo kdy\u017e je pro elektrick\u00e9 n\u00e1\u0159ad\u00ed pot\u0159eba nap\u00e1jec\u00ed zdroj mimo s\u00ed\u0165. <br \/><\/span><span class='bullet-line'>D\u00edky velk\u00e9 palivov\u00e9 n\u00e1dr\u017ei o objemu 15 l s praktick\u00fdm ukazatelem hladiny paliva pob\u011b\u017e\u00ed gener\u00e1tor asi +\/- 9 hodin bez dopl\u0148ov\u00e1n\u00ed. <br \/><\/span><span class='bullet-line'>Robustn\u00ed kola a rukoje\u0165 pom\u00e1haj\u00ed dostat gener\u00e1tor na po\u017eadovan\u00e9 m\u00edsto bez n\u00e1mahy. Proto\u017ee p\u0159i jeho v\u00fdrob\u011b byla pou\u017eita nejnov\u011bj\u0161\u00ed technologie, m\u00e1 tento gener\u00e1tor ni\u017e\u0161\u00ed emise CO2 a produkuje m\u00e9n\u011b hluku.<br \/><\/span><br \/>\u27a4 VLASTNOSTI<span class='bullet-line'>Motor benzinov\u00fd, 1-v\u00e1lec, 4-takt, vzduchem chlazen\u00fd<br \/><\/span><span class='bullet-line'>2x AC z\u00e1suvka 230V~ 50Hz<br \/><\/span><span class='bullet-line'>Automatick\u00e1 AVR<br \/><\/span><span class='bullet-line'>Kola pro lep\u0161\u00ed manipulaci<br \/><\/span><span class='bullet-line'>DC jisti\u010d<br \/><\/span><span class='bullet-line'>P\u0159\u00eddavn\u00e1 rukoje\u0165 pro lep\u0161\u00ed manipulaci<br \/><\/span><span class='bullet-line'>Stupe\u0148 kryt\u00ed IP23<br \/><\/span><span class='bullet-line'>Sou\u010dinitel v\u00fdkonu Cos \u03c6=1,0<br \/><\/span><span class='bullet-line'>Syst\u00e9m upozor\u0148uj\u00edc\u00ed na n\u00edzkou hladinu oleje<br \/><\/span><span class='bullet-line'>Ochrana proti p\u0159et\u00ed\u017een\u00ed<br \/><\/span><br \/>\u27a4 BALEN\u00cd OBSAHUJE<span class='bullet-line'>1x elektrocentr\u00e1la<br \/><\/span><span class='bullet-line'>1x p\u0159\u00eddavn\u00e1 rukoje\u0165<br \/><\/span><span class='bullet-line'>2x p\u0159epravn\u00ed kola<br \/><\/span><br \/>\u27a4 VHODN\u00c9 P\u0158\u00cdSLU\u0160ENSTV\u00cd<span class='bullet-line'>POWOIL033 Olej do 4-taktn\u00edch motor\u016f 1l<br \/><\/span><span class='bullet-line'>POWOIL035 Olej do 4-taktn\u00edch motor\u016f 5l<br \/><\/span><span class='bullet-line'>POWACG8015 Odsava\u010d oleje \/ paliva<\/span><\/div>\n<div class=\"parameters\">\n<tr>\n<td>Objem motoru<\/td>\n<td>210 cc<\/td>\n<\/tr>\n<tr>\n<td>Maxim\u00e1ln\u00ed v\u00fdkon<\/td>\n<td>3.000 W<\/td>\n<\/tr>\n<tr>\n<td>Jmenovit\u00fd v\u00fdkon<\/td>\n<td>2.800 W<\/td>\n<\/tr>\n<tr>\n<td>V\u00fdkon motoru<\/td>\n<td>5,1 kW \/ 7 HP<\/td>\n<\/tr>\n<tr>\n<td>Nap\u011bt\u00ed AC<\/td>\n<td>230V \/ 50Hz<\/td>\n<\/tr>\n<tr>\n<td>Regulace nap\u00e1jen\u00ed automatick\u00e1<\/td>\n<td>AVR<\/td>\n<\/tr>\n<tr>\n<td>Objem palivov\u00e9 n\u00e1dr\u017ee<\/td>\n<td>15 l<\/td>\n<\/tr>\n<tr>\n<td>Objem olejov\u00e9 n\u00e1dr\u017ee<\/td>\n<td>0,6 l<\/td>\n<\/tr>\n<tr>\n<td>Palivo bezolovnat\u00fd,<\/td>\n<td>EURO 95\/98<\/td>\n<\/tr>\n<tr>\n<td>Doba provozu na n\u00e1dr\u017e<\/td>\n<td>+\/-9 hod.<\/td>\n<\/tr>\n<tr>\n<td>Hmotnost<\/td>\n<td>45 kg<\/td>\n<\/tr><\/div>\n<\/table>\n","protected":false},"excerpt":{"rendered":"<p>POWX5130 od PowerPlus je velmi v\u00fdkonn\u00fd benzinov\u00fd gener\u00e1tor s jmenovit\u00fdm v\u00fdkonem 2.800W, co\u017e je v\u00edce ne\u017e dosta\u010duj\u00edc\u00ed pro v\u011bt\u0161inu aplikac\u00ed. Je nepostradateln\u00fd pro elektrick\u00e9 nap\u00e1jen\u00ed na dovolen\u00e9, b\u011bhem v\u00fdpadk\u016f proudu, nebo kdy\u017e je pro elektrick\u00e9 n\u00e1\u0159ad\u00ed pot\u0159eba nap\u00e1jec\u00ed zdroj mimo s\u00ed\u0165. D\u00edky velk\u00e9 palivov\u00e9 n\u00e1dr\u017ei o objemu 15 l s praktick\u00fdm ukazatelem hladiny paliva pob\u011b\u017e\u00ed [&hellip;]<\/p>\n","protected":false},"featured_media":6847,"comment_status":"open","ping_status":"open","template":"","meta":[],"product_brand":[],"product_cat":[40],"product_tag":[],"class_list":{"0":"post-6747","1":"product","2":"type-product","3":"status-publish","4":"has-post-thumbnail","6":"product_cat-stavebni-technika","8":"first","9":"instock","10":"sale","11":"shipping-taxable","12":"purchasable","13":"product-type-simple"},"yoast_head":"<!-- This site is optimized with the Yoast SEO plugin v26.8 - https:\/\/yoast.com\/product\/yoast-seo-wordpress\/ -->\n<title>POWERPLUS POWX5130 Elektrocentr\u00e1la 3.000W Vysoce Kvalitn\u00ed -<\/title>\n<meta name=\"robots\" content=\"index, follow, max-snippet:-1, max-image-preview:large, max-video-preview:-1\" \/>\n<link rel=\"canonical\" href=\"https:\/\/www.domstavpro.com\/index.php\/produkt\/powerplus-powx5130-elektrocentrala-3-000w-vysoce-kvalitni-6747\/\" \/>\n<meta property=\"og:locale\" content=\"cs_CZ\" \/>\n<meta property=\"og:type\" content=\"article\" \/>\n<meta property=\"og:title\" content=\"POWERPLUS POWX5130 Elektrocentr\u00e1la 3.000W Vysoce Kvalitn\u00ed -\" \/>\n<meta property=\"og:description\" content=\"POWX5130 od PowerPlus je velmi v\u00fdkonn\u00fd benzinov\u00fd gener\u00e1tor s jmenovit\u00fdm v\u00fdkonem 2.800W, co\u017e je v\u00edce ne\u017e dosta\u010duj\u00edc\u00ed pro v\u011bt\u0161inu aplikac\u00ed. Je nepostradateln\u00fd pro elektrick\u00e9 nap\u00e1jen\u00ed na dovolen\u00e9, b\u011bhem v\u00fdpadk\u016f proudu, nebo kdy\u017e je pro elektrick\u00e9 n\u00e1\u0159ad\u00ed pot\u0159eba nap\u00e1jec\u00ed zdroj mimo s\u00ed\u0165. D\u00edky velk\u00e9 palivov\u00e9 n\u00e1dr\u017ei o objemu 15 l s praktick\u00fdm ukazatelem hladiny paliva pob\u011b\u017e\u00ed [&hellip;]\" \/>\n<meta property=\"og:url\" content=\"https:\/\/www.domstavpro.com\/index.php\/produkt\/powerplus-powx5130-elektrocentrala-3-000w-vysoce-kvalitni-6747\/\" \/>\n<meta property=\"og:image\" content=\"https:\/\/www.domstavpro.com\/wp-content\/uploads\/2026\/SK0029116-CZ20260425-092328-0-1777080210-4630_10267.webp\" \/>\n\t<meta property=\"og:image:width\" content=\"1000\" \/>\n\t<meta property=\"og:image:height\" content=\"735\" \/>\n\t<meta property=\"og:image:type\" content=\"image\/webp\" \/>\n<meta name=\"twitter:card\" content=\"summary_large_image\" \/>\n<meta name=\"twitter:label1\" content=\"Odhadovan\u00e1 doba \u010dten\u00ed\" \/>\n\t<meta name=\"twitter:data1\" content=\"1 minuta\" \/>\n<script type=\"application\/ld+json\" class=\"yoast-schema-graph\">{\"@context\":\"https:\/\/schema.org\",\"@graph\":[{\"@type\":\"WebPage\",\"@id\":\"https:\/\/www.domstavpro.com\/index.php\/produkt\/powerplus-powx5130-elektrocentrala-3-000w-vysoce-kvalitni-6747\/\",\"url\":\"https:\/\/www.domstavpro.com\/index.php\/produkt\/powerplus-powx5130-elektrocentrala-3-000w-vysoce-kvalitni-6747\/\",\"name\":\"POWERPLUS POWX5130 Elektrocentr\u00e1la 3.000W Vysoce Kvalitn\u00ed -\",\"isPartOf\":{\"@id\":\"https:\/\/www.domstavpro.com\/#website\"},\"primaryImageOfPage\":{\"@id\":\"https:\/\/www.domstavpro.com\/index.php\/produkt\/powerplus-powx5130-elektrocentrala-3-000w-vysoce-kvalitni-6747\/#primaryimage\"},\"image\":{\"@id\":\"https:\/\/www.domstavpro.com\/index.php\/produkt\/powerplus-powx5130-elektrocentrala-3-000w-vysoce-kvalitni-6747\/#primaryimage\"},\"thumbnailUrl\":\"https:\/\/www.domstavpro.com\/wp-content\/uploads\/2026\/SK0029116-CZ20260425-092328-0-1777080210-4630_10267.webp\",\"datePublished\":\"2026-04-27T15:08:09+00:00\",\"breadcrumb\":{\"@id\":\"https:\/\/www.domstavpro.com\/index.php\/produkt\/powerplus-powx5130-elektrocentrala-3-000w-vysoce-kvalitni-6747\/#breadcrumb\"},\"inLanguage\":\"cs\",\"potentialAction\":[{\"@type\":\"ReadAction\",\"target\":[\"https:\/\/www.domstavpro.com\/index.php\/produkt\/powerplus-powx5130-elektrocentrala-3-000w-vysoce-kvalitni-6747\/\"]}]},{\"@type\":\"ImageObject\",\"inLanguage\":\"cs\",\"@id\":\"https:\/\/www.domstavpro.com\/index.php\/produkt\/powerplus-powx5130-elektrocentrala-3-000w-vysoce-kvalitni-6747\/#primaryimage\",\"url\":\"https:\/\/www.domstavpro.com\/wp-content\/uploads\/2026\/SK0029116-CZ20260425-092328-0-1777080210-4630_10267.webp\",\"contentUrl\":\"https:\/\/www.domstavpro.com\/wp-content\/uploads\/2026\/SK0029116-CZ20260425-092328-0-1777080210-4630_10267.webp\",\"width\":1000,\"height\":735},{\"@type\":\"BreadcrumbList\",\"@id\":\"https:\/\/www.domstavpro.com\/index.php\/produkt\/powerplus-powx5130-elektrocentrala-3-000w-vysoce-kvalitni-6747\/#breadcrumb\",\"itemListElement\":[{\"@type\":\"ListItem\",\"position\":1,\"name\":\"Home\",\"item\":\"https:\/\/www.domstavpro.com\/\"},{\"@type\":\"ListItem\",\"position\":2,\"name\":\"Products\",\"item\":\"https:\/\/www.domstavpro.com\/index.php\/products\/\"},{\"@type\":\"ListItem\",\"position\":3,\"name\":\"POWERPLUS POWX5130 Elektrocentr\u00e1la 3.000W Vysoce Kvalitn\u00ed\"}]},{\"@type\":\"WebSite\",\"@id\":\"https:\/\/www.domstavpro.com\/#website\",\"url\":\"https:\/\/www.domstavpro.com\/\",\"name\":\"\",\"description\":\"\",\"potentialAction\":[{\"@type\":\"SearchAction\",\"target\":{\"@type\":\"EntryPoint\",\"urlTemplate\":\"https:\/\/www.domstavpro.com\/?s={search_term_string}\"},\"query-input\":{\"@type\":\"PropertyValueSpecification\",\"valueRequired\":true,\"valueName\":\"search_term_string\"}}],\"inLanguage\":\"cs\"}]}<\/script>\n<!-- \/ Yoast SEO plugin. -->","yoast_head_json":{"title":"POWERPLUS POWX5130 Elektrocentr\u00e1la 3.000W Vysoce Kvalitn\u00ed -","robots":{"index":"index","follow":"follow","max-snippet":"max-snippet:-1","max-image-preview":"max-image-preview:large","max-video-preview":"max-video-preview:-1"},"canonical":"https:\/\/www.domstavpro.com\/index.php\/produkt\/powerplus-powx5130-elektrocentrala-3-000w-vysoce-kvalitni-6747\/","og_locale":"cs_CZ","og_type":"article","og_title":"POWERPLUS POWX5130 Elektrocentr\u00e1la 3.000W Vysoce Kvalitn\u00ed -","og_description":"POWX5130 od PowerPlus je velmi v\u00fdkonn\u00fd benzinov\u00fd gener\u00e1tor s jmenovit\u00fdm v\u00fdkonem 2.800W, co\u017e je v\u00edce ne\u017e dosta\u010duj\u00edc\u00ed pro v\u011bt\u0161inu aplikac\u00ed. Je nepostradateln\u00fd pro elektrick\u00e9 nap\u00e1jen\u00ed na dovolen\u00e9, b\u011bhem v\u00fdpadk\u016f proudu, nebo kdy\u017e je pro elektrick\u00e9 n\u00e1\u0159ad\u00ed pot\u0159eba nap\u00e1jec\u00ed zdroj mimo s\u00ed\u0165. D\u00edky velk\u00e9 palivov\u00e9 n\u00e1dr\u017ei o objemu 15 l s praktick\u00fdm ukazatelem hladiny paliva pob\u011b\u017e\u00ed [&hellip;]","og_url":"https:\/\/www.domstavpro.com\/index.php\/produkt\/powerplus-powx5130-elektrocentrala-3-000w-vysoce-kvalitni-6747\/","og_image":[{"width":1000,"height":735,"url":"https:\/\/www.domstavpro.com\/wp-content\/uploads\/2026\/SK0029116-CZ20260425-092328-0-1777080210-4630_10267.webp","type":"image\/webp"}],"twitter_card":"summary_large_image","twitter_misc":{"Odhadovan\u00e1 doba \u010dten\u00ed":"1 minuta"},"schema":{"@context":"https:\/\/schema.org","@graph":[{"@type":"WebPage","@id":"https:\/\/www.domstavpro.com\/index.php\/produkt\/powerplus-powx5130-elektrocentrala-3-000w-vysoce-kvalitni-6747\/","url":"https:\/\/www.domstavpro.com\/index.php\/produkt\/powerplus-powx5130-elektrocentrala-3-000w-vysoce-kvalitni-6747\/","name":"POWERPLUS POWX5130 Elektrocentr\u00e1la 3.000W Vysoce Kvalitn\u00ed -","isPartOf":{"@id":"https:\/\/www.domstavpro.com\/#website"},"primaryImageOfPage":{"@id":"https:\/\/www.domstavpro.com\/index.php\/produkt\/powerplus-powx5130-elektrocentrala-3-000w-vysoce-kvalitni-6747\/#primaryimage"},"image":{"@id":"https:\/\/www.domstavpro.com\/index.php\/produkt\/powerplus-powx5130-elektrocentrala-3-000w-vysoce-kvalitni-6747\/#primaryimage"},"thumbnailUrl":"https:\/\/www.domstavpro.com\/wp-content\/uploads\/2026\/SK0029116-CZ20260425-092328-0-1777080210-4630_10267.webp","datePublished":"2026-04-27T15:08:09+00:00","breadcrumb":{"@id":"https:\/\/www.domstavpro.com\/index.php\/produkt\/powerplus-powx5130-elektrocentrala-3-000w-vysoce-kvalitni-6747\/#breadcrumb"},"inLanguage":"cs","potentialAction":[{"@type":"ReadAction","target":["https:\/\/www.domstavpro.com\/index.php\/produkt\/powerplus-powx5130-elektrocentrala-3-000w-vysoce-kvalitni-6747\/"]}]},{"@type":"ImageObject","inLanguage":"cs","@id":"https:\/\/www.domstavpro.com\/index.php\/produkt\/powerplus-powx5130-elektrocentrala-3-000w-vysoce-kvalitni-6747\/#primaryimage","url":"https:\/\/www.domstavpro.com\/wp-content\/uploads\/2026\/SK0029116-CZ20260425-092328-0-1777080210-4630_10267.webp","contentUrl":"https:\/\/www.domstavpro.com\/wp-content\/uploads\/2026\/SK0029116-CZ20260425-092328-0-1777080210-4630_10267.webp","width":1000,"height":735},{"@type":"BreadcrumbList","@id":"https:\/\/www.domstavpro.com\/index.php\/produkt\/powerplus-powx5130-elektrocentrala-3-000w-vysoce-kvalitni-6747\/#breadcrumb","itemListElement":[{"@type":"ListItem","position":1,"name":"Home","item":"https:\/\/www.domstavpro.com\/"},{"@type":"ListItem","position":2,"name":"Products","item":"https:\/\/www.domstavpro.com\/index.php\/products\/"},{"@type":"ListItem","position":3,"name":"POWERPLUS POWX5130 Elektrocentr\u00e1la 3.000W Vysoce Kvalitn\u00ed"}]},{"@type":"WebSite","@id":"https:\/\/www.domstavpro.com\/#website","url":"https:\/\/www.domstavpro.com\/","name":"","description":"","potentialAction":[{"@type":"SearchAction","target":{"@type":"EntryPoint","urlTemplate":"https:\/\/www.domstavpro.com\/?s={search_term_string}"},"query-input":{"@type":"PropertyValueSpecification","valueRequired":true,"valueName":"search_term_string"}}],"inLanguage":"cs"}]}},"_links":{"self":[{"href":"https:\/\/www.domstavpro.com\/index.php\/wp-json\/wp\/v2\/product\/6747","targetHints":{"allow":["GET"]}}],"collection":[{"href":"https:\/\/www.domstavpro.com\/index.php\/wp-json\/wp\/v2\/product"}],"about":[{"href":"https:\/\/www.domstavpro.com\/index.php\/wp-json\/wp\/v2\/types\/product"}],"replies":[{"embeddable":true,"href":"https:\/\/www.domstavpro.com\/index.php\/wp-json\/wp\/v2\/comments?post=6747"}],"wp:featuredmedia":[{"embeddable":true,"href":"https:\/\/www.domstavpro.com\/index.php\/wp-json\/wp\/v2\/media\/6847"}],"wp:attachment":[{"href":"https:\/\/www.domstavpro.com\/index.php\/wp-json\/wp\/v2\/media?parent=6747"}],"wp:term":[{"taxonomy":"product_brand","embeddable":true,"href":"https:\/\/www.domstavpro.com\/index.php\/wp-json\/wp\/v2\/product_brand?post=6747"},{"taxonomy":"product_cat","embeddable":true,"href":"https:\/\/www.domstavpro.com\/index.php\/wp-json\/wp\/v2\/product_cat?post=6747"},{"taxonomy":"product_tag","embeddable":true,"href":"https:\/\/www.domstavpro.com\/index.php\/wp-json\/wp\/v2\/product_tag?post=6747"}],"curies":[{"name":"wp","href":"https:\/\/api.w.org\/{rel}","templated":true}]}}