{"id":6729,"date":"2026-04-27T15:08:09","date_gmt":"2026-04-27T15:08:09","guid":{"rendered":""},"modified":"2026-04-27T15:08:09","modified_gmt":"2026-04-27T15:08:09","slug":"cenova-bomba-scheppach-trike-s-zametaci-stroj-mechanicky-6729","status":"publish","type":"product","link":"https:\/\/www.domstavpro.com\/index.php\/produkt\/cenova-bomba-scheppach-trike-s-zametaci-stroj-mechanicky-6729\/","title":{"rendered":"Cenov\u00e1 Bomba Scheppach TRIKE-S &#8211; zametac\u00ed stroj mechanick\u00fd"},"content":{"rendered":"<table>\n<div class=\"tab-pane active product-description\" id=\"popis\" role=\"tabpanel\">\n<div class=\"short-description\" itemprop=\"description\"><\/div>\n<div class=\"description\"><span class='bullet-line'>Se zametac\u00edm strojem Scheppach Trike-S rychle odstran\u00edte prach a ne\u010distoty ze sv\u00e9ho pozemku. Robustn\u00ed a odoln\u00e9 \u0161t\u011btiny a kart\u00e1\u010d na obou stran\u00e1ch zaru\u010duj\u00ed rychl\u00fd postup pr\u00e1ce. N\u00e1dr\u017e o objemu 22 litr\u016f zajist\u00ed, \u017ee sb\u011brnou n\u00e1dobu budete muset jen z\u0159\u00eddka vyprazd\u0148ovat a d\u00edky \u00fazk\u00fdm rozm\u011br\u016fm a nastaviteln\u00fdm rukojet\u00edm je mo\u017en\u00e9 skladovat \u0161et\u0159\u00edc\u00ed m\u00edsto.<\/span><span class='bullet-line'>Dlouhotrvaj\u00edc\u00ed \u0161t\u011btiny<\/span><span class='bullet-line'>Ko\u0161\u0165ata namontovan\u00e1 na obou stran\u00e1ch pro rychl\u00fd postup pr\u00e1ce<\/span><span class='bullet-line'>Scheppach 3-kart\u00e1\u010dov\u00fd zametac\u00ed syst\u00e9m pro efektivn\u00ed \u010di\u0161t\u011bn\u00ed<\/span><span class='bullet-line'>Kole\u010dka s hladk\u00fdm chodem pro pr\u00e1ci bez n\u00e1mahy<\/span><span class='bullet-line'>V\u0161echny rohy a hrany lze snadno slo\u017eit a \u0161et\u0159it m\u00edsto<\/span><span class='bullet-line'>Velk\u00e1 n\u00e1doba na odpad 22 l &#8211; Nen\u00ed nutn\u00e9 \u010dast\u00e9 vyprazd\u0148ov\u00e1n\u00ed n\u00e1doby na odpad.<\/span><span class='bullet-line'>Snadn\u00e9 vyjmut\u00ed z\u00e1sobn\u00edku na ne\u010distoty &#8211; Snadn\u00e9 vypr\u00e1zdn\u011bn\u00ed z\u00e1sobn\u00edku na ne\u010distoty.<\/span><span class='bullet-line'>Velk\u00e1 \u0161\u00ed\u0159ka z\u00e1b\u011bru 650 mm<\/span><span class='bullet-line'>Zamet\u00e1n\u00ed bl\u00edzko okraj\u016f &#8211; D\u016fkladn\u00e9 zamet\u00e1n\u00ed roh\u016f, okraj\u016f a sp\u00e1r<\/span><\/div>\n<div class=\"parameters\">\n<tr>\n<td>Z\u00e1b\u011br (cm)<\/td>\n<td>65<\/td>\n<\/tr>\n<tr>\n<td>Objem boxu<\/td>\n<td>22 l<\/td>\n<\/tr>\n<tr>\n<td>Hmotnost (Kg):<\/td>\n<td>7.80<\/td>\n<\/tr>\n<tr>\n<td>Rozm\u011bry (cm):<\/td>\n<td>59.3 x 65 x 23.6<\/td>\n<\/tr>\n<tr>\n<td>Rozm\u011bry balen\u00ed (cm):<\/td>\n<td>66 x 63 x 24<\/td>\n<\/tr>\n<tr>\n<td>Obj. \u010d.:<\/td>\n<td>5909803900<\/td>\n<\/tr><\/div>\n<\/table>\n","protected":false},"excerpt":{"rendered":"<p>Se zametac\u00edm strojem Scheppach Trike-S rychle odstran\u00edte prach a ne\u010distoty ze sv\u00e9ho pozemku. Robustn\u00ed a odoln\u00e9 \u0161t\u011btiny a kart\u00e1\u010d na obou stran\u00e1ch zaru\u010duj\u00ed rychl\u00fd postup pr\u00e1ce. N\u00e1dr\u017e o objemu 22 litr\u016f zajist\u00ed, \u017ee sb\u011brnou n\u00e1dobu budete muset jen z\u0159\u00eddka vyprazd\u0148ovat a d\u00edky \u00fazk\u00fdm rozm\u011br\u016fm a nastaviteln\u00fdm rukojet\u00edm je mo\u017en\u00e9 skladovat \u0161et\u0159\u00edc\u00ed m\u00edsto.Dlouhotrvaj\u00edc\u00ed \u0161t\u011btinyKo\u0161\u0165ata namontovan\u00e1 na [&hellip;]<\/p>\n","protected":false},"featured_media":6829,"comment_status":"open","ping_status":"open","template":"","meta":[],"product_brand":[],"product_cat":[44],"product_tag":[],"class_list":{"0":"post-6729","1":"product","2":"type-product","3":"status-publish","4":"has-post-thumbnail","6":"product_cat-cistici-technika","8":"first","9":"instock","10":"sale","11":"shipping-taxable","12":"purchasable","13":"product-type-simple"},"yoast_head":"<!-- This site is optimized with the Yoast SEO plugin v26.8 - https:\/\/yoast.com\/product\/yoast-seo-wordpress\/ -->\n<title>Cenov\u00e1 Bomba Scheppach TRIKE-S - zametac\u00ed stroj mechanick\u00fd -<\/title>\n<meta name=\"robots\" content=\"index, follow, max-snippet:-1, max-image-preview:large, max-video-preview:-1\" \/>\n<link rel=\"canonical\" href=\"https:\/\/www.domstavpro.com\/index.php\/produkt\/cenova-bomba-scheppach-trike-s-zametaci-stroj-mechanicky-6729\/\" \/>\n<meta property=\"og:locale\" content=\"cs_CZ\" \/>\n<meta property=\"og:type\" content=\"article\" \/>\n<meta property=\"og:title\" content=\"Cenov\u00e1 Bomba Scheppach TRIKE-S - zametac\u00ed stroj mechanick\u00fd -\" \/>\n<meta property=\"og:description\" content=\"Se zametac\u00edm strojem Scheppach Trike-S rychle odstran\u00edte prach a ne\u010distoty ze sv\u00e9ho pozemku. Robustn\u00ed a odoln\u00e9 \u0161t\u011btiny a kart\u00e1\u010d na obou stran\u00e1ch zaru\u010duj\u00ed rychl\u00fd postup pr\u00e1ce. N\u00e1dr\u017e o objemu 22 litr\u016f zajist\u00ed, \u017ee sb\u011brnou n\u00e1dobu budete muset jen z\u0159\u00eddka vyprazd\u0148ovat a d\u00edky \u00fazk\u00fdm rozm\u011br\u016fm a nastaviteln\u00fdm rukojet\u00edm je mo\u017en\u00e9 skladovat \u0161et\u0159\u00edc\u00ed m\u00edsto.Dlouhotrvaj\u00edc\u00ed \u0161t\u011btinyKo\u0161\u0165ata namontovan\u00e1 na [&hellip;]\" \/>\n<meta property=\"og:url\" content=\"https:\/\/www.domstavpro.com\/index.php\/produkt\/cenova-bomba-scheppach-trike-s-zametaci-stroj-mechanicky-6729\/\" \/>\n<meta property=\"og:image\" content=\"https:\/\/www.domstavpro.com\/wp-content\/uploads\/2026\/SK0029097-CZ20260425-092328-0-1777080210-1253324-1_160313.webp\" \/>\n\t<meta property=\"og:image:width\" content=\"800\" \/>\n\t<meta property=\"og:image:height\" content=\"800\" \/>\n\t<meta property=\"og:image:type\" content=\"image\/webp\" \/>\n<meta name=\"twitter:card\" content=\"summary_large_image\" \/>\n<meta name=\"twitter:label1\" content=\"Odhadovan\u00e1 doba \u010dten\u00ed\" \/>\n\t<meta name=\"twitter:data1\" content=\"1 minuta\" \/>\n<script type=\"application\/ld+json\" class=\"yoast-schema-graph\">{\"@context\":\"https:\/\/schema.org\",\"@graph\":[{\"@type\":\"WebPage\",\"@id\":\"https:\/\/www.domstavpro.com\/index.php\/produkt\/cenova-bomba-scheppach-trike-s-zametaci-stroj-mechanicky-6729\/\",\"url\":\"https:\/\/www.domstavpro.com\/index.php\/produkt\/cenova-bomba-scheppach-trike-s-zametaci-stroj-mechanicky-6729\/\",\"name\":\"Cenov\u00e1 Bomba Scheppach TRIKE-S - zametac\u00ed stroj mechanick\u00fd -\",\"isPartOf\":{\"@id\":\"https:\/\/www.domstavpro.com\/#website\"},\"primaryImageOfPage\":{\"@id\":\"https:\/\/www.domstavpro.com\/index.php\/produkt\/cenova-bomba-scheppach-trike-s-zametaci-stroj-mechanicky-6729\/#primaryimage\"},\"image\":{\"@id\":\"https:\/\/www.domstavpro.com\/index.php\/produkt\/cenova-bomba-scheppach-trike-s-zametaci-stroj-mechanicky-6729\/#primaryimage\"},\"thumbnailUrl\":\"https:\/\/www.domstavpro.com\/wp-content\/uploads\/2026\/SK0029097-CZ20260425-092328-0-1777080210-1253324-1_160313.webp\",\"datePublished\":\"2026-04-27T15:08:09+00:00\",\"breadcrumb\":{\"@id\":\"https:\/\/www.domstavpro.com\/index.php\/produkt\/cenova-bomba-scheppach-trike-s-zametaci-stroj-mechanicky-6729\/#breadcrumb\"},\"inLanguage\":\"cs\",\"potentialAction\":[{\"@type\":\"ReadAction\",\"target\":[\"https:\/\/www.domstavpro.com\/index.php\/produkt\/cenova-bomba-scheppach-trike-s-zametaci-stroj-mechanicky-6729\/\"]}]},{\"@type\":\"ImageObject\",\"inLanguage\":\"cs\",\"@id\":\"https:\/\/www.domstavpro.com\/index.php\/produkt\/cenova-bomba-scheppach-trike-s-zametaci-stroj-mechanicky-6729\/#primaryimage\",\"url\":\"https:\/\/www.domstavpro.com\/wp-content\/uploads\/2026\/SK0029097-CZ20260425-092328-0-1777080210-1253324-1_160313.webp\",\"contentUrl\":\"https:\/\/www.domstavpro.com\/wp-content\/uploads\/2026\/SK0029097-CZ20260425-092328-0-1777080210-1253324-1_160313.webp\",\"width\":800,\"height\":800},{\"@type\":\"BreadcrumbList\",\"@id\":\"https:\/\/www.domstavpro.com\/index.php\/produkt\/cenova-bomba-scheppach-trike-s-zametaci-stroj-mechanicky-6729\/#breadcrumb\",\"itemListElement\":[{\"@type\":\"ListItem\",\"position\":1,\"name\":\"Home\",\"item\":\"https:\/\/www.domstavpro.com\/\"},{\"@type\":\"ListItem\",\"position\":2,\"name\":\"Products\",\"item\":\"https:\/\/www.domstavpro.com\/index.php\/products\/\"},{\"@type\":\"ListItem\",\"position\":3,\"name\":\"Cenov\u00e1 Bomba Scheppach TRIKE-S &#8211; zametac\u00ed stroj mechanick\u00fd\"}]},{\"@type\":\"WebSite\",\"@id\":\"https:\/\/www.domstavpro.com\/#website\",\"url\":\"https:\/\/www.domstavpro.com\/\",\"name\":\"\",\"description\":\"\",\"potentialAction\":[{\"@type\":\"SearchAction\",\"target\":{\"@type\":\"EntryPoint\",\"urlTemplate\":\"https:\/\/www.domstavpro.com\/?s={search_term_string}\"},\"query-input\":{\"@type\":\"PropertyValueSpecification\",\"valueRequired\":true,\"valueName\":\"search_term_string\"}}],\"inLanguage\":\"cs\"}]}<\/script>\n<!-- \/ Yoast SEO plugin. -->","yoast_head_json":{"title":"Cenov\u00e1 Bomba Scheppach TRIKE-S - zametac\u00ed stroj mechanick\u00fd -","robots":{"index":"index","follow":"follow","max-snippet":"max-snippet:-1","max-image-preview":"max-image-preview:large","max-video-preview":"max-video-preview:-1"},"canonical":"https:\/\/www.domstavpro.com\/index.php\/produkt\/cenova-bomba-scheppach-trike-s-zametaci-stroj-mechanicky-6729\/","og_locale":"cs_CZ","og_type":"article","og_title":"Cenov\u00e1 Bomba Scheppach TRIKE-S - zametac\u00ed stroj mechanick\u00fd -","og_description":"Se zametac\u00edm strojem Scheppach Trike-S rychle odstran\u00edte prach a ne\u010distoty ze sv\u00e9ho pozemku. Robustn\u00ed a odoln\u00e9 \u0161t\u011btiny a kart\u00e1\u010d na obou stran\u00e1ch zaru\u010duj\u00ed rychl\u00fd postup pr\u00e1ce. N\u00e1dr\u017e o objemu 22 litr\u016f zajist\u00ed, \u017ee sb\u011brnou n\u00e1dobu budete muset jen z\u0159\u00eddka vyprazd\u0148ovat a d\u00edky \u00fazk\u00fdm rozm\u011br\u016fm a nastaviteln\u00fdm rukojet\u00edm je mo\u017en\u00e9 skladovat \u0161et\u0159\u00edc\u00ed m\u00edsto.Dlouhotrvaj\u00edc\u00ed \u0161t\u011btinyKo\u0161\u0165ata namontovan\u00e1 na [&hellip;]","og_url":"https:\/\/www.domstavpro.com\/index.php\/produkt\/cenova-bomba-scheppach-trike-s-zametaci-stroj-mechanicky-6729\/","og_image":[{"width":800,"height":800,"url":"https:\/\/www.domstavpro.com\/wp-content\/uploads\/2026\/SK0029097-CZ20260425-092328-0-1777080210-1253324-1_160313.webp","type":"image\/webp"}],"twitter_card":"summary_large_image","twitter_misc":{"Odhadovan\u00e1 doba \u010dten\u00ed":"1 minuta"},"schema":{"@context":"https:\/\/schema.org","@graph":[{"@type":"WebPage","@id":"https:\/\/www.domstavpro.com\/index.php\/produkt\/cenova-bomba-scheppach-trike-s-zametaci-stroj-mechanicky-6729\/","url":"https:\/\/www.domstavpro.com\/index.php\/produkt\/cenova-bomba-scheppach-trike-s-zametaci-stroj-mechanicky-6729\/","name":"Cenov\u00e1 Bomba Scheppach TRIKE-S - zametac\u00ed stroj mechanick\u00fd -","isPartOf":{"@id":"https:\/\/www.domstavpro.com\/#website"},"primaryImageOfPage":{"@id":"https:\/\/www.domstavpro.com\/index.php\/produkt\/cenova-bomba-scheppach-trike-s-zametaci-stroj-mechanicky-6729\/#primaryimage"},"image":{"@id":"https:\/\/www.domstavpro.com\/index.php\/produkt\/cenova-bomba-scheppach-trike-s-zametaci-stroj-mechanicky-6729\/#primaryimage"},"thumbnailUrl":"https:\/\/www.domstavpro.com\/wp-content\/uploads\/2026\/SK0029097-CZ20260425-092328-0-1777080210-1253324-1_160313.webp","datePublished":"2026-04-27T15:08:09+00:00","breadcrumb":{"@id":"https:\/\/www.domstavpro.com\/index.php\/produkt\/cenova-bomba-scheppach-trike-s-zametaci-stroj-mechanicky-6729\/#breadcrumb"},"inLanguage":"cs","potentialAction":[{"@type":"ReadAction","target":["https:\/\/www.domstavpro.com\/index.php\/produkt\/cenova-bomba-scheppach-trike-s-zametaci-stroj-mechanicky-6729\/"]}]},{"@type":"ImageObject","inLanguage":"cs","@id":"https:\/\/www.domstavpro.com\/index.php\/produkt\/cenova-bomba-scheppach-trike-s-zametaci-stroj-mechanicky-6729\/#primaryimage","url":"https:\/\/www.domstavpro.com\/wp-content\/uploads\/2026\/SK0029097-CZ20260425-092328-0-1777080210-1253324-1_160313.webp","contentUrl":"https:\/\/www.domstavpro.com\/wp-content\/uploads\/2026\/SK0029097-CZ20260425-092328-0-1777080210-1253324-1_160313.webp","width":800,"height":800},{"@type":"BreadcrumbList","@id":"https:\/\/www.domstavpro.com\/index.php\/produkt\/cenova-bomba-scheppach-trike-s-zametaci-stroj-mechanicky-6729\/#breadcrumb","itemListElement":[{"@type":"ListItem","position":1,"name":"Home","item":"https:\/\/www.domstavpro.com\/"},{"@type":"ListItem","position":2,"name":"Products","item":"https:\/\/www.domstavpro.com\/index.php\/products\/"},{"@type":"ListItem","position":3,"name":"Cenov\u00e1 Bomba Scheppach TRIKE-S &#8211; zametac\u00ed stroj mechanick\u00fd"}]},{"@type":"WebSite","@id":"https:\/\/www.domstavpro.com\/#website","url":"https:\/\/www.domstavpro.com\/","name":"","description":"","potentialAction":[{"@type":"SearchAction","target":{"@type":"EntryPoint","urlTemplate":"https:\/\/www.domstavpro.com\/?s={search_term_string}"},"query-input":{"@type":"PropertyValueSpecification","valueRequired":true,"valueName":"search_term_string"}}],"inLanguage":"cs"}]}},"_links":{"self":[{"href":"https:\/\/www.domstavpro.com\/index.php\/wp-json\/wp\/v2\/product\/6729","targetHints":{"allow":["GET"]}}],"collection":[{"href":"https:\/\/www.domstavpro.com\/index.php\/wp-json\/wp\/v2\/product"}],"about":[{"href":"https:\/\/www.domstavpro.com\/index.php\/wp-json\/wp\/v2\/types\/product"}],"replies":[{"embeddable":true,"href":"https:\/\/www.domstavpro.com\/index.php\/wp-json\/wp\/v2\/comments?post=6729"}],"wp:featuredmedia":[{"embeddable":true,"href":"https:\/\/www.domstavpro.com\/index.php\/wp-json\/wp\/v2\/media\/6829"}],"wp:attachment":[{"href":"https:\/\/www.domstavpro.com\/index.php\/wp-json\/wp\/v2\/media?parent=6729"}],"wp:term":[{"taxonomy":"product_brand","embeddable":true,"href":"https:\/\/www.domstavpro.com\/index.php\/wp-json\/wp\/v2\/product_brand?post=6729"},{"taxonomy":"product_cat","embeddable":true,"href":"https:\/\/www.domstavpro.com\/index.php\/wp-json\/wp\/v2\/product_cat?post=6729"},{"taxonomy":"product_tag","embeddable":true,"href":"https:\/\/www.domstavpro.com\/index.php\/wp-json\/wp\/v2\/product_tag?post=6729"}],"curies":[{"name":"wp","href":"https:\/\/api.w.org\/{rel}","templated":true}]}}