{"id":6720,"date":"2026-04-27T15:08:09","date_gmt":"2026-04-27T15:08:09","guid":{"rendered":""},"modified":"2026-04-27T15:08:09","modified_gmt":"2026-04-27T15:08:09","slug":"sezonni-sleva-scheppach-sg-3500i-invertorova-elektrocentrala-3500-w-6720","status":"publish","type":"product","link":"https:\/\/www.domstavpro.com\/index.php\/produkt\/sezonni-sleva-scheppach-sg-3500i-invertorova-elektrocentrala-3500-w-6720\/","title":{"rendered":"Sez\u00f3nn\u00ed Sleva Scheppach SG 3500i &#8211; invertorov\u00e1 elektrocentr\u00e1la 3500 W"},"content":{"rendered":"<table>\n<div class=\"tab-pane active product-description\" id=\"popis\" role=\"tabpanel\">\n<div class=\"short-description\" itemprop=\"description\"><\/div>\n<div class=\"description\"><span class='bullet-line'>Scheppach SG 3500i je skv\u011ble vybaven\u00fd, modern\u00ed, tich\u00fd a v\u00fdkonn\u00fd zdroj toho nejkvalitn\u011bj\u0161\u00edho proudu, ke kter\u00e9mu m\u016f\u017eete bez obav p\u0159ipojit nejen b\u011b\u017en\u00e9 spot\u0159ebi\u010de, ale i ta nejcitliv\u011bj\u0161\u00ed elektronick\u00e1 za\u0159\u00edzen\u00ed. Invertor je postaven na nejmodern\u011bj\u0161\u00ed technologii. Motor je propojen s altern\u00e1torem, vyr\u00e1b\u011bj\u00edc\u00edm st\u0159\u00eddav\u00fd proud. Ten v\u0161ak, jako u b\u011b\u017en\u00fdch gener\u00e1tor\u016f, nenap\u00e1j\u00ed spot\u0159ebi\u010de p\u0159\u00edmo, ale je nejd\u0159\u00edve p\u0159etransformov\u00e1n na stejnosm\u011brn\u00fd proud a potom je pomoc\u00ed nejmodern\u011bj\u0161\u00ed elektroniky, mikroprocesoru a high-tech magnet\u016f znovu p\u0159eveden na st\u0159\u00eddav\u00fd proud. D\u00edky \u0159\u00edzen\u00e9mu p\u0159evodu je k\u0159ivka tohoto proudu neoby\u010dejn\u011b hladk\u00e1 a pravideln\u00e1 a nem\u016f\u017ee b\u00fdt ovlivn\u011bna t\u0159eba kol\u00eds\u00e1n\u00edm ot\u00e1\u010dek motoru, jako u jin\u00fdch centr\u00e1l. <\/span><span class='bullet-line'>Na takov\u00fd gener\u00e1tor m\u016f\u017eete bez obav p\u0159ipojit nejenom b\u011b\u017en\u00e9 elektrick\u00e9 n\u00e1\u0159ad\u00ed, zdroje sv\u011btla, chlazen\u00ed piva, ale rovn\u011b\u017e ve\u0161ker\u00e9 spot\u0159ebi\u010de, kter\u00e9 obsahuj\u00ed mikroprocesor, citliv\u00fd na kvalitu proudu-telefony, tablety, po\u010d\u00edta\u010de, tisk\u00e1rny, hern\u00ed konzole, modern\u00ed kuchy\u0148sk\u00e1 za\u0159\u00edzen\u00ed apod. <\/span><span class='bullet-line'>Dal\u0161\u00ed u\u017eite\u010dnou vlastnost\u00ed stroje, kter\u00e1 chr\u00e1n\u00ed motor p\u0159ed zni\u010den\u00edm nebo drahou opravou je funkce automatick\u00e9ho vypnut\u00ed v p\u0159\u00edpad\u011b, \u017ee poklesne hladina oleje v motoru pod po\u017eadovanou mez a rovn\u011b\u017e ochrana proti p\u0159et\u00ed\u017een\u00ed. Pokud gener\u00e1tor u\u017e\u00edv\u00e1te v kempu, na lodi, v karavanu nebo na venkovn\u00ed p\u00e1rty, ocen\u00edte velmi n\u00edzkou hlu\u010dnost agreg\u00e1tu, kter\u00e1 pat\u0159\u00ed ke \u0161pi\u010dce. B\u011b\u017en\u00e9 gener\u00e1tory maj\u00ed hlu\u010dnost (p\u0159i standardn\u00edch podm\u00ednk\u00e1ch m\u011b\u0159en\u00ed) kolem 95 dB, gener\u00e1tor Scheppach pouh\u00fdch 66 dB, co\u017e je znateln\u00fd rozd\u00edl. <\/span><span class='bullet-line'>Ne\u017e\u00e1douc\u00ed vibrace jsou rovn\u011b\u017e utlumeny pry\u017eov\u00fdmi botkami. Velk\u00e9 madlo je skv\u011bl\u00e9 p\u0159i p\u0159en\u00e1\u0161en\u00ed a kompaktn\u00ed design uspo\u0159\u00ed spoustu skladovac\u00edho m\u00edsta.<\/span><\/div>\n<div class=\"parameters\">\n<tr>\n<td>Typ motoru<\/td>\n<td>benzinov\u00fd, 1-v\u00e1lec, 4-takt, vzduchem chlazen\u00fd<\/td>\n<\/tr>\n<tr>\n<td>Objem motoru (ccm)<\/td>\n<td>79<\/td>\n<\/tr>\n<tr>\n<td>V\u00fdkon motoru &#8211; maxim\u00e1ln\u00ed (kW\/HP)<\/td>\n<td>2,2 \/ 3<\/td>\n<\/tr>\n<tr>\n<td>Startov\u00e1n\u00ed<\/td>\n<td>ru\u010dn\u00ed<\/td>\n<\/tr>\n<tr>\n<td>Palivo<\/td>\n<td>bezolovnat\u00e9<\/td>\n<\/tr>\n<tr>\n<td>Objem palivov\u00e9 n\u00e1dr\u017ee (l)<\/td>\n<td>4.1<\/td>\n<\/tr>\n<tr>\n<td>Spot\u0159eba paliva (centr\u00e1ly) (l\/hod)<\/td>\n<td>cca 1,07<\/td>\n<\/tr>\n<tr>\n<td>Regulace nap\u00e1jen\u00ed<\/td>\n<td>digit\u00e1ln\u00ed invertor<\/td>\n<\/tr>\n<tr>\n<td>V\u00fdkon (max.\/trval\u00fd)-e-centr\u00e1ly (kW)<\/td>\n<td>2\/1,6<\/td>\n<\/tr>\n<tr>\n<td>V\u00fdstupn\u00ed nap\u011bt\u00ed<\/td>\n<td>2&#215;230 V st\u0159\u00eddav\u00fd, 2x USB port<\/td>\n<\/tr>\n<tr>\n<td>V\u00fdstupn\u00ed frekvence (Hz)<\/td>\n<td>50<\/td>\n<\/tr>\n<tr>\n<td>Jmenovit\u00fd proud<\/td>\n<td>7 A (230 V)<\/td>\n<\/tr>\n<tr>\n<td>Ochrana proti p\u0159et\u00ed\u017een\u00ed<\/td>\n<td>Ano<\/td>\n<\/tr>\n<tr>\n<td>Kontrolka n\u00edzk\u00e9 hladiny oleje<\/td>\n<td>Ano<\/td>\n<\/tr>\n<tr>\n<td>Druh kryt\u00ed<\/td>\n<td>IP 23M<\/td>\n<\/tr>\n<tr>\n<td>Hmotnost (Kg):<\/td>\n<td>22.50<\/td>\n<\/tr>\n<tr>\n<td>Rozm\u011bry (cm):<\/td>\n<td>52 x 27 x 44<\/td>\n<\/tr>\n<tr>\n<td>Rozm\u011bry balen\u00ed (cm):<\/td>\n<td>57 x 32 x 48.5<\/td>\n<\/tr>\n<tr>\n<td>Obj. \u010d.:<\/td>\n<td>5906235903<\/td>\n<\/tr><\/div>\n<\/table>\n","protected":false},"excerpt":{"rendered":"<p>Scheppach SG 3500i je skv\u011ble vybaven\u00fd, modern\u00ed, tich\u00fd a v\u00fdkonn\u00fd zdroj toho nejkvalitn\u011bj\u0161\u00edho proudu, ke kter\u00e9mu m\u016f\u017eete bez obav p\u0159ipojit nejen b\u011b\u017en\u00e9 spot\u0159ebi\u010de, ale i ta nejcitliv\u011bj\u0161\u00ed elektronick\u00e1 za\u0159\u00edzen\u00ed. Invertor je postaven na nejmodern\u011bj\u0161\u00ed technologii. Motor je propojen s altern\u00e1torem, vyr\u00e1b\u011bj\u00edc\u00edm st\u0159\u00eddav\u00fd proud. Ten v\u0161ak, jako u b\u011b\u017en\u00fdch gener\u00e1tor\u016f, nenap\u00e1j\u00ed spot\u0159ebi\u010de p\u0159\u00edmo, ale je nejd\u0159\u00edve [&hellip;]<\/p>\n","protected":false},"featured_media":6820,"comment_status":"open","ping_status":"open","template":"","meta":[],"product_brand":[],"product_cat":[40],"product_tag":[],"class_list":{"0":"post-6720","1":"product","2":"type-product","3":"status-publish","4":"has-post-thumbnail","6":"product_cat-stavebni-technika","8":"first","9":"instock","10":"sale","11":"shipping-taxable","12":"purchasable","13":"product-type-simple"},"yoast_head":"<!-- This site is optimized with the Yoast SEO plugin v26.8 - https:\/\/yoast.com\/product\/yoast-seo-wordpress\/ -->\n<title>Sez\u00f3nn\u00ed Sleva Scheppach SG 3500i - invertorov\u00e1 elektrocentr\u00e1la 3500 W -<\/title>\n<meta name=\"robots\" content=\"index, follow, max-snippet:-1, max-image-preview:large, max-video-preview:-1\" \/>\n<link rel=\"canonical\" href=\"https:\/\/www.domstavpro.com\/index.php\/produkt\/sezonni-sleva-scheppach-sg-3500i-invertorova-elektrocentrala-3500-w-6720\/\" \/>\n<meta property=\"og:locale\" content=\"cs_CZ\" \/>\n<meta property=\"og:type\" content=\"article\" \/>\n<meta property=\"og:title\" content=\"Sez\u00f3nn\u00ed Sleva Scheppach SG 3500i - invertorov\u00e1 elektrocentr\u00e1la 3500 W -\" \/>\n<meta property=\"og:description\" content=\"Scheppach SG 3500i je skv\u011ble vybaven\u00fd, modern\u00ed, tich\u00fd a v\u00fdkonn\u00fd zdroj toho nejkvalitn\u011bj\u0161\u00edho proudu, ke kter\u00e9mu m\u016f\u017eete bez obav p\u0159ipojit nejen b\u011b\u017en\u00e9 spot\u0159ebi\u010de, ale i ta nejcitliv\u011bj\u0161\u00ed elektronick\u00e1 za\u0159\u00edzen\u00ed. Invertor je postaven na nejmodern\u011bj\u0161\u00ed technologii. Motor je propojen s altern\u00e1torem, vyr\u00e1b\u011bj\u00edc\u00edm st\u0159\u00eddav\u00fd proud. Ten v\u0161ak, jako u b\u011b\u017en\u00fdch gener\u00e1tor\u016f, nenap\u00e1j\u00ed spot\u0159ebi\u010de p\u0159\u00edmo, ale je nejd\u0159\u00edve [&hellip;]\" \/>\n<meta property=\"og:url\" content=\"https:\/\/www.domstavpro.com\/index.php\/produkt\/sezonni-sleva-scheppach-sg-3500i-invertorova-elektrocentrala-3500-w-6720\/\" \/>\n<meta property=\"og:image\" content=\"https:\/\/www.domstavpro.com\/wp-content\/uploads\/2026\/SK0029086-CZ20260425-092328-0-1777080210-1253312-1_160113.webp\" \/>\n\t<meta property=\"og:image:width\" content=\"800\" \/>\n\t<meta property=\"og:image:height\" content=\"450\" \/>\n\t<meta property=\"og:image:type\" content=\"image\/webp\" \/>\n<meta name=\"twitter:card\" content=\"summary_large_image\" \/>\n<meta name=\"twitter:label1\" content=\"Odhadovan\u00e1 doba \u010dten\u00ed\" \/>\n\t<meta name=\"twitter:data1\" content=\"2 minuty\" \/>\n<script type=\"application\/ld+json\" class=\"yoast-schema-graph\">{\"@context\":\"https:\/\/schema.org\",\"@graph\":[{\"@type\":\"WebPage\",\"@id\":\"https:\/\/www.domstavpro.com\/index.php\/produkt\/sezonni-sleva-scheppach-sg-3500i-invertorova-elektrocentrala-3500-w-6720\/\",\"url\":\"https:\/\/www.domstavpro.com\/index.php\/produkt\/sezonni-sleva-scheppach-sg-3500i-invertorova-elektrocentrala-3500-w-6720\/\",\"name\":\"Sez\u00f3nn\u00ed Sleva Scheppach SG 3500i - invertorov\u00e1 elektrocentr\u00e1la 3500 W -\",\"isPartOf\":{\"@id\":\"https:\/\/www.domstavpro.com\/#website\"},\"primaryImageOfPage\":{\"@id\":\"https:\/\/www.domstavpro.com\/index.php\/produkt\/sezonni-sleva-scheppach-sg-3500i-invertorova-elektrocentrala-3500-w-6720\/#primaryimage\"},\"image\":{\"@id\":\"https:\/\/www.domstavpro.com\/index.php\/produkt\/sezonni-sleva-scheppach-sg-3500i-invertorova-elektrocentrala-3500-w-6720\/#primaryimage\"},\"thumbnailUrl\":\"https:\/\/www.domstavpro.com\/wp-content\/uploads\/2026\/SK0029086-CZ20260425-092328-0-1777080210-1253312-1_160113.webp\",\"datePublished\":\"2026-04-27T15:08:09+00:00\",\"breadcrumb\":{\"@id\":\"https:\/\/www.domstavpro.com\/index.php\/produkt\/sezonni-sleva-scheppach-sg-3500i-invertorova-elektrocentrala-3500-w-6720\/#breadcrumb\"},\"inLanguage\":\"cs\",\"potentialAction\":[{\"@type\":\"ReadAction\",\"target\":[\"https:\/\/www.domstavpro.com\/index.php\/produkt\/sezonni-sleva-scheppach-sg-3500i-invertorova-elektrocentrala-3500-w-6720\/\"]}]},{\"@type\":\"ImageObject\",\"inLanguage\":\"cs\",\"@id\":\"https:\/\/www.domstavpro.com\/index.php\/produkt\/sezonni-sleva-scheppach-sg-3500i-invertorova-elektrocentrala-3500-w-6720\/#primaryimage\",\"url\":\"https:\/\/www.domstavpro.com\/wp-content\/uploads\/2026\/SK0029086-CZ20260425-092328-0-1777080210-1253312-1_160113.webp\",\"contentUrl\":\"https:\/\/www.domstavpro.com\/wp-content\/uploads\/2026\/SK0029086-CZ20260425-092328-0-1777080210-1253312-1_160113.webp\",\"width\":800,\"height\":450},{\"@type\":\"BreadcrumbList\",\"@id\":\"https:\/\/www.domstavpro.com\/index.php\/produkt\/sezonni-sleva-scheppach-sg-3500i-invertorova-elektrocentrala-3500-w-6720\/#breadcrumb\",\"itemListElement\":[{\"@type\":\"ListItem\",\"position\":1,\"name\":\"Home\",\"item\":\"https:\/\/www.domstavpro.com\/\"},{\"@type\":\"ListItem\",\"position\":2,\"name\":\"Products\",\"item\":\"https:\/\/www.domstavpro.com\/index.php\/products\/\"},{\"@type\":\"ListItem\",\"position\":3,\"name\":\"Sez\u00f3nn\u00ed Sleva Scheppach SG 3500i &#8211; invertorov\u00e1 elektrocentr\u00e1la 3500 W\"}]},{\"@type\":\"WebSite\",\"@id\":\"https:\/\/www.domstavpro.com\/#website\",\"url\":\"https:\/\/www.domstavpro.com\/\",\"name\":\"\",\"description\":\"\",\"potentialAction\":[{\"@type\":\"SearchAction\",\"target\":{\"@type\":\"EntryPoint\",\"urlTemplate\":\"https:\/\/www.domstavpro.com\/?s={search_term_string}\"},\"query-input\":{\"@type\":\"PropertyValueSpecification\",\"valueRequired\":true,\"valueName\":\"search_term_string\"}}],\"inLanguage\":\"cs\"}]}<\/script>\n<!-- \/ Yoast SEO plugin. -->","yoast_head_json":{"title":"Sez\u00f3nn\u00ed Sleva Scheppach SG 3500i - invertorov\u00e1 elektrocentr\u00e1la 3500 W -","robots":{"index":"index","follow":"follow","max-snippet":"max-snippet:-1","max-image-preview":"max-image-preview:large","max-video-preview":"max-video-preview:-1"},"canonical":"https:\/\/www.domstavpro.com\/index.php\/produkt\/sezonni-sleva-scheppach-sg-3500i-invertorova-elektrocentrala-3500-w-6720\/","og_locale":"cs_CZ","og_type":"article","og_title":"Sez\u00f3nn\u00ed Sleva Scheppach SG 3500i - invertorov\u00e1 elektrocentr\u00e1la 3500 W -","og_description":"Scheppach SG 3500i je skv\u011ble vybaven\u00fd, modern\u00ed, tich\u00fd a v\u00fdkonn\u00fd zdroj toho nejkvalitn\u011bj\u0161\u00edho proudu, ke kter\u00e9mu m\u016f\u017eete bez obav p\u0159ipojit nejen b\u011b\u017en\u00e9 spot\u0159ebi\u010de, ale i ta nejcitliv\u011bj\u0161\u00ed elektronick\u00e1 za\u0159\u00edzen\u00ed. Invertor je postaven na nejmodern\u011bj\u0161\u00ed technologii. Motor je propojen s altern\u00e1torem, vyr\u00e1b\u011bj\u00edc\u00edm st\u0159\u00eddav\u00fd proud. Ten v\u0161ak, jako u b\u011b\u017en\u00fdch gener\u00e1tor\u016f, nenap\u00e1j\u00ed spot\u0159ebi\u010de p\u0159\u00edmo, ale je nejd\u0159\u00edve [&hellip;]","og_url":"https:\/\/www.domstavpro.com\/index.php\/produkt\/sezonni-sleva-scheppach-sg-3500i-invertorova-elektrocentrala-3500-w-6720\/","og_image":[{"width":800,"height":450,"url":"https:\/\/www.domstavpro.com\/wp-content\/uploads\/2026\/SK0029086-CZ20260425-092328-0-1777080210-1253312-1_160113.webp","type":"image\/webp"}],"twitter_card":"summary_large_image","twitter_misc":{"Odhadovan\u00e1 doba \u010dten\u00ed":"2 minuty"},"schema":{"@context":"https:\/\/schema.org","@graph":[{"@type":"WebPage","@id":"https:\/\/www.domstavpro.com\/index.php\/produkt\/sezonni-sleva-scheppach-sg-3500i-invertorova-elektrocentrala-3500-w-6720\/","url":"https:\/\/www.domstavpro.com\/index.php\/produkt\/sezonni-sleva-scheppach-sg-3500i-invertorova-elektrocentrala-3500-w-6720\/","name":"Sez\u00f3nn\u00ed Sleva Scheppach SG 3500i - invertorov\u00e1 elektrocentr\u00e1la 3500 W -","isPartOf":{"@id":"https:\/\/www.domstavpro.com\/#website"},"primaryImageOfPage":{"@id":"https:\/\/www.domstavpro.com\/index.php\/produkt\/sezonni-sleva-scheppach-sg-3500i-invertorova-elektrocentrala-3500-w-6720\/#primaryimage"},"image":{"@id":"https:\/\/www.domstavpro.com\/index.php\/produkt\/sezonni-sleva-scheppach-sg-3500i-invertorova-elektrocentrala-3500-w-6720\/#primaryimage"},"thumbnailUrl":"https:\/\/www.domstavpro.com\/wp-content\/uploads\/2026\/SK0029086-CZ20260425-092328-0-1777080210-1253312-1_160113.webp","datePublished":"2026-04-27T15:08:09+00:00","breadcrumb":{"@id":"https:\/\/www.domstavpro.com\/index.php\/produkt\/sezonni-sleva-scheppach-sg-3500i-invertorova-elektrocentrala-3500-w-6720\/#breadcrumb"},"inLanguage":"cs","potentialAction":[{"@type":"ReadAction","target":["https:\/\/www.domstavpro.com\/index.php\/produkt\/sezonni-sleva-scheppach-sg-3500i-invertorova-elektrocentrala-3500-w-6720\/"]}]},{"@type":"ImageObject","inLanguage":"cs","@id":"https:\/\/www.domstavpro.com\/index.php\/produkt\/sezonni-sleva-scheppach-sg-3500i-invertorova-elektrocentrala-3500-w-6720\/#primaryimage","url":"https:\/\/www.domstavpro.com\/wp-content\/uploads\/2026\/SK0029086-CZ20260425-092328-0-1777080210-1253312-1_160113.webp","contentUrl":"https:\/\/www.domstavpro.com\/wp-content\/uploads\/2026\/SK0029086-CZ20260425-092328-0-1777080210-1253312-1_160113.webp","width":800,"height":450},{"@type":"BreadcrumbList","@id":"https:\/\/www.domstavpro.com\/index.php\/produkt\/sezonni-sleva-scheppach-sg-3500i-invertorova-elektrocentrala-3500-w-6720\/#breadcrumb","itemListElement":[{"@type":"ListItem","position":1,"name":"Home","item":"https:\/\/www.domstavpro.com\/"},{"@type":"ListItem","position":2,"name":"Products","item":"https:\/\/www.domstavpro.com\/index.php\/products\/"},{"@type":"ListItem","position":3,"name":"Sez\u00f3nn\u00ed Sleva Scheppach SG 3500i &#8211; invertorov\u00e1 elektrocentr\u00e1la 3500 W"}]},{"@type":"WebSite","@id":"https:\/\/www.domstavpro.com\/#website","url":"https:\/\/www.domstavpro.com\/","name":"","description":"","potentialAction":[{"@type":"SearchAction","target":{"@type":"EntryPoint","urlTemplate":"https:\/\/www.domstavpro.com\/?s={search_term_string}"},"query-input":{"@type":"PropertyValueSpecification","valueRequired":true,"valueName":"search_term_string"}}],"inLanguage":"cs"}]}},"_links":{"self":[{"href":"https:\/\/www.domstavpro.com\/index.php\/wp-json\/wp\/v2\/product\/6720","targetHints":{"allow":["GET"]}}],"collection":[{"href":"https:\/\/www.domstavpro.com\/index.php\/wp-json\/wp\/v2\/product"}],"about":[{"href":"https:\/\/www.domstavpro.com\/index.php\/wp-json\/wp\/v2\/types\/product"}],"replies":[{"embeddable":true,"href":"https:\/\/www.domstavpro.com\/index.php\/wp-json\/wp\/v2\/comments?post=6720"}],"wp:featuredmedia":[{"embeddable":true,"href":"https:\/\/www.domstavpro.com\/index.php\/wp-json\/wp\/v2\/media\/6820"}],"wp:attachment":[{"href":"https:\/\/www.domstavpro.com\/index.php\/wp-json\/wp\/v2\/media?parent=6720"}],"wp:term":[{"taxonomy":"product_brand","embeddable":true,"href":"https:\/\/www.domstavpro.com\/index.php\/wp-json\/wp\/v2\/product_brand?post=6720"},{"taxonomy":"product_cat","embeddable":true,"href":"https:\/\/www.domstavpro.com\/index.php\/wp-json\/wp\/v2\/product_cat?post=6720"},{"taxonomy":"product_tag","embeddable":true,"href":"https:\/\/www.domstavpro.com\/index.php\/wp-json\/wp\/v2\/product_tag?post=6720"}],"curies":[{"name":"wp","href":"https:\/\/api.w.org\/{rel}","templated":true}]}}