{"id":6718,"date":"2026-04-27T15:08:09","date_gmt":"2026-04-27T15:08:09","guid":{"rendered":""},"modified":"2026-04-27T15:08:09","modified_gmt":"2026-04-27T15:08:09","slug":"omezena-nabidka-scheppach-sg-2700-ramova-elektrocentrala-2-200w-s-regulaci-avr-6718","status":"publish","type":"product","link":"https:\/\/www.domstavpro.com\/index.php\/produkt\/omezena-nabidka-scheppach-sg-2700-ramova-elektrocentrala-2-200w-s-regulaci-avr-6718\/","title":{"rendered":"Omezen\u00e1 Nab\u00eddka Scheppach SG 2700 &#8211; R\u00e1mov\u00e1 elektrocentr\u00e1la 2 200W s regulac\u00ed AVR"},"content":{"rendered":"<table>\n<div class=\"tab-pane active product-description\" id=\"popis\" role=\"tabpanel\">\n<div class=\"short-description\" itemprop=\"description\"><\/div>\n<div class=\"description\"><span class='bullet-line'>Existuje mnoho d\u016fvod\u016f, pro\u010d se rozhodnout pro n\u00e1kup elektrocentr\u00e1ly. St\u00e1le existuje mnoho oblast\u00ed, kde proud nen\u00ed k dispozici, jindy hroz\u00ed p\u0159i v\u00fdpadku energie velk\u00e9 hmotn\u00e9 ztr\u00e1ty, lid\u00e9 pot\u0159ebuj\u00ed elekt\u0159inu u sv\u00fdch zahradn\u00edch domk\u016f, chatek, karavan\u016f, lod\u00ed, nezbytn\u00fd je p\u0159\u00edsun energie na stavb\u00e1ch. Trval\u00fd v\u00fdkon 2000 W ji\u017e d\u00e1v\u00e1 u\u017eivateli mo\u017enost nap\u00e1jet nejenom elektrospot\u0159ebi\u010de odporov\u00e9ho typu (\u017e\u00e1rovky, topn\u00e1 t\u011bl\u00edska, k\u00e1vovary ap.), ale i celou \u0161k\u00e1lu elektrospot\u0159ebi\u010d\u016f induk\u010dn\u00edho typu, u kter\u00fdch je nutn\u00e9 po\u010d\u00edtat s v\u011bt\u0161\u00ed v\u00fdkonovou rezervou kv\u016fli rozb\u011bhu a ztr\u00e1t\u00e1m ve vinut\u00ed elektromotoru p\u0159i provozu (ru\u010dn\u00ed el. n\u00e1\u0159ad\u00ed, el. \u010derpadla atd.). <\/span><span class='bullet-line'>Pro kvalitu elektrocentr\u00e1ly je kl\u00ed\u010dov\u00fdm prvkem motor a altern\u00e1tor. Scheppach pou\u017e\u00edv\u00e1 jen certifikovan\u00e9 motory a altern\u00e1tory prov\u011b\u0159en\u00e9 v dlouhodob\u00fdch z\u00e1t\u011b\u017eov\u00fdch testech p\u0159i nep\u0159etr\u017eit\u00e9m provozu. Nav\u00edc jsou elektrocentr\u00e1ly Scheppach vybaveny \u0161pi\u010dkov\u00fdm nap\u00e1jen\u00edm s automatickou regulac\u00ed AVR (Automatic Voltage Regulator), tak\u017ee nepo\u0161kod\u00ed ani spot\u0159ebi\u010de n\u00e1ro\u010dn\u011bj\u0161\u00ed na kvalitu nap\u00e1jec\u00edho proudu.<\/span><span class='bullet-line'>Sou\u010d\u00e1st\u00ed je i voltmetr, ochrana proti p\u0159et\u00ed\u017een\u00ed a signalizace n\u00edzk\u00e9 hladiny oleje. Velk\u00e1 n\u00e1dr\u017e 15 l s ukazatelem paliva dovol\u00ed u\u017eivateli mnohahodinov\u00fd bezstarostn\u00fd provoz, ochrann\u00fd ocelov\u00fd r\u00e1m chr\u00e1n\u00ed centr\u00e1lu p\u0159ed po\u0161kozen\u00edm a p\u0159epravn\u00ed madla v\u00fdrazn\u011b uleh\u010duj\u00ed transport stroje.<\/span><\/div>\n<div class=\"parameters\">\n<tr>\n<td>Typ motoru<\/td>\n<td>benzinov\u00fd, 1-v\u00e1lec, 4-takt, vzduchem chlazen\u00fd<\/td>\n<\/tr>\n<tr>\n<td>Objem motoru (ccm)<\/td>\n<td>196<\/td>\n<\/tr>\n<tr>\n<td>V\u00fdkon motoru &#8211; maxim\u00e1ln\u00ed (kW\/HP)<\/td>\n<td>4,0 \/ 5,4<\/td>\n<\/tr>\n<tr>\n<td>Startov\u00e1n\u00ed<\/td>\n<td>ru\u010dn\u00ed<\/td>\n<\/tr>\n<tr>\n<td>Palivo<\/td>\n<td>bezolovnat\u00e9<\/td>\n<\/tr>\n<tr>\n<td>Objem palivov\u00e9 n\u00e1dr\u017ee (l)<\/td>\n<td>15<\/td>\n<\/tr>\n<tr>\n<td>Objem olejov\u00e9 n\u00e1pln\u011b (l)<\/td>\n<td>0.6<\/td>\n<\/tr>\n<tr>\n<td>Doba provozu na n\u00e1dr\u017e (hod)<\/td>\n<td>a\u017e 13<\/td>\n<\/tr>\n<tr>\n<td>Regulace nap\u00e1jen\u00ed<\/td>\n<td>automatick\u00e1 AVR<\/td>\n<\/tr>\n<tr>\n<td>V\u00fdkon (max.\/trval\u00fd)-e-centr\u00e1ly (kW)<\/td>\n<td>2,2\/2<\/td>\n<\/tr>\n<tr>\n<td>V\u00fdstupn\u00ed nap\u011bt\u00ed<\/td>\n<td>2&#215;230 V, 1&#215;12 V<\/td>\n<\/tr>\n<tr>\n<td>V\u00fdstupn\u00ed frekvence (Hz)<\/td>\n<td>50<\/td>\n<\/tr>\n<tr>\n<td>Ochrana proti p\u0159et\u00ed\u017een\u00ed<\/td>\n<td>Ano<\/td>\n<\/tr>\n<tr>\n<td>Ochrana p\u0159i nedostatku oleje<\/td>\n<td>Ano<\/td>\n<\/tr>\n<tr>\n<td>Voltmetr<\/td>\n<td>Ano<\/td>\n<\/tr>\n<tr>\n<td>T\u0159\u00edda ochrany<\/td>\n<td>IP 23<\/td>\n<\/tr>\n<tr>\n<td>Hmotnost (Kg):<\/td>\n<td>38.00<\/td>\n<\/tr>\n<tr>\n<td>Rozm\u011bry (cm):<\/td>\n<td>59 x 44.5 x 45<\/td>\n<\/tr>\n<tr>\n<td>Rozm\u011bry balen\u00ed (cm):<\/td>\n<td>60.5 x 44.5 x 45<\/td>\n<\/tr>\n<tr>\n<td>Obj. \u010d.:<\/td>\n<td>5906228942<\/td>\n<\/tr><\/div>\n<\/table>\n","protected":false},"excerpt":{"rendered":"<p>Existuje mnoho d\u016fvod\u016f, pro\u010d se rozhodnout pro n\u00e1kup elektrocentr\u00e1ly. St\u00e1le existuje mnoho oblast\u00ed, kde proud nen\u00ed k dispozici, jindy hroz\u00ed p\u0159i v\u00fdpadku energie velk\u00e9 hmotn\u00e9 ztr\u00e1ty, lid\u00e9 pot\u0159ebuj\u00ed elekt\u0159inu u sv\u00fdch zahradn\u00edch domk\u016f, chatek, karavan\u016f, lod\u00ed, nezbytn\u00fd je p\u0159\u00edsun energie na stavb\u00e1ch. Trval\u00fd v\u00fdkon 2000 W ji\u017e d\u00e1v\u00e1 u\u017eivateli mo\u017enost nap\u00e1jet nejenom elektrospot\u0159ebi\u010de odporov\u00e9ho typu [&hellip;]<\/p>\n","protected":false},"featured_media":6818,"comment_status":"open","ping_status":"open","template":"","meta":[],"product_brand":[],"product_cat":[40],"product_tag":[],"class_list":{"0":"post-6718","1":"product","2":"type-product","3":"status-publish","4":"has-post-thumbnail","6":"product_cat-stavebni-technika","8":"first","9":"instock","10":"sale","11":"shipping-taxable","12":"purchasable","13":"product-type-simple"},"yoast_head":"<!-- This site is optimized with the Yoast SEO plugin v26.8 - https:\/\/yoast.com\/product\/yoast-seo-wordpress\/ -->\n<title>Omezen\u00e1 Nab\u00eddka Scheppach SG 2700 - R\u00e1mov\u00e1 elektrocentr\u00e1la 2 200W s regulac\u00ed AVR -<\/title>\n<meta name=\"robots\" content=\"index, follow, max-snippet:-1, max-image-preview:large, max-video-preview:-1\" \/>\n<link rel=\"canonical\" href=\"https:\/\/www.domstavpro.com\/index.php\/produkt\/omezena-nabidka-scheppach-sg-2700-ramova-elektrocentrala-2-200w-s-regulaci-avr-6718\/\" \/>\n<meta property=\"og:locale\" content=\"cs_CZ\" \/>\n<meta property=\"og:type\" content=\"article\" \/>\n<meta property=\"og:title\" content=\"Omezen\u00e1 Nab\u00eddka Scheppach SG 2700 - R\u00e1mov\u00e1 elektrocentr\u00e1la 2 200W s regulac\u00ed AVR -\" \/>\n<meta property=\"og:description\" content=\"Existuje mnoho d\u016fvod\u016f, pro\u010d se rozhodnout pro n\u00e1kup elektrocentr\u00e1ly. St\u00e1le existuje mnoho oblast\u00ed, kde proud nen\u00ed k dispozici, jindy hroz\u00ed p\u0159i v\u00fdpadku energie velk\u00e9 hmotn\u00e9 ztr\u00e1ty, lid\u00e9 pot\u0159ebuj\u00ed elekt\u0159inu u sv\u00fdch zahradn\u00edch domk\u016f, chatek, karavan\u016f, lod\u00ed, nezbytn\u00fd je p\u0159\u00edsun energie na stavb\u00e1ch. Trval\u00fd v\u00fdkon 2000 W ji\u017e d\u00e1v\u00e1 u\u017eivateli mo\u017enost nap\u00e1jet nejenom elektrospot\u0159ebi\u010de odporov\u00e9ho typu [&hellip;]\" \/>\n<meta property=\"og:url\" content=\"https:\/\/www.domstavpro.com\/index.php\/produkt\/omezena-nabidka-scheppach-sg-2700-ramova-elektrocentrala-2-200w-s-regulaci-avr-6718\/\" \/>\n<meta property=\"og:image\" content=\"https:\/\/www.domstavpro.com\/wp-content\/uploads\/2026\/SK0029084-CZ20260425-092328-0-1777080210-1253310-1_160113.webp\" \/>\n\t<meta property=\"og:image:width\" content=\"800\" \/>\n\t<meta property=\"og:image:height\" content=\"800\" \/>\n\t<meta property=\"og:image:type\" content=\"image\/webp\" \/>\n<meta name=\"twitter:card\" content=\"summary_large_image\" \/>\n<meta name=\"twitter:label1\" content=\"Odhadovan\u00e1 doba \u010dten\u00ed\" \/>\n\t<meta name=\"twitter:data1\" content=\"2 minuty\" \/>\n<script type=\"application\/ld+json\" class=\"yoast-schema-graph\">{\"@context\":\"https:\/\/schema.org\",\"@graph\":[{\"@type\":\"WebPage\",\"@id\":\"https:\/\/www.domstavpro.com\/index.php\/produkt\/omezena-nabidka-scheppach-sg-2700-ramova-elektrocentrala-2-200w-s-regulaci-avr-6718\/\",\"url\":\"https:\/\/www.domstavpro.com\/index.php\/produkt\/omezena-nabidka-scheppach-sg-2700-ramova-elektrocentrala-2-200w-s-regulaci-avr-6718\/\",\"name\":\"Omezen\u00e1 Nab\u00eddka Scheppach SG 2700 - R\u00e1mov\u00e1 elektrocentr\u00e1la 2 200W s regulac\u00ed AVR -\",\"isPartOf\":{\"@id\":\"https:\/\/www.domstavpro.com\/#website\"},\"primaryImageOfPage\":{\"@id\":\"https:\/\/www.domstavpro.com\/index.php\/produkt\/omezena-nabidka-scheppach-sg-2700-ramova-elektrocentrala-2-200w-s-regulaci-avr-6718\/#primaryimage\"},\"image\":{\"@id\":\"https:\/\/www.domstavpro.com\/index.php\/produkt\/omezena-nabidka-scheppach-sg-2700-ramova-elektrocentrala-2-200w-s-regulaci-avr-6718\/#primaryimage\"},\"thumbnailUrl\":\"https:\/\/www.domstavpro.com\/wp-content\/uploads\/2026\/SK0029084-CZ20260425-092328-0-1777080210-1253310-1_160113.webp\",\"datePublished\":\"2026-04-27T15:08:09+00:00\",\"breadcrumb\":{\"@id\":\"https:\/\/www.domstavpro.com\/index.php\/produkt\/omezena-nabidka-scheppach-sg-2700-ramova-elektrocentrala-2-200w-s-regulaci-avr-6718\/#breadcrumb\"},\"inLanguage\":\"cs\",\"potentialAction\":[{\"@type\":\"ReadAction\",\"target\":[\"https:\/\/www.domstavpro.com\/index.php\/produkt\/omezena-nabidka-scheppach-sg-2700-ramova-elektrocentrala-2-200w-s-regulaci-avr-6718\/\"]}]},{\"@type\":\"ImageObject\",\"inLanguage\":\"cs\",\"@id\":\"https:\/\/www.domstavpro.com\/index.php\/produkt\/omezena-nabidka-scheppach-sg-2700-ramova-elektrocentrala-2-200w-s-regulaci-avr-6718\/#primaryimage\",\"url\":\"https:\/\/www.domstavpro.com\/wp-content\/uploads\/2026\/SK0029084-CZ20260425-092328-0-1777080210-1253310-1_160113.webp\",\"contentUrl\":\"https:\/\/www.domstavpro.com\/wp-content\/uploads\/2026\/SK0029084-CZ20260425-092328-0-1777080210-1253310-1_160113.webp\",\"width\":800,\"height\":800},{\"@type\":\"BreadcrumbList\",\"@id\":\"https:\/\/www.domstavpro.com\/index.php\/produkt\/omezena-nabidka-scheppach-sg-2700-ramova-elektrocentrala-2-200w-s-regulaci-avr-6718\/#breadcrumb\",\"itemListElement\":[{\"@type\":\"ListItem\",\"position\":1,\"name\":\"Home\",\"item\":\"https:\/\/www.domstavpro.com\/\"},{\"@type\":\"ListItem\",\"position\":2,\"name\":\"Products\",\"item\":\"https:\/\/www.domstavpro.com\/index.php\/products\/\"},{\"@type\":\"ListItem\",\"position\":3,\"name\":\"Omezen\u00e1 Nab\u00eddka Scheppach SG 2700 &#8211; R\u00e1mov\u00e1 elektrocentr\u00e1la 2 200W s regulac\u00ed AVR\"}]},{\"@type\":\"WebSite\",\"@id\":\"https:\/\/www.domstavpro.com\/#website\",\"url\":\"https:\/\/www.domstavpro.com\/\",\"name\":\"\",\"description\":\"\",\"potentialAction\":[{\"@type\":\"SearchAction\",\"target\":{\"@type\":\"EntryPoint\",\"urlTemplate\":\"https:\/\/www.domstavpro.com\/?s={search_term_string}\"},\"query-input\":{\"@type\":\"PropertyValueSpecification\",\"valueRequired\":true,\"valueName\":\"search_term_string\"}}],\"inLanguage\":\"cs\"}]}<\/script>\n<!-- \/ Yoast SEO plugin. -->","yoast_head_json":{"title":"Omezen\u00e1 Nab\u00eddka Scheppach SG 2700 - R\u00e1mov\u00e1 elektrocentr\u00e1la 2 200W s regulac\u00ed AVR -","robots":{"index":"index","follow":"follow","max-snippet":"max-snippet:-1","max-image-preview":"max-image-preview:large","max-video-preview":"max-video-preview:-1"},"canonical":"https:\/\/www.domstavpro.com\/index.php\/produkt\/omezena-nabidka-scheppach-sg-2700-ramova-elektrocentrala-2-200w-s-regulaci-avr-6718\/","og_locale":"cs_CZ","og_type":"article","og_title":"Omezen\u00e1 Nab\u00eddka Scheppach SG 2700 - R\u00e1mov\u00e1 elektrocentr\u00e1la 2 200W s regulac\u00ed AVR -","og_description":"Existuje mnoho d\u016fvod\u016f, pro\u010d se rozhodnout pro n\u00e1kup elektrocentr\u00e1ly. St\u00e1le existuje mnoho oblast\u00ed, kde proud nen\u00ed k dispozici, jindy hroz\u00ed p\u0159i v\u00fdpadku energie velk\u00e9 hmotn\u00e9 ztr\u00e1ty, lid\u00e9 pot\u0159ebuj\u00ed elekt\u0159inu u sv\u00fdch zahradn\u00edch domk\u016f, chatek, karavan\u016f, lod\u00ed, nezbytn\u00fd je p\u0159\u00edsun energie na stavb\u00e1ch. Trval\u00fd v\u00fdkon 2000 W ji\u017e d\u00e1v\u00e1 u\u017eivateli mo\u017enost nap\u00e1jet nejenom elektrospot\u0159ebi\u010de odporov\u00e9ho typu [&hellip;]","og_url":"https:\/\/www.domstavpro.com\/index.php\/produkt\/omezena-nabidka-scheppach-sg-2700-ramova-elektrocentrala-2-200w-s-regulaci-avr-6718\/","og_image":[{"width":800,"height":800,"url":"https:\/\/www.domstavpro.com\/wp-content\/uploads\/2026\/SK0029084-CZ20260425-092328-0-1777080210-1253310-1_160113.webp","type":"image\/webp"}],"twitter_card":"summary_large_image","twitter_misc":{"Odhadovan\u00e1 doba \u010dten\u00ed":"2 minuty"},"schema":{"@context":"https:\/\/schema.org","@graph":[{"@type":"WebPage","@id":"https:\/\/www.domstavpro.com\/index.php\/produkt\/omezena-nabidka-scheppach-sg-2700-ramova-elektrocentrala-2-200w-s-regulaci-avr-6718\/","url":"https:\/\/www.domstavpro.com\/index.php\/produkt\/omezena-nabidka-scheppach-sg-2700-ramova-elektrocentrala-2-200w-s-regulaci-avr-6718\/","name":"Omezen\u00e1 Nab\u00eddka Scheppach SG 2700 - R\u00e1mov\u00e1 elektrocentr\u00e1la 2 200W s regulac\u00ed AVR -","isPartOf":{"@id":"https:\/\/www.domstavpro.com\/#website"},"primaryImageOfPage":{"@id":"https:\/\/www.domstavpro.com\/index.php\/produkt\/omezena-nabidka-scheppach-sg-2700-ramova-elektrocentrala-2-200w-s-regulaci-avr-6718\/#primaryimage"},"image":{"@id":"https:\/\/www.domstavpro.com\/index.php\/produkt\/omezena-nabidka-scheppach-sg-2700-ramova-elektrocentrala-2-200w-s-regulaci-avr-6718\/#primaryimage"},"thumbnailUrl":"https:\/\/www.domstavpro.com\/wp-content\/uploads\/2026\/SK0029084-CZ20260425-092328-0-1777080210-1253310-1_160113.webp","datePublished":"2026-04-27T15:08:09+00:00","breadcrumb":{"@id":"https:\/\/www.domstavpro.com\/index.php\/produkt\/omezena-nabidka-scheppach-sg-2700-ramova-elektrocentrala-2-200w-s-regulaci-avr-6718\/#breadcrumb"},"inLanguage":"cs","potentialAction":[{"@type":"ReadAction","target":["https:\/\/www.domstavpro.com\/index.php\/produkt\/omezena-nabidka-scheppach-sg-2700-ramova-elektrocentrala-2-200w-s-regulaci-avr-6718\/"]}]},{"@type":"ImageObject","inLanguage":"cs","@id":"https:\/\/www.domstavpro.com\/index.php\/produkt\/omezena-nabidka-scheppach-sg-2700-ramova-elektrocentrala-2-200w-s-regulaci-avr-6718\/#primaryimage","url":"https:\/\/www.domstavpro.com\/wp-content\/uploads\/2026\/SK0029084-CZ20260425-092328-0-1777080210-1253310-1_160113.webp","contentUrl":"https:\/\/www.domstavpro.com\/wp-content\/uploads\/2026\/SK0029084-CZ20260425-092328-0-1777080210-1253310-1_160113.webp","width":800,"height":800},{"@type":"BreadcrumbList","@id":"https:\/\/www.domstavpro.com\/index.php\/produkt\/omezena-nabidka-scheppach-sg-2700-ramova-elektrocentrala-2-200w-s-regulaci-avr-6718\/#breadcrumb","itemListElement":[{"@type":"ListItem","position":1,"name":"Home","item":"https:\/\/www.domstavpro.com\/"},{"@type":"ListItem","position":2,"name":"Products","item":"https:\/\/www.domstavpro.com\/index.php\/products\/"},{"@type":"ListItem","position":3,"name":"Omezen\u00e1 Nab\u00eddka Scheppach SG 2700 &#8211; R\u00e1mov\u00e1 elektrocentr\u00e1la 2 200W s regulac\u00ed AVR"}]},{"@type":"WebSite","@id":"https:\/\/www.domstavpro.com\/#website","url":"https:\/\/www.domstavpro.com\/","name":"","description":"","potentialAction":[{"@type":"SearchAction","target":{"@type":"EntryPoint","urlTemplate":"https:\/\/www.domstavpro.com\/?s={search_term_string}"},"query-input":{"@type":"PropertyValueSpecification","valueRequired":true,"valueName":"search_term_string"}}],"inLanguage":"cs"}]}},"_links":{"self":[{"href":"https:\/\/www.domstavpro.com\/index.php\/wp-json\/wp\/v2\/product\/6718","targetHints":{"allow":["GET"]}}],"collection":[{"href":"https:\/\/www.domstavpro.com\/index.php\/wp-json\/wp\/v2\/product"}],"about":[{"href":"https:\/\/www.domstavpro.com\/index.php\/wp-json\/wp\/v2\/types\/product"}],"replies":[{"embeddable":true,"href":"https:\/\/www.domstavpro.com\/index.php\/wp-json\/wp\/v2\/comments?post=6718"}],"wp:featuredmedia":[{"embeddable":true,"href":"https:\/\/www.domstavpro.com\/index.php\/wp-json\/wp\/v2\/media\/6818"}],"wp:attachment":[{"href":"https:\/\/www.domstavpro.com\/index.php\/wp-json\/wp\/v2\/media?parent=6718"}],"wp:term":[{"taxonomy":"product_brand","embeddable":true,"href":"https:\/\/www.domstavpro.com\/index.php\/wp-json\/wp\/v2\/product_brand?post=6718"},{"taxonomy":"product_cat","embeddable":true,"href":"https:\/\/www.domstavpro.com\/index.php\/wp-json\/wp\/v2\/product_cat?post=6718"},{"taxonomy":"product_tag","embeddable":true,"href":"https:\/\/www.domstavpro.com\/index.php\/wp-json\/wp\/v2\/product_tag?post=6718"}],"curies":[{"name":"wp","href":"https:\/\/api.w.org\/{rel}","templated":true}]}}