{"id":6700,"date":"2026-04-27T15:08:09","date_gmt":"2026-04-27T15:08:09","guid":{"rendered":""},"modified":"2026-04-27T15:08:09","modified_gmt":"2026-04-27T15:08:09","slug":"omezena-nabidka-scheppach-redukce-sada-6700","status":"publish","type":"product","link":"https:\/\/www.domstavpro.com\/index.php\/produkt\/omezena-nabidka-scheppach-redukce-sada-6700\/","title":{"rendered":"Omezen\u00e1 Nab\u00eddka Scheppach redukce (sada)"},"content":{"rendered":"<table>\n<div class=\"tab-pane active product-description\" id=\"popis\" role=\"tabpanel\">\n<div class=\"short-description\" itemprop=\"description\"><\/div>\n<div class=\"description\"><span class='bullet-line'>Hod\u00ed se pro odsava\u010d DC 04, DC 12, HD 12, ha 1600<\/span><span class='bullet-line'>4-d\u00edln\u00e1 sada redukc\u00ed pro sac\u00ed hadici.<\/span><\/div>\n<div class=\"parameters\">\n<tr>\n<td>Adapt\u00e9r 1:<\/td>\n<td>\u00d8 A 97,2 mm \/ I 93,2 mm \/ I 63 mm, d\u00e9lka 70 mm<\/td>\n<\/tr>\n<tr>\n<td>Adapt\u00e9r 2:<\/td>\n<td>\u00d8 A 62 mm \/ I 58 mm \/ I 40,5 mm, d\u00e9lka 60 mm<\/td>\n<\/tr>\n<tr>\n<td>Adapt\u00e9r 3:<\/td>\n<td>\u00d8 A 39,4 mm \/ I 37 mm \/ A 39,4 mm \/ I 37 mm, d\u00e9lka 50 mm<\/td>\n<\/tr>\n<tr>\n<td>Adapt\u00e9r 4:<\/td>\n<td>\u00d8 A 34 mm \/ I 28,5 mm \/ A 34 mm \/ I 28,5 mm, d\u00e9lka 43 mm<\/td>\n<\/tr><\/div>\n<\/table>\n","protected":false},"excerpt":{"rendered":"<p>Hod\u00ed se pro odsava\u010d DC 04, DC 12, HD 12, ha 16004-d\u00edln\u00e1 sada redukc\u00ed pro sac\u00ed hadici. Adapt\u00e9r 1: \u00d8 A 97,2 mm \/ I 93,2 mm \/ I 63 mm, d\u00e9lka 70 mm Adapt\u00e9r 2: \u00d8 A 62 mm \/ I 58 mm \/ I 40,5 mm, d\u00e9lka 60 mm Adapt\u00e9r 3: \u00d8 A [&hellip;]<\/p>\n","protected":false},"featured_media":6800,"comment_status":"open","ping_status":"open","template":"","meta":[],"product_brand":[],"product_cat":[40],"product_tag":[],"class_list":{"0":"post-6700","1":"product","2":"type-product","3":"status-publish","4":"has-post-thumbnail","6":"product_cat-stavebni-technika","8":"first","9":"instock","10":"sale","11":"shipping-taxable","12":"purchasable","13":"product-type-simple"},"yoast_head":"<!-- This site is optimized with the Yoast SEO plugin v26.8 - https:\/\/yoast.com\/product\/yoast-seo-wordpress\/ -->\n<title>Omezen\u00e1 Nab\u00eddka Scheppach redukce (sada) -<\/title>\n<meta name=\"robots\" content=\"index, follow, max-snippet:-1, max-image-preview:large, max-video-preview:-1\" \/>\n<link rel=\"canonical\" href=\"https:\/\/www.domstavpro.com\/index.php\/produkt\/omezena-nabidka-scheppach-redukce-sada-6700\/\" \/>\n<meta property=\"og:locale\" content=\"cs_CZ\" \/>\n<meta property=\"og:type\" content=\"article\" \/>\n<meta property=\"og:title\" content=\"Omezen\u00e1 Nab\u00eddka Scheppach redukce (sada) -\" \/>\n<meta property=\"og:description\" content=\"Hod\u00ed se pro odsava\u010d DC 04, DC 12, HD 12, ha 16004-d\u00edln\u00e1 sada redukc\u00ed pro sac\u00ed hadici. Adapt\u00e9r 1: \u00d8 A 97,2 mm \/ I 93,2 mm \/ I 63 mm, d\u00e9lka 70 mm Adapt\u00e9r 2: \u00d8 A 62 mm \/ I 58 mm \/ I 40,5 mm, d\u00e9lka 60 mm Adapt\u00e9r 3: \u00d8 A [&hellip;]\" \/>\n<meta property=\"og:url\" content=\"https:\/\/www.domstavpro.com\/index.php\/produkt\/omezena-nabidka-scheppach-redukce-sada-6700\/\" \/>\n<meta property=\"og:image\" content=\"https:\/\/www.domstavpro.com\/wp-content\/uploads\/2026\/SK0029066-CZ20260425-092328-0-1777080210-1253289-1_165712.webp\" \/>\n\t<meta property=\"og:image:width\" content=\"943\" \/>\n\t<meta property=\"og:image:height\" content=\"709\" \/>\n\t<meta property=\"og:image:type\" content=\"image\/webp\" \/>\n<meta name=\"twitter:card\" content=\"summary_large_image\" \/>\n<script type=\"application\/ld+json\" class=\"yoast-schema-graph\">{\"@context\":\"https:\/\/schema.org\",\"@graph\":[{\"@type\":\"WebPage\",\"@id\":\"https:\/\/www.domstavpro.com\/index.php\/produkt\/omezena-nabidka-scheppach-redukce-sada-6700\/\",\"url\":\"https:\/\/www.domstavpro.com\/index.php\/produkt\/omezena-nabidka-scheppach-redukce-sada-6700\/\",\"name\":\"Omezen\u00e1 Nab\u00eddka Scheppach redukce (sada) -\",\"isPartOf\":{\"@id\":\"https:\/\/www.domstavpro.com\/#website\"},\"primaryImageOfPage\":{\"@id\":\"https:\/\/www.domstavpro.com\/index.php\/produkt\/omezena-nabidka-scheppach-redukce-sada-6700\/#primaryimage\"},\"image\":{\"@id\":\"https:\/\/www.domstavpro.com\/index.php\/produkt\/omezena-nabidka-scheppach-redukce-sada-6700\/#primaryimage\"},\"thumbnailUrl\":\"https:\/\/www.domstavpro.com\/wp-content\/uploads\/2026\/SK0029066-CZ20260425-092328-0-1777080210-1253289-1_165712.webp\",\"datePublished\":\"2026-04-27T15:08:09+00:00\",\"breadcrumb\":{\"@id\":\"https:\/\/www.domstavpro.com\/index.php\/produkt\/omezena-nabidka-scheppach-redukce-sada-6700\/#breadcrumb\"},\"inLanguage\":\"cs\",\"potentialAction\":[{\"@type\":\"ReadAction\",\"target\":[\"https:\/\/www.domstavpro.com\/index.php\/produkt\/omezena-nabidka-scheppach-redukce-sada-6700\/\"]}]},{\"@type\":\"ImageObject\",\"inLanguage\":\"cs\",\"@id\":\"https:\/\/www.domstavpro.com\/index.php\/produkt\/omezena-nabidka-scheppach-redukce-sada-6700\/#primaryimage\",\"url\":\"https:\/\/www.domstavpro.com\/wp-content\/uploads\/2026\/SK0029066-CZ20260425-092328-0-1777080210-1253289-1_165712.webp\",\"contentUrl\":\"https:\/\/www.domstavpro.com\/wp-content\/uploads\/2026\/SK0029066-CZ20260425-092328-0-1777080210-1253289-1_165712.webp\",\"width\":943,\"height\":709},{\"@type\":\"BreadcrumbList\",\"@id\":\"https:\/\/www.domstavpro.com\/index.php\/produkt\/omezena-nabidka-scheppach-redukce-sada-6700\/#breadcrumb\",\"itemListElement\":[{\"@type\":\"ListItem\",\"position\":1,\"name\":\"Home\",\"item\":\"https:\/\/www.domstavpro.com\/\"},{\"@type\":\"ListItem\",\"position\":2,\"name\":\"Products\",\"item\":\"https:\/\/www.domstavpro.com\/index.php\/products\/\"},{\"@type\":\"ListItem\",\"position\":3,\"name\":\"Omezen\u00e1 Nab\u00eddka Scheppach redukce (sada)\"}]},{\"@type\":\"WebSite\",\"@id\":\"https:\/\/www.domstavpro.com\/#website\",\"url\":\"https:\/\/www.domstavpro.com\/\",\"name\":\"\",\"description\":\"\",\"potentialAction\":[{\"@type\":\"SearchAction\",\"target\":{\"@type\":\"EntryPoint\",\"urlTemplate\":\"https:\/\/www.domstavpro.com\/?s={search_term_string}\"},\"query-input\":{\"@type\":\"PropertyValueSpecification\",\"valueRequired\":true,\"valueName\":\"search_term_string\"}}],\"inLanguage\":\"cs\"}]}<\/script>\n<!-- \/ Yoast SEO plugin. -->","yoast_head_json":{"title":"Omezen\u00e1 Nab\u00eddka Scheppach redukce (sada) -","robots":{"index":"index","follow":"follow","max-snippet":"max-snippet:-1","max-image-preview":"max-image-preview:large","max-video-preview":"max-video-preview:-1"},"canonical":"https:\/\/www.domstavpro.com\/index.php\/produkt\/omezena-nabidka-scheppach-redukce-sada-6700\/","og_locale":"cs_CZ","og_type":"article","og_title":"Omezen\u00e1 Nab\u00eddka Scheppach redukce (sada) -","og_description":"Hod\u00ed se pro odsava\u010d DC 04, DC 12, HD 12, ha 16004-d\u00edln\u00e1 sada redukc\u00ed pro sac\u00ed hadici. Adapt\u00e9r 1: \u00d8 A 97,2 mm \/ I 93,2 mm \/ I 63 mm, d\u00e9lka 70 mm Adapt\u00e9r 2: \u00d8 A 62 mm \/ I 58 mm \/ I 40,5 mm, d\u00e9lka 60 mm Adapt\u00e9r 3: \u00d8 A [&hellip;]","og_url":"https:\/\/www.domstavpro.com\/index.php\/produkt\/omezena-nabidka-scheppach-redukce-sada-6700\/","og_image":[{"width":943,"height":709,"url":"https:\/\/www.domstavpro.com\/wp-content\/uploads\/2026\/SK0029066-CZ20260425-092328-0-1777080210-1253289-1_165712.webp","type":"image\/webp"}],"twitter_card":"summary_large_image","schema":{"@context":"https:\/\/schema.org","@graph":[{"@type":"WebPage","@id":"https:\/\/www.domstavpro.com\/index.php\/produkt\/omezena-nabidka-scheppach-redukce-sada-6700\/","url":"https:\/\/www.domstavpro.com\/index.php\/produkt\/omezena-nabidka-scheppach-redukce-sada-6700\/","name":"Omezen\u00e1 Nab\u00eddka Scheppach redukce (sada) -","isPartOf":{"@id":"https:\/\/www.domstavpro.com\/#website"},"primaryImageOfPage":{"@id":"https:\/\/www.domstavpro.com\/index.php\/produkt\/omezena-nabidka-scheppach-redukce-sada-6700\/#primaryimage"},"image":{"@id":"https:\/\/www.domstavpro.com\/index.php\/produkt\/omezena-nabidka-scheppach-redukce-sada-6700\/#primaryimage"},"thumbnailUrl":"https:\/\/www.domstavpro.com\/wp-content\/uploads\/2026\/SK0029066-CZ20260425-092328-0-1777080210-1253289-1_165712.webp","datePublished":"2026-04-27T15:08:09+00:00","breadcrumb":{"@id":"https:\/\/www.domstavpro.com\/index.php\/produkt\/omezena-nabidka-scheppach-redukce-sada-6700\/#breadcrumb"},"inLanguage":"cs","potentialAction":[{"@type":"ReadAction","target":["https:\/\/www.domstavpro.com\/index.php\/produkt\/omezena-nabidka-scheppach-redukce-sada-6700\/"]}]},{"@type":"ImageObject","inLanguage":"cs","@id":"https:\/\/www.domstavpro.com\/index.php\/produkt\/omezena-nabidka-scheppach-redukce-sada-6700\/#primaryimage","url":"https:\/\/www.domstavpro.com\/wp-content\/uploads\/2026\/SK0029066-CZ20260425-092328-0-1777080210-1253289-1_165712.webp","contentUrl":"https:\/\/www.domstavpro.com\/wp-content\/uploads\/2026\/SK0029066-CZ20260425-092328-0-1777080210-1253289-1_165712.webp","width":943,"height":709},{"@type":"BreadcrumbList","@id":"https:\/\/www.domstavpro.com\/index.php\/produkt\/omezena-nabidka-scheppach-redukce-sada-6700\/#breadcrumb","itemListElement":[{"@type":"ListItem","position":1,"name":"Home","item":"https:\/\/www.domstavpro.com\/"},{"@type":"ListItem","position":2,"name":"Products","item":"https:\/\/www.domstavpro.com\/index.php\/products\/"},{"@type":"ListItem","position":3,"name":"Omezen\u00e1 Nab\u00eddka Scheppach redukce (sada)"}]},{"@type":"WebSite","@id":"https:\/\/www.domstavpro.com\/#website","url":"https:\/\/www.domstavpro.com\/","name":"","description":"","potentialAction":[{"@type":"SearchAction","target":{"@type":"EntryPoint","urlTemplate":"https:\/\/www.domstavpro.com\/?s={search_term_string}"},"query-input":{"@type":"PropertyValueSpecification","valueRequired":true,"valueName":"search_term_string"}}],"inLanguage":"cs"}]}},"_links":{"self":[{"href":"https:\/\/www.domstavpro.com\/index.php\/wp-json\/wp\/v2\/product\/6700","targetHints":{"allow":["GET"]}}],"collection":[{"href":"https:\/\/www.domstavpro.com\/index.php\/wp-json\/wp\/v2\/product"}],"about":[{"href":"https:\/\/www.domstavpro.com\/index.php\/wp-json\/wp\/v2\/types\/product"}],"replies":[{"embeddable":true,"href":"https:\/\/www.domstavpro.com\/index.php\/wp-json\/wp\/v2\/comments?post=6700"}],"wp:featuredmedia":[{"embeddable":true,"href":"https:\/\/www.domstavpro.com\/index.php\/wp-json\/wp\/v2\/media\/6800"}],"wp:attachment":[{"href":"https:\/\/www.domstavpro.com\/index.php\/wp-json\/wp\/v2\/media?parent=6700"}],"wp:term":[{"taxonomy":"product_brand","embeddable":true,"href":"https:\/\/www.domstavpro.com\/index.php\/wp-json\/wp\/v2\/product_brand?post=6700"},{"taxonomy":"product_cat","embeddable":true,"href":"https:\/\/www.domstavpro.com\/index.php\/wp-json\/wp\/v2\/product_cat?post=6700"},{"taxonomy":"product_tag","embeddable":true,"href":"https:\/\/www.domstavpro.com\/index.php\/wp-json\/wp\/v2\/product_tag?post=6700"}],"curies":[{"name":"wp","href":"https:\/\/api.w.org\/{rel}","templated":true}]}}